{"id":12112,"date":"2021-11-12T18:33:28","date_gmt":"2021-11-12T10:33:28","guid":{"rendered":"https:\/\/www.agriculture-machine.com\/?p=12112"},"modified":"2024-09-23T11:23:30","modified_gmt":"2024-09-23T03:23:30","slug":"gasoline-self-propelled-vegetable-planter-six-row-push-seeder-wholesale-gasoline-vegetable-seeder","status":"publish","type":"product","link":"https:\/\/www.agriculture-machine.com\/fr\/gasoline-self-propelled-vegetable-planter-six-row-push-seeder-wholesale-gasoline-vegetable-seeder\/","title":{"rendered":"Planteuse \u00e0 six rangs autopropuls\u00e9e \u00e0 essence"},"content":{"rendered":"<p><\/p>    <p>Avec le d\u00e9veloppement de la culture mara\u00eech\u00e8re \u00e0 grande \u00e9chelle, de nombreux agriculteurs cultivent diverses l\u00e9gumes dans les plaines, collines, et serres. Par cons\u00e9quent, ils utilisent largement des planteuses \u00e0 l\u00e9gumes autopropuls\u00e9es. <\/p>    <p>La planteuse \u00e0 l\u00e9gumes autopropuls\u00e9e convient pour les plaines, collines, vergers, serres, champs de l\u00e9gumes, terres s\u00e8ches, et zones montagneuses. Et cette machine peut planter une vari\u00e9t\u00e9 de l\u00e9gumes, tels que chou, carottes, radis, \u00e9pinards, laitue, c\u00e9leri, etc. De plus, la machine poss\u00e8de une traction \u00e9lectrique, un travail l\u00e9ger, et permet d'\u00e9conomiser de la main-d'\u0153uvre. La structure de la machine est simple et facile \u00e0 utiliser. Elle est \u00e9galement compacte et peu encombrante. La qualit\u00e9 du semis est bonne, et la technologie de semis r\u00e9pond aux normes agronomiques.<\/p>    <h2 class=\"wp-block-heading\" id=\"h-introduction-of-the-self-propelled-vegetable-planter\">Introduction de la planteuse \u00e0 l\u00e9gumes autopropuls\u00e9e<\/h2>    <p>La planteuse \u00e0 l\u00e9gumes autopropuls\u00e9e convient pour des op\u00e9rations en grande surface. Et cette machine peut r\u00e9aliser le creusement, le semis, la couverture du sol et la pression de rupture en une seule fois. La machine a sa propre puissance, une op\u00e9ration manuelle facile, et une haute efficacit\u00e9. La roue de semis en mat\u00e9riau sp\u00e9cial de la machine peut d\u00e9poser les graines avec pr\u00e9cision et le taux de chute est de 100 %. Les deux c\u00f4t\u00e9s de la machine ont des roues en caoutchouc mobiles, ce qui facilite le d\u00e9placement de la planteuse dans l'entrep\u00f4t lorsqu'elle n'est pas en fonctionnement.<\/p>    <figure class=\"wp-block-image size-large\"><img loading=\"lazy\" decoding=\"async\" width=\"720\" height=\"540\" src=\"https:\/\/www.agriculture-machine.com\/wp-content\/uploads\/2021\/11\/\u5fae\u4fe1\u56fe\u7247_20201228103823-720x540.jpg?v=1636712471\" alt=\"\" class=\"wp-image-12116\" srcset=\"https:\/\/www.agriculture-machine.com\/wp-content\/uploads\/2021\/11\/\u5fae\u4fe1\u56fe\u7247_20201228103823-720x540.jpg 720w, https:\/\/www.agriculture-machine.com\/wp-content\/uploads\/2021\/11\/\u5fae\u4fe1\u56fe\u7247_20201228103823-360x270.jpg 360w, https:\/\/www.agriculture-machine.com\/wp-content\/uploads\/2021\/11\/\u5fae\u4fe1\u56fe\u7247_20201228103823-240x180.jpg 240w, https:\/\/www.agriculture-machine.com\/wp-content\/uploads\/2021\/11\/\u5fae\u4fe1\u56fe\u7247_20201228103823-768x576.jpg 768w, https:\/\/www.agriculture-machine.com\/wp-content\/uploads\/2021\/11\/\u5fae\u4fe1\u56fe\u7247_20201228103823.jpg 1440w\" sizes=\"auto, (max-width: 720px) 100vw, 720px\" \/><figcaption><br>Semoir manuel \u00e0 6 rangs \u00e0 essence pour l\u00e9gumes<\/figcaption><\/figure>    <h2 class=\"wp-block-heading\">Champs applicables de la semeuse \u00e0 l\u00e9gumes \u00e0 six rangs<\/h2>    <h3 class=\"wp-block-heading\"><strong>Terrain appropri\u00e9<\/strong><\/h3>    <p>montagnes, collines, serres, vergers, champs de l\u00e9gumes, terres s\u00e8ches, etc.<\/p>    <h3 class=\"wp-block-heading\"><strong>Champ d'application de la planteuse \u00e0 l\u00e9gumes autopropuls\u00e9e<\/strong><\/h3>    <p>Betteraves, Kale, Brocoli, Moutarde, C\u00e9leri, Amarante, Bok choy, Roquette, Yu Choi, Chou ta\u00efwanais, \u00c9pinards, Blettes, Oignons verts, Poireaux, Coriandre, Kan Kong, Chou Napa, Carottes, Radis, Navet, etc.<\/p>    <h3 class=\"wp-block-heading\"><strong>Champs applicables<\/strong><\/h3>    <p>agriculture, semis agricoles.<\/p>    <h2 class=\"wp-block-heading\">La structure de la semeuse \u00e0 six rangs<\/h2>    <p>La machine comprend le cadre principal, le dispositif de conduite, le dispositif de creusement, et le dispositif de semis.<\/p>    <p>1. Le cadre principal comprend le ch\u00e2ssis, la roue motrice avant, la roue motrice arri\u00e8re, la bo\u00eete lat\u00e9rale gauche, la bo\u00eete lat\u00e9rale droite, la plaque inf\u00e9rieure, le cadre de levage, la barre de garde avant, et l\u2019accoudoir.<\/p>    <p>2. La plaque inf\u00e9rieure maintient le dispositif de conduite.<\/p>    <p>3. Le cadre de levage poss\u00e8de un dispositif de semis reli\u00e9 aux bo\u00eetes lat\u00e9rales gauche et droite par des charni\u00e8res.<\/p>    <p>4. \u00c0 la position correspondante du dispositif de semis, nous installons le dispositif de creusement sur le cadre. Il peut contr\u00f4ler la profondeur du creusement lors du semis. Il est pratique pour d\u00e9gager les graines et ne pas manquer de graines, \u00e9vitant ainsi le gaspillage. En m\u00eame temps, il peut tourner de mani\u00e8re flexible dans le champ ou transf\u00e9rer entre les hangars.<\/p>    <figure class=\"wp-block-gallery columns-3 is-cropped wp-block-gallery-2 is-layout-flex wp-block-gallery-is-layout-flex\"><ul class=\"blocks-gallery-grid\"><li class=\"blocks-gallery-item\"><figure><img loading=\"lazy\" decoding=\"async\" width=\"720\" height=\"540\" src=\"https:\/\/www.agriculture-machine.com\/wp-content\/uploads\/2021\/11\/\u5fae\u4fe1\u56fe\u7247_20210111140404-720x540.jpg?v=1636712551\" alt=\"\" data-id=\"12117\" data-link=\"https:\/\/www.agriculture-machine.com\/?attachment_id=12117\" class=\"wp-image-12117\" srcset=\"https:\/\/www.agriculture-machine.com\/wp-content\/uploads\/2021\/11\/\u5fae\u4fe1\u56fe\u7247_20210111140404-720x540.jpg 720w, https:\/\/www.agriculture-machine.com\/wp-content\/uploads\/2021\/11\/\u5fae\u4fe1\u56fe\u7247_20210111140404-360x270.jpg 360w, https:\/\/www.agriculture-machine.com\/wp-content\/uploads\/2021\/11\/\u5fae\u4fe1\u56fe\u7247_20210111140404-240x180.jpg 240w, https:\/\/www.agriculture-machine.com\/wp-content\/uploads\/2021\/11\/\u5fae\u4fe1\u56fe\u7247_20210111140404-768x576.jpg 768w, https:\/\/www.agriculture-machine.com\/wp-content\/uploads\/2021\/11\/\u5fae\u4fe1\u56fe\u7247_20210111140404-1536x1152.jpg 1536w, https:\/\/www.agriculture-machine.com\/wp-content\/uploads\/2021\/11\/\u5fae\u4fe1\u56fe\u7247_20210111140404-2048x1536.jpg 2048w\" sizes=\"auto, (max-width: 720px) 100vw, 720px\" \/><\/figure><\/li><li class=\"blocks-gallery-item\"><figure><img loading=\"lazy\" decoding=\"async\" width=\"405\" height=\"540\" src=\"https:\/\/www.agriculture-machine.com\/wp-content\/uploads\/2021\/11\/\u5fae\u4fe1\u56fe\u7247_20210111140314-405x540.jpg?v=1636712725\" alt=\"\" data-id=\"12118\" data-link=\"https:\/\/www.agriculture-machine.com\/?attachment_id=12118\" class=\"wp-image-12118\" srcset=\"https:\/\/www.agriculture-machine.com\/wp-content\/uploads\/2021\/11\/\u5fae\u4fe1\u56fe\u7247_20210111140314-405x540.jpg 405w, https:\/\/www.agriculture-machine.com\/wp-content\/uploads\/2021\/11\/\u5fae\u4fe1\u56fe\u7247_20210111140314-203x270.jpg 203w, https:\/\/www.agriculture-machine.com\/wp-content\/uploads\/2021\/11\/\u5fae\u4fe1\u56fe\u7247_20210111140314-768x1024.jpg 768w, https:\/\/www.agriculture-machine.com\/wp-content\/uploads\/2021\/11\/\u5fae\u4fe1\u56fe\u7247_20210111140314-1152x1536.jpg 1152w, https:\/\/www.agriculture-machine.com\/wp-content\/uploads\/2021\/11\/\u5fae\u4fe1\u56fe\u7247_20210111140314-1536x2048.jpg 1536w, https:\/\/www.agriculture-machine.com\/wp-content\/uploads\/2021\/11\/\u5fae\u4fe1\u56fe\u7247_20210111140314-scaled.jpg 1920w\" sizes=\"auto, (max-width: 405px) 100vw, 405px\" \/><\/figure><\/li><li class=\"blocks-gallery-item\"><figure><img loading=\"lazy\" decoding=\"async\" width=\"405\" height=\"540\" src=\"https:\/\/www.agriculture-machine.com\/wp-content\/uploads\/2021\/11\/\u5fae\u4fe1\u56fe\u7247_202101111403145-405x540.jpg?v=1636712766\" alt=\"\" data-id=\"12119\" data-link=\"https:\/\/www.agriculture-machine.com\/?attachment_id=12119\" class=\"wp-image-12119\" srcset=\"https:\/\/www.agriculture-machine.com\/wp-content\/uploads\/2021\/11\/\u5fae\u4fe1\u56fe\u7247_202101111403145-405x540.jpg 405w, https:\/\/www.agriculture-machine.com\/wp-content\/uploads\/2021\/11\/\u5fae\u4fe1\u56fe\u7247_202101111403145-203x270.jpg 203w, https:\/\/www.agriculture-machine.com\/wp-content\/uploads\/2021\/11\/\u5fae\u4fe1\u56fe\u7247_202101111403145-768x1024.jpg 768w, https:\/\/www.agriculture-machine.com\/wp-content\/uploads\/2021\/11\/\u5fae\u4fe1\u56fe\u7247_202101111403145-1152x1536.jpg 1152w, https:\/\/www.agriculture-machine.com\/wp-content\/uploads\/2021\/11\/\u5fae\u4fe1\u56fe\u7247_202101111403145-1536x2048.jpg 1536w, https:\/\/www.agriculture-machine.com\/wp-content\/uploads\/2021\/11\/\u5fae\u4fe1\u56fe\u7247_202101111403145-scaled.jpg 1920w\" sizes=\"auto, (max-width: 405px) 100vw, 405px\" \/><\/figure><\/li><li class=\"blocks-gallery-item\"><figure><img loading=\"lazy\" decoding=\"async\" width=\"720\" height=\"540\" src=\"https:\/\/www.agriculture-machine.com\/wp-content\/uploads\/2021\/11\/\u5fae\u4fe1\u56fe\u7247_20210111140109-720x540.jpg?v=1636712791\" alt=\"\" data-id=\"12120\" data-link=\"https:\/\/www.agriculture-machine.com\/?attachment_id=12120\" class=\"wp-image-12120\" srcset=\"https:\/\/www.agriculture-machine.com\/wp-content\/uploads\/2021\/11\/\u5fae\u4fe1\u56fe\u7247_20210111140109-720x540.jpg 720w, https:\/\/www.agriculture-machine.com\/wp-content\/uploads\/2021\/11\/\u5fae\u4fe1\u56fe\u7247_20210111140109-360x270.jpg 360w, https:\/\/www.agriculture-machine.com\/wp-content\/uploads\/2021\/11\/\u5fae\u4fe1\u56fe\u7247_20210111140109-240x180.jpg 240w, https:\/\/www.agriculture-machine.com\/wp-content\/uploads\/2021\/11\/\u5fae\u4fe1\u56fe\u7247_20210111140109-768x576.jpg 768w, https:\/\/www.agriculture-machine.com\/wp-content\/uploads\/2021\/11\/\u5fae\u4fe1\u56fe\u7247_20210111140109-1536x1152.jpg 1536w, https:\/\/www.agriculture-machine.com\/wp-content\/uploads\/2021\/11\/\u5fae\u4fe1\u56fe\u7247_20210111140109-2048x1536.jpg 2048w\" sizes=\"auto, (max-width: 720px) 100vw, 720px\" \/><\/figure><\/li><li class=\"blocks-gallery-item\"><figure><img loading=\"lazy\" decoding=\"async\" width=\"720\" height=\"540\" src=\"https:\/\/www.agriculture-machine.com\/wp-content\/uploads\/2021\/11\/\u5fae\u4fe1\u56fe\u7247_202012281038235-1-720x540.jpg?v=1636712819\" alt=\"\" data-id=\"12122\" data-link=\"https:\/\/www.agriculture-machine.com\/?attachment_id=12122\" class=\"wp-image-12122\" srcset=\"https:\/\/www.agriculture-machine.com\/wp-content\/uploads\/2021\/11\/\u5fae\u4fe1\u56fe\u7247_202012281038235-1-720x540.jpg 720w, https:\/\/www.agriculture-machine.com\/wp-content\/uploads\/2021\/11\/\u5fae\u4fe1\u56fe\u7247_202012281038235-1-360x270.jpg 360w, https:\/\/www.agriculture-machine.com\/wp-content\/uploads\/2021\/11\/\u5fae\u4fe1\u56fe\u7247_202012281038235-1-240x180.jpg 240w, https:\/\/www.agriculture-machine.com\/wp-content\/uploads\/2021\/11\/\u5fae\u4fe1\u56fe\u7247_202012281038235-1-768x576.jpg 768w, https:\/\/www.agriculture-machine.com\/wp-content\/uploads\/2021\/11\/\u5fae\u4fe1\u56fe\u7247_202012281038235-1.jpg 1440w\" sizes=\"auto, (max-width: 720px) 100vw, 720px\" \/><\/figure><\/li><li class=\"blocks-gallery-item\"><figure><img loading=\"lazy\" decoding=\"async\" width=\"249\" height=\"540\" src=\"https:\/\/www.agriculture-machine.com\/wp-content\/uploads\/2021\/11\/\u5fae\u4fe1\u56fe\u7247_202101111401094-249x540.jpg?v=1636712835\" alt=\"\" data-id=\"12123\" data-full-url=\"https:\/\/www.agriculture-machine.com\/wp-content\/uploads\/2021\/11\/\u5fae\u4fe1\u56fe\u7247_202101111401094.jpg?v=1636712835\" data-link=\"https:\/\/www.agriculture-machine.com\/?attachment_id=12123\" class=\"wp-image-12123\" srcset=\"https:\/\/www.agriculture-machine.com\/wp-content\/uploads\/2021\/11\/\u5fae\u4fe1\u56fe\u7247_202101111401094-249x540.jpg 249w, https:\/\/www.agriculture-machine.com\/wp-content\/uploads\/2021\/11\/\u5fae\u4fe1\u56fe\u7247_202101111401094-125x270.jpg 125w, https:\/\/www.agriculture-machine.com\/wp-content\/uploads\/2021\/11\/\u5fae\u4fe1\u56fe\u7247_202101111401094-768x1662.jpg 768w, https:\/\/www.agriculture-machine.com\/wp-content\/uploads\/2021\/11\/\u5fae\u4fe1\u56fe\u7247_202101111401094-710x1536.jpg 710w, https:\/\/www.agriculture-machine.com\/wp-content\/uploads\/2021\/11\/\u5fae\u4fe1\u56fe\u7247_202101111401094.jpg 887w\" sizes=\"auto, (max-width: 249px) 100vw, 249px\" \/><\/figure><\/li><\/ul><\/figure>    <h2 class=\"wp-block-heading\">Principe de fonctionnement de la semeuse \u00e0 essence en gros <\/h2>    <p>Dans le contr\u00f4le pr\u00e9cis du nombre de semis via le syst\u00e8me de contr\u00f4le de semis de la machine, selon la quantit\u00e9 lors du semis, la machine d\u00e9termine la distance, et d\u00e9charge les graines individuelles relativement r\u00e9guli\u00e8res dans la couche de sol avec un meilleur environnement pour les plantules. L'espacement entre les plantules est naturellement raisonnable, et la main-d'\u0153uvre pour le faux semis et l'\u00e9claircissage est r\u00e9duite. L'efficacit\u00e9 de semis est plus de 15 fois sup\u00e9rieure \u00e0 celle du semis manuel.<\/p>    <p><\/p>    <h2 class=\"wp-block-heading\">La vid\u00e9o de fonctionnement de la planteuse \u00e0 l\u00e9gumes \u00e0 main \u00e0 essence<\/h2>    <figure class=\"wp-block-embed is-type-video is-provider-youtube wp-block-embed-youtube wp-embed-aspect-16-9 wp-has-aspect-ratio\"><div class=\"wp-block-embed__wrapper\"> <iframe loading=\"lazy\" title=\"Planteuse \u00e0 l\u00e9gumes autopropuls\u00e9e \u00e0 essence \/ semoir \u00e0 six rangs\" width=\"500\" height=\"281\" src=\"https:\/\/www.youtube.com\/embed\/xFGatr9bXmw?feature=oembed\" frameborder=\"0\" allow=\"accelerometer; autoplay; clipboard-write; encrypted-media; gyroscope; picture-in-picture; web-share\" referrerpolicy=\"strict-origin-when-cross-origin\" allowfullscreen><\/iframe> <\/div><figcaption>La vid\u00e9o de fonctionnement de la planteuse \u00e0 l\u00e9gumes \u00e0 main \u00e0 essence <\/figcaption><\/figure>    <h2 class=\"wp-block-heading\">Avantages de la planteuse \u00e0 main \u00e0 essence<\/h2>    <p>Le semis (espacement des rangs, espacement des plantes, profondeur de semis, plusieurs graines par trou) est contr\u00f4lable. Et cette machine peut r\u00e9aliser le creusement, le semis, la couverture du sol, et la pression de rupture en une seule \u00e9tape, ce qui \u00e9conomise \u00e9norm\u00e9ment de main-d'\u0153uvre.<\/p>    <p class=\"translation-block\"><strong>Caract\u00e9ristiques :<\/strong><\/p>    <ol class=\"wp-block-list\"><li>La planteuse auto-aliment\u00e9e convient pour des op\u00e9rations en grande surface.<\/li><\/ol>    <p>2. La plantation intensive de petites graines est meilleure.<\/p>    <p>3. L\u2019op\u00e9ration est simple et la rotation est habile.<\/p>    <p>4. La roue de semis en aluminium ne g\u00e9n\u00e8re pas d'\u00e9lectricit\u00e9 statique et ne collera pas aux graines. Elle offre une grande douceur, une plantation pr\u00e9cise, et un taux de semis \u00e9lev\u00e9.<\/p>    <p>5. M\u00e9thode de semis : roue de semis, assemblage libre, d\u00e9tachable pour augmenter ou diminuer le nombre de rangs.<\/p>    <p>6. La roue de compactage est con\u00e7ue pour un sol non collant afin de r\u00e9duire la r\u00e9sistance, et la semence \u00e0 l'avant et \u00e0 l'arri\u00e8re est plus facile \u00e0 faire.<\/p>    <p>7. Les deux c\u00f4t\u00e9s sont \u00e9quip\u00e9s de roues en caoutchouc mobiles, ce qui facilite le d\u00e9placement de la planteuse dans l\u2019entrep\u00f4t lorsqu\u2019elle n\u2019est pas en fonctionnement.<\/p>    <h2 class=\"wp-block-heading\">Comment entretenir une planteuse \u00e0 l\u00e9gumes autopropuls\u00e9e \u00e0 moteur \u00e0 essence<\/h2>    <p>1. Enlever la terre dans toutes les parties de la planteuse \u00e0 moteur \u00e0 essence autopropuls\u00e9e.<\/p>    <p>2. Retirez les graines de la bo\u00eete d\u2019engrais.<\/p>    <p>3. V\u00e9rifiez si la planteuse a des pi\u00e8ces endommag\u00e9es ou us\u00e9es, remplacez ou r\u00e9parez si n\u00e9cessaire. Si la peinture s'\u00e9caille, repeignez-la.<\/p>    <p>4. Apr\u00e8s que la planteuse a \u00e9t\u00e9 stock\u00e9e pendant une longue p\u00e9riode, avant la plantation dans la saison suivante, entretenez et r\u00e9parez la machine \u00e0 l'avance pour maintenir l'\u00e9quipement en bon \u00e9tat technique.<\/p>    <figure class=\"wp-block-image size-large\"><img loading=\"lazy\" decoding=\"async\" width=\"720\" height=\"540\" src=\"https:\/\/www.agriculture-machine.com\/wp-content\/uploads\/2021\/11\/\u5fae\u4fe1\u56fe\u7247_202101111403146-720x540.jpg?v=1636713138\" alt=\"\" class=\"wp-image-12125\" srcset=\"https:\/\/www.agriculture-machine.com\/wp-content\/uploads\/2021\/11\/\u5fae\u4fe1\u56fe\u7247_202101111403146-720x540.jpg 720w, https:\/\/www.agriculture-machine.com\/wp-content\/uploads\/2021\/11\/\u5fae\u4fe1\u56fe\u7247_202101111403146-360x270.jpg 360w, https:\/\/www.agriculture-machine.com\/wp-content\/uploads\/2021\/11\/\u5fae\u4fe1\u56fe\u7247_202101111403146-240x180.jpg 240w, https:\/\/www.agriculture-machine.com\/wp-content\/uploads\/2021\/11\/\u5fae\u4fe1\u56fe\u7247_202101111403146-768x576.jpg 768w, https:\/\/www.agriculture-machine.com\/wp-content\/uploads\/2021\/11\/\u5fae\u4fe1\u56fe\u7247_202101111403146-1536x1152.jpg 1536w, https:\/\/www.agriculture-machine.com\/wp-content\/uploads\/2021\/11\/\u5fae\u4fe1\u56fe\u7247_202101111403146-2048x1536.jpg 2048w\" sizes=\"auto, (max-width: 720px) 100vw, 720px\" \/><\/figure>    <h2 class=\"wp-block-heading\">Pr\u00e9cautions d\u2019utilisation de la semeuse \u00e0 moteur \u00e0 essence manuelle<\/h2>    <ol class=\"wp-block-list\"><li>Stocker la planteuse \u00e0 l\u00e9gumes \u00e0 essence manuelle dans un entrep\u00f4t sec et ventil\u00e9. \u00c9vitez de la stocker \u00e0 l\u2019ext\u00e9rieur.<\/li><\/ol>    <p>2. Lors du stockage, soutenez fermement le support. Et prot\u00e9gez l\u2019ouvreur et le couvercle avec des plaques, sans toucher directement le sol. Le ressort de compression de l\u2019ouvreur doit \u00eatre d\u00e9tendu et maintenu en \u00e9tat libre.<\/p>    <p>3. Apr\u00e8s avoir nettoy\u00e9 les pi\u00e8ces de travail du sol (comme les ouvreurs), appliquez du beurre ou de l\u2019huile moteur usag\u00e9e pour \u00e9viter la rouille.<\/p>    <p>4. Il est strictement interdit de r\u00e9gler, r\u00e9parer ou lubrifier pendant l'op\u00e9ration de semis.<\/p>    <p>5. L\u2019op\u00e9rateur doit observer l\u2019\u00e9tat de fonctionnement de la planteuse \u00e0 tout moment pendant l\u2019op\u00e9ration. Et faire particuli\u00e8rement attention \u00e0 si le dispositif de dosage des graines fonctionne, si le tube de semis est bouch\u00e9, et si la quantit\u00e9 de graines dans la bo\u00eete \u00e0 graines est suffisante.<\/p>    <p>6. Lors de la plantation de graines m\u00e9lang\u00e9es \u00e0 des pesticides, les planteuses doivent porter des \u00e9quipements de protection tels que gants, masques, lunettes de protection, etc.<\/p>    <p>7. Lors de l\u2019op\u00e9ration, il faut effectuer l\u2019entretien des machines et outils et nettoyer les d\u00e9bris lorsque l\u2019unit\u00e9 est stationn\u00e9e et stabilis\u00e9e.<\/p>","protected":false},"excerpt":{"rendered":"<p>The self-propelled vegetable planter is suitable for large-area operations. And this machine can complete ditching, seeding, soil covering, and burst pressure at one time. The machine has its own power, easy manual operation and high efficiency.<\/p>","protected":false},"author":1,"featured_media":12115,"parent":0,"comment_status":"closed","ping_status":"closed","template":"","tags":[492,484],"product-type":[885],"class_list":["post-12112","product","type-product","status-publish","has-post-thumbnail","hentry","tag-planter","tag-vegetable","product-type-vegetable-planter"],"_links":{"self":[{"href":"https:\/\/www.agriculture-machine.com\/fr\/wp-json\/wp\/v2\/product\/12112","targetHints":{"allow":["GET"]}}],"collection":[{"href":"https:\/\/www.agriculture-machine.com\/fr\/wp-json\/wp\/v2\/product"}],"about":[{"href":"https:\/\/www.agriculture-machine.com\/fr\/wp-json\/wp\/v2\/types\/product"}],"author":[{"embeddable":true,"href":"https:\/\/www.agriculture-machine.com\/fr\/wp-json\/wp\/v2\/users\/1"}],"replies":[{"embeddable":true,"href":"https:\/\/www.agriculture-machine.com\/fr\/wp-json\/wp\/v2\/comments?post=12112"}],"wp:featuredmedia":[{"embeddable":true,"href":"https:\/\/www.agriculture-machine.com\/fr\/wp-json\/wp\/v2\/media\/12115"}],"wp:attachment":[{"href":"https:\/\/www.agriculture-machine.com\/fr\/wp-json\/wp\/v2\/media?parent=12112"}],"wp:term":[{"taxonomy":"post_tag","embeddable":true,"href":"https:\/\/www.agriculture-machine.com\/fr\/wp-json\/wp\/v2\/tags?post=12112"},{"taxonomy":"product-type","embeddable":true,"href":"https:\/\/www.agriculture-machine.com\/fr\/wp-json\/wp\/v2\/product-type?post=12112"}],"curies":[{"name":"wp","href":"https:\/\/api.w.org\/{rel}","templated":true}]}}