{"id":12134,"date":"2021-11-19T15:10:56","date_gmt":"2021-11-19T07:10:56","guid":{"rendered":"https:\/\/www.agriculture-machine.com\/?p=12134"},"modified":"2026-03-20T16:15:41","modified_gmt":"2026-03-20T08:15:41","slug":"automatic-square-straw-picking-and-strapping-machine","status":"publish","type":"product","link":"https:\/\/www.agriculture-machine.com\/fr\/automatic-square-straw-picking-and-strapping-machine\/","title":{"rendered":"Machine automatique de collecte et ficelage carr\u00e9 du straw"},"content":{"rendered":"<p>La machine automatique de ramassage et de fixation de paille carr\u00e9e peut fonctionner avec un tracteur pour r\u00e9aliser la r\u00e9colte et la fixation du fourrage, des soja, de la paille de riz, du bl\u00e9, du ma\u00efs, et autres tiges de cultures.<\/p>    <p>Les balles produites sont petites, compactes, avec une partie int\u00e9rieure l\u00e2che et une ext\u00e9rieure serr\u00e9e. De plus, la balle poss\u00e8de une bonne perm\u00e9abilit\u00e9 \u00e0 l'air, ce qui facilite son transport et son stockage. La machine a un taux de mise en balle sup\u00e9rieur \u00e0 99 %.<\/p>    <figure class=\"wp-block-embed aligncenter is-type-video is-provider-youtube wp-block-embed-youtube wp-embed-aspect-16-9 wp-has-aspect-ratio\"><div class=\"wp-block-embed__wrapper\"> <iframe loading=\"lazy\" title=\"Int\u00e9gration efficace de la r\u00e9colte et de la mise en balle ! Balleuse \u00e0 foin carr\u00e9e \u00e0 vendre\" width=\"500\" height=\"281\" src=\"https:\/\/www.youtube.com\/embed\/VuYooF-GE2I?start=54&#038;feature=oembed\" frameborder=\"0\" allow=\"accelerometer; autoplay; clipboard-write; encrypted-media; gyroscope; picture-in-picture; web-share\" referrerpolicy=\"strict-origin-when-cross-origin\" allowfullscreen><\/iframe> <\/div><figcaption class=\"wp-element-caption\">Sc\u00e8ne de la machine \u00e0 faire des balles de foin ramassant efficacement les pailles dans une vaste ferme.<\/figcaption><\/figure>    <p>La popularisation de cette machine a jou\u00e9 un r\u00f4le \u00e9norme dans la r\u00e9solution du recyclage de la paille. Elle am\u00e9liore \u00e9galement les conditions environnementales caus\u00e9es par la combustion de la paille en milieu rural. Cela am\u00e9liore la qualit\u00e9 de l'utilisation de la paille. <\/p>    <p>C'est un \u00e9quipement id\u00e9al pour la collecte et la mise en balle du fourrage. Depuis le lancement de cette machine, elle est devenue la pr\u00e9f\u00e9r\u00e9e des agriculteurs. Et constitue un bon assistant pour faire fortune.<\/p>    <p class=\"translation-block\">Pour la mise en balle et la conservation du fourrage humide, vous pouvez utiliser notre <strong><a href=\"https:\/\/www.agriculture-machine.com\/fr\/full-automatic-silage-baling-machine\/\">baller \u00e0 ensilage<\/a><\/strong>.<\/p>    <figure class=\"wp-block-image aligncenter size-large\"><img loading=\"lazy\" decoding=\"async\" width=\"720\" height=\"540\" src=\"https:\/\/www.agriculture-machine.com\/wp-content\/uploads\/2021\/11\/f0a30682d1d11e67c29d2a87d5b9e75-720x540.jpg?v=1637292670\" alt=\"Machine automatique de ramassage et de fixation de paille carr\u00e9e\" class=\"wp-image-12140\" srcset=\"https:\/\/www.agriculture-machine.com\/wp-content\/uploads\/2021\/11\/f0a30682d1d11e67c29d2a87d5b9e75-720x540.jpg 720w, https:\/\/www.agriculture-machine.com\/wp-content\/uploads\/2021\/11\/f0a30682d1d11e67c29d2a87d5b9e75-360x270.jpg 360w, https:\/\/www.agriculture-machine.com\/wp-content\/uploads\/2021\/11\/f0a30682d1d11e67c29d2a87d5b9e75-240x180.jpg 240w, https:\/\/www.agriculture-machine.com\/wp-content\/uploads\/2021\/11\/f0a30682d1d11e67c29d2a87d5b9e75-768x576.jpg 768w, https:\/\/www.agriculture-machine.com\/wp-content\/uploads\/2021\/11\/f0a30682d1d11e67c29d2a87d5b9e75-1536x1152.jpg 1536w, https:\/\/www.agriculture-machine.com\/wp-content\/uploads\/2021\/11\/f0a30682d1d11e67c29d2a87d5b9e75-2048x1536.jpg 2048w\" sizes=\"auto, (max-width: 720px) 100vw, 720px\" \/><figcaption class=\"wp-element-caption\">Machine de ramassage et de fixation de paille carr\u00e9e<\/figcaption><\/figure>    <h2 class=\"wp-block-heading\">D\u00e9tails de la balle de la machine de ramassage de paille recycl\u00e9e<\/h2>    <p>Cette machine automatique de ramassage et de fixation de paille carr\u00e9e utilise deux faisceaux de corde en plastique pour produire environ 1 000 balles, en terminant 15-20 par heure.<\/p>    <figure class=\"wp-block-image aligncenter size-full\"><img loading=\"lazy\" decoding=\"async\" width=\"720\" height=\"540\" src=\"https:\/\/www.agriculture-machine.com\/wp-content\/uploads\/2021\/11\/silage-harvester-baler-plastic-rope.webp\" alt=\"Moissonneuse-batteuse \u00e0 ensilage, corde en plastique\" class=\"wp-image-15607\" srcset=\"https:\/\/www.agriculture-machine.com\/wp-content\/uploads\/2021\/11\/silage-harvester-baler-plastic-rope.webp 720w, https:\/\/www.agriculture-machine.com\/wp-content\/uploads\/2021\/11\/silage-harvester-baler-plastic-rope-360x270.webp 360w, https:\/\/www.agriculture-machine.com\/wp-content\/uploads\/2021\/11\/silage-harvester-baler-plastic-rope-240x180.webp 240w\" sizes=\"auto, (max-width: 720px) 100vw, 720px\" \/><figcaption class=\"wp-element-caption\">Moissonneuse-batteuse \u00e0 ensilage, corde en plastique<\/figcaption><\/figure>    <p>La largeur maximale de r\u00e9colte de la machine est de 2 m\u00e8tres, la taille de la balle est de 114*40*30cm, et le poids de chaque balle est de 25-35kg. Elle peut \u00eatre \u00e9quip\u00e9e d'une machine simple d'emballage de balle comme ci-dessous.<\/p>    <figure class=\"wp-block-image aligncenter size-full\"><img loading=\"lazy\" decoding=\"async\" width=\"720\" height=\"540\" src=\"https:\/\/www.agriculture-machine.com\/wp-content\/uploads\/2021\/11\/silage-bale-wrapping-machine.webp\" alt=\"Machine \u00e0 emballer les balles de ensilage\" class=\"wp-image-15600\" srcset=\"https:\/\/www.agriculture-machine.com\/wp-content\/uploads\/2021\/11\/silage-bale-wrapping-machine.webp 720w, https:\/\/www.agriculture-machine.com\/wp-content\/uploads\/2021\/11\/silage-bale-wrapping-machine-360x270.webp 360w, https:\/\/www.agriculture-machine.com\/wp-content\/uploads\/2021\/11\/silage-bale-wrapping-machine-240x180.webp 240w\" sizes=\"auto, (max-width: 720px) 100vw, 720px\" \/><figcaption class=\"wp-element-caption\">Machine \u00e0 emballer les balles de ensilage<\/figcaption><\/figure>    <h2 class=\"wp-block-heading\">Structure de la machine automatique de ramassage et de fixation de paille carr\u00e9e<\/h2>    <p>Les composants de la machine de ramassage et de mise en balle de paille : une poutre de traction, un ramasseur, un convoyeur \u00e0 vis, un m\u00e9canisme d'alimentation, un piston, une chambre de mise en balle, un m\u00e9canisme de mise en balle, un dispositif d'ajustement de la densit\u00e9 de la balle, et un syst\u00e8me de transmission.<\/p>    <ul class=\"wp-block-list\"> <li>La fonction du ramasseur est de ramasser les bandes d'herbe pos\u00e9es sur le sol. Ensuite, il soul\u00e8ve la plateforme d'alimentation. Le ramasseur adopte une structure \u00e0 rouleau \u00e0 dents ressorts \u00e0 quatre rang\u00e9es.<\/li>    <li>La fonction du m\u00e9canisme de transport et d'alimentation est de collecter les mat\u00e9riaux lat\u00e9ralement. Ensuite, ils sont introduits dans la chambre de mise en balle. Elle comprend \u00e9galement un convoyeur \u00e0 vis et un m\u00e9canisme de fourche d'alimentation.<\/li>    <li>La fonction du piston et de la chambre de mise en balle est de compresser le mat\u00e9riau. Ensuite, il est introduit dans la chambre de mise en balle. Le piston est un m\u00e9canisme \u00e0 bielle et manivelle. La chambre de liaison est une cavit\u00e9 rectangulaire form\u00e9e par la soudure de plaques d'acier.<\/li>    <li>La fonction du contr\u00f4leur de densit\u00e9 de la balle est d'ajuster la densit\u00e9 de la balle. Selon l'esp\u00e8ce de fourrage et l'humidit\u00e9, l'op\u00e9rateur peut ajuster la tension du ressort pour obtenir une balle mod\u00e9r\u00e9ment serr\u00e9e.<\/li> <\/ul>    <figure class=\"wp-block-image aligncenter size-large is-resized\"><img loading=\"lazy\" decoding=\"async\" width=\"498\" height=\"540\" src=\"https:\/\/www.agriculture-machine.com\/wp-content\/uploads\/2021\/11\/XQ_14-498x540.jpg?v=1637292715\" alt=\"\" class=\"wp-image-12141\" srcset=\"https:\/\/www.agriculture-machine.com\/wp-content\/uploads\/2021\/11\/XQ_14-498x540.jpg 498w, https:\/\/www.agriculture-machine.com\/wp-content\/uploads\/2021\/11\/XQ_14-249x270.jpg 249w, https:\/\/www.agriculture-machine.com\/wp-content\/uploads\/2021\/11\/XQ_14.jpg 750w\" sizes=\"auto, (max-width: 498px) 100vw, 498px\" \/><figcaption class=\"wp-element-caption\"> Structure de la machine automatique de ramassage et de fixation de paille carr\u00e9e <\/figcaption><\/figure>    <h2 class=\"wp-block-heading\">Principe de fonctionnement de la machine de ramassage et de mise en balle de paille<\/h2>   <div id=\"rank-math-howto\" class=\"rank-math-block\" > <div class=\"rank-math-howto-description\">  <p>Automatic square straw picking and strapping machine work through the tractor&#8217;s powder. In the process of field operations, the spring teeth of the picker pick up the ground grass strips.<\/p>  <\/div>  <div class=\"rank-math-steps\"> <div id=\"howto-step-1723021088729\" class=\"rank-math-step\"> <div class=\"rank-math-step-content\"><p>Le convoyeur \u00e0 vis sym\u00e9trique pousse le mat\u00e9riau des deux c\u00f4t\u00e9s de la plateforme vers l'entr\u00e9e d'alimentation.<\/p> <\/div> <\/div> <div id=\"howto-step-1723021129739\" class=\"rank-math-step\"> <div class=\"rank-math-step-content\"><p>La fourche d'alimentation ajoutera les pailles accumul\u00e9es \u00e0 l'entr\u00e9e d'alimentation dans la chambre de mise en balle lors de son fonctionnement. Sous l'action ascendante du piston, la paille est progressivement compact\u00e9e.<\/p> <\/div> <\/div> <div id=\"howto-step-1723021134530\" class=\"rank-math-step\"> <div class=\"rank-math-step-content\"><p>Lorsque la longueur de la balle atteint la longueur r\u00e9gl\u00e9e. L'embrayage du m\u00e9canisme de fixation commence l'op\u00e9ration de fixation. Pendant le fonctionnement du n\u0153udeur, deux faisceaux de corde enveloppent la balle.<\/p> <\/div> <\/div> <div id=\"howto-step-1723021141074\" class=\"rank-math-step\"> <div class=\"rank-math-step-content\"><p>Ensuite, les mat\u00e9riaux suivants pousseront progressivement les balles emball\u00e9es vers la sortie de la chambre de mise en balle. Puis tomberont au sol par la plaque de mise en balle.<\/p> <\/div> <\/div> <\/div> <\/div>       <figure class=\"wp-block-embed aligncenter is-type-video is-provider-youtube wp-block-embed-youtube wp-embed-aspect-4-3 wp-has-aspect-ratio\"><div class=\"wp-block-embed__wrapper\"> <iframe loading=\"lazy\" title=\"Machine automatique de ramassage et de fixation de paille carr\u00e9e\" width=\"500\" height=\"375\" src=\"https:\/\/www.youtube.com\/embed\/SpJXV_r_7yE?feature=oembed\" frameborder=\"0\" allow=\"accelerometer; autoplay; clipboard-write; encrypted-media; gyroscope; picture-in-picture; web-share\" referrerpolicy=\"strict-origin-when-cross-origin\" allowfullscreen><\/iframe> <\/div><figcaption class=\"wp-element-caption\">Mise en balle de la paille en paquets compacts et ordonn\u00e9s.<\/figcaption><\/figure>    <h2 class=\"wp-block-heading\">Param\u00e8tres de la machine de ramassage et de mise en balle de paille carr\u00e9e<\/h2>    <figure class=\"wp-block-table is-style-stripes\"><table><tbody><tr><td>Mod\u00e8le<\/td><td>Ramasseur avec<\/td><td>Type de structure du ramasseur<\/td><td>Type de n\u0153udeur<\/td><td>Nombre de n\u0153udeurs<\/td><td>Nombre de cycles de reciprocation du piston group\u00e9<\/td><td>Dimensions<\/td><td>Puissance de support<\/td><\/tr><tr><td>9YFQ-2.2<\/td><td>2240mm<\/td><td>Dent de ressort<\/td><td>D<\/td><td>2<\/td><td>100\/min<\/td><td>4150*2850*1800mm<\/td><td>\u226536,7 kW<\/td><\/tr><\/tbody><\/table><figcaption class=\"wp-element-caption\">Param\u00e8tres de la machine automatique de ramassage et de fixation de tiges de ma\u00efs <\/figcaption><\/figure>    <figure class=\"wp-block-image aligncenter size-large is-resized\"><img loading=\"lazy\" decoding=\"async\" width=\"538\" height=\"540\" src=\"https:\/\/www.agriculture-machine.com\/wp-content\/uploads\/2021\/11\/XQ_05-538x540.jpg?v=1637292767\" alt=\"\" class=\"wp-image-12142\" srcset=\"https:\/\/www.agriculture-machine.com\/wp-content\/uploads\/2021\/11\/XQ_05-538x540.jpg 538w, https:\/\/www.agriculture-machine.com\/wp-content\/uploads\/2021\/11\/XQ_05-269x270.jpg 269w, https:\/\/www.agriculture-machine.com\/wp-content\/uploads\/2021\/11\/XQ_05.jpg 750w\" sizes=\"auto, (max-width: 538px) 100vw, 538px\" \/><figcaption class=\"wp-element-caption\"> Machine de ramassage et de mise en balle de paille <\/figcaption><\/figure>    <h2 class=\"wp-block-heading\">Principales caract\u00e9ristiques de la machine de r\u00e9colteuse de balle de paille<\/h2>    <ol class=\"wp-block-list\"> <li>Dispositif de n\u0153ud import\u00e9 d'Allemagne (Rasboa, Allemagne). La machine automatique de ramassage et de fixation de paille carr\u00e9e a une haute densit\u00e9 de fixation, avec un taux de fixation allant jusqu'\u00e0 99 %.<\/li>    <li>La machine adopte une conception de structure sym\u00e9trique selon l'axe longitudinal : traction centrale, bonne stabilit\u00e9 de conduite, et rayon de braquage r\u00e9duit.<\/li>    <li>Utilisation d'une structure \u00e0 vis creuse pour faire avancer la r\u00e9colte plus en douceur. Pas d'accumulation, pas d'emm\u00ealement.<\/li>    <li>Un dispositif de fixation \u00e0 double freinage amortissant la fixation rend l'action de fixation plus stable. La cha\u00eene \u00e0 double rang\u00e9e rend la machine plus adapt\u00e9e aux op\u00e9rations de fixation intensives. Les pneus \u00e0 section large rendent la marche plus stable. <\/li>    <li>Elle peut consid\u00e9rablement r\u00e9duire la surface de stockage, am\u00e9liorer la capacit\u00e9 de transport, et r\u00e9duire le risque d'incendie.<\/li>    <li>Facile \u00e0 stocker. Le volume de l'herbe en balle est inf\u00e9rieur des deux tiers \u00e0 celui de l'herbe non emball\u00e9e, ce qui peut r\u00e9duire consid\u00e9rablement la superficie du p\u00e2turage.<\/li>    <li>Pratique pour le chargement, le d\u00e9chargement et le transport. La machine peut exploiter pleinement la capacit\u00e9 de charge des moyens de transport. En g\u00e9n\u00e9ral, la capacit\u00e9 de transport peut augmenter de 2 \u00e0 3 fois. Elle permet \u00e9galement d'\u00e9conomiser plus de 50 % de main-d'\u0153uvre et de co\u00fbts de transport.<\/li> <\/ol>    <figure class=\"wp-block-image aligncenter size-full\"><img loading=\"lazy\" decoding=\"async\" width=\"720\" height=\"540\" src=\"https:\/\/www.agriculture-machine.com\/wp-content\/uploads\/2021\/11\/automatic-square-straw-picking-and-strapping-machine.webp\" alt=\"Machine automatique de ramassage et de fixation de paille carr\u00e9e\" class=\"wp-image-15604\" srcset=\"https:\/\/www.agriculture-machine.com\/wp-content\/uploads\/2021\/11\/automatic-square-straw-picking-and-strapping-machine.webp 720w, https:\/\/www.agriculture-machine.com\/wp-content\/uploads\/2021\/11\/automatic-square-straw-picking-and-strapping-machine-360x270.webp 360w, https:\/\/www.agriculture-machine.com\/wp-content\/uploads\/2021\/11\/automatic-square-straw-picking-and-strapping-machine-240x180.webp 240w\" sizes=\"auto, (max-width: 720px) 100vw, 720px\" \/><figcaption class=\"wp-element-caption\">Machine automatique de ramassage et de fixation de paille carr\u00e9e<\/figcaption><\/figure>    <figure class=\"wp-block-image aligncenter size-large\"><img loading=\"lazy\" decoding=\"async\" width=\"665\" height=\"540\" src=\"https:\/\/www.agriculture-machine.com\/wp-content\/uploads\/2021\/11\/XQ_17-665x540.jpg?v=1637292853\" alt=\"Application de la machine de recyclage de balle de paille\" class=\"wp-image-12144\" srcset=\"https:\/\/www.agriculture-machine.com\/wp-content\/uploads\/2021\/11\/XQ_17-665x540.jpg 665w, https:\/\/www.agriculture-machine.com\/wp-content\/uploads\/2021\/11\/XQ_17-333x270.jpg 333w, https:\/\/www.agriculture-machine.com\/wp-content\/uploads\/2021\/11\/XQ_17.jpg 750w\" sizes=\"auto, (max-width: 665px) 100vw, 665px\" \/><figcaption class=\"wp-element-caption\">Application de la machine de recyclage de balle de paille<\/figcaption><\/figure>    <h2 class=\"wp-block-heading\">Contactez-nous \u00e0 tout moment<\/h2>    <p>Merci d'avoir lu cet article sur notre machine automatique de ramassage et de fixation de paille carr\u00e9e. Si vous avez des questions ou besoin d'informations d\u00e9taill\u00e9es sur cette machine, n'h\u00e9sitez pas \u00e0 contacter notre \u00e9quipe professionnelle. Vous pouvez nous envoyer vos besoins sp\u00e9cifiques via le formulaire de message \u00e0 droite. Nous esp\u00e9rons vous fournir l'\u00e9quipement adapt\u00e9 \u00e0 votre programme de recyclage de paille.<\/p>","protected":false},"excerpt":{"rendered":"<p>La machine automatique de ramassage et de fixation de paille carr\u00e9e peut fonctionner avec un tracteur pour r\u00e9aliser la r\u00e9colte et la fixation du fourrage, des tiges. Cet article d\u00e9crit en d\u00e9tail la structure, le principe de fonctionnement et la vid\u00e9o de la machine.<\/p>","protected":false},"author":1,"featured_media":17575,"parent":0,"comment_status":"closed","ping_status":"closed","template":"","tags":[591],"product-type":[876,908],"class_list":["post-12134","product","type-product","status-publish","has-post-thumbnail","hentry","tag-silage","product-type-silage-machine","product-type-sliage-baler"],"_links":{"self":[{"href":"https:\/\/www.agriculture-machine.com\/fr\/wp-json\/wp\/v2\/product\/12134","targetHints":{"allow":["GET"]}}],"collection":[{"href":"https:\/\/www.agriculture-machine.com\/fr\/wp-json\/wp\/v2\/product"}],"about":[{"href":"https:\/\/www.agriculture-machine.com\/fr\/wp-json\/wp\/v2\/types\/product"}],"author":[{"embeddable":true,"href":"https:\/\/www.agriculture-machine.com\/fr\/wp-json\/wp\/v2\/users\/1"}],"replies":[{"embeddable":true,"href":"https:\/\/www.agriculture-machine.com\/fr\/wp-json\/wp\/v2\/comments?post=12134"}],"wp:featuredmedia":[{"embeddable":true,"href":"https:\/\/www.agriculture-machine.com\/fr\/wp-json\/wp\/v2\/media\/17575"}],"wp:attachment":[{"href":"https:\/\/www.agriculture-machine.com\/fr\/wp-json\/wp\/v2\/media?parent=12134"}],"wp:term":[{"taxonomy":"post_tag","embeddable":true,"href":"https:\/\/www.agriculture-machine.com\/fr\/wp-json\/wp\/v2\/tags?post=12134"},{"taxonomy":"product-type","embeddable":true,"href":"https:\/\/www.agriculture-machine.com\/fr\/wp-json\/wp\/v2\/product-type?post=12134"}],"curies":[{"name":"wp","href":"https:\/\/api.w.org\/{rel}","templated":true}]}}