{"id":12170,"date":"2021-11-20T16:23:34","date_gmt":"2021-11-20T08:23:34","guid":{"rendered":"https:\/\/www.agriculture-machine.com\/?p=12170"},"modified":"2026-03-20T16:33:56","modified_gmt":"2026-03-20T08:33:56","slug":"round-straw-harvester-and-baler-machine-picking-and-bundling-machine","status":"publish","type":"product","link":"https:\/\/www.agriculture-machine.com\/fr\/round-silage-straw-harvester-and-baler-machine-picking-and-bundling-machine\/","title":{"rendered":"Moissonneur rond de silage et botteuse, machine de picking et bundling"},"content":{"rendered":"<p>La machine de r\u00e9colte et de mise en balle de paille ronde combine plusieurs fonctions en une seule unit\u00e9, capable de broyer, de collecter et de mettre en balle la paille du champ en un seul passage, r\u00e9duisant consid\u00e9rablement la main-d'\u0153uvre et les co\u00fbts de transport. <\/p>    <p>Sa conception compacte et \u00e9pur\u00e9e garantit une op\u00e9ration facile et une haute efficacit\u00e9, la rendant adapt\u00e9e aux exploitations de diff\u00e9rentes tailles et terrains complexes. Qu'il s'agisse de traiter des tiges de ma\u00efs, de la paille de bl\u00e9, de la luzerne, des tiges de coton ou d'autres r\u00e9sidus de cultures, cet \u00e9quipement assure une r\u00e9colte et un balisage rapides et efficaces. Il fournit une mati\u00e8re premi\u00e8re fiable pour les agriculteurs, les entreprises d'\u00e9levage et les centrales \u00e9lectriques \u00e0 la paille.<\/p>    <figure class=\"wp-block-embed aligncenter is-type-video is-provider-youtube wp-block-embed-youtube wp-embed-aspect-16-9 wp-has-aspect-ratio\"><div class=\"wp-block-embed__wrapper\"> <iframe loading=\"lazy\" title=\"Machine de broyage et de mise en balle de paille | Site de travail du broyeur et de la coupe de paille\" width=\"500\" height=\"281\" src=\"https:\/\/www.youtube.com\/embed\/zbVtbyUgH64?feature=oembed\" frameborder=\"0\" allow=\"accelerometer; autoplay; clipboard-write; encrypted-media; gyroscope; picture-in-picture; web-share\" referrerpolicy=\"strict-origin-when-cross-origin\" allowfullscreen><\/iframe> <\/div><figcaption class=\"wp-element-caption\">Vid\u00e9o de fonctionnement de la machine de r\u00e9colte et de mise en balle de paille<\/figcaption><\/figure>    <h2 class=\"wp-block-heading\">Champ d'application de la machine de r\u00e9colte et de mise en balle de paille ronde<\/h2>    <p>Le broyeur, le ramasseur et la machine de mise en balle de silage offrent une large applicabilit\u00e9 et fonctionnent efficacement dans divers environnements :<\/p>    <ul class=\"wp-block-list\"> <li>R\u00e9sidus de cultures : tiges de ma\u00efs, paille de bl\u00e9, paille de riz, tiges de coton, herbe \u00e0 moutons, roseaux, etc.<\/li>    <li>Cultures fourrag\u00e8res : luzerne, ray-grass, avoine, et autres cultures d'alimentation.<\/li>    <li>Sc\u00e9narios appropri\u00e9s : fermes, p\u00e2turages, sites de traitement de silage, exploitations d'\u00e9levage, bases de recyclage de paille, et approvisionnement en combustible pour centrales \u00e9lectriques \u00e0 la paille.<\/li>    <li>Conditions d'exploitation : traite \u00e0 la fois la paille droite et couch\u00e9e. Capable d'op\u00e9rations en pr\u00e9-r\u00e9colte et de r\u00e9cup\u00e9ration de r\u00e9sidus apr\u00e8s r\u00e9colte.<\/li> <\/ul>    <figure class=\"wp-block-image aligncenter size-large is-resized\"><img loading=\"lazy\" decoding=\"async\" width=\"540\" height=\"540\" src=\"https:\/\/www.agriculture-machine.com\/wp-content\/uploads\/2021\/11\/\u5fae\u4fe1\u56fe\u7247_202105051657083-540x540.jpg?v=1637396272\" alt=\"\" class=\"wp-image-12177\" srcset=\"https:\/\/www.agriculture-machine.com\/wp-content\/uploads\/2021\/11\/\u5fae\u4fe1\u56fe\u7247_202105051657083-540x540.jpg 540w, https:\/\/www.agriculture-machine.com\/wp-content\/uploads\/2021\/11\/\u5fae\u4fe1\u56fe\u7247_202105051657083-270x270.jpg 270w, https:\/\/www.agriculture-machine.com\/wp-content\/uploads\/2021\/11\/\u5fae\u4fe1\u56fe\u7247_202105051657083-768x768.jpg 768w, https:\/\/www.agriculture-machine.com\/wp-content\/uploads\/2021\/11\/\u5fae\u4fe1\u56fe\u7247_202105051657083.jpg 800w\" sizes=\"auto, (max-width: 540px) 100vw, 540px\" \/><figcaption class=\"wp-element-caption\"> Machine de broyage, ramassage et fixation de paille ronde <\/figcaption><\/figure>    <h2 class=\"wp-block-heading\">Structure du ramasseur de broyage de fourrage<\/h2>    <p>Cette machine de r\u00e9colte et de mise en balle de paille ronde comprend un PTO, un m\u00e9canisme de broyage, un ramasseur, un m\u00e9canisme d'alimentation, un m\u00e9canisme de regroupement, et d'autres pi\u00e8ces.<\/p>    <ul class=\"wp-block-list\"> <li>PTO : connectez-vous \u00e0 la tracteur via un arbre \u00e0 splines (8 cl\u00e9s). D'abord, d\u00e9marrez le tracteur. Ensuite, transmettez la puissance \u00e0 la machine via l'arbre \u00e0 spline.<\/li>    <li>M\u00e9canisme de broyage : d\u00e9compose d'abord la paille.<\/li>    <li>Ramasseur : ramasse et soul\u00e8ve la paille broy\u00e9e dans la plateforme d'alimentation.<\/li>    <li>M\u00e9canisme d'alimentation : alimente la paille dans le m\u00e9canisme de mise en balle.<\/li>    <li>M\u00e9canisme de regroupement : le piston et la chambre de mise en balle compressent et forment la paille.<\/li> <\/ul>    <figure class=\"wp-block-image aligncenter size-large\"><img loading=\"lazy\" decoding=\"async\" width=\"524\" height=\"540\" src=\"https:\/\/www.agriculture-machine.com\/wp-content\/uploads\/2021\/11\/XQ_08-524x540.jpg?v=1637396324\" alt=\"\" class=\"wp-image-12178\" srcset=\"https:\/\/www.agriculture-machine.com\/wp-content\/uploads\/2021\/11\/XQ_08-524x540.jpg 524w, https:\/\/www.agriculture-machine.com\/wp-content\/uploads\/2021\/11\/XQ_08-262x270.jpg 262w, https:\/\/www.agriculture-machine.com\/wp-content\/uploads\/2021\/11\/XQ_08.jpg 750w\" sizes=\"auto, (max-width: 524px) 100vw, 524px\" \/><figcaption class=\"wp-element-caption\"> Structure du ramasseur de broyage de fourrage <\/figcaption><\/figure>    <h2 class=\"wp-block-heading\">Comment fonctionne la machine de coupe, de ramassage et de liaison de la silage ?<\/h2>    <p>D'abord, la machine de r\u00e9colte et de mise en balle de paille ronde p\u00e9trit et broie la paille en premier. Ensuite, le mat\u00e9riau est lanc\u00e9 dans l'augure sous l'inertie de la machine. L'augure pousse le mat\u00e9riau vers le port d'alimentation.<\/p>    <p>Ensuite, la fourche d'alimentation envoie le mat\u00e9riau dans la chambre de compression de la machine de r\u00e9colte et de mise en balle de paille ronde. <\/p>    <p>Enfin, l'entrep\u00f4t s'ouvre hydrauliquement et est regroup\u00e9. Le fourrage regroup\u00e9 est pratique pour le transport, le stockage et le traitement ult\u00e9rieur. <\/p>    <figure class=\"wp-block-embed is-type-video is-provider-youtube wp-block-embed-youtube wp-embed-aspect-16-9 wp-has-aspect-ratio\"><div class=\"wp-block-embed__wrapper\"> <iframe loading=\"lazy\" title=\"Balisage efficace de la paille : Retour d&#039;exp\u00e9rience sur le ramasseur et le presseur rond au Zimbabwe !\" width=\"500\" height=\"281\" src=\"https:\/\/www.youtube.com\/embed\/fIpf3MBS6U4?feature=oembed\" frameborder=\"0\" allow=\"accelerometer; autoplay; clipboard-write; encrypted-media; gyroscope; picture-in-picture; web-share\" referrerpolicy=\"strict-origin-when-cross-origin\" allowfullscreen><\/iframe> <\/div><figcaption class=\"wp-element-caption\">Vid\u00e9o de fonctionnement de la machine de r\u00e9colte et de mise en balle de paille ronde<\/figcaption><\/figure>    <p>L'arbre de sortie de puissance du tracteur transmet la puissance \u00e0 l'arbre d'entr\u00e9e de la machine de r\u00e9colte et de mise en balle de paille ronde via un arbre de Cardan. <\/p>    <p>Ensuite, le pignon et la cha\u00eene entra\u00eenent respectivement le m\u00e9canisme de rouleau de roulement et de pressage ainsi que le m\u00e9canisme de ramassage de paille. <\/p>    <p>Ensuite, nous utilisons l'interface de sortie hydraulique du tracteur pour contr\u00f4ler l'expansion et la contraction du piston du cylindre afin de r\u00e9aliser l'op\u00e9ration de d\u00e9ploiement de la balle.<\/p>    <figure class=\"wp-block-image aligncenter size-full\"><img loading=\"lazy\" decoding=\"async\" width=\"720\" height=\"540\" src=\"https:\/\/www.agriculture-machine.com\/wp-content\/uploads\/2021\/11\/straw-picking-and-crushing-baler.webp\" alt=\"Machine de ramassage et de broyage de paille\" class=\"wp-image-16319\" srcset=\"https:\/\/www.agriculture-machine.com\/wp-content\/uploads\/2021\/11\/straw-picking-and-crushing-baler.webp 720w, https:\/\/www.agriculture-machine.com\/wp-content\/uploads\/2021\/11\/straw-picking-and-crushing-baler-360x270.webp 360w, https:\/\/www.agriculture-machine.com\/wp-content\/uploads\/2021\/11\/straw-picking-and-crushing-baler-240x180.webp 240w, https:\/\/www.agriculture-machine.com\/wp-content\/uploads\/2021\/11\/straw-picking-and-crushing-baler-16x12.webp 16w\" sizes=\"auto, (max-width: 720px) 100vw, 720px\" \/><figcaption class=\"wp-element-caption\">Machine de ramassage et de broyage de paille<\/figcaption><\/figure>    <h2 class=\"wp-block-heading\">Param\u00e8tre de la machine automatique de r\u00e9colte de tiges de ma\u00efs et de mise en balle<\/h2>    <figure class=\"wp-block-table is-style-stripes\"><table><tbody><tr><td>Mod\u00e8le<\/td><td>Largeur de r\u00e9cup\u00e9ration (mm)<\/td><td>Efficacit\u00e9 de travail (acre\/jour)<\/td><td>Puissance (kw\/ml)<\/td><\/tr><tr><td>9YY-0.5<\/td><td>1650<\/td><td>30-50<\/td><td>&gt;50<\/td><\/tr><tr><td>9YY-0.7<\/td><td>1800<\/td><td>50-90<\/td><td>&gt;50<\/td><\/tr><\/tbody><\/table><figcaption class=\"wp-element-caption\">Param\u00e8tres de la machine automatique de r\u00e9colte et de mise en balle d'herbe <\/figcaption><\/figure>    <figure class=\"wp-block-image aligncenter size-full is-resized\"><img loading=\"lazy\" decoding=\"async\" width=\"720\" height=\"540\" src=\"https:\/\/www.agriculture-machine.com\/wp-content\/uploads\/2021\/11\/straw-harvester-machine-with-tractor.webp\" alt=\"Machine de r\u00e9colte et de mise en balle de paille ronde avec tracteur\" class=\"wp-image-16317\" style=\"width:720px;height:auto\" srcset=\"https:\/\/www.agriculture-machine.com\/wp-content\/uploads\/2021\/11\/straw-harvester-machine-with-tractor.webp 720w, https:\/\/www.agriculture-machine.com\/wp-content\/uploads\/2021\/11\/straw-harvester-machine-with-tractor-360x270.webp 360w, https:\/\/www.agriculture-machine.com\/wp-content\/uploads\/2021\/11\/straw-harvester-machine-with-tractor-240x180.webp 240w, https:\/\/www.agriculture-machine.com\/wp-content\/uploads\/2021\/11\/straw-harvester-machine-with-tractor-16x12.webp 16w\" sizes=\"auto, (max-width: 720px) 100vw, 720px\" \/><figcaption class=\"wp-element-caption\">Machine de r\u00e9colte de paille avec tracteur<\/figcaption><\/figure>    <h2 class=\"wp-block-heading\">Caract\u00e9ristique de la machine de broyage, de ramassage et de fixation de tiges rondes<\/h2>    <ul class=\"wp-block-list\"> <li>Fonctionnalit\u00e9 tout-en-un : broie, collecte et met en balle simultan\u00e9ment, \u00e9conomisant du travail et simplifiant les processus.<\/li>    <li>Op\u00e9ration \u00e0 haute efficacit\u00e9 : traite 0,82 \u00e0 1,3 acres de r\u00e9sidus de cultures par passage, augmentant consid\u00e9rablement la productivit\u00e9.<\/li>    <li>Balisage r\u00e9glable : personnalisez la longueur et les dimensions de la balle pour r\u00e9pondre aux exigences de transport et de stockage.<\/li>    <li>Flexibilit\u00e9 op\u00e9rationnelle : conception compacte adapt\u00e9e aux petites parcelles, facilement op\u00e9r\u00e9e par une seule personne.<\/li>    <li>Haute adaptabilit\u00e9 : compatible avec des tracteurs \u00e0 quatre roues de petite \u00e0 moyenne taille, fournissant une puissance stable et une large applicabilit\u00e9.<\/li>    <li>S\u00fbr et fiable : \u00e9quip\u00e9 d'un embrayage de s\u00e9curit\u00e9 et d'un m\u00e9canisme de boulon de cisaillement qui d\u00e9connecte automatiquement la puissance en cas de surcharge pour \u00e9viter les dommages.<\/li>    <li>Excellente qualit\u00e9 de balle : produit des balles denses mais respirantes, id\u00e9ales pour le stockage, le transport et l'utilisation ult\u00e9rieure.<\/li>    <li>Entretien facile : construction simple avec un faible taux de d\u00e9faillance, minimisant les co\u00fbts d'entretien et de r\u00e9paration de routine.<\/li> <\/ul>    <figure class=\"wp-block-image aligncenter size-large is-resized\"><img loading=\"lazy\" decoding=\"async\" width=\"720\" height=\"512\" src=\"https:\/\/www.agriculture-machine.com\/wp-content\/uploads\/2021\/11\/SL_04-720x512.jpg?v=1637396482\" alt=\"\" class=\"wp-image-12180\" style=\"width:536px;height:381px\" srcset=\"https:\/\/www.agriculture-machine.com\/wp-content\/uploads\/2021\/11\/SL_04-720x512.jpg 720w, https:\/\/www.agriculture-machine.com\/wp-content\/uploads\/2021\/11\/SL_04-360x256.jpg 360w, https:\/\/www.agriculture-machine.com\/wp-content\/uploads\/2021\/11\/SL_04.jpg 750w\" sizes=\"auto, (max-width: 720px) 100vw, 720px\" \/><\/figure>    <h2 class=\"wp-block-heading\">Pourquoi choisir notre machine de coupe, de ramassage et de fixation de paille ?<\/h2>    <p class=\"translation-block\">Que ce soit pour <a href=\"https:\/\/en.wikipedia.org\/wiki\/Straw\" target=\"_blank\" rel=\"noopener\">paille<\/a>, l'alimentation en silage, les r\u00e9serves de fourrage pour le b\u00e9tail ou l'approvisionnement en combustible de paille, notre \u00e9quipement vous aide \u00e0 \u00e9conomiser du temps et des co\u00fbts de main-d'\u0153uvre tout en relevant les d\u00e9fis li\u00e9s au transport et au stockage de la paille. <\/p>    <p class=\"translation-block\">Avec ses performances stables et sa large applicabilit\u00e9, il est devenu le choix id\u00e9al pour les agriculteurs et les grandes exploitations d'\u00e9levage. Nous disposons \u00e9galement de <strong><em><a href=\"https:\/\/www.agriculture-machine.com\/fr\/automatic-square-straw-picking-and-strapping-machine\/\">presse \u00e0 balle carr\u00e9e pour la collecte de paille<\/a><\/em><\/strong>. Contactez-nous d\u00e8s aujourd'hui pour plus de d\u00e9tails sur la machine et des devis de solutions personnalis\u00e9es !<\/p>","protected":false},"excerpt":{"rendered":"<p>La machine de r\u00e9colte et de mise en balle de paille ronde int\u00e8gre le broyage, le ramassage et le regroupement. Elle traite efficacement le ma\u00efs, le bl\u00e9, la luzerne et d'autres cultures, \u00e9tant largement utilis\u00e9e dans les fermes, les exploitations d'\u00e9levage et les installations de recyclage de paille.<\/p>","protected":false},"author":1,"featured_media":17579,"parent":0,"comment_status":"closed","ping_status":"closed","template":"","tags":[591,761],"product-type":[876,908],"class_list":["post-12170","product","type-product","status-publish","has-post-thumbnail","hentry","tag-silage","tag-straw","product-type-silage-machine","product-type-sliage-baler"],"_links":{"self":[{"href":"https:\/\/www.agriculture-machine.com\/fr\/wp-json\/wp\/v2\/product\/12170","targetHints":{"allow":["GET"]}}],"collection":[{"href":"https:\/\/www.agriculture-machine.com\/fr\/wp-json\/wp\/v2\/product"}],"about":[{"href":"https:\/\/www.agriculture-machine.com\/fr\/wp-json\/wp\/v2\/types\/product"}],"author":[{"embeddable":true,"href":"https:\/\/www.agriculture-machine.com\/fr\/wp-json\/wp\/v2\/users\/1"}],"replies":[{"embeddable":true,"href":"https:\/\/www.agriculture-machine.com\/fr\/wp-json\/wp\/v2\/comments?post=12170"}],"wp:featuredmedia":[{"embeddable":true,"href":"https:\/\/www.agriculture-machine.com\/fr\/wp-json\/wp\/v2\/media\/17579"}],"wp:attachment":[{"href":"https:\/\/www.agriculture-machine.com\/fr\/wp-json\/wp\/v2\/media?parent=12170"}],"wp:term":[{"taxonomy":"post_tag","embeddable":true,"href":"https:\/\/www.agriculture-machine.com\/fr\/wp-json\/wp\/v2\/tags?post=12170"},{"taxonomy":"product-type","embeddable":true,"href":"https:\/\/www.agriculture-machine.com\/fr\/wp-json\/wp\/v2\/product-type?post=12170"}],"curies":[{"name":"wp","href":"https:\/\/api.w.org\/{rel}","templated":true}]}}