{"id":1235,"date":"2018-10-22T06:37:03","date_gmt":"2018-10-21T22:37:03","guid":{"rendered":"https:\/\/www.agriculture-machine.com\/?p=1235"},"modified":"2026-02-25T16:55:39","modified_gmt":"2026-02-25T08:55:39","slug":"8-rows-rice-transplanter","status":"publish","type":"product","link":"https:\/\/www.agriculture-machine.com\/fr\/8-rows-rice-transplanter\/","title":{"rendered":"Transplanter de riz | Machine de transplantation de riz"},"content":{"rendered":"<h2 class=\"wp-block-heading\">Tapez une : machine de transplantation de riz \u00e0 8 rangs<\/h2>    <p>Le transplanter de riz \u00e0 8 rang\u00e9es a un grand avantage de capacit\u00e9 \u00e9lev\u00e9e. Les clients ayant une grande ferme ou souhaitant g\u00e9rer une entreprise de transplantation peuvent choisir ce mod\u00e8le. La machine \u00e0 planter le riz convient \u00e0 tous types de champs. La suspension suspendue peut ajuster la hauteur des plants de riz selon diff\u00e9rents champs. <\/p>    <p>L\u2019espace de plantation peut \u00eatre ajust\u00e9 selon les besoins du client. La distance entre rang\u00e9es est d\u2019environ 300mm et la distance entre buttes est de 120-140mm. Il est aliment\u00e9 par un moteur diesel 178F qui donne plus de puissance \u00e0 la machine.<\/p>    <h2 class=\"wp-block-heading\">Structure du transplanter \u00e0 8 rang\u00e9es<\/h2>    <p>Le transplanter \u00e0 8 rice mainly consists of a universal joint, square joint, transplant arm, planting needles, rear cover for chain box, delivery leather belt, V-belt, stylus pin, seeding backplate, and screw shaft.<\/p>    <figure class=\"wp-block-gallery has-nested-images columns-1 is-cropped wp-block-gallery-2 is-layout-flex wp-block-gallery-is-layout-flex\"> <figure class=\"wp-block-image aligncenter size-large\"><img loading=\"lazy\" decoding=\"async\" width=\"523\" height=\"540\" data-id=\"2112\" src=\"https:\/\/www.agriculture-machine.com\/wp-content\/uploads\/2018\/10\/8-row-rice-transplanter2-1-523x540.jpg\" alt=\"Transplanter le riz \u00e0 8 rang\u00e9es2\" class=\"wp-image-2112\" srcset=\"https:\/\/www.agriculture-machine.com\/wp-content\/uploads\/2018\/10\/8-row-rice-transplanter2-1-523x540.jpg 523w, https:\/\/www.agriculture-machine.com\/wp-content\/uploads\/2018\/10\/8-row-rice-transplanter2-1-262x270.jpg 262w, https:\/\/www.agriculture-machine.com\/wp-content\/uploads\/2018\/10\/8-row-rice-transplanter2-1.jpg 750w\" sizes=\"auto, (max-width: 523px) 100vw, 523px\" \/><figcaption class=\"wp-element-caption\">Transplanter le riz \u00e0 8 rang\u00e9es2<\/figcaption><\/figure> <\/figure>    <h2 class=\"wp-block-heading\">Avantage de notre transplanter<\/h2>    <ol class=\"wp-block-list\"> <li>Les planters de riz \u00e0 8 rang\u00e9es \u00e9conomisent du temps de travail, et deux personnes peuvent effectuer toutes les t\u00e2ches. L\u2019une conduit la machine, et l\u2019autre place les semis de riz.<\/li>    <li>La machine \u00e0 planter les semis est tr\u00e8s facile \u00e0 utiliser et a une longue dur\u00e9e de vie.<\/li>    <li>Une grande applicabilit\u00e9 peut garantir la boue de travail entre 15 et 35 cm.<\/li>    <li>La machine est facile \u00e0 d\u00e9placer m\u00eame dans un champ avec de l\u2019eau<\/li>    <li>Les semis peuvent \u00eatre plac\u00e9s verticalement et de mani\u00e8re ordonn\u00e9e dans le sol.<\/li>    <li>La bo\u00eete \u00e0 semis en acier inoxydable est durable.<\/li> <\/ol>    <figure class=\"wp-block-gallery has-nested-images columns-1 is-cropped wp-block-gallery-3 is-layout-flex wp-block-gallery-is-layout-flex\"> <figure class=\"wp-block-image aligncenter size-large\"><img loading=\"lazy\" decoding=\"async\" width=\"379\" height=\"540\" data-id=\"2113\" src=\"https:\/\/www.agriculture-machine.com\/wp-content\/uploads\/2018\/10\/8-row-rice-transplanter3-1-379x540.jpg\" alt=\"Transplanter le riz \u00e0 8 rang\u00e9es3\" class=\"wp-image-2113\" srcset=\"https:\/\/www.agriculture-machine.com\/wp-content\/uploads\/2018\/10\/8-row-rice-transplanter3-1-379x540.jpg 379w, https:\/\/www.agriculture-machine.com\/wp-content\/uploads\/2018\/10\/8-row-rice-transplanter3-1-190x270.jpg 190w, https:\/\/www.agriculture-machine.com\/wp-content\/uploads\/2018\/10\/8-row-rice-transplanter3-1.jpg 750w\" sizes=\"auto, (max-width: 379px) 100vw, 379px\" \/><figcaption class=\"wp-element-caption\">Transplanter le riz \u00e0 8 rang\u00e9es3<\/figcaption><\/figure> <\/figure>    <h2 class=\"wp-block-heading\">Param\u00e8tres techniques de cet \u00e9quipement<\/h2>    <figure class=\"wp-block-table is-style-stripes\"><table><tbody><tr><td>Mod\u00e8le<\/td><td>CY-8<\/td><\/tr><tr><td>Mod\u00e8le de moteur diesel<\/td><td>D\u00e9marrage manuel 178F<\/td><\/tr><tr><td>Puissance du moteur diesel (KW\/HP)<\/td><td>4.05\/5.5<\/td><\/tr><tr><td>Vitesse de rotation du moteur diesel (r\/min)<\/td><td>1800<\/td><\/tr><tr><td>Nombre de rang\u00e9es de transplantation<\/td><td>8<\/td><\/tr><tr><td>Distance entre rang\u00e9es (mm)<\/td><td>238mm<\/td><\/tr><tr><td>Distance entre buttes (mm)<\/td><td>120\/140\/160\/190mm<\/td><\/tr><tr><td>Efficacit\u00e9 de transplantation<\/td><td>0,5-0,75 acres\/H<\/td><\/tr><tr><td>Poids net<\/td><td>410kg<\/td><\/tr><tr><td>Dimension<\/td><td>2410*2165*1300mm<\/td><\/tr><tr><td>Poids brut<\/td><td>460kg<\/td><\/tr><tr><td>Taille d\u2019emballage<\/td><td>2810*1760*600mm<\/td><\/tr><\/tbody><\/table><figcaption class=\"wp-element-caption\">Donn\u00e9es techniques du transplanter de riz \u00e0 8 rang\u00e9es<\/figcaption><\/figure>    <h2 class=\"wp-block-heading\">Caract\u00e9ristiques du transplanter \u00e0 8 rang\u00e9es<\/h2>    <ol class=\"wp-block-list\"> <li>Ajustabilit\u00e9<br>Le dispositif hydraulique du transplanter de riz est important, ce qui d\u00e9pend de la condition du sol. Les op\u00e9rateurs peuvent ajuster le transplanter pour que la stationnarit\u00e9 de la machine puisse suivre la fr\u00e9quence de transplantation.<\/li>    <li>La profondeur d\u2019insertion des semis est r\u00e9glable<br>En g\u00e9n\u00e9ral, l\u2019espacement des plantes doit \u00eatre ajust\u00e9 selon les besoins du champ. Avant de travailler, il est n\u00e9cessaire de d\u00e9terminer la densit\u00e9 de transplantation du riz en fonction de l\u2019environnement de plantation local et des caract\u00e9ristiques du riz. De cette fa\u00e7on, le rendement du riz sera bon.<\/li>    <li>Performance sup\u00e9rieure<br>Notre transplanter de riz peut non seulement am\u00e9liorer l\u2019efficacit\u00e9 du travail mais aussi lib\u00e9rer un grand nombre de travailleurs ainsi qu\u2019optimiser la structure industrielle rurale.<\/li> <\/ol>    <figure class=\"wp-block-image alignnone size-full wp-image-2114\"><img loading=\"lazy\" decoding=\"async\" width=\"750\" height=\"853\" src=\"https:\/\/www.agriculture-machine.com\/wp-content\/uploads\/2018\/10\/8-row-rice-transplanter4-1.jpg\" alt=\"Transplanter le riz \u00e0 8 rang\u00e9es4\" class=\"wp-image-2114\" srcset=\"https:\/\/www.agriculture-machine.com\/wp-content\/uploads\/2018\/10\/8-row-rice-transplanter4-1.jpg 750w, https:\/\/www.agriculture-machine.com\/wp-content\/uploads\/2018\/10\/8-row-rice-transplanter4-1-237x270.jpg 237w, https:\/\/www.agriculture-machine.com\/wp-content\/uploads\/2018\/10\/8-row-rice-transplanter4-1-475x540.jpg 475w\" sizes=\"auto, (max-width: 750px) 100vw, 750px\" \/><figcaption class=\"wp-element-caption\">Transplanter le riz \u00e0 8 rang\u00e9es <\/figcaption><\/figure>    <h2 class=\"wp-block-heading\">Principe de fonctionnement du transplanter \u00e0 8 rang\u00e9es<\/h2>    <ol class=\"wp-block-list\"> <li>Les semis en \u00e9tat r\u00e9gulier sont plac\u00e9s de mani\u00e8re ordonn\u00e9e dans la bo\u00eete et d\u00e9plac\u00e9s lat\u00e9ralement.<\/li>    <li>Lorsque la machine \u00e0 transplanter le riz fonctionne, l\u2019aiguille de transplantation descend. Lorsqu\u2019elle atteint la profondeur r\u00e9gl\u00e9e, la fourche de plantation pousse le semis hors de l\u2019aiguille et en ins\u00e8re un certain nombre dans le sol.<\/li>    <li>En m\u00eame temps, le syst\u00e8me hydraulique peut contr\u00f4ler la position relative de la plaque flottante et de l\u2019aiguille \u00e0 semis pour maintenir une profondeur d\u2019insertion coh\u00e9rente.<\/li>    <li>Le transplanter effectue la m\u00eame action pour ramasser \u00e0 nouveau les semis.<\/li> <\/ol>    <h2 class=\"wp-block-heading\">Type deux : machine \u00e0 planter le riz \u00e0 6 rang\u00e9es<\/h2>    <p>Cette machine \u00e0 planter le riz \u00e0 6 rang\u00e9es est identique \u00e0 la transplantation de riz \u00e0 8 rang\u00e9es, \u00e9quip\u00e9e d\u2019une haute efficacit\u00e9 et compatible avec un moteur diesel 178F. La profondeur de la machine \u00e0 planter le riz peut \u00eatre modifiable, allant de 15cm \u00e0 35cm. <\/p>    <p>Il y a aussi un si\u00e8ge r\u00e9glable dans le transplanter de riz, ce qui permet aux utilisateurs de se sentir confortables. Les garde-semences peuvent assurer que les semis restent droits et ordonn\u00e9s.<\/p>    <h2 class=\"wp-block-heading\"><span style=\"color: #000000;\">Param\u00e8tre technique de la machine \u00e0 planter le riz \u00e0 6 rang\u00e9es<\/span><\/h2>    <figure class=\"wp-block-table is-style-stripes\"><table><tbody><tr><td>Mod\u00e8le<\/td><td>CY-6<\/td><\/tr><tr><td>Mod\u00e8le de moteur diesel<\/td><td>D\u00e9marrage manuel 175F<\/td><\/tr><tr><td>Puissance du moteur diesel (kw\/HP)<\/td><td>3.72\/5.5<\/td><\/tr><tr><td>Vitesse de rotation du moteur diesel (r\/min)<\/td><td>2600<\/td><\/tr><tr><td>Nombre de rang\u00e9es de transplantation<\/td><td>6<\/td><\/tr><tr><td>Distance entre rang\u00e9es (mm)<\/td><td>300mm<\/td><\/tr><tr><td>Distance entre buttes (mm)<\/td><td>120\/140mm<\/td><\/tr><tr><td>Efficacit\u00e9 de transplantation<\/td><td>0,35-0,5 acres\/H<\/td><\/tr><tr><td>Poids net<\/td><td>300kg<\/td><\/tr><tr><td>Dimension<\/td><td>2410*2132*1300mm<\/td><\/tr><tr><td>Poids brut<\/td><td>360kg<\/td><\/tr><tr><td>Taille d\u2019emballage<\/td><td>2250*1760*600mm<\/td><\/tr><\/tbody><\/table><figcaption class=\"wp-element-caption\">Donn\u00e9es d\u00e9taill\u00e9es du transplanter \u00e0 6 rang\u00e9es<\/figcaption><\/figure>    <figure class=\"wp-block-image aligncenter wp-image-3004 size-full\"><img loading=\"lazy\" decoding=\"async\" width=\"500\" height=\"500\" src=\"https:\/\/www.agriculture-machine.com\/wp-content\/uploads\/2018\/10\/22.jpg\" alt=\"Affichage de la machine\" class=\"wp-image-3004\" srcset=\"https:\/\/www.agriculture-machine.com\/wp-content\/uploads\/2018\/10\/22.jpg 500w, https:\/\/www.agriculture-machine.com\/wp-content\/uploads\/2018\/10\/22-270x270.jpg 270w\" sizes=\"auto, (max-width: 500px) 100vw, 500px\" \/><figcaption class=\"wp-element-caption\">Affichage de la machine<\/figcaption><\/figure>    <figure class=\"wp-block-image aligncenter wp-image-3006 size-full\"><img loading=\"lazy\" decoding=\"async\" width=\"500\" height=\"500\" src=\"https:\/\/www.agriculture-machine.com\/wp-content\/uploads\/2018\/10\/44.jpg\" alt=\"description du produit\" class=\"wp-image-3006\" srcset=\"https:\/\/www.agriculture-machine.com\/wp-content\/uploads\/2018\/10\/44.jpg 500w, https:\/\/www.agriculture-machine.com\/wp-content\/uploads\/2018\/10\/44-270x270.jpg 270w\" sizes=\"auto, (max-width: 500px) 100vw, 500px\" \/><figcaption class=\"wp-element-caption\">Description du produit<\/figcaption><\/figure>    <figure class=\"wp-block-image aligncenter wp-image-3009 size-full\"><img loading=\"lazy\" decoding=\"async\" width=\"500\" height=\"500\" src=\"https:\/\/www.agriculture-machine.com\/wp-content\/uploads\/2018\/10\/77.jpg\" alt=\"description du produit du transplanter de riz 2\" class=\"wp-image-3009\" srcset=\"https:\/\/www.agriculture-machine.com\/wp-content\/uploads\/2018\/10\/77.jpg 500w, https:\/\/www.agriculture-machine.com\/wp-content\/uploads\/2018\/10\/77-270x270.jpg 270w\" sizes=\"auto, (max-width: 500px) 100vw, 500px\" \/><figcaption class=\"wp-element-caption\">Description du produit du transplanter de riz<\/figcaption><\/figure>    <h2 class=\"wp-block-heading\">FAQ<\/h2>   <div id=\"rank-math-faq\" class=\"rank-math-block\"> <div class=\"rank-math-list\"> <div id=\"faq-question-1706172907425\" class=\"rank-math-list-item\"> <h3 class=\"rank-math-question\">L\u2019espacement des plantes et des rang\u00e9es est-il r\u00e9glable ?<\/h3> <div class=\"rank-math-answer\">  <p>L\u2019espacement des plantes peut \u00eatre de 120\/140\/160\/190mm, et l\u2019espacement entre les rang\u00e9es est de 238mm.<\/p>  <\/div> <\/div> <div id=\"faq-question-1706172915468\" class=\"rank-math-list-item\"> <h3 class=\"rank-math-question\">Que pensez-vous de l\u2019efficacit\u00e9 de ce machine ?<\/h3> <div class=\"rank-math-answer\">  <p>0,5-0,75 acres\/H.<\/p>  <\/div> <\/div> <div id=\"faq-question-1706172926072\" class=\"rank-math-list-item\"> <h3 class=\"rank-math-question\">Combien de personnes sont n\u00e9cessaires pour travailler ?<\/h3> <div class=\"rank-math-answer\">  <p>La profondeur de transplantation des semis est d\u00e9termin\u00e9e par l\u2019agriculteur lui-m\u00eame selon les exigences locales<br \/>M\u00e9thode de r\u00e9glage :<br \/>1. Desserrez le fil d\u2019acier de fixation, puis tournez la tige de levage.<br \/>2. Tourner la manette dans le sens des aiguilles d\u2019une montre pour une profondeur plus petite ; dans le sens inverse pour une profondeur plus grande.<br \/>3. Lorsque la profondeur de transplantation requise est atteinte, bloquez \u00e0 nouveau la tige filet\u00e9e avec le fil d\u2019acier de fixation.<\/p>  <\/div> <\/div> <\/div> <\/div>   <p class=\"translation-block\">Vous pouvez ouvrir le lien suivant pour voir <em><strong><a href=\"https:\/\/www.agriculture-machine.com\/fr\/walk-behind-rice-transplanter-rice-planting-machine\/\">les autres types de machines de transplantation de riz<\/a><\/strong><\/em>.<\/p>    <p>Si vous avez des questions ou souhaitez en savoir plus sur la machine, n\u2019h\u00e9sitez pas \u00e0 nous contacter. Nous r\u00e9pondrons patiemment \u00e0 votre service et fournirons la machine la plus adapt\u00e9e.<\/p>","protected":false},"excerpt":{"rendered":"<p>Le transplanter de riz r\u00e9alise une op\u00e9ration de transplantation efficace et pr\u00e9cise, ce qui am\u00e9liore efficacement la productivit\u00e9 de la culture du riz.<\/p>","protected":false},"author":1,"featured_media":3038,"parent":0,"comment_status":"closed","ping_status":"closed","template":"","tags":[2607,151],"product-type":[914],"class_list":["post-1235","product","type-product","status-publish","has-post-thumbnail","hentry","tag-nursery","tag-transplanter","product-type-rice-transplanter"],"_links":{"self":[{"href":"https:\/\/www.agriculture-machine.com\/fr\/wp-json\/wp\/v2\/product\/1235","targetHints":{"allow":["GET"]}}],"collection":[{"href":"https:\/\/www.agriculture-machine.com\/fr\/wp-json\/wp\/v2\/product"}],"about":[{"href":"https:\/\/www.agriculture-machine.com\/fr\/wp-json\/wp\/v2\/types\/product"}],"author":[{"embeddable":true,"href":"https:\/\/www.agriculture-machine.com\/fr\/wp-json\/wp\/v2\/users\/1"}],"replies":[{"embeddable":true,"href":"https:\/\/www.agriculture-machine.com\/fr\/wp-json\/wp\/v2\/comments?post=1235"}],"wp:featuredmedia":[{"embeddable":true,"href":"https:\/\/www.agriculture-machine.com\/fr\/wp-json\/wp\/v2\/media\/3038"}],"wp:attachment":[{"href":"https:\/\/www.agriculture-machine.com\/fr\/wp-json\/wp\/v2\/media?parent=1235"}],"wp:term":[{"taxonomy":"post_tag","embeddable":true,"href":"https:\/\/www.agriculture-machine.com\/fr\/wp-json\/wp\/v2\/tags?post=1235"},{"taxonomy":"product-type","embeddable":true,"href":"https:\/\/www.agriculture-machine.com\/fr\/wp-json\/wp\/v2\/product-type?post=1235"}],"curies":[{"name":"wp","href":"https:\/\/api.w.org\/{rel}","templated":true}]}}