{"id":12579,"date":"2022-01-21T17:00:56","date_gmt":"2022-01-21T09:00:56","guid":{"rendered":"https:\/\/www.agriculture-machine.com\/?p=12579"},"modified":"2024-03-19T14:20:11","modified_gmt":"2024-03-19T06:20:11","slug":"peanut-groundnut-shell-removing-machine","status":"publish","type":"product","link":"https:\/\/www.agriculture-machine.com\/fr\/peanut-groundnut-shell-removing-machine\/","title":{"rendered":"Machine de d\u00e9corticage de cacahu\u00e8tes"},"content":{"rendered":"<p>L'utilisation des machines de d\u00e9pelage de cacahu\u00e8tes est en hausse d'ann\u00e9e en ann\u00e9e. Cela s'explique par le fait que les cacahu\u00e8tes sont l'une des cultures ol\u00e9agineuses. Et les gens peuvent les consommer apr\u00e8s un traitement simple. La premi\u00e8re \u00e9tape du traitement des cacahu\u00e8tes est d'enlever leurs coquilles.<\/p>    <figure class=\"wp-block-image aligncenter size-full\"><img loading=\"lazy\" decoding=\"async\" width=\"720\" height=\"540\" src=\"https:\/\/www.agriculture-machine.com\/wp-content\/uploads\/2022\/01\/peanut-shell-removing-machine-for-sale.webp\" alt=\"machine d\u00e9pelage de cacahu\u00e8tes en vente\" class=\"wp-image-15636\" srcset=\"https:\/\/www.agriculture-machine.com\/wp-content\/uploads\/2022\/01\/peanut-shell-removing-machine-for-sale.webp 720w, https:\/\/www.agriculture-machine.com\/wp-content\/uploads\/2022\/01\/peanut-shell-removing-machine-for-sale-360x270.webp 360w, https:\/\/www.agriculture-machine.com\/wp-content\/uploads\/2022\/01\/peanut-shell-removing-machine-for-sale-240x180.webp 240w\" sizes=\"auto, (max-width: 720px) 100vw, 720px\" \/><figcaption class=\"wp-element-caption\">machine d\u00e9pelage de cacahu\u00e8tes en vente<\/figcaption><\/figure>    <p class=\"translation-block\">Maintenant, la zone de plantation des cacahu\u00e8tes est vaste et le rendement est \u00e9lev\u00e9. Par cons\u00e9quent, \u00e9plucher les cacahu\u00e8tes manuellement prendra beaucoup de main-d'\u0153uvre et de temps. L'utilisation d'un sheller de cacahu\u00e8tes peut r\u00e9soudre ce probl\u00e8me. Pour aider les gens \u00e0 gagner du temps et \u00e0 am\u00e9liorer l'efficacit\u00e9 du travail. Les cacahu\u00e8tes trait\u00e9es par le groundnut ont moins d'impuret\u00e9s et un taux de cassure plus faible. Et les gens peuvent exprimer l'huile en utilisant le <strong><em>screw oil press machine<\/em><\/strong>.<\/p>    <p class=\"translation-block\">Entre-temps, nous avons aussi d'autres types de machines de shellage de cacahu\u00e8tes disponibles, cliquez pour les d\u00e9tails: <a href=\"https:\/\/www.agriculture-machine.com\/fr\/peanut-groundmut-sheller-removing-machine\/\"><strong><em>Machine de d\u00e9pelage de cacahu\u00e8tes | enl\u00e8vement de coque de cacahu\u00e8te<\/em><\/strong><\/a>, <a href=\"https:\/\/www.agriculture-machine.com\/fr\/peanut-groundmut-sheller-removing-machine\/\"><strong><em>Machine de d\u00e9pelage de cacahu\u00e8tes | enl\u00e8vement de coque de cacahu\u00e8te<\/em><\/strong><\/a>, et <a href=\"https:\/\/www.agriculture-machine.com\/fr\/peanut-sheller\/\"><strong><em>Machine shelling de cacahu\u00e8tes \/ sheller de cacahu\u00e8tes usine<\/em><\/strong><\/a>.<\/p>    <h2 class=\"wp-block-heading\" id=\"h-introduction-of-the-peanut-shell-removing-machine\">Pr\u00e9sentation de la machine de d\u00e9pelage de coquille de cacahu\u00e8te<\/h2>    <p>Une machine de d\u00e9pelage de cacahu\u00e8tes est l'\u00e9quipement qui peut nettoyer les coquilles de cacahu\u00e8tes. Nous avons des mod\u00e8les complets de machines. Et diff\u00e9rents mod\u00e8les ont des capacit\u00e9s diff\u00e9rentes. Ce passage parle de la machine TBH-200 de d\u00e9pelage de cacahu\u00e8tes, qui peut traiter 200 kg de graines de groundnut par heure.<\/p>    <p>Le shelling de cacahu\u00e8tes pr\u00e9sente des avantages tels qu'un appareil compact, l\u00e9ger, facile \u00e0 d\u00e9placer, facile \u00e0 installer, haute efficacit\u00e9 de production et bon effet de nettoyage. Vous pouvez donc emporter cette machine sur le terrain pour travailler. Pour le groudnut TBH-200, il n'y a qu'un seul \u00e9cran. Et nous avons diff\u00e9rents \u00e9crans qui ont des \u00e9cartements diff\u00e9rents. Nous vous recommanderons un \u00e9cran \u00e0 \u00e9cartement adapt\u00e9. Quant \u00e0 la puissance, notre machine de d\u00e9pelage de cacahu\u00e8tes peut fonctionner avec un moteur \u00e9lectrique ou, un moteur \u00e0 essence.<\/p>    <figure class=\"wp-block-image aligncenter size-full\"><img loading=\"lazy\" decoding=\"async\" width=\"720\" height=\"540\" src=\"https:\/\/www.agriculture-machine.com\/wp-content\/uploads\/2022\/01\/q1-1.jpg\" alt=\"\" class=\"wp-image-12585\" srcset=\"https:\/\/www.agriculture-machine.com\/wp-content\/uploads\/2022\/01\/q1-1.jpg 720w, https:\/\/www.agriculture-machine.com\/wp-content\/uploads\/2022\/01\/q1-1-360x270.jpg 360w, https:\/\/www.agriculture-machine.com\/wp-content\/uploads\/2022\/01\/q1-1-240x180.jpg 240w\" sizes=\"auto, (max-width: 720px) 100vw, 720px\" \/><figcaption class=\"wp-element-caption\"> machine de d\u00e9pelage de cacahu\u00e8tes <\/figcaption><\/figure>    <h2 class=\"wp-block-heading\">Structure de la machine \u00e0 sheller de groundnut<\/h2>    <p>La machine \u00e0 sheller de groundnut est principalement compos\u00e9e d'une entr\u00e9e, d'un \u00e9cran, d'un rouleau, d'un arbre, d'une sortie de noyau de cacahu\u00e8te, d'un ventilateur, d'une source d'alimentation (moteur \u00e9lectrique, moteur \u00e0 essence), etc.<\/p>    <figure class=\"wp-block-image aligncenter size-full\"><img loading=\"lazy\" decoding=\"async\" width=\"720\" height=\"540\" src=\"https:\/\/www.agriculture-machine.com\/wp-content\/uploads\/2022\/01\/\u5728\u6587\u7ae0\u91cc720540-1.jpg\" alt=\"machine \u00e0 sheller de groundnut\" class=\"wp-image-12589\" title=\"machine \u00e0 sheller de groundnut\" srcset=\"https:\/\/www.agriculture-machine.com\/wp-content\/uploads\/2022\/01\/\u5728\u6587\u7ae0\u91cc720540-1.jpg 720w, https:\/\/www.agriculture-machine.com\/wp-content\/uploads\/2022\/01\/\u5728\u6587\u7ae0\u91cc720540-1-360x270.jpg 360w, https:\/\/www.agriculture-machine.com\/wp-content\/uploads\/2022\/01\/\u5728\u6587\u7ae0\u91cc720540-1-240x180.jpg 240w\" sizes=\"auto, (max-width: 720px) 100vw, 720px\" \/><figcaption class=\"wp-element-caption\"> machine \u00e0 sheller de groundnut <\/figcaption><\/figure>    <h2 class=\"wp-block-heading\">Flux de travail du sheller de cacahu\u00e8tes<\/h2>    <ol class=\"wp-block-list\"> <li>Tout d'abord, d\u00e9marrez le sheller de groundnut. Puis mettez les cacahu\u00e8tes dans l'entr\u00e9e de fa\u00e7on quantitative, uniforme et continue.<\/li>    <li>Deuxi\u00e8mement, la coquille de cacahu\u00e8te est cass\u00e9e sous les coups r\u00e9p\u00e9t\u00e9s, les frottements et la collision du rotor.<\/li>    <li>Troisi\u00e8mement, sous la pression du vent en rotation et le souffle du rotor, les grains de cacahu\u00e8te et les coquilles cass\u00e9es passent \u00e0 travers un tamis.<\/li>    <li>Ensuite, le ventilateur tournant soufflera la coque de cacahu\u00e8te hors de cette machine de d\u00e9pelage. Les grains de cacahu\u00e8te seront pass\u00e9s au crible par un tamis vibrant pour atteindre l'objectif de nettoyage.<\/li> <\/ol>    <h2 class=\"wp-block-heading\">Vid\u00e9o de travail de la d\u00e9pelage de cacahu\u00e8tes<\/h2>    <figure class=\"wp-block-embed is-type-video is-provider-youtube wp-block-embed-youtube wp-embed-aspect-16-9 wp-has-aspect-ratio\"><div class=\"wp-block-embed__wrapper\"> <iframe loading=\"lazy\" title=\"Vid\u00e9o de retour du machine \u00e0 d\u00e9cortiquer la cacahu\u00e8te \/ machine \u00e0 d\u00e9cortiquer la cacahu\u00e8te \/ machine \u00e0 d\u00e9cortiquer la cacahu\u00e8te\" width=\"500\" height=\"281\" src=\"https:\/\/www.youtube.com\/embed\/dxo5IU9mOk4?feature=oembed\" frameborder=\"0\" allow=\"accelerometer; autoplay; clipboard-write; encrypted-media; gyroscope; picture-in-picture; web-share\" referrerpolicy=\"strict-origin-when-cross-origin\" allowfullscreen><\/iframe> <\/div><figcaption class=\"wp-element-caption\"> Vid\u00e9o de travail de la d\u00e9pelage de cacahu\u00e8tes <\/figcaption><\/figure>    <h2 class=\"wp-block-heading\">Param\u00e8tre de la machine d\u00e9pelage de groundnut<\/h2>    <figure class=\"wp-block-table is-style-stripes\"><table><tbody><tr><td>Mod\u00e8le<\/td><td>TBH-200<\/td><\/tr><tr><td>Puissance<\/td><td>moteur \u00e0 essence ou moteur \u00e9lectrique<\/td><\/tr><tr><td>Capacit\u00e9<\/td><td>200-300kg\/h<\/td><\/tr><tr><td>Poids<\/td><td>65 kg<\/td><\/tr><tr><td>Taille<\/td><td>650*560*1000mm<\/td><\/tr><tr><td>MOQ<\/td><td>10 pi\u00e8ces<\/td><\/tr><\/tbody><\/table><figcaption class=\"wp-element-caption\"> Param\u00e8tre de la machine d\u00e9pelage de groundnut <\/figcaption><\/figure>    <h2 class=\"wp-block-heading\">Avantages du shelling de cacahu\u00e8tes<\/h2>    <ol class=\"wp-block-list\"> <li>Haute productivit\u00e9. capacit\u00e9 de 200-300 kg\/h. Et d\u00e9pelage propre. Les cacahu\u00e8tes apr\u00e8s d\u00e9pelage contiennent presque pas d'impuret\u00e9s.<\/li>    <li>Taux de perte faible et faible taux de rupture. Il y a tr\u00e8s peu de noyaux de cacahu\u00e8tes cass\u00e9s.<\/li>    <li>La structure est simple, l'utilisation est fiable. La machine \u00e0 sheller de cacahu\u00e8tes a une longue dur\u00e9e de vie.<\/li>    <li>L'ajustement est pratique et la consommation d'\u00e9nergie est faible.&nbsp;<\/li> <\/ol>    <figure class=\"wp-block-image aligncenter size-full\"><img loading=\"lazy\" decoding=\"async\" width=\"720\" height=\"540\" src=\"https:\/\/www.agriculture-machine.com\/wp-content\/uploads\/2022\/01\/\u6587\u7ae0\u91cc-1.jpg\" alt=\"machine d&#039;\u00e9pluchage de cacahu\u00e8tes\" class=\"wp-image-12590\" title=\"machine d&#039;\u00e9pluchage de cacahu\u00e8tes\" srcset=\"https:\/\/www.agriculture-machine.com\/wp-content\/uploads\/2022\/01\/\u6587\u7ae0\u91cc-1.jpg 720w, https:\/\/www.agriculture-machine.com\/wp-content\/uploads\/2022\/01\/\u6587\u7ae0\u91cc-1-360x270.jpg 360w, https:\/\/www.agriculture-machine.com\/wp-content\/uploads\/2022\/01\/\u6587\u7ae0\u91cc-1-240x180.jpg 240w\" sizes=\"auto, (max-width: 720px) 100vw, 720px\" \/><figcaption class=\"wp-element-caption\"> machine d'\u00e9pluchage de cacahu\u00e8tes <\/figcaption><\/figure>    <h2 class=\"wp-block-heading\">Pr\u00e9cautions de la machine d\u00e9pelage de groundnut<\/h2>    <p>1.Avant l'utilisation, v\u00e9rifiez si les fixations sont serr\u00e9es. Si la partie tournante est flexible et s'il y a de l'huile lubrifiante dans chaque roulement.<\/p>    <p>2. Nous devrions alimenter les cacahu\u00e8tes uniform\u00e9ment et en quantit\u00e9 appropri\u00e9e. Le mat\u00e9riau ne doit pas contenir des copeaux de fer, des pierres et d'autres impuret\u00e9s pour \u00e9viter de casser les cacahu\u00e8tes et provoquer des pannes m\u00e9caniques.<\/p>    <p>3. Avant de stocker la machine, retirez la poussi\u00e8re, la salet\u00e9 et les graines restantes \u00e0 la surface de la machine. Puis repeignez les parties peintes. Apr\u00e8s que la peinture soit s\u00e8che, couvrez la machine et stockez-la dans un entrep\u00f4t sec. Nous devrions retirer la courroie et l'accrocher sur un mur int\u00e9rieur qui n'est pas expos\u00e9 au soleil.<\/p>    <h2 class=\"wp-block-heading\">Contactez-nous \u00e0 tout moment<\/h2>    <p>Si vous \u00eates int\u00e9ress\u00e9 par notre avanc\u00e9e petite machine de d\u00e9pelage de cacahu\u00e8tes, n'h\u00e9sitez pas \u00e0 contacter notre \u00e9quipe professionnelle pour plus de d\u00e9tails. De plus, nous vous invitons chaleureusement \u00e0 visiter notre usine et \u00e0 d\u00e9couvrir par vous-m\u00eame les performances de nos machines. Nous sommes impatients de vous fournir les meilleurs produits et services de qualit\u00e9\u00a0!<\/p>","protected":false},"excerpt":{"rendered":"<p>Cette machine d\u00e9pelage de cacahu\u00e8tes est une machine efficace et pratique con\u00e7ue pour les petits agriculteurs et les ateliers de transformation. Son design compact et sa performance puissante en font l'id\u00e9al pour le shelling de groundnut. <\/p>","protected":false},"author":1,"featured_media":12584,"parent":0,"comment_status":"closed","ping_status":"closed","template":"","tags":[548,649,520,107,108,519,2450],"product-type":[895],"class_list":["post-12579","product","type-product","status-publish","has-post-thumbnail","hentry","tag-groundnut-shell-removing-machine","tag-groundnut-shelling","tag-groundnut-shelling-machine","tag-peanut-sheller","tag-peanut-sheller-machine","tag-peanut-shelling-machine","tag-peanut-shelling-machine-for-home","product-type-peanut-sheller"],"_links":{"self":[{"href":"https:\/\/www.agriculture-machine.com\/fr\/wp-json\/wp\/v2\/product\/12579","targetHints":{"allow":["GET"]}}],"collection":[{"href":"https:\/\/www.agriculture-machine.com\/fr\/wp-json\/wp\/v2\/product"}],"about":[{"href":"https:\/\/www.agriculture-machine.com\/fr\/wp-json\/wp\/v2\/types\/product"}],"author":[{"embeddable":true,"href":"https:\/\/www.agriculture-machine.com\/fr\/wp-json\/wp\/v2\/users\/1"}],"replies":[{"embeddable":true,"href":"https:\/\/www.agriculture-machine.com\/fr\/wp-json\/wp\/v2\/comments?post=12579"}],"wp:featuredmedia":[{"embeddable":true,"href":"https:\/\/www.agriculture-machine.com\/fr\/wp-json\/wp\/v2\/media\/12584"}],"wp:attachment":[{"href":"https:\/\/www.agriculture-machine.com\/fr\/wp-json\/wp\/v2\/media?parent=12579"}],"wp:term":[{"taxonomy":"post_tag","embeddable":true,"href":"https:\/\/www.agriculture-machine.com\/fr\/wp-json\/wp\/v2\/tags?post=12579"},{"taxonomy":"product-type","embeddable":true,"href":"https:\/\/www.agriculture-machine.com\/fr\/wp-json\/wp\/v2\/product-type?post=12579"}],"curies":[{"name":"wp","href":"https:\/\/api.w.org\/{rel}","templated":true}]}}