{"id":12594,"date":"2022-01-25T18:19:44","date_gmt":"2022-01-25T10:19:44","guid":{"rendered":"https:\/\/www.agriculture-machine.com\/?p=12594"},"modified":"2024-10-24T14:11:32","modified_gmt":"2024-10-24T06:11:32","slug":"industrial-combined-peanut-groundnut-shelling-machine","status":"publish","type":"product","link":"https:\/\/www.agriculture-machine.com\/fr\/industrial-combined-peanut-groundnut-shelling-machine\/","title":{"rendered":"Machine industrielle combin\u00e9e d'\u00e9pluchage de cacahu\u00e8tes et de coque"},"content":{"rendered":"<p class=\"translation-block\">En plus des petits mod\u00e8les adapt\u00e9s \u00e0 un usage domestique, <a href=\"https:\/\/www.agriculture-machine.com\/fr\/thresher-sheller\/peanut-sheller\/\">les enleve-coque de cacahu\u00e8tes<\/a> ont \u00e9galement des mod\u00e8les plus grands destin\u00e9s \u00e0 un usage industriel. G\u00e9n\u00e9ralement, la machine de d\u00e9corticage de groundnut sera utilis\u00e9e avec une machine de nettoyage de cacahu\u00e8tes. Cette unit\u00e9 de d\u00e9corticage de cacahu\u00e8tes de grande taille poss\u00e8de les caract\u00e9ristiques d'un pelage propre, d'une haute efficacit\u00e9 de travail et d'un faible taux d'impuret\u00e9s. De plus, ces caract\u00e9ristiques r\u00e9pondent aux exigences de l'usine pour traiter de grandes quantit\u00e9s de cacahu\u00e8tes chaque jour.\u00a0<\/p>    <figure class=\"wp-block-embed aligncenter is-type-video is-provider-youtube wp-block-embed-youtube wp-embed-aspect-16-9 wp-has-aspect-ratio\"><div class=\"wp-block-embed__wrapper\"> <iframe loading=\"lazy\" title=\"R\u00e9volution dans le traitement du groundnut : unit\u00e9 innovante d&#039;\u00e9pluchage de cacahu\u00e8tes (nettoyage &amp; coque) !#cacahu\u00e8te\" width=\"500\" height=\"281\" src=\"https:\/\/www.youtube.com\/embed\/egCUZvfcnFI?feature=oembed\" frameborder=\"0\" allow=\"accelerometer; autoplay; clipboard-write; encrypted-media; gyroscope; picture-in-picture; web-share\" referrerpolicy=\"strict-origin-when-cross-origin\" allowfullscreen><\/iframe> <\/div><figcaption class=\"wp-element-caption\">Vid\u00e9o de fonctionnement de la machine combin\u00e9e d'\u00e9pluchage de cacahu\u00e8tes et de groundnut<\/figcaption><\/figure>    <p>En conditions normales, ces cacahu\u00e8tes sont utilis\u00e9es pour fabriquer des aliments non de base ou pour extraire l'huile de cacahu\u00e8te. L'huile de cacahu\u00e8te est une huile que les gens consomment souvent dans la vie quotidienne. Pour traiter l'huile de cacahu\u00e8te, une machine d'extraction d'huile \u00e0 vis peut \u00eatre utilis\u00e9e. De plus, la presse \u00e0 huile \u00e0 vis peut \u00e9galement traiter le s\u00e9same, le soja et d'autres mat\u00e9riaux.<\/p>    <h2 class=\"wp-block-heading\" id=\"h-brief-introduction-of-the-industrial-peanut-shelling-machine\">Br\u00e8ve introduction de la machine industrielle combin\u00e9e d'\u00e9pluchage de cacahu\u00e8tes et de groundnut<\/h2>    <p>Our 6BHX series industrial combined peanut groundnut shelling machine includes 4 models. And in this passage, I will introduce the model of 6BHX-1500. This model of peanut shell remover&#8217;s capacity is 1000kg per hour. The power provider is an electric motor. <\/p>    <p>De plus, cette machine d'enl\u00e8vement de coque de cacahu\u00e8tes poss\u00e8de 2 \u00e9crans, ce qui peut d\u00e9cortiquer le nettoyeur de cacahu\u00e8tes. La diff\u00e9rence entre le d\u00e9cortiqueur de cacahu\u00e8tes de petite taille et cette machine combin\u00e9e d'\u00e9pluchage de groundnut est qu'elle fonctionne avec le nettoyeur de cacahu\u00e8tes.<\/p>    <p>Le nettoyeur de cacahu\u00e8tes peut enlever les mottes, les particules m\u00e9talliques, les tiges de cacahu\u00e8tes, etc., m\u00e9lang\u00e9s dans les cacahu\u00e8tes avec un ventilateur. Ensuite, les cacahu\u00e8tes propres seront envoy\u00e9es \u00e0 la machine d'enl\u00e8vement de coque de cacahu\u00e8tes. Par rapport \u00e0 d'autres machines de d\u00e9pelliculage de cacahu\u00e8tes, cette s\u00e9rie de machines peut produire moins de poussi\u00e8re. Et elle peut aider l'usine \u00e0 traiter de grandes quantit\u00e9s de cacahu\u00e8tes. \u00a0\u00a0<\/p>    <figure class=\"wp-block-image aligncenter size-full is-resized\"><img loading=\"lazy\" decoding=\"async\" width=\"720\" height=\"540\" src=\"https:\/\/www.agriculture-machine.com\/wp-content\/uploads\/2023\/03\/industrial-peanut-shelling-machine-.webp\" alt=\"Machine industrielle d&#039;\u00e9pluchage de cacahu\u00e8tes\" class=\"wp-image-14501\" style=\"width:720px;height:540px\" title=\"Machine industrielle d&#039;\u00e9pluchage de cacahu\u00e8tes\"\/><\/figure>    <h2 class=\"wp-block-heading\">Structure de la machine combin\u00e9e d'\u00e9pluchage de cacahu\u00e8tes et de groundnut<\/h2>    <p>1. Structure du syst\u00e8me d'\u00e9pluchage<\/p>    <p>Elle se compose d'un moteur \u00e9lectrique, d'un hopper d'alimentation, d'une structure de d\u00e9corticage, d'un tamis de tri, d'un vilebrequin, d'un ventilateur d'aspiration, etc.<\/p>    <p>2. Structure du syst\u00e8me de nettoyage de cacahu\u00e8tes<\/p>    <p>Elle comprend un moteur \u00e9lectrique, un hopper d'alimentation, un tamis de tri, un vilebrequin, un ventilateur d'aspiration et un dispositif de transport d'air.<\/p>    <figure class=\"wp-block-image aligncenter size-full\"><img loading=\"lazy\" decoding=\"async\" width=\"720\" height=\"540\" src=\"https:\/\/www.agriculture-machine.com\/wp-content\/uploads\/2023\/03\/combined-groundnut-shelling-machine-s-structure-.webp\" alt=\"structure de la machine combin\u00e9e d&#039;\u00e9pluchage de groundnut\" class=\"wp-image-14504\" title=\"structure de la machine combin\u00e9e d&#039;\u00e9pluchage de groundnut\"\/><\/figure>    <h2 class=\"wp-block-heading\">Principe de fonctionnement de la machine industrielle de d\u00e9corticage de groundnut<\/h2>    <p>1. Syst\u00e8me de nettoyage de cacahu\u00e8tes<\/p>    <p>Verser d'abord les cacahu\u00e8tes avec impuret\u00e9s dans le hopper et les faire passer dans le tamis de tri. Ensuite, le tamis de tri aspire les feuilles cass\u00e9es et la poussi\u00e8re flottante hors de la machine via le ventilateur d'aspiration et le vilebrequin. <\/p>    <p>Les d\u00e9bris lourds (sol, roches) sont tri\u00e9s \u00e0 travers le tamis de tri. Puis sortent de la machine par le port de d\u00e9charge divers. Les cacahu\u00e8tes apr\u00e8s \u00e9limination des impuret\u00e9s descendent du surface du tamis et entrent dans le dispositif de transport a\u00e9rien. Enfin, la force de l'air transporte les cacahu\u00e8tes dans le hopper du syst\u00e8me de d\u00e9corticage.<\/p>    <p>2. Syst\u00e8me de d\u00e9corticage<\/p>    <p>Les cacahu\u00e8tes dans le hopper d'alimentation entrent dans le tambour d'\u00e9pluchage correspondant. Les cacahu\u00e8tes sont pel\u00e9es par la force de frottement r\u00e9p\u00e9t\u00e9e entre la nervure et la cage. Lors du traitement, tous les mat\u00e9riaux m\u00e9lang\u00e9s apr\u00e8s d\u00e9corticage entrent dans le tamis de tri et de classement. <\/p>    <p>Les coques de cacahu\u00e8tes sont \u00e9vacu\u00e9es de la machine combin\u00e9e d'\u00e9pluchage de cacahu\u00e8tes et de groundnut par le ventilateur d'aspiration. Sur le tamis de tri et de classement, les noyaux de cacahu\u00e8tes voyagent de la surface du tamis jusqu'\u00e0 la sortie de la machine.\u00a0<\/p>    <figure class=\"wp-block-image aligncenter size-full\"><img loading=\"lazy\" decoding=\"async\" width=\"720\" height=\"540\" src=\"https:\/\/www.agriculture-machine.com\/wp-content\/uploads\/2023\/03\/Industrial-combined-peanut-groundnut-shelling-machine-.webp\" alt=\"Machine industrielle combin\u00e9e d&#039;\u00e9pluchage de cacahu\u00e8tes et de coque\" class=\"wp-image-14512\" title=\"Machine industrielle combin\u00e9e d&#039;\u00e9pluchage de cacahu\u00e8tes et de coque\"\/><\/figure>    <h2 class=\"wp-block-heading\">Vid\u00e9o de fonctionnement de la machine combin\u00e9e d'\u00e9pluchage de cacahu\u00e8tes<\/h2>    <figure class=\"wp-block-embed aligncenter is-type-video is-provider-youtube wp-block-embed-youtube wp-embed-aspect-16-9 wp-has-aspect-ratio\"><div class=\"wp-block-embed__wrapper\"> <iframe loading=\"lazy\" title=\"Taux de d\u00e9corticage parfait ! Machine combin\u00e9e d&#039;\u00e9pluchage de groundnut \/ machine de nettoyage de cacahu\u00e8tes\" width=\"500\" height=\"281\" src=\"https:\/\/www.youtube.com\/embed\/OdT4xxAK-3k?feature=oembed\" frameborder=\"0\" allow=\"accelerometer; autoplay; clipboard-write; encrypted-media; gyroscope; picture-in-picture; web-share\" referrerpolicy=\"strict-origin-when-cross-origin\" allowfullscreen><\/iframe> <\/div><figcaption class=\"wp-element-caption\">Vid\u00e9o de fonctionnement de la machine combin\u00e9e d'\u00e9pluchage de cacahu\u00e8tes et de groundnut <\/figcaption><\/figure>    <h2 class=\"wp-block-heading\">Param\u00e8tre de la d\u00e9cortiqueuse de groundnut 6BHX-1500<\/h2>    <figure class=\"wp-block-table is-style-stripes\"><table><tbody><tr><td>Mod\u00e8le<\/td><td>6BHX-1500<\/td><\/tr><tr><td>Capacit\u00e9<\/td><td>1000kg\/h<\/td><\/tr><tr><td>Taux de d\u00e9corticage (%)<\/td><td>\u226599<\/td><\/tr><tr><td>Taux de nettoyage (%)<\/td><td>\u226599<\/td><\/tr><tr><td>Taux de casse (%)<\/td><td>\u22645<\/td><\/tr><tr><td>Taux de perte (%)<\/td><td>\u22640.5<\/td><\/tr><tr><td>Humidit\u00e9 (%)<\/td><td>10<\/td><\/tr><tr><td>Moteur d'\u00e9pluchage<\/td><td>1.5KW 3KW<\/td><\/tr><tr><td>Moteur de nettoyage<\/td><td>2.2KW<\/td><\/tr><tr><td>Poids<\/td><td>520kg<\/td><\/tr><tr><td>Taille<\/td><td>1500*1050*1460mm<\/td><\/tr><\/tbody><\/table><figcaption class=\"wp-element-caption\"> Param\u00e8tre de la d\u00e9cortiqueuse de groundnut 6BHX-1500 <\/figcaption><\/figure>    <h2 class=\"wp-block-heading\">Avantages de la machine industrielle d'\u00e9pluchage de cacahu\u00e8tes<\/h2>    <p>1. Tri en suspension pour ne manquer aucune cacahu\u00e8te avec coque.<\/p>    <p>2. Le rouleau a des tourbillons gauche et droit et le taux d'\u00e9pluchage est plus \u00e9lev\u00e9.<\/p>    <p>3. La bo\u00eete \u00e0 tamis vibrante scell\u00e9e a un taux de nettoyage plus \u00e9lev\u00e9 et emp\u00eache la poussi\u00e8re de voler.<\/p>    <p>4. Les coques de cacahu\u00e8tes \u00e9cras\u00e9es sont souffl\u00e9es par un ventilateur sp\u00e9cial, qui peut \u00eatre utilis\u00e9 directement comme engrais. <\/p>    <h2 class=\"wp-block-heading\">Comment choisir la bonne machine industrielle d'\u00e9pluchage de cacahu\u00e8tes pour vos besoins ?<\/h2>    <ol class=\"wp-block-list\"> <li>Capacit\u00e9 : D\u00e9terminez le nombre de cacahu\u00e8tes \u00e0 \u00e9plucher par heure. Cela vous aide \u00e0 choisir une machine industrielle <a href=\"https:\/\/www.agriculture-machine.com\/fr\/combined-peanut-cleaning-and-shelling-machine\/\">machine d'\u00e9pluchage de cacahu\u00e8tes<\/a> mod\u00e8le qui r\u00e9pond \u00e0 vos besoins.<\/li>    <li>Bonne performance de travail : Faites attention si le taux de cassure des noyaux de cacahu\u00e8tes est \u00e9lev\u00e9. Choisissez une enleve-coque de groundnut avec un taux de cassure plus faible.<\/li>    <li>Puissance : Les \u00e9plucheuses de cacahu\u00e8tes peuvent \u00eatre \u00e9quip\u00e9es de moteurs \u00e9lectriques, moteurs diesel, etc. Choisissez la puissance de l'\u00e9plucheuse de cacahu\u00e8tes qui r\u00e9pond \u00e0 vos besoins. <\/li>    <li>budget : Diff\u00e9rents mod\u00e8les d'enleve-coque de cacahu\u00e8tes ont des prix diff\u00e9rents, donc les clients peuvent choisir l'\u00e9quipement d'\u00e9pluchage de cacahu\u00e8tes adapt\u00e9 \u00e0 leur budget.<\/li>    <li>Marque et retour client : Faites attention \u00e0 v\u00e9rifier les retours des clients sur le fabricant de la machine d'\u00e9pluchage de cacahu\u00e8tes \u00e0 vendre.<\/li> <\/ol>    <figure class=\"wp-block-image aligncenter size-full\"><img loading=\"lazy\" decoding=\"async\" width=\"720\" height=\"540\" src=\"https:\/\/www.agriculture-machine.com\/wp-content\/uploads\/2023\/03\/groundnut-shell-remover-2.webp\" alt=\"Enlever la coque de cacahu\u00e8te\" class=\"wp-image-14509\" title=\"Enlever la coque de cacahu\u00e8te\"\/><\/figure>    <h2 class=\"wp-block-heading\">Quels sont les avantages de l'utilisation d'un enleve-coque de groundnut ?<\/h2>    <ol class=\"wp-block-list\"> <li>Haute efficacit\u00e9 : La machine d'enl\u00e8vement de coque de groundnut a un taux de d\u00e9corticage \u00e9lev\u00e9 et un taux de dommage faible, permettant de traiter un grand nombre de cacahu\u00e8tes en peu de temps. Cela permet d'\u00e9conomiser du temps et des co\u00fbts de main-d'\u0153uvre.<\/li>    <li>Qualit\u00e9 am\u00e9lior\u00e9e : Cette machine d'\u00e9pluchage de cacahu\u00e8tes en vente produit des cacahu\u00e8tes propres et non endommag\u00e9es, am\u00e9liorant ainsi la qualit\u00e9 des cacahu\u00e8tes d\u00e9cortiqu\u00e9es. Cela augmente \u00e9galement leur valeur sur le march\u00e9. <\/li>    <li>Polyvalence : La d\u00e9cortiqueuse automatique de cacahu\u00e8tes peut d\u00e9cortiquer diff\u00e9rents types de cacahu\u00e8tes, y compris espagnoles, Virginia et Valencia. Une gamme plus large d'applications. <\/li>    <li>Facile \u00e0 utiliser : La machine industrielle d'\u00e9pluchage de cacahu\u00e8tes est facile \u00e0 op\u00e9rer et peut \u00eatre apprise rapidement.<\/li>    <li>Durable et fiable : L'\u00e9plucheuse automatique de cacahu\u00e8tes est construite avec des mat\u00e9riaux de haute qualit\u00e9, ce qui la rend plus durable et fiable. Elle r\u00e9duit \u00e9galement le nombre de r\u00e9parations et le co\u00fbt.<\/li> <\/ol>    <figure class=\"wp-block-image aligncenter size-full\"><img loading=\"lazy\" decoding=\"async\" width=\"720\" height=\"540\" src=\"https:\/\/www.agriculture-machine.com\/wp-content\/uploads\/2023\/03\/industrial-peanut-shelling-machine-1-1.webp\" alt=\"Machine industrielle d&#039;\u00e9pluchage de cacahu\u00e8tes \" class=\"wp-image-14505\" title=\"Machine industrielle d&#039;\u00e9pluchage de cacahu\u00e8tes \"\/><\/figure>    <p>Si vous \u00eates int\u00e9ress\u00e9 par cette machine combin\u00e9e d'\u00e9pluchage de groundnut, n'h\u00e9sitez pas \u00e0 nous contacter pour plus de photos, vid\u00e9os et un devis. Nous esp\u00e9rons collaborer avec vous.<\/p>","protected":false},"excerpt":{"rendered":"<p>In addition to small models suitable for home use, peanut shellers\u00a0also have larger models apply to factory use. Usually, the peanut shelling machine\u00a0will be used with a peanut cleaning machine. <\/p>","protected":false},"author":1,"featured_media":14499,"parent":0,"comment_status":"closed","ping_status":"closed","template":"","tags":[797,2613],"product-type":[895],"class_list":["post-12594","product","type-product","status-publish","has-post-thumbnail","hentry","tag-peanut","tag-peeling","product-type-peanut-sheller"],"_links":{"self":[{"href":"https:\/\/www.agriculture-machine.com\/fr\/wp-json\/wp\/v2\/product\/12594","targetHints":{"allow":["GET"]}}],"collection":[{"href":"https:\/\/www.agriculture-machine.com\/fr\/wp-json\/wp\/v2\/product"}],"about":[{"href":"https:\/\/www.agriculture-machine.com\/fr\/wp-json\/wp\/v2\/types\/product"}],"author":[{"embeddable":true,"href":"https:\/\/www.agriculture-machine.com\/fr\/wp-json\/wp\/v2\/users\/1"}],"replies":[{"embeddable":true,"href":"https:\/\/www.agriculture-machine.com\/fr\/wp-json\/wp\/v2\/comments?post=12594"}],"wp:featuredmedia":[{"embeddable":true,"href":"https:\/\/www.agriculture-machine.com\/fr\/wp-json\/wp\/v2\/media\/14499"}],"wp:attachment":[{"href":"https:\/\/www.agriculture-machine.com\/fr\/wp-json\/wp\/v2\/media?parent=12594"}],"wp:term":[{"taxonomy":"post_tag","embeddable":true,"href":"https:\/\/www.agriculture-machine.com\/fr\/wp-json\/wp\/v2\/tags?post=12594"},{"taxonomy":"product-type","embeddable":true,"href":"https:\/\/www.agriculture-machine.com\/fr\/wp-json\/wp\/v2\/product-type?post=12594"}],"curies":[{"name":"wp","href":"https:\/\/api.w.org\/{rel}","templated":true}]}}