{"id":12621,"date":"2022-01-26T17:28:30","date_gmt":"2022-01-26T09:28:30","guid":{"rendered":"https:\/\/www.agriculture-machine.com\/?p=12621"},"modified":"2024-09-18T16:22:10","modified_gmt":"2024-09-18T08:22:10","slug":"4-row-peanut-groundnut-seed-planter-equipment","status":"publish","type":"product","link":"https:\/\/www.agriculture-machine.com\/fr\/4-row-peanut-groundnut-seed-planter-equipment\/","title":{"rendered":"\u00c9quipement de planteuse de graines de cacahu\u00e8te \u00e0 4 rangs"},"content":{"rendered":"<p>As one of the world&#8217;s oil crops, peanuts are cultivated in large areas all over the world by using peanut seed planter equipment. Nowadays, with the development of agricultural technology, people usually use peanut seed planter equipment instead of manpower. The use of peanut seed planter machines saves a lot of manpower and improves work efficiency. <\/p>    <p>A good peanut planter\u2019s function can improve the survival rate of peanuts and increase the yield of peanut planting. And now there are many different models and functions of groundnut seed planters on the market, which can meet people&#8217;s different needs.<\/p>    <figure class=\"wp-block-embed is-type-video is-provider-youtube wp-block-embed-youtube wp-embed-aspect-16-9 wp-has-aspect-ratio\"><div class=\"wp-block-embed__wrapper\"> <iframe loading=\"lazy\" title=\"Ceci est la machine semoir \u00e0 arachides \u00e0 4 rang\u00e9es multifonction\" width=\"500\" height=\"281\" src=\"https:\/\/www.youtube.com\/embed\/tW-xiob16FQ?feature=oembed\" frameborder=\"0\" allow=\"accelerometer; autoplay; clipboard-write; encrypted-media; gyroscope; picture-in-picture; web-share\" referrerpolicy=\"strict-origin-when-cross-origin\" allowfullscreen><\/iframe> <\/div><figcaption class=\"wp-element-caption\">Vid\u00e9o de fonctionnement du semoir \u00e0 arachides<\/figcaption><\/figure>    <h2 class=\"wp-block-heading\" id=\"h-introduction-of-4-row-peanut-seed-planter\">Introduction du semoir \u00e0 arachides \u00e0 4 rang\u00e9es<\/h2>    <p>Gr\u00e2ce \u00e0 notre recherche et d\u00e9veloppement continus de semoirs \u00e0 arachides, nous produisons maintenant des machines de semis \u00e0 plusieurs rang\u00e9es de haute qualit\u00e9. Cette s\u00e9rie de semoirs \u00e0 arachides comprend 2, 4, 6 et 8 rang\u00e9es. <\/p>    <p>Le reste de cet article pr\u00e9sente principalement le mod\u00e8le 2BH-4 de machine \u00e0 semer les arachides. Ce mod\u00e8le de semoir \u00e0 arachides peut semer quatre rang\u00e9es d'arachides. En plus de la fonction de semis. <\/p>    <p>Le semoir \u00e0 arachides \u00e0 4 rang\u00e9es peut \u00e9galement fonctionner comme fertilisation, paillage, semis en cr\u00eate et semis au sol. Ainsi, les clients peuvent choisir les fonctions correspondantes selon leurs propres besoins. <\/p>    <p class=\"translation-block\">La machine doit fonctionner avec un tracteur, la connexion \u00e9tant une suspension \u00e0 trois points. La machine est simple \u00e0 installer et facile \u00e0 utiliser. Nous disposons \u00e9galement de\u00a0cueilleurs d'arachides, de r\u00e9colteuses d'arachides, et<a href=\"https:\/\/www.agriculture-machine.com\/fr\/peanut-groundnut-shell-removing-machine\/\"> machine de d\u00e9corticage d'arachides<\/a>. La combinaison des trois machines peut grandement am\u00e9liorer l'efficacit\u00e9 de la production et la main-d'\u0153uvre. Et les utilisateurs peuvent choisir diff\u00e9rentes machines selon leurs besoins.<\/p>    <figure class=\"wp-block-gallery has-nested-images columns-default is-cropped wp-block-gallery-2 is-layout-flex wp-block-gallery-is-layout-flex\"> <figure class=\"wp-block-image size-large\"><img loading=\"lazy\" decoding=\"async\" width=\"720\" height=\"540\" data-id=\"12630\" src=\"https:\/\/www.agriculture-machine.com\/wp-content\/uploads\/2022\/01\/3.jpg\" alt=\"\u00c9quipement de semoir \u00e0 4 rang\u00e9es \u00e0 l&#039;avant\" class=\"wp-image-12630\" srcset=\"https:\/\/www.agriculture-machine.com\/wp-content\/uploads\/2022\/01\/3.jpg 720w, https:\/\/www.agriculture-machine.com\/wp-content\/uploads\/2022\/01\/3-360x270.jpg 360w, https:\/\/www.agriculture-machine.com\/wp-content\/uploads\/2022\/01\/3-240x180.jpg 240w\" sizes=\"auto, (max-width: 720px) 100vw, 720px\" \/><figcaption class=\"wp-element-caption\">\u00c9quipement de semoir \u00e0 4 rang\u00e9es \u00e0 l'avant<\/figcaption><\/figure>    <figure class=\"wp-block-image size-large\"><img loading=\"lazy\" decoding=\"async\" width=\"720\" height=\"540\" data-id=\"12631\" src=\"https:\/\/www.agriculture-machine.com\/wp-content\/uploads\/2022\/01\/4.jpg\" alt=\"\" class=\"wp-image-12631\" srcset=\"https:\/\/www.agriculture-machine.com\/wp-content\/uploads\/2022\/01\/4.jpg 720w, https:\/\/www.agriculture-machine.com\/wp-content\/uploads\/2022\/01\/4-360x270.jpg 360w, https:\/\/www.agriculture-machine.com\/wp-content\/uploads\/2022\/01\/4-240x180.jpg 240w\" sizes=\"auto, (max-width: 720px) 100vw, 720px\" \/><figcaption class=\"wp-element-caption\"> Semoir \u00e0 arachides \u00e0 4 rang\u00e9es lat\u00e9ral  <\/figcaption><\/figure> <figcaption class=\"blocks-gallery-caption wp-element-caption\"> Semoir \u00e0 arachides \u00e0 4 rang\u00e9es <\/figcaption><\/figure>    <h2 class=\"wp-block-heading\">Structure du semoir \u00e0 arachides \u00e0 4 rang\u00e9es<\/h2>    <p>Le semoir \u00e0 arachides \u00e0 4 rang\u00e9es poss\u00e8de les principales pi\u00e8ces : un cadre, une bo\u00eete \u00e0 engrais, une bo\u00eete \u00e0 semences, un syst\u00e8me de contr\u00f4le de semis, un dispositif de cr\u00e9ation de cr\u00eates (roue de semis au sol) et un trancher.<\/p>    <figure class=\"wp-block-image aligncenter size-full\"><img loading=\"lazy\" decoding=\"async\" width=\"720\" height=\"540\" src=\"https:\/\/www.agriculture-machine.com\/wp-content\/uploads\/2022\/01\/2.jpg\" alt=\"Structure du semoir \u00e0 arachides \u00e0 4 rang\u00e9es\" class=\"wp-image-12632\" title=\"Structure du semoir \u00e0 arachides \u00e0 4 rang\u00e9es\" srcset=\"https:\/\/www.agriculture-machine.com\/wp-content\/uploads\/2022\/01\/2.jpg 720w, https:\/\/www.agriculture-machine.com\/wp-content\/uploads\/2022\/01\/2-360x270.jpg 360w, https:\/\/www.agriculture-machine.com\/wp-content\/uploads\/2022\/01\/2-240x180.jpg 240w\" sizes=\"auto, (max-width: 720px) 100vw, 720px\" \/><figcaption class=\"wp-element-caption\"> Structure du semoir \u00e0 arachides \u00e0 4 rang\u00e9es <\/figcaption><\/figure>    <h2 class=\"wp-block-heading\">Principe de fonctionnement du semoir \u00e0 arachides<\/h2>    <ol class=\"wp-block-list\"> <li>Lors de l'utilisation du semoir \u00e0 arachides, la quantit\u00e9 de semis est contr\u00f4l\u00e9e pr\u00e9cis\u00e9ment par le syst\u00e8me de contr\u00f4le de semis. Cela garantit que les graines sont plac\u00e9es r\u00e9guli\u00e8rement dans la couche de sol.<\/li>    <li>Le trancher de la planteuse d'arachides creuse la couche de sol et applique de l'engrais. Cette action favorise la germination naturelle des graines. De plus, cela r\u00e9duit le besoin de retirer manuellement les pousses d'arachide en exc\u00e8s et am\u00e9liore l'efficacit\u00e9 du travail.<\/li>    <li>Le semoir \u00e0 arachides peut r\u00e9aliser en une seule fois la fertilisation, le semis, la pulv\u00e9risation, le paillage et la cr\u00e9ation de cr\u00eates.<\/li> <\/ol>    <h2 class=\"wp-block-heading\">Vid\u00e9o de fonctionnement du semoir \u00e0 arachides \u00e0 4 rang\u00e9es<\/h2>    <figure class=\"wp-block-embed is-type-video is-provider-youtube wp-block-embed-youtube wp-embed-aspect-16-9 wp-has-aspect-ratio\"><div class=\"wp-block-embed__wrapper\"> <iframe loading=\"lazy\" title=\"Machine de plantation d&#039;arachides \/ semoir \u00e0 arachides \/ semoir \u00e0 4 rang\u00e9es\" width=\"500\" height=\"281\" src=\"https:\/\/www.youtube.com\/embed\/g6o8jZJtyzg?feature=oembed\" frameborder=\"0\" allow=\"accelerometer; autoplay; clipboard-write; encrypted-media; gyroscope; picture-in-picture; web-share\" referrerpolicy=\"strict-origin-when-cross-origin\" allowfullscreen><\/iframe> <\/div><figcaption class=\"wp-element-caption\"> Vid\u00e9o de fonctionnement du semoir \u00e0 arachides \u00e0 4 rang\u00e9es <\/figcaption><\/figure>    <h2 class=\"wp-block-heading\">Param\u00e8tre du semoir \u00e0 arachides<\/h2>    <figure class=\"wp-block-table is-style-stripes\"><table><tbody><tr><td>Mod\u00e8le<\/td><td>2BH-4<\/td><\/tr><tr><td>Espace entre les rang\u00e9es<\/td><td>23,48 cm<\/td><\/tr><tr><td>Rang<\/td><td>4 rang\u00e9es<\/td><\/tr><tr><td>Puissance<\/td><td>22-36 kW<\/td><\/tr><tr><td>Largeur de travail<\/td><td>1420 mm<\/td><\/tr><tr><td>Diam\u00e8tre de la roue de sol<\/td><td>40 cm<\/td><\/tr><\/tbody><\/table><figcaption class=\"wp-element-caption\"> Param\u00e8tre du semoir \u00e0 arachides <\/figcaption><\/figure>    <h2 class=\"wp-block-heading\">Pourquoi choisir notre semoir \u00e0 arachides ?<\/h2>    <ol class=\"wp-block-list\"> <li>Les boulons sup\u00e9rieurs du semoir \u00e0 arachides sont tous des boulons \u00e0 haute r\u00e9sistance avec une classe de performance de 8.8.<\/li>    <li>Cette s\u00e9rie de semoirs \u00e0 arachides est \u00e9quip\u00e9e d'une cr\u00eate frontale, d'une premi\u00e8re cr\u00eate, puis du semis. Cela garantit une profondeur de semis constante, une germination rapide, des taux de germination \u00e9lev\u00e9s et des rendements moyens plus \u00e9lev\u00e9s.<\/li>    <li>Le diam\u00e8tre de la roue de sol a \u00e9t\u00e9 augment\u00e9 de 480 mm, ce qui rend la hauteur de l'ensemble de l'\u00e9quipement semoir \u00e0 arachides sup\u00e9rieure de 50 mm \u00e0 celle d'avant. Compar\u00e9 \u00e0 la petite roue de sol traditionnelle, il est moins susceptible de congestion, avec une meilleure passage.<\/li>    <li>Le dispositif de dosage \u00e0 double rang\u00e9e peut r\u00e9duire efficacement la congestion et convient \u00e0 la semence directe apr\u00e8s la r\u00e9colte du bl\u00e9.<\/li>    <li>Recherche et d\u00e9veloppement coop\u00e9ratif d'un dispositif de dosage de semences plus pr\u00e9cis. Ainsi, les graines ont des grains uniformes, moins de graines pourries et un espacement des plantes plus s\u00fbr.<\/li>    <li>Nous pouvons ajuster la largeur de la cr\u00eate entre 60 et 70 cm, ce qui permet de l'adapter \u00e0 diff\u00e9rentes conditions locales. Ainsi, le semoir \u00e0 semis d'arachides a une gamme d'application plus large.<\/li> <\/ol>    <p>Si vous \u00eates int\u00e9ress\u00e9 par notre \u00e9quipement de semoir \u00e0 arachides ou souhaitez obtenir plus de d\u00e9tails, n'h\u00e9sitez pas \u00e0 contacter notre \u00e9quipe commerciale. Nous nous engageons \u00e0 fournir des solutions de machinerie agricole efficaces et fiables pour rendre votre travail agricole plus facile et plus agr\u00e9able.<\/p>","protected":false},"excerpt":{"rendered":"<p>Cet article concerne l'\u00e9quipement de semoir \u00e0 arachides \u00e0 4 rang\u00e9es, qui peut r\u00e9aliser le creusement, la fertilisation, le semis et la couverture du sol en une seule op\u00e9ration. <\/p>","protected":false},"author":1,"featured_media":12629,"parent":0,"comment_status":"closed","ping_status":"closed","template":"","tags":[797,492],"product-type":[884,870],"class_list":["post-12621","product","type-product","status-publish","has-post-thumbnail","hentry","tag-peanut","tag-planter","product-type-peanut-planter","product-type-planter"],"_links":{"self":[{"href":"https:\/\/www.agriculture-machine.com\/fr\/wp-json\/wp\/v2\/product\/12621","targetHints":{"allow":["GET"]}}],"collection":[{"href":"https:\/\/www.agriculture-machine.com\/fr\/wp-json\/wp\/v2\/product"}],"about":[{"href":"https:\/\/www.agriculture-machine.com\/fr\/wp-json\/wp\/v2\/types\/product"}],"author":[{"embeddable":true,"href":"https:\/\/www.agriculture-machine.com\/fr\/wp-json\/wp\/v2\/users\/1"}],"replies":[{"embeddable":true,"href":"https:\/\/www.agriculture-machine.com\/fr\/wp-json\/wp\/v2\/comments?post=12621"}],"wp:featuredmedia":[{"embeddable":true,"href":"https:\/\/www.agriculture-machine.com\/fr\/wp-json\/wp\/v2\/media\/12629"}],"wp:attachment":[{"href":"https:\/\/www.agriculture-machine.com\/fr\/wp-json\/wp\/v2\/media?parent=12621"}],"wp:term":[{"taxonomy":"post_tag","embeddable":true,"href":"https:\/\/www.agriculture-machine.com\/fr\/wp-json\/wp\/v2\/tags?post=12621"},{"taxonomy":"product-type","embeddable":true,"href":"https:\/\/www.agriculture-machine.com\/fr\/wp-json\/wp\/v2\/product-type?post=12621"}],"curies":[{"name":"wp","href":"https:\/\/api.w.org\/{rel}","templated":true}]}}