{"id":12636,"date":"2022-01-27T17:12:03","date_gmt":"2022-01-27T09:12:03","guid":{"rendered":"https:\/\/www.agriculture-machine.com\/?p=12636"},"modified":"2024-08-20T17:41:30","modified_gmt":"2024-08-20T09:41:30","slug":"peanut-picking-machine","status":"publish","type":"product","link":"https:\/\/www.agriculture-machine.com\/fr\/peanut-picking-machine\/","title":{"rendered":"Petite machine de cueille des arachides et d\u2019autres arachides"},"content":{"rendered":"<p>La petite machine de cueille des arachides est un type d\u2019\u00e9quipement m\u00e9canique qui peut cueillir automatiquement les fruits. Son utilisation peut aider les cultivateurs ou op\u00e9rateurs agricoles \u00e0 produire rapidement. La machine \u00e0 cueillir des arachides pr\u00e9sente les caract\u00e9ristiques d\u2019une faible consommation, d\u2019un bon effet de cueillette et d\u2019un faible taux de casse.\u00a0<\/p>    <p>Ce type de machine de cueillette des arachides est adapt\u00e9e \u00e0 un usage domestique. Parce qu\u2019elle peut r\u00e9pondre aux besoins quotidiens de traitement des arachides des gens. Normalement, avant d\u2019utiliser cette machine, les arachides avec une tige doivent \u00eatre s\u00e9ch\u00e9es pendant environ deux jours.<\/p>    <figure class=\"wp-block-embed is-type-video is-provider-youtube wp-block-embed-youtube wp-embed-aspect-16-9 wp-has-aspect-ratio\"><div class=\"wp-block-embed__wrapper\"> <iframe loading=\"lazy\" title=\"machine \u00e0 cueillir les arachides\/ machine \u00e0 cueillir les arachides\/ retour sur la machine de retrait d\u2019arachide du Sri Lanka\/ machine d\u2019\u00e9granage des arachides\" width=\"500\" height=\"281\" src=\"https:\/\/www.youtube.com\/embed\/O1wqgGvVLIU?feature=oembed\" frameborder=\"0\" allow=\"accelerometer; autoplay; clipboard-write; encrypted-media; gyroscope; picture-in-picture; web-share\" referrerpolicy=\"strict-origin-when-cross-origin\" allowfullscreen><\/iframe> <\/div><figcaption class=\"wp-element-caption\">Vid\u00e9o de fonctionnement d\u2019une petite machine de cueille des arachides et d\u2019autres arachides<\/figcaption><\/figure>    <h2 class=\"wp-block-heading\" id=\"h-brief-introduction-of-small-peanut-picking-machine\">Br\u00e8ve introduction de la petite machine de cueille des arachides<\/h2>    <p>Cet article concerne une petite machine de cueille des arachides. Nous avons deux types de machines de cueille des arachides. L\u2019un est la petite machine s\u00e8che de cueillir des arachides et l\u2019autre est une machine de cueille des arachides de grande taille. <\/p>    <p>La petite arachide<\/p>    <p> le collecteur peut traiter 800-100 kg d\u2019arachides par heure. Par ailleurs, le taux de cueillette de la machine \u00e0 cueillir des arachides peut atteindre 99% et le taux de casse et d\u2019impuret\u00e9s est inf\u00e9rieur \u00e0 1%. De plus, il y a un \u00e9l\u00e9vateur avec un crochet m\u00e9tallique \u00e0 la sortie des arachides, vous pouvez y accrocher un sac. Donc, il est pratique pour nous de collecter les arachides.<\/p>    <p class=\"translation-block\">La puissance de cette machine peut \u00eatre un moteur \u00e9lectrique ou un moteur diesel. En m\u00eame temps, si vous le souhaitez, nous pouvons installer la base avec des roues, ce qui vous permet de d\u00e9placer facilement cette cueilleuse d\u2019arachides partout. En plus des machines \u00e0 cueillir des arachides, nous avons aussi <a href=\"https:\/\/www.agriculture-machine.com\/fr\/peanut-harvester\/\">des machines de r\u00e9colte d\u2019arachides<\/a>. Et travailler ensemble avec deux machines peut grandement am\u00e9liorer l\u2019efficacit\u00e9 et la qualit\u00e9 du travail.<\/p>    <figure class=\"wp-block-image aligncenter size-full is-resized\"><img loading=\"lazy\" decoding=\"async\" width=\"720\" height=\"540\" src=\"https:\/\/www.agriculture-machine.com\/wp-content\/uploads\/2022\/01\/IMG_9124_\u526f\u672c.jpg\" alt=\"petite machine de cueille des arachides\" class=\"wp-image-12641\" title=\"petite machine de cueille des arachides\" srcset=\"https:\/\/www.agriculture-machine.com\/wp-content\/uploads\/2022\/01\/IMG_9124_\u526f\u672c.jpg 720w, https:\/\/www.agriculture-machine.com\/wp-content\/uploads\/2022\/01\/IMG_9124_\u526f\u672c-360x270.jpg 360w, https:\/\/www.agriculture-machine.com\/wp-content\/uploads\/2022\/01\/IMG_9124_\u526f\u672c-240x180.jpg 240w\" sizes=\"auto, (max-width: 720px) 100vw, 720px\" \/><figcaption class=\"wp-element-caption\">petite machine de cueille des arachides<\/figcaption><\/figure>    <h2 class=\"wp-block-heading\" id=\"structure-of-the-groundnut-picking-machine\">Structure de la petite machine de cueille des arachides et d\u2019autres arachides<\/h2>    <p>Cette petite machine de cueille des arachides et d\u2019autres arachides comprend principalement une entr\u00e9e, un syst\u00e8me de cueillette, une grande sortie d\u2019impuret\u00e9s, une sortie d\u2019arachides, des sorties d\u2019impuret\u00e9s l\u00e9g\u00e8res, un \u00e9l\u00e9vateur, un ventilateur et une alimentation \u00e9lectrique.<\/p>    <figure class=\"wp-block-gallery has-nested-images columns-default is-cropped wp-block-gallery-2 is-layout-flex wp-block-gallery-is-layout-flex\"> <figure class=\"wp-block-image size-large\"><img loading=\"lazy\" decoding=\"async\" width=\"720\" height=\"540\" data-id=\"12643\" src=\"https:\/\/www.agriculture-machine.com\/wp-content\/uploads\/2022\/01\/1-1.jpg\" alt=\"Structure de la machine de cueille des arachides\" class=\"wp-image-12643\" srcset=\"https:\/\/www.agriculture-machine.com\/wp-content\/uploads\/2022\/01\/1-1.jpg 720w, https:\/\/www.agriculture-machine.com\/wp-content\/uploads\/2022\/01\/1-1-360x270.jpg 360w, https:\/\/www.agriculture-machine.com\/wp-content\/uploads\/2022\/01\/1-1-240x180.jpg 240w\" sizes=\"auto, (max-width: 720px) 100vw, 720px\" \/><figcaption class=\"wp-element-caption\"> machine de cueille des arachides et autres arachides<\/figcaption><\/figure>    <figure class=\"wp-block-image size-large\"><img loading=\"lazy\" decoding=\"async\" width=\"720\" height=\"540\" data-id=\"12642\" src=\"https:\/\/www.agriculture-machine.com\/wp-content\/uploads\/2022\/01\/2-1.jpg\" alt=\"Structure de la machine de cueille des arachides\" class=\"wp-image-12642\" title=\"Structure de la machine de cueille des arachides\" srcset=\"https:\/\/www.agriculture-machine.com\/wp-content\/uploads\/2022\/01\/2-1.jpg 720w, https:\/\/www.agriculture-machine.com\/wp-content\/uploads\/2022\/01\/2-1-360x270.jpg 360w, https:\/\/www.agriculture-machine.com\/wp-content\/uploads\/2022\/01\/2-1-240x180.jpg 240w\" sizes=\"auto, (max-width: 720px) 100vw, 720px\" \/><figcaption class=\"wp-element-caption\">groundnut picking machine&#8217;s structure<\/figcaption><\/figure> <figcaption class=\"blocks-gallery-caption wp-element-caption\">petite machine de cueille des arachides et d\u2019autres arachides<\/figcaption><\/figure>    <h2 class=\"wp-block-heading\" id=\"what-is-the-working-flow-of-the-peanut-picker-work\">Quel est le flux de travail de la machine de cueille des arachides<\/h2>    <ol class=\"wp-block-list\"> <li>Nous devons faire s\u00e9cher les arachides pendant deux jours avant d\u2019utiliser la machine.<\/li>    <li>Lorsque nous utilisons cette petite machine de cueille des arachides et d\u2019arachides, d\u00e9marrez la machine d\u2019abord et mettez les arachides avec tige dans l\u2019entr\u00e9e de la machine.<\/li>    <li>Les arachides entrent dans le syst\u00e8me de cueillette. Le syst\u00e8me de cueillette s\u00e9parera l\u2019arachide de la tige et de la feuille.<\/li>    <li>Puis le ventilateur soufflera la tige, les feuilles et les grosses impuret\u00e9s par la grande sortie d\u2019impuret\u00e9s. En m\u00eame temps, les fruits et les tiges plus lourdes (en petites quantit\u00e9s) tombent sur le tamis de tri.<\/li>    <li>Ensuite, les fruits et une petite quantit\u00e9 de tiges, le bloc de boue s\u2019\u00e9coule par la sortie du tamis de tri. Les tiges et le sol tombent au sol par le tamis inf\u00e9rieur.<\/li>    <li>Enfin, le fruit d\u2019arachide tombera dans l\u2019\u00e9l\u00e9vateur. Un \u00e9l\u00e9vateur d\u00e9posera l\u2019arachide dans le sac suspendu \u00e0 l\u2019\u00e9l\u00e9vateur.<\/li> <\/ol>    <h2 class=\"wp-block-heading\" id=\"parameter-of-the-small-dry-peanut-picking-machine\">Param\u00e8tres de la petite machine s\u00e8che de cueillir des arachides<\/h2>    <figure class=\"wp-block-table is-style-stripes\"><table><tbody><tr><td>Mod\u00e8le<\/td><td>5HZ-600<\/td><\/tr><tr><td>Taille<\/td><td>1960*1500*1370mm<\/td><\/tr><tr><td>Poids<\/td><td>150Kg<\/td><\/tr><tr><td>Puissance<\/td><td>moteur de 7,5 kW, moteur diesel de 10 HP<\/td><\/tr><tr><td>Capacit\u00e9<\/td><td>800-1000kg\/h<\/td><\/tr><tr><td>Taux de cueillette<\/td><td>&gt;99%<\/td><\/tr><tr><td>Taux de rupture<\/td><td>\uff1c1%<\/td><\/tr><tr><td>Taux d'impuret\u00e9<\/td><td>\uff1c1%<\/td><\/tr><\/tbody><\/table><figcaption class=\"wp-element-caption\">Param\u00e8tres de la petite machine s\u00e8che de cueillir des arachides<\/figcaption><\/figure>    <h2 class=\"wp-block-heading\" id=\"advantages-of-high-output-groundnut-picking-machine\">Avantages de la machine de cueille de d\u2019arachides \u00e0 haute production<\/h2>    <ol class=\"wp-block-list\"> <li>La machine \u00e0 cueillir des arachides compl\u00e8te a une structure raisonnable et est facile \u00e0 d\u00e9placer.<\/li>    <li>Cette machine \u00e0 cueillir des arachides a un taux \u00e9lev\u00e9 de suppression de tiges. Tous les arachides apr\u00e8s traitement ne contiennent ni tiges ni feuilles.<\/li>    <li>De plus, le taux de cassure de notre petite machine de cueille des arachides et d\u2019arachides est inf\u00e9rieur \u00e0 1%.<\/li>    <li>Haute efficacit\u00e9, la capacit\u00e9 de notre petite machine polyvalente de cueille des arachides peut atteindre 800-100 kg par heure. Cette production peut r\u00e9pondre aux besoins de la plupart des agriculteurs.<\/li> <\/ol>    <h2 class=\"wp-block-heading\" id=\"how-to-maintain-the-peanut-picking-machine\">Comment entretenir la machine cueilleuse d\u2019arachides<\/h2>    <ol class=\"wp-block-list\"> <li>Avant que la petite machine s\u00e8che de cueille d\u2019arachides ne fonctionne, toutes les pi\u00e8ces de la machine doivent \u00eatre inspect\u00e9es pour garantir leur bon fonctionnement.<\/li>    <li>Veillez \u00e0 bien waterproofing lorsque non utilis\u00e9 pour \u00e9viter la corrosion et les dommages des diff\u00e9rentes pi\u00e8ces dus au contact avec l\u2019eau.<\/li>    <li>Pour les pi\u00e8ces sujettes \u00e0 l\u2019usure de la machine \u00e0 cueillir les arachides, nous devrions appliquer fr\u00e9quemment l\u2019huile lubrifiante pour prot\u00e9ger le bon fonctionnement des pi\u00e8ces. Surtout certaines pi\u00e8ces m\u00e9talliques expos\u00e9es devraient \u00eatre peintes pour pr\u00e9venir la rouille.<\/li> <\/ol>    <p>Pour obtenir des informations plus d\u00e9taill\u00e9es sur notre petite machine de cueille des arachides et d\u2019arachides, ou pour exp\u00e9rimenter et comprendre par vous-m\u00eame notre processus de production, n\u2019h\u00e9sitez pas \u00e0 contacter notre \u00e9quipe professionnelle. Nous avons h\u00e2te de votre visite et vous invitons \u00e0 venir dans notre usine pour discuter de la meilleure fa\u00e7on de mieux r\u00e9pondre \u00e0 vos besoins agricoles. Notre \u00e9quipe sera heureuse de vous apporter son soutien et son service.<\/p>","protected":false},"excerpt":{"rendered":"<p>La petite machine de cueille des arachides est un \u00e9quipement qui peut cueillir les fruits automatiquement, ce qui peut aider les op\u00e9rateurs \u00e0 produire rapidement et obtenir des fruits d\u2019arachide complets.<\/p>","protected":false},"author":1,"featured_media":12640,"parent":0,"comment_status":"closed","ping_status":"closed","template":"","tags":[2538,2532,2534,2527,2536,509,2525,2529,2540],"product-type":[890],"class_list":["post-12636","product","type-product","status-publish","has-post-thumbnail","hentry","tag-dry-peanut-picker","tag-groundnut-picking-machine","tag-high-efficiency-peanut-picking-machine","tag-mini-peanut-picker","tag-multifunctional-peanut-picking-machine","tag-peanut-picker","tag-peanut-picker-machine","tag-small-peanut-picker","tag-wholesale-peanut-picker-machine","product-type-peanut-picker"],"_links":{"self":[{"href":"https:\/\/www.agriculture-machine.com\/fr\/wp-json\/wp\/v2\/product\/12636","targetHints":{"allow":["GET"]}}],"collection":[{"href":"https:\/\/www.agriculture-machine.com\/fr\/wp-json\/wp\/v2\/product"}],"about":[{"href":"https:\/\/www.agriculture-machine.com\/fr\/wp-json\/wp\/v2\/types\/product"}],"author":[{"embeddable":true,"href":"https:\/\/www.agriculture-machine.com\/fr\/wp-json\/wp\/v2\/users\/1"}],"replies":[{"embeddable":true,"href":"https:\/\/www.agriculture-machine.com\/fr\/wp-json\/wp\/v2\/comments?post=12636"}],"wp:featuredmedia":[{"embeddable":true,"href":"https:\/\/www.agriculture-machine.com\/fr\/wp-json\/wp\/v2\/media\/12640"}],"wp:attachment":[{"href":"https:\/\/www.agriculture-machine.com\/fr\/wp-json\/wp\/v2\/media?parent=12636"}],"wp:term":[{"taxonomy":"post_tag","embeddable":true,"href":"https:\/\/www.agriculture-machine.com\/fr\/wp-json\/wp\/v2\/tags?post=12636"},{"taxonomy":"product-type","embeddable":true,"href":"https:\/\/www.agriculture-machine.com\/fr\/wp-json\/wp\/v2\/product-type?post=12636"}],"curies":[{"name":"wp","href":"https:\/\/api.w.org\/{rel}","templated":true}]}}