{"id":14778,"date":"2023-09-11T14:17:49","date_gmt":"2023-09-11T06:17:49","guid":{"rendered":"https:\/\/www.agriculture-machine.com\/?post_type=product&#038;p=14778"},"modified":"2025-08-19T17:50:32","modified_gmt":"2025-08-19T09:50:32","slug":"groundnut-sheller-machine","status":"publish","type":"product","link":"https:\/\/www.agriculture-machine.com\/fr\/groundnut-sheller-machine\/","title":{"rendered":"Machine automatique d'\u00e9pluchage de cacahu\u00e8tes \u00e0 vendre"},"content":{"rendered":"<p>La petite machine \u00e0 d\u00e9cortiquer la cacahu\u00e8te est largement utilis\u00e9e dans les fermes et les usines de transformation. La machine combine friction du tambour et s\u00e9paration par air pour d\u00e9cortiquer les cacahu\u00e8tes, atteignant un taux de d\u00e9corticage sup\u00e9rieur \u00e0 95 % et assurant efficacement un taux d'int\u00e9grit\u00e9 du noyau d'environ 90 %.<\/p>    <p>Compar\u00e9 au d\u00e9corticage manuel traditionnel, l'efficacit\u00e9 est multipli\u00e9e par plusieurs fois, r\u00e9duisant consid\u00e9rablement les co\u00fbts de main-d'\u0153uvre tout en am\u00e9liorant la propret\u00e9 et la valeur marchande des noyaux de cacahu\u00e8te. Que ce soit pour les petits exploitants ou les entreprises de transformation de taille moyenne, cet \u00e9quipement est un choix id\u00e9al pour augmenter la productivit\u00e9 et la comp\u00e9titivit\u00e9.<\/p>    <figure class=\"wp-block-embed aligncenter is-type-video is-provider-youtube wp-block-embed-youtube wp-embed-aspect-16-9 wp-has-aspect-ratio\"><div class=\"wp-block-embed__wrapper\"> <iframe loading=\"lazy\" title=\"Efficace et pratique ! Machine \u00e0 d\u00e9cortiquer la cacahu\u00e8te pour usage domestique, impressionnante en ligne !\" width=\"500\" height=\"281\" src=\"https:\/\/www.youtube.com\/embed\/_BhNMHRh6mY?feature=oembed\" frameborder=\"0\" allow=\"accelerometer; autoplay; clipboard-write; encrypted-media; gyroscope; picture-in-picture; web-share\" referrerpolicy=\"strict-origin-when-cross-origin\" allowfullscreen><\/iframe> <\/div><figcaption class=\"wp-element-caption\">petite machine \u00e0 d\u00e9cortiquer la cacahu\u00e8te pour usage domestique<\/figcaption><\/figure>    <h2 class=\"wp-block-heading\">Affichage des produits finis<\/h2>    <ul class=\"wp-block-list\"> <li>Int\u00e9grit\u00e9 \u00e9lev\u00e9e du noyau de cacahu\u00e8te : apr\u00e8s d\u00e9corticage, les noyaux de cacahu\u00e8te ont une surface lisse et un faible taux de casse.<\/li>    <li>S\u00e9paration compl\u00e8te coque-noyau : les coques et les noyaux peuvent \u00eatre s\u00e9par\u00e9s efficacement, r\u00e9duisant le besoin de tri secondaire.<\/li>    <li>Haute propret\u00e9 : les noyaux de cacahu\u00e8te contiennent peu d'impuret\u00e9s, ce qui les rend adapt\u00e9s \u00e0 une transformation directe \u00e0 l'\u00e9tape suivante.<\/li>    <li>Sortie stable : la machine peut fonctionner en continu, produisant une sortie uniforme pour r\u00e9pondre aux exigences de production en masse.<\/li> <\/ul>    <figure class=\"wp-block-gallery aligncenter has-nested-images columns-default is-cropped wp-block-gallery-2 is-layout-flex wp-block-gallery-is-layout-flex\"> <figure class=\"wp-block-image size-large\"><img loading=\"lazy\" decoding=\"async\" width=\"720\" height=\"540\" data-id=\"14787\" src=\"https:\/\/www.agriculture-machine.com\/wp-content\/uploads\/2023\/09\/raw-peanut-material.webp\" alt=\"mati\u00e8re premi\u00e8re de cacahu\u00e8te\" class=\"wp-image-14787\" srcset=\"https:\/\/www.agriculture-machine.com\/wp-content\/uploads\/2023\/09\/raw-peanut-material.webp 720w, https:\/\/www.agriculture-machine.com\/wp-content\/uploads\/2023\/09\/raw-peanut-material-360x270.webp 360w, https:\/\/www.agriculture-machine.com\/wp-content\/uploads\/2023\/09\/raw-peanut-material-240x180.webp 240w\" sizes=\"auto, (max-width: 720px) 100vw, 720px\" \/><figcaption class=\"wp-element-caption\">mati\u00e8re premi\u00e8re de cacahu\u00e8te<\/figcaption><\/figure>    <figure class=\"wp-block-image size-large\"><img loading=\"lazy\" decoding=\"async\" width=\"720\" height=\"540\" data-id=\"14788\" src=\"https:\/\/www.agriculture-machine.com\/wp-content\/uploads\/2023\/09\/finished-groundnut-show.webp\" alt=\"exposition du cacahu\u00e8te fini\" class=\"wp-image-14788\" srcset=\"https:\/\/www.agriculture-machine.com\/wp-content\/uploads\/2023\/09\/finished-groundnut-show.webp 720w, https:\/\/www.agriculture-machine.com\/wp-content\/uploads\/2023\/09\/finished-groundnut-show-360x270.webp 360w, https:\/\/www.agriculture-machine.com\/wp-content\/uploads\/2023\/09\/finished-groundnut-show-240x180.webp 240w\" sizes=\"auto, (max-width: 720px) 100vw, 720px\" \/><figcaption class=\"wp-element-caption\">exposition du cacahu\u00e8te fini<\/figcaption><\/figure> <\/figure>    <h2 class=\"wp-block-heading\">Caract\u00e9ristiques de la machine \u00e0 d\u00e9cortiquer la cacahu\u00e8te<\/h2>    <ul class=\"wp-block-list\"> <li>D\u00e9corticage \u00e0 haute efficacit\u00e9 : vitesse de d\u00e9corticage rapide, avec une efficacit\u00e9 3-5 fois sup\u00e9rieure \u00e0 celle du travail manuel.<\/li>    <li>Haute adaptabilit\u00e9 : peut traiter des cacahu\u00e8tes de diff\u00e9rentes sp\u00e9cifications et vari\u00e9t\u00e9s.<\/li>    <li>Param\u00e8tres r\u00e9glables : certains mod\u00e8les supportent l'ajustement de l'\u00e9cart et du flux d'air pour garantir des r\u00e9sultats de d\u00e9corticage optimaux.<\/li>    <li>Durable et fiable : fabriqu\u00e9 en acier de haute qualit\u00e9 et composants r\u00e9sistants \u00e0 l'usure, adapt\u00e9 aux op\u00e9rations \u00e0 haute intensit\u00e9 \u00e0 long terme.<\/li>    <li>Grande capacit\u00e9 : les petits mod\u00e8les peuvent traiter 300-800 kilogrammes par heure, r\u00e9pondant aux besoins des petites et moyennes op\u00e9rations de transformation.<\/li>    <li>Mobilit\u00e9 facile : conception compacte avec certains mod\u00e8les \u00e9quip\u00e9s de roulettes pour un d\u00e9placement flexible vers diff\u00e9rents sites de travail.<\/li>    <li>\u00c9conomie de main-d'\u0153uvre : n\u00e9cessite une op\u00e9ration manuelle minimale, r\u00e9duisant consid\u00e9rablement l'intensit\u00e9 du travail et les co\u00fbts de main-d'\u0153uvre.<\/li> <\/ul>    <figure class=\"wp-block-gallery aligncenter has-nested-images columns-2 is-cropped wp-block-gallery-3 is-layout-flex wp-block-gallery-is-layout-flex\"> <figure class=\"wp-block-image size-large\"><img loading=\"lazy\" decoding=\"async\" width=\"405\" height=\"540\" data-id=\"14785\" src=\"https:\/\/www.agriculture-machine.com\/wp-content\/uploads\/2023\/09\/groundnut-shell-removing-machine-405x540.webp\" alt=\"machine \u00e0 enlever la coque de la cacahu\u00e8te\" class=\"wp-image-14785\" srcset=\"https:\/\/www.agriculture-machine.com\/wp-content\/uploads\/2023\/09\/groundnut-shell-removing-machine-405x540.webp 405w, https:\/\/www.agriculture-machine.com\/wp-content\/uploads\/2023\/09\/groundnut-shell-removing-machine-203x270.webp 203w, https:\/\/www.agriculture-machine.com\/wp-content\/uploads\/2023\/09\/groundnut-shell-removing-machine.webp 540w\" sizes=\"auto, (max-width: 405px) 100vw, 405px\" \/><figcaption class=\"wp-element-caption\">machine \u00e0 enlever la coque de la cacahu\u00e8te<\/figcaption><\/figure>    <figure class=\"wp-block-image size-large\"><img loading=\"lazy\" decoding=\"async\" width=\"405\" height=\"540\" data-id=\"14786\" src=\"https:\/\/www.agriculture-machine.com\/wp-content\/uploads\/2023\/09\/peanut-cleaning-and-shelling-machine-405x540.webp\" alt=\"machine de nettoyage et de d\u00e9corticage de la cacahu\u00e8te\" class=\"wp-image-14786\" srcset=\"https:\/\/www.agriculture-machine.com\/wp-content\/uploads\/2023\/09\/peanut-cleaning-and-shelling-machine-405x540.webp 405w, https:\/\/www.agriculture-machine.com\/wp-content\/uploads\/2023\/09\/peanut-cleaning-and-shelling-machine-203x270.webp 203w, https:\/\/www.agriculture-machine.com\/wp-content\/uploads\/2023\/09\/peanut-cleaning-and-shelling-machine.webp 540w\" sizes=\"auto, (max-width: 405px) 100vw, 405px\" \/><figcaption class=\"wp-element-caption\">machine de nettoyage et de d\u00e9corticage de la cacahu\u00e8te<\/figcaption><\/figure> <\/figure>    <h2 class=\"wp-block-heading\">Composants de la d\u00e9cortiqueuse portable de cacahu\u00e8tes<\/h2>    <p>Vous pouvez avoir une id\u00e9e claire de la structure simple de la machine \u00e0 d\u00e9cortiquer la cacahu\u00e8te gr\u00e2ce \u00e0 la pr\u00e9sentation de la figure ci-dessous.<\/p>    <figure class=\"wp-block-image aligncenter size-full\"><img loading=\"lazy\" decoding=\"async\" width=\"720\" height=\"540\" src=\"https:\/\/www.agriculture-machine.com\/wp-content\/uploads\/2023\/09\/groundnut-shell-off-machine-structure.webp\" alt=\"structure de la machine \u00e0 d\u00e9cortiquer la cacahu\u00e8te\" class=\"wp-image-15493\" srcset=\"https:\/\/www.agriculture-machine.com\/wp-content\/uploads\/2023\/09\/groundnut-shell-off-machine-structure.webp 720w, https:\/\/www.agriculture-machine.com\/wp-content\/uploads\/2023\/09\/groundnut-shell-off-machine-structure-360x270.webp 360w, https:\/\/www.agriculture-machine.com\/wp-content\/uploads\/2023\/09\/groundnut-shell-off-machine-structure-240x180.webp 240w\" sizes=\"auto, (max-width: 720px) 100vw, 720px\" \/><figcaption class=\"wp-element-caption\">structure de la machine \u00e0 d\u00e9cortiquer la cacahu\u00e8te<\/figcaption><\/figure>    <h2 class=\"wp-block-heading\">Structure principale de la machine \u00e0 enlever la coque de la cacahu\u00e8te<\/h2>    <ul class=\"wp-block-list\"> <li><strong>Unit\u00e9 d'alimentation<\/strong>: utilis\u00e9 pour transporter les cacahu\u00e8tes brutes vers la zone de d\u00e9corticage, g\u00e9n\u00e9ralement sous forme de bande transporteuse ou de tr\u00e9mie.<\/li>    <li><strong>M\u00e9canisme de d\u00e9corticage<\/strong>: composant principal de l'\u00e9quipement, g\u00e9n\u00e9ralement constitu\u00e9 d'une paire de rouleaux ou de lames, qui enl\u00e8vent les coques des cacahu\u00e8tes par friction ou compression.<\/li>    <li><strong>S\u00e9parateur d'air<\/strong>: utilise les principes de flux d'air pour s\u00e9parer les coques de cacahu\u00e8te des noyaux, assurant une s\u00e9paration compl\u00e8te.<\/li>    <li><strong>Unit\u00e9 de sortie<\/strong>: transporte les noyaux de cacahu\u00e8te d\u00e9cortiqu\u00e9s vers le processus suivant ou le r\u00e9cipient de collecte, g\u00e9n\u00e9ralement sous forme de bande transporteuse ou de goulotte de d\u00e9charge.<\/li>    <li><strong>Syst\u00e8me de contr\u00f4le<\/strong>: \u00e9quip\u00e9 de boutons, interrupteurs ou dispositifs de r\u00e9glage pour contr\u00f4ler le d\u00e9marrage\/arr\u00eat de la machine et les r\u00e9glages de param\u00e8tres. Certains mod\u00e8les disposent de syst\u00e8mes de contr\u00f4le automatis\u00e9s pour am\u00e9liorer la commodit\u00e9 et l'efficacit\u00e9 op\u00e9rationnelle.<\/li> <\/ul>    <figure class=\"wp-block-gallery aligncenter has-nested-images columns-2 is-cropped wp-block-gallery-4 is-layout-flex wp-block-gallery-is-layout-flex\"> <figure class=\"wp-block-image size-medium\"><img loading=\"lazy\" decoding=\"async\" width=\"360\" height=\"270\" data-id=\"14780\" src=\"https:\/\/www.agriculture-machine.com\/wp-content\/uploads\/2023\/09\/groundnut-sheller-machine-inner-structure-1-360x270.webp\" alt=\"structure int\u00e9rieure de la machine \u00e0 d\u00e9cortiquer la cacahu\u00e8te\" class=\"wp-image-14780\" srcset=\"https:\/\/www.agriculture-machine.com\/wp-content\/uploads\/2023\/09\/groundnut-sheller-machine-inner-structure-1-360x270.webp 360w, https:\/\/www.agriculture-machine.com\/wp-content\/uploads\/2023\/09\/groundnut-sheller-machine-inner-structure-1-240x180.webp 240w, https:\/\/www.agriculture-machine.com\/wp-content\/uploads\/2023\/09\/groundnut-sheller-machine-inner-structure-1.webp 720w\" sizes=\"auto, (max-width: 360px) 100vw, 360px\" \/><figcaption class=\"wp-element-caption\">structure int\u00e9rieure de la machine \u00e0 d\u00e9cortiquer la cacahu\u00e8te<\/figcaption><\/figure>    <figure class=\"wp-block-image size-medium\"><img loading=\"lazy\" decoding=\"async\" width=\"360\" height=\"270\" data-id=\"14781\" src=\"https:\/\/www.agriculture-machine.com\/wp-content\/uploads\/2023\/09\/groundnut-sheller-machine-structure-360x270.webp\" alt=\"structure de la machine \u00e0 d\u00e9cortiquer la cacahu\u00e8te\" class=\"wp-image-14781\" srcset=\"https:\/\/www.agriculture-machine.com\/wp-content\/uploads\/2023\/09\/groundnut-sheller-machine-structure-360x270.webp 360w, https:\/\/www.agriculture-machine.com\/wp-content\/uploads\/2023\/09\/groundnut-sheller-machine-structure-240x180.webp 240w, https:\/\/www.agriculture-machine.com\/wp-content\/uploads\/2023\/09\/groundnut-sheller-machine-structure.webp 720w\" sizes=\"auto, (max-width: 360px) 100vw, 360px\" \/><figcaption class=\"wp-element-caption\">structure de la machine \u00e0 d\u00e9cortiquer la cacahu\u00e8te<\/figcaption><\/figure> <\/figure>    <figure class=\"wp-block-gallery has-nested-images columns-default is-cropped wp-block-gallery-5 is-layout-flex wp-block-gallery-is-layout-flex\"> <figure class=\"wp-block-image size-large\"><img loading=\"lazy\" decoding=\"async\" width=\"720\" height=\"540\" data-id=\"15491\" src=\"https:\/\/www.agriculture-machine.com\/wp-content\/uploads\/2023\/09\/peanut-sheller-inner-detail.webp\" alt=\"d\u00e9tail int\u00e9rieur de la machine \u00e0 d\u00e9cortiquer la cacahu\u00e8te\" class=\"wp-image-15491\" srcset=\"https:\/\/www.agriculture-machine.com\/wp-content\/uploads\/2023\/09\/peanut-sheller-inner-detail.webp 720w, https:\/\/www.agriculture-machine.com\/wp-content\/uploads\/2023\/09\/peanut-sheller-inner-detail-360x270.webp 360w, https:\/\/www.agriculture-machine.com\/wp-content\/uploads\/2023\/09\/peanut-sheller-inner-detail-240x180.webp 240w\" sizes=\"auto, (max-width: 720px) 100vw, 720px\" \/><figcaption class=\"wp-element-caption\">d\u00e9tail int\u00e9rieur de la machine \u00e0 d\u00e9cortiquer la cacahu\u00e8te<\/figcaption><\/figure>    <figure class=\"wp-block-image size-large\"><img loading=\"lazy\" decoding=\"async\" width=\"360\" height=\"270\" data-id=\"15495\" src=\"https:\/\/www.agriculture-machine.com\/wp-content\/uploads\/2023\/09\/peanut-peeling-machine-sieve-360x270-1.webp\" alt=\"tamis de d\u00e9pelliculage de la cacahu\u00e8te\" class=\"wp-image-15495\" srcset=\"https:\/\/www.agriculture-machine.com\/wp-content\/uploads\/2023\/09\/peanut-peeling-machine-sieve-360x270-1.webp 360w, https:\/\/www.agriculture-machine.com\/wp-content\/uploads\/2023\/09\/peanut-peeling-machine-sieve-360x270-1-240x180.webp 240w\" sizes=\"auto, (max-width: 360px) 100vw, 360px\" \/><figcaption class=\"wp-element-caption\">tamis de d\u00e9pelliculage de la cacahu\u00e8te<\/figcaption><\/figure> <\/figure>    <h2 class=\"wp-block-heading\">Principe de fonctionnement de la machine \u00e0 d\u00e9cortiquer la cacahu\u00e8te<\/h2>   <div id=\"rank-math-howto\" class=\"rank-math-block\" > <div class=\"rank-math-howto-description\"> <img loading=\"lazy\" decoding=\"async\" width=\"720\" height=\"540\" src=\"https:\/\/www.agriculture-machine.com\/wp-content\/uploads\/2023\/09\/peanut-thresher-machine-details.webp\" class=\"attachment-full size-full\" alt=\"d\u00e9tails de la machine \u00e0 d\u00e9cortiquer la cacahu\u00e8te\" srcset=\"https:\/\/www.agriculture-machine.com\/wp-content\/uploads\/2023\/09\/peanut-thresher-machine-details.webp 720w, https:\/\/www.agriculture-machine.com\/wp-content\/uploads\/2023\/09\/peanut-thresher-machine-details-360x270.webp 360w, https:\/\/www.agriculture-machine.com\/wp-content\/uploads\/2023\/09\/peanut-thresher-machine-details-240x180.webp 240w\" sizes=\"auto, (max-width: 720px) 100vw, 720px\" \/> <p>Le fonctionnement de la machine \u00e0 d\u00e9cortiquer la cacahu\u00e8te consiste essentiellement \u00e0 enlever la coque du cacahu\u00e8te par force m\u00e9canique et mouvement, ce qui comprend g\u00e9n\u00e9ralement les \u00e9tapes suivantes :<\/p>  <\/div>  <div class=\"rank-math-steps\"> <div id=\"howto-step-1694399210907\" class=\"rank-math-step\"> <h3 class=\"rank-math-step-title\">\u00c9tape d'alimentation<\/h3> <div class=\"rank-math-step-content\"><p>Les cacahu\u00e8tes brutes d\u00e9cortiqu\u00e9es sont introduites dans la machine \u00e0 d\u00e9cortiquer, g\u00e9n\u00e9ralement \u00e0 l'aide d'une bande transporteuse ou d'une palette.<\/p> <\/div> <\/div> <div id=\"howto-step-1694399276211\" class=\"rank-math-step\"> <h3 class=\"rank-math-step-title\">S\u00e9paration physique<\/h3> <div class=\"rank-math-step-content\"><p>Les cacahu\u00e8tes sont expos\u00e9es \u00e0 des forces de s\u00e9paration physique \u00e0 l'int\u00e9rieur de la machine \u00e0 d\u00e9cortiquer la cacahu\u00e8te. Cela est g\u00e9n\u00e9ralement r\u00e9alis\u00e9 par des tambours rotatifs, des lames ou d'autres m\u00e9canismes de d\u00e9corticage.<\/p> <\/div> <\/div> <div id=\"howto-step-1694399294541\" class=\"rank-math-step\"> <h3 class=\"rank-math-step-title\">Processus de d\u00e9corticage<\/h3> <div class=\"rank-math-step-content\"><p>Les cacahu\u00e8tes sont introduites dans le m\u00e9canisme de d\u00e9corticage et les coques sont s\u00e9par\u00e9es des noyaux. La cl\u00e9 de cette \u00e9tape est la conception du m\u00e9canisme, qui utilise g\u00e9n\u00e9ralement la friction, la vibration ou la coupe pour s\u00e9parer les coques.<\/p> <\/div> <\/div> <div id=\"howto-step-1694399312065\" class=\"rank-math-step\"> <h3 class=\"rank-math-step-title\">S\u00e9paration de la coque<\/h3> <div class=\"rank-math-step-content\"><p>Apr\u00e8s d\u00e9corticage, les noyaux de cacahu\u00e8te et les coques restantes sont introduits dans un s\u00e9parateur d'air ou un tamis. Ici, par flux d'air ou vibration, les fragments de coque plus l\u00e9gers sont souffl\u00e9s ou tamis\u00e9s, tandis que les noyaux de cacahu\u00e8te plus lourds continuent.<\/p> <\/div> <\/div> <div id=\"howto-step-1694399336420\" class=\"rank-math-step\"> <h3 class=\"rank-math-step-title\">\u00c9tape de d\u00e9charge<\/h3> <div class=\"rank-math-step-content\"><p>Les noyaux de cacahu\u00e8te d\u00e9cortiqu\u00e9s sont transport\u00e9s vers l'unit\u00e9 de d\u00e9charge, g\u00e9n\u00e9ralement via une bande transporteuse ou un pipeline, pour un traitement ou une collecte ult\u00e9rieure.<\/p> <\/div> <\/div> <\/div> <\/div>       <h2 class=\"wp-block-heading\">Donn\u00e9es techniques de la machine \u00e0 d\u00e9cortiquer la cacahu\u00e8te<\/h2>    <p>Les param\u00e8tres techniques des machines \u00e0 d\u00e9cortiquer la cacahu\u00e8te peuvent varier selon le fabricant, le mod\u00e8le et l'application, mais voici quelques mod\u00e8les courants pour r\u00e9f\u00e9rence :<\/p>    <div class=\"wp-block-media-text is-stacked-on-mobile\"><figure class=\"wp-block-media-text__media\"><img loading=\"lazy\" decoding=\"async\" width=\"720\" height=\"540\" src=\"https:\/\/www.agriculture-machine.com\/wp-content\/uploads\/2023\/09\/groundnut-shelling-machine-for-sale.webp\" alt=\"machine \u00e0 d\u00e9cortiquer la cacahu\u00e8te \u00e0 vendre\" class=\"wp-image-15492 size-full\" srcset=\"https:\/\/www.agriculture-machine.com\/wp-content\/uploads\/2023\/09\/groundnut-shelling-machine-for-sale.webp 720w, https:\/\/www.agriculture-machine.com\/wp-content\/uploads\/2023\/09\/groundnut-shelling-machine-for-sale-360x270.webp 360w, https:\/\/www.agriculture-machine.com\/wp-content\/uploads\/2023\/09\/groundnut-shelling-machine-for-sale-240x180.webp 240w\" sizes=\"auto, (max-width: 720px) 100vw, 720px\" \/><\/figure><div class=\"wp-block-media-text__content\"> <p>Mod\u00e8le : TBH-200<\/p>    <p>Taille : 650*560*1000mm<\/p>    <p>Production : 200KG\/H<\/p>    <p>Puissance : moteur \u00e0 essence 170 \/ moteur \/ moteur diesel 6 chevaux<\/p> <\/div><\/div>    <p class=\"translation-block\">Par ailleurs, notre entreprise vend une unit\u00e9 de d\u00e9corticage de cacahu\u00e8tes combin\u00e9e \u00e0 grande \u00e9chelle, qui r\u00e9alise le nettoyage et le d\u00e9corticage des cacahu\u00e8tes en une seule machine. Vous pouvez comprendre cet \u00e9quipement en d\u00e9tail via : <a href=\"https:\/\/www.agriculture-machine.com\/fr\/industrial-combined-peanut-groundnut-shelling-machine\/\"><strong>Machine industrielle combin\u00e9e de d\u00e9corticage de cacahu\u00e8tes<\/strong><\/a>. N'h\u00e9sitez pas \u00e0 nous contacter si vous avez des questions.<\/p>","protected":false},"excerpt":{"rendered":"<p>La petite machine \u00e0 d\u00e9cortiquer la cacahu\u00e8te a un taux \u00e9lev\u00e9 de s\u00e9paration coque-noyau et est facile \u00e0 utiliser, ce qui la rend largement utilis\u00e9e dans les petites et moyennes exploitations agricoles et usines de transformation alimentaire.<\/p>","protected":false},"author":1,"featured_media":14790,"parent":0,"comment_status":"closed","ping_status":"closed","template":"","tags":[798,797],"product-type":[895,872],"class_list":["post-14778","product","type-product","status-publish","has-post-thumbnail","hentry","tag-groundnut","tag-peanut","product-type-peanut-sheller","product-type-thresher-sheller"],"_links":{"self":[{"href":"https:\/\/www.agriculture-machine.com\/fr\/wp-json\/wp\/v2\/product\/14778","targetHints":{"allow":["GET"]}}],"collection":[{"href":"https:\/\/www.agriculture-machine.com\/fr\/wp-json\/wp\/v2\/product"}],"about":[{"href":"https:\/\/www.agriculture-machine.com\/fr\/wp-json\/wp\/v2\/types\/product"}],"author":[{"embeddable":true,"href":"https:\/\/www.agriculture-machine.com\/fr\/wp-json\/wp\/v2\/users\/1"}],"replies":[{"embeddable":true,"href":"https:\/\/www.agriculture-machine.com\/fr\/wp-json\/wp\/v2\/comments?post=14778"}],"wp:featuredmedia":[{"embeddable":true,"href":"https:\/\/www.agriculture-machine.com\/fr\/wp-json\/wp\/v2\/media\/14790"}],"wp:attachment":[{"href":"https:\/\/www.agriculture-machine.com\/fr\/wp-json\/wp\/v2\/media?parent=14778"}],"wp:term":[{"taxonomy":"post_tag","embeddable":true,"href":"https:\/\/www.agriculture-machine.com\/fr\/wp-json\/wp\/v2\/tags?post=14778"},{"taxonomy":"product-type","embeddable":true,"href":"https:\/\/www.agriculture-machine.com\/fr\/wp-json\/wp\/v2\/product-type?post=14778"}],"curies":[{"name":"wp","href":"https:\/\/api.w.org\/{rel}","templated":true}]}}