{"id":15096,"date":"2023-11-09T15:54:45","date_gmt":"2023-11-09T07:54:45","guid":{"rendered":"https:\/\/www.agriculture-machine.com\/?post_type=product&#038;p=15096"},"modified":"2024-09-18T15:43:21","modified_gmt":"2024-09-18T07:43:21","slug":"paddy-processing-unit","status":"publish","type":"product","link":"https:\/\/www.agriculture-machine.com\/fr\/paddy-processing-unit\/","title":{"rendered":"Unit\u00e9 de traitement du paddy de 20 tonnes\/jour pour usine de fabrication de riz blanc"},"content":{"rendered":"<p class=\"translation-block\">L'<strong><a href=\"https:\/\/www.agriculture-machine.com\/fr\/rice-milling-plant-machine\/\">unit\u00e9 de traitement du paddy<\/a><\/strong> est un syst\u00e8me d'\u00e9quipements sp\u00e9cialement con\u00e7u pour traiter le riz en enlevant le paddy de la balle et en produisant du riz de haute qualit\u00e9. Cette ligne comprend g\u00e9n\u00e9ralement des op\u00e9rations telles que le d\u00e9pelliculage, le d\u00e9pelliculage, la d\u00e9ballage, et le tamisage, chacune \u00e9tant effectu\u00e9e par une gamme de machines et \u00e9quipements sp\u00e9cifiques fonctionnant en tandem.<\/p>    <figure class=\"wp-block-gallery has-nested-images columns-default is-cropped wp-block-gallery-2 is-layout-flex wp-block-gallery-is-layout-flex\"> <figure class=\"wp-block-image size-large\"><img loading=\"lazy\" decoding=\"async\" width=\"405\" height=\"540\" data-id=\"15110\" src=\"https:\/\/www.agriculture-machine.com\/wp-content\/uploads\/2023\/11\/white-rice-making-plant-405x540.webp\" alt=\"Usine de fabrication de riz blanc\" class=\"wp-image-15110\" srcset=\"https:\/\/www.agriculture-machine.com\/wp-content\/uploads\/2023\/11\/white-rice-making-plant-405x540.webp 405w, https:\/\/www.agriculture-machine.com\/wp-content\/uploads\/2023\/11\/white-rice-making-plant-203x270.webp 203w, https:\/\/www.agriculture-machine.com\/wp-content\/uploads\/2023\/11\/white-rice-making-plant.webp 540w\" sizes=\"auto, (max-width: 405px) 100vw, 405px\" \/><figcaption class=\"wp-element-caption\">Usine de fabrication de riz blanc<\/figcaption><\/figure>    <figure class=\"wp-block-image size-large\"><img loading=\"lazy\" decoding=\"async\" width=\"405\" height=\"540\" data-id=\"15109\" src=\"https:\/\/www.agriculture-machine.com\/wp-content\/uploads\/2023\/11\/paddy-processing-unit-405x540.webp\" alt=\"Unit\u00e9 de traitement du paddy\" class=\"wp-image-15109\" srcset=\"https:\/\/www.agriculture-machine.com\/wp-content\/uploads\/2023\/11\/paddy-processing-unit-405x540.webp 405w, https:\/\/www.agriculture-machine.com\/wp-content\/uploads\/2023\/11\/paddy-processing-unit-203x270.webp 203w, https:\/\/www.agriculture-machine.com\/wp-content\/uploads\/2023\/11\/paddy-processing-unit.webp 540w\" sizes=\"auto, (max-width: 405px) 100vw, 405px\" \/><figcaption class=\"wp-element-caption\">Unit\u00e9 de traitement du paddy<\/figcaption><\/figure> <\/figure>    <p class=\"translation-block\"><strong><a href=\"https:\/\/www.agriculture-machine.com\/fr\/rice-mill-category\/rice-mill-production-line\/\">Lignes de polissage du riz<\/a><\/strong> peuvent varier en taille et capacit\u00e9 selon la demande, allant d'une utilisation domestique \u00e0 petite \u00e9chelle \u00e0 une utilisation industrielle \u00e0 grande \u00e9chelle.<\/p>    <h2 class=\"wp-block-heading\">Param\u00e8tres de l'unit\u00e9 de traitement du paddy de 20 TPD<\/h2>    <figure class=\"wp-block-table is-style-stripes\"><table><tbody><tr><td class=\"has-text-align-center\" data-align=\"center\"><strong>Non.<\/strong><\/td><td class=\"has-text-align-center\" data-align=\"center\"><strong>Article<\/strong><\/td><td class=\"has-text-align-center\" data-align=\"center\"><strong>Puissance (KW)<\/strong><\/td><td class=\"has-text-align-center\" data-align=\"center\"><strong>Puissance (KW)<\/strong><\/td><\/tr><tr><td class=\"has-text-align-center\" data-align=\"center\">1<\/td><td class=\"has-text-align-center\" data-align=\"center\">Ascenseur<\/td><td class=\"has-text-align-center\" data-align=\"center\">TDTG18\/08<\/td><td class=\"has-text-align-center\" data-align=\"center\">0.75<\/td><\/tr><tr><td class=\"has-text-align-center\" data-align=\"center\">2<\/td><td class=\"has-text-align-center\" data-align=\"center\">Pr\u00e9-nettoyeur &nbsp;<\/td><td class=\"has-text-align-center\" data-align=\"center\">SCQY40<\/td><td class=\"has-text-align-center\" data-align=\"center\">0.55<\/td><\/tr><tr><td class=\"has-text-align-center\" data-align=\"center\">3<\/td><td class=\"has-text-align-center\" data-align=\"center\">D\u00e9parasitateur de paddy<\/td><td class=\"has-text-align-center\" data-align=\"center\">ZQS50A<\/td><td class=\"has-text-align-center\" data-align=\"center\">1.1+1.5<\/td><\/tr><tr><td class=\"has-text-align-center\" data-align=\"center\">4<\/td><td class=\"has-text-align-center\" data-align=\"center\">Ascenseur<\/td><td class=\"has-text-align-center\" data-align=\"center\">TDTG18\/08*2<\/td><td class=\"has-text-align-center\" data-align=\"center\">0.75<\/td><\/tr><tr><td class=\"has-text-align-center\" data-align=\"center\">5<\/td><td class=\"has-text-align-center\" data-align=\"center\">D\u00e9cortiqueur de paddy (rouleau en caoutchouc de 6 pouces)<\/td><td class=\"has-text-align-center\" data-align=\"center\">LG15A<\/td><td class=\"has-text-align-center\" data-align=\"center\">4<\/td><\/tr><tr><td class=\"has-text-align-center\" data-align=\"center\">6<\/td><td class=\"has-text-align-center\" data-align=\"center\">S\u00e9parateur gravitaire de paddy<\/td><td class=\"has-text-align-center\" data-align=\"center\">MGCZ70*5A<\/td><td class=\"has-text-align-center\" data-align=\"center\">0.75<\/td><\/tr><tr><td class=\"has-text-align-center\" data-align=\"center\">7<\/td><td class=\"has-text-align-center\" data-align=\"center\">Moulin \u00e0 riz (rouleau en carbure de tungst\u00e8ne)<\/td><td class=\"has-text-align-center\" data-align=\"center\">NS150<\/td><td class=\"has-text-align-center\" data-align=\"center\">15<\/td><\/tr><tr><td class=\"has-text-align-center\" data-align=\"center\">8<\/td><td class=\"has-text-align-center\" data-align=\"center\">Classificateur de riz<\/td><td class=\"has-text-align-center\" data-align=\"center\">40<\/td><td class=\"has-text-align-center\" data-align=\"center\">0.55<\/td><\/tr><\/tbody><\/table><\/figure>    <h2 class=\"wp-block-heading\">Afficher le processus de l'unit\u00e9 de traitement du paddy<\/h2>    <p>La mati\u00e8re premi\u00e8re principale pour une ligne de production d'une unit\u00e9 de polissage du riz est le paddy, g\u00e9n\u00e9ralement le grain de riz non trait\u00e9. L'orge et le bl\u00e9 peuvent \u00e9galement \u00eatre trait\u00e9s.<\/p>    <figure class=\"wp-block-gallery has-nested-images columns-default is-cropped wp-block-gallery-3 is-layout-flex wp-block-gallery-is-layout-flex\"> <figure class=\"wp-block-image size-large\"><img loading=\"lazy\" decoding=\"async\" width=\"720\" height=\"540\" data-id=\"15117\" src=\"https:\/\/www.agriculture-machine.com\/wp-content\/uploads\/2023\/11\/rice-paddy.webp\" alt=\"paddy de riz\" class=\"wp-image-15117\" srcset=\"https:\/\/www.agriculture-machine.com\/wp-content\/uploads\/2023\/11\/rice-paddy.webp 720w, https:\/\/www.agriculture-machine.com\/wp-content\/uploads\/2023\/11\/rice-paddy-360x270.webp 360w, https:\/\/www.agriculture-machine.com\/wp-content\/uploads\/2023\/11\/rice-paddy-240x180.webp 240w\" sizes=\"auto, (max-width: 720px) 100vw, 720px\" \/><figcaption class=\"wp-element-caption\">paddy de riz<\/figcaption><\/figure>    <figure class=\"wp-block-image size-large\"><img loading=\"lazy\" decoding=\"async\" width=\"720\" height=\"540\" data-id=\"15116\" src=\"https:\/\/www.agriculture-machine.com\/wp-content\/uploads\/2023\/11\/rice-crops.webp\" alt=\"cultures de riz\" class=\"wp-image-15116\" srcset=\"https:\/\/www.agriculture-machine.com\/wp-content\/uploads\/2023\/11\/rice-crops.webp 720w, https:\/\/www.agriculture-machine.com\/wp-content\/uploads\/2023\/11\/rice-crops-360x270.webp 360w, https:\/\/www.agriculture-machine.com\/wp-content\/uploads\/2023\/11\/rice-crops-240x180.webp 240w\" sizes=\"auto, (max-width: 720px) 100vw, 720px\" \/><figcaption class=\"wp-element-caption\">cultures de riz<\/figcaption><\/figure> <\/figure>    <h2 class=\"wp-block-heading\">Le produit fini que vous pouvez obtenir<\/h2>    <p>Les unit\u00e9s de polissage du riz produisent g\u00e9n\u00e9ralement du riz blanc, avec la couche de son ( balle) ext\u00e9rieure enlev\u00e9e. Ce riz blanc est g\u00e9n\u00e9ralement pr\u00e9f\u00e9r\u00e9 car il a un meilleur go\u00fbt et une meilleure apparence. <\/p>    <p>En plus de cela, la balle obtenue du d\u00e9cortiqueur peut \u00eatre broy\u00e9e et transform\u00e9e en aliment pour animaux.<\/p>    <p>Diff\u00e9rentes lignes de production de traitement du riz peuvent produire diff\u00e9rents types de riz, tels que le riz aromatique \u00e0 grains longs, le riz \u00e0 grains courts, le riz brun, etc., pour r\u00e9pondre \u00e0 diverses demandes du march\u00e9.<\/p>    <figure class=\"wp-block-gallery has-nested-images columns-default is-cropped wp-block-gallery-4 is-layout-flex wp-block-gallery-is-layout-flex\"> <figure class=\"wp-block-image size-large\"><img loading=\"lazy\" decoding=\"async\" width=\"720\" height=\"540\" data-id=\"15118\" src=\"https:\/\/www.agriculture-machine.com\/wp-content\/uploads\/2023\/11\/polished-rice.webp\" alt=\"riz poli\" class=\"wp-image-15118\" srcset=\"https:\/\/www.agriculture-machine.com\/wp-content\/uploads\/2023\/11\/polished-rice.webp 720w, https:\/\/www.agriculture-machine.com\/wp-content\/uploads\/2023\/11\/polished-rice-360x270.webp 360w, https:\/\/www.agriculture-machine.com\/wp-content\/uploads\/2023\/11\/polished-rice-240x180.webp 240w\" sizes=\"auto, (max-width: 720px) 100vw, 720px\" \/><figcaption class=\"wp-element-caption\">riz poli<\/figcaption><\/figure>    <figure class=\"wp-block-image size-large\"><img loading=\"lazy\" decoding=\"async\" width=\"720\" height=\"540\" data-id=\"15119\" src=\"https:\/\/www.agriculture-machine.com\/wp-content\/uploads\/2023\/11\/white-rice-production.webp\" alt=\"Production de riz blanc\" class=\"wp-image-15119\" srcset=\"https:\/\/www.agriculture-machine.com\/wp-content\/uploads\/2023\/11\/white-rice-production.webp 720w, https:\/\/www.agriculture-machine.com\/wp-content\/uploads\/2023\/11\/white-rice-production-360x270.webp 360w, https:\/\/www.agriculture-machine.com\/wp-content\/uploads\/2023\/11\/white-rice-production-240x180.webp 240w\" sizes=\"auto, (max-width: 720px) 100vw, 720px\" \/><figcaption class=\"wp-element-caption\">Production de riz blanc<\/figcaption><\/figure> <\/figure>    <figure class=\"wp-block-gallery has-nested-images columns-default is-cropped wp-block-gallery-5 is-layout-flex wp-block-gallery-is-layout-flex\"> <figure class=\"wp-block-image size-large\"><img loading=\"lazy\" decoding=\"async\" width=\"405\" height=\"540\" data-id=\"15137\" src=\"https:\/\/www.agriculture-machine.com\/wp-content\/uploads\/2023\/11\/white-and-brown-rice-405x540.webp\" alt=\"riz blanc et brun\" class=\"wp-image-15137\" srcset=\"https:\/\/www.agriculture-machine.com\/wp-content\/uploads\/2023\/11\/white-and-brown-rice-405x540.webp 405w, https:\/\/www.agriculture-machine.com\/wp-content\/uploads\/2023\/11\/white-and-brown-rice-203x270.webp 203w, https:\/\/www.agriculture-machine.com\/wp-content\/uploads\/2023\/11\/white-and-brown-rice.webp 540w\" sizes=\"auto, (max-width: 405px) 100vw, 405px\" \/><figcaption class=\"wp-element-caption\">riz blanc et brun<\/figcaption><\/figure>    <figure class=\"wp-block-image size-large\"><img loading=\"lazy\" decoding=\"async\" width=\"405\" height=\"540\" data-id=\"15138\" src=\"https:\/\/www.agriculture-machine.com\/wp-content\/uploads\/2023\/11\/white-rice-production-1-405x540.webp\" alt=\"Production de riz blanc\" class=\"wp-image-15138\" srcset=\"https:\/\/www.agriculture-machine.com\/wp-content\/uploads\/2023\/11\/white-rice-production-1-405x540.webp 405w, https:\/\/www.agriculture-machine.com\/wp-content\/uploads\/2023\/11\/white-rice-production-1-203x270.webp 203w, https:\/\/www.agriculture-machine.com\/wp-content\/uploads\/2023\/11\/white-rice-production-1.webp 540w\" sizes=\"auto, (max-width: 405px) 100vw, 405px\" \/><figcaption class=\"wp-element-caption\">Production de riz blanc<\/figcaption><\/figure> <\/figure>    <p>De plus, la balle de riz obtenue du d\u00e9cortiqueur peut \u00eatre broy\u00e9e et trait\u00e9e pour obtenir des mati\u00e8res premi\u00e8res pour la fabrication d'aliments pour animaux. Les images suivantes montrent le m\u00e9lange de balle avant et apr\u00e8s le broyage.<\/p>    <figure class=\"wp-block-gallery has-nested-images columns-default is-cropped wp-block-gallery-6 is-layout-flex wp-block-gallery-is-layout-flex\"> <figure class=\"wp-block-image size-large\"><img loading=\"lazy\" decoding=\"async\" width=\"405\" height=\"540\" data-id=\"15140\" src=\"https:\/\/www.agriculture-machine.com\/wp-content\/uploads\/2023\/11\/rice-husk-405x540.webp\" alt=\"\u00e9corce de riz\" class=\"wp-image-15140\" srcset=\"https:\/\/www.agriculture-machine.com\/wp-content\/uploads\/2023\/11\/rice-husk-405x540.webp 405w, https:\/\/www.agriculture-machine.com\/wp-content\/uploads\/2023\/11\/rice-husk-203x270.webp 203w, https:\/\/www.agriculture-machine.com\/wp-content\/uploads\/2023\/11\/rice-husk.webp 540w\" sizes=\"auto, (max-width: 405px) 100vw, 405px\" \/><figcaption class=\"wp-element-caption\">\u00e9corce de riz<\/figcaption><\/figure>    <figure class=\"wp-block-image size-large\"><img loading=\"lazy\" decoding=\"async\" width=\"405\" height=\"540\" data-id=\"15139\" src=\"https:\/\/www.agriculture-machine.com\/wp-content\/uploads\/2023\/11\/grain-chaff-mixture-405x540.webp\" alt=\"m\u00e9lange de balle de grain\" class=\"wp-image-15139\" srcset=\"https:\/\/www.agriculture-machine.com\/wp-content\/uploads\/2023\/11\/grain-chaff-mixture-405x540.webp 405w, https:\/\/www.agriculture-machine.com\/wp-content\/uploads\/2023\/11\/grain-chaff-mixture-203x270.webp 203w, https:\/\/www.agriculture-machine.com\/wp-content\/uploads\/2023\/11\/grain-chaff-mixture.webp 540w\" sizes=\"auto, (max-width: 405px) 100vw, 405px\" \/><figcaption class=\"wp-element-caption\">m\u00e9lange de balle de grain<\/figcaption><\/figure> <\/figure>    <h2 class=\"wp-block-heading\"><strong>Processus de fonctionnement complet de l'unit\u00e9 de traitement du paddy de 20 TPD<\/strong><\/h2>    <p>Pour transformer le paddy en riz conforme aux normes nationales pour la vente, il est n\u00e9cessaire de suivre le processus standard suivant : alimentation en mati\u00e8re premi\u00e8re \u2192 nettoyeur vibrant et machine \u00e0 d\u00e9sember \u2192 d\u00e9cortiqueur \u2192 s\u00e9parateur de riz \u2192 machine \u00e0 polir le riz \u2192 tamis de tri du riz blanc.<\/p>    <figure class=\"wp-block-image size-full\"><img loading=\"lazy\" decoding=\"async\" width=\"720\" height=\"540\" src=\"https:\/\/www.agriculture-machine.com\/wp-content\/uploads\/2023\/11\/paddy-rice-mill-production-plant.webp\" alt=\"Usine de traitement du riz paddy\" class=\"wp-image-15112\" srcset=\"https:\/\/www.agriculture-machine.com\/wp-content\/uploads\/2023\/11\/paddy-rice-mill-production-plant.webp 720w, https:\/\/www.agriculture-machine.com\/wp-content\/uploads\/2023\/11\/paddy-rice-mill-production-plant-360x270.webp 360w, https:\/\/www.agriculture-machine.com\/wp-content\/uploads\/2023\/11\/paddy-rice-mill-production-plant-240x180.webp 240w\" sizes=\"auto, (max-width: 720px) 100vw, 720px\" \/><figcaption class=\"wp-element-caption\">Usine de traitement du riz paddy<\/figcaption><\/figure>    <p>Au d\u00e9but de l'unit\u00e9 de traitement du riz, le riz est envoy\u00e9 par un seul \u00e9l\u00e9vateur pour le nettoyage et la d\u00e9sember, afin d'\u00e9liminer les grosses impuret\u00e9s, puis envoy\u00e9 par double \u00e9l\u00e9vateur au d\u00e9cortiqueur pour le d\u00e9pelliculage, et la balle est \u00e9vacu\u00e9e par le ventilateur ou aspir\u00e9e dans le broyeur.<\/p>    <p>La balle est \u00e9vacu\u00e9e hors de la machine par le ventilateur ou aspir\u00e9e dans le broyeur, et le m\u00e9lange de grain et de riz brun est transport\u00e9 au tamis gravitaire pour le criblage par l'\u00e9l\u00e9vateur duplex, et le riz non d\u00e9cortiqu\u00e9 est renvoy\u00e9 au d\u00e9cortiqueur par le tamis gravitaire.<\/p>    <p>Le riz non d\u00e9cortiqu\u00e9 est renvoy\u00e9 au d\u00e9cortiqueur par le tamis gravitaire dans ce conduit, et le riz brun entre dans la machine \u00e0 polir le riz, et la fine balle est aspir\u00e9e dans le tamis \u00e0 riz cass\u00e9 apr\u00e8s avoir \u00e9t\u00e9 poli par la machine \u00e0 polir le riz.<\/p>    <h2 class=\"wp-block-heading\">Ce <strong>Ce que comprend l'usine de riz de 20 TPD<\/strong><\/h2>    <ul class=\"wp-block-list\"> <li><strong>Pr\u00e9-nettoyeur :<\/strong> \u00c9liminer une partie des impuret\u00e9s et des grains non remplis du grain de riz ;<\/li>    <li><strong>Machine \u00e0 d\u00e9sember :<\/strong> S\u00e9paration des petites pierres du grain de riz ;<\/li>    <li><strong>D\u00e9cortiqueur :<\/strong> \u00c9limination de la balle du paddy pour obtenir du riz brun ;<\/li>    <li><strong>S\u00e9parateur de grains :<\/strong> S\u00e9paration du grain non d\u00e9cortiqu\u00e9 du riz brun ;<\/li>    <li><strong>Moulin \u00e0 riz :<\/strong> \u00c9quipement principal de l'unit\u00e9 de traitement du riz, \u00e9liminant tout ou partie de la couche de son et de germe du riz brun;<\/li>    <li><strong>Dispositif de tamisage :<\/strong> S\u00e9parer les petits fragments du riz moulu.<\/li> <\/ul>    <figure class=\"wp-block-image size-full\"><img loading=\"lazy\" decoding=\"async\" width=\"720\" height=\"540\" src=\"https:\/\/www.agriculture-machine.com\/wp-content\/uploads\/2023\/11\/20TPD-paddy-rice-mill-production-plant.webp\" alt=\"Usine de production de riz paddy de 20 TPD\" class=\"wp-image-15149\" srcset=\"https:\/\/www.agriculture-machine.com\/wp-content\/uploads\/2023\/11\/20TPD-paddy-rice-mill-production-plant.webp 720w, https:\/\/www.agriculture-machine.com\/wp-content\/uploads\/2023\/11\/20TPD-paddy-rice-mill-production-plant-360x270.webp 360w, https:\/\/www.agriculture-machine.com\/wp-content\/uploads\/2023\/11\/20TPD-paddy-rice-mill-production-plant-240x180.webp 240w\" sizes=\"auto, (max-width: 720px) 100vw, 720px\" \/><figcaption class=\"wp-element-caption\">Usine de production de riz paddy de 20 TPD<\/figcaption><\/figure>    <h2 class=\"wp-block-heading\">Avantages de l'usine de production de riz paddy<\/h2>    <p class=\"translation-block\">Similaire \u00e0 l'<strong><a href=\"https:\/\/www.agriculture-machine.com\/fr\/rice-mill-plant\/\"> unit\u00e9 de traitement du paddy de 15TPD <\/a><\/strong>, sauf qu'un nettoyeur est ajout\u00e9 avant le d\u00e9sember.<\/p>    <ol class=\"wp-block-list\"> <li>performance m\u00e9canique stable, op\u00e9ration et maintenance pratiques.<\/li>    <li>L'ensemble complet de l'\u00e9quipement de polissage du riz couvre une petite surface et n\u00e9cessite peu d'investissement.<\/li>    <li>Am\u00e9liorer le rendement en riz et r\u00e9duire le riz cass\u00e9.<\/li>    <li>selon les besoins des diff\u00e9rents clients, processus sp\u00e9cialement con\u00e7us, combinaisons flexibles, et transformation en diff\u00e9rents riz de haute qualit\u00e9.<\/li>    <li>adopter une structure en acier, chaque unit\u00e9 simple est facile \u00e0 d\u00e9monter et \u00e0 assembler, ce qui facilite l'achat par les utilisateurs de la machine unique requise et d'autres \u00e9quipements.<\/li> <\/ol>    <figure class=\"wp-block-gallery has-nested-images columns-default is-cropped wp-block-gallery-7 is-layout-flex wp-block-gallery-is-layout-flex\"> <figure class=\"wp-block-image size-large\"><img loading=\"lazy\" decoding=\"async\" width=\"720\" height=\"540\" data-id=\"15113\" src=\"https:\/\/www.agriculture-machine.com\/wp-content\/uploads\/2023\/11\/complete-rice-mill-plant-1.webp\" alt=\"Usine de riz compl\u00e8te\" class=\"wp-image-15113\" srcset=\"https:\/\/www.agriculture-machine.com\/wp-content\/uploads\/2023\/11\/complete-rice-mill-plant-1.webp 720w, https:\/\/www.agriculture-machine.com\/wp-content\/uploads\/2023\/11\/complete-rice-mill-plant-1-360x270.webp 360w, https:\/\/www.agriculture-machine.com\/wp-content\/uploads\/2023\/11\/complete-rice-mill-plant-1-240x180.webp 240w\" sizes=\"auto, (max-width: 720px) 100vw, 720px\" \/><figcaption class=\"wp-element-caption\">Usine de riz compl\u00e8te<\/figcaption><\/figure>    <figure class=\"wp-block-image size-full\"><img loading=\"lazy\" decoding=\"async\" width=\"720\" height=\"540\" data-id=\"15115\" src=\"https:\/\/www.agriculture-machine.com\/wp-content\/uploads\/2023\/11\/rice-milling-machine-production-line-1.webp\" alt=\"Ligne de production de machine de mouture de riz\" class=\"wp-image-15115\" srcset=\"https:\/\/www.agriculture-machine.com\/wp-content\/uploads\/2023\/11\/rice-milling-machine-production-line-1.webp 720w, https:\/\/www.agriculture-machine.com\/wp-content\/uploads\/2023\/11\/rice-milling-machine-production-line-1-360x270.webp 360w, https:\/\/www.agriculture-machine.com\/wp-content\/uploads\/2023\/11\/rice-milling-machine-production-line-1-240x180.webp 240w\" sizes=\"auto, (max-width: 720px) 100vw, 720px\" \/><figcaption class=\"wp-element-caption\">Ligne de production de machine de mouture de riz<\/figcaption><\/figure> <\/figure>    <h2 class=\"wp-block-heading\">Maintenance des principales machines<\/h2>    <ol class=\"wp-block-list\"> <li>L'entretien de l'ensemble de l'unit\u00e9 de traitement du paddy doit \u00eatre effectu\u00e9 tous les 3 mois, et une r\u00e9vision compl\u00e8te doit \u00eatre effectu\u00e9e une fois par an.<\/li>    <li>Toutes les pi\u00e8ces de transmission doivent \u00eatre lubrifi\u00e9es r\u00e9guli\u00e8rement.<\/li>    <li>La roulement est g\u00e9n\u00e9ralement remplac\u00e9e par de la graisse tous les 6 mois.<\/li>    <li>La grille doit \u00eatre v\u00e9rifi\u00e9e et nettoy\u00e9e \u00e0 chaque changement de poste pour \u00e9viter le bouchage des trous, et la grille doit \u00eatre remplac\u00e9e \u00e0 temps apr\u00e8s sa rupture pour \u00e9viter toute fuite de mati\u00e8re.<\/li>    <li>Lorsque les roulements surchauffent, la graisse durcit, la couleur de la graisse devient fonc\u00e9e, ou la surface de la graisse pr\u00e9sente des gouttelettes d'eau et de la salet\u00e9, la graisse doit \u00eatre remplac\u00e9e imm\u00e9diatement.<\/li> <\/ol>    <p>Si vous souhaitez obtenir un riz blanc plus d\u00e9licat, nous disposons \u00e9galement d'une version de haute qualit\u00e9 de la ligne de production de l'unit\u00e9 de traitement du paddy, vous pouvez nous contacter. Nous personnaliserons une conception d'usine de polissage du riz selon vos exigences d\u00e9taill\u00e9es.<\/p>","protected":false},"excerpt":{"rendered":"<p>The paddy processing unit is a system of equipment specifically designed to process rice by removing the paddy from the husk and producing high-quality rice. This line typically includes processing such as de-husking, de-hulling, de-chaffing, and sieving, with each of these steps being performed by a range of specific machines and equipment working in tandem. [&hellip;]<\/p>\n","protected":false},"author":1,"featured_media":15108,"parent":0,"comment_status":"closed","ping_status":"closed","template":"","tags":[796],"product-type":[875,906],"class_list":["post-15096","product","type-product","status-publish","has-post-thumbnail","hentry","tag-rice","product-type-rice-mill-category","product-type-rice-mill-production-line"],"_links":{"self":[{"href":"https:\/\/www.agriculture-machine.com\/fr\/wp-json\/wp\/v2\/product\/15096","targetHints":{"allow":["GET"]}}],"collection":[{"href":"https:\/\/www.agriculture-machine.com\/fr\/wp-json\/wp\/v2\/product"}],"about":[{"href":"https:\/\/www.agriculture-machine.com\/fr\/wp-json\/wp\/v2\/types\/product"}],"author":[{"embeddable":true,"href":"https:\/\/www.agriculture-machine.com\/fr\/wp-json\/wp\/v2\/users\/1"}],"replies":[{"embeddable":true,"href":"https:\/\/www.agriculture-machine.com\/fr\/wp-json\/wp\/v2\/comments?post=15096"}],"wp:featuredmedia":[{"embeddable":true,"href":"https:\/\/www.agriculture-machine.com\/fr\/wp-json\/wp\/v2\/media\/15108"}],"wp:attachment":[{"href":"https:\/\/www.agriculture-machine.com\/fr\/wp-json\/wp\/v2\/media?parent=15096"}],"wp:term":[{"taxonomy":"post_tag","embeddable":true,"href":"https:\/\/www.agriculture-machine.com\/fr\/wp-json\/wp\/v2\/tags?post=15096"},{"taxonomy":"product-type","embeddable":true,"href":"https:\/\/www.agriculture-machine.com\/fr\/wp-json\/wp\/v2\/product-type?post=15096"}],"curies":[{"name":"wp","href":"https:\/\/api.w.org\/{rel}","templated":true}]}}