{"id":15120,"date":"2023-11-13T10:46:11","date_gmt":"2023-11-13T02:46:11","guid":{"rendered":"https:\/\/www.agriculture-machine.com\/?post_type=product&#038;p=15120"},"modified":"2024-09-18T15:43:33","modified_gmt":"2024-09-18T07:43:33","slug":"paddy-milling-line","status":"publish","type":"product","link":"https:\/\/www.agriculture-machine.com\/fr\/paddy-milling-line\/","title":{"rendered":"Ligne de traitement du riz de 25 et 30TPD automatique"},"content":{"rendered":"<p class=\"translation-block\">La ligne de mouture de riz <strong><a href=\"https:\/\/www.agriculture-machine.com\/fr\/rice-mill-category\/rice-mill-production-line\/\">Taizy 25 et 30 tonnes\/jour<\/a><\/strong> est un ensemble d'\u00e9quipements enti\u00e8rement automatis\u00e9s, tr\u00e8s efficace, con\u00e7u pour la production de riz \u00e0 grande \u00e9chelle. La ligne int\u00e8gre plusieurs processus tels que le nettoyage, le d\u00e9corticage, la mouture et le tamisage, et peut traiter rapidement le paddy en riz de haute qualit\u00e9.<\/p>    <figure class=\"wp-block-image size-full\"><img loading=\"lazy\" decoding=\"async\" width=\"720\" height=\"540\" src=\"https:\/\/www.agriculture-machine.com\/wp-content\/uploads\/2023\/11\/paddy-mill-rice-processing-line.webp\" alt=\"Ligne de traitement du riz paddy\" class=\"wp-image-15153\" srcset=\"https:\/\/www.agriculture-machine.com\/wp-content\/uploads\/2023\/11\/paddy-mill-rice-processing-line.webp 720w, https:\/\/www.agriculture-machine.com\/wp-content\/uploads\/2023\/11\/paddy-mill-rice-processing-line-360x270.webp 360w, https:\/\/www.agriculture-machine.com\/wp-content\/uploads\/2023\/11\/paddy-mill-rice-processing-line-240x180.webp 240w\" sizes=\"auto, (max-width: 720px) 100vw, 720px\" \/><figcaption class=\"wp-element-caption\">Ligne de traitement du riz paddy<\/figcaption><\/figure>    <p>Sa haute capacit\u00e9 et sa technologie avanc\u00e9e garantissent l'efficacit\u00e9 de la production et la qualit\u00e9 de la mouture tout en respectant pleinement les normes d'hygi\u00e8ne et de s\u00e9curit\u00e9 alimentaire. Cette ligne de mouture de paddy convient pour une utilisation dans de grands champs de paddy ou usines de traitement du riz, offrant aux utilisateurs une solution fiable et durable pour la production de riz.<\/p>    <h2 class=\"wp-block-heading\">Structure et param\u00e8tres des solutions de mouture de riz Milltec<\/h2>    <p class=\"translation-block\">The machine&#8217;s composition of the 25 and 30-ton paddy milling lines is the same as that of the <strong><a href=\"https:\/\/www.agriculture-machine.com\/fr\/rice-mill-plant\/\">15TPD Rice Mill Plant<\/a><\/strong>. However, their size increases as production increases. The 25TPD destoner is larger than the <strong><a href=\"https:\/\/www.agriculture-machine.com\/fr\/paddy-processing-unit\/\">20TPD standard production line<\/a><\/strong> and is equipped with a flat gyratory screen.<\/p>    <p>Les lignes de mouture de paddy de 25 et 30 TPD ont la m\u00eame composition ainsi que leurs fonctions, seule la mod\u00e8le et la puissance requise diff\u00e8rent. Il faut noter que le d\u00e9sheller est \u00e9quip\u00e9 de deux treuils \u00e0 l'arri\u00e8re, qui fonctionnent comme suit :<\/p>    <ul class=\"wp-block-list\"> <li>Canal 1 : Conduire le riz paddy propre vers le d\u00e9cortiqueur de riz paddy<\/li>    <li>Canal 2 : Recycler le m\u00e9lange de riz brun et de riz paddy vers le s\u00e9parateur de paddy \u00e0 gravit\u00e9<\/li> <\/ul>    <h3 class=\"wp-block-heading\">Machines de polissage de riz de 25 TPD<\/h3>    <div class=\"wp-block-media-text is-stacked-on-mobile\"><figure class=\"wp-block-media-text__media\"><img loading=\"lazy\" decoding=\"async\" width=\"720\" height=\"540\" src=\"https:\/\/www.agriculture-machine.com\/wp-content\/uploads\/2023\/11\/25T-rice-polishing-machines-structure.webp\" alt=\"Structure des machines de polissage de riz de 25 T\" class=\"wp-image-15122 size-full\" srcset=\"https:\/\/www.agriculture-machine.com\/wp-content\/uploads\/2023\/11\/25T-rice-polishing-machines-structure.webp 720w, https:\/\/www.agriculture-machine.com\/wp-content\/uploads\/2023\/11\/25T-rice-polishing-machines-structure-360x270.webp 360w, https:\/\/www.agriculture-machine.com\/wp-content\/uploads\/2023\/11\/25T-rice-polishing-machines-structure-240x180.webp 240w\" sizes=\"auto, (max-width: 720px) 100vw, 720px\" \/><\/figure><div class=\"wp-block-media-text__content\"> <figure class=\"wp-block-table is-style-stripes\"><table><tbody><tr><td class=\"has-text-align-center\" data-align=\"center\"><strong>Non.<\/strong><strong><\/strong><\/td><td class=\"has-text-align-center\" data-align=\"center\"><strong>Article<\/strong><strong><\/strong><\/td><td class=\"has-text-align-center\" data-align=\"center\"><strong>Mod\u00e8le<\/strong><strong><\/strong><\/td><td class=\"has-text-align-center\" data-align=\"center\"><strong>Puissance (kW)<\/strong><strong><\/strong><\/td><\/tr><tr><td class=\"has-text-align-center\" data-align=\"center\">1<\/td><td class=\"has-text-align-center\" data-align=\"center\">Ascenseur<\/td><td class=\"has-text-align-center\" data-align=\"center\">TDTG18\/08<\/td><td class=\"has-text-align-center\" data-align=\"center\">0.75<\/td><\/tr><tr><td class=\"has-text-align-center\" data-align=\"center\">2<\/td><td class=\"has-text-align-center\" data-align=\"center\">D\u00e9parasitateur de paddy<\/td><td class=\"has-text-align-center\" data-align=\"center\">ZQS60<\/td><td class=\"has-text-align-center\" data-align=\"center\">1.1+2.2<\/td><\/tr><tr><td class=\"has-text-align-center\" data-align=\"center\">3<\/td><td class=\"has-text-align-center\" data-align=\"center\">Ascenseur<\/td><td class=\"has-text-align-center\" data-align=\"center\">TDTG18\/08*2<\/td><td class=\"has-text-align-center\" data-align=\"center\">0.75<\/td><\/tr><tr><td class=\"has-text-align-center\" data-align=\"center\">4<\/td><td class=\"has-text-align-center\" data-align=\"center\">D\u00e9cortiqueur de riz paddy (rouleau en caoutchouc de 8 pouces)<\/td><td class=\"has-text-align-center\" data-align=\"center\">LG20<\/td><td class=\"has-text-align-center\" data-align=\"center\">5.5+1.1<\/td><\/tr><tr><td class=\"has-text-align-center\" data-align=\"center\">5<\/td><td class=\"has-text-align-center\" data-align=\"center\">S\u00e9parateur gravitaire de paddy<\/td><td class=\"has-text-align-center\" data-align=\"center\">MGCZ80*5<\/td><td class=\"has-text-align-center\" data-align=\"center\">0.75<\/td><\/tr><tr><td class=\"has-text-align-center\" data-align=\"center\">6<\/td><td class=\"has-text-align-center\" data-align=\"center\">Moulin \u00e0 riz (rouleau en carbure de tungst\u00e8ne)<\/td><td class=\"has-text-align-center\" data-align=\"center\">NS150<\/td><td class=\"has-text-align-center\" data-align=\"center\">18.5<\/td><\/tr><tr><td class=\"has-text-align-center\" data-align=\"center\">7<\/td><td class=\"has-text-align-center\" data-align=\"center\">Classificateur de riz<\/td><td class=\"has-text-align-center\" data-align=\"center\">40<\/td><td class=\"has-text-align-center\" data-align=\"center\">0.55<\/td><\/tr><\/tbody><\/table><\/figure> <\/div><\/div>    <h3 class=\"wp-block-heading\">Ligne de traitement du paddy de 30 TPD<\/h3>    <div class=\"wp-block-media-text is-stacked-on-mobile\"><figure class=\"wp-block-media-text__media\"><img loading=\"lazy\" decoding=\"async\" width=\"720\" height=\"540\" src=\"https:\/\/www.agriculture-machine.com\/wp-content\/uploads\/2023\/11\/30T-rice-polishing-machines-structure.webp\" alt=\"Structure des machines de polissage de riz de 30 T\" class=\"wp-image-15123 size-full\" srcset=\"https:\/\/www.agriculture-machine.com\/wp-content\/uploads\/2023\/11\/30T-rice-polishing-machines-structure.webp 720w, https:\/\/www.agriculture-machine.com\/wp-content\/uploads\/2023\/11\/30T-rice-polishing-machines-structure-360x270.webp 360w, https:\/\/www.agriculture-machine.com\/wp-content\/uploads\/2023\/11\/30T-rice-polishing-machines-structure-240x180.webp 240w\" sizes=\"auto, (max-width: 720px) 100vw, 720px\" \/><\/figure><div class=\"wp-block-media-text__content\"> <figure class=\"wp-block-table is-style-stripes\"><table><tbody><tr><td class=\"has-text-align-center\" data-align=\"center\"><strong>Non.<\/strong><strong><\/strong><\/td><td class=\"has-text-align-center\" data-align=\"center\"><strong>Article<\/strong><strong><\/strong><\/td><td class=\"has-text-align-center\" data-align=\"center\"><strong>Mod\u00e8le<\/strong><strong><\/strong><\/td><td class=\"has-text-align-center\" data-align=\"center\"><strong>Puissance (kW)<\/strong><strong><\/strong><\/td><\/tr><tr><td class=\"has-text-align-center\" data-align=\"center\">1<\/td><td class=\"has-text-align-center\" data-align=\"center\">Ascenseur<\/td><td class=\"has-text-align-center\" data-align=\"center\">TDTG20\/11<\/td><td class=\"has-text-align-center\" data-align=\"center\">1.1<\/td><\/tr><tr><td class=\"has-text-align-center\" data-align=\"center\">2<\/td><td class=\"has-text-align-center\" data-align=\"center\">D\u00e9parasitateur de paddy<\/td><td class=\"has-text-align-center\" data-align=\"center\">ZQS70<\/td><td class=\"has-text-align-center\" data-align=\"center\">0.5+3<\/td><\/tr><tr><td class=\"has-text-align-center\" data-align=\"center\">3<\/td><td class=\"has-text-align-center\" data-align=\"center\">Ascenseur<\/td><td class=\"has-text-align-center\" data-align=\"center\">TDTG18\/08*2<\/td><td class=\"has-text-align-center\" data-align=\"center\">1.1<\/td><\/tr><tr><td class=\"has-text-align-center\" data-align=\"center\">4<\/td><td class=\"has-text-align-center\" data-align=\"center\">D\u00e9cortiqueur de riz paddy (rouleau en caoutchouc de 8 pouces)<\/td><td class=\"has-text-align-center\" data-align=\"center\">LG20<\/td><td class=\"has-text-align-center\" data-align=\"center\">5.5+1.1<\/td><\/tr><tr><td class=\"has-text-align-center\" data-align=\"center\">5<\/td><td class=\"has-text-align-center\" data-align=\"center\">S\u00e9parateur gravitaire de paddy<\/td><td class=\"has-text-align-center\" data-align=\"center\">MGCZ80*7<\/td><td class=\"has-text-align-center\" data-align=\"center\">1.1<\/td><\/tr><tr><td class=\"has-text-align-center\" data-align=\"center\">6<\/td><td class=\"has-text-align-center\" data-align=\"center\">Machine \u00e0 riz (rouleau en carbure de silicium)<\/td><td class=\"has-text-align-center\" data-align=\"center\">MNMS15B<\/td><td class=\"has-text-align-center\" data-align=\"center\">18.5<\/td><\/tr><tr><td class=\"has-text-align-center\" data-align=\"center\">7<\/td><td class=\"has-text-align-center\" data-align=\"center\">Classificateur de riz<\/td><td class=\"has-text-align-center\" data-align=\"center\">40<\/td><td class=\"has-text-align-center\" data-align=\"center\">0.55<\/td><\/tr><\/tbody><\/table><\/figure> <\/div><\/div>    <h2 class=\"wp-block-heading\">Application principale de la ligne de mouture de paddy<\/h2>    <p>Cette unit\u00e9 de mouture de riz que nous poss\u00e9dons peut prendre du riz paddy r\u00e9colt\u00e9 sur le terrain (humidit\u00e9 du grain brut doit \u00eatre inf\u00e9rieure \u00e0 12,5 %) et produire du riz blanc propre \u00e0 travers une s\u00e9rie d'op\u00e9rations comme indiqu\u00e9 dans l'image ci-dessous. Le riz final obtenu repr\u00e9sente 70 % du grain original, le son de riz et l'embryon \u00e9tant \u00e0 10 %. Normalement, 1000 kg de riz paddy en entr\u00e9e \u2192 r\u00e9sultat 700 kg de riz blanc.<\/p>    <figure class=\"wp-block-gallery has-nested-images columns-default is-cropped wp-block-gallery-2 is-layout-flex wp-block-gallery-is-layout-flex\"> <figure class=\"wp-block-image size-large\"><img loading=\"lazy\" decoding=\"async\" width=\"720\" height=\"540\" data-id=\"15125\" src=\"https:\/\/www.agriculture-machine.com\/wp-content\/uploads\/2023\/11\/rice-processing-plant-application.webp\" alt=\"Application de l&#039;usine de traitement du riz\" class=\"wp-image-15125\" srcset=\"https:\/\/www.agriculture-machine.com\/wp-content\/uploads\/2023\/11\/rice-processing-plant-application.webp 720w, https:\/\/www.agriculture-machine.com\/wp-content\/uploads\/2023\/11\/rice-processing-plant-application-360x270.webp 360w, https:\/\/www.agriculture-machine.com\/wp-content\/uploads\/2023\/11\/rice-processing-plant-application-240x180.webp 240w\" sizes=\"auto, (max-width: 720px) 100vw, 720px\" \/><figcaption class=\"wp-element-caption\">Application de l'usine de traitement du riz<\/figcaption><\/figure> <\/figure>    <figure class=\"wp-block-image size-full\"><img loading=\"lazy\" decoding=\"async\" width=\"720\" height=\"540\" src=\"https:\/\/www.agriculture-machine.com\/wp-content\/uploads\/2023\/11\/rice-processing-analysis.webp\" alt=\"Analyse du traitement du riz\" class=\"wp-image-15126\" srcset=\"https:\/\/www.agriculture-machine.com\/wp-content\/uploads\/2023\/11\/rice-processing-analysis.webp 720w, https:\/\/www.agriculture-machine.com\/wp-content\/uploads\/2023\/11\/rice-processing-analysis-360x270.webp 360w, https:\/\/www.agriculture-machine.com\/wp-content\/uploads\/2023\/11\/rice-processing-analysis-240x180.webp 240w\" sizes=\"auto, (max-width: 720px) 100vw, 720px\" \/><figcaption class=\"wp-element-caption\">Analyse du traitement du riz<\/figcaption><\/figure>    <h2 class=\"wp-block-heading\">Avantages et fonctions de l'usine de riz automatique<\/h2>    <ul class=\"wp-block-list\"> <li>Cette ligne de mouture de paddy adopte une disposition et une combinaison, et son apparence est plus belle et compacte;<\/li>    <li>Des vis d'ancrage sont ajout\u00e9es \u00e0 la partie excentrique pour am\u00e9liorer la stabilit\u00e9;<\/li>    <li>The height of some parts of the machine is reduced, which makes it easy to operate (especially suitable for individual farmers&#8217; processing);<\/li>    <li>La combinaison et la s\u00e9paration de chaque partie peuvent \u00eatre effectu\u00e9es ind\u00e9pendamment, rendant la maintenance et le transport plus pratiques.<\/li>    <li>Adoptant un s\u00e9parateur de pierres de type aspiration, l'effet est plus fiable et stable, et il peut \u00e9galement r\u00e9duire la pollution de poussi\u00e8re lors du processus d'alimentation;<\/li>    <li>Praticit\u00e9 forte, cette ligne de mouture de paddy ne traite pas seulement des produits agricoles individuels mais aussi des grains commerciaux en continu;<\/li>    <li>Processus de broyage accru, pratique pour les agriculteurs pour m\u00e9langer de grandes quantit\u00e9s de paille et de paille en filet, traitement en une seule fois en poudre de paille pour une utilisation compl\u00e8te des sous-produits.<\/li> <\/ul>    <figure class=\"wp-block-gallery has-nested-images columns-default is-cropped wp-block-gallery-3 is-layout-flex wp-block-gallery-is-layout-flex\"> <figure class=\"wp-block-image size-large\"><img loading=\"lazy\" decoding=\"async\" width=\"405\" height=\"540\" data-id=\"15130\" src=\"https:\/\/www.agriculture-machine.com\/wp-content\/uploads\/2023\/11\/paddy-milling-plant-405x540.webp\" alt=\"Usine de mouture de paddy\" class=\"wp-image-15130\" srcset=\"https:\/\/www.agriculture-machine.com\/wp-content\/uploads\/2023\/11\/paddy-milling-plant-405x540.webp 405w, https:\/\/www.agriculture-machine.com\/wp-content\/uploads\/2023\/11\/paddy-milling-plant-203x270.webp 203w, https:\/\/www.agriculture-machine.com\/wp-content\/uploads\/2023\/11\/paddy-milling-plant.webp 540w\" sizes=\"auto, (max-width: 405px) 100vw, 405px\" \/><figcaption class=\"wp-element-caption\">Usine de mouture de paddy<\/figcaption><\/figure>    <figure class=\"wp-block-image size-large\"><img loading=\"lazy\" decoding=\"async\" width=\"405\" height=\"540\" data-id=\"15129\" src=\"https:\/\/www.agriculture-machine.com\/wp-content\/uploads\/2023\/11\/30T-paddy-processing-line-405x540.webp\" alt=\"Ligne de traitement du paddy de 30 T\" class=\"wp-image-15129\" srcset=\"https:\/\/www.agriculture-machine.com\/wp-content\/uploads\/2023\/11\/30T-paddy-processing-line-405x540.webp 405w, https:\/\/www.agriculture-machine.com\/wp-content\/uploads\/2023\/11\/30T-paddy-processing-line-203x270.webp 203w, https:\/\/www.agriculture-machine.com\/wp-content\/uploads\/2023\/11\/30T-paddy-processing-line.webp 540w\" sizes=\"auto, (max-width: 405px) 100vw, 405px\" \/><figcaption class=\"wp-element-caption\">Ligne de traitement du paddy de 30 T<\/figcaption><\/figure> <\/figure>    <h2 class=\"wp-block-heading\">D\u00e9tails des machines \u00e0 riz blanc <\/h2>    <p>Voici quelques composants importants qui font fonctionner la machine. Bien s\u00fbr, si vous souhaitez voir plus de photos ainsi que des vid\u00e9os, etc., n'h\u00e9sitez pas \u00e0 nous contacter pour les obtenir.<\/p>    <figure class=\"wp-block-gallery has-nested-images columns-default is-cropped wp-block-gallery-4 is-layout-flex wp-block-gallery-is-layout-flex\"> <figure class=\"wp-block-image size-large\"><img loading=\"lazy\" decoding=\"async\" width=\"405\" height=\"540\" data-id=\"15131\" src=\"https:\/\/www.agriculture-machine.com\/wp-content\/uploads\/2023\/11\/paddy-milling-line-detail-405x540.webp\" alt=\"D\u00e9tail de la ligne de mouture de paddy\" class=\"wp-image-15131\" srcset=\"https:\/\/www.agriculture-machine.com\/wp-content\/uploads\/2023\/11\/paddy-milling-line-detail-405x540.webp 405w, https:\/\/www.agriculture-machine.com\/wp-content\/uploads\/2023\/11\/paddy-milling-line-detail-203x270.webp 203w, https:\/\/www.agriculture-machine.com\/wp-content\/uploads\/2023\/11\/paddy-milling-line-detail.webp 540w\" sizes=\"auto, (max-width: 405px) 100vw, 405px\" \/><figcaption class=\"wp-element-caption\">D\u00e9tail de la ligne de mouture de paddy<\/figcaption><\/figure>    <figure class=\"wp-block-image size-large\"><img loading=\"lazy\" decoding=\"async\" width=\"405\" height=\"540\" data-id=\"15132\" src=\"https:\/\/www.agriculture-machine.com\/wp-content\/uploads\/2023\/11\/rice-grading-machine-405x540.webp\" alt=\"Machine de tri du riz\" class=\"wp-image-15132\" srcset=\"https:\/\/www.agriculture-machine.com\/wp-content\/uploads\/2023\/11\/rice-grading-machine-405x540.webp 405w, https:\/\/www.agriculture-machine.com\/wp-content\/uploads\/2023\/11\/rice-grading-machine-203x270.webp 203w, https:\/\/www.agriculture-machine.com\/wp-content\/uploads\/2023\/11\/rice-grading-machine.webp 540w\" sizes=\"auto, (max-width: 405px) 100vw, 405px\" \/><figcaption class=\"wp-element-caption\">Machine de tri du riz<\/figcaption><\/figure> <\/figure>    <h2 class=\"wp-block-heading\">Cas de succ\u00e8s des machines de traitement du riz et du paddy<\/h2>    <p>La polyvalence et l'applicabilit\u00e9 des lignes de mouture de paddy pour r\u00e9pondre aux besoins de diff\u00e9rents march\u00e9s \u00e0 l'\u00e9chelle mondiale sont g\u00e9n\u00e9ralement plus populaires dans les principales r\u00e9gions productrices de riz d'Asie, d'Afrique et d'Am\u00e9rique latine. Nos grandes machines de mouture de riz ont \u00e9t\u00e9 exp\u00e9di\u00e9es dans de nombreux pays, notamment au Kenya, au Nigeria, au Malawi, au Ghana, au Pakistan, etc.<\/p>    <figure class=\"wp-block-gallery has-nested-images columns-default is-cropped wp-block-gallery-5 is-layout-flex wp-block-gallery-is-layout-flex\"> <figure class=\"wp-block-image size-large\"><img loading=\"lazy\" decoding=\"async\" width=\"720\" height=\"540\" data-id=\"15127\" src=\"https:\/\/www.agriculture-machine.com\/wp-content\/uploads\/2023\/11\/rice-huller-machine.webp\" alt=\"Machine \u00e0 d\u00e9cortiquer le riz\" class=\"wp-image-15127\" srcset=\"https:\/\/www.agriculture-machine.com\/wp-content\/uploads\/2023\/11\/rice-huller-machine.webp 720w, https:\/\/www.agriculture-machine.com\/wp-content\/uploads\/2023\/11\/rice-huller-machine-360x270.webp 360w, https:\/\/www.agriculture-machine.com\/wp-content\/uploads\/2023\/11\/rice-huller-machine-240x180.webp 240w\" sizes=\"auto, (max-width: 720px) 100vw, 720px\" \/><figcaption class=\"wp-element-caption\">Machine \u00e0 d\u00e9cortiquer le riz<\/figcaption><\/figure>    <figure class=\"wp-block-image size-large\"><img loading=\"lazy\" decoding=\"async\" width=\"720\" height=\"540\" data-id=\"15128\" src=\"https:\/\/www.agriculture-machine.com\/wp-content\/uploads\/2023\/11\/rice-whitener.webp\" alt=\"Blanchisseur de riz\" class=\"wp-image-15128\" srcset=\"https:\/\/www.agriculture-machine.com\/wp-content\/uploads\/2023\/11\/rice-whitener.webp 720w, https:\/\/www.agriculture-machine.com\/wp-content\/uploads\/2023\/11\/rice-whitener-360x270.webp 360w, https:\/\/www.agriculture-machine.com\/wp-content\/uploads\/2023\/11\/rice-whitener-240x180.webp 240w\" sizes=\"auto, (max-width: 720px) 100vw, 720px\" \/><figcaption class=\"wp-element-caption\">Blanchisseur de riz<\/figcaption><\/figure> <\/figure>    <p>En plus de plusieurs lignes standard, nous disposons \u00e9galement d'extensions avanc\u00e9es am\u00e9lior\u00e9es, que vous pouvez choisir selon votre budget et le degr\u00e9 de besoin pour le produit fini, etc. Veuillez parcourir notre site web et n'h\u00e9sitez pas \u00e0 nous contacter !<\/p>","protected":false},"excerpt":{"rendered":"<p>Taizy 25 and 30 Ton\/Day capacity rice paddy milling line is a highly efficient, fully automated set of equipment designed for large-scale rice production. The line integrates multiple processes such as cleaning, hulling, milling, and sieving, and is capable of quickly processing paddy into high-quality rice. Its high throughput and advanced technology ensure production efficiency [&hellip;]<\/p>\n","protected":false},"author":1,"featured_media":15151,"parent":0,"comment_status":"closed","ping_status":"closed","template":"","tags":[796],"product-type":[875,906],"class_list":["post-15120","product","type-product","status-publish","has-post-thumbnail","hentry","tag-rice","product-type-rice-mill-category","product-type-rice-mill-production-line"],"_links":{"self":[{"href":"https:\/\/www.agriculture-machine.com\/fr\/wp-json\/wp\/v2\/product\/15120","targetHints":{"allow":["GET"]}}],"collection":[{"href":"https:\/\/www.agriculture-machine.com\/fr\/wp-json\/wp\/v2\/product"}],"about":[{"href":"https:\/\/www.agriculture-machine.com\/fr\/wp-json\/wp\/v2\/types\/product"}],"author":[{"embeddable":true,"href":"https:\/\/www.agriculture-machine.com\/fr\/wp-json\/wp\/v2\/users\/1"}],"replies":[{"embeddable":true,"href":"https:\/\/www.agriculture-machine.com\/fr\/wp-json\/wp\/v2\/comments?post=15120"}],"wp:featuredmedia":[{"embeddable":true,"href":"https:\/\/www.agriculture-machine.com\/fr\/wp-json\/wp\/v2\/media\/15151"}],"wp:attachment":[{"href":"https:\/\/www.agriculture-machine.com\/fr\/wp-json\/wp\/v2\/media?parent=15120"}],"wp:term":[{"taxonomy":"post_tag","embeddable":true,"href":"https:\/\/www.agriculture-machine.com\/fr\/wp-json\/wp\/v2\/tags?post=15120"},{"taxonomy":"product-type","embeddable":true,"href":"https:\/\/www.agriculture-machine.com\/fr\/wp-json\/wp\/v2\/product-type?post=15120"}],"curies":[{"name":"wp","href":"https:\/\/api.w.org\/{rel}","templated":true}]}}