{"id":15160,"date":"2023-11-16T14:46:25","date_gmt":"2023-11-16T06:46:25","guid":{"rendered":"https:\/\/www.agriculture-machine.com\/?post_type=product&#038;p=15160"},"modified":"2024-08-20T17:43:57","modified_gmt":"2024-08-20T09:43:57","slug":"combined-wheat-rice-harvester","status":"publish","type":"product","link":"https:\/\/www.agriculture-machine.com\/fr\/combined-wheat-rice-harvester\/","title":{"rendered":"Machine de r\u00e9colteuse de bl\u00e9 et de riz combin\u00e9e avec fonction de d\u00e9cortiqueuse"},"content":{"rendered":"<p class=\"translation-block\">La <strong>moissonneuse-batteuse combin\u00e9e de bl\u00e9 et de riz<\/strong> est une machine multifonctionnelle. Elle convient principalement \u00e0 la r\u00e9colte de riz et de bl\u00e9 \u00e0 petite \u00e9chelle. Elle combine la moisson, le battage, le d\u00e9chaumage, le tamisage et l'emballage en une seule op\u00e9ration compl\u00e8te. <\/p>    <p>This machine can control wheat losses to within 3.5% and rice&#8217;s to within only 2%. It is suitable for mountainous regions, hilly terrain, paddy fields, terraced fields, and muddy areas where conventional combine harvesters cannot operate.<\/p>    <figure class=\"wp-block-embed aligncenter is-type-video is-provider-youtube wp-block-embed-youtube wp-embed-aspect-16-9 wp-has-aspect-ratio\"><div class=\"wp-block-embed__wrapper\"> <iframe loading=\"lazy\" title=\"Machine de r\u00e9colte et de battage combin\u00e9e de riz et de bl\u00e9 !#riz #bl\u00e9\" width=\"500\" height=\"281\" src=\"https:\/\/www.youtube.com\/embed\/5PJ4BnZYd2M?feature=oembed\" frameborder=\"0\" allow=\"accelerometer; autoplay; clipboard-write; encrypted-media; gyroscope; picture-in-picture; web-share\" referrerpolicy=\"strict-origin-when-cross-origin\" allowfullscreen><\/iframe> <\/div><figcaption class=\"wp-element-caption\">Moissonneuse-batteuse et battage combin\u00e9s de riz et de bl\u00e9<\/figcaption><\/figure>    <p>Cette machine soulage le travail lourd impliqu\u00e9 dans la r\u00e9colte des cultures pour les agriculteurs. Sa forte adaptabilit\u00e9, sa structure compacte, ses performances fiables, sa facilit\u00e9 d'utilisation et d'entretien en ont fait un choix populaire tant au niveau national qu'international.<\/p>    <figure class=\"wp-block-image aligncenter size-full\"><img loading=\"lazy\" decoding=\"async\" width=\"720\" height=\"540\" src=\"https:\/\/www.agriculture-machine.com\/wp-content\/uploads\/2023\/11\/combined-wheat-rice-harvester.webp\" alt=\"Moissonneuse-batteuse de bl\u00e9 et de riz combin\u00e9e\" class=\"wp-image-15163\" srcset=\"https:\/\/www.agriculture-machine.com\/wp-content\/uploads\/2023\/11\/combined-wheat-rice-harvester.webp 720w, https:\/\/www.agriculture-machine.com\/wp-content\/uploads\/2023\/11\/combined-wheat-rice-harvester-360x270.webp 360w, https:\/\/www.agriculture-machine.com\/wp-content\/uploads\/2023\/11\/combined-wheat-rice-harvester-240x180.webp 240w\" sizes=\"auto, (max-width: 720px) 100vw, 720px\" \/><figcaption class=\"wp-element-caption\">Moissonneuse-batteuse de bl\u00e9 et de riz combin\u00e9e<\/figcaption><\/figure>    <h2 class=\"wp-block-heading\">Deux types de moissonneuses combin\u00e9es de bl\u00e9 et de riz<\/h2>    <p>La soci\u00e9t\u00e9 Taizy produit deux principaux types de moissonneuses : \u00e0 chenilles triangulaires et \u00e0 chenilles plates. Les clients peuvent choisir selon leur sol agricole et autres conditions. <\/p>    <p>La piste triangulaire convient aux terres s\u00e8ches et aux champs de riz sans pieds de boue profonde, tandis que la piste plate a une zone de contact au sol plus grande et est plus adapt\u00e9e aux champs de riz avec des pieds de boue plus profonds. Pour l'exportation en Afrique, la piste triangulaire peut faire l'affaire, tandis que la piste plate est recommand\u00e9e pour l'Asie du Sud-Est.<\/p>    <figure class=\"wp-block-gallery has-nested-images columns-default is-cropped wp-block-gallery-2 is-layout-flex wp-block-gallery-is-layout-flex\"> <figure class=\"wp-block-image size-large\"><img loading=\"lazy\" decoding=\"async\" width=\"720\" height=\"540\" data-id=\"15164\" src=\"https:\/\/www.agriculture-machine.com\/wp-content\/uploads\/2023\/11\/combine-harvester-for-sale.webp\" alt=\"Moissonneuse-batteuse \u00e0 vendre\" class=\"wp-image-15164\" srcset=\"https:\/\/www.agriculture-machine.com\/wp-content\/uploads\/2023\/11\/combine-harvester-for-sale.webp 720w, https:\/\/www.agriculture-machine.com\/wp-content\/uploads\/2023\/11\/combine-harvester-for-sale-360x270.webp 360w, https:\/\/www.agriculture-machine.com\/wp-content\/uploads\/2023\/11\/combine-harvester-for-sale-240x180.webp 240w\" sizes=\"auto, (max-width: 720px) 100vw, 720px\" \/><figcaption class=\"wp-element-caption\">Moissonneuse-batteuse \u00e0 vendre<\/figcaption><\/figure>    <figure class=\"wp-block-image size-large\"><img loading=\"lazy\" decoding=\"async\" width=\"720\" height=\"540\" data-id=\"15166\" src=\"https:\/\/www.agriculture-machine.com\/wp-content\/uploads\/2023\/11\/crop-harvesting-equipment.webp\" alt=\"\u00c9quipement de r\u00e9colte des cultures\" class=\"wp-image-15166\" srcset=\"https:\/\/www.agriculture-machine.com\/wp-content\/uploads\/2023\/11\/crop-harvesting-equipment.webp 720w, https:\/\/www.agriculture-machine.com\/wp-content\/uploads\/2023\/11\/crop-harvesting-equipment-360x270.webp 360w, https:\/\/www.agriculture-machine.com\/wp-content\/uploads\/2023\/11\/crop-harvesting-equipment-240x180.webp 240w\" sizes=\"auto, (max-width: 720px) 100vw, 720px\" \/><figcaption class=\"wp-element-caption\">\u00c9quipement de r\u00e9colte des cultures<\/figcaption><\/figure> <\/figure>    <h2 class=\"wp-block-heading\">Param\u00e8tres des machines de r\u00e9colte de bl\u00e9<\/h2>    <p>Que ce soit une chenille plate ou une chenille triangulaire, les deux ne conviennent qu'\u00e0 diff\u00e9rents sc\u00e9narios de terrain. Mais les param\u00e8tres techniques individuels sont les m\u00eames, ci-dessous quelques donn\u00e9es techniques importantes de la moissonneuse-batteuse de riz et de bl\u00e9.<\/p>    <figure class=\"wp-block-table is-style-stripes\"><table><tbody><tr><td class=\"has-text-align-center\" data-align=\"center\">Taille(MM)<\/td><td class=\"has-text-align-center\" data-align=\"center\">3100*1440*1630<\/td><\/tr><tr><td class=\"has-text-align-center\" data-align=\"center\">Poids(KG)<\/td><td class=\"has-text-align-center\" data-align=\"center\">570<\/td><\/tr><tr><td class=\"has-text-align-center\" data-align=\"center\">Largeur de coupe(MM)<\/td><td class=\"has-text-align-center\" data-align=\"center\">1100<\/td><\/tr><tr><td class=\"has-text-align-center\" data-align=\"center\">Garde au sol minimale(MM)<\/td><td class=\"has-text-align-center\" data-align=\"center\">190<\/td><\/tr><tr><td class=\"has-text-align-center\" data-align=\"center\">Pression moyenne au sol(KPA)<\/td><td class=\"has-text-align-center\" data-align=\"center\">10.9<\/td><\/tr><tr><td class=\"has-text-align-center\" data-align=\"center\">Volume d'alimentation(KG\/S)<\/td><td class=\"has-text-align-center\" data-align=\"center\">1.05<\/td><\/tr><tr><td class=\"has-text-align-center\" data-align=\"center\">Changement de vitesse<\/td><td class=\"has-text-align-center\" data-align=\"center\">1, 2, 3, 0, -1, -2, -3<\/td><\/tr><tr><td class=\"has-text-align-center\" data-align=\"center\">Mod\u00e8le de moteur<\/td><td class=\"has-text-align-center\" data-align=\"center\">KD1100FB DIESEL<\/td><\/tr><tr><td class=\"has-text-align-center\" data-align=\"center\">Puissance nominale(KW)<\/td><td class=\"has-text-align-center\" data-align=\"center\">11<\/td><\/tr><tr><td class=\"has-text-align-center\" data-align=\"center\">Puissance\/Vitesse de rotation(RPM)<\/td><td class=\"has-text-align-center\" data-align=\"center\">3600<\/td><\/tr><tr><td class=\"has-text-align-center\" data-align=\"center\">M\u00e9thode de d\u00e9marrage<\/td><td class=\"has-text-align-center\" data-align=\"center\">D\u00e9marrage \u00e9lectrique<\/td><\/tr><tr><td class=\"has-text-align-center\" data-align=\"center\">Carburant<\/td><td class=\"has-text-align-center\" data-align=\"center\">Diesel<\/td><\/tr><\/tbody><\/table><figcaption class=\"wp-element-caption\">Donn\u00e9es techniques de la machine de r\u00e9colte et de battage de riz<\/figcaption><\/figure>    <h2 class=\"wp-block-heading\">Comment fonctionne la moissonneuse-batteuse de riz et de bl\u00e9 ?<\/h2>   <div id=\"rank-math-howto\" class=\"rank-math-block\" > <div class=\"rank-math-howto-description\"> <img loading=\"lazy\" decoding=\"async\" width=\"720\" height=\"540\" src=\"https:\/\/www.agriculture-machine.com\/wp-content\/uploads\/2023\/11\/versatile-harvesting-machine.webp\" class=\"attachment-full size-full\" alt=\"Machine de r\u00e9colte polyvalente\" srcset=\"https:\/\/www.agriculture-machine.com\/wp-content\/uploads\/2023\/11\/versatile-harvesting-machine.webp 720w, https:\/\/www.agriculture-machine.com\/wp-content\/uploads\/2023\/11\/versatile-harvesting-machine-360x270.webp 360w, https:\/\/www.agriculture-machine.com\/wp-content\/uploads\/2023\/11\/versatile-harvesting-machine-240x180.webp 240w\" sizes=\"auto, (max-width: 720px) 100vw, 720px\" \/> <\/div>  <div class=\"rank-math-steps\"> <div id=\"howto-step-1700031329594\" class=\"rank-math-step\"> <h3 class=\"rank-math-step-title\">R\u00e9colte<\/h3> <div class=\"rank-math-step-content\"><p>La machine de moisson combin\u00e9e de bl\u00e9 et de riz coupe et r\u00e9colte des cultures comme le riz ou le bl\u00e9 \u00e0 l'aide de lames ou de tables de coupe.<\/p> <\/div> <\/div> <div id=\"howto-step-1700031368960\" class=\"rank-math-step\"> <h3 class=\"rank-math-step-title\">Conveyance<\/h3> <div class=\"rank-math-step-content\"><p>En utilisant une bande transporteuse ou un autre m\u00e9canisme de convoyage, la r\u00e9colte coup\u00e9e est transport\u00e9e vers l'unit\u00e9 de travail suivante.<\/p> <\/div> <\/div> <div id=\"howto-step-1700031383697\" class=\"rank-math-step\"> <h3 class=\"rank-math-step-title\">Battage<\/h3> <div class=\"rank-math-step-content\"><p>La r\u00e9colte passe par un m\u00e9canisme de battage, g\u00e9n\u00e9ralement un moulin \u00e0 pellets ou un appareil similaire, qui s\u00e9pare les graines (riz, bl\u00e9, etc.) de la paille.<\/p> <\/div> <\/div> <div id=\"howto-step-1700031397727\" class=\"rank-math-step\"> <h3 class=\"rank-math-step-title\">Nettoyage<\/h3> <div class=\"rank-math-step-content\"><p>Les graines s\u00e9par\u00e9es sont envoy\u00e9es \u00e0 un syst\u00e8me de nettoyage qui \u00e9limine les impuret\u00e9s r\u00e9siduelles, la paille et autres mat\u00e9riaux ind\u00e9sirables.<\/p> <\/div> <\/div> <div id=\"howto-step-1700031413232\" class=\"rank-math-step\"> <h3 class=\"rank-math-step-title\">Stockage\/D\u00e9chargement<\/h3> <div class=\"rank-math-step-content\"><p>The cleaned seeds can be stored in the machine&#8217;s grain storage tank or unloaded into the collector using a conveyor belt, etc. The cleaning system is highly automated.<\/p> <\/div> <\/div> <\/div> <\/div>       <figure class=\"wp-block-embed aligncenter is-type-video is-provider-youtube wp-block-embed-youtube wp-embed-aspect-16-9 wp-has-aspect-ratio\"><div class=\"wp-block-embed__wrapper\"> <iframe loading=\"lazy\" title=\"Technologie avanc\u00e9e, une seule machine ! La moissonneuse-batteuse de riz et de bl\u00e9 fait une apparition impressionnante !\" width=\"500\" height=\"281\" src=\"https:\/\/www.youtube.com\/embed\/-JwfU0i0ZWo?start=1&#038;feature=oembed\" frameborder=\"0\" allow=\"accelerometer; autoplay; clipboard-write; encrypted-media; gyroscope; picture-in-picture; web-share\" referrerpolicy=\"strict-origin-when-cross-origin\" allowfullscreen><\/iframe> <\/div><figcaption class=\"wp-element-caption\">Sc\u00e8ne de travail de la machine de r\u00e9colte de riz paddy et de r\u00e9colte<\/figcaption><\/figure>    <h2 class=\"wp-block-heading\">Avantages de la moissonneuse-batteuse de riz et de bl\u00e9<\/h2>    <ul class=\"wp-block-list\"> <li>Un design l\u00e9ger permet une direction facile et agile.<\/li>    <li>Une technologie de battage avanc\u00e9e garantit une s\u00e9paration propre et compl\u00e8te des graines et des grains.<\/li>    <li>Adoption d'un tambour trois-en-un, faible charge, faible taux de casse, seulement 5%.<\/li>    <li>Hauteur de coupe r\u00e9glable, g\u00e9n\u00e9ralement de 12 \u00e0 75cm.<\/li>    <li>Ouverture d'alimentation plus large, la mati\u00e8re premi\u00e8re peut \u00eatre introduite dans la moissonneuse-batteuse combin\u00e9e de bl\u00e9 et de riz sans blocage.<\/li>    <li>Convoyeur de levage plus large, pratique pour transporter les cultures.<\/li>    <li>\u00c9quip\u00e9e de roues sp\u00e9cialis\u00e9es pour les champs de riz, elle peut g\u00e9rer des profondeurs de boue jusqu'\u00e0 30 cm.<\/li> <\/ul>    <figure class=\"wp-block-gallery has-nested-images columns-default is-cropped wp-block-gallery-3 is-layout-flex wp-block-gallery-is-layout-flex\"> <figure class=\"wp-block-image size-large\"><img loading=\"lazy\" decoding=\"async\" width=\"720\" height=\"540\" data-id=\"15168\" src=\"https:\/\/www.agriculture-machine.com\/wp-content\/uploads\/2023\/11\/efficient-harvesting-technology.webp\" alt=\"Technologie de r\u00e9colte efficace\" class=\"wp-image-15168\" srcset=\"https:\/\/www.agriculture-machine.com\/wp-content\/uploads\/2023\/11\/efficient-harvesting-technology.webp 720w, https:\/\/www.agriculture-machine.com\/wp-content\/uploads\/2023\/11\/efficient-harvesting-technology-360x270.webp 360w, https:\/\/www.agriculture-machine.com\/wp-content\/uploads\/2023\/11\/efficient-harvesting-technology-240x180.webp 240w\" sizes=\"auto, (max-width: 720px) 100vw, 720px\" \/><figcaption class=\"wp-element-caption\">Technologie de r\u00e9colte efficace<\/figcaption><\/figure>    <figure class=\"wp-block-image size-large\"><img loading=\"lazy\" decoding=\"async\" width=\"720\" height=\"540\" data-id=\"15169\" src=\"https:\/\/www.agriculture-machine.com\/wp-content\/uploads\/2023\/11\/rice-wheat-harvester-factory.webp\" alt=\"Usine de moissonneuses de riz et de bl\u00e9\" class=\"wp-image-15169\" srcset=\"https:\/\/www.agriculture-machine.com\/wp-content\/uploads\/2023\/11\/rice-wheat-harvester-factory.webp 720w, https:\/\/www.agriculture-machine.com\/wp-content\/uploads\/2023\/11\/rice-wheat-harvester-factory-360x270.webp 360w, https:\/\/www.agriculture-machine.com\/wp-content\/uploads\/2023\/11\/rice-wheat-harvester-factory-240x180.webp 240w\" sizes=\"auto, (max-width: 720px) 100vw, 720px\" \/><figcaption class=\"wp-element-caption\">Usine de moissonneuses de riz et de bl\u00e9<\/figcaption><\/figure> <\/figure>    <h2 class=\"wp-block-heading\">Cas de r\u00e9ussite de la machine de r\u00e9colte de bl\u00e9 et de riz<\/h2>    <p>Les moissonneuses-batteuses combin\u00e9es de bl\u00e9 et de riz sont largement populaires dans de nombreux pays agricoles d\u00e9velopp\u00e9s et producteurs de grains \u00e0 travers le monde. <\/p>    <p>Parce que de nombreux pays cultivent de vastes zones de riz, de bl\u00e9, etc., cette machine est un best-seller et \u00e9tait autrefois exp\u00e9di\u00e9e en Inde, Vietnam, Tha\u00eflande, France, Allemagne, Russie, \u00c9tats-Unis, Canada, Australie, Kenya, Nigeria, Br\u00e9sil, Argentine, etc.<\/p>    <p class=\"translation-block\">Voici une d\u00e9monstration en direct d'un champ de riz d'un client bangladais (<em>Article connexe : <a href=\"https:\/\/www.agriculture-machine.com\/fr\/wheat-and-rice-harvester-thresher-machine-in-bangladesh\/\"><strong>Client du Bangladesh ayant achet\u00e9 avec succ\u00e8s la moissonneuse-batteuse de bl\u00e9 et de riz Taizy<\/strong><\/a><\/em>).<\/p>    <figure class=\"wp-block-gallery has-nested-images columns-2 is-cropped wp-block-gallery-4 is-layout-flex wp-block-gallery-is-layout-flex\"> <figure class=\"wp-block-image size-large\"><img loading=\"lazy\" decoding=\"async\" width=\"720\" height=\"540\" data-id=\"15171\" src=\"https:\/\/www.agriculture-machine.com\/wp-content\/uploads\/2023\/11\/wheat-rice-combine-paddy-harvester.webp\" alt=\"Moissonneuse-batteuse combin\u00e9e de bl\u00e9 et de riz\" class=\"wp-image-15171\" srcset=\"https:\/\/www.agriculture-machine.com\/wp-content\/uploads\/2023\/11\/wheat-rice-combine-paddy-harvester.webp 720w, https:\/\/www.agriculture-machine.com\/wp-content\/uploads\/2023\/11\/wheat-rice-combine-paddy-harvester-360x270.webp 360w, https:\/\/www.agriculture-machine.com\/wp-content\/uploads\/2023\/11\/wheat-rice-combine-paddy-harvester-240x180.webp 240w\" sizes=\"auto, (max-width: 720px) 100vw, 720px\" \/><figcaption class=\"wp-element-caption\">Moissonneuse-batteuse combin\u00e9e de bl\u00e9 et de riz<\/figcaption><\/figure>    <figure class=\"wp-block-image size-large\"><img loading=\"lazy\" decoding=\"async\" width=\"720\" height=\"540\" data-id=\"15170\" src=\"https:\/\/www.agriculture-machine.com\/wp-content\/uploads\/2023\/11\/crop-yield-optimization.webp\" alt=\"Optimisation du rendement des cultures\" class=\"wp-image-15170\" srcset=\"https:\/\/www.agriculture-machine.com\/wp-content\/uploads\/2023\/11\/crop-yield-optimization.webp 720w, https:\/\/www.agriculture-machine.com\/wp-content\/uploads\/2023\/11\/crop-yield-optimization-360x270.webp 360w, https:\/\/www.agriculture-machine.com\/wp-content\/uploads\/2023\/11\/crop-yield-optimization-240x180.webp 240w\" sizes=\"auto, (max-width: 720px) 100vw, 720px\" \/><figcaption class=\"wp-element-caption\">Optimisation du rendement des cultures<\/figcaption><\/figure>    <figure class=\"wp-block-image size-large\"><img loading=\"lazy\" decoding=\"async\" width=\"720\" height=\"540\" data-id=\"15173\" src=\"https:\/\/www.agriculture-machine.com\/wp-content\/uploads\/2023\/11\/wheat-harvesting-and-threshing-machine.webp\" alt=\"Site de travail de la moisson et du battage de bl\u00e9\" class=\"wp-image-15173\" srcset=\"https:\/\/www.agriculture-machine.com\/wp-content\/uploads\/2023\/11\/wheat-harvesting-and-threshing-machine.webp 720w, https:\/\/www.agriculture-machine.com\/wp-content\/uploads\/2023\/11\/wheat-harvesting-and-threshing-machine-360x270.webp 360w, https:\/\/www.agriculture-machine.com\/wp-content\/uploads\/2023\/11\/wheat-harvesting-and-threshing-machine-240x180.webp 240w\" sizes=\"auto, (max-width: 720px) 100vw, 720px\" \/><figcaption class=\"wp-element-caption\">Site de travail de la moisson et du battage de bl\u00e9<\/figcaption><\/figure>    <figure class=\"wp-block-image size-large\"><img loading=\"lazy\" decoding=\"async\" width=\"720\" height=\"540\" data-id=\"15172\" src=\"https:\/\/www.agriculture-machine.com\/wp-content\/uploads\/2023\/11\/customer-rice-field.webp\" alt=\"Champ de riz du client\" class=\"wp-image-15172\" srcset=\"https:\/\/www.agriculture-machine.com\/wp-content\/uploads\/2023\/11\/customer-rice-field.webp 720w, https:\/\/www.agriculture-machine.com\/wp-content\/uploads\/2023\/11\/customer-rice-field-360x270.webp 360w, https:\/\/www.agriculture-machine.com\/wp-content\/uploads\/2023\/11\/customer-rice-field-240x180.webp 240w\" sizes=\"auto, (max-width: 720px) 100vw, 720px\" \/><figcaption class=\"wp-element-caption\">Champ de riz du client<\/figcaption><\/figure> <\/figure>    <h2 class=\"wp-block-heading\">Pr\u00e9cautions d'utilisation de la moissonneuse<\/h2>    <p>Il y a des \u00e9l\u00e9ments importants \u00e0 garder \u00e0 l'esprit lors de l'utilisation d'une moissonneuse-batteuse combin\u00e9e de bl\u00e9 et de riz pour assurer une r\u00e9colte agricole s\u00fbre et efficace :<\/p>    <ul class=\"wp-block-list\"> <li><strong>Inspection et maintenance :<\/strong> Avant utilisation, inspectez soigneusement toutes les pi\u00e8ces de la machine pour vous assurer que tous les syst\u00e8mes d'entra\u00eenement, les couteaux et les dispositifs de s\u00e9curit\u00e9 sont en bon \u00e9tat. Effectuez un entretien r\u00e9gulier pour maintenir la machine en bon \u00e9tat de fonctionnement.<\/li>    <li><strong>Inspection de l'environnement de travail :<\/strong> Avant de commencer le travail, inspectez la zone de travail, \u00e9liminez les obstacles possibles et assurez une surface plane et stable pour minimiser les secousses et le basculement de la machine.<\/li>    <li><strong>Adaptation et r\u00e9glage :<\/strong> adjust the machine&#8217;s tool height, operating speed, and other parameters according to different crop types and growth stages to ensure optimal harvesting results.<\/li>    <li><strong>Nettoyage en fin de t\u00e2che :<\/strong> \u00c0 la fin du travail, nettoyez la machine de mani\u00e8re ad\u00e9quate pour \u00e9viter que les r\u00e9sidus de tiges de cultures et de d\u00e9bris n'affectent la prochaine op\u00e9ration.<\/li> <\/ul>    <p>Si vous avez des questions sur la performance de r\u00e9colte de cette machine combin\u00e9e de bl\u00e9 et de riz, vous pouvez nous contacter directement via le formulaire \u00e0 droite pour plus de vid\u00e9os ou pour obtenir des prix et des param\u00e8tres techniques d\u00e9taill\u00e9s !<\/p>","protected":false},"excerpt":{"rendered":"<p>La moissonneuse-batteuse combin\u00e9e de bl\u00e9 et de riz combine la r\u00e9colte, le battage et le nettoyage en une seule machine, cet article montre en d\u00e9tail son fonctionnement et quelques pr\u00e9cautions d'utilisation, ce qui facilite votre choix.<\/p>","protected":false},"author":1,"featured_media":15162,"parent":0,"comment_status":"closed","ping_status":"closed","template":"","tags":[796,158],"product-type":[871],"class_list":["post-15160","product","type-product","status-publish","has-post-thumbnail","hentry","tag-rice","tag-wheat","product-type-harvester"],"_links":{"self":[{"href":"https:\/\/www.agriculture-machine.com\/fr\/wp-json\/wp\/v2\/product\/15160","targetHints":{"allow":["GET"]}}],"collection":[{"href":"https:\/\/www.agriculture-machine.com\/fr\/wp-json\/wp\/v2\/product"}],"about":[{"href":"https:\/\/www.agriculture-machine.com\/fr\/wp-json\/wp\/v2\/types\/product"}],"author":[{"embeddable":true,"href":"https:\/\/www.agriculture-machine.com\/fr\/wp-json\/wp\/v2\/users\/1"}],"replies":[{"embeddable":true,"href":"https:\/\/www.agriculture-machine.com\/fr\/wp-json\/wp\/v2\/comments?post=15160"}],"wp:featuredmedia":[{"embeddable":true,"href":"https:\/\/www.agriculture-machine.com\/fr\/wp-json\/wp\/v2\/media\/15162"}],"wp:attachment":[{"href":"https:\/\/www.agriculture-machine.com\/fr\/wp-json\/wp\/v2\/media?parent=15160"}],"wp:term":[{"taxonomy":"post_tag","embeddable":true,"href":"https:\/\/www.agriculture-machine.com\/fr\/wp-json\/wp\/v2\/tags?post=15160"},{"taxonomy":"product-type","embeddable":true,"href":"https:\/\/www.agriculture-machine.com\/fr\/wp-json\/wp\/v2\/product-type?post=15160"}],"curies":[{"name":"wp","href":"https:\/\/api.w.org\/{rel}","templated":true}]}}