{"id":15191,"date":"2023-11-17T11:23:54","date_gmt":"2023-11-17T03:23:54","guid":{"rendered":"https:\/\/www.agriculture-machine.com\/?post_type=product&#038;p=15191"},"modified":"2024-09-18T15:42:45","modified_gmt":"2024-09-18T07:42:45","slug":"rice-processing-line","status":"publish","type":"product","link":"https:\/\/www.agriculture-machine.com\/fr\/rice-processing-line\/","title":{"rendered":"Ligne de traitement du riz de 15TPD am\u00e9lior\u00e9e avec tri de couleur et machines d'emballage"},"content":{"rendered":"<p class=\"translation-block\">Cette ligne de traitement du riz avanc\u00e9e, form\u00e9e par <strong><a href=\"https:\/\/www.agriculture-machine.com\/fr\/rice-mill-production-line\/\">la mise \u00e0 niveau de l'unit\u00e9 de mouture du riz<\/a><\/strong> plus la machine de tri de couleur et la machine d'emballage, constitue une solution compl\u00e8te pour am\u00e9liorer la qualit\u00e9 et l'efficacit\u00e9 du traitement du riz.<\/p>    <p>Le tri de couleur trie intelligemment les grains de riz par technologie optique pour assurer une couleur, une forme et une qualit\u00e9 plus coh\u00e9rentes du produit fini. Enfin, la machine d'emballage emballe automatiquement le riz trait\u00e9 et tri\u00e9 pour maintenir la fra\u00eecheur du produit.<\/p>    <p>Cette ligne de production optimise l'apparence et la qualit\u00e9 du produit, apportant un niveau sup\u00e9rieur d'automatisation et de production standardis\u00e9e \u00e0 l'industrie du traitement du riz.<\/p>    <figure class=\"wp-block-gallery has-nested-images columns-default is-cropped wp-block-gallery-2 is-layout-flex wp-block-gallery-is-layout-flex\"> <figure class=\"wp-block-image size-large\"><img loading=\"lazy\" decoding=\"async\" width=\"720\" height=\"540\" data-id=\"15205\" src=\"https:\/\/www.agriculture-machine.com\/wp-content\/uploads\/2023\/11\/rice-processing-line-for-sale.webp\" alt=\"ligne de traitement du riz \u00e0 vendre\" class=\"wp-image-15205\" srcset=\"https:\/\/www.agriculture-machine.com\/wp-content\/uploads\/2023\/11\/rice-processing-line-for-sale.webp 720w, https:\/\/www.agriculture-machine.com\/wp-content\/uploads\/2023\/11\/rice-processing-line-for-sale-360x270.webp 360w, https:\/\/www.agriculture-machine.com\/wp-content\/uploads\/2023\/11\/rice-processing-line-for-sale-240x180.webp 240w\" sizes=\"auto, (max-width: 720px) 100vw, 720px\" \/><figcaption class=\"wp-element-caption\">ligne de traitement du riz \u00e0 vendre<\/figcaption><\/figure>    <figure class=\"wp-block-image size-full\"><img loading=\"lazy\" decoding=\"async\" width=\"720\" height=\"540\" data-id=\"15219\" src=\"https:\/\/www.agriculture-machine.com\/wp-content\/uploads\/2023\/11\/rice-mill-machine-application-1.webp\" alt=\"application de la machine \u00e0 riz\" class=\"wp-image-15219\" srcset=\"https:\/\/www.agriculture-machine.com\/wp-content\/uploads\/2023\/11\/rice-mill-machine-application-1.webp 720w, https:\/\/www.agriculture-machine.com\/wp-content\/uploads\/2023\/11\/rice-mill-machine-application-1-360x270.webp 360w, https:\/\/www.agriculture-machine.com\/wp-content\/uploads\/2023\/11\/rice-mill-machine-application-1-240x180.webp 240w\" sizes=\"auto, (max-width: 720px) 100vw, 720px\" \/><figcaption class=\"wp-element-caption\">application de la machine \u00e0 riz<\/figcaption><\/figure> <\/figure>    <h2 class=\"wp-block-heading\">Structure principale de la ligne de traitement du riz<\/h2>    <figure class=\"wp-block-image size-full\"><img loading=\"lazy\" decoding=\"async\" width=\"720\" height=\"540\" src=\"https:\/\/www.agriculture-machine.com\/wp-content\/uploads\/2023\/11\/integrated-rice-mill-unit-structure.webp\" alt=\"structure int\u00e9gr\u00e9e de l&#039;unit\u00e9 de moulin \u00e0 riz\" class=\"wp-image-15206\" srcset=\"https:\/\/www.agriculture-machine.com\/wp-content\/uploads\/2023\/11\/integrated-rice-mill-unit-structure.webp 720w, https:\/\/www.agriculture-machine.com\/wp-content\/uploads\/2023\/11\/integrated-rice-mill-unit-structure-360x270.webp 360w, https:\/\/www.agriculture-machine.com\/wp-content\/uploads\/2023\/11\/integrated-rice-mill-unit-structure-240x180.webp 240w\" sizes=\"auto, (max-width: 720px) 100vw, 720px\" \/><figcaption class=\"wp-element-caption\">structure int\u00e9gr\u00e9e de l'unit\u00e9 de moulin \u00e0 riz<\/figcaption><\/figure>    <h2 class=\"wp-block-heading\">Flux de travail de l'\u00e9quipement de traitement du riz blanc<\/h2>   <div id=\"rank-math-howto\" class=\"rank-math-block\" > <div class=\"rank-math-howto-description\">  <\/div>  <div class=\"rank-math-steps\"> <div id=\"howto-step-1700127739794\" class=\"rank-math-step\"> <h3 class=\"rank-math-step-title\">1. \u00c9tape de traitement primaire du moulin \u00e0 riz<\/h3> <div class=\"rank-math-step-content\"><p>Le riz paddy est d'abord s\u00e9par\u00e9 des grandes pailles et des pierres, puis d\u00e9cortiqu\u00e9, suivi du broyage et du broyage secondaire (blanchisseur de riz) et du tri du riz blanc.<\/p> <\/div> <\/div> <div id=\"howto-step-1700128013016\" class=\"rank-math-step\"> <h3 class=\"rank-math-step-title\">2. \u00c9tape de tri de couleur<\/h3> <div class=\"rank-math-step-content\"><p>Le tri de couleur utilise une technologie optique avanc\u00e9e pour d\u00e9tecter intelligemment les impuret\u00e9s et les particules inf\u00e9rieures dans la farine de riz. Sur la base des r\u00e9sultats de d\u00e9tection, le tri de couleur trie automatiquement les grains de riz avec des diff\u00e9rences de couleur ou des produits inf\u00e9rieurs pour garantir la couleur et la qualit\u00e9 des produits finis.<\/p> <\/div> <\/div> <div id=\"howto-step-1700128062546\" class=\"rank-math-step\"> <h3 class=\"rank-math-step-title\">3. \u00c9tape d'emballage<\/h3> <div class=\"rank-math-step-content\"><p>Le riz blanc de haute qualit\u00e9 et qualifi\u00e9 est achemin\u00e9 vers la machine d'emballage. La machine d'emballage mesure et emballe selon des param\u00e8tres pr\u00e9d\u00e9finis, r\u00e9alisant un processus d'emballage automatis\u00e9. Apr\u00e8s l'emballage du produit fini, il peut \u00eatre \u00e9tiquet\u00e9 et encapsul\u00e9, puis envoy\u00e9 \u00e0 l'entrep\u00f4t ou au march\u00e9.<\/p> <\/div> <\/div> <\/div> <\/div>       <figure class=\"wp-block-gallery has-nested-images columns-default is-cropped wp-block-gallery-3 is-layout-flex wp-block-gallery-is-layout-flex\"> <figure class=\"wp-block-image size-large\"><img loading=\"lazy\" decoding=\"async\" width=\"720\" height=\"540\" data-id=\"15208\" src=\"https:\/\/www.agriculture-machine.com\/wp-content\/uploads\/2023\/11\/rice-processing-line.webp\" alt=\"ligne de traitement du riz\" class=\"wp-image-15208\" srcset=\"https:\/\/www.agriculture-machine.com\/wp-content\/uploads\/2023\/11\/rice-processing-line.webp 720w, https:\/\/www.agriculture-machine.com\/wp-content\/uploads\/2023\/11\/rice-processing-line-360x270.webp 360w, https:\/\/www.agriculture-machine.com\/wp-content\/uploads\/2023\/11\/rice-processing-line-240x180.webp 240w\" sizes=\"auto, (max-width: 720px) 100vw, 720px\" \/><figcaption class=\"wp-element-caption\">ligne de traitement du riz<\/figcaption><\/figure>    <figure class=\"wp-block-image size-large\"><img loading=\"lazy\" decoding=\"async\" width=\"720\" height=\"540\" data-id=\"15207\" src=\"https:\/\/www.agriculture-machine.com\/wp-content\/uploads\/2023\/11\/paddy-rice-processing-production-line.webp\" alt=\"ligne de traitement du riz paddy\" class=\"wp-image-15207\" srcset=\"https:\/\/www.agriculture-machine.com\/wp-content\/uploads\/2023\/11\/paddy-rice-processing-production-line.webp 720w, https:\/\/www.agriculture-machine.com\/wp-content\/uploads\/2023\/11\/paddy-rice-processing-production-line-360x270.webp 360w, https:\/\/www.agriculture-machine.com\/wp-content\/uploads\/2023\/11\/paddy-rice-processing-production-line-240x180.webp 240w\" sizes=\"auto, (max-width: 720px) 100vw, 720px\" \/><figcaption class=\"wp-element-caption\">ligne de traitement du riz paddy<\/figcaption><\/figure> <\/figure>    <h2 class=\"wp-block-heading\">Principe de fonctionnement du tri de couleur dans la ligne de traitement du riz<\/h2>    <ul class=\"wp-block-list\"> <li>Le tri de couleur est une op\u00e9ration qui utilise la photo\u00e9lectricit\u00e9 pour d\u00e9tecter et s\u00e9parer les individus (grains, lumps ou balles) et les inclusions \u00e9trang\u00e8res qui ont une couleur anormale ou sont infest\u00e9es de parasites et de maladies \u00e0 partir d'un grand nombre de produits en vrac.<\/li>    <li>Le processus de stockage, en raison de la chaleur et d'autres raisons, provoquera la d\u00e9t\u00e9rioration d'une partie du riz, devenant du riz \u00e0 grains jaunes. Le riz \u00e0 grains jaunes contient des ingr\u00e9dients nocifs, le riz fini contenant du riz \u00e0 grains jaunes n'affecte pas seulement la valeur commerciale du riz, mais aussi la sant\u00e9 des consommateurs, et doit \u00eatre enlev\u00e9 autant que possible.<\/li>    <li>En raison du riz \u00e0 grains jaunes et du riz blanc normal sans caract\u00e9ristiques physiques g\u00e9n\u00e9rales, la diff\u00e9rence entre le riz \u00e0 grains jaunes et le riz blanc ne peut \u00eatre utilis\u00e9e que par la couleur et les diff\u00e9rences de r\u00e9flectivit\u00e9, avec des m\u00e9thodes et \u00e9quipements de colorim\u00e9trie photo\u00e9lectrique. La diff\u00e9rence de couleur peut \u00e9galement \u00eatre utilis\u00e9e pour \u00e9liminer les grains \u00e9trangers color\u00e9s tels que le petit verre et les cendres qui se m\u00e9langent au riz.<\/li> <\/ul>    <figure class=\"wp-block-gallery has-nested-images columns-default is-cropped wp-block-gallery-4 is-layout-flex wp-block-gallery-is-layout-flex\"> <figure class=\"wp-block-image size-large\"><img loading=\"lazy\" decoding=\"async\" width=\"720\" height=\"540\" data-id=\"15209\" src=\"https:\/\/www.agriculture-machine.com\/wp-content\/uploads\/2023\/11\/color-sorter.webp\" alt=\"tri de couleur\" class=\"wp-image-15209\" srcset=\"https:\/\/www.agriculture-machine.com\/wp-content\/uploads\/2023\/11\/color-sorter.webp 720w, https:\/\/www.agriculture-machine.com\/wp-content\/uploads\/2023\/11\/color-sorter-360x270.webp 360w, https:\/\/www.agriculture-machine.com\/wp-content\/uploads\/2023\/11\/color-sorter-240x180.webp 240w\" sizes=\"auto, (max-width: 720px) 100vw, 720px\" \/><figcaption class=\"wp-element-caption\">tri de couleur<\/figcaption><\/figure>    <figure class=\"wp-block-image size-large\"><img loading=\"lazy\" decoding=\"async\" width=\"720\" height=\"540\" data-id=\"15210\" src=\"https:\/\/www.agriculture-machine.com\/wp-content\/uploads\/2023\/11\/rice-color-sorting-machine.webp\" alt=\"machine de tri de la couleur du riz\" class=\"wp-image-15210\" srcset=\"https:\/\/www.agriculture-machine.com\/wp-content\/uploads\/2023\/11\/rice-color-sorting-machine.webp 720w, https:\/\/www.agriculture-machine.com\/wp-content\/uploads\/2023\/11\/rice-color-sorting-machine-360x270.webp 360w, https:\/\/www.agriculture-machine.com\/wp-content\/uploads\/2023\/11\/rice-color-sorting-machine-240x180.webp 240w\" sizes=\"auto, (max-width: 720px) 100vw, 720px\" \/><figcaption class=\"wp-element-caption\">machine de tri de la couleur du riz<\/figcaption><\/figure> <\/figure>    <figure class=\"wp-block-gallery has-nested-images columns-default is-cropped wp-block-gallery-5 is-layout-flex wp-block-gallery-is-layout-flex\"> <figure class=\"wp-block-image size-large\"><img loading=\"lazy\" decoding=\"async\" width=\"720\" height=\"540\" data-id=\"15215\" src=\"https:\/\/www.agriculture-machine.com\/wp-content\/uploads\/2023\/11\/automatic-rice-milling-plant.webp\" alt=\"usine de mouture automatique du riz\" class=\"wp-image-15215\" srcset=\"https:\/\/www.agriculture-machine.com\/wp-content\/uploads\/2023\/11\/automatic-rice-milling-plant.webp 720w, https:\/\/www.agriculture-machine.com\/wp-content\/uploads\/2023\/11\/automatic-rice-milling-plant-360x270.webp 360w, https:\/\/www.agriculture-machine.com\/wp-content\/uploads\/2023\/11\/automatic-rice-milling-plant-240x180.webp 240w\" sizes=\"auto, (max-width: 720px) 100vw, 720px\" \/><figcaption class=\"wp-element-caption\">usine de mouture automatique du riz<\/figcaption><\/figure>    <figure class=\"wp-block-image size-large\"><img loading=\"lazy\" decoding=\"async\" width=\"720\" height=\"540\" data-id=\"15216\" src=\"https:\/\/www.agriculture-machine.com\/wp-content\/uploads\/2023\/11\/complete-paddy-rice-milling-line.webp\" alt=\"ligne de mouture du riz paddy compl\u00e8te\" class=\"wp-image-15216\" srcset=\"https:\/\/www.agriculture-machine.com\/wp-content\/uploads\/2023\/11\/complete-paddy-rice-milling-line.webp 720w, https:\/\/www.agriculture-machine.com\/wp-content\/uploads\/2023\/11\/complete-paddy-rice-milling-line-360x270.webp 360w, https:\/\/www.agriculture-machine.com\/wp-content\/uploads\/2023\/11\/complete-paddy-rice-milling-line-240x180.webp 240w\" sizes=\"auto, (max-width: 720px) 100vw, 720px\" \/><figcaption class=\"wp-element-caption\">ligne de mouture du riz paddy compl\u00e8te<\/figcaption><\/figure> <\/figure>    <h2 class=\"wp-block-heading\">Affichage des pi\u00e8ces de rechange pour l'unit\u00e9 de mouture du riz paddy<\/h2>    <p>Pour la ligne de traitement du riz avec une intensit\u00e9 de travail plus \u00e9lev\u00e9e, afin de mieux entretenir la machine et d'allonger sa dur\u00e9e de vie, les pi\u00e8ces d'usure doivent \u00eatre remplac\u00e9es r\u00e9guli\u00e8rement. Les pi\u00e8ces peuvent \u00eatre achet\u00e9es avec des remises.<\/p>    <figure class=\"wp-block-gallery has-nested-images columns-default is-cropped wp-block-gallery-6 is-layout-flex wp-block-gallery-is-layout-flex\"> <figure class=\"wp-block-image size-large\"><img loading=\"lazy\" decoding=\"async\" width=\"720\" height=\"540\" data-id=\"15211\" src=\"https:\/\/www.agriculture-machine.com\/wp-content\/uploads\/2023\/11\/iron-roller.webp\" alt=\"rouleau en fer\" class=\"wp-image-15211\" srcset=\"https:\/\/www.agriculture-machine.com\/wp-content\/uploads\/2023\/11\/iron-roller.webp 720w, https:\/\/www.agriculture-machine.com\/wp-content\/uploads\/2023\/11\/iron-roller-360x270.webp 360w, https:\/\/www.agriculture-machine.com\/wp-content\/uploads\/2023\/11\/iron-roller-240x180.webp 240w\" sizes=\"auto, (max-width: 720px) 100vw, 720px\" \/><figcaption class=\"wp-element-caption\">rouleau en fer<\/figcaption><\/figure>    <figure class=\"wp-block-image size-large\"><img loading=\"lazy\" decoding=\"async\" width=\"720\" height=\"540\" data-id=\"15212\" src=\"https:\/\/www.agriculture-machine.com\/wp-content\/uploads\/2023\/11\/polisher-Emery-roller.webp\" alt=\"Polisseur rouleau en \u00e9meri\" class=\"wp-image-15212\" srcset=\"https:\/\/www.agriculture-machine.com\/wp-content\/uploads\/2023\/11\/polisher-Emery-roller.webp 720w, https:\/\/www.agriculture-machine.com\/wp-content\/uploads\/2023\/11\/polisher-Emery-roller-360x270.webp 360w, https:\/\/www.agriculture-machine.com\/wp-content\/uploads\/2023\/11\/polisher-Emery-roller-240x180.webp 240w\" sizes=\"auto, (max-width: 720px) 100vw, 720px\" \/><figcaption class=\"wp-element-caption\">Polisseur rouleau en \u00e9meri<\/figcaption><\/figure> <\/figure>    <p class=\"translation-block\">Parmi eux, il existe deux types de machines de polissage disponibles, rouleaux en fer et rouleaux en \u00e9meri. La diff\u00e9rence entre eux est que le <strong>rouleau en fer<\/strong> convient pour le riz rond, et le produit fini est plus brillant, mais le riz est facile \u00e0 casser ; le <strong>rouleau en \u00e9meri<\/strong> est principalement adapt\u00e9 pour le riz long, sa r\u00e9sistance est relativement faible, et le riz obtenu n'est pas facile \u00e0 casser. Il faut noter que ces deux rouleaux peuvent \u00eatre utilis\u00e9s plus longtemps par rapport \u00e0 d'autres pi\u00e8ces us\u00e9es.<\/p>    <h2 class=\"wp-block-heading\">Affichage de l'usine de machines de traitement du riz<\/h2>    <figure class=\"wp-block-gallery has-nested-images columns-default is-cropped wp-block-gallery-7 is-layout-flex wp-block-gallery-is-layout-flex\"> <figure class=\"wp-block-image size-large\"><img loading=\"lazy\" decoding=\"async\" width=\"720\" height=\"540\" data-id=\"15214\" src=\"https:\/\/www.agriculture-machine.com\/wp-content\/uploads\/2023\/11\/rice-processing-line-factory-show.webp\" alt=\"exposition de l&#039;usine de traitement du riz\" class=\"wp-image-15214\" srcset=\"https:\/\/www.agriculture-machine.com\/wp-content\/uploads\/2023\/11\/rice-processing-line-factory-show.webp 720w, https:\/\/www.agriculture-machine.com\/wp-content\/uploads\/2023\/11\/rice-processing-line-factory-show-360x270.webp 360w, https:\/\/www.agriculture-machine.com\/wp-content\/uploads\/2023\/11\/rice-processing-line-factory-show-240x180.webp 240w\" sizes=\"auto, (max-width: 720px) 100vw, 720px\" \/><figcaption class=\"wp-element-caption\">exposition de l'usine de traitement du riz<\/figcaption><\/figure>    <figure class=\"wp-block-image size-large\"><img loading=\"lazy\" decoding=\"async\" width=\"720\" height=\"540\" data-id=\"15213\" src=\"https:\/\/www.agriculture-machine.com\/wp-content\/uploads\/2023\/11\/paddy-processing-line-factory.webp\" alt=\"usine de traitement du riz paddy\" class=\"wp-image-15213\" srcset=\"https:\/\/www.agriculture-machine.com\/wp-content\/uploads\/2023\/11\/paddy-processing-line-factory.webp 720w, https:\/\/www.agriculture-machine.com\/wp-content\/uploads\/2023\/11\/paddy-processing-line-factory-360x270.webp 360w, https:\/\/www.agriculture-machine.com\/wp-content\/uploads\/2023\/11\/paddy-processing-line-factory-240x180.webp 240w\" sizes=\"auto, (max-width: 720px) 100vw, 720px\" \/><figcaption class=\"wp-element-caption\">usine de traitement du riz paddy<\/figcaption><\/figure> <\/figure>    <p>Notre usine dispose d'un affichage de stock, bienvenue \u00e0 visiter notre ligne de production de moulin \u00e0 riz avanc\u00e9e et am\u00e9lior\u00e9e, nous esp\u00e9rons coop\u00e9rer avec vous. De plus, si vous avez des doutes sur la machine, n'h\u00e9sitez pas \u00e0 nous contacter.<\/p>","protected":false},"excerpt":{"rendered":"<p>This advanced rice processing line formed by upgrading the rice milling unit plus the color sorter and packaging machine is a comprehensive solution to improve the quality and efficiency of rice processing. The color sorter intelligently screens the rice grains through optical technology to ensure more consistent color, shape, and quality of the finished product. [&hellip;]<\/p>\n","protected":false},"author":1,"featured_media":15204,"parent":0,"comment_status":"closed","ping_status":"closed","template":"","tags":[796],"product-type":[875,906],"class_list":["post-15191","product","type-product","status-publish","has-post-thumbnail","hentry","tag-rice","product-type-rice-mill-category","product-type-rice-mill-production-line"],"_links":{"self":[{"href":"https:\/\/www.agriculture-machine.com\/fr\/wp-json\/wp\/v2\/product\/15191","targetHints":{"allow":["GET"]}}],"collection":[{"href":"https:\/\/www.agriculture-machine.com\/fr\/wp-json\/wp\/v2\/product"}],"about":[{"href":"https:\/\/www.agriculture-machine.com\/fr\/wp-json\/wp\/v2\/types\/product"}],"author":[{"embeddable":true,"href":"https:\/\/www.agriculture-machine.com\/fr\/wp-json\/wp\/v2\/users\/1"}],"replies":[{"embeddable":true,"href":"https:\/\/www.agriculture-machine.com\/fr\/wp-json\/wp\/v2\/comments?post=15191"}],"wp:featuredmedia":[{"embeddable":true,"href":"https:\/\/www.agriculture-machine.com\/fr\/wp-json\/wp\/v2\/media\/15204"}],"wp:attachment":[{"href":"https:\/\/www.agriculture-machine.com\/fr\/wp-json\/wp\/v2\/media?parent=15191"}],"wp:term":[{"taxonomy":"post_tag","embeddable":true,"href":"https:\/\/www.agriculture-machine.com\/fr\/wp-json\/wp\/v2\/tags?post=15191"},{"taxonomy":"product-type","embeddable":true,"href":"https:\/\/www.agriculture-machine.com\/fr\/wp-json\/wp\/v2\/product-type?post=15191"}],"curies":[{"name":"wp","href":"https:\/\/api.w.org\/{rel}","templated":true}]}}