{"id":15220,"date":"2023-11-20T11:46:30","date_gmt":"2023-11-20T03:46:30","guid":{"rendered":"https:\/\/www.agriculture-machine.com\/?post_type=product&#038;p=15220"},"modified":"2024-09-18T16:04:46","modified_gmt":"2024-09-18T08:04:46","slug":"rice-mill-line","status":"publish","type":"product","link":"https:\/\/www.agriculture-machine.com\/fr\/rice-mill-line\/","title":{"rendered":"Ligne de moulin \u00e0 riz de 15TPD am\u00e9lior\u00e9e avec polisseur \u00e0 eau et silo de stockage"},"content":{"rendered":"<p class=\"translation-block\">Welcome to our upgraded rice mill line&#8217;s advanced production plant, which combines color sorting and packaging machines with a high-standard water polishing machine and intelligent storage bin to provide you with the ultimate <strong><a href=\"https:\/\/www.agriculture-machine.com\/fr\/rice-mill-category\/\">rice processing experience<\/a><\/strong>.<\/p>    <figure class=\"wp-block-gallery has-nested-images columns-default is-cropped wp-block-gallery-2 is-layout-flex wp-block-gallery-is-layout-flex\"> <figure class=\"wp-block-image size-large\"><img loading=\"lazy\" decoding=\"async\" width=\"720\" height=\"540\" data-id=\"15222\" src=\"https:\/\/www.agriculture-machine.com\/wp-content\/uploads\/2023\/11\/rice-mill-line-for-sale.webp\" alt=\"Ligne de moulin \u00e0 riz \u00e0 vendre\" class=\"wp-image-15222\" srcset=\"https:\/\/www.agriculture-machine.com\/wp-content\/uploads\/2023\/11\/rice-mill-line-for-sale.webp 720w, https:\/\/www.agriculture-machine.com\/wp-content\/uploads\/2023\/11\/rice-mill-line-for-sale-360x270.webp 360w, https:\/\/www.agriculture-machine.com\/wp-content\/uploads\/2023\/11\/rice-mill-line-for-sale-240x180.webp 240w\" sizes=\"auto, (max-width: 720px) 100vw, 720px\" \/><figcaption class=\"wp-element-caption\">Ligne de moulin \u00e0 riz \u00e0 vendre<\/figcaption><\/figure>    <figure class=\"wp-block-image size-large\"><img loading=\"lazy\" decoding=\"async\" width=\"720\" height=\"540\" data-id=\"15223\" src=\"https:\/\/www.agriculture-machine.com\/wp-content\/uploads\/2023\/11\/united-rice-mill.webp\" alt=\"Moulin \u00e0 riz unifi\u00e9\" class=\"wp-image-15223\" srcset=\"https:\/\/www.agriculture-machine.com\/wp-content\/uploads\/2023\/11\/united-rice-mill.webp 720w, https:\/\/www.agriculture-machine.com\/wp-content\/uploads\/2023\/11\/united-rice-mill-360x270.webp 360w, https:\/\/www.agriculture-machine.com\/wp-content\/uploads\/2023\/11\/united-rice-mill-240x180.webp 240w\" sizes=\"auto, (max-width: 720px) 100vw, 720px\" \/><figcaption class=\"wp-element-caption\">Moulin \u00e0 riz unifi\u00e9<\/figcaption><\/figure> <\/figure>    <h2 class=\"wp-block-heading\">Structure de ligne de moulin \u00e0 riz 15TPD de haute norme<\/h2>    <p class=\"translation-block\"><strong>1. Pi\u00e8ces n\u00e9cessaires : (vous devez tout acheter)<\/strong><\/p>    <p>Pre-cleaner&#8212; Destoner&#8212; Paddy Husker&#8211; Gravity Separator &#8212;-Rice Mill&#8212;<\/p>    <p class=\"translation-block\"><strong>2. Pi\u00e8ces optionnelles : (vous pouvez choisir une ou plusieurs des machines suivantes selon votre budget)<\/strong><\/p>    <p>Rice Polisher&#8212;Rice Grader&#8212;-Color Sorter&#8212;Storage Bin &#8212;Weighting and Packing Scale<\/p>    <p class=\"translation-block\"><strong>R\u00e9sultat : Plus vous achetez de machines, plus la qualit\u00e9 du riz sera blanche et lisse.<\/strong><\/p>    <figure class=\"wp-block-image size-full\"><img loading=\"lazy\" decoding=\"async\" width=\"720\" height=\"540\" src=\"https:\/\/www.agriculture-machine.com\/wp-content\/uploads\/2023\/11\/rice-mill-line-main-structure.webp\" alt=\"Structure principale de la ligne de moulin \u00e0 riz\" class=\"wp-image-15224\" srcset=\"https:\/\/www.agriculture-machine.com\/wp-content\/uploads\/2023\/11\/rice-mill-line-main-structure.webp 720w, https:\/\/www.agriculture-machine.com\/wp-content\/uploads\/2023\/11\/rice-mill-line-main-structure-360x270.webp 360w, https:\/\/www.agriculture-machine.com\/wp-content\/uploads\/2023\/11\/rice-mill-line-main-structure-240x180.webp 240w\" sizes=\"auto, (max-width: 720px) 100vw, 720px\" \/><figcaption class=\"wp-element-caption\">Structure principale de la ligne de moulin \u00e0 riz<\/figcaption><\/figure>    <h2 class=\"wp-block-heading\"><strong>Solution pour l'\u00e9quipement de la ligne de moulin \u00e0 riz de 600-800kg\/h<\/strong><\/h2>    <figure class=\"wp-block-table is-style-stripes\"><table><tbody><tr><td><strong>Sp\u00e9cification<\/strong><strong><\/strong><\/td><td><strong>&nbsp;Fonction <\/strong><strong><\/strong><\/td><\/tr><tr><td><strong>D\u00e9cortiqueur de riz paddy <\/strong><br>Mod\u00e8le : LG15 Puissance : 5.5kw<\/td><td>S\u00e9parer le riz brun du paddy par diff\u00e9rence de gravit\u00e9 et de friction de surface<\/td><\/tr><tr><td><strong>Pr\u00e9-nettoyeur de riz paddy <\/strong><br>Mod\u00e8le : SCQY40 Puissance : 0,75 3\u00a0\u00a0<\/td><td>Principalement pour enlever la pierre dans le riz paddy, mais aussi pour \u00e9liminer la paille plus grosse que le riz paddy et le sable ou la poussi\u00e8re plus petits que le riz paddy.<\/td><\/tr><tr><td><strong>D\u00e9cortiqueur de riz paddy <\/strong><br>Mod\u00e8le : LG15 Puissance : 5.5kw<\/td><td>Enlever la balle ext\u00e9rieure pour obtenir du riz brun<\/td><\/tr><tr><td><strong>S\u00e9parateur gravitaire de paddy<\/strong><br>Mod\u00e8le : MGCZ70*5 Puissance : 0,75kw \u00a0\u00a0<\/td><td>Utilisez le deuxi\u00e8me moulin \u00e0 riz pour obtenir un riz plus blanc et r\u00e9duire le taux de cassure.<\/td><\/tr><tr><td><strong>Premier moulin \u00e0 riz<\/strong>\u00a0<br>Mod\u00e8le : NS150 Puissance : 15kw \u00a0\u00a0\u00a0\u00a0\u00a0\u00a0<\/td><td>Utiliser le premier moulin \u00e0 riz pour enlever la peau brune afin d'obtenir du riz blanc<\/td><\/tr><tr><td><strong>S\u00e9parateur magn\u00e9tique<\/strong><\/td><td>Enlever les petits m\u00e9taux du riz<\/td><\/tr><tr><td><strong>Polisseur de riz avec eau <\/strong><br>Mod\u00e8le : MP12.5 Puissance : 15kw 4kw<\/td><td>S\u00e9lectionner d'autres couleurs de riz ou riz moisi du riz blanc.<\/td><\/tr><tr><td><strong>Polisseur de riz avec eau<\/strong><br>Mod\u00e8le : MP12.5 Puissance : 15kw 4kw<\/td><td>Polir le riz blanc avec de l'eau pulv\u00e9ris\u00e9e, le rendant plus blanc et plus l\u00e9ger.<\/td><\/tr><tr><td><strong>Triageur de couleurs<\/strong><br>Mod\u00e8le : 6SXM-64(CCD) Puissance : 1.5kw \u00a0<strong>\u00a0<\/strong><\/td><td>Obtenir du riz entier en 2 grades et s\u00e9parer le riz entier du riz cass\u00e9.<\/td><\/tr><tr><td><strong>Tri de riz blanc<\/strong><br>Mod\u00e8le : MMJP50X2 Puissance : 0.35kw \u00a0<\/td><td>Le riz fini peut rester longtemps dans le r\u00e9servoir, sans besoin qu'une personne travaille en continu pr\u00e8s de la machine d'emballage. Si vous souhaitez \u00e9conomiser de la main-d'\u0153uvre, nous pouvons installer un r\u00e9servoir de stockage avant la machine d'emballage.\u00a0<\/td><\/tr><tr><td><strong>R\u00e9servoir de stockage et \u00e9l\u00e9vateur<\/strong><br>Volume : 3 tonnes<strong>\u00a0\u00a0<\/strong><\/td><td>Pour enlever la poussi\u00e8re, la balle de riz, et autres petites impuret\u00e9s<\/td><\/tr><tr><td><strong>Machine de pes\u00e9e et d'emballage <\/strong><br>Mod\u00e8le : DCS-50 Puissance : 0,37 0,37kw<\/td><td>Pes\u00e9e, remplissage dans le sac, et couture du sac. Plage de pes\u00e9e : 5-50kg \u00a0\u00a0\u00a0<\/td><\/tr><tr><td><strong>Tri de riz blanc<\/strong><br>Mod\u00e8le : MMJP50X2 Puissance : 0.35kw \u00a0<\/td><td>Utilis\u00e9 pour connecter toutes les machines en fonctionnement ensemble<\/td><\/tr><tr><td><strong>Tuyaux de collecte de poussi\u00e8re, cyclone et autres petits accessoires<\/strong><\/td><td>Pour enlever la poussi\u00e8re, la balle de riz, et autres petites impuret\u00e9s<\/td><\/tr><tr><td><strong>Cabine \u00e9lectrique <\/strong>\u00a0<\/td><td>Facile et s\u00fbr \u00e0 utiliser \u00a0<\/td><\/tr><tr><td><strong>Outils<\/strong><\/td><td>Outils pour l'installation et la maintenance<\/td><\/tr><\/tbody><\/table><\/figure>    <h2 class=\"wp-block-heading\">Pourquoi utiliser une machine \u00e0 polir l'eau<\/h2>    <ul class=\"wp-block-list\"> <li>Le polisseur \u00e0 l'eau et la machine de mouture de riz ont une apparence tr\u00e8s similaire, la principale diff\u00e9rence \u00e9tant que la machine de polissage \u00e0 la brume d'eau est \u00e9quip\u00e9e d'un tuyau d'eau, d'une pompe \u00e0 eau et d'un seau d'eau. <\/li>    <li>La machine de moulin \u00e0 riz peut utiliser des rouleaux en fer ou en \u00e9meri, tandis que le polisseur \u00e0 l'eau utilise des rouleaux en fer. La fonction principale est d'utiliser une fine brume d'eau pour rendre le riz plus lisse et plus blanc.<\/li> <\/ul>    <figure class=\"wp-block-gallery has-nested-images columns-default is-cropped wp-block-gallery-3 is-layout-flex wp-block-gallery-is-layout-flex\"> <figure class=\"wp-block-image size-large\"><img loading=\"lazy\" decoding=\"async\" width=\"720\" height=\"540\" data-id=\"15225\" src=\"https:\/\/www.agriculture-machine.com\/wp-content\/uploads\/2023\/11\/integrated-rice-milling-unit.webp\" alt=\"Unit\u00e9 de mouture de riz int\u00e9gr\u00e9e\" class=\"wp-image-15225\" srcset=\"https:\/\/www.agriculture-machine.com\/wp-content\/uploads\/2023\/11\/integrated-rice-milling-unit.webp 720w, https:\/\/www.agriculture-machine.com\/wp-content\/uploads\/2023\/11\/integrated-rice-milling-unit-360x270.webp 360w, https:\/\/www.agriculture-machine.com\/wp-content\/uploads\/2023\/11\/integrated-rice-milling-unit-240x180.webp 240w\" sizes=\"auto, (max-width: 720px) 100vw, 720px\" \/><figcaption class=\"wp-element-caption\">Unit\u00e9 de mouture de riz int\u00e9gr\u00e9e<\/figcaption><\/figure>    <figure class=\"wp-block-image size-large\"><img loading=\"lazy\" decoding=\"async\" width=\"720\" height=\"540\" data-id=\"15226\" src=\"https:\/\/www.agriculture-machine.com\/wp-content\/uploads\/2023\/11\/paddy-processing-unit-rice-mill.webp\" alt=\"Unit\u00e9 de traitement du paddy moulin \u00e0 riz\" class=\"wp-image-15226\" srcset=\"https:\/\/www.agriculture-machine.com\/wp-content\/uploads\/2023\/11\/paddy-processing-unit-rice-mill.webp 720w, https:\/\/www.agriculture-machine.com\/wp-content\/uploads\/2023\/11\/paddy-processing-unit-rice-mill-360x270.webp 360w, https:\/\/www.agriculture-machine.com\/wp-content\/uploads\/2023\/11\/paddy-processing-unit-rice-mill-240x180.webp 240w\" sizes=\"auto, (max-width: 720px) 100vw, 720px\" \/><figcaption class=\"wp-element-caption\">Unit\u00e9 de traitement du paddy moulin \u00e0 riz<\/figcaption><\/figure> <\/figure>    <h2 class=\"wp-block-heading\"><strong>Quelle est la fonction du r\u00e9servoir de stockage<\/strong><\/h2>    <ul class=\"wp-block-list\"> <li>Parce que la machine d'emballage est tr\u00e8s rapide, elle peut emballer un sac de 50 kg de riz en moins d'une minute et peut donc emballer trois tonnes de riz par heure. Une ligne de moulin \u00e0 riz de 15 TPD produit 600 kg de riz blanc par heure.<\/li>    <li>Si un r\u00e9servoir de stockage de 3 tonnes est plac\u00e9 devant la machine d'emballage, il faut 5 heures pour le remplir. Lorsque le r\u00e9servoir est plein, le conditionneur est mis en marche et le processus d'emballage commence. De cette fa\u00e7on, la machine d'emballage n'a pas besoin de fonctionner constamment et un op\u00e9rateur n'a pas besoin d'\u00eatre l\u00e0 tout le temps.<\/li> <\/ul>    <figure class=\"wp-block-gallery has-nested-images columns-default is-cropped wp-block-gallery-4 is-layout-flex wp-block-gallery-is-layout-flex\"> <figure class=\"wp-block-image size-large\"><img loading=\"lazy\" decoding=\"async\" width=\"720\" height=\"540\" data-id=\"15228\" src=\"https:\/\/www.agriculture-machine.com\/wp-content\/uploads\/2023\/11\/rice-mill-processing-unit.webp\" alt=\"Unit\u00e9 de traitement du moulin \u00e0 riz\" class=\"wp-image-15228\" srcset=\"https:\/\/www.agriculture-machine.com\/wp-content\/uploads\/2023\/11\/rice-mill-processing-unit.webp 720w, https:\/\/www.agriculture-machine.com\/wp-content\/uploads\/2023\/11\/rice-mill-processing-unit-360x270.webp 360w, https:\/\/www.agriculture-machine.com\/wp-content\/uploads\/2023\/11\/rice-mill-processing-unit-240x180.webp 240w\" sizes=\"auto, (max-width: 720px) 100vw, 720px\" \/><figcaption class=\"wp-element-caption\">Unit\u00e9 de traitement du moulin \u00e0 riz<\/figcaption><\/figure>    <figure class=\"wp-block-image size-large\"><img loading=\"lazy\" decoding=\"async\" width=\"720\" height=\"540\" data-id=\"15227\" src=\"https:\/\/www.agriculture-machine.com\/wp-content\/uploads\/2023\/11\/fully-automatic-rice-mill-plant-cost.webp\" alt=\"Co\u00fbt de l&#039;usine de moulin \u00e0 riz enti\u00e8rement automatique\" class=\"wp-image-15227\" srcset=\"https:\/\/www.agriculture-machine.com\/wp-content\/uploads\/2023\/11\/fully-automatic-rice-mill-plant-cost.webp 720w, https:\/\/www.agriculture-machine.com\/wp-content\/uploads\/2023\/11\/fully-automatic-rice-mill-plant-cost-360x270.webp 360w, https:\/\/www.agriculture-machine.com\/wp-content\/uploads\/2023\/11\/fully-automatic-rice-mill-plant-cost-240x180.webp 240w\" sizes=\"auto, (max-width: 720px) 100vw, 720px\" \/><figcaption class=\"wp-element-caption\">Co\u00fbt de l'usine de moulin \u00e0 riz enti\u00e8rement automatique<\/figcaption><\/figure> <\/figure>    <h2 class=\"wp-block-heading\">Dessins de conception r\u00e9f\u00e9rables<\/h2>    <figure class=\"wp-block-image size-full\"><img loading=\"lazy\" decoding=\"async\" width=\"720\" height=\"540\" src=\"https:\/\/www.agriculture-machine.com\/wp-content\/uploads\/2023\/11\/rice-mill-line-installation-drawing.webp\" alt=\"Dessins d&#039;installation de la ligne de moulin \u00e0 riz\" class=\"wp-image-15229\" srcset=\"https:\/\/www.agriculture-machine.com\/wp-content\/uploads\/2023\/11\/rice-mill-line-installation-drawing.webp 720w, https:\/\/www.agriculture-machine.com\/wp-content\/uploads\/2023\/11\/rice-mill-line-installation-drawing-360x270.webp 360w, https:\/\/www.agriculture-machine.com\/wp-content\/uploads\/2023\/11\/rice-mill-line-installation-drawing-240x180.webp 240w\" sizes=\"auto, (max-width: 720px) 100vw, 720px\" \/><figcaption class=\"wp-element-caption\">Dessins d'installation de la ligne de moulin \u00e0 riz<\/figcaption><\/figure>    <h2 class=\"wp-block-heading\">Pr\u00e9sentation de l'usine de machines de la ligne de moulin \u00e0 riz Taizy<\/h2>    <figure class=\"wp-block-gallery has-nested-images columns-2 is-cropped wp-block-gallery-5 is-layout-flex wp-block-gallery-is-layout-flex\"> <figure class=\"wp-block-image size-large\"><img loading=\"lazy\" decoding=\"async\" width=\"720\" height=\"540\" data-id=\"15231\" src=\"https:\/\/www.agriculture-machine.com\/wp-content\/uploads\/2023\/11\/paddy-processing-machine-factory.webp\" alt=\"Usine de machines de traitement du riz paddy\" class=\"wp-image-15231\" srcset=\"https:\/\/www.agriculture-machine.com\/wp-content\/uploads\/2023\/11\/paddy-processing-machine-factory.webp 720w, https:\/\/www.agriculture-machine.com\/wp-content\/uploads\/2023\/11\/paddy-processing-machine-factory-360x270.webp 360w, https:\/\/www.agriculture-machine.com\/wp-content\/uploads\/2023\/11\/paddy-processing-machine-factory-240x180.webp 240w\" sizes=\"auto, (max-width: 720px) 100vw, 720px\" \/><figcaption class=\"wp-element-caption\">Usine de machines de traitement du riz paddy<\/figcaption><\/figure>    <figure class=\"wp-block-image size-large\"><img loading=\"lazy\" decoding=\"async\" width=\"720\" height=\"540\" data-id=\"15230\" src=\"https:\/\/www.agriculture-machine.com\/wp-content\/uploads\/2023\/11\/complete-rice-milling-plant-machinery.webp\" alt=\"Machine compl\u00e8te de la ligne de moulin \u00e0 riz\" class=\"wp-image-15230\" srcset=\"https:\/\/www.agriculture-machine.com\/wp-content\/uploads\/2023\/11\/complete-rice-milling-plant-machinery.webp 720w, https:\/\/www.agriculture-machine.com\/wp-content\/uploads\/2023\/11\/complete-rice-milling-plant-machinery-360x270.webp 360w, https:\/\/www.agriculture-machine.com\/wp-content\/uploads\/2023\/11\/complete-rice-milling-plant-machinery-240x180.webp 240w\" sizes=\"auto, (max-width: 720px) 100vw, 720px\" \/><figcaption class=\"wp-element-caption\">Machine compl\u00e8te de la ligne de moulin \u00e0 riz<\/figcaption><\/figure>    <figure class=\"wp-block-image size-large\"><img loading=\"lazy\" decoding=\"async\" width=\"720\" height=\"540\" data-id=\"15232\" src=\"https:\/\/www.agriculture-machine.com\/wp-content\/uploads\/2023\/11\/rice-mill-line-factory.webp\" alt=\"Usine de la ligne de moulin \u00e0 riz\" class=\"wp-image-15232\" srcset=\"https:\/\/www.agriculture-machine.com\/wp-content\/uploads\/2023\/11\/rice-mill-line-factory.webp 720w, https:\/\/www.agriculture-machine.com\/wp-content\/uploads\/2023\/11\/rice-mill-line-factory-360x270.webp 360w, https:\/\/www.agriculture-machine.com\/wp-content\/uploads\/2023\/11\/rice-mill-line-factory-240x180.webp 240w\" sizes=\"auto, (max-width: 720px) 100vw, 720px\" \/><figcaption class=\"wp-element-caption\">Usine de la ligne de moulin \u00e0 riz<\/figcaption><\/figure>    <figure class=\"wp-block-image size-large\"><img loading=\"lazy\" decoding=\"async\" width=\"720\" height=\"540\" data-id=\"15233\" src=\"https:\/\/www.agriculture-machine.com\/wp-content\/uploads\/2023\/11\/rice-milling-plant-packing-and-shipping.webp\" alt=\"Emballage et exp\u00e9dition de la ligne de moulin \u00e0 riz\" class=\"wp-image-15233\" srcset=\"https:\/\/www.agriculture-machine.com\/wp-content\/uploads\/2023\/11\/rice-milling-plant-packing-and-shipping.webp 720w, https:\/\/www.agriculture-machine.com\/wp-content\/uploads\/2023\/11\/rice-milling-plant-packing-and-shipping-360x270.webp 360w, https:\/\/www.agriculture-machine.com\/wp-content\/uploads\/2023\/11\/rice-milling-plant-packing-and-shipping-240x180.webp 240w\" sizes=\"auto, (max-width: 720px) 100vw, 720px\" \/><figcaption class=\"wp-element-caption\">Emballage et exp\u00e9dition de la ligne de moulin \u00e0 riz<\/figcaption><\/figure> <\/figure>    <p>Welcome to the advanced production line of our upgraded rice mill line, which combines color sorting and packaging machines with a high-quality rice polisher with water and an intelligent bin, presenting you with the ultimate rice processing experience and demonstrating our company&#8217;s commitment to providing advanced technology and high-quality rice production process, we look forward to your visit and cooperation.<\/p>","protected":false},"excerpt":{"rendered":"<p>Welcome to our upgraded rice mill line&#8217;s advanced production plant, which combines color sorting and packaging machines with a high-standard water polishing machine and intelligent storage bin to provide you with the ultimate rice processing experience. High Standard 15TPD Rice Mill Line Structure 1. Necessary Parts : (you need to buy all ) Pre-cleaner&#8212; Destoner&#8212; [&hellip;]<\/p>\n","protected":false},"author":1,"featured_media":15234,"parent":0,"comment_status":"closed","ping_status":"closed","template":"","tags":[796],"product-type":[875,906],"class_list":["post-15220","product","type-product","status-publish","has-post-thumbnail","hentry","tag-rice","product-type-rice-mill-category","product-type-rice-mill-production-line"],"_links":{"self":[{"href":"https:\/\/www.agriculture-machine.com\/fr\/wp-json\/wp\/v2\/product\/15220","targetHints":{"allow":["GET"]}}],"collection":[{"href":"https:\/\/www.agriculture-machine.com\/fr\/wp-json\/wp\/v2\/product"}],"about":[{"href":"https:\/\/www.agriculture-machine.com\/fr\/wp-json\/wp\/v2\/types\/product"}],"author":[{"embeddable":true,"href":"https:\/\/www.agriculture-machine.com\/fr\/wp-json\/wp\/v2\/users\/1"}],"replies":[{"embeddable":true,"href":"https:\/\/www.agriculture-machine.com\/fr\/wp-json\/wp\/v2\/comments?post=15220"}],"wp:featuredmedia":[{"embeddable":true,"href":"https:\/\/www.agriculture-machine.com\/fr\/wp-json\/wp\/v2\/media\/15234"}],"wp:attachment":[{"href":"https:\/\/www.agriculture-machine.com\/fr\/wp-json\/wp\/v2\/media?parent=15220"}],"wp:term":[{"taxonomy":"post_tag","embeddable":true,"href":"https:\/\/www.agriculture-machine.com\/fr\/wp-json\/wp\/v2\/tags?post=15220"},{"taxonomy":"product-type","embeddable":true,"href":"https:\/\/www.agriculture-machine.com\/fr\/wp-json\/wp\/v2\/product-type?post=15220"}],"curies":[{"name":"wp","href":"https:\/\/api.w.org\/{rel}","templated":true}]}}