{"id":15261,"date":"2023-11-24T15:08:23","date_gmt":"2023-11-24T07:08:23","guid":{"rendered":"https:\/\/www.agriculture-machine.com\/?post_type=product&#038;p=15261"},"modified":"2024-09-18T15:43:43","modified_gmt":"2024-09-18T07:43:43","slug":"25tpd-rice-miller-unit","status":"publish","type":"product","link":"https:\/\/www.agriculture-machine.com\/fr\/25tpd-rice-miller-unit\/","title":{"rendered":"Ligne de moulin \u00e0 riz de 25 tonnes\/jour sans cadre en acier"},"content":{"rendered":"<p>R\u00e9cemment, notre unit\u00e9 de mouture de riz fi\u00e8re, capable de traiter 25 tonnes de grains par jour, a \u00e9t\u00e9 \u00e0 nouveau propos\u00e9e \u00e0 la vente avec succ\u00e8s. Diff\u00e9rent du design traditionnel, cette ligne de production supprime intentionnellement la configuration du cadre en acier, rendant l'ensemble plus compact et pratique, s'adaptant \u00e0 toutes sortes de limitations d'espace dans l'usine.<\/p>    <figure class=\"wp-block-image size-full\"><img loading=\"lazy\" decoding=\"async\" width=\"720\" height=\"540\" src=\"https:\/\/www.agriculture-machine.com\/wp-content\/uploads\/2023\/11\/25TPD-rice-miller-unit-main-structure.webp\" alt=\"Structure principale de l&#039;unit\u00e9 de mouture de riz 25TPD\" class=\"wp-image-15274\" srcset=\"https:\/\/www.agriculture-machine.com\/wp-content\/uploads\/2023\/11\/25TPD-rice-miller-unit-main-structure.webp 720w, https:\/\/www.agriculture-machine.com\/wp-content\/uploads\/2023\/11\/25TPD-rice-miller-unit-main-structure-360x270.webp 360w, https:\/\/www.agriculture-machine.com\/wp-content\/uploads\/2023\/11\/25TPD-rice-miller-unit-main-structure-240x180.webp 240w\" sizes=\"auto, (max-width: 720px) 100vw, 720px\" \/><figcaption class=\"wp-element-caption\">Structure principale de l'unit\u00e9 de mouture de riz 25TPD<\/figcaption><\/figure>    <p class=\"translation-block\">Bien s\u00fbr, nous avons \u00e9galement la ligne de production correspondante avec une structure en cadre en acier, veuillez cliquer pour voir : <strong><a href=\"https:\/\/www.agriculture-machine.com\/fr\/25tpd-rice-milling-line\/\">Ligne de mouture de riz de 25TPD avec cadre en acier<\/a><\/strong>.<\/p>    <h2 class=\"wp-block-heading\">Cinq configurations de l'affiche de l'unit\u00e9 de mouture de riz<\/h2>    <p>Parmi les gammes de produits dont notre entreprise est fi\u00e8re, l'unit\u00e9 de mouture de riz de 25 tonnes par jour n'est pas seulement connue pour sa haute capacit\u00e9, mais aussi populaire aupr\u00e8s des clients pour ses multiples configurations permettant de r\u00e9pondre de mani\u00e8re flexible \u00e0 diff\u00e9rents besoins. Vous pouvez tous les choisir selon vos besoins et votre budget.<\/p>    <p>Cinq combinaisons sont bri\u00e8vement list\u00e9es ci-dessous. Bien s\u00fbr, si vous avez d'autres id\u00e9es, n'h\u00e9sitez pas \u00e0 nous contacter et nous vous recommanderons l'option la plus adapt\u00e9e.<\/p>    <h3 class=\"wp-block-heading\">Type 1<\/h3>    <figure class=\"wp-block-gallery has-nested-images columns-default is-cropped wp-block-gallery-2 is-layout-flex wp-block-gallery-is-layout-flex\"> <figure class=\"wp-block-image size-large\"><img loading=\"lazy\" decoding=\"async\" width=\"720\" height=\"540\" data-id=\"15264\" src=\"https:\/\/www.agriculture-machine.com\/wp-content\/uploads\/2023\/11\/rice-millers-for-sale.webp\" alt=\"moulins de riz \u00e0 vendre\" class=\"wp-image-15264\" srcset=\"https:\/\/www.agriculture-machine.com\/wp-content\/uploads\/2023\/11\/rice-millers-for-sale.webp 720w, https:\/\/www.agriculture-machine.com\/wp-content\/uploads\/2023\/11\/rice-millers-for-sale-360x270.webp 360w, https:\/\/www.agriculture-machine.com\/wp-content\/uploads\/2023\/11\/rice-millers-for-sale-240x180.webp 240w\" sizes=\"auto, (max-width: 720px) 100vw, 720px\" \/><figcaption class=\"wp-element-caption\">moulins de riz \u00e0 vendre<\/figcaption><\/figure>    <figure class=\"wp-block-image size-large\"><img loading=\"lazy\" decoding=\"async\" width=\"720\" height=\"540\" data-id=\"15263\" src=\"https:\/\/www.agriculture-machine.com\/wp-content\/uploads\/2023\/11\/paddy-rice-process-equipment.webp\" alt=\"\u00c9quipement de traitement du riz paddy\" class=\"wp-image-15263\" srcset=\"https:\/\/www.agriculture-machine.com\/wp-content\/uploads\/2023\/11\/paddy-rice-process-equipment.webp 720w, https:\/\/www.agriculture-machine.com\/wp-content\/uploads\/2023\/11\/paddy-rice-process-equipment-360x270.webp 360w, https:\/\/www.agriculture-machine.com\/wp-content\/uploads\/2023\/11\/paddy-rice-process-equipment-240x180.webp 240w\" sizes=\"auto, (max-width: 720px) 100vw, 720px\" \/><figcaption class=\"wp-element-caption\">\u00c9quipement de traitement du riz paddy<\/figcaption><\/figure> <\/figure>    <p class=\"translation-block\">Il s'agit d'une combinaison d'unit\u00e9 de mouture de riz relativement simple, et les machines incluses dans toute la ligne sont, dans l'ordre, une tr\u00e9mie d'alimentation, un d\u00e9grainant, un d\u00e9pelliculageur de riz, un s\u00e9parateur de paddy gravitaire, deux moulins \u00e0 riz et un classificateur de riz blanc. La configuration globale est la m\u00eame que celle de 15T\/D (<a href=\"https:\/\/www.agriculture-machine.com\/fr\/rice-mill-production-line\/\"><strong>Ligne de production de riz de 15TPD avec polisseur et classificateur de riz blanc<\/strong><\/a>), mais la taille de chaque machine est proportionnellement plus grande.<\/p>    <h3 class=\"wp-block-heading\">Usine compl\u00e8te de traitement du riz<\/h3>    <figure class=\"wp-block-gallery has-nested-images columns-default is-cropped wp-block-gallery-3 is-layout-flex wp-block-gallery-is-layout-flex\"> <figure class=\"wp-block-image size-large\"><img loading=\"lazy\" decoding=\"async\" width=\"720\" height=\"540\" data-id=\"15266\" src=\"https:\/\/www.agriculture-machine.com\/wp-content\/uploads\/2023\/11\/white-rice-making-line.webp\" alt=\"ligne de fabrication de riz blanc\" class=\"wp-image-15266\" srcset=\"https:\/\/www.agriculture-machine.com\/wp-content\/uploads\/2023\/11\/white-rice-making-line.webp 720w, https:\/\/www.agriculture-machine.com\/wp-content\/uploads\/2023\/11\/white-rice-making-line-360x270.webp 360w, https:\/\/www.agriculture-machine.com\/wp-content\/uploads\/2023\/11\/white-rice-making-line-240x180.webp 240w\" sizes=\"auto, (max-width: 720px) 100vw, 720px\" \/><figcaption class=\"wp-element-caption\">ligne de fabrication de riz blanc<\/figcaption><\/figure>    <figure class=\"wp-block-image size-large\"><img loading=\"lazy\" decoding=\"async\" width=\"720\" height=\"540\" data-id=\"15265\" src=\"https:\/\/www.agriculture-machine.com\/wp-content\/uploads\/2023\/11\/rice-paddy-processing-plant.webp\" alt=\"usine de traitement du paddy\" class=\"wp-image-15265\" srcset=\"https:\/\/www.agriculture-machine.com\/wp-content\/uploads\/2023\/11\/rice-paddy-processing-plant.webp 720w, https:\/\/www.agriculture-machine.com\/wp-content\/uploads\/2023\/11\/rice-paddy-processing-plant-360x270.webp 360w, https:\/\/www.agriculture-machine.com\/wp-content\/uploads\/2023\/11\/rice-paddy-processing-plant-240x180.webp 240w\" sizes=\"auto, (max-width: 720px) 100vw, 720px\" \/><figcaption class=\"wp-element-caption\">usine de traitement du paddy<\/figcaption><\/figure> <\/figure>    <p class=\"translation-block\">Ce groupe de machines est bas\u00e9 sur <strong>Type 1<\/strong> avec l'ajout d'une machine de mouture de riz suppl\u00e9mentaire et d'un polisseur, ainsi qu'une machine d'emballage de riz \u00e0 la fin de la ligne.<\/p>    <h3 class=\"wp-block-heading\">Usine moderne de lignes de mouture de riz<\/h3>    <figure class=\"wp-block-gallery has-nested-images columns-default is-cropped wp-block-gallery-4 is-layout-flex wp-block-gallery-is-layout-flex\"> <figure class=\"wp-block-image size-large\"><img loading=\"lazy\" decoding=\"async\" width=\"720\" height=\"540\" data-id=\"15267\" src=\"https:\/\/www.agriculture-machine.com\/wp-content\/uploads\/2023\/11\/automatic-rice-mill-production-line.webp\" alt=\"syst\u00e8me de mouture de riz\" class=\"wp-image-15267\" srcset=\"https:\/\/www.agriculture-machine.com\/wp-content\/uploads\/2023\/11\/automatic-rice-mill-production-line.webp 720w, https:\/\/www.agriculture-machine.com\/wp-content\/uploads\/2023\/11\/automatic-rice-mill-production-line-360x270.webp 360w, https:\/\/www.agriculture-machine.com\/wp-content\/uploads\/2023\/11\/automatic-rice-mill-production-line-240x180.webp 240w\" sizes=\"auto, (max-width: 720px) 100vw, 720px\" \/><figcaption class=\"wp-element-caption\">syst\u00e8me de mouture de riz<\/figcaption><\/figure>    <figure class=\"wp-block-image size-large\"><img loading=\"lazy\" decoding=\"async\" width=\"720\" height=\"540\" data-id=\"15268\" src=\"https:\/\/www.agriculture-machine.com\/wp-content\/uploads\/2023\/11\/rice-milling-system.webp\" alt=\"unit\u00e9 de mouture de riz\" class=\"wp-image-15268\" srcset=\"https:\/\/www.agriculture-machine.com\/wp-content\/uploads\/2023\/11\/rice-milling-system.webp 720w, https:\/\/www.agriculture-machine.com\/wp-content\/uploads\/2023\/11\/rice-milling-system-360x270.webp 360w, https:\/\/www.agriculture-machine.com\/wp-content\/uploads\/2023\/11\/rice-milling-system-240x180.webp 240w\" sizes=\"auto, (max-width: 720px) 100vw, 720px\" \/><figcaption class=\"wp-element-caption\">unit\u00e9 de mouture de riz<\/figcaption><\/figure> <\/figure>    <p class=\"translation-block\">La combinaison de cette unit\u00e9 de mouture de riz est \u00e9galement relativement simple, il suffit d'ajouter un trieur de couleurs suppl\u00e9mentaire et une machine d'emballage \u00e0 la fin de <strong>Type 1<\/strong>. Parmi eux, le trieur de couleurs d\u00e9tecte la couleur et la forme du riz gr\u00e2ce \u00e0 un syst\u00e8me optique tr\u00e8s intelligent, permettant ainsi de rejeter le riz non conforme, les taches de couleur, les objets \u00e9trangers et autres riz probl\u00e9matiques.<\/p>    <h3 class=\"wp-block-heading\">polisseur \u00e0 eau, trieur de couleurs<\/h3>    <figure class=\"wp-block-gallery has-nested-images columns-default is-cropped wp-block-gallery-5 is-layout-flex wp-block-gallery-is-layout-flex\"> <figure class=\"wp-block-image size-large\"><img loading=\"lazy\" decoding=\"async\" width=\"720\" height=\"540\" data-id=\"15269\" src=\"https:\/\/www.agriculture-machine.com\/wp-content\/uploads\/2023\/11\/rice-miller-unit.webp\" alt=\"ligne de traitement du riz int\u00e9gr\u00e9e\" class=\"wp-image-15269\" srcset=\"https:\/\/www.agriculture-machine.com\/wp-content\/uploads\/2023\/11\/rice-miller-unit.webp 720w, https:\/\/www.agriculture-machine.com\/wp-content\/uploads\/2023\/11\/rice-miller-unit-360x270.webp 360w, https:\/\/www.agriculture-machine.com\/wp-content\/uploads\/2023\/11\/rice-miller-unit-240x180.webp 240w\" sizes=\"auto, (max-width: 720px) 100vw, 720px\" \/><figcaption class=\"wp-element-caption\">ligne de traitement du riz int\u00e9gr\u00e9e<\/figcaption><\/figure>    <figure class=\"wp-block-image size-large\"><img loading=\"lazy\" decoding=\"async\" width=\"720\" height=\"540\" data-id=\"15270\" src=\"https:\/\/www.agriculture-machine.com\/wp-content\/uploads\/2023\/11\/water-polisher-color-sorter.webp\" alt=\"moulins de traitement du paddy et du riz\" class=\"wp-image-15270\" srcset=\"https:\/\/www.agriculture-machine.com\/wp-content\/uploads\/2023\/11\/water-polisher-color-sorter.webp 720w, https:\/\/www.agriculture-machine.com\/wp-content\/uploads\/2023\/11\/water-polisher-color-sorter-360x270.webp 360w, https:\/\/www.agriculture-machine.com\/wp-content\/uploads\/2023\/11\/water-polisher-color-sorter-240x180.webp 240w\" sizes=\"auto, (max-width: 720px) 100vw, 720px\" \/><figcaption class=\"wp-element-caption\">moulins de traitement du paddy et du riz<\/figcaption><\/figure> <\/figure>    <p class=\"translation-block\">Cette configuration se construit sur <strong>Type 1<\/strong> en ajoutant une machine de polissage \u00e0 l'eau imm\u00e9diatement apr\u00e8s la machine de mouture de riz, ainsi que des \u00e9quipements de tri de couleurs et d'emballage imm\u00e9diatement apr\u00e8s le classificateur de riz blanc (les d\u00e9tails des machines suppl\u00e9mentaires sont indiqu\u00e9s \u00e0 droite).<\/p>    <h3 class=\"wp-block-heading\">Service de dessin de conception<\/h3>    <figure class=\"wp-block-gallery has-nested-images columns-default is-cropped wp-block-gallery-6 is-layout-flex wp-block-gallery-is-layout-flex\"> <figure class=\"wp-block-image size-large\"><img loading=\"lazy\" decoding=\"async\" width=\"720\" height=\"540\" data-id=\"15271\" src=\"https:\/\/www.agriculture-machine.com\/wp-content\/uploads\/2023\/11\/integrated-rice-processsing-line.webp\" alt=\"Apr\u00e8s r\u00e9ception du d\u00e9p\u00f4t, vous pouvez nous envoyer le plan de l&#039;atelier de production. Nous demanderons \u00e0 nos ing\u00e9nieurs de dessiner la conception compl\u00e8te de l&#039;unit\u00e9 de mouture de riz selon la taille de votre atelier. Un exemple de dessin est donn\u00e9 ci-dessous.\" class=\"wp-image-15271\" srcset=\"https:\/\/www.agriculture-machine.com\/wp-content\/uploads\/2023\/11\/integrated-rice-processsing-line.webp 720w, https:\/\/www.agriculture-machine.com\/wp-content\/uploads\/2023\/11\/integrated-rice-processsing-line-360x270.webp 360w, https:\/\/www.agriculture-machine.com\/wp-content\/uploads\/2023\/11\/integrated-rice-processsing-line-240x180.webp 240w\" sizes=\"auto, (max-width: 720px) 100vw, 720px\" \/><figcaption class=\"wp-element-caption\">Apr\u00e8s r\u00e9ception du d\u00e9p\u00f4t, vous pouvez nous envoyer le plan de l'atelier de production. Nous demanderons \u00e0 nos ing\u00e9nieurs de dessiner la conception compl\u00e8te de l'unit\u00e9 de mouture de riz selon la taille de votre atelier. Un exemple de dessin est donn\u00e9 ci-dessous.<\/figcaption><\/figure>    <figure class=\"wp-block-image size-large\"><img loading=\"lazy\" decoding=\"async\" width=\"720\" height=\"540\" data-id=\"15272\" src=\"https:\/\/www.agriculture-machine.com\/wp-content\/uploads\/2023\/11\/paddy-and-rice-processing-mills.webp\" alt=\"dessin d&#039;installation de l&#039;unit\u00e9 de mouture de riz\" class=\"wp-image-15272\" srcset=\"https:\/\/www.agriculture-machine.com\/wp-content\/uploads\/2023\/11\/paddy-and-rice-processing-mills.webp 720w, https:\/\/www.agriculture-machine.com\/wp-content\/uploads\/2023\/11\/paddy-and-rice-processing-mills-360x270.webp 360w, https:\/\/www.agriculture-machine.com\/wp-content\/uploads\/2023\/11\/paddy-and-rice-processing-mills-240x180.webp 240w\" sizes=\"auto, (max-width: 720px) 100vw, 720px\" \/><figcaption class=\"wp-element-caption\">dessin d'installation de l'unit\u00e9 de mouture de riz<\/figcaption><\/figure> <\/figure>    <p class=\"translation-block\">L'ensemble est similaire \u00e0 la configuration <strong>Type 4<\/strong>, la diff\u00e9rence \u00e9tant que l'ordre de placement de certaines machines a \u00e9t\u00e9 invers\u00e9. Le trieur de couleurs a \u00e9t\u00e9 plac\u00e9 apr\u00e8s la premi\u00e8re machine de mouture de riz, le polisseur \u00e0 brume d'eau a \u00e9t\u00e9 plac\u00e9 apr\u00e8s le classificateur de riz blanc, et un bac de stockage suppl\u00e9mentaire a \u00e9t\u00e9 ajout\u00e9 imm\u00e9diatement apr\u00e8s pour emp\u00eacher la vitesse de mouture de suivre celle de l'emballage.<\/p>    <h2 class=\"wp-block-heading\">Bas\u00e9 sur les cinq combinaisons diff\u00e9rentes d'unit\u00e9s de mouture de riz ci-dessus, il est facile de voir que vos options peuvent \u00eatre tr\u00e8s flexibles lorsqu'il s'agit d'acheter une machine pour traiter le riz. Vous pouvez choisir d'acheter ou non certains machines suppl\u00e9mentaires, et vous pouvez \u00e9galement ajuster certaines machines pour r\u00e9pondre \u00e0 vos pr\u00e9f\u00e9rences. Cette polyvalence permet \u00e0 la ligne de r\u00e9pondre \u00e0 diff\u00e9rents sc\u00e9narios de production de riz avec des exigences de traitement vari\u00e9es.<\/h2>    <p>Ligne de mouture de riz de 25TPD<\/p>    <figure class=\"wp-block-image size-full\"><img loading=\"lazy\" decoding=\"async\" width=\"720\" height=\"540\" src=\"https:\/\/www.agriculture-machine.com\/wp-content\/uploads\/2023\/11\/rice-miller-unit-installation-drawing.webp\" alt=\"R\u00e9cemment, notre unit\u00e9 de mouture de riz fi\u00e8re, capable de traiter 25 tonnes de grains par jour, a \u00e9t\u00e9 \u00e0 nouveau propos\u00e9e \u00e0 la vente avec succ\u00e8s. Cette ligne supprime la configuration du cadre en acier, rendant l&#039;ensemble plus compact et pratique, s&#039;adaptant \u00e0 toutes sortes de limitations d&#039;espace dans l&#039;usine.\" class=\"wp-image-15273\" srcset=\"https:\/\/www.agriculture-machine.com\/wp-content\/uploads\/2023\/11\/rice-miller-unit-installation-drawing.webp 720w, https:\/\/www.agriculture-machine.com\/wp-content\/uploads\/2023\/11\/rice-miller-unit-installation-drawing-360x270.webp 360w, https:\/\/www.agriculture-machine.com\/wp-content\/uploads\/2023\/11\/rice-miller-unit-installation-drawing-240x180.webp 240w\" sizes=\"auto, (max-width: 720px) 100vw, 720px\" \/><figcaption class=\"wp-element-caption\">R\u00e9cemment, notre unit\u00e9 de mouture de riz fi\u00e8re, capable de traiter 25 tonnes de grains par jour, a \u00e9t\u00e9 \u00e0 nouveau propos\u00e9e \u00e0 la vente avec succ\u00e8s. Cette ligne supprime la configuration du cadre en acier, rendant l'ensemble plus compact et pratique, s'adaptant \u00e0 toutes sortes de limitations d'espace dans l'usine.<\/figcaption><\/figure>    <p>Based on the five different rice miller unit combinations above, it&#8217;s easy to see that your options can be very flexible when it comes to purchasing a machine to process rice. You can choose whether or not to purchase certain additional machines, and you can also adjust some of the machines to suit your preferences. This versatility allows the line to meet rice production scenarios with different processing requirements.<\/p>    <p class=\"translation-block\">Pour plus de configurations de lignes de production de mouture de riz, veuillez visiter ce site : <a href=\"https:\/\/www.agriculture-machine.com\/fr\/rice-mill-category\/\"><strong>https:\/\/www.agriculture-machine.com\/rice-mill-category\/<\/strong><\/a>, et n'h\u00e9sitez pas \u00e0 nous contacter pour une consultation et un devis.<\/p>","protected":false},"excerpt":{"rendered":"<p>Recently, our proud rice miller unit that can process 25 tons of grain per day has been successfully offered for sale again. Different from the traditional design, this production line purposely removes the steel frame configuration, making the whole more compact and convenient, adapting to all kinds of plant space limitations. Of course, we also [&hellip;]<\/p>\n","protected":false},"author":1,"featured_media":15262,"parent":0,"comment_status":"closed","ping_status":"closed","template":"","tags":[796],"product-type":[875,906],"class_list":["post-15261","product","type-product","status-publish","has-post-thumbnail","hentry","tag-rice","product-type-rice-mill-category","product-type-rice-mill-production-line"],"_links":{"self":[{"href":"https:\/\/www.agriculture-machine.com\/fr\/wp-json\/wp\/v2\/product\/15261","targetHints":{"allow":["GET"]}}],"collection":[{"href":"https:\/\/www.agriculture-machine.com\/fr\/wp-json\/wp\/v2\/product"}],"about":[{"href":"https:\/\/www.agriculture-machine.com\/fr\/wp-json\/wp\/v2\/types\/product"}],"author":[{"embeddable":true,"href":"https:\/\/www.agriculture-machine.com\/fr\/wp-json\/wp\/v2\/users\/1"}],"replies":[{"embeddable":true,"href":"https:\/\/www.agriculture-machine.com\/fr\/wp-json\/wp\/v2\/comments?post=15261"}],"wp:featuredmedia":[{"embeddable":true,"href":"https:\/\/www.agriculture-machine.com\/fr\/wp-json\/wp\/v2\/media\/15262"}],"wp:attachment":[{"href":"https:\/\/www.agriculture-machine.com\/fr\/wp-json\/wp\/v2\/media?parent=15261"}],"wp:term":[{"taxonomy":"post_tag","embeddable":true,"href":"https:\/\/www.agriculture-machine.com\/fr\/wp-json\/wp\/v2\/tags?post=15261"},{"taxonomy":"product-type","embeddable":true,"href":"https:\/\/www.agriculture-machine.com\/fr\/wp-json\/wp\/v2\/product-type?post=15261"}],"curies":[{"name":"wp","href":"https:\/\/api.w.org\/{rel}","templated":true}]}}