{"id":15278,"date":"2023-11-24T17:17:45","date_gmt":"2023-11-24T09:17:45","guid":{"rendered":"https:\/\/www.agriculture-machine.com\/?post_type=product&#038;p=15278"},"modified":"2024-09-18T15:44:15","modified_gmt":"2024-09-18T07:44:15","slug":"25tpd-rice-milling-line","status":"publish","type":"product","link":"https:\/\/www.agriculture-machine.com\/fr\/25tpd-rice-milling-line\/","title":{"rendered":"Ligne de mouture du riz de 25TPD avec cadre en acier"},"content":{"rendered":"<p>La soci\u00e9t\u00e9 Taizy propose une ligne de mouture de riz d'une capacit\u00e9 de 25 tonnes par jour, \u00e9quip\u00e9e d'une structure en acier robuste con\u00e7ue pour offrir une solution efficace et fiable pour votre production de riz. La capacit\u00e9 de 25 tonnes par jour garantit que vous pouvez faire face \u00e0 des besoins de mouture de riz \u00e0 grande \u00e9chelle, pour les producteurs de riz moyens et grands.<\/p>    <figure class=\"wp-block-image size-full\"><img loading=\"lazy\" decoding=\"async\" width=\"720\" height=\"540\" src=\"https:\/\/www.agriculture-machine.com\/wp-content\/uploads\/2023\/11\/rice-milling-line-with-frame-structure.webp\" alt=\"La soci\u00e9t\u00e9 Taizy propose une ligne de mouture de riz d&#039;une capacit\u00e9 de 25 tonnes par jour, \u00e9quip\u00e9e d&#039;une structure en acier robuste con\u00e7ue pour offrir une solution efficace et fiable pour votre production de riz.\" class=\"wp-image-15282\" srcset=\"https:\/\/www.agriculture-machine.com\/wp-content\/uploads\/2023\/11\/rice-milling-line-with-frame-structure.webp 720w, https:\/\/www.agriculture-machine.com\/wp-content\/uploads\/2023\/11\/rice-milling-line-with-frame-structure-360x270.webp 360w, https:\/\/www.agriculture-machine.com\/wp-content\/uploads\/2023\/11\/rice-milling-line-with-frame-structure-240x180.webp 240w\" sizes=\"auto, (max-width: 720px) 100vw, 720px\" \/><figcaption class=\"wp-element-caption\">Ligne de mouture de riz avec structure en cadre<\/figcaption><\/figure>    <p class=\"translation-block\">Par ailleurs, nous disposons \u00e9galement de la m\u00eame ligne de production sans cadre en acier, veuillez cliquer pour voir : la <strong><a href=\"https:\/\/www.agriculture-machine.com\/fr\/25tpd-rice-miller-unit\/\">Unit\u00e9 de mouture de riz de 25 tonnes\/jour sans cadre en acier<\/a><\/strong>.<\/p>    <h2 class=\"wp-block-heading\">This Paddy Processing Line&#8217;s Main Features<\/h2>    <ul class=\"wp-block-list\"> <li><strong>Cadre en acier robuste :<\/strong> Con\u00e7ue en acier de haute qualit\u00e9, la structure est robuste et durable, garantissant la stabilit\u00e9 et la fiabilit\u00e9 \u00e0 long terme de toute la ligne de production.<\/li>    <li><strong>Tr\u00e8s personnalisable :<\/strong> Vous pouvez choisir la configuration appropri\u00e9e en fonction de votre \u00e9chelle de production et de vos besoins, permettant une personnalisation tr\u00e8s pouss\u00e9e de la ligne de mouture de riz.<\/li>    <li><strong>Gain de place :<\/strong> La structure compacte et robuste en acier offre non seulement un support solide, mais utilise \u00e9galement efficacement l\u2019espace de l\u2019usine pour assurer une disposition optimale de l\u2019\u00e9quipement.<\/li>    <li><strong>Configuration flexible :<\/strong> It can be customized according to the customer&#8217;s needs, including components such as rice milling machine type, polishing machine, color sorter, etc. to meet different rice milling requirements.<\/li> <\/ul>    <figure class=\"wp-block-gallery has-nested-images columns-default is-cropped wp-block-gallery-2 is-layout-flex wp-block-gallery-is-layout-flex\"> <figure class=\"wp-block-image size-large\"><img loading=\"lazy\" decoding=\"async\" width=\"720\" height=\"540\" data-id=\"15280\" src=\"https:\/\/www.agriculture-machine.com\/wp-content\/uploads\/2023\/11\/paddy-mill-production-line.webp\" alt=\"Ligne de production de riz paddy\" class=\"wp-image-15280\" srcset=\"https:\/\/www.agriculture-machine.com\/wp-content\/uploads\/2023\/11\/paddy-mill-production-line.webp 720w, https:\/\/www.agriculture-machine.com\/wp-content\/uploads\/2023\/11\/paddy-mill-production-line-360x270.webp 360w, https:\/\/www.agriculture-machine.com\/wp-content\/uploads\/2023\/11\/paddy-mill-production-line-240x180.webp 240w\" sizes=\"auto, (max-width: 720px) 100vw, 720px\" \/><figcaption class=\"wp-element-caption\">Ligne de production de riz paddy<\/figcaption><\/figure>    <figure class=\"wp-block-image size-large\"><img loading=\"lazy\" decoding=\"async\" width=\"720\" height=\"540\" data-id=\"15281\" src=\"https:\/\/www.agriculture-machine.com\/wp-content\/uploads\/2023\/11\/paddy-rice-processing-system.webp\" alt=\"Syst\u00e8me de traitement du riz paddy\" class=\"wp-image-15281\" srcset=\"https:\/\/www.agriculture-machine.com\/wp-content\/uploads\/2023\/11\/paddy-rice-processing-system.webp 720w, https:\/\/www.agriculture-machine.com\/wp-content\/uploads\/2023\/11\/paddy-rice-processing-system-360x270.webp 360w, https:\/\/www.agriculture-machine.com\/wp-content\/uploads\/2023\/11\/paddy-rice-processing-system-240x180.webp 240w\" sizes=\"auto, (max-width: 720px) 100vw, 720px\" \/><figcaption class=\"wp-element-caption\">Syst\u00e8me de traitement du riz paddy<\/figcaption><\/figure> <\/figure>    <p>La plateforme sous-jacente est strat\u00e9giquement int\u00e9gr\u00e9e pour assurer que toutes les machines fonctionnent de mani\u00e8re fluide au m\u00eame niveau. Cela favorise non seulement un flux de travail harmonieux, mais facilite \u00e9galement une connectivit\u00e9 efficace entre les diff\u00e9rents composants. La plateforme sup\u00e9rieure offre un espace pratique pour l\u2019inspection et la maintenance de l\u2019ascenseur, r\u00e9duisant ainsi les temps d\u2019arr\u00eat et am\u00e9liorant la dur\u00e9e de vie globale de l\u2019unit\u00e9.<\/p>    <h2 class=\"wp-block-heading\">Trois types de lignes de mouture de riz avec cadre en acier<\/h2>    <p>Les lignes de production de mouture de riz peuvent \u00eatre combin\u00e9es de diff\u00e9rentes mani\u00e8res. Trois configurations sont list\u00e9es ci-dessous, d\u00e9crivant bri\u00e8vement la composition de chaque ligne.<\/p>    <h3 class=\"wp-block-heading\">Type 1<\/h3>    <figure class=\"wp-block-gallery has-nested-images columns-default is-cropped wp-block-gallery-3 is-layout-flex wp-block-gallery-is-layout-flex\"> <figure class=\"wp-block-image size-large\"><img loading=\"lazy\" decoding=\"async\" width=\"720\" height=\"540\" data-id=\"15284\" src=\"https:\/\/www.agriculture-machine.com\/wp-content\/uploads\/2023\/11\/rice-miller-equipments.webp\" alt=\"Ligne de mouture de riz automatique abordable de 25 TPD avec structure en acier\" class=\"wp-image-15284\" srcset=\"https:\/\/www.agriculture-machine.com\/wp-content\/uploads\/2023\/11\/rice-miller-equipments.webp 720w, https:\/\/www.agriculture-machine.com\/wp-content\/uploads\/2023\/11\/rice-miller-equipments-360x270.webp 360w, https:\/\/www.agriculture-machine.com\/wp-content\/uploads\/2023\/11\/rice-miller-equipments-240x180.webp 240w\" sizes=\"auto, (max-width: 720px) 100vw, 720px\" \/><figcaption class=\"wp-element-caption\">\u00c9quipements de mouture de riz<\/figcaption><\/figure>    <figure class=\"wp-block-image size-large\"><img loading=\"lazy\" decoding=\"async\" width=\"720\" height=\"540\" data-id=\"15283\" src=\"https:\/\/www.agriculture-machine.com\/wp-content\/uploads\/2023\/11\/complete-rice-milling-machine.webp\" alt=\"Machine de mouture de riz compl\u00e8te\" class=\"wp-image-15283\" srcset=\"https:\/\/www.agriculture-machine.com\/wp-content\/uploads\/2023\/11\/complete-rice-milling-machine.webp 720w, https:\/\/www.agriculture-machine.com\/wp-content\/uploads\/2023\/11\/complete-rice-milling-machine-360x270.webp 360w, https:\/\/www.agriculture-machine.com\/wp-content\/uploads\/2023\/11\/complete-rice-milling-machine-240x180.webp 240w\" sizes=\"auto, (max-width: 720px) 100vw, 720px\" \/><figcaption class=\"wp-element-caption\">Machine de mouture de riz compl\u00e8te<\/figcaption><\/figure> <\/figure>    <p>Cette combinaison de ligne de mouture de riz comprend un d\u00e9noyauteur de riz paddy conventionnel, un husker, un s\u00e9parateur de paddy par gravit\u00e9, deux moulins \u00e0 riz, puis un trieur de couleurs, un polisseur, un classificateur de riz blanc, et une machine de pes\u00e9e et d\u2019emballage.<\/p>    <h3 class=\"wp-block-heading\">Usine compl\u00e8te de traitement du riz<\/h3>    <figure class=\"wp-block-gallery has-nested-images columns-default is-cropped wp-block-gallery-4 is-layout-flex wp-block-gallery-is-layout-flex\"> <figure class=\"wp-block-image size-large\"><img loading=\"lazy\" decoding=\"async\" width=\"720\" height=\"540\" data-id=\"15285\" src=\"https:\/\/www.agriculture-machine.com\/wp-content\/uploads\/2023\/11\/complete-rice-processing-plant.webp\" alt=\"Service de traitement du riz blanc\" class=\"wp-image-15285\" srcset=\"https:\/\/www.agriculture-machine.com\/wp-content\/uploads\/2023\/11\/complete-rice-processing-plant.webp 720w, https:\/\/www.agriculture-machine.com\/wp-content\/uploads\/2023\/11\/complete-rice-processing-plant-360x270.webp 360w, https:\/\/www.agriculture-machine.com\/wp-content\/uploads\/2023\/11\/complete-rice-processing-plant-240x180.webp 240w\" sizes=\"auto, (max-width: 720px) 100vw, 720px\" \/><figcaption class=\"wp-element-caption\">Service de traitement du riz blanc<\/figcaption><\/figure>    <figure class=\"wp-block-image size-large\"><img loading=\"lazy\" decoding=\"async\" width=\"720\" height=\"540\" data-id=\"15286\" src=\"https:\/\/www.agriculture-machine.com\/wp-content\/uploads\/2023\/11\/white-rice-processing-service.webp\" alt=\"Processus de fabrication du riz blanc\" class=\"wp-image-15286\" srcset=\"https:\/\/www.agriculture-machine.com\/wp-content\/uploads\/2023\/11\/white-rice-processing-service.webp 720w, https:\/\/www.agriculture-machine.com\/wp-content\/uploads\/2023\/11\/white-rice-processing-service-360x270.webp 360w, https:\/\/www.agriculture-machine.com\/wp-content\/uploads\/2023\/11\/white-rice-processing-service-240x180.webp 240w\" sizes=\"auto, (max-width: 720px) 100vw, 720px\" \/><figcaption class=\"wp-element-caption\">Processus de fabrication du riz blanc<\/figcaption><\/figure> <\/figure>    <p class=\"translation-block\">This set is basically the same as the <strong>Type 1<\/strong>&#8216;s, with the only difference being the replacement of the polisher with a water-mist polishing machine, plus the addition of a storage bin after the white rice grader.<\/p>    <h3 class=\"wp-block-heading\">Usine moderne de lignes de mouture de riz<\/h3>    <figure class=\"wp-block-gallery has-nested-images columns-default is-cropped wp-block-gallery-5 is-layout-flex wp-block-gallery-is-layout-flex\"> <figure class=\"wp-block-image size-large\"><img loading=\"lazy\" decoding=\"async\" width=\"720\" height=\"540\" data-id=\"15288\" src=\"https:\/\/www.agriculture-machine.com\/wp-content\/uploads\/2023\/11\/white-rice-making-process.webp\" alt=\"Compar\u00e9e aux deux configurations ci-dessus, cette version utilise trois moulins \u00e0 riz pour produire un riz de meilleure qualit\u00e9. Elle utilise \u00e9galement une machine d&#039;emballage sous vide avanc\u00e9e pour garantir la fra\u00eecheur et la qualit\u00e9 du riz, ainsi que prolonger sa dur\u00e9e de conservation.\" class=\"wp-image-15288\" srcset=\"https:\/\/www.agriculture-machine.com\/wp-content\/uploads\/2023\/11\/white-rice-making-process.webp 720w, https:\/\/www.agriculture-machine.com\/wp-content\/uploads\/2023\/11\/white-rice-making-process-360x270.webp 360w, https:\/\/www.agriculture-machine.com\/wp-content\/uploads\/2023\/11\/white-rice-making-process-240x180.webp 240w\" sizes=\"auto, (max-width: 720px) 100vw, 720px\" \/><figcaption class=\"wp-element-caption\">Compar\u00e9e aux deux configurations ci-dessus, cette version utilise trois moulins \u00e0 riz pour produire un riz de meilleure qualit\u00e9. Elle utilise \u00e9galement une machine d'emballage sous vide avanc\u00e9e pour garantir la fra\u00eecheur et la qualit\u00e9 du riz, ainsi que prolonger sa dur\u00e9e de conservation.<\/figcaption><\/figure>    <figure class=\"wp-block-image size-large\"><img loading=\"lazy\" decoding=\"async\" width=\"720\" height=\"540\" data-id=\"15287\" src=\"https:\/\/www.agriculture-machine.com\/wp-content\/uploads\/2023\/11\/modern-rice-milling-line-factory.webp\" alt=\"Exposition en usine et visite client\" class=\"wp-image-15287\" srcset=\"https:\/\/www.agriculture-machine.com\/wp-content\/uploads\/2023\/11\/modern-rice-milling-line-factory.webp 720w, https:\/\/www.agriculture-machine.com\/wp-content\/uploads\/2023\/11\/modern-rice-milling-line-factory-360x270.webp 360w, https:\/\/www.agriculture-machine.com\/wp-content\/uploads\/2023\/11\/modern-rice-milling-line-factory-240x180.webp 240w\" sizes=\"auto, (max-width: 720px) 100vw, 720px\" \/><figcaption class=\"wp-element-caption\">Exposition en usine et visite client<\/figcaption><\/figure> <\/figure>    <p>Bienvenue \u00e0 visiter notre usine. Nous nous distinguons par notre inventaire solide et notre logistique efficace pour assurer une livraison rapide r\u00e9pondant \u00e0 vos besoins.<\/p>    <h2 class=\"wp-block-heading\">D\u00e9monstration sur site de la ligne de mouture de riz<\/h2>    <p>Visite client de l\u2019unit\u00e9 de mouture de riz<\/p>    <figure class=\"wp-block-gallery has-nested-images columns-default is-cropped wp-block-gallery-6 is-layout-flex wp-block-gallery-is-layout-flex\"> <figure class=\"wp-block-image size-large\"><img loading=\"lazy\" decoding=\"async\" width=\"720\" height=\"540\" data-id=\"15290\" src=\"https:\/\/www.agriculture-machine.com\/wp-content\/uploads\/2023\/11\/rice-milling-line-on-site-demonstration.webp\" alt=\"Service apr\u00e8s-vente de la ligne de mouture de riz\" class=\"wp-image-15290\" srcset=\"https:\/\/www.agriculture-machine.com\/wp-content\/uploads\/2023\/11\/rice-milling-line-on-site-demonstration.webp 720w, https:\/\/www.agriculture-machine.com\/wp-content\/uploads\/2023\/11\/rice-milling-line-on-site-demonstration-360x270.webp 360w, https:\/\/www.agriculture-machine.com\/wp-content\/uploads\/2023\/11\/rice-milling-line-on-site-demonstration-240x180.webp 240w\" sizes=\"auto, (max-width: 720px) 100vw, 720px\" \/><figcaption class=\"wp-element-caption\">Service apr\u00e8s-vente de la ligne de mouture de riz<\/figcaption><\/figure>    <figure class=\"wp-block-image size-large\"><img loading=\"lazy\" decoding=\"async\" width=\"720\" height=\"540\" data-id=\"15289\" src=\"https:\/\/www.agriculture-machine.com\/wp-content\/uploads\/2023\/11\/rice-mill-unit-customer-visit.webp\" alt=\"Apr\u00e8s avoir termin\u00e9 toutes les machines de la ligne de mouture de riz, chaque pi\u00e8ce sera \u00e9tiquet\u00e9e. Nous fournissons \u00e9galement des instructions d\u2019utilisation pour chaque machine.\" class=\"wp-image-15289\" srcset=\"https:\/\/www.agriculture-machine.com\/wp-content\/uploads\/2023\/11\/rice-mill-unit-customer-visit.webp 720w, https:\/\/www.agriculture-machine.com\/wp-content\/uploads\/2023\/11\/rice-mill-unit-customer-visit-360x270.webp 360w, https:\/\/www.agriculture-machine.com\/wp-content\/uploads\/2023\/11\/rice-mill-unit-customer-visit-240x180.webp 240w\" sizes=\"auto, (max-width: 720px) 100vw, 720px\" \/><figcaption class=\"wp-element-caption\">Apr\u00e8s avoir termin\u00e9 toutes les machines de la ligne de mouture de riz, chaque pi\u00e8ce sera \u00e9tiquet\u00e9e. Nous fournissons \u00e9galement des instructions d\u2019utilisation pour chaque machine.<\/figcaption><\/figure> <\/figure>    <h2 class=\"wp-block-heading\">Nous installons chaque pi\u00e8ce dans notre usine et r\u00e9alisons une vid\u00e9o claire du processus d\u2019installation. Vous suivez nos images et vid\u00e9os pour l\u2019installation.<\/h2>    <ol class=\"wp-block-list\"> <li>Pour toute question, vous pouvez prendre des photos et des vid\u00e9os, nous proposons un service en ligne. Ou nous pouvons faire un chat vid\u00e9o directement.<\/li>    <li>Nous pouvons organiser la visite d\u2019ing\u00e9nieurs sur votre site pour guider l\u2019installation, le d\u00e9pannage et la formation du personnel.<\/li>    <li>\u00c0 l\u2019exception des pi\u00e8ces d\u2019usure, des dommages humains et d\u2019une op\u00e9ration incorrecte, l\u2019\u00e9quipement principal et le moteur sont garantis un an, et nous fournissons un support technique en ligne \u00e0 vie.<\/li>    <li>Ligne de mouture de riz avec cadre en acier<\/li>    <li>Ligne de mouture de riz avec structure en cadre<\/li> <\/ol>    <p class=\"translation-block\">Pour en savoir plus sur les solutions de riz, visitez ce site <strong><a href=\"https:\/\/www.agriculture-machine.com\/fr\/rice-mill-category\/\">https:\/\/www.agriculture-machine.com\/rice-mill-category\/<\/a><\/strong>. Pour toute question, n\u2019h\u00e9sitez pas \u00e0 nous contacter, nous vous proposons la solution optimale !<\/p>","protected":false},"excerpt":{"rendered":"<p>Taizy company offers a 25 tons per day output rice milling line that carries a sturdy steel frame configuration designed to provide an efficient and reliable solution for your rice production. The 25 tons per day capacity ensures that you can cope with large-scale rice milling needs for both medium and large rice producers. Meanwhile, [&hellip;]<\/p>\n","protected":false},"author":1,"featured_media":15279,"parent":0,"comment_status":"closed","ping_status":"closed","template":"","tags":[796],"product-type":[875,906],"class_list":["post-15278","product","type-product","status-publish","has-post-thumbnail","hentry","tag-rice","product-type-rice-mill-category","product-type-rice-mill-production-line"],"_links":{"self":[{"href":"https:\/\/www.agriculture-machine.com\/fr\/wp-json\/wp\/v2\/product\/15278","targetHints":{"allow":["GET"]}}],"collection":[{"href":"https:\/\/www.agriculture-machine.com\/fr\/wp-json\/wp\/v2\/product"}],"about":[{"href":"https:\/\/www.agriculture-machine.com\/fr\/wp-json\/wp\/v2\/types\/product"}],"author":[{"embeddable":true,"href":"https:\/\/www.agriculture-machine.com\/fr\/wp-json\/wp\/v2\/users\/1"}],"replies":[{"embeddable":true,"href":"https:\/\/www.agriculture-machine.com\/fr\/wp-json\/wp\/v2\/comments?post=15278"}],"wp:featuredmedia":[{"embeddable":true,"href":"https:\/\/www.agriculture-machine.com\/fr\/wp-json\/wp\/v2\/media\/15279"}],"wp:attachment":[{"href":"https:\/\/www.agriculture-machine.com\/fr\/wp-json\/wp\/v2\/media?parent=15278"}],"wp:term":[{"taxonomy":"post_tag","embeddable":true,"href":"https:\/\/www.agriculture-machine.com\/fr\/wp-json\/wp\/v2\/tags?post=15278"},{"taxonomy":"product-type","embeddable":true,"href":"https:\/\/www.agriculture-machine.com\/fr\/wp-json\/wp\/v2\/product-type?post=15278"}],"curies":[{"name":"wp","href":"https:\/\/api.w.org\/{rel}","templated":true}]}}