{"id":15356,"date":"2023-12-06T15:55:33","date_gmt":"2023-12-06T07:55:33","guid":{"rendered":"https:\/\/www.agriculture-machine.com\/?post_type=product&#038;p=15356"},"modified":"2024-09-18T15:44:23","modified_gmt":"2024-09-18T07:44:23","slug":"30tpd-rice-hulling-plant","status":"publish","type":"product","link":"https:\/\/www.agriculture-machine.com\/fr\/30tpd-rice-hulling-plant\/","title":{"rendered":"Ligne de d\u00e9pelliculage du riz moderne de 30TPD"},"content":{"rendered":"<p class=\"translation-block\">L'<strong>usine de d\u00e9corticage de riz de 30TPD<\/strong> est g\u00e9n\u00e9ralement adapt\u00e9e aux moulins \u00e0 riz de taille moyenne \u00e0 grande ou aux usines de transformation pour r\u00e9pondre \u00e0 la demande du march\u00e9 pour le riz blanc comestible. Il existe diff\u00e9rentes capacit\u00e9s et configurations d'\u00e9quipements de mouture de riz parmi lesquelles choisir, que vous pouvez consulter en cliquant sur cette page : <strong><a href=\"https:\/\/www.agriculture-machine.com\/fr\/rice-mill-category\/\">https:\/\/www.agriculture-machine.com\/rice-mill-category\/<\/a><\/strong>.<\/p>    <figure class=\"wp-block-image size-full\"><img loading=\"lazy\" decoding=\"async\" width=\"720\" height=\"540\" src=\"https:\/\/www.agriculture-machine.com\/wp-content\/uploads\/2023\/12\/complete-rice-hulling-and-milling-line.webp\" alt=\"ligne compl\u00e8te de d\u00e9corticage et de mouture de riz\" class=\"wp-image-15361\" srcset=\"https:\/\/www.agriculture-machine.com\/wp-content\/uploads\/2023\/12\/complete-rice-hulling-and-milling-line.webp 720w, https:\/\/www.agriculture-machine.com\/wp-content\/uploads\/2023\/12\/complete-rice-hulling-and-milling-line-360x270.webp 360w, https:\/\/www.agriculture-machine.com\/wp-content\/uploads\/2023\/12\/complete-rice-hulling-and-milling-line-240x180.webp 240w\" sizes=\"auto, (max-width: 720px) 100vw, 720px\" \/><figcaption class=\"wp-element-caption\">ligne compl\u00e8te de d\u00e9corticage et de mouture de riz<\/figcaption><\/figure>    <h2 class=\"wp-block-heading\">Composants principaux de l'\u00e9quipement de la ligne de d\u00e9corticage de riz de 30TPD<\/h2>    <p class=\"translation-block\">La configuration ci-dessous est relativement simple, avec un flux de travail allant de gauche \u00e0 droite, comprenant un d\u00e9grainant, un d\u00e9cortiqueur, un classificateur gravitaire, un moulin \u00e0 riz, un second moulin \u00e0 riz, plus un s\u00e9parateur de riz blanc. Cela ressemble \u00e0 la ligne \u00e9tendue de 15 tonnes par jour (<a href=\"https:\/\/www.agriculture-machine.com\/fr\/rice-mill-production-line\/\"><strong>Ligne de production de riz de 15TPD avec polisseur et s\u00e9parateur de riz blanc<\/strong><\/a>), sauf que chaque machine a \u00e9t\u00e9 agrandie.<\/p>    <p>Bien s\u00fbr, selon vos besoins, vous pouvez \u00e9galement ajouter un polisseur \u00e0 brumisation d'eau. Vous pouvez \u00e9galement continuer \u00e0 ajouter un tri de couleurs, des bacs, et des machines d'emballage ult\u00e9rieurement.<\/p>    <figure class=\"wp-block-image size-full\"><img loading=\"lazy\" decoding=\"async\" width=\"720\" height=\"540\" src=\"https:\/\/www.agriculture-machine.com\/wp-content\/uploads\/2023\/12\/rice-hulling-plant-for-sale.webp\" alt=\"usine de d\u00e9corticage de riz \u00e0 vendre\" class=\"wp-image-15357\" srcset=\"https:\/\/www.agriculture-machine.com\/wp-content\/uploads\/2023\/12\/rice-hulling-plant-for-sale.webp 720w, https:\/\/www.agriculture-machine.com\/wp-content\/uploads\/2023\/12\/rice-hulling-plant-for-sale-360x270.webp 360w, https:\/\/www.agriculture-machine.com\/wp-content\/uploads\/2023\/12\/rice-hulling-plant-for-sale-240x180.webp 240w\" sizes=\"auto, (max-width: 720px) 100vw, 720px\" \/><\/figure>    <h2 class=\"wp-block-heading\">Ligne de traitement du riz de 30 tonnes\/jour, avantages \u00e9conomiques<\/h2>    <ol class=\"wp-block-list\"> <li><strong>Rendement \u00e9lev\u00e9 sur investissement :<\/strong> Parce que cette usine de d\u00e9corticage de riz poss\u00e8de une capacit\u00e9 de production tr\u00e8s efficace permettant une augmentation significative du rendement et donc un retour sur investissement plus rapide, les investisseurs peuvent s'attendre \u00e0 un rendement \u00e9lev\u00e9.<\/li>    <li><strong>Co\u00fbts de production r\u00e9duits :<\/strong> Le syst\u00e8me de contr\u00f4le automatique permet une production intelligente, ce qui r\u00e9duit le gaspillage lors de l'exploitation et r\u00e9duit efficacement les co\u00fbts de main-d'\u0153uvre et la consommation d'\u00e9nergie.<\/li>    <li><strong>Am\u00e9lioration du rendement et de l'efficacit\u00e9 :<\/strong> More raw materials can be processed efficiently. This is essential for coping with fluctuations in market demand, handling large orders, and improving the company&#8217;s resilience.<\/li>    <li><strong>Forte comp\u00e9titivit\u00e9 sur le march\u00e9 :<\/strong> Gr\u00e2ce \u00e0 la capacit\u00e9 de production efficace et \u00e0 la qualit\u00e9 sup\u00e9rieure du produit, les investisseurs peuvent occuper une position favorable sur le march\u00e9. Cela peut \u00e9tablir une bonne image de marque pour l'entreprise, augmenter la part de march\u00e9, et attirer plus de clients.<\/li> <\/ol>    <figure class=\"wp-block-image size-full\"><img loading=\"lazy\" decoding=\"async\" width=\"720\" height=\"540\" src=\"https:\/\/www.agriculture-machine.com\/wp-content\/uploads\/2023\/12\/rice-hulling-plant-factory.webp\" alt=\"usine de d\u00e9corticage de riz\" class=\"wp-image-15359\" srcset=\"https:\/\/www.agriculture-machine.com\/wp-content\/uploads\/2023\/12\/rice-hulling-plant-factory.webp 720w, https:\/\/www.agriculture-machine.com\/wp-content\/uploads\/2023\/12\/rice-hulling-plant-factory-360x270.webp 360w, https:\/\/www.agriculture-machine.com\/wp-content\/uploads\/2023\/12\/rice-hulling-plant-factory-240x180.webp 240w\" sizes=\"auto, (max-width: 720px) 100vw, 720px\" \/><figcaption class=\"wp-element-caption\">usine de d\u00e9corticage de riz<\/figcaption><\/figure>    <h2 class=\"wp-block-heading\">Principes fondamentaux du mouture de riz<\/h2>    <p>Le riz brun a une couche de peau relativement lisse et dure qui a un certain lien avec l'endosperme, donc l'\u00e9limination de cette couche n\u00e9cessite une force externe pour briser ce lien. <\/p>    <p>Actuellement souvent utilis\u00e9 dans diverses usines de riz, il s'agit de l'utilisation des composants de la chambre de mouture du riz et de la force m\u00e9canique g\u00e9n\u00e9r\u00e9e entre les grains de riz et le frottement de collision entre les grains de riz pour transformer le riz brun en riz blanc.<\/p>    <figure class=\"wp-block-image size-full\"><img loading=\"lazy\" decoding=\"async\" width=\"720\" height=\"540\" src=\"https:\/\/www.agriculture-machine.com\/wp-content\/uploads\/2023\/12\/paddy-processing-line-machines.webp\" alt=\"machines de ligne de traitement du paddy\" class=\"wp-image-15360\" srcset=\"https:\/\/www.agriculture-machine.com\/wp-content\/uploads\/2023\/12\/paddy-processing-line-machines.webp 720w, https:\/\/www.agriculture-machine.com\/wp-content\/uploads\/2023\/12\/paddy-processing-line-machines-360x270.webp 360w, https:\/\/www.agriculture-machine.com\/wp-content\/uploads\/2023\/12\/paddy-processing-line-machines-240x180.webp 240w\" sizes=\"auto, (max-width: 720px) 100vw, 720px\" \/><figcaption class=\"wp-element-caption\">Machines de ligne de traitement du riz paddy<\/figcaption><\/figure>    <h2 class=\"wp-block-heading\">Assurance qualit\u00e9 du produit<\/h2>    <ul class=\"wp-block-list\" start=\"3\"> <li><strong>Syst\u00e8me de tri efficace:<\/strong> La technologie de tri de couleurs de pointe peut \u00eatre adopt\u00e9e, ce qui permet de filtrer efficacement les mat\u00e9riaux \u00e9trangers et les produits inf\u00e9rieurs pour garantir la puret\u00e9 et la qualit\u00e9 des produits finaux.<\/li>    <li><strong>S\u00e9lection de mat\u00e9riaux de haute qualit\u00e9 :<\/strong> Les pi\u00e8ces cl\u00e9s et mat\u00e9riaux sont soigneusement s\u00e9lectionn\u00e9s pour assurer une bonne r\u00e9sistance \u00e0 l'usure, la stabilit\u00e9 et la r\u00e9sistance \u00e0 la corrosion, ce qui prolonge la dur\u00e9e de vie de l'\u00e9quipement de l'usine de d\u00e9corticage de riz.<\/li>    <li><strong>Processus d'inspection de qualit\u00e9 strict :<\/strong> Des points de contr\u00f4le de qualit\u00e9 stricts sont mis en place lors du processus de production pour garantir que chaque produit r\u00e9pond aux normes \u00e9lev\u00e9es de qualit\u00e9 \u00e0 travers plusieurs cycles de tests multidimensionnels.<\/li>    <li><strong>Support apr\u00e8s-vente :<\/strong> Nous fournissons un service apr\u00e8s-vente complet, y compris la formation, la maintenance, la mise \u00e0 niveau, etc., pour garantir que les clients puissent obtenir un support en temps voulu pendant l'utilisation et maintenir l'\u00e9quipement en bon \u00e9tat de fonctionnement.<\/li> <\/ul>    <figure class=\"wp-block-image size-full\"><img loading=\"lazy\" decoding=\"async\" width=\"720\" height=\"540\" src=\"https:\/\/www.agriculture-machine.com\/wp-content\/uploads\/2023\/12\/25-30TPD-rice-hulling-plant-drawing.webp\" alt=\"Plan de l&#039;usine de d\u00e9corticage de riz de 25-30TPD\" class=\"wp-image-15358\" srcset=\"https:\/\/www.agriculture-machine.com\/wp-content\/uploads\/2023\/12\/25-30TPD-rice-hulling-plant-drawing.webp 720w, https:\/\/www.agriculture-machine.com\/wp-content\/uploads\/2023\/12\/25-30TPD-rice-hulling-plant-drawing-360x270.webp 360w, https:\/\/www.agriculture-machine.com\/wp-content\/uploads\/2023\/12\/25-30TPD-rice-hulling-plant-drawing-240x180.webp 240w\" sizes=\"auto, (max-width: 720px) 100vw, 720px\" \/><figcaption class=\"wp-element-caption\">Plan de l'usine de d\u00e9corticage de riz de 25-30TPD<\/figcaption><\/figure>    <h2 class=\"wp-block-heading\">Cas de r\u00e9ussite<\/h2>    <p>Notre ligne de production de d\u00e9corticage de riz a \u00e9t\u00e9 envoy\u00e9e au Nigeria, au Togo, aux Philippines, au Ghana, au Malawi, en Iran, en Inde, et dans d'autres pays. Voici quelques cas remarquables :<\/p>    <ol class=\"wp-block-list\"> <li>Une usine de riz indon\u00e9sienne a introduit notre usine de d\u00e9corticage de riz de 30TPD, augmentant consid\u00e9rablement sa capacit\u00e9 de production. Elle a signal\u00e9 une augmentation de 30 % de la production et une am\u00e9lioration significative de la qualit\u00e9 du produit apr\u00e8s la mise en service de l'\u00e9quipement.<\/li>    <li>Un petit exploitant agricole au Bangladesh a automatis\u00e9 avec succ\u00e8s le processus de mouture de riz en utilisant notre ligne de production. Cela am\u00e9liore non seulement l'efficacit\u00e9 de la production mais ouvre aussi un march\u00e9 plus large pour ses produits.<\/li>    <li>Une usine de riz vietnamienne a adopt\u00e9 notre unit\u00e9 et a r\u00e9ussi \u00e0 am\u00e9liorer la qualit\u00e9 du riz gr\u00e2ce \u00e0 une technologie avanc\u00e9e de tri de couleurs. Cela leur a permis d'\u00e9tablir leur image de marque sur un march\u00e9 concurrentiel.<\/li> <\/ol>    <p>Quelle que soit votre besoin, n'h\u00e9sitez pas \u00e0 nous contacter et \u00e0 nous le faire savoir. Nos responsables commerciaux seront heureux de vous aider avec la solution la plus appropri\u00e9e et \u00e9conomique.<\/p>","protected":false},"excerpt":{"rendered":"<p>The 30TPD Rice Hulling Plant is usually suitable for medium to large-scale rice mills or processing plants to meet the market demand for edible white rice. There are various tonnages and configurations of rice milling equipment to choose from, which you can view by clicking on this page: https:\/\/www.agriculture-machine.com\/rice-mill-category\/. 30TPD Rice Hulling Plant Main Equipment [&hellip;]<\/p>\n","protected":false},"author":1,"featured_media":15399,"parent":0,"comment_status":"closed","ping_status":"closed","template":"","tags":[796],"product-type":[875,906],"class_list":["post-15356","product","type-product","status-publish","has-post-thumbnail","hentry","tag-rice","product-type-rice-mill-category","product-type-rice-mill-production-line"],"_links":{"self":[{"href":"https:\/\/www.agriculture-machine.com\/fr\/wp-json\/wp\/v2\/product\/15356","targetHints":{"allow":["GET"]}}],"collection":[{"href":"https:\/\/www.agriculture-machine.com\/fr\/wp-json\/wp\/v2\/product"}],"about":[{"href":"https:\/\/www.agriculture-machine.com\/fr\/wp-json\/wp\/v2\/types\/product"}],"author":[{"embeddable":true,"href":"https:\/\/www.agriculture-machine.com\/fr\/wp-json\/wp\/v2\/users\/1"}],"replies":[{"embeddable":true,"href":"https:\/\/www.agriculture-machine.com\/fr\/wp-json\/wp\/v2\/comments?post=15356"}],"wp:featuredmedia":[{"embeddable":true,"href":"https:\/\/www.agriculture-machine.com\/fr\/wp-json\/wp\/v2\/media\/15399"}],"wp:attachment":[{"href":"https:\/\/www.agriculture-machine.com\/fr\/wp-json\/wp\/v2\/media?parent=15356"}],"wp:term":[{"taxonomy":"post_tag","embeddable":true,"href":"https:\/\/www.agriculture-machine.com\/fr\/wp-json\/wp\/v2\/tags?post=15356"},{"taxonomy":"product-type","embeddable":true,"href":"https:\/\/www.agriculture-machine.com\/fr\/wp-json\/wp\/v2\/product-type?post=15356"}],"curies":[{"name":"wp","href":"https:\/\/api.w.org\/{rel}","templated":true}]}}