{"id":15370,"date":"2023-12-07T13:37:51","date_gmt":"2023-12-07T05:37:51","guid":{"rendered":"https:\/\/www.agriculture-machine.com\/?post_type=product&#038;p=15370"},"modified":"2024-09-18T15:45:01","modified_gmt":"2024-09-18T07:45:01","slug":"40ton-paddy-husking-and-milling-line","status":"publish","type":"product","link":"https:\/\/www.agriculture-machine.com\/fr\/40ton-paddy-husking-and-milling-line\/","title":{"rendered":"Ligne automatis\u00e9e de d\u00e9corticage et de mouture de paddy de 40 tonnes\/jour"},"content":{"rendered":"<p class=\"translation-block\">Taizy&#8217;s 30 tons per day output paddy husking and milling line is a set of highly efficient automated rice processing systems. The line includes a storage bin, water polishing, color sorting, and <strong><a href=\"https:\/\/www.agriculture-machine.com\/fr\/rice-milling-plant-machine\/\">necessary essential infrastructure equipment<\/a><\/strong>, providing an integrated solution for farmers and rice processors, and reliable support for the modernization of the agricultural production chain.<\/p>    <figure class=\"wp-block-image size-full\"><img loading=\"lazy\" decoding=\"async\" width=\"720\" height=\"540\" src=\"https:\/\/www.agriculture-machine.com\/wp-content\/uploads\/2023\/12\/paddy-husking-and-milling-line-machines.webp\" alt=\"machines de ligne de d\u00e9corticage et de mouture de paddy\" class=\"wp-image-15373\" srcset=\"https:\/\/www.agriculture-machine.com\/wp-content\/uploads\/2023\/12\/paddy-husking-and-milling-line-machines.webp 720w, https:\/\/www.agriculture-machine.com\/wp-content\/uploads\/2023\/12\/paddy-husking-and-milling-line-machines-360x270.webp 360w, https:\/\/www.agriculture-machine.com\/wp-content\/uploads\/2023\/12\/paddy-husking-and-milling-line-machines-240x180.webp 240w\" sizes=\"auto, (max-width: 720px) 100vw, 720px\" \/><figcaption class=\"wp-element-caption\">machines de ligne de d\u00e9corticage et de mouture de paddy<\/figcaption><\/figure>    <h2 class=\"wp-block-heading\">Structure de la ligne de d\u00e9corticage et de mouture de paddy 40TPD<\/h2>    <p>La ligne va de droite \u00e0 gauche, en commen\u00e7ant par une machine de pr\u00e9-nettoyage, suivie d\u2019une machine de d\u00e9tonnage (\u00e9galement disponible en tant que machine de nettoyage et de d\u00e9tonnage compl\u00e8te), puis le d\u00e9cortiqueur, le classificateur gravitaire avec trois passages de riz (ou vous pouvez utiliser seulement deux moulins), suivi d\u2019un silo et d\u2019un polisseur \u00e0 l\u2019eau, tri de couleurs, emballage sous vide, et une machine d\u2019emballage. De plus, vous utiliserez un r\u00e9servoir de d\u00e9gazage et un compresseur d\u2019air.<\/p>    <figure class=\"wp-block-image size-full\"><img loading=\"lazy\" decoding=\"async\" width=\"720\" height=\"540\" src=\"https:\/\/www.agriculture-machine.com\/wp-content\/uploads\/2023\/12\/rice-mill-machine-production-line.webp\" alt=\"ligne de production de machines de mouture de riz\" class=\"wp-image-15371\" srcset=\"https:\/\/www.agriculture-machine.com\/wp-content\/uploads\/2023\/12\/rice-mill-machine-production-line.webp 720w, https:\/\/www.agriculture-machine.com\/wp-content\/uploads\/2023\/12\/rice-mill-machine-production-line-360x270.webp 360w, https:\/\/www.agriculture-machine.com\/wp-content\/uploads\/2023\/12\/rice-mill-machine-production-line-240x180.webp 240w\" sizes=\"auto, (max-width: 720px) 100vw, 720px\" \/><figcaption class=\"wp-element-caption\">ligne de production de machines de mouture de riz<\/figcaption><\/figure>    <h2 class=\"wp-block-heading\"><strong>Humidit\u00e9 optimale du riz paddy pour le broyage<\/strong><\/h2>    <ul class=\"wp-block-list\"> <li>L\u2019humidit\u00e9 optimale du riz paddy doit \u00eatre de 14,5 %, et le taux de cassure du riz doit \u00eatre d\u2019environ 2 % lors du processus de mouture.<\/li>    <li>Inf\u00e9rieur \u00e0 14,5 %, le taux de casse sera plus \u00e9lev\u00e9.<\/li>    <li>Higher than 14.5%, the breakage rate will be higher, and part of the paddy husk and bran will be blocked inside the machine, affecting the machine&#8217;s normal running, even motor burns.<\/li> <\/ul>    <figure class=\"wp-block-image size-full\"><img loading=\"lazy\" decoding=\"async\" width=\"720\" height=\"540\" src=\"https:\/\/www.agriculture-machine.com\/wp-content\/uploads\/2023\/12\/automatic-white-rice-processing-equipment.webp\" alt=\"\u00c9quipement automatique de traitement du riz blanc\" class=\"wp-image-15375\" srcset=\"https:\/\/www.agriculture-machine.com\/wp-content\/uploads\/2023\/12\/automatic-white-rice-processing-equipment.webp 720w, https:\/\/www.agriculture-machine.com\/wp-content\/uploads\/2023\/12\/automatic-white-rice-processing-equipment-360x270.webp 360w, https:\/\/www.agriculture-machine.com\/wp-content\/uploads\/2023\/12\/automatic-white-rice-processing-equipment-240x180.webp 240w\" sizes=\"auto, (max-width: 720px) 100vw, 720px\" \/><figcaption class=\"wp-element-caption\">\u00c9quipement automatique de traitement du riz blanc<\/figcaption><\/figure>    <h2 class=\"wp-block-heading\">Utilisations des plateformes en cadre d\u2019acier<\/h2>    <ul class=\"wp-block-list\"> <li>La plateforme inf\u00e9rieure est utilis\u00e9e pour mettre tous les machines de la ligne de d\u00e9corticage et de mouture de paddy au m\u00eame niveau pour assurer leur bon fonctionnement ensemble.<\/li>    <li>La plateforme sup\u00e9rieure est utilis\u00e9e pour v\u00e9rifier et r\u00e9parer les \u00e9l\u00e9vateurs.<\/li>    <li>Si vous pouvez construire la plateforme en ciment vous-m\u00eame, vous pouvez la retirer et r\u00e9duire le prix associ\u00e9.<\/li> <\/ul>    <h2 class=\"wp-block-heading\">Cas de r\u00e9ussite de la ligne de d\u00e9corticage et de mouture de paddy<\/h2>    <p>Our company&#8217;s rice milling unit production line has achieved remarkable success, not only recognized in the domestic market but also frequent transactions worldwide, involving more than ten countries including but not limited to Saudi Arabia, Vietnam, India, Pakistan, Bangladesh, Thailand, Nigeria, Kenya, Egypt, Brazil, Peru, and other countries.<\/p>    <figure class=\"wp-block-image size-full\"><img loading=\"lazy\" decoding=\"async\" width=\"720\" height=\"540\" src=\"https:\/\/www.agriculture-machine.com\/wp-content\/uploads\/2023\/12\/rice-milling-whitening-plant.webp\" alt=\"Usine de blanchiment de mouture de riz\" class=\"wp-image-15376\" srcset=\"https:\/\/www.agriculture-machine.com\/wp-content\/uploads\/2023\/12\/rice-milling-whitening-plant.webp 720w, https:\/\/www.agriculture-machine.com\/wp-content\/uploads\/2023\/12\/rice-milling-whitening-plant-360x270.webp 360w, https:\/\/www.agriculture-machine.com\/wp-content\/uploads\/2023\/12\/rice-milling-whitening-plant-240x180.webp 240w\" sizes=\"auto, (max-width: 720px) 100vw, 720px\" \/><figcaption class=\"wp-element-caption\">Usine de blanchiment de mouture de riz<\/figcaption><\/figure>    <p>La ligne de production est \u00e9quip\u00e9e d\u2019un syst\u00e8me de contr\u00f4le intelligent, facile \u00e0 utiliser, r\u00e9duit le co\u00fbt de la main-d'\u0153uvre et am\u00e9liore l\u2019efficacit\u00e9 de la production. De plus, apr\u00e8s une conception soign\u00e9e, elle se caract\u00e9rise par une forte stabilit\u00e9 et une grande durabilit\u00e9, ce qui r\u00e9duit efficacement le co\u00fbt de maintenance de l\u2019\u00e9quipement et prolonge sa dur\u00e9e de vie. Ces avantages font que notre ligne de production de mouture de riz se d\u00e9marque sur le march\u00e9 et est tr\u00e8s appr\u00e9ci\u00e9e par les clients.<\/p>    <figure class=\"wp-block-image size-full\"><img loading=\"lazy\" decoding=\"async\" width=\"720\" height=\"540\" src=\"https:\/\/www.agriculture-machine.com\/wp-content\/uploads\/2023\/12\/40TPD-rice-husking-and-milling-line.webp\" alt=\"Ligne de d\u00e9corticage et de mouture de riz 40TPD\" class=\"wp-image-15377\" srcset=\"https:\/\/www.agriculture-machine.com\/wp-content\/uploads\/2023\/12\/40TPD-rice-husking-and-milling-line.webp 720w, https:\/\/www.agriculture-machine.com\/wp-content\/uploads\/2023\/12\/40TPD-rice-husking-and-milling-line-360x270.webp 360w, https:\/\/www.agriculture-machine.com\/wp-content\/uploads\/2023\/12\/40TPD-rice-husking-and-milling-line-240x180.webp 240w\" sizes=\"auto, (max-width: 720px) 100vw, 720px\" \/><figcaption class=\"wp-element-caption\">Ligne de d\u00e9corticage et de mouture de riz 40TPD<\/figcaption><\/figure>    <h2 class=\"wp-block-heading\">Tri des sous-produits de la ligne de mouture de riz<\/h2>    <p>Le sous-produit obtenu de la ligne de d\u00e9corticage et de mouture de paddy et de la finition du produit fini est le m\u00e9lange de son et de thresh, qui contient non seulement du son de riz et du thresh de riz (grains d\u2019endosperme avec une taille de grain plus petite que celle du riz cass\u00e9 petit), mais aussi des grains de riz entiers en raison de la rupture du trou du tamis \u00e0 riz ou d\u2019une op\u00e9ration incorrecte, etc.<\/p>    <ul class=\"wp-block-list\"> <li>Le son de riz a une grande valeur \u00e9conomique, non seulement pour la production d\u2019huile de son de riz mais aussi pour l\u2019extraction de produits tels que le gluten, le phytate de calcium, etc., ainsi que pour la production d\u2019aliments pour animaux.<\/li>    <li>La composition chimique du thresh de riz est la m\u00eame que celle du riz entier, il peut donc \u00eatre utilis\u00e9 comme mati\u00e8re premi\u00e8re pour la fabrication de sucre et de vin.<\/li>    <li>Les grains de riz entier doivent \u00eatre renvoy\u00e9s \u00e0 la riziculture pour un broyage suppl\u00e9mentaire afin d\u2019obtenir un rendement plus \u00e9lev\u00e9.<\/li>    <li>Le riz cass\u00e9 peut \u00eatre utilis\u00e9 pour produire de la farine de riz riche en prot\u00e9ines, pour faire des boissons, du vin, et des porridges pratiques.<\/li> <\/ul>    <figure class=\"wp-block-image size-full\"><img loading=\"lazy\" decoding=\"async\" width=\"720\" height=\"540\" src=\"https:\/\/www.agriculture-machine.com\/wp-content\/uploads\/2023\/12\/white-rice-processing.webp\" alt=\"Transformation du riz blanc\" class=\"wp-image-15372\" srcset=\"https:\/\/www.agriculture-machine.com\/wp-content\/uploads\/2023\/12\/white-rice-processing.webp 720w, https:\/\/www.agriculture-machine.com\/wp-content\/uploads\/2023\/12\/white-rice-processing-360x270.webp 360w, https:\/\/www.agriculture-machine.com\/wp-content\/uploads\/2023\/12\/white-rice-processing-240x180.webp 240w\" sizes=\"auto, (max-width: 720px) 100vw, 720px\" \/><figcaption class=\"wp-element-caption\">Transformation du riz blanc<\/figcaption><\/figure>    <p>\u00c0 cette fin, il est n\u00e9cessaire de s\u00e9parer le son de riz, le thresh de riz, le riz cass\u00e9 et le riz entier un par un, pour en faire la meilleure utilisation, ce qui est appel\u00e9 tri de sous-produits.<\/p>    <p class=\"translation-block\">Si vous \u00eates int\u00e9ress\u00e9 par la technologie de traitement du riz blanc de la ligne de d\u00e9corticage et de mouture de paddy, bienvenue \u00e0 visiter cette page : <a href=\"https:\/\/www.agriculture-machine.com\/fr\/rice-mill-category\/\"><strong>https:\/\/www.agriculture-machine.com\/rice-mill-category\/<\/strong><\/a> pour voir plus de configurations, et vous pouvez toujours nous contacter, nous concevons le programme le plus adapt\u00e9 pour vous.<\/p>","protected":false},"excerpt":{"rendered":"<p>Taizy&#8217;s 30 tons per day output paddy husking and milling line is a set of highly efficient automated rice processing systems. The line includes a storage bin, water polishing, color sorting, and necessary essential infrastructure equipment, providing an integrated solution for farmers and rice processors, and reliable support for the modernization of the agricultural production [&hellip;]<\/p>\n","protected":false},"author":1,"featured_media":15398,"parent":0,"comment_status":"closed","ping_status":"closed","template":"","tags":[796],"product-type":[875,906],"class_list":["post-15370","product","type-product","status-publish","has-post-thumbnail","hentry","tag-rice","product-type-rice-mill-category","product-type-rice-mill-production-line"],"_links":{"self":[{"href":"https:\/\/www.agriculture-machine.com\/fr\/wp-json\/wp\/v2\/product\/15370","targetHints":{"allow":["GET"]}}],"collection":[{"href":"https:\/\/www.agriculture-machine.com\/fr\/wp-json\/wp\/v2\/product"}],"about":[{"href":"https:\/\/www.agriculture-machine.com\/fr\/wp-json\/wp\/v2\/types\/product"}],"author":[{"embeddable":true,"href":"https:\/\/www.agriculture-machine.com\/fr\/wp-json\/wp\/v2\/users\/1"}],"replies":[{"embeddable":true,"href":"https:\/\/www.agriculture-machine.com\/fr\/wp-json\/wp\/v2\/comments?post=15370"}],"wp:featuredmedia":[{"embeddable":true,"href":"https:\/\/www.agriculture-machine.com\/fr\/wp-json\/wp\/v2\/media\/15398"}],"wp:attachment":[{"href":"https:\/\/www.agriculture-machine.com\/fr\/wp-json\/wp\/v2\/media?parent=15370"}],"wp:term":[{"taxonomy":"post_tag","embeddable":true,"href":"https:\/\/www.agriculture-machine.com\/fr\/wp-json\/wp\/v2\/tags?post=15370"},{"taxonomy":"product-type","embeddable":true,"href":"https:\/\/www.agriculture-machine.com\/fr\/wp-json\/wp\/v2\/product-type?post=15370"}],"curies":[{"name":"wp","href":"https:\/\/api.w.org\/{rel}","templated":true}]}}