{"id":15378,"date":"2023-12-08T15:22:17","date_gmt":"2023-12-08T07:22:17","guid":{"rendered":"https:\/\/www.agriculture-machine.com\/?post_type=product&#038;p=15378"},"modified":"2024-09-18T15:45:09","modified_gmt":"2024-09-18T07:45:09","slug":"60tpd-rice-processing-unit","status":"publish","type":"product","link":"https:\/\/www.agriculture-machine.com\/fr\/60tpd-rice-processing-unit\/","title":{"rendered":"Unit\u00e9 compl\u00e8te de traitement du riz de 50-60 tonnes par jour"},"content":{"rendered":"<p>Cette ligne de production de traitement du riz est con\u00e7ue pour traiter 50-60 tonnes de paddy par jour, garantissant un rendement \u00e9lev\u00e9 et une qualit\u00e9 optimale du riz, et convient aux grandes usines de riz ou aux entreprises de traitement des grains.<\/p>    <p>Cette ligne de production peut \u00eatre personnalis\u00e9e avec diff\u00e9rentes configurations selon les besoins de l'utilisateur. Elle am\u00e9liore non seulement l'efficacit\u00e9 de la production de riz, mais r\u00e9alise \u00e9galement des \u00e9conomies de co\u00fbts consid\u00e9rables, offrant aux producteurs de riz une solution de production fiable, efficace et avanc\u00e9e.<\/p>    <figure class=\"wp-block-image size-full\"><img loading=\"lazy\" decoding=\"async\" width=\"720\" height=\"540\" src=\"https:\/\/www.agriculture-machine.com\/wp-content\/uploads\/2023\/12\/60TPD-rice-processing-unit.webp\" alt=\"Unit\u00e9 de traitement du riz 60TPD\" class=\"wp-image-15380\" srcset=\"https:\/\/www.agriculture-machine.com\/wp-content\/uploads\/2023\/12\/60TPD-rice-processing-unit.webp 720w, https:\/\/www.agriculture-machine.com\/wp-content\/uploads\/2023\/12\/60TPD-rice-processing-unit-360x270.webp 360w, https:\/\/www.agriculture-machine.com\/wp-content\/uploads\/2023\/12\/60TPD-rice-processing-unit-240x180.webp 240w\" sizes=\"auto, (max-width: 720px) 100vw, 720px\" \/><figcaption class=\"wp-element-caption\">Unit\u00e9 de traitement du riz 60TPD<\/figcaption><\/figure>    <h2 class=\"wp-block-heading\">Structure principale de l'unit\u00e9 de traitement du riz 60TPD<\/h2>    <p class=\"translation-block\">Les composants de cette ligne sont indiqu\u00e9s ci-dessous. Il est important de noter que dans une <strong><a href=\"https:\/\/www.agriculture-machine.com\/fr\/40ton-paddy-husking-and-milling-line\/\">ligne de production d'une capacit\u00e9 de 40 tonnes par jour<\/a><\/strong>, 2 ou 3 moulins \u00e0 riz peuvent \u00eatre utilis\u00e9s, mais dans ce cas avec une capacit\u00e9 de 50-60 tonnes, trois moulins doivent \u00eatre utilis\u00e9s.<\/p>    <figure class=\"wp-block-image size-full\"><img loading=\"lazy\" decoding=\"async\" width=\"720\" height=\"540\" src=\"https:\/\/www.agriculture-machine.com\/wp-content\/uploads\/2023\/12\/rice-processing-equipment.webp\" alt=\"\u00c9quipement de traitement du riz\" class=\"wp-image-15381\" srcset=\"https:\/\/www.agriculture-machine.com\/wp-content\/uploads\/2023\/12\/rice-processing-equipment.webp 720w, https:\/\/www.agriculture-machine.com\/wp-content\/uploads\/2023\/12\/rice-processing-equipment-360x270.webp 360w, https:\/\/www.agriculture-machine.com\/wp-content\/uploads\/2023\/12\/rice-processing-equipment-240x180.webp 240w\" sizes=\"auto, (max-width: 720px) 100vw, 720px\" \/><figcaption class=\"wp-element-caption\">\u00c9quipement de traitement du riz<\/figcaption><\/figure>    <h2 class=\"wp-block-heading\">Objectifs et exigences du broyage du riz<\/h2>    <p class=\"translation-block\">Le broyage du riz occupe une place importante dans l'ensemble du <strong><a href=\"https:\/\/www.agriculture-machine.com\/fr\/rice-milling-plant-machine\/\">processus de fabrication du riz blanc<\/a><\/strong>, qui est le processus le plus important du traitement du riz, et aussi une \u00e9tape essentielle pour garantir la qualit\u00e9 du riz, am\u00e9liorer le rendement du riz, et r\u00e9duire la consommation d'\u00e9nergie.<\/p>    <ul class=\"wp-block-list\"> <li>La couche superficielle du riz brun contient beaucoup de fibres brutes, ce qui n'est pas facile \u00e0 dig\u00e9rer pour le corps humain ; de plus, le riz brun n'absorbe pas facilement l'eau et ne gonfle pas, ce qui augmente le temps de cuisson, r\u00e9duit le taux de riz, et la couleur est sombre, la viscosit\u00e9 est faible, le go\u00fbt est mauvais. Par cons\u00e9quent, le riz brun doit \u00eatre d\u00e9barrass\u00e9 de sa peau par l'unit\u00e9 de traitement du riz.<\/li>    <li>Le degr\u00e9 d'\u00e9pluchage du riz brun d\u00e9termine la pr\u00e9cision du riz. Plus la peau est enlev\u00e9e du riz brun, plus la riz\u00e9e finie sera pr\u00e9cise, bien que cela entra\u00eene une perte plus importante de nutriments. En plus des diff\u00e9rents degr\u00e9s de r\u00e9tention de la peau, il existe d'autres indicateurs diff\u00e9rents, tels que la pr\u00e9sence d'impuret\u00e9s, de grains cass\u00e9s, etc.<\/li> <\/ul>    <figure class=\"wp-block-image size-full\"><img loading=\"lazy\" decoding=\"async\" width=\"720\" height=\"540\" src=\"https:\/\/www.agriculture-machine.com\/wp-content\/uploads\/2023\/12\/grain-processing-and-rice-polishing-machine.webp\" alt=\"Machine de traitement et de polissage du riz\" class=\"wp-image-15382\" srcset=\"https:\/\/www.agriculture-machine.com\/wp-content\/uploads\/2023\/12\/grain-processing-and-rice-polishing-machine.webp 720w, https:\/\/www.agriculture-machine.com\/wp-content\/uploads\/2023\/12\/grain-processing-and-rice-polishing-machine-360x270.webp 360w, https:\/\/www.agriculture-machine.com\/wp-content\/uploads\/2023\/12\/grain-processing-and-rice-polishing-machine-240x180.webp 240w\" sizes=\"auto, (max-width: 720px) 100vw, 720px\" \/><figcaption class=\"wp-element-caption\">Machine de traitement et de polissage du riz<\/figcaption><\/figure>    <p>Dans l'unit\u00e9 de traitement du riz brun, notre machine peut atteindre un riz fini conforme aux normes de qualit\u00e9 prescrites tout en maintenant l'int\u00e9grit\u00e9 du grain de riz, en r\u00e9duisant le riz cass\u00e9, en am\u00e9liorant la r\u00e9sistance du riz, en r\u00e9duisant les co\u00fbts, et en garantissant la s\u00e9curit\u00e9 de la production.<\/p>    <h2 class=\"wp-block-heading\">Produit fini de la moulinette commerciale combin\u00e9e du riz<\/h2>    <ul class=\"wp-block-list\"> <li>Apr\u00e8s que la machine de mouture du riz ait moul\u00e9 le riz blanc, m\u00e9lang\u00e9 avec de la balle et du riz cass\u00e9, la temp\u00e9rature du riz \u00e9tant relativement \u00e9lev\u00e9e, cela affecte non seulement la qualit\u00e9 du produit fini mais n'est pas non plus favorable au stockage du riz.<\/li>    <li>Par cons\u00e9quent, le riz blanc hors machine dans le produit fini avant l'emballage doit \u00eatre tri\u00e9, afin que le riz fini contienne de la balle, avec un taux de cassure conforme aux exigences standard, de mani\u00e8re \u00e0 ce que la temp\u00e9rature du riz baisse dans la plage de stockage, mais aussi conform\u00e9ment aux dispositions nationales concernant la norme de cassure du produit fini.<\/li>    <li>In addition, the people&#8217;s standard of living has been improved, and high taste and high-quality rice is gradually favored by consumers so that the rice can be surface treated so that it is crystal clear.<\/li>    <li>Peut \u00e9galement contenir la couleur du grain de riz (principalement le riz jaune, c'est-\u00e0-dire que l'endosperme est jaune, et la couleur normale du grain de riz est diff\u00e9rente de celle du grain de riz) pour l'enlever, afin d'am\u00e9liorer sa valeur commerciale et la qualit\u00e9 de l'aliment.<\/li> <\/ul>    <figure class=\"wp-block-image size-full\"><img loading=\"lazy\" decoding=\"async\" width=\"720\" height=\"540\" src=\"https:\/\/www.agriculture-machine.com\/wp-content\/uploads\/2023\/12\/grain-paddy-rice-processing-unit.webp\" alt=\"Unit\u00e9 de traitement du riz paddy grain\" class=\"wp-image-15384\" srcset=\"https:\/\/www.agriculture-machine.com\/wp-content\/uploads\/2023\/12\/grain-paddy-rice-processing-unit.webp 720w, https:\/\/www.agriculture-machine.com\/wp-content\/uploads\/2023\/12\/grain-paddy-rice-processing-unit-360x270.webp 360w, https:\/\/www.agriculture-machine.com\/wp-content\/uploads\/2023\/12\/grain-paddy-rice-processing-unit-240x180.webp 240w\" sizes=\"auto, (max-width: 720px) 100vw, 720px\" \/><figcaption class=\"wp-element-caption\">Unit\u00e9 de traitement du riz paddy grain<\/figcaption><\/figure>    <h2 class=\"wp-block-heading\">Service apr\u00e8s-vente et installation<\/h2>    <ul class=\"wp-block-list\"> <li>Nous pouvons concevoir des plans d'installation selon votre site de traitement, etc., et assurer un service d'installation sur site rapide et pr\u00e9cis apr\u00e8s l'achat de nos unit\u00e9s de traitement du riz.<\/li>    <li>De plus, nous proposons une formation compl\u00e8te pour garantir que nos clients comprennent comment utiliser et entretenir correctement l'\u00e9quipement.<\/li>    <li>Notre \u00e9quipe de service apr\u00e8s-vente est toujours en alerte pour assurer une r\u00e9ponse rapide aux probl\u00e8mes rencontr\u00e9s lors du fonctionnement de l'\u00e9quipement et fournir un support \u00e0 distance ou un service sur site.<\/li> <\/ul>    <figure class=\"wp-block-image size-full\"><img loading=\"lazy\" decoding=\"async\" width=\"720\" height=\"540\" src=\"https:\/\/www.agriculture-machine.com\/wp-content\/uploads\/2023\/12\/60TPD-rice-processing-unit-drawing.webp\" alt=\"Plan de l&#039;unit\u00e9 de traitement du riz de 60TPD\" class=\"wp-image-15383\" srcset=\"https:\/\/www.agriculture-machine.com\/wp-content\/uploads\/2023\/12\/60TPD-rice-processing-unit-drawing.webp 720w, https:\/\/www.agriculture-machine.com\/wp-content\/uploads\/2023\/12\/60TPD-rice-processing-unit-drawing-360x270.webp 360w, https:\/\/www.agriculture-machine.com\/wp-content\/uploads\/2023\/12\/60TPD-rice-processing-unit-drawing-240x180.webp 240w\" sizes=\"auto, (max-width: 720px) 100vw, 720px\" \/><figcaption class=\"wp-element-caption\">Plan de l'unit\u00e9 de traitement du riz de 60TPD<\/figcaption><\/figure>    <p>Enfin, nous pouvons \u00e9galement concevoir et produire une unit\u00e9 de traitement du riz d'une capacit\u00e9 de 100 tonnes par jour, comme illustr\u00e9 ci-dessous \u00e0 titre de r\u00e9f\u00e9rence :<\/p>    <figure class=\"wp-block-image size-full\"><img loading=\"lazy\" decoding=\"async\" width=\"720\" height=\"540\" src=\"https:\/\/www.agriculture-machine.com\/wp-content\/uploads\/2023\/12\/paddy-rice-milling-plant-drawing.webp\" alt=\"Plan de l&#039;usine de mouture du riz paddy\" class=\"wp-image-15385\" srcset=\"https:\/\/www.agriculture-machine.com\/wp-content\/uploads\/2023\/12\/paddy-rice-milling-plant-drawing.webp 720w, https:\/\/www.agriculture-machine.com\/wp-content\/uploads\/2023\/12\/paddy-rice-milling-plant-drawing-360x270.webp 360w, https:\/\/www.agriculture-machine.com\/wp-content\/uploads\/2023\/12\/paddy-rice-milling-plant-drawing-240x180.webp 240w\" sizes=\"auto, (max-width: 720px) 100vw, 720px\" \/><figcaption class=\"wp-element-caption\">Plan de l'usine de mouture du riz paddy<\/figcaption><\/figure>    <p>Bienvenue sur ce site pour d\u00e9couvrir diff\u00e9rentes configurations et productions de traitement du riz, et vous pouvez toujours nous contacter pour plus d'informations sur les param\u00e8tres et les devis.<\/p>","protected":false},"excerpt":{"rendered":"<p>This rice processing unit production line is uniquely designed to handle 50-60 tons of paddy per day, ensuring high yield and quality of rice, and is suitable for large-scale rice mills or grain processing enterprises. This production line can be customized with different configurations according to user needs. It not only improves rice production efficiency [&hellip;]<\/p>\n","protected":false},"author":1,"featured_media":15379,"parent":0,"comment_status":"closed","ping_status":"closed","template":"","tags":[796],"product-type":[875,906],"class_list":["post-15378","product","type-product","status-publish","has-post-thumbnail","hentry","tag-rice","product-type-rice-mill-category","product-type-rice-mill-production-line"],"_links":{"self":[{"href":"https:\/\/www.agriculture-machine.com\/fr\/wp-json\/wp\/v2\/product\/15378","targetHints":{"allow":["GET"]}}],"collection":[{"href":"https:\/\/www.agriculture-machine.com\/fr\/wp-json\/wp\/v2\/product"}],"about":[{"href":"https:\/\/www.agriculture-machine.com\/fr\/wp-json\/wp\/v2\/types\/product"}],"author":[{"embeddable":true,"href":"https:\/\/www.agriculture-machine.com\/fr\/wp-json\/wp\/v2\/users\/1"}],"replies":[{"embeddable":true,"href":"https:\/\/www.agriculture-machine.com\/fr\/wp-json\/wp\/v2\/comments?post=15378"}],"wp:featuredmedia":[{"embeddable":true,"href":"https:\/\/www.agriculture-machine.com\/fr\/wp-json\/wp\/v2\/media\/15379"}],"wp:attachment":[{"href":"https:\/\/www.agriculture-machine.com\/fr\/wp-json\/wp\/v2\/media?parent=15378"}],"wp:term":[{"taxonomy":"post_tag","embeddable":true,"href":"https:\/\/www.agriculture-machine.com\/fr\/wp-json\/wp\/v2\/tags?post=15378"},{"taxonomy":"product-type","embeddable":true,"href":"https:\/\/www.agriculture-machine.com\/fr\/wp-json\/wp\/v2\/product-type?post=15378"}],"curies":[{"name":"wp","href":"https:\/\/api.w.org\/{rel}","templated":true}]}}