{"id":15451,"date":"2023-12-25T15:05:47","date_gmt":"2023-12-25T07:05:47","guid":{"rendered":"https:\/\/www.agriculture-machine.com\/?post_type=product&#038;p=15451"},"modified":"2024-09-23T11:26:51","modified_gmt":"2024-09-23T03:26:51","slug":"corn-cleaner-machine","status":"publish","type":"product","link":"https:\/\/www.agriculture-machine.com\/fr\/corn-cleaner-machine\/","title":{"rendered":"\u00c9quipement de nettoyage de grains de ma\u00efs \u00e0 haute efficacit\u00e9 \u00e0 vendre"},"content":{"rendered":"<p class=\"translation-block\">La machine <strong>nettoyeur de grains<\/strong> est principalement utilis\u00e9e pour nettoyer le bl\u00e9, le ma\u00efs, le soja et autres cultures de grains avec de grandes, moyennes et petites impuret\u00e9s. C'est un \u00e9quipement important indispensable pour nettoyer le grain d'origine avant la transformation en farine de bl\u00e9. La capacit\u00e9 de sortie peut atteindre 500-600kg\/h.<\/p>    <figure class=\"wp-block-embed aligncenter is-type-video is-provider-youtube wp-block-embed-youtube wp-embed-aspect-16-9 wp-has-aspect-ratio\"><div class=\"wp-block-embed__wrapper\"> <iframe loading=\"lazy\" title=\"Bonne capacit\u00e9 de nettoyage de grains pour une large gamme de cultures !\" width=\"500\" height=\"281\" src=\"https:\/\/www.youtube.com\/embed\/853oAV9d2gA?feature=oembed\" frameborder=\"0\" allow=\"accelerometer; autoplay; clipboard-write; encrypted-media; gyroscope; picture-in-picture; web-share\" referrerpolicy=\"strict-origin-when-cross-origin\" allowfullscreen><\/iframe> <\/div><figcaption class=\"wp-element-caption\">Vid\u00e9o de fonctionnement du nettoyeur de grains<\/figcaption><\/figure>    <p class=\"translation-block\">Ce nettoyeur de grains se compose de quatre parties : chargement automatique, tamisage \u00e0 deux couches, d\u00e9piquage de grains \u00e0 filet, battage de bl\u00e9, et d\u00e9-m\u00e9lange. Il pr\u00e9sente l'avantage d'\u00eatre compact, l\u00e9ger, \u00e0 faible consommation d'\u00e9nergie, performant, avec un proc\u00e9d\u00e9 avanc\u00e9, et une int\u00e9gration multifonctionnelle. Le nettoyeur de grains est l'\u00e9quipement id\u00e9al pour <strong><a href=\"https:\/\/www.agriculture-machine.com\/fr\/corn-grits-making-machine\/\"><em>machine \u00e0 fabriquer des semoules de ma\u00efs<\/em><\/a><\/strong> et <strong><a href=\"https:\/\/www.agriculture-machine.com\/fr\/corn-grinder-machine\/\"><em>moulin \u00e0 farine de ma\u00efs<\/em><\/a><\/strong>.<\/p>    <figure class=\"wp-block-gallery has-nested-images columns-2 is-cropped wp-block-gallery-2 is-layout-flex wp-block-gallery-is-layout-flex\"> <figure class=\"wp-block-image size-large\"><img loading=\"lazy\" decoding=\"async\" width=\"720\" height=\"540\" data-id=\"16348\" src=\"https:\/\/www.agriculture-machine.com\/wp-content\/uploads\/2023\/12\/grain-seed-cleaner.webp\" alt=\"Nettoyeur de graines\" class=\"wp-image-16348\" srcset=\"https:\/\/www.agriculture-machine.com\/wp-content\/uploads\/2023\/12\/grain-seed-cleaner.webp 720w, https:\/\/www.agriculture-machine.com\/wp-content\/uploads\/2023\/12\/grain-seed-cleaner-360x270.webp 360w, https:\/\/www.agriculture-machine.com\/wp-content\/uploads\/2023\/12\/grain-seed-cleaner-240x180.webp 240w, https:\/\/www.agriculture-machine.com\/wp-content\/uploads\/2023\/12\/grain-seed-cleaner-16x12.webp 16w\" sizes=\"auto, (max-width: 720px) 100vw, 720px\" \/><figcaption class=\"wp-element-caption\">Nettoyeur de graines<\/figcaption><\/figure>    <figure class=\"wp-block-image size-large\"><img loading=\"lazy\" decoding=\"async\" width=\"720\" height=\"540\" data-id=\"16347\" src=\"https:\/\/www.agriculture-machine.com\/wp-content\/uploads\/2023\/12\/crop-cleaning-machine.webp\" alt=\"Machine de nettoyage des cultures\" class=\"wp-image-16347\" srcset=\"https:\/\/www.agriculture-machine.com\/wp-content\/uploads\/2023\/12\/crop-cleaning-machine.webp 720w, https:\/\/www.agriculture-machine.com\/wp-content\/uploads\/2023\/12\/crop-cleaning-machine-360x270.webp 360w, https:\/\/www.agriculture-machine.com\/wp-content\/uploads\/2023\/12\/crop-cleaning-machine-240x180.webp 240w, https:\/\/www.agriculture-machine.com\/wp-content\/uploads\/2023\/12\/crop-cleaning-machine-16x12.webp 16w\" sizes=\"auto, (max-width: 720px) 100vw, 720px\" \/><figcaption class=\"wp-element-caption\">Machine de nettoyage des cultures<\/figcaption><\/figure>    <figure class=\"wp-block-image size-large\"><img loading=\"lazy\" decoding=\"async\" width=\"720\" height=\"540\" data-id=\"16349\" src=\"https:\/\/www.agriculture-machine.com\/wp-content\/uploads\/2023\/12\/grain-sifter.webp\" alt=\"Tamis de grains\" class=\"wp-image-16349\" srcset=\"https:\/\/www.agriculture-machine.com\/wp-content\/uploads\/2023\/12\/grain-sifter.webp 720w, https:\/\/www.agriculture-machine.com\/wp-content\/uploads\/2023\/12\/grain-sifter-360x270.webp 360w, https:\/\/www.agriculture-machine.com\/wp-content\/uploads\/2023\/12\/grain-sifter-240x180.webp 240w, https:\/\/www.agriculture-machine.com\/wp-content\/uploads\/2023\/12\/grain-sifter-16x12.webp 16w\" sizes=\"auto, (max-width: 720px) 100vw, 720px\" \/><figcaption class=\"wp-element-caption\">Tamis de grains<\/figcaption><\/figure>    <figure class=\"wp-block-image size-large\"><img loading=\"lazy\" decoding=\"async\" width=\"720\" height=\"540\" data-id=\"16350\" src=\"https:\/\/www.agriculture-machine.com\/wp-content\/uploads\/2023\/12\/grain-sorter.webp\" alt=\"Triageur de grains\" class=\"wp-image-16350\" srcset=\"https:\/\/www.agriculture-machine.com\/wp-content\/uploads\/2023\/12\/grain-sorter.webp 720w, https:\/\/www.agriculture-machine.com\/wp-content\/uploads\/2023\/12\/grain-sorter-360x270.webp 360w, https:\/\/www.agriculture-machine.com\/wp-content\/uploads\/2023\/12\/grain-sorter-240x180.webp 240w, https:\/\/www.agriculture-machine.com\/wp-content\/uploads\/2023\/12\/grain-sorter-16x12.webp 16w\" sizes=\"auto, (max-width: 720px) 100vw, 720px\" \/><figcaption class=\"wp-element-caption\">Triageur de grains<\/figcaption><\/figure> <\/figure>    <h2 class=\"wp-block-heading\">Structure et fonction du nettoyeur de ma\u00efs<\/h2>    <ul class=\"wp-block-list\"> <li><strong>Ventilateur :<\/strong> Chargement automatique et aspiration de poussi\u00e8re, le mat\u00e9riau trait\u00e9 est transport\u00e9 et lev\u00e9 par un flux d'air \u00e0 haute vitesse et entre dans le d\u00e9chargeur en triangle via le tuyau de transport. En raison de la gravit\u00e9, le mat\u00e9riau s'enfonce et s'\u00e9coule par le tuyau d'air ferm\u00e9, et entre dans le premier tamis plat.<\/li>    <li><strong>Tamis plat :<\/strong> Utilisation de mat\u00e9riaux et d'impuret\u00e9s de diff\u00e9rentes tailles de particules, \u00e9liminer les impuret\u00e9s plus petites ou plus grandes que le mat\u00e9riau. Le tamis adopte une structure \u00e0 double tamis sup\u00e9rieur et inf\u00e9rieur, avec une grande amplitude et un taux \u00e9lev\u00e9 d'\u00e9limination des impuret\u00e9s.<\/li>    <li><strong>Machine de d\u00e9piquage :<\/strong> L'utilisation de mat\u00e9riaux avec une densit\u00e9 sp\u00e9cifique diff\u00e9rente de celle de la pierre, la vitesse de suspension est diff\u00e9rente. L'action du ventilateur sur le vent souffl\u00e9, en raison de la vibration de la plaque du tamis, \u00e9limine le mat\u00e9riau des grandes impuret\u00e9s.<\/li>    <li><strong>Battant de bl\u00e9 :<\/strong> Utilisation d'une plaque de battement \u00e0 rotation \u00e0 grande vitesse pour lutter contre les mat\u00e9riaux et impuret\u00e9s. La terre et les impuret\u00e9s friables attach\u00e9es au mat\u00e9riau seront bris\u00e9es et \u00e9vacu\u00e9es par le port de d\u00e9charge.<\/li> <\/ul>    <figure class=\"wp-block-gallery has-nested-images columns-default is-cropped wp-block-gallery-3 is-layout-flex wp-block-gallery-is-layout-flex\"> <figure class=\"wp-block-image size-large\"><img loading=\"lazy\" decoding=\"async\" width=\"720\" height=\"540\" data-id=\"16346\" src=\"https:\/\/www.agriculture-machine.com\/wp-content\/uploads\/2023\/12\/structure-of-grain-cleaning-machine.webp\" alt=\"Structure de la machine de nettoyage de grains\" class=\"wp-image-16346\" srcset=\"https:\/\/www.agriculture-machine.com\/wp-content\/uploads\/2023\/12\/structure-of-grain-cleaning-machine.webp 720w, https:\/\/www.agriculture-machine.com\/wp-content\/uploads\/2023\/12\/structure-of-grain-cleaning-machine-360x270.webp 360w, https:\/\/www.agriculture-machine.com\/wp-content\/uploads\/2023\/12\/structure-of-grain-cleaning-machine-240x180.webp 240w, https:\/\/www.agriculture-machine.com\/wp-content\/uploads\/2023\/12\/structure-of-grain-cleaning-machine-16x12.webp 16w\" sizes=\"auto, (max-width: 720px) 100vw, 720px\" \/><figcaption class=\"wp-element-caption\">Structure de la machine de nettoyage de grains<\/figcaption><\/figure>    <figure class=\"wp-block-image size-large\"><img loading=\"lazy\" decoding=\"async\" width=\"720\" height=\"540\" data-id=\"16345\" src=\"https:\/\/www.agriculture-machine.com\/wp-content\/uploads\/2023\/12\/grain-cleaner-basic-components.webp\" alt=\"Composants de base du nettoyeur de grains\" class=\"wp-image-16345\" srcset=\"https:\/\/www.agriculture-machine.com\/wp-content\/uploads\/2023\/12\/grain-cleaner-basic-components.webp 720w, https:\/\/www.agriculture-machine.com\/wp-content\/uploads\/2023\/12\/grain-cleaner-basic-components-360x270.webp 360w, https:\/\/www.agriculture-machine.com\/wp-content\/uploads\/2023\/12\/grain-cleaner-basic-components-240x180.webp 240w, https:\/\/www.agriculture-machine.com\/wp-content\/uploads\/2023\/12\/grain-cleaner-basic-components-16x12.webp 16w\" sizes=\"auto, (max-width: 720px) 100vw, 720px\" \/><figcaption class=\"wp-element-caption\">Composants de base du nettoyeur de grains<\/figcaption><\/figure> <\/figure>    <h2 class=\"wp-block-heading\">Param\u00e8tres techniques de la machine de nettoyage de ma\u00efs<\/h2>    <ul class=\"wp-block-list\"> <li>Dimensions ext\u00e9rieures : 1200*770*2900mm (longueur\u00d7largeur\u00d7hauteur)<\/li>    <li>Poids : 300kg<\/li>    <li>Sortie : 600kg\/h<\/li>    <li>Puissance de support : 4 niveaux 3kw<\/li>    <li>Vitesse du souffleur : 3100rpm <\/li>    <li>Vitesse du battant de bl\u00e9 : 1200rpm<\/li>    <li>Fr\u00e9quence de vibration du corps de la tamis : 550rpm<\/li>    <li>Vitesse du ventilateur de la machine de d\u00e9piquage : 1230rpm<\/li> <\/ul>    <figure class=\"wp-block-gallery has-nested-images columns-default is-cropped wp-block-gallery-4 is-layout-flex wp-block-gallery-is-layout-flex\"> <figure class=\"wp-block-image size-large\"><img loading=\"lazy\" decoding=\"async\" width=\"720\" height=\"540\" data-id=\"15452\" src=\"https:\/\/www.agriculture-machine.com\/wp-content\/uploads\/2023\/12\/maize-cleaning-machine.webp\" alt=\"Machine de nettoyage de ma\u00efs\" class=\"wp-image-15452\" srcset=\"https:\/\/www.agriculture-machine.com\/wp-content\/uploads\/2023\/12\/maize-cleaning-machine.webp 720w, https:\/\/www.agriculture-machine.com\/wp-content\/uploads\/2023\/12\/maize-cleaning-machine-360x270.webp 360w, https:\/\/www.agriculture-machine.com\/wp-content\/uploads\/2023\/12\/maize-cleaning-machine-240x180.webp 240w\" sizes=\"auto, (max-width: 720px) 100vw, 720px\" \/><figcaption class=\"wp-element-caption\">Machine de nettoyage de ma\u00efs<\/figcaption><\/figure>    <figure class=\"wp-block-image size-large\"><img loading=\"lazy\" decoding=\"async\" width=\"720\" height=\"540\" data-id=\"15456\" src=\"https:\/\/www.agriculture-machine.com\/wp-content\/uploads\/2023\/12\/grain-cleaning-equipment.webp\" alt=\"\u00c9quipement de nettoyage de grains\" class=\"wp-image-15456\" srcset=\"https:\/\/www.agriculture-machine.com\/wp-content\/uploads\/2023\/12\/grain-cleaning-equipment.webp 720w, https:\/\/www.agriculture-machine.com\/wp-content\/uploads\/2023\/12\/grain-cleaning-equipment-360x270.webp 360w, https:\/\/www.agriculture-machine.com\/wp-content\/uploads\/2023\/12\/grain-cleaning-equipment-240x180.webp 240w\" sizes=\"auto, (max-width: 720px) 100vw, 720px\" \/><figcaption class=\"wp-element-caption\">\u00c9quipement de nettoyage de grains<\/figcaption><\/figure> <\/figure>    <h2 class=\"wp-block-heading\">Pr\u00e9cautions pour l'installation du nettoyeur de grains<\/h2>    <ul class=\"wp-block-list\"> <li>La fondation d'installation doit \u00eatre de niveau et les boulons d'ancrage doivent \u00eatre bien serr\u00e9s.<\/li>    <li>La direction de rotation du moteur doit \u00eatre coh\u00e9rente avec la direction de rotation marqu\u00e9e sur le mandrin.<\/li>    <li>L'installation des fils et des moteurs doit \u00eatre r\u00e9alis\u00e9e par des \u00e9lectriciens et des techniciens ensemble.<\/li>    <li>Ce machine de nettoyage de ma\u00efs est utilis\u00e9e en conjonction avec d'autres \u00e9quipements de mouture, en tenant compte de la position relative du silo \u00e0 grains.<\/li> <\/ul>    <figure class=\"wp-block-gallery has-nested-images columns-default is-cropped wp-block-gallery-5 is-layout-flex wp-block-gallery-is-layout-flex\"> <figure class=\"wp-block-image size-large\"><img loading=\"lazy\" decoding=\"async\" width=\"720\" height=\"540\" data-id=\"15453\" src=\"https:\/\/www.agriculture-machine.com\/wp-content\/uploads\/2023\/12\/corn-cleaner-for-sale.webp\" alt=\"Machine de nettoyage de ma\u00efs \u00e0 vendre\" class=\"wp-image-15453\" srcset=\"https:\/\/www.agriculture-machine.com\/wp-content\/uploads\/2023\/12\/corn-cleaner-for-sale.webp 720w, https:\/\/www.agriculture-machine.com\/wp-content\/uploads\/2023\/12\/corn-cleaner-for-sale-360x270.webp 360w, https:\/\/www.agriculture-machine.com\/wp-content\/uploads\/2023\/12\/corn-cleaner-for-sale-240x180.webp 240w\" sizes=\"auto, (max-width: 720px) 100vw, 720px\" \/><figcaption class=\"wp-element-caption\">Machine de nettoyage de ma\u00efs \u00e0 vendre<\/figcaption><\/figure>    <figure class=\"wp-block-image size-large\"><img loading=\"lazy\" decoding=\"async\" width=\"720\" height=\"540\" data-id=\"15454\" src=\"https:\/\/www.agriculture-machine.com\/wp-content\/uploads\/2023\/12\/corn-cleaning-machine-for-sale.webp\" alt=\"machine de nettoyage du ma\u00efs \u00e0 vendre\" class=\"wp-image-15454\" srcset=\"https:\/\/www.agriculture-machine.com\/wp-content\/uploads\/2023\/12\/corn-cleaning-machine-for-sale.webp 720w, https:\/\/www.agriculture-machine.com\/wp-content\/uploads\/2023\/12\/corn-cleaning-machine-for-sale-360x270.webp 360w, https:\/\/www.agriculture-machine.com\/wp-content\/uploads\/2023\/12\/corn-cleaning-machine-for-sale-240x180.webp 240w\" sizes=\"auto, (max-width: 720px) 100vw, 720px\" \/><figcaption class=\"wp-element-caption\">machine de nettoyage du ma\u00efs \u00e0 vendre<\/figcaption><\/figure> <\/figure>    <h2 class=\"wp-block-heading\"><strong>R\u00e9glage et op\u00e9ration d'installation<\/strong><\/h2>    <p>Avant l'installation, v\u00e9rifiez s'il y a des d\u00e9bris sur l'\u00e9quipement. L'op\u00e9rateur doit d'abord assurer la s\u00e9curit\u00e9 des personnes et des machines.<\/p>    <ul class=\"wp-block-list\"> <li>Apr\u00e8s que la machine de nettoyage de ma\u00efs ait tourn\u00e9 au ralenti pendant 1-2 minutes, ouvrez le alimentateur dans des conditions normales, et ajustez la porte \u00e0 la position appropri\u00e9e de petit \u00e0 grand.<\/li>    <li>La pression de la bande \u00e9lastique du conduit d'air ferm\u00e9 doit \u00eatre ajust\u00e9e pour que le ma\u00efs soit uniform\u00e9ment d\u00e9charg\u00e9, et que le ma\u00efs ne sorte pas de la sortie du ventilateur. Elle ne doit pas \u00eatre trop l\u00e2che ni trop serr\u00e9e.<\/li>    <li>L'espace entre la bouche de la machine de d\u00e9piquage et l'entr\u00e9e du battant de bl\u00e9 doit \u00eatre correctement coordonn\u00e9. Sinon, tout impact affectera l'efficacit\u00e9 du d\u00e9piquage.<\/li>    <li>Coop\u00e9ration \u00e9troite entre la sortie du battant de bl\u00e9 et l'entr\u00e9e du m\u00e9langeur. Il ne doit y avoir aucun ph\u00e9nom\u00e8ne de fuite de mati\u00e8re en cours de fonctionnement.<\/li>    <li>Assurez-vous que l'humidit\u00e9 du bl\u00e9, l'humidit\u00e9 du bl\u00e9 dur peuvent \u00eatre de 15,5 % \u00e0 16,5 %.<\/li>    <li>La sortie d'air du ventilateur ne doit pas \u00eatre reli\u00e9e \u00e0 des sacs pour assurer que la sortie d'air n'est pas obstru\u00e9e.<\/li> <\/ul>    <figure class=\"wp-block-gallery has-nested-images columns-default is-cropped wp-block-gallery-6 is-layout-flex wp-block-gallery-is-layout-flex\"> <figure class=\"wp-block-image size-large\"><img loading=\"lazy\" decoding=\"async\" width=\"720\" height=\"540\" data-id=\"15455\" src=\"https:\/\/www.agriculture-machine.com\/wp-content\/uploads\/2023\/12\/maize-corn-cleaner-machine.webp\" alt=\"Machine de nettoyage de ma\u00efs\" class=\"wp-image-15455\" srcset=\"https:\/\/www.agriculture-machine.com\/wp-content\/uploads\/2023\/12\/maize-corn-cleaner-machine.webp 720w, https:\/\/www.agriculture-machine.com\/wp-content\/uploads\/2023\/12\/maize-corn-cleaner-machine-360x270.webp 360w, https:\/\/www.agriculture-machine.com\/wp-content\/uploads\/2023\/12\/maize-corn-cleaner-machine-240x180.webp 240w\" sizes=\"auto, (max-width: 720px) 100vw, 720px\" \/><figcaption class=\"wp-element-caption\">Machine de nettoyage de ma\u00efs<\/figcaption><\/figure>    <figure class=\"wp-block-image size-large\"><img loading=\"lazy\" decoding=\"async\" width=\"720\" height=\"540\" data-id=\"15457\" src=\"https:\/\/www.agriculture-machine.com\/wp-content\/uploads\/2023\/12\/grain-cleaner-packing-site.webp\" alt=\"Site d&#039;emballage du nettoyeur de grains\" class=\"wp-image-15457\" srcset=\"https:\/\/www.agriculture-machine.com\/wp-content\/uploads\/2023\/12\/grain-cleaner-packing-site.webp 720w, https:\/\/www.agriculture-machine.com\/wp-content\/uploads\/2023\/12\/grain-cleaner-packing-site-360x270.webp 360w, https:\/\/www.agriculture-machine.com\/wp-content\/uploads\/2023\/12\/grain-cleaner-packing-site-240x180.webp 240w\" sizes=\"auto, (max-width: 720px) 100vw, 720px\" \/><figcaption class=\"wp-element-caption\">Site d'emballage du nettoyeur de grains<\/figcaption><\/figure> <\/figure>    <p>Du semis de ma\u00efs \u00e0 la r\u00e9colte, en passant par la mouture de grains et une s\u00e9rie d'autres processus, nous disposons des machines correspondantes. N'h\u00e9sitez pas \u00e0 nous contacter, \u00e0 nous faire part de vos besoins, et nous vous recommanderons la machine la plus adapt\u00e9e.<\/p>","protected":false},"excerpt":{"rendered":"<p>La fonction principale du nettoyeur de ma\u00efs est d'\u00e9liminer les impuret\u00e9s dans le ma\u00efs et autres grains, conform\u00e9ment aux exigences du march\u00e9 et de la s\u00e9curit\u00e9 alimentaire.<\/p>","protected":false},"author":1,"featured_media":16353,"parent":0,"comment_status":"closed","ping_status":"closed","template":"","tags":[2636],"product-type":[873],"class_list":["post-15451","product","type-product","status-publish","has-post-thumbnail","hentry","tag-cleaning","product-type-corn-grains-grinding-equipment"],"_links":{"self":[{"href":"https:\/\/www.agriculture-machine.com\/fr\/wp-json\/wp\/v2\/product\/15451","targetHints":{"allow":["GET"]}}],"collection":[{"href":"https:\/\/www.agriculture-machine.com\/fr\/wp-json\/wp\/v2\/product"}],"about":[{"href":"https:\/\/www.agriculture-machine.com\/fr\/wp-json\/wp\/v2\/types\/product"}],"author":[{"embeddable":true,"href":"https:\/\/www.agriculture-machine.com\/fr\/wp-json\/wp\/v2\/users\/1"}],"replies":[{"embeddable":true,"href":"https:\/\/www.agriculture-machine.com\/fr\/wp-json\/wp\/v2\/comments?post=15451"}],"wp:featuredmedia":[{"embeddable":true,"href":"https:\/\/www.agriculture-machine.com\/fr\/wp-json\/wp\/v2\/media\/16353"}],"wp:attachment":[{"href":"https:\/\/www.agriculture-machine.com\/fr\/wp-json\/wp\/v2\/media?parent=15451"}],"wp:term":[{"taxonomy":"post_tag","embeddable":true,"href":"https:\/\/www.agriculture-machine.com\/fr\/wp-json\/wp\/v2\/tags?post=15451"},{"taxonomy":"product-type","embeddable":true,"href":"https:\/\/www.agriculture-machine.com\/fr\/wp-json\/wp\/v2\/product-type?post=15451"}],"curies":[{"name":"wp","href":"https:\/\/api.w.org\/{rel}","templated":true}]}}