{"id":15641,"date":"2024-01-25T14:30:54","date_gmt":"2024-01-25T06:30:54","guid":{"rendered":"https:\/\/www.agriculture-machine.com\/?post_type=product&#038;p=15641"},"modified":"2025-08-25T16:48:08","modified_gmt":"2025-08-25T08:48:08","slug":"silage-spreader-feeding-car","status":"publish","type":"product","link":"https:\/\/www.agriculture-machine.com\/fr\/silage-spreader-feeding-car\/","title":{"rendered":"M\u00e9langeur \u00e9lectrique de fourrage Silage \u00e9pandeur d\u2019alimentation animale d\u2019\u00e9levage"},"content":{"rendered":"<p>Le distributeur d'ensilage est principalement utilis\u00e9 pour m\u00e9langer uniform\u00e9ment l'ensilage ou d'autres aliments, puis le r\u00e9partir rapidement et uniform\u00e9ment dans les zones d'alimentation pour bovins et moutons. L'utilisation de cet \u00e9quipement peut augmenter l'utilisation de l'alimentation de 15%-20%, r\u00e9duisant ainsi consid\u00e9rablement le gaspillage.<\/p>    <p>Cette machine int\u00e8gre des fonctions de m\u00e9lange, de transport et de distribution, offrant une op\u00e9ration pratique et une haute efficacit\u00e9, permettant une distribution scientifique et \u00e0 grande \u00e9chelle de l'alimentation.<\/p>    <p>Il am\u00e9liore non seulement l'efficacit\u00e9 de l'alimentation et les normes de gestion de la ferme, mais garantit \u00e9galement que le b\u00e9tail re\u00e7oit une nutrition \u00e9quilibr\u00e9e, favorisant ainsi une croissance saine et r\u00e9duisant les co\u00fbts d'alimentation.<\/p>    <figure class=\"wp-block-embed aligncenter is-type-video is-provider-youtube wp-block-embed-youtube wp-embed-aspect-16-9 wp-has-aspect-ratio\"><div class=\"wp-block-embed__wrapper\"> <iframe loading=\"lazy\" title=\"Distribution de la machine \u00e0 couper l&#039;ensilage et au broyeur de grains en Tanzanie\" width=\"500\" height=\"281\" src=\"https:\/\/www.youtube.com\/embed\/OP465T0OIl0?feature=oembed\" frameborder=\"0\" allow=\"accelerometer; autoplay; clipboard-write; encrypted-media; gyroscope; picture-in-picture; web-share\" referrerpolicy=\"strict-origin-when-cross-origin\" allowfullscreen><\/iframe> <\/div><figcaption class=\"wp-element-caption\">Vid\u00e9o de fonctionnement du distributeur d'aliments pour volailles<\/figcaption><\/figure>    <h2 class=\"wp-block-heading\">Applications de la machine \u00e0 r\u00e9partir l'ensilage<\/h2>    <ul class=\"wp-block-list\"> <li>Alimentation du b\u00e9tail pour les fermes : adapt\u00e9e aux grandes exploitations et aux op\u00e9rations agricoles familiales, ce syst\u00e8me est con\u00e7u pour nourrir des ruminants tels que les bovins et moutons avec de l'ensilage, de la paille, du fourrage et des aliments en granul\u00e9s.<\/li>    <li>Compatible avec plusieurs types d'aliments : capable de traiter divers mat\u00e9riaux d'alimentation, y compris ensilage de ma\u00efs, farine de paille, foin et aliments compos\u00e9s.<\/li>    <li>Application multi-environnement : que ce soit dans des p\u00e2turages ouverts, des \u00e9tables ou des environnements agricoles semi-clos, il peut fonctionner de mani\u00e8re flexible pour assurer une distribution uniforme de l'aliment.<\/li>    <li>Convient \u00e0 diff\u00e9rentes \u00e9chelles agricoles : adapt\u00e9 aux petites exploitations familiales comme aux grandes entreprises d'\u00e9levage, avec des options pour diff\u00e9rentes capacit\u00e9s et mod\u00e8les selon les besoins.<\/li> <\/ul>    <figure class=\"wp-block-image aligncenter size-full\"><img loading=\"lazy\" decoding=\"async\" width=\"720\" height=\"540\" src=\"https:\/\/www.agriculture-machine.com\/wp-content\/uploads\/2024\/01\/automatic-animal-feed-spreader.webp\" alt=\"Distributeur automatique d&#039;aliments pour animaux\" class=\"wp-image-15647\" srcset=\"https:\/\/www.agriculture-machine.com\/wp-content\/uploads\/2024\/01\/automatic-animal-feed-spreader.webp 720w, https:\/\/www.agriculture-machine.com\/wp-content\/uploads\/2024\/01\/automatic-animal-feed-spreader-360x270.webp 360w, https:\/\/www.agriculture-machine.com\/wp-content\/uploads\/2024\/01\/automatic-animal-feed-spreader-240x180.webp 240w\" sizes=\"auto, (max-width: 720px) 100vw, 720px\" \/><figcaption class=\"wp-element-caption\">Distributeur automatique d'aliments pour animaux<\/figcaption><\/figure>    <h2 class=\"wp-block-heading\">Avantages de la voiture d'alimentation pour l'\u00e9levage<\/h2>    <ul class=\"wp-block-list\"> <li>Tr\u00e8s efficace et \u00e9conome en \u00e9nergie : plusieurs fois plus efficace que l'alimentation manuelle, avec une seule machine capable d'alimenter des centaines de bovins et moutons par heure.<\/li>    <li>Utilisation \u00e9lev\u00e9e de l'alimentation : une distribution uniforme de l'aliment emp\u00eache la s\u00e9lection et le gaspillage, am\u00e9liorant l'utilisation de l'alimentation de 15%-20 %.<\/li>    <li>R\u00e9duction des co\u00fbts de main-d'\u0153uvre : l'op\u00e9ration automatis\u00e9e r\u00e9duit consid\u00e9rablement l'entr\u00e9e de main-d'\u0153uvre et diminue les co\u00fbts de travail.<\/li>    <li>Flexible et maniable : conception compacte et op\u00e9ration flexible permettant une libert\u00e9 de mouvement et une utilisation sur divers terrains et environnements agricoles.<\/li>    <li>S\u00fbr et fiable : construit en acier r\u00e9sistant \u00e0 l'usure et dot\u00e9 d'un syst\u00e8me de transmission haute performance, la machine poss\u00e8de une structure robuste, une longue dur\u00e9e de vie et un entretien simple.<\/li>    <li>Favorise la sant\u00e9 du b\u00e9tail : assure que le b\u00e9tail re\u00e7oit une nutrition \u00e9quilibr\u00e9e, favorise une croissance saine, et am\u00e9liore la commercialisation et la production de lait.<\/li> <\/ul>    <h2 class=\"wp-block-heading\">Types de distributeurs d'ensilage<\/h2>    <p>Selon vos besoins, nous proposons diff\u00e9rents types de camions distributeurs d'ensilage, que vous pouvez choisir en fonction de la situation r\u00e9elle.<\/p>    <h3 class=\"wp-block-heading\">Distributeur d'ensilage vertical et horizontal<\/h3>    <p>La seule diff\u00e9rence entre ces deux types est que le vertical est cylindrique et l'horizontal est cubique. Les volumes disponibles sont de 3 et 5 m\u00e8tres cubes. Les deux images ci-dessous illustrent leurs diff\u00e9rences.<\/p>    <figure class=\"wp-block-image aligncenter size-full\"><img loading=\"lazy\" decoding=\"async\" width=\"720\" height=\"540\" src=\"https:\/\/www.agriculture-machine.com\/wp-content\/uploads\/2024\/01\/vertical-type-silage-spreader.webp\" alt=\"Distributeur d&#039;ensilage de type vertical\" class=\"wp-image-15643\" srcset=\"https:\/\/www.agriculture-machine.com\/wp-content\/uploads\/2024\/01\/vertical-type-silage-spreader.webp 720w, https:\/\/www.agriculture-machine.com\/wp-content\/uploads\/2024\/01\/vertical-type-silage-spreader-360x270.webp 360w, https:\/\/www.agriculture-machine.com\/wp-content\/uploads\/2024\/01\/vertical-type-silage-spreader-240x180.webp 240w\" sizes=\"auto, (max-width: 720px) 100vw, 720px\" \/><figcaption class=\"wp-element-caption\">Distributeur d'ensilage de type vertical<\/figcaption><\/figure>    <figure class=\"wp-block-image aligncenter size-full\"><img loading=\"lazy\" decoding=\"async\" width=\"720\" height=\"540\" src=\"https:\/\/www.agriculture-machine.com\/wp-content\/uploads\/2024\/01\/horizontal-type-feeding-car.webp\" alt=\"Voiture d&#039;alimentation horizontale\" class=\"wp-image-15644\" srcset=\"https:\/\/www.agriculture-machine.com\/wp-content\/uploads\/2024\/01\/horizontal-type-feeding-car.webp 720w, https:\/\/www.agriculture-machine.com\/wp-content\/uploads\/2024\/01\/horizontal-type-feeding-car-360x270.webp 360w, https:\/\/www.agriculture-machine.com\/wp-content\/uploads\/2024\/01\/horizontal-type-feeding-car-240x180.webp 240w\" sizes=\"auto, (max-width: 720px) 100vw, 720px\" \/><figcaption class=\"wp-element-caption\">Voiture d'alimentation horizontale<\/figcaption><\/figure>    <h3 class=\"wp-block-heading\">Distributeur \u00e9lectrique<\/h3>    <p>Ce type de distributeur de ensilage utilise un v\u00e9hicule \u00e9lectrique comme source d'\u00e9nergie et est g\u00e9n\u00e9ralement \u00e9quip\u00e9 d'un moteur \u00e9lectrique puissant. <\/p>    <p>Les avantages de la transmission \u00e9lectrique sont l'\u00e9cologie, le faible bruit et la faible consommation d'\u00e9nergie, ce qui le rend adapt\u00e9 aux applications n\u00e9cessitant un environnement de travail relativement silencieux et propre. En m\u00eame temps, les mod\u00e8les \u00e9lectriques offrent une excellente flexibilit\u00e9 et une bonne contr\u00f4labilit\u00e9, facilitant leur utilisation dans des espaces limit\u00e9s comme les p\u00e2turages et les fermes.<\/p>    <figure class=\"wp-block-image aligncenter size-full\"><img loading=\"lazy\" decoding=\"async\" width=\"720\" height=\"540\" src=\"https:\/\/www.agriculture-machine.com\/wp-content\/uploads\/2024\/01\/electric-cattle-feed-spreader.webp\" alt=\"Distributeur d&#039;aliments \u00e9lectrique pour bovins\" class=\"wp-image-15645\" srcset=\"https:\/\/www.agriculture-machine.com\/wp-content\/uploads\/2024\/01\/electric-cattle-feed-spreader.webp 720w, https:\/\/www.agriculture-machine.com\/wp-content\/uploads\/2024\/01\/electric-cattle-feed-spreader-360x270.webp 360w, https:\/\/www.agriculture-machine.com\/wp-content\/uploads\/2024\/01\/electric-cattle-feed-spreader-240x180.webp 240w\" sizes=\"auto, (max-width: 720px) 100vw, 720px\" \/><figcaption class=\"wp-element-caption\">Distributeur d'aliments \u00e9lectrique pour bovins<\/figcaption><\/figure>    <p class=\"translation-block\">Cette machine doit \u00eatre \u00e9quip\u00e9e d'un m\u00e9langeur s\u00e9par\u00e9 pour r\u00e9partir les balles d'ensilage (g\u00e9n\u00e9ralement manipul\u00e9es avec une ensileuse, qui a pour effet de pr\u00e9server la fermentation). <strong><em><a href=\"https:\/\/www.agriculture-machine.com\/fr\/full-automatic-silage-baling-machine\/\">Article connexe : Machine \u00e0 balle d'ensilage | Machine \u00e0 ensiler automatique complet<\/a><\/em><\/strong>) Ceci est ensuite achemin\u00e9 vers le distributeur d'ensilage via une bande transporteuse.<\/p>    <h3 class=\"wp-block-heading\">Distributeur d'aliments pour bovins diesel<\/h3>    <p>Cette machine est \u00e9galement entra\u00een\u00e9e par un v\u00e9hicule \u00e9lectrique, mais elle est \u00e9quip\u00e9e d'un moteur diesel, ce qui permet la fonction de m\u00e9lange autonome, sans avoir besoin d'un m\u00e9langeur s\u00e9par\u00e9 apr\u00e8s le m\u00e9lange et l'alimentation. <\/p>    <p>L'avantage du moteur diesel est la haute densit\u00e9 \u00e9nerg\u00e9tique du carburant, permettant une puissance soutenue et forte sur une longue p\u00e9riode, adapt\u00e9e \u00e0 une utilisation prolong\u00e9e et intensive.<\/p>    <figure class=\"wp-block-image aligncenter size-full\"><img loading=\"lazy\" decoding=\"async\" width=\"720\" height=\"540\" src=\"https:\/\/www.agriculture-machine.com\/wp-content\/uploads\/2024\/01\/disel-huabandry-silage-spreader.webp\" alt=\"Distributeur d&#039;ensilage \u00e0 moteur diesel\" class=\"wp-image-15646\" srcset=\"https:\/\/www.agriculture-machine.com\/wp-content\/uploads\/2024\/01\/disel-huabandry-silage-spreader.webp 720w, https:\/\/www.agriculture-machine.com\/wp-content\/uploads\/2024\/01\/disel-huabandry-silage-spreader-360x270.webp 360w, https:\/\/www.agriculture-machine.com\/wp-content\/uploads\/2024\/01\/disel-huabandry-silage-spreader-240x180.webp 240w\" sizes=\"auto, (max-width: 720px) 100vw, 720px\" \/><figcaption class=\"wp-element-caption\">Distributeur d'ensilage \u00e0 moteur diesel<\/figcaption><\/figure>    <h2 class=\"wp-block-heading\">Comment fonctionne le distributeur d'aliments pour bovins et vaches ?<\/h2>   <div id=\"rank-math-howto\" class=\"rank-math-block\" > <div class=\"rank-math-howto-description\">  <p>Le principe de fonctionnement du distributeur d'aliments pour bovins et moutons est divis\u00e9 en deux \u00e9tapes principales :<\/p>  <\/div>  <div class=\"rank-math-steps\"> <div id=\"howto-step-1706084567805\" class=\"rank-math-step\"> <h3 class=\"rank-math-step-title\">Chargement de l'alimentation<\/h3> <div class=\"rank-math-step-content\"><p>Tout d'abord, l'op\u00e9rateur charge l'ensilage (g\u00e9n\u00e9ralement du fourrage hach\u00e9 ou des plantes) dans le conteneur du distributeur. Cela peut \u00eatre effectu\u00e9 par un syst\u00e8me de chargement m\u00e9canique ou un autre \u00e9quipement de chargement. <\/p> <p>Certains wagons de distribution peuvent \u00e9galement avoir une fonction de chargement mixte permettant de m\u00e9langer diff\u00e9rents types de fourrage pour garantir une nutrition \u00e9quilibr\u00e9e du b\u00e9tail.<\/p> <\/div> <\/div> <div id=\"howto-step-1706084630549\" class=\"rank-math-step\"> <h3 class=\"rank-math-step-title\">Processus de distribution<\/h3> <div class=\"rank-math-step-content\"><p>Une fois l'aliment charg\u00e9, le camion distributeur d'ensilage r\u00e9partit l'aliment uniform\u00e9ment sur la zone d'alimentation via un syst\u00e8me m\u00e9canique. <\/p> <p>Cela se fait g\u00e9n\u00e9ralement en faisant tourner un ventilateur ou un distributeur circulaire. Le distributeur ajuste l'\u00e9tendue et la densit\u00e9 de la distribution pour assurer une r\u00e9partition uniforme de l'aliment dans toute la zone d'alimentation du b\u00e9tail. <\/p> <p>La vitesse \u00e0 laquelle le v\u00e9hicule se d\u00e9place et la vitesse de rotation du distributeur peuvent souvent \u00eatre ajust\u00e9es pour r\u00e9pondre aux besoins de diff\u00e9rents sites d'alimentation.<\/p> <\/div> <\/div> <\/div> <\/div>       <h2 class=\"wp-block-heading\">Param\u00e8tres du distributeur d'ensilage<\/h2>    <figure class=\"wp-block-table is-style-stripes\"><table><tbody><tr><td class=\"has-text-align-center\" data-align=\"center\">Mod\u00e8le<\/td><td class=\"has-text-align-center\" data-align=\"center\">SL-3<\/td><\/tr><tr><td class=\"has-text-align-center\" data-align=\"center\">Taille globale<\/td><td class=\"has-text-align-center\" data-align=\"center\">3,6*1,5*2,0m<\/td><\/tr><tr><td class=\"has-text-align-center\" data-align=\"center\">Taille du bac<\/td><td class=\"has-text-align-center\" data-align=\"center\">2,0*1,2*1,4m<\/td><\/tr><tr><td class=\"has-text-align-center\" data-align=\"center\">Largeur de la bande<\/td><td class=\"has-text-align-center\" data-align=\"center\">400mm<\/td><\/tr><tr><td class=\"has-text-align-center\" data-align=\"center\">Nombre de batteries<\/td><td class=\"has-text-align-center\" data-align=\"center\">6<\/td><\/tr><tr><td class=\"has-text-align-center\" data-align=\"center\">Tension d'entr\u00e9e<\/td><td class=\"has-text-align-center\" data-align=\"center\">72V<\/td><\/tr><tr><td class=\"has-text-align-center\" data-align=\"center\">Sp\u00e9cification de la batterie<\/td><td class=\"has-text-align-center\" data-align=\"center\">Batterie s\u00e8che Chaowei ou marque Camel<\/td><\/tr><tr><td class=\"has-text-align-center\" data-align=\"center\">Mod\u00e8le de pneu<\/td><td class=\"has-text-align-center\" data-align=\"center\">Roues arri\u00e8re 3,50*12(2)   5,00*12(1)<\/td><\/tr><tr><td class=\"has-text-align-center\" data-align=\"center\">Taille du bac<\/td><td class=\"has-text-align-center\" data-align=\"center\">3m\u00b3<\/td><\/tr><tr><td class=\"has-text-align-center\" data-align=\"center\">Roulement<\/td><td class=\"has-text-align-center\" data-align=\"center\">F206(4)<\/td><\/tr><tr><td class=\"has-text-align-center\" data-align=\"center\">M\u00e9thode de transport<\/td><td class=\"has-text-align-center\" data-align=\"center\">tablier<\/td><\/tr><tr><td class=\"has-text-align-center\" data-align=\"center\">M\u00e9thode de distribution<\/td><td class=\"has-text-align-center\" data-align=\"center\">Bidirectionnel<\/td><\/tr><tr><td class=\"has-text-align-center\" data-align=\"center\">Frein<\/td><td class=\"has-text-align-center\" data-align=\"center\">Frein \u00e0 huile<\/td><\/tr><tr><td class=\"has-text-align-center\" data-align=\"center\">Hauteur de distribution<\/td><td class=\"has-text-align-center\" data-align=\"center\">60cm<\/td><\/tr><tr><td class=\"has-text-align-center\" data-align=\"center\">Transmission<\/td><td class=\"has-text-align-center\" data-align=\"center\">Cha\u00eenes<\/td><\/tr><tr><td class=\"has-text-align-center\" data-align=\"center\">Volant<\/td><td class=\"has-text-align-center\" data-align=\"center\">boutonn\u00e9<\/td><\/tr><tr><td class=\"has-text-align-center\" data-align=\"center\">Moteur \u00e9lectrique<\/td><td class=\"has-text-align-center\" data-align=\"center\">1.5\/1.5\/2.2<\/td><\/tr><tr><td class=\"has-text-align-center\" data-align=\"center\">Capacit\u00e9 de la batterie<\/td><td class=\"has-text-align-center\" data-align=\"center\">70A<\/td><\/tr><\/tbody><\/table><figcaption class=\"wp-element-caption\">Donn\u00e9es techniques du distributeur d'ensilage pour bovins et moutons<\/figcaption><\/figure>    <h2 class=\"wp-block-heading\">Contactez-nous \u00e0 tout moment<\/h2>    <p>Si vous \u00eates int\u00e9ress\u00e9 par notre distributeur d'ensilage, n'h\u00e9sitez pas \u00e0 nous contacter pour plus d'informations d\u00e9taill\u00e9es sur la machine. Nous serons heureux de vous fournir des descriptions d\u00e9taill\u00e9es du produit et des suggestions de personnalisation pour r\u00e9pondre \u00e0 vos besoins sp\u00e9cifiques. De plus, nous vous invitons \u00e9galement \u00e0 visiter notre usine, et nous esp\u00e9rons collaborer avec vous pour cr\u00e9er des solutions d'alimentation plus efficaces et intelligentes.<\/p>","protected":false},"excerpt":{"rendered":"<p>Le distributeur d'ensilage peut r\u00e9partir uniform\u00e9ment l'ensilage et divers types d'aliments dans les zones d'alimentation des bovins et moutons, am\u00e9liorant l'utilisation de l'aliment et r\u00e9duisant les co\u00fbts de main-d'\u0153uvre.<\/p>","protected":false},"author":1,"featured_media":15645,"parent":0,"comment_status":"closed","ping_status":"closed","template":"","tags":[591],"product-type":[876],"class_list":["post-15641","product","type-product","status-publish","has-post-thumbnail","hentry","tag-silage","product-type-silage-machine"],"_links":{"self":[{"href":"https:\/\/www.agriculture-machine.com\/fr\/wp-json\/wp\/v2\/product\/15641","targetHints":{"allow":["GET"]}}],"collection":[{"href":"https:\/\/www.agriculture-machine.com\/fr\/wp-json\/wp\/v2\/product"}],"about":[{"href":"https:\/\/www.agriculture-machine.com\/fr\/wp-json\/wp\/v2\/types\/product"}],"author":[{"embeddable":true,"href":"https:\/\/www.agriculture-machine.com\/fr\/wp-json\/wp\/v2\/users\/1"}],"replies":[{"embeddable":true,"href":"https:\/\/www.agriculture-machine.com\/fr\/wp-json\/wp\/v2\/comments?post=15641"}],"wp:featuredmedia":[{"embeddable":true,"href":"https:\/\/www.agriculture-machine.com\/fr\/wp-json\/wp\/v2\/media\/15645"}],"wp:attachment":[{"href":"https:\/\/www.agriculture-machine.com\/fr\/wp-json\/wp\/v2\/media?parent=15641"}],"wp:term":[{"taxonomy":"post_tag","embeddable":true,"href":"https:\/\/www.agriculture-machine.com\/fr\/wp-json\/wp\/v2\/tags?post=15641"},{"taxonomy":"product-type","embeddable":true,"href":"https:\/\/www.agriculture-machine.com\/fr\/wp-json\/wp\/v2\/product-type?post=15641"}],"curies":[{"name":"wp","href":"https:\/\/api.w.org\/{rel}","templated":true}]}}