{"id":16007,"date":"2024-05-15T16:41:38","date_gmt":"2024-05-15T08:41:38","guid":{"rendered":"https:\/\/www.agriculture-machine.com\/?post_type=product&#038;p=16007"},"modified":"2024-08-20T17:44:02","modified_gmt":"2024-08-20T09:44:02","slug":"peanut-peeling-machine","status":"publish","type":"product","link":"https:\/\/www.agriculture-machine.com\/fr\/peanut-peeling-machine\/","title":{"rendered":"Machine d'\u00e9pluchage de cacahu\u00e8tes, enlevage de la peau de cacahu\u00e8tes grill\u00e9es \u00e0 vendre"},"content":{"rendered":"<p class=\"translation-block\">Le <strong>machine de d\u00e9corticage des arachides<\/strong> est sp\u00e9cialement con\u00e7u pour d\u00e9coller les arachides grill\u00e9es. Cette machine utilise le principe de transmission par friction de roulement diff\u00e9rentiel. Elle peut enlever automatiquement la peau rouge ext\u00e9rieure sans endommager les noyaux d'arachide. <\/p>    <p>Our factory processes different models of roasted peanut red skin peeler machines for choice, with output ranging from 200-1000kg\/h. The peanut&#8217;s peeling rate is as high as 98%, and the kernel damage rate is less than 2%.<\/p>    <p>Cette machine de d\u00e9corticage d'arachides est largement utilis\u00e9e dans la production de arachides frites, arachides multi-saveurs, lait d'arachide, poudre de prot\u00e9ines d'arachide, bonbons \u00e0 l'arachide, caramel d'arachide, g\u00e2teau d'arachide, beurre d'arachide, et produits en conserve.<\/p>    <figure class=\"wp-block-embed aligncenter is-type-video is-provider-youtube wp-block-embed-youtube wp-embed-aspect-16-9 wp-has-aspect-ratio\"><div class=\"wp-block-embed__wrapper\"> <iframe loading=\"lazy\" title=\"Machine de d\u00e9corticage efficace pour la transformation alimentaire de l&#039;arachide !#arachide #groundnut #d\u00e9corticage\" width=\"500\" height=\"281\" src=\"https:\/\/www.youtube.com\/embed\/_HGeXxUyVp0?feature=oembed\" frameborder=\"0\" allow=\"accelerometer; autoplay; clipboard-write; encrypted-media; gyroscope; picture-in-picture; web-share\" referrerpolicy=\"strict-origin-when-cross-origin\" allowfullscreen><\/iframe> <\/div><figcaption class=\"wp-element-caption\">Vid\u00e9o de fonctionnement d'une machine de d\u00e9corticage d'arachides grill\u00e9es<\/figcaption><\/figure>    <h2 class=\"wp-block-heading\">Exigences pour les mati\u00e8res premi\u00e8res<\/h2>    <ol class=\"wp-block-list\"> <li>La teneur en humidit\u00e9 des mati\u00e8res premi\u00e8res apr\u00e8s friture\/torrefaction est d'environ 4 %.<\/li>    <li>Apr\u00e8s la sortie des mati\u00e8res premi\u00e8res du four, la temp\u00e9rature est trop \u00e9lev\u00e9e, ce qui affecte l'effet de d\u00e9corticage et endommage la machine.<\/li>    <li>Les mati\u00e8res premi\u00e8res \u00e0 d\u00e9coller ne doivent pas contenir d'impuret\u00e9s telles que des limaille de fer et des pierres pour \u00e9viter d'endommager la machine.<\/li> <\/ol>    <p class=\"translation-block\">Les arachides sont g\u00e9n\u00e9ralement utilis\u00e9es avec une machine \u00e0 torr\u00e9fier les arachides avant d'\u00eatre d\u00e9cortiqu\u00e9es, ce que nous pouvons \u00e9galement fournir. Pour plus d'informations, veuillez cliquer sur <strong><em><a href=\"https:\/\/www.agriculture-machine.com\/fr\/peanut-roasting-machine\/\">Machine de torr\u00e9faction d'arachides \u00e9lectrique &amp; gaz pour la vente<\/a><\/em><\/strong>.<\/p>    <h2 class=\"wp-block-heading\">M\u00e9thode de c\u00e2blage et d'utilisation<\/h2>    <ol class=\"wp-block-list\"> <li>Tension : 380V, triphas\u00e9, 50hz.<\/li>    <li>Apr\u00e8s avoir connect\u00e9 le c\u00e2blage depuis la tr\u00e9mie \u00e0 l'arri\u00e8re de la machine, il y a un interrupteur. Allumez l'interrupteur pour le c\u00e2blage.<\/li>    <li>Placez la machine de mani\u00e8re stable, maintenez-la \u00e0 niveau, et mettez un sac en cuir \u00e0 l'entr\u00e9e du ventilateur.<\/li>    <li>Avant de d\u00e9marrer la machine, v\u00e9rifiez si la ligne \u00e9lectrique est normale, si les composants sont l\u00e2ches, et si le test de fonctionnement est normal.<\/li>    <li>Assurez-vous que l'unit\u00e9 principale et le ventilateur tournent en avant.<\/li> <\/ol>    <figure class=\"wp-block-gallery has-nested-images columns-default is-cropped wp-block-gallery-2 is-layout-flex wp-block-gallery-is-layout-flex\"> <figure class=\"wp-block-image size-large\"><img loading=\"lazy\" decoding=\"async\" width=\"720\" height=\"540\" data-id=\"16011\" src=\"https:\/\/www.agriculture-machine.com\/wp-content\/uploads\/2024\/05\/peanut-peeling-machine-for-sale.webp\" alt=\"Machine de d\u00e9corticage des arachides \u00e0 vendre\" class=\"wp-image-16011\" srcset=\"https:\/\/www.agriculture-machine.com\/wp-content\/uploads\/2024\/05\/peanut-peeling-machine-for-sale.webp 720w, https:\/\/www.agriculture-machine.com\/wp-content\/uploads\/2024\/05\/peanut-peeling-machine-for-sale-360x270.webp 360w, https:\/\/www.agriculture-machine.com\/wp-content\/uploads\/2024\/05\/peanut-peeling-machine-for-sale-240x180.webp 240w, https:\/\/www.agriculture-machine.com\/wp-content\/uploads\/2024\/05\/peanut-peeling-machine-for-sale-16x12.webp 16w\" sizes=\"auto, (max-width: 720px) 100vw, 720px\" \/><figcaption class=\"wp-element-caption\">Machine de d\u00e9corticage des arachides \u00e0 vendre<\/figcaption><\/figure>    <figure class=\"wp-block-image size-large\"><img loading=\"lazy\" decoding=\"async\" width=\"720\" height=\"540\" data-id=\"16010\" src=\"https:\/\/www.agriculture-machine.com\/wp-content\/uploads\/2024\/05\/high-efficiency-peanut-peeler.webp\" alt=\"D\u00e9cortiqueur d&#039;arachides \u00e0 haute efficacit\u00e9\" class=\"wp-image-16010\" srcset=\"https:\/\/www.agriculture-machine.com\/wp-content\/uploads\/2024\/05\/high-efficiency-peanut-peeler.webp 720w, https:\/\/www.agriculture-machine.com\/wp-content\/uploads\/2024\/05\/high-efficiency-peanut-peeler-360x270.webp 360w, https:\/\/www.agriculture-machine.com\/wp-content\/uploads\/2024\/05\/high-efficiency-peanut-peeler-240x180.webp 240w, https:\/\/www.agriculture-machine.com\/wp-content\/uploads\/2024\/05\/high-efficiency-peanut-peeler-16x12.webp 16w\" sizes=\"auto, (max-width: 720px) 100vw, 720px\" \/><figcaption class=\"wp-element-caption\">D\u00e9cortiqueur d'arachides \u00e0 haute efficacit\u00e9<\/figcaption><\/figure> <\/figure>    <h2 class=\"wp-block-heading\">Structure principale et fonction<\/h2>    <p>Cette unit\u00e9 se compose d'une machine de d\u00e9corticage d'arachides et d'un \u00e9quipement de stockage de la peau :<\/p>    <ol class=\"wp-block-list\"> <li>La machine de d\u00e9corticage est utilis\u00e9e pour enlever la peau rouge des arachides de diff\u00e9rentes sp\u00e9cifications.<\/li>    <li>L'\u00e9quipement de stockage de la peau sert \u00e0 absorber les peaux d'arachides d\u00e9coll\u00e9es dans le sac \u00e0 peau via le ventilateur.<\/li> <\/ol>    <p>Fonction principale :<\/p>    <p>En adoptant la structure de frottement par rouleau, le noyau d'arachide sec entre dans la machine principale via la tr\u00e9mie. La peau rouge est enlev\u00e9e par le rouleau de frottement rotatif \u00e0 grande vitesse et aspir\u00e9e par le ventilateur, et le noyau blanc d'arachide apr\u00e8s d\u00e9corticage est \u00e9vacu\u00e9 par le port de sortie \u00e0 l'avant.<\/p>    <h2 class=\"wp-block-heading\">Fonctionnement de la machine de d\u00e9corticage des arachides<\/h2>    <p>Avant de d\u00e9marrer la machine, v\u00e9rifiez si le circuit \u00e9lectrique est normal et si le test de fonctionnement est r\u00e9ussi.<\/p>   <div id=\"rank-math-howto\" class=\"rank-math-block\" > <div class=\"rank-math-howto-description\">  <\/div>  <div class=\"rank-math-steps\"> <div id=\"howto-step-1715758075524\" class=\"rank-math-step\"> <div class=\"rank-math-step-content\"><p>D\u00e9marrez d'abord la machine de d\u00e9corticage, puis mettez les arachides cuites refroidies.<\/p> <\/div> <\/div> <div id=\"howto-step-1715758090000\" class=\"rank-math-step\"> <div class=\"rank-math-step-content\"><p>Rotate the peeler machine&#8217;s discharge plate rod to the right to raise the discharge plate and slow the rapid outflow of peanuts.<\/p> <\/div> <\/div> <div id=\"howto-step-1715758095905\" class=\"rank-math-step\"> <div class=\"rank-math-step-content\"><p>R\u00e9ajustez la plaque de d\u00e9charge \u00e0 la hauteur la plus basse avec un taux de grains faibles et un taux de d\u00e9corticage \u00e9lev\u00e9.<\/p> <\/div> <\/div> <\/div> <\/div>       <figure class=\"wp-block-gallery has-nested-images columns-default is-cropped wp-block-gallery-3 is-layout-flex wp-block-gallery-is-layout-flex\"> <figure class=\"wp-block-image size-large\"><img loading=\"lazy\" decoding=\"async\" width=\"720\" height=\"540\" data-id=\"16013\" src=\"https:\/\/www.agriculture-machine.com\/wp-content\/uploads\/2024\/05\/groundnut-dry-peeling-machine.webp\" alt=\"Machine de d\u00e9corticage \u00e0 sec des arachides\" class=\"wp-image-16013\" srcset=\"https:\/\/www.agriculture-machine.com\/wp-content\/uploads\/2024\/05\/groundnut-dry-peeling-machine.webp 720w, https:\/\/www.agriculture-machine.com\/wp-content\/uploads\/2024\/05\/groundnut-dry-peeling-machine-360x270.webp 360w, https:\/\/www.agriculture-machine.com\/wp-content\/uploads\/2024\/05\/groundnut-dry-peeling-machine-240x180.webp 240w, https:\/\/www.agriculture-machine.com\/wp-content\/uploads\/2024\/05\/groundnut-dry-peeling-machine-16x12.webp 16w\" sizes=\"auto, (max-width: 720px) 100vw, 720px\" \/><figcaption class=\"wp-element-caption\">Machine de d\u00e9corticage \u00e0 sec des arachides<\/figcaption><\/figure>    <figure class=\"wp-block-image size-large\"><img loading=\"lazy\" decoding=\"async\" width=\"720\" height=\"540\" data-id=\"16012\" src=\"https:\/\/www.agriculture-machine.com\/wp-content\/uploads\/2024\/05\/automatic-groundnut-peeler.webp\" alt=\"D\u00e9cortiqueur automatique d&#039;arachides\" class=\"wp-image-16012\" srcset=\"https:\/\/www.agriculture-machine.com\/wp-content\/uploads\/2024\/05\/automatic-groundnut-peeler.webp 720w, https:\/\/www.agriculture-machine.com\/wp-content\/uploads\/2024\/05\/automatic-groundnut-peeler-360x270.webp 360w, https:\/\/www.agriculture-machine.com\/wp-content\/uploads\/2024\/05\/automatic-groundnut-peeler-240x180.webp 240w, https:\/\/www.agriculture-machine.com\/wp-content\/uploads\/2024\/05\/automatic-groundnut-peeler-16x12.webp 16w\" sizes=\"auto, (max-width: 720px) 100vw, 720px\" \/><figcaption class=\"wp-element-caption\">D\u00e9cortiqueur automatique d'arachides<\/figcaption><\/figure> <\/figure>    <h2 class=\"wp-block-heading\">Avantages du d\u00e9colleuse de peau d'arachide<\/h2>    <ul class=\"wp-block-list\"> <li>Le taux de d\u00e9corticage atteint jusqu'\u00e0 98 % et le taux de cassure est faible.<\/li>    <li>La machine est compacte et facile \u00e0 installer et \u00e0 utiliser.<\/li>    <li>Le noyau d'arachide et la peau rouge sont s\u00e9par\u00e9s automatiquement, facile \u00e0 collecter.<\/li>    <li>La peau rouge est collect\u00e9e par un ventilateur \u00e0 vent, pratique pour d'autres utilisations telles que la pharmacie.<\/li> <\/ul>    <figure class=\"wp-block-gallery has-nested-images columns-default is-cropped wp-block-gallery-4 is-layout-flex wp-block-gallery-is-layout-flex\"> <figure class=\"wp-block-image size-large\"><img loading=\"lazy\" decoding=\"async\" width=\"405\" height=\"540\" data-id=\"16008\" src=\"https:\/\/www.agriculture-machine.com\/wp-content\/uploads\/2024\/05\/commercial-nut-processing-machine-405x540.webp\" alt=\"Machine de traitement des noix commerciale\" class=\"wp-image-16008\" srcset=\"https:\/\/www.agriculture-machine.com\/wp-content\/uploads\/2024\/05\/commercial-nut-processing-machine-405x540.webp 405w, https:\/\/www.agriculture-machine.com\/wp-content\/uploads\/2024\/05\/commercial-nut-processing-machine-203x270.webp 203w, https:\/\/www.agriculture-machine.com\/wp-content\/uploads\/2024\/05\/commercial-nut-processing-machine-9x12.webp 9w, https:\/\/www.agriculture-machine.com\/wp-content\/uploads\/2024\/05\/commercial-nut-processing-machine.webp 540w\" sizes=\"auto, (max-width: 405px) 100vw, 405px\" \/><figcaption class=\"wp-element-caption\">Machine de traitement des noix commerciale<\/figcaption><\/figure>    <figure class=\"wp-block-image size-large\"><img loading=\"lazy\" decoding=\"async\" width=\"405\" height=\"540\" data-id=\"16009\" src=\"https:\/\/www.agriculture-machine.com\/wp-content\/uploads\/2024\/05\/peanut-skin-removal-machine-405x540.webp\" alt=\"Machine de d\u00e9colleuse de peau d&#039;arachide\" class=\"wp-image-16009\" srcset=\"https:\/\/www.agriculture-machine.com\/wp-content\/uploads\/2024\/05\/peanut-skin-removal-machine-405x540.webp 405w, https:\/\/www.agriculture-machine.com\/wp-content\/uploads\/2024\/05\/peanut-skin-removal-machine-203x270.webp 203w, https:\/\/www.agriculture-machine.com\/wp-content\/uploads\/2024\/05\/peanut-skin-removal-machine-9x12.webp 9w, https:\/\/www.agriculture-machine.com\/wp-content\/uploads\/2024\/05\/peanut-skin-removal-machine.webp 540w\" sizes=\"auto, (max-width: 405px) 100vw, 405px\" \/><figcaption class=\"wp-element-caption\">Machine de d\u00e9colleuse de peau d'arachide<\/figcaption><\/figure> <\/figure>    <h2 class=\"wp-block-heading\">Param\u00e8tres de la machine de d\u00e9pelliculage des arachides<\/h2>    <figure class=\"wp-block-table is-style-stripes\"><table><tbody><tr><td>Mod\u00e8le<\/td><td>Capacit\u00e9<\/td><td>Param\u00e8tres<\/td><\/tr><tr><td>ht-1<\/td><td>200-250kg\/h<\/td><td>Puissance du moteur : 0,55kw<br>Puissance du ventilateur : 0,37kw<br>Tension : 380V\/220V<br>Fr\u00e9quence : 50HZ<br>Poids : 110kg<br>Taux de d\u00e9corticage : \u226598%<br>Taille : 1200*500*1200mm<\/td><\/tr><tr><td>ht-2<\/td><td>400-500kg\/h<\/td><td>Puissance du moteur : 0,55kw*2<br>Puissance du ventilateur : 0,55kw<br>Tension : 380V\/220V<br>Fr\u00e9quence : 50HZ<br>Poids : 200kg<br>Taux de d\u00e9corticage : \u226598%<br>Taille : 1200*750*1200mm<\/td><\/tr><tr><td>ht-3<\/td><td>600-750kg\/h<\/td><td>Puissance du moteur : 0,55kw*3<br>Puissance du ventilateur : 0,75kw<br>Tension : 380V\/220V<br>Fr\u00e9quence : 50HZ<br>Poids : 280kg<br>Taux de d\u00e9corticage : \u226598%<br>Taille : 1200*1050*1200mm<\/td><\/tr><tr><td>ht-4<\/td><td>800-1000kg\/h<\/td><td>Puissance du moteur : 0,55kw*4<br>Puissance du ventilateur : 1,5kw<br>Tension : 380V\/220V<br>Fr\u00e9quence : 50HZ<br>Poids : 360kg<br>Taux de d\u00e9corticage : \u226598%<br>Taille : 1200*1400*1200mm<\/td><\/tr><\/tbody><\/table><figcaption class=\"wp-element-caption\">Donn\u00e9es techniques de la machine de d\u00e9corticage des arachides<\/figcaption><\/figure>    <h2 class=\"wp-block-heading\">Machine <strong>Maintenance et r\u00e9paration<\/strong><\/h2>    <ul class=\"wp-block-list\"> <li>Apr\u00e8s le travail, le r\u00e9sidu du rouleau \u00e0 sable doit \u00eatre enlev\u00e9 avec une brosse, et les d\u00e9bris de cuir cass\u00e9 dans le sac de stockage (bo\u00eete) doivent \u00eatre nettoy\u00e9s.<\/li>    <li>Nettoyez r\u00e9guli\u00e8rement le rouleau \u00e0 sabler.<\/li>    <li>Nettoyez quotidiennement les arachides et les granul\u00e9s dans le seau du ventilateur, et ouvrez la porte coulissante \u00e0 l'extr\u00e9mit\u00e9 inf\u00e9rieure de la machine pour lib\u00e9rer les particules.<\/li>    <li>Si le sable simple ne tourne pas, veuillez remplacer la courroie.<\/li>    <li>Nettoyez r\u00e9guli\u00e8rement l'impulseur du ventilateur (poudre d'arachide et peau \u00e9cras\u00e9e sur l'impulseur).<\/li> <\/ul>    <p>Vous pouvez acheter une machine de d\u00e9corticage d'arachides \u00e0 prix d'usine aupr\u00e8s du fournisseur Taizy Machinery Manufacturing avec instruction gratuite. Nous avons exp\u00e9di\u00e9 des machines \u00e0 faible co\u00fbt en Espagne, Vietnam, Cameroun, Kenya, Iran, Congo, Tanzanie, Bolivie, Sri Lanka, Nigeria et \u00c9gypte. Vous pouvez nous envoyer vos besoins sp\u00e9cifiques via le formulaire de message \u00e0 droite, et nous esp\u00e9rons pouvoir vous fournir l'\u00e9quipement adapt\u00e9 \u00e0 votre projet de traitement des arachides.<\/p>","protected":false},"excerpt":{"rendered":"<p>Machine de d\u00e9corticage d'arachides sp\u00e9cialement con\u00e7ue pour enlever rapidement la peau ext\u00e9rieure de l'arachide, adapt\u00e9e \u00e0 l'industrie de transformation alimentaire \u00e0 grande \u00e9chelle.<\/p>","protected":false},"author":1,"featured_media":16014,"parent":0,"comment_status":"closed","ping_status":"closed","template":"","tags":[798,797,799],"product-type":[162,2],"class_list":["post-16007","product","type-product","status-publish","has-post-thumbnail","hentry","tag-groundnut","tag-peanut","tag-peanut-kernel","product-type-other-type","product-type-products"],"_links":{"self":[{"href":"https:\/\/www.agriculture-machine.com\/fr\/wp-json\/wp\/v2\/product\/16007","targetHints":{"allow":["GET"]}}],"collection":[{"href":"https:\/\/www.agriculture-machine.com\/fr\/wp-json\/wp\/v2\/product"}],"about":[{"href":"https:\/\/www.agriculture-machine.com\/fr\/wp-json\/wp\/v2\/types\/product"}],"author":[{"embeddable":true,"href":"https:\/\/www.agriculture-machine.com\/fr\/wp-json\/wp\/v2\/users\/1"}],"replies":[{"embeddable":true,"href":"https:\/\/www.agriculture-machine.com\/fr\/wp-json\/wp\/v2\/comments?post=16007"}],"wp:featuredmedia":[{"embeddable":true,"href":"https:\/\/www.agriculture-machine.com\/fr\/wp-json\/wp\/v2\/media\/16014"}],"wp:attachment":[{"href":"https:\/\/www.agriculture-machine.com\/fr\/wp-json\/wp\/v2\/media?parent=16007"}],"wp:term":[{"taxonomy":"post_tag","embeddable":true,"href":"https:\/\/www.agriculture-machine.com\/fr\/wp-json\/wp\/v2\/tags?post=16007"},{"taxonomy":"product-type","embeddable":true,"href":"https:\/\/www.agriculture-machine.com\/fr\/wp-json\/wp\/v2\/product-type?post=16007"}],"curies":[{"name":"wp","href":"https:\/\/api.w.org\/{rel}","templated":true}]}}