{"id":17458,"date":"2026-02-27T17:02:53","date_gmt":"2026-02-27T09:02:53","guid":{"rendered":"https:\/\/www.agriculture-machine.com\/?post_type=product&#038;p=17458"},"modified":"2026-02-27T17:02:55","modified_gmt":"2026-02-27T09:02:55","slug":"silage-round-baler-wrapper","status":"publish","type":"product","link":"https:\/\/www.agriculture-machine.com\/fr\/silage-round-baler-wrapper\/","title":{"rendered":"Enrouleur de balles rondes de ensilage 9YDB-60 | Machine d'enveloppement pour balles de fourrage"},"content":{"rendered":"<p>Une mise en balle efficace et un stockage herm\u00e9tique de l'ensilage sont des \u00e9tapes cruciales pour r\u00e9duire les co\u00fbts d'alimentation et am\u00e9liorer la qualit\u00e9 de l'alimentation. La nouvelle enrouleuse de balles rondes d'ensilage de type bande 9YDB-60, dot\u00e9e d'une structure de compression \u00e0 courroie en chevrons et d'un syst\u00e8me de contr\u00f4le PLC enti\u00e8rement automatis\u00e9, r\u00e9alise une automatisation compl\u00e8te du processus de ballage, de tirage de film, d'enveloppement, d'ouverture\/fermeture du tr\u00e9mie et de retournement\/d\u00e9chargement de la balle.<\/p>    <p>L'\u00e9quipement atteint une efficacit\u00e9 de production de 50\u201375 balles par heure, avec un poids individuel de balle allant de 90 \u00e0 140 kg. Les sp\u00e9cifications de la balle sont \u03a6600\u00d7520mm, et la densit\u00e9 de balle d\u00e9passe 800kg\/m\u00b3, permettant une capacit\u00e9 quotidienne de plus de 48 tonnes.<\/p>    <p>La compaction \u00e0 haute densit\u00e9 combin\u00e9e \u00e0 une \u00e9tanch\u00e9it\u00e9 multicouche du film d'ensilage bloque efficacement l'air, favorise la fermentation lactique et r\u00e9duit consid\u00e9rablement le taux de pourrissement. C'est l'\u00e9quipement id\u00e9al pour les exploitations agricoles, les coop\u00e9ratives et les grandes entreprises agricoles.<\/p>    <figure class=\"wp-block-embed aligncenter is-type-video is-provider-youtube wp-block-embed-youtube wp-embed-aspect-16-9 wp-has-aspect-ratio\"><div class=\"wp-block-embed__wrapper\"> <iframe loading=\"lazy\" title=\"New Model Belt Type Silage Baler Wrapper | Efficient &amp; Durable | Latest Design!#silage #silagebaler\" width=\"500\" height=\"281\" src=\"https:\/\/www.youtube.com\/embed\/1WBs7jM_mDE?feature=oembed\" frameborder=\"0\" allow=\"accelerometer; autoplay; clipboard-write; encrypted-media; gyroscope; picture-in-picture; web-share\" referrerpolicy=\"strict-origin-when-cross-origin\" allowfullscreen><\/iframe> <\/div><figcaption class=\"wp-element-caption\">Vid\u00e9o de fonctionnement de la nouvelle machine de ballage et d'enveloppement d'ensilage \u00e0 bande<\/figcaption><\/figure>    <h2 class=\"wp-block-heading\">Domaines d'application de l'enrouleuse de balles rondes d'ensilage<\/h2>    <ul class=\"wp-block-list\"> <li>Pour les grandes exploitations : traitement centralis\u00e9 et stockage \u00e0 long terme des p\u00e2turages, des tiges de ma\u00efs et de l'ensilage pour les fermes laiti\u00e8res, bovines et ovines.<\/li>    <li>Pour les coop\u00e9ratives et exploitations familiales : am\u00e9liorer l'efficacit\u00e9 du stockage, r\u00e9duire la main-d'\u0153uvre et diminuer les co\u00fbts d'alimentation pour les petites et moyennes exploitations agricoles.<\/li>    <li>Pour les grandes entreprises agricoles : soutenir une op\u00e9ration \u00e0 haute intensit\u00e9 et continue lors de la r\u00e9colte d'ensilage, permettant le transport, la vente et le stockage interr\u00e9gional.<\/li>    <li>Pour les fournisseurs de location de machines : offrir des services de ballage d'ensilage aux agriculteurs locaux avec un court d\u00e9lai de retour sur investissement.<\/li> <\/ul>    <figure class=\"wp-block-gallery has-nested-images columns-default is-cropped wp-block-gallery-2 is-layout-flex wp-block-gallery-is-layout-flex\"> <figure class=\"wp-block-image size-large\"><img loading=\"lazy\" decoding=\"async\" width=\"720\" height=\"540\" data-id=\"17465\" src=\"https:\/\/www.agriculture-machine.com\/wp-content\/uploads\/2026\/02\/silage-round-baler-wrapper.webp\" alt=\"Enrouleuse de balles rondes d&#039;ensilage\" class=\"wp-image-17465\" srcset=\"https:\/\/www.agriculture-machine.com\/wp-content\/uploads\/2026\/02\/silage-round-baler-wrapper.webp 720w, https:\/\/www.agriculture-machine.com\/wp-content\/uploads\/2026\/02\/silage-round-baler-wrapper-360x270.webp 360w, https:\/\/www.agriculture-machine.com\/wp-content\/uploads\/2026\/02\/silage-round-baler-wrapper-240x180.webp 240w, https:\/\/www.agriculture-machine.com\/wp-content\/uploads\/2026\/02\/silage-round-baler-wrapper-16x12.webp 16w\" sizes=\"auto, (max-width: 720px) 100vw, 720px\" \/><figcaption class=\"wp-element-caption\">Enrouleuse de balles rondes d'ensilage<\/figcaption><\/figure>    <figure class=\"wp-block-image size-large\"><img loading=\"lazy\" decoding=\"async\" width=\"720\" height=\"540\" data-id=\"17464\" src=\"https:\/\/www.agriculture-machine.com\/wp-content\/uploads\/2026\/02\/hay-silage-baler-and-wrapper.webp\" alt=\"Enrouleuse et machine d&#039;enveloppement d&#039;ensilage de foin\" class=\"wp-image-17464\" srcset=\"https:\/\/www.agriculture-machine.com\/wp-content\/uploads\/2026\/02\/hay-silage-baler-and-wrapper.webp 720w, https:\/\/www.agriculture-machine.com\/wp-content\/uploads\/2026\/02\/hay-silage-baler-and-wrapper-360x270.webp 360w, https:\/\/www.agriculture-machine.com\/wp-content\/uploads\/2026\/02\/hay-silage-baler-and-wrapper-240x180.webp 240w, https:\/\/www.agriculture-machine.com\/wp-content\/uploads\/2026\/02\/hay-silage-baler-and-wrapper-16x12.webp 16w\" sizes=\"auto, (max-width: 720px) 100vw, 720px\" \/><figcaption class=\"wp-element-caption\">Enrouleuse et machine d'enveloppement d'ensilage de foin<\/figcaption><\/figure> <\/figure>    <h2 class=\"wp-block-heading\">Structure de la machine \u00e0 enrouler de balles d'ensilage \u00e0 bande<\/h2>    <p>Cette machine d'enroulement de balles rondes d'ensilage se compose principalement de deux composants principaux : le syst\u00e8me de chambre de ballage et le syst\u00e8me d'enveloppement.<\/p>    <p class=\"translation-block\"><strong>Section de la chambre de ballage<\/strong><\/p>    <ul class=\"wp-block-list\"> <li>Courroie de compression de convoyeur de style osselet<\/li>    <li>Coulisses en alliage d'aluminium \u00e0 haute r\u00e9sistance \u00e0 plusieurs rouleaux<\/li>    <li>Syst\u00e8me d'ouverture\/fermeture automatique de la chambre<\/li>    <li>M\u00e9canisme automatique de retournement et d'\u00e9jection de la balle<\/li> <\/ul>    <p class=\"translation-block\"><strong>Section d'enveloppement<\/strong><\/p>    <ul class=\"wp-block-list\"> <li>Dispositif de tirage automatique du film<\/li>    <li>R\u00e9ducteur \u00e0 engrenages \u00e0 vis sans fin<\/li>    <li>Syst\u00e8me de r\u00e9glage du nombre de couches d'emballage<\/li>    <li>M\u00e9canisme de coupe automatique du film<\/li> <\/ul>    <p>Contrairement aux anciens mod\u00e8les TZ-55-52 et 70 de machines d'enroulement de balles d'ensilage, le 9YDB-60 utilise une structure int\u00e9gr\u00e9e de film d'ensilage transparent, offrant une meilleure performance d'\u00e9tanch\u00e9it\u00e9.<\/p>    <figure class=\"wp-block-gallery has-nested-images columns-2 is-cropped wp-block-gallery-3 is-layout-flex wp-block-gallery-is-layout-flex\"> <figure class=\"wp-block-image size-large\"><img loading=\"lazy\" decoding=\"async\" width=\"720\" height=\"540\" data-id=\"17468\" src=\"https:\/\/www.agriculture-machine.com\/wp-content\/uploads\/2026\/02\/conveyor-belt-and-plastic-film.webp\" alt=\"Courroie de convoyeur et film plastique\" class=\"wp-image-17468\" srcset=\"https:\/\/www.agriculture-machine.com\/wp-content\/uploads\/2026\/02\/conveyor-belt-and-plastic-film.webp 720w, https:\/\/www.agriculture-machine.com\/wp-content\/uploads\/2026\/02\/conveyor-belt-and-plastic-film-360x270.webp 360w, https:\/\/www.agriculture-machine.com\/wp-content\/uploads\/2026\/02\/conveyor-belt-and-plastic-film-240x180.webp 240w, https:\/\/www.agriculture-machine.com\/wp-content\/uploads\/2026\/02\/conveyor-belt-and-plastic-film-16x12.webp 16w\" sizes=\"auto, (max-width: 720px) 100vw, 720px\" \/><figcaption class=\"wp-element-caption\">Courroie de convoyeur et film plastique<\/figcaption><\/figure>    <figure class=\"wp-block-image size-large\"><img loading=\"lazy\" decoding=\"async\" width=\"720\" height=\"540\" data-id=\"17469\" src=\"https:\/\/www.agriculture-machine.com\/wp-content\/uploads\/2026\/02\/PLC-control-cabinet-and-bin.webp\" alt=\"Armoire de contr\u00f4le PLC et tr\u00e9mie\" class=\"wp-image-17469\" srcset=\"https:\/\/www.agriculture-machine.com\/wp-content\/uploads\/2026\/02\/PLC-control-cabinet-and-bin.webp 720w, https:\/\/www.agriculture-machine.com\/wp-content\/uploads\/2026\/02\/PLC-control-cabinet-and-bin-360x270.webp 360w, https:\/\/www.agriculture-machine.com\/wp-content\/uploads\/2026\/02\/PLC-control-cabinet-and-bin-240x180.webp 240w, https:\/\/www.agriculture-machine.com\/wp-content\/uploads\/2026\/02\/PLC-control-cabinet-and-bin-16x12.webp 16w\" sizes=\"auto, (max-width: 720px) 100vw, 720px\" \/><figcaption class=\"wp-element-caption\">Armoire de contr\u00f4le PLC et tr\u00e9mie<\/figcaption><\/figure>    <figure class=\"wp-block-image size-large\"><img loading=\"lazy\" decoding=\"async\" width=\"720\" height=\"540\" data-id=\"17467\" src=\"https:\/\/www.agriculture-machine.com\/wp-content\/uploads\/2026\/02\/baling-belt-and-wrap-device.webp\" alt=\"Courroie de ballage et dispositif d&#039;enveloppement\" class=\"wp-image-17467\" srcset=\"https:\/\/www.agriculture-machine.com\/wp-content\/uploads\/2026\/02\/baling-belt-and-wrap-device.webp 720w, https:\/\/www.agriculture-machine.com\/wp-content\/uploads\/2026\/02\/baling-belt-and-wrap-device-360x270.webp 360w, https:\/\/www.agriculture-machine.com\/wp-content\/uploads\/2026\/02\/baling-belt-and-wrap-device-240x180.webp 240w, https:\/\/www.agriculture-machine.com\/wp-content\/uploads\/2026\/02\/baling-belt-and-wrap-device-16x12.webp 16w\" sizes=\"auto, (max-width: 720px) 100vw, 720px\" \/><figcaption class=\"wp-element-caption\">Courroie de ballage et dispositif d'enveloppement<\/figcaption><\/figure>    <figure class=\"wp-block-image size-large\"><img loading=\"lazy\" decoding=\"async\" width=\"720\" height=\"540\" data-id=\"17466\" src=\"https:\/\/www.agriculture-machine.com\/wp-content\/uploads\/2026\/02\/automatic-film-cutting-and-alarming.webp\" alt=\"Coupe automatique du film et alarme\" class=\"wp-image-17466\" srcset=\"https:\/\/www.agriculture-machine.com\/wp-content\/uploads\/2026\/02\/automatic-film-cutting-and-alarming.webp 720w, https:\/\/www.agriculture-machine.com\/wp-content\/uploads\/2026\/02\/automatic-film-cutting-and-alarming-360x270.webp 360w, https:\/\/www.agriculture-machine.com\/wp-content\/uploads\/2026\/02\/automatic-film-cutting-and-alarming-240x180.webp 240w, https:\/\/www.agriculture-machine.com\/wp-content\/uploads\/2026\/02\/automatic-film-cutting-and-alarming-16x12.webp 16w\" sizes=\"auto, (max-width: 720px) 100vw, 720px\" \/><figcaption class=\"wp-element-caption\">Coupe automatique du film et alarme<\/figcaption><\/figure> <\/figure>    <h3 class=\"wp-block-heading\">Affichage des d\u00e9tails cl\u00e9s<\/h3>    <div class=\"wp-block-media-text is-stacked-on-mobile\"><figure class=\"wp-block-media-text__media\"><img loading=\"lazy\" decoding=\"async\" width=\"720\" height=\"540\" src=\"https:\/\/www.agriculture-machine.com\/wp-content\/uploads\/2026\/02\/belt-type-silage-round-baler-wrapper-structure.webp\" alt=\"L&#039;enrouleuse de balles rondes d&#039;ensilage 9YDB-60, dot\u00e9e d&#039;un syst\u00e8me de courroie en chevrons pour une compression \u00e0 haute densit\u00e9, produit 50\u201375 balles par heure pour un ballage efficace, un enroulement et un stockage \u00e0 long terme de l&#039;ensilage.\" class=\"wp-image-17476 size-full\" srcset=\"https:\/\/www.agriculture-machine.com\/wp-content\/uploads\/2026\/02\/belt-type-silage-round-baler-wrapper-structure.webp 720w, https:\/\/www.agriculture-machine.com\/wp-content\/uploads\/2026\/02\/belt-type-silage-round-baler-wrapper-structure-360x270.webp 360w, https:\/\/www.agriculture-machine.com\/wp-content\/uploads\/2026\/02\/belt-type-silage-round-baler-wrapper-structure-240x180.webp 240w, https:\/\/www.agriculture-machine.com\/wp-content\/uploads\/2026\/02\/belt-type-silage-round-baler-wrapper-structure-16x12.webp 16w\" sizes=\"auto, (max-width: 720px) 100vw, 720px\" \/><\/figure><div class=\"wp-block-media-text__content\"> <ul class=\"wp-block-list\"> <li>Dimensions de la courroie de convoyeur : 2500\u00d7517mm<\/li>    <li>Dimensions de la courroie en osselet : 2300\u00d7517mm (bac fixe), 2470\u00d7517mm (bac mobile)<\/li>    <li>\u00c9paisseur de la courroie : 5mm<\/li>    <li>Diam\u00e8tre de l'arbre du rouleau de pression : 30mm<\/li>    <li>Roulement en aluminium Mod\u00e8le : FC205 (montage \u00e0 quatre vis)<\/li>    <li>Mod\u00e8le de cha\u00eene : Cha\u00eene industrielle 12A<\/li>    <li>\u00c9paisseur du panneau lat\u00e9ral : 6mm<\/li>    <li>L'ensemble est rev\u00eatu de poudre pour une meilleure r\u00e9sistance \u00e0 la corrosion<\/li>    <li>\u00c9quip\u00e9 d'un pistolet \u00e0 air pour la maintenance quotidienne pratique<\/li> <\/ul> <\/div><\/div>    <h2 class=\"wp-block-heading\">Principe de fonctionnement de l'enrouleuse et du machine d'emballage<\/h2>    <ol class=\"wp-block-list\"> <li>Pr\u00e9-traitement des mati\u00e8res premi\u00e8res : la mati\u00e8re premi\u00e8re d'ensilage est g\u00e9n\u00e9ralement hach\u00e9e par un coupeur avant d'\u00eatre aliment\u00e9e de mani\u00e8re uniforme dans la chambre de ballage via une bande transporteuse automatique.<\/li>    <li>Moulage par compression : la courroie et les rouleaux de pression travaillent ensemble pour compresser le mat\u00e9riau en balles cylindriques \u00e0 haute densit\u00e9.<\/li>    <li>Enveloppement automatique du film : \u00e0 la fin du ballage, le film est automatiquement tir\u00e9 et envelopp\u00e9 uniform\u00e9ment autour de la balle, assurant une encapsulation compl\u00e8te.<\/li>    <li>Retour automatique de la balle enroul\u00e9e et d\u00e9charge : la balle enroul\u00e9e est automatiquement retourn\u00e9e et d\u00e9charg\u00e9e pour un chargement ou un stockage pratique.<\/li> <\/ol>    <figure class=\"wp-block-gallery has-nested-images columns-default is-cropped wp-block-gallery-4 is-layout-flex wp-block-gallery-is-layout-flex\"> <figure class=\"wp-block-image size-large\"><img loading=\"lazy\" decoding=\"async\" width=\"720\" height=\"540\" data-id=\"17470\" src=\"https:\/\/www.agriculture-machine.com\/wp-content\/uploads\/2026\/02\/automatic-forage-bale-wrapper.webp\" alt=\"Enrouleuse de balles d&#039;ensilage automatique\" class=\"wp-image-17470\" srcset=\"https:\/\/www.agriculture-machine.com\/wp-content\/uploads\/2026\/02\/automatic-forage-bale-wrapper.webp 720w, https:\/\/www.agriculture-machine.com\/wp-content\/uploads\/2026\/02\/automatic-forage-bale-wrapper-360x270.webp 360w, https:\/\/www.agriculture-machine.com\/wp-content\/uploads\/2026\/02\/automatic-forage-bale-wrapper-240x180.webp 240w, https:\/\/www.agriculture-machine.com\/wp-content\/uploads\/2026\/02\/automatic-forage-bale-wrapper-16x12.webp 16w\" sizes=\"auto, (max-width: 720px) 100vw, 720px\" \/><figcaption class=\"wp-element-caption\">Enrouleuse de balles d'ensilage automatique<\/figcaption><\/figure>    <figure class=\"wp-block-image size-large\"><img loading=\"lazy\" decoding=\"async\" width=\"720\" height=\"540\" data-id=\"17471\" src=\"https:\/\/www.agriculture-machine.com\/wp-content\/uploads\/2026\/02\/high\u2011density-forage-bale-wrapper-machine.webp\" alt=\"Machine d&#039;enveloppement de balles d&#039;ensilage \u00e0 haute densit\u00e9\" class=\"wp-image-17471\" srcset=\"https:\/\/www.agriculture-machine.com\/wp-content\/uploads\/2026\/02\/high\u2011density-forage-bale-wrapper-machine.webp 720w, https:\/\/www.agriculture-machine.com\/wp-content\/uploads\/2026\/02\/high\u2011density-forage-bale-wrapper-machine-360x270.webp 360w, https:\/\/www.agriculture-machine.com\/wp-content\/uploads\/2026\/02\/high\u2011density-forage-bale-wrapper-machine-240x180.webp 240w, https:\/\/www.agriculture-machine.com\/wp-content\/uploads\/2026\/02\/high\u2011density-forage-bale-wrapper-machine-16x12.webp 16w\" sizes=\"auto, (max-width: 720px) 100vw, 720px\" \/><figcaption class=\"wp-element-caption\">Machine d'enveloppement de balles d'ensilage \u00e0 haute densit\u00e9<\/figcaption><\/figure> <\/figure>    <h2 class=\"wp-block-heading\">Caract\u00e9ristiques techniques de l'enrouleuse d'ensilage<\/h2>    <figure class=\"wp-block-table is-style-stripes\"><table class=\"has-fixed-layout\"><tbody><tr><td><strong>Mod\u00e8le<\/strong><\/td><td><strong>Type de courroie 9YDB-60<\/strong><\/td><\/tr><tr><td>Taille de la balle<\/td><td>\u03a6600\u00d7520 mm<\/td><\/tr><tr><td>Poids de la balle<\/td><td>90\u2013140 kg<\/td><\/tr><tr><td>Productivit\u00e9<\/td><td>50\u201375 balles\/h<\/td><\/tr><tr><td>Capacit\u00e9 quotidienne<\/td><td>Jusqu'\u00e0 48 tonnes<\/td><\/tr><tr><td>Alimentation principale<\/td><td>7,5 kW<\/td><\/tr><tr><td>Moteur de compresseur d'air<\/td><td>1,5 kW<\/td><\/tr><tr><td>Moteur d'enveloppement<\/td><td>0,75 kW<\/td><\/tr><tr><td>Vitesse nominale<\/td><td>350 r\/min<\/td><\/tr><tr><td>Densit\u00e9<\/td><td>\u2265800 kg\/m\u00b3<\/td><\/tr><tr><td>Taille de la machine<\/td><td>3500\u00d71450\u00d71550 mm<\/td><\/tr><tr><td>\u00c9paisseur de la courroie<\/td><td>5 mm<\/td><\/tr><tr><td>\u00c9paisseur de la plaque murale<\/td><td>6 mm<\/td><\/tr><tr><td>Couches d'enveloppement<\/td><td>R\u00e9glable<\/td><\/tr><tr><td>Mat\u00e9riau d'enveloppement<\/td><td>Film d'ensilage<\/td><\/tr><\/tbody><\/table><figcaption class=\"wp-element-caption\">Param\u00e8tres techniques de la machine enrouleuse de balles rondes d'ensilage \u00e0 bande<\/figcaption><\/figure>    <figure class=\"wp-block-gallery has-nested-images columns-default is-cropped wp-block-gallery-5 is-layout-flex wp-block-gallery-is-layout-flex\"> <figure class=\"wp-block-image size-large\"><img loading=\"lazy\" decoding=\"async\" width=\"720\" height=\"540\" data-id=\"17473\" src=\"https:\/\/www.agriculture-machine.com\/wp-content\/uploads\/2026\/02\/silage-round-bale-packing-machine.webp\" alt=\"Machine d&#039;emballage de balles rondes d&#039;ensilage\" class=\"wp-image-17473\" srcset=\"https:\/\/www.agriculture-machine.com\/wp-content\/uploads\/2026\/02\/silage-round-bale-packing-machine.webp 720w, https:\/\/www.agriculture-machine.com\/wp-content\/uploads\/2026\/02\/silage-round-bale-packing-machine-360x270.webp 360w, https:\/\/www.agriculture-machine.com\/wp-content\/uploads\/2026\/02\/silage-round-bale-packing-machine-240x180.webp 240w, https:\/\/www.agriculture-machine.com\/wp-content\/uploads\/2026\/02\/silage-round-bale-packing-machine-16x12.webp 16w\" sizes=\"auto, (max-width: 720px) 100vw, 720px\" \/><figcaption class=\"wp-element-caption\">Machine d'emballage de balles rondes d'ensilage<\/figcaption><\/figure>    <figure class=\"wp-block-image size-large\"><img loading=\"lazy\" decoding=\"async\" width=\"720\" height=\"540\" data-id=\"17472\" src=\"https:\/\/www.agriculture-machine.com\/wp-content\/uploads\/2026\/02\/agricultural-baling-machinery.webp\" alt=\"Machinerie agricole de ballage\" class=\"wp-image-17472\" srcset=\"https:\/\/www.agriculture-machine.com\/wp-content\/uploads\/2026\/02\/agricultural-baling-machinery.webp 720w, https:\/\/www.agriculture-machine.com\/wp-content\/uploads\/2026\/02\/agricultural-baling-machinery-360x270.webp 360w, https:\/\/www.agriculture-machine.com\/wp-content\/uploads\/2026\/02\/agricultural-baling-machinery-240x180.webp 240w, https:\/\/www.agriculture-machine.com\/wp-content\/uploads\/2026\/02\/agricultural-baling-machinery-16x12.webp 16w\" sizes=\"auto, (max-width: 720px) 100vw, 720px\" \/><figcaption class=\"wp-element-caption\">Machinerie agricole de ballage<\/figcaption><\/figure> <\/figure>    <h2 class=\"wp-block-heading\">Principaux avantages de l'enrouleuse de forage \u00e0 bande<\/h2>    <ul class=\"wp-block-list\"> <li>Compression \u00e0 haute densit\u00e9 avec courroies en chevrons : cette structure pour chambres mobiles et fixes, avec 17 rouleaux de pression (8 mobiles   9 fixes) pour une compression uniforme et une formation dense de la balle.<\/li>    <li>Contr\u00f4le intelligent enti\u00e8rement automatique : armoire de contr\u00f4le PLC avec modes automatique\/manual ; ballage, enroulement, retournement et retour automatiques, r\u00e9duisant consid\u00e9rablement la main-d'\u0153uvre.<\/li>    <li>Syst\u00e8me de densit\u00e9 r\u00e9glable : la densit\u00e9 peut \u00eatre contr\u00f4l\u00e9e par ajustement du courant, adapt\u00e9 aux mat\u00e9riaux avec diff\u00e9rents taux d'humidit\u00e9.<\/li>    <li>Support de film \u00e0 double ressort : assure une tension uniforme et un enroulement stable du film \u00e9tirable, am\u00e9liorant la performance d'\u00e9tanch\u00e9it\u00e9.<\/li>    <li>Structure de roulement externe : tous les roulements sont mont\u00e9s \u00e0 l'ext\u00e9rieur pour un entretien facile et une dur\u00e9e de vie prolong\u00e9e.<\/li> <\/ul>    <h2 class=\"wp-block-heading\">\u00c9quipement de support pour enrouleuse d'ensilage<\/h2>    <ul class=\"wp-block-list\"> <li>Alimentateur automatique de ensilage : recommand\u00e9 pour une utilisation avec un \u00e9quipement de convoyeur d'alimentation automatique pour assurer une alimentation continue et uniforme et am\u00e9liorer la stabilit\u00e9 op\u00e9rationnelle globale.<\/li>    <li>Chariot de transport compl\u00e9mentaire : chariot de transport gratuit inclus pour faciliter le transfert et le stockage des balles, am\u00e9liorant l'efficacit\u00e9 op\u00e9rationnelle.<\/li> <\/ul>    <figure class=\"wp-block-gallery has-nested-images columns-default is-cropped wp-block-gallery-6 is-layout-flex wp-block-gallery-is-layout-flex\"> <figure class=\"wp-block-image size-large\"><img loading=\"lazy\" decoding=\"async\" width=\"720\" height=\"540\" data-id=\"17475\" src=\"https:\/\/www.agriculture-machine.com\/wp-content\/uploads\/2026\/02\/silage-baler-with-a-feeder.webp\" alt=\"Enrouleuse d&#039;ensilage avec alimentateur\" class=\"wp-image-17475\" srcset=\"https:\/\/www.agriculture-machine.com\/wp-content\/uploads\/2026\/02\/silage-baler-with-a-feeder.webp 720w, https:\/\/www.agriculture-machine.com\/wp-content\/uploads\/2026\/02\/silage-baler-with-a-feeder-360x270.webp 360w, https:\/\/www.agriculture-machine.com\/wp-content\/uploads\/2026\/02\/silage-baler-with-a-feeder-240x180.webp 240w, https:\/\/www.agriculture-machine.com\/wp-content\/uploads\/2026\/02\/silage-baler-with-a-feeder-16x12.webp 16w\" sizes=\"auto, (max-width: 720px) 100vw, 720px\" \/><figcaption class=\"wp-element-caption\">Enrouleuse d'ensilage avec alimentateur<\/figcaption><\/figure>    <figure class=\"wp-block-image size-large\"><img loading=\"lazy\" decoding=\"async\" width=\"720\" height=\"540\" data-id=\"17474\" src=\"https:\/\/www.agriculture-machine.com\/wp-content\/uploads\/2026\/02\/complimentary-trolley.webp\" alt=\"chariot gratuit\" class=\"wp-image-17474\" srcset=\"https:\/\/www.agriculture-machine.com\/wp-content\/uploads\/2026\/02\/complimentary-trolley.webp 720w, https:\/\/www.agriculture-machine.com\/wp-content\/uploads\/2026\/02\/complimentary-trolley-360x270.webp 360w, https:\/\/www.agriculture-machine.com\/wp-content\/uploads\/2026\/02\/complimentary-trolley-240x180.webp 240w, https:\/\/www.agriculture-machine.com\/wp-content\/uploads\/2026\/02\/complimentary-trolley-16x12.webp 16w\" sizes=\"auto, (max-width: 720px) 100vw, 720px\" \/><figcaption class=\"wp-element-caption\">Chariot compl\u00e9mentaire pour l'enrouleuse de balles rondes d'ensilage<\/figcaption><\/figure> <\/figure>    <figure class=\"wp-block-embed aligncenter is-type-video is-provider-youtube wp-block-embed-youtube wp-embed-aspect-16-9 wp-has-aspect-ratio\"><div class=\"wp-block-embed__wrapper\"> <iframe loading=\"lazy\" title=\"Silage Baler Wrapper with Storage Hopper | Higher Efficiency &amp; Continuous Operation!#silagebaler\" width=\"500\" height=\"281\" src=\"https:\/\/www.youtube.com\/embed\/8sUb9oKwDqk?feature=oembed\" frameborder=\"0\" allow=\"accelerometer; autoplay; clipboard-write; encrypted-media; gyroscope; picture-in-picture; web-share\" referrerpolicy=\"strict-origin-when-cross-origin\" allowfullscreen><\/iframe> <\/div><figcaption class=\"wp-element-caption\">Vid\u00e9o de fonctionnement de la machine enrouleuse de balles rondes d'ensilage avec alimentateur<\/figcaption><\/figure>    <p class=\"translation-block\">Pour plus de mod\u00e8les d'\u00e9quipements d'enrouleuse de balles rondes d'ensilage, veuillez cliquer : <a href=\"https:\/\/www.agriculture-machine.com\/fr\/full-automatic-silage-baling-machine\/\"><strong><em>Machine d'enroulement automatique d'ensilage pour le forage<\/em><\/strong><\/a>.<\/p>    <p>Si vous souhaitez en savoir plus sur les vid\u00e9os d'\u00e9quipement, les propositions de devis ou les services de personnalisation, n'h\u00e9sitez pas \u00e0 nous contacter \u00e0 tout moment. Nous vous invitons \u00e9galement cordialement \u00e0 visiter notre usine pour une inspection sur site. Nous esp\u00e9rons collaborer avec vous !<\/p>","protected":false},"excerpt":{"rendered":"<p>L'enrouleuse de balles rondes de ensilage 9YDB-60 dispose d'un syst\u00e8me de courroie en chevron pour une compression \u00e0 haute densit\u00e9, d\u00e9livrant 50 \u00e0 75 balles par heure pour un ensilage efficace, un emballage et un stockage \u00e0 long terme.<\/p>","protected":false},"author":1,"featured_media":17477,"parent":0,"comment_status":"open","ping_status":"closed","template":"","tags":[772,591,807],"product-type":[876,908],"class_list":["post-17458","product","type-product","status-publish","has-post-thumbnail","hentry","tag-forage","tag-silage","tag-silage-bale","product-type-silage-machine","product-type-sliage-baler"],"_links":{"self":[{"href":"https:\/\/www.agriculture-machine.com\/fr\/wp-json\/wp\/v2\/product\/17458","targetHints":{"allow":["GET"]}}],"collection":[{"href":"https:\/\/www.agriculture-machine.com\/fr\/wp-json\/wp\/v2\/product"}],"about":[{"href":"https:\/\/www.agriculture-machine.com\/fr\/wp-json\/wp\/v2\/types\/product"}],"author":[{"embeddable":true,"href":"https:\/\/www.agriculture-machine.com\/fr\/wp-json\/wp\/v2\/users\/1"}],"replies":[{"embeddable":true,"href":"https:\/\/www.agriculture-machine.com\/fr\/wp-json\/wp\/v2\/comments?post=17458"}],"wp:featuredmedia":[{"embeddable":true,"href":"https:\/\/www.agriculture-machine.com\/fr\/wp-json\/wp\/v2\/media\/17477"}],"wp:attachment":[{"href":"https:\/\/www.agriculture-machine.com\/fr\/wp-json\/wp\/v2\/media?parent=17458"}],"wp:term":[{"taxonomy":"post_tag","embeddable":true,"href":"https:\/\/www.agriculture-machine.com\/fr\/wp-json\/wp\/v2\/tags?post=17458"},{"taxonomy":"product-type","embeddable":true,"href":"https:\/\/www.agriculture-machine.com\/fr\/wp-json\/wp\/v2\/product-type?post=17458"}],"curies":[{"name":"wp","href":"https:\/\/api.w.org\/{rel}","templated":true}]}}