{"id":17495,"date":"2026-03-05T17:40:30","date_gmt":"2026-03-05T09:40:30","guid":{"rendered":"https:\/\/www.agriculture-machine.com\/?post_type=product&#038;p=17495"},"modified":"2026-04-13T15:59:27","modified_gmt":"2026-04-13T07:59:27","slug":"silage-packing-baler","status":"publish","type":"product","link":"https:\/\/www.agriculture-machine.com\/fr\/silage-packing-baler\/","title":{"rendered":"Enrouleuse de balles d'ensilage 9YDB-60-2 | Enrouleuse \u00e0 double film"},"content":{"rendered":"<p>La machine \u00e0 emballer en balles de silo \u00e0 double film mont\u00e9e sur tracteur 9YDB-60-2 est une presse \u00e0 balles ronde \u00e0 haute efficacit\u00e9 et un emballageur \u00e0 double couche r\u00e9cemment d\u00e9velopp\u00e9, sp\u00e9cialement con\u00e7ue pour le silo \u00e0 haute densit\u00e9.<\/p>    <p>Production de balles mesurant \u03a6550\u00d7550 mm avec un poids de 80-120 kg chacune, atteignant une production de 60-85 balles par heure. Cela am\u00e9liore significativement la qualit\u00e9 de fermentation de l'ensilage et la stabilit\u00e9 du stockage tout en minimisant les pertes de mati\u00e8re. <\/p>    <p>Dot\u00e9e d'un moteur \u00e9lectrique et d'un syst\u00e8me de convoyeur \u00e0 cha\u00eene, la machine offre un fonctionnement simple, stable, avec des co\u00fbts d'entretien faibles, ce qui en fait un choix id\u00e9al pour les fermes, centres de traitement de l'ensilage et distributeurs.<\/p>    <figure class=\"wp-block-embed aligncenter is-type-video is-provider-youtube wp-block-embed-youtube wp-embed-aspect-16-9 wp-has-aspect-ratio\"><div class=\"wp-block-embed__wrapper\"> <iframe loading=\"lazy\" title=\"Machine d&#039;enveloppement de presse \u00e0 ensilage am\u00e9lior\u00e9e | Plus rapide, plus intelligente, plus efficace \ud83c\udf3e\ud83d\ude9c#ensilage #presseensilage\" width=\"500\" height=\"281\" src=\"https:\/\/www.youtube.com\/embed\/aGn-YblQw_g?feature=oembed\" frameborder=\"0\" allow=\"accelerometer; autoplay; clipboard-write; encrypted-media; gyroscope; picture-in-picture; web-share\" referrerpolicy=\"strict-origin-when-cross-origin\" allowfullscreen><\/iframe> <\/div><figcaption class=\"wp-element-caption\">Vid\u00e9o de fonctionnement du nouveau mod\u00e8le T60 machine d'enveloppement d'ensilage<\/figcaption><\/figure>    <h2 class=\"wp-block-heading\">Applications de la presse \u00e0 ensilage<\/h2>    <p>Cette machine \u00e0 emballer en silo \u00e0 double film est adapt\u00e9e pour compresser et sceller divers aliments pour silo, trouvant une large application dans les secteurs suivants :<\/p>    <ul class=\"wp-block-list\"> <li>Ranchs et fermes laiti\u00e8res : pour la mise en balle et l'enveloppement d'ensilage comme le ma\u00efs, l'herbe de p\u00e2turage et la luzerne.<\/li>    <li>Centres de traitement de l'ensilage : pour la production et l'approvisionnement en ensilage \u00e0 grande \u00e9chelle.<\/li>    <li>Coop\u00e9ratives agricoles : traitement centralis\u00e9 des ressources de paille de culture.<\/li>    <li>Entreprises de traitement de fourrage : am\u00e9lioration de la qualit\u00e9 de stockage de l'ensilage et commercialisation.<\/li> <\/ul>    <p>Apr\u00e8s l'enveloppement et le scellement, l'ensilage fermente dans des conditions ana\u00e9robies, minimisant efficacement la perte de nutriments et prolongeant la dur\u00e9e de stockage.<\/p>    <h2 class=\"wp-block-heading\">Avantages de la machine \u00e0 envelopper l'ensilage<\/h2>    <ul class=\"wp-block-list\"> <li>Design d'enveloppement \u00e0 double couche : am\u00e9liore l'uniformit\u00e9 de la fermentation du fourrage et prolonge la dur\u00e9e de stockage.<\/li>    <li>Convoyeur \u00e0 cha\u00eene   structure \u00e0 rouleaux : minimise les pertes de mati\u00e8re et r\u00e9duit la perte d'ensilage.<\/li>    <li>Transmission enti\u00e8rement \u00e9lectrique : assure un fonctionnement fluide avec des co\u00fbts d'entretien faibles.<\/li>    <li>Conception structurelle modulaire : facilite la maintenance de routine et le diagnostic de panne.<\/li>    <li>Mat\u00e9riaux \u00e0 haute r\u00e9sistance et roulements renforc\u00e9s : prolongent la dur\u00e9e de vie.<\/li>    <li>Contr\u00f4le LCD et PLC : op\u00e9ration intuitive avec r\u00e9glages pr\u00e9cis des param\u00e8tres.<\/li>    <li>Support de service personnalis\u00e9 : dimensions et m\u00e9thodes d'enveloppement adaptables aux exigences du client.<\/li>    <li>Conception \u00e0 tracteur avec pneus de grande taille : compatible avec le remorquage par tracteur pour une utilisation dans les p\u00e2turages ou les silos \u00e0 ensilage.<\/li> <\/ul>    <figure class=\"wp-block-gallery has-nested-images columns-default is-cropped wp-block-gallery-2 is-layout-flex wp-block-gallery-is-layout-flex\"> <figure class=\"wp-block-image size-large\"><img loading=\"lazy\" decoding=\"async\" width=\"720\" height=\"540\" data-id=\"17503\" src=\"https:\/\/www.agriculture-machine.com\/wp-content\/uploads\/2026\/03\/round-silage-baler-machine.webp\" alt=\"Machine \u00e0 balle ronde pour ensilage\" class=\"wp-image-17503\" srcset=\"https:\/\/www.agriculture-machine.com\/wp-content\/uploads\/2026\/03\/round-silage-baler-machine.webp 720w, https:\/\/www.agriculture-machine.com\/wp-content\/uploads\/2026\/03\/round-silage-baler-machine-360x270.webp 360w, https:\/\/www.agriculture-machine.com\/wp-content\/uploads\/2026\/03\/round-silage-baler-machine-240x180.webp 240w, https:\/\/www.agriculture-machine.com\/wp-content\/uploads\/2026\/03\/round-silage-baler-machine-16x12.webp 16w\" sizes=\"auto, (max-width: 720px) 100vw, 720px\" \/><figcaption class=\"wp-element-caption\">Machine \u00e0 balle ronde pour ensilage<\/figcaption><\/figure>    <figure class=\"wp-block-image size-large\"><img loading=\"lazy\" decoding=\"async\" width=\"720\" height=\"540\" data-id=\"17502\" src=\"https:\/\/www.agriculture-machine.com\/wp-content\/uploads\/2026\/03\/round-bale-silage-wrapper.webp\" alt=\"Enveloppeuse de balle ronde pour ensilage\" class=\"wp-image-17502\" srcset=\"https:\/\/www.agriculture-machine.com\/wp-content\/uploads\/2026\/03\/round-bale-silage-wrapper.webp 720w, https:\/\/www.agriculture-machine.com\/wp-content\/uploads\/2026\/03\/round-bale-silage-wrapper-360x270.webp 360w, https:\/\/www.agriculture-machine.com\/wp-content\/uploads\/2026\/03\/round-bale-silage-wrapper-240x180.webp 240w, https:\/\/www.agriculture-machine.com\/wp-content\/uploads\/2026\/03\/round-bale-silage-wrapper-16x12.webp 16w\" sizes=\"auto, (max-width: 720px) 100vw, 720px\" \/><figcaption class=\"wp-element-caption\">Enveloppeuse de balle ronde pour ensilage<\/figcaption><\/figure> <\/figure>    <h2 class=\"wp-block-heading\">Structure de l'enveloppeuse de presse \u00e0 ensilage<\/h2>    <ul class=\"wp-block-list\"> <li>Syst\u00e8me d'alimentation et de compression : transporte le fourrage via la bande transporteuse dans la chambre de pressage pour compression.<\/li>    <li>Syst\u00e8me de pressage et de formation : compresse le fourrage en balles rondes standard et effectue un premier enveloppement.<\/li>    <li>Syst\u00e8me d'enveloppement \u00e0 double couche : r\u00e9alise automatiquement deux couches d'enveloppe en film plastique pour assurer une fermentation scell\u00e9e du fourrage.<\/li>    <li>Syst\u00e8me de convoyeur \u00e0 cha\u00eene : assure un transport fluide du mat\u00e9riau, minimisant les d\u00e9versements et les blocages.<\/li>    <li>Syst\u00e8me d'entra\u00eenement et de contr\u00f4le moteur : fonctionnement contr\u00f4l\u00e9 par PLC pour le pressage, l'enveloppement et le d\u00e9chargement.<\/li> <\/ul>    <p>Un design modulaire et transparent facilite un entretien simple et garantit une fiabilit\u00e9 op\u00e9rationnelle \u00e0 long terme.<\/p>    <figure class=\"wp-block-gallery has-nested-images columns-default is-cropped wp-block-gallery-3 is-layout-flex wp-block-gallery-is-layout-flex\"> <figure class=\"wp-block-image size-large\"><img loading=\"lazy\" decoding=\"async\" width=\"720\" height=\"540\" data-id=\"17500\" src=\"https:\/\/www.agriculture-machine.com\/wp-content\/uploads\/2026\/03\/forage-baler-wrapper-machine.webp\" alt=\"machine d\u2019empaquetage et d\u2019enveloppement d\u2019ensilage pour foin\" class=\"wp-image-17500\" srcset=\"https:\/\/www.agriculture-machine.com\/wp-content\/uploads\/2026\/03\/forage-baler-wrapper-machine.webp 720w, https:\/\/www.agriculture-machine.com\/wp-content\/uploads\/2026\/03\/forage-baler-wrapper-machine-360x270.webp 360w, https:\/\/www.agriculture-machine.com\/wp-content\/uploads\/2026\/03\/forage-baler-wrapper-machine-240x180.webp 240w, https:\/\/www.agriculture-machine.com\/wp-content\/uploads\/2026\/03\/forage-baler-wrapper-machine-16x12.webp 16w\" sizes=\"auto, (max-width: 720px) 100vw, 720px\" \/><figcaption class=\"wp-element-caption\">machine d\u2019empaquetage et d\u2019enveloppement d\u2019ensilage pour foin<\/figcaption><\/figure>    <figure class=\"wp-block-image size-large\"><img loading=\"lazy\" decoding=\"async\" width=\"720\" height=\"540\" data-id=\"17501\" src=\"https:\/\/www.agriculture-machine.com\/wp-content\/uploads\/2026\/03\/silage-packing-baler-wrapper.webp\" alt=\"Enveloppeuse de presse \u00e0 ensilage\" class=\"wp-image-17501\" srcset=\"https:\/\/www.agriculture-machine.com\/wp-content\/uploads\/2026\/03\/silage-packing-baler-wrapper.webp 720w, https:\/\/www.agriculture-machine.com\/wp-content\/uploads\/2026\/03\/silage-packing-baler-wrapper-360x270.webp 360w, https:\/\/www.agriculture-machine.com\/wp-content\/uploads\/2026\/03\/silage-packing-baler-wrapper-240x180.webp 240w, https:\/\/www.agriculture-machine.com\/wp-content\/uploads\/2026\/03\/silage-packing-baler-wrapper-16x12.webp 16w\" sizes=\"auto, (max-width: 720px) 100vw, 720px\" \/><figcaption class=\"wp-element-caption\">Enveloppeuse de presse \u00e0 ensilage<\/figcaption><\/figure> <\/figure>    <h2 class=\"wp-block-heading\">Principe de fonctionnement de la presse \u00e0 balles rondes pour ensilage<\/h2>    <ol class=\"wp-block-list\"> <li>L'ensilage entre dans la chambre de pressage via une bande transporteuse.<\/li>    <li>Le mat\u00e9riau est comprim\u00e9 en balles rondes standard et subit un premier enveloppement avec de la ficelle ou un filet en plastique.<\/li>    <li>Apr\u00e8s la fin du conditionnement, la porte de la chambre s'ouvre automatiquement, permettant au ballot rond d'entrer dans la zone d'enveloppement.<\/li>    <li>Une double couche de film plastique enveloppe automatiquement la balle, avec une \u00e9paisseur et une tension r\u00e9glables via le panneau de contr\u00f4le PLC.<\/li>    <li>\u00c0 la fin de l'enveloppement, la balle est automatiquement d\u00e9charg\u00e9e.<\/li>    <li>L'ensemble du processus fonctionne en continu, minimisant l'intervention manuelle et augmentant l'efficacit\u00e9 de la production.<\/li> <\/ol>    <figure class=\"wp-block-gallery has-nested-images columns-default is-cropped wp-block-gallery-4 is-layout-flex wp-block-gallery-is-layout-flex\"> <figure class=\"wp-block-image size-large\"><img loading=\"lazy\" decoding=\"async\" width=\"720\" height=\"540\" data-id=\"17505\" src=\"https:\/\/www.agriculture-machine.com\/wp-content\/uploads\/2026\/03\/silage-wrapping-hay-baler.webp\" alt=\"Enveloppeuse de balle de foin pour ensilage\" class=\"wp-image-17505\" srcset=\"https:\/\/www.agriculture-machine.com\/wp-content\/uploads\/2026\/03\/silage-wrapping-hay-baler.webp 720w, https:\/\/www.agriculture-machine.com\/wp-content\/uploads\/2026\/03\/silage-wrapping-hay-baler-360x270.webp 360w, https:\/\/www.agriculture-machine.com\/wp-content\/uploads\/2026\/03\/silage-wrapping-hay-baler-240x180.webp 240w, https:\/\/www.agriculture-machine.com\/wp-content\/uploads\/2026\/03\/silage-wrapping-hay-baler-16x12.webp 16w\" sizes=\"auto, (max-width: 720px) 100vw, 720px\" \/><figcaption class=\"wp-element-caption\">Enveloppeuse de balle de foin pour ensilage<\/figcaption><\/figure>    <figure class=\"wp-block-image size-large\"><img loading=\"lazy\" decoding=\"async\" width=\"720\" height=\"540\" data-id=\"17504\" src=\"https:\/\/www.agriculture-machine.com\/wp-content\/uploads\/2026\/03\/automatic-silage-baler-wrapper.webp\" alt=\"Enveloppeuse automatique pour presse \u00e0 ensilage\" class=\"wp-image-17504\" srcset=\"https:\/\/www.agriculture-machine.com\/wp-content\/uploads\/2026\/03\/automatic-silage-baler-wrapper.webp 720w, https:\/\/www.agriculture-machine.com\/wp-content\/uploads\/2026\/03\/automatic-silage-baler-wrapper-360x270.webp 360w, https:\/\/www.agriculture-machine.com\/wp-content\/uploads\/2026\/03\/automatic-silage-baler-wrapper-240x180.webp 240w, https:\/\/www.agriculture-machine.com\/wp-content\/uploads\/2026\/03\/automatic-silage-baler-wrapper-16x12.webp 16w\" sizes=\"auto, (max-width: 720px) 100vw, 720px\" \/><figcaption class=\"wp-element-caption\">Enveloppeuse automatique pour presse \u00e0 ensilage<\/figcaption><\/figure> <\/figure>    <h2 class=\"wp-block-heading\">Sp\u00e9cifications de la presse \u00e0 ensilage T60<\/h2>    <figure class=\"wp-block-table is-style-stripes\"><table class=\"has-fixed-layout\"><tbody><tr><td><strong>Mod\u00e8le<\/strong><\/td><td><strong>9YDB-60-2<\/strong><\/td><\/tr><tr><td>Taille de la balle<\/td><td>\u03a6550\u00d7550 mm<\/td><\/tr><tr><td>Poids de la balle<\/td><td>80-120 kg<\/td><\/tr><tr><td>Puissance nominale<\/td><td>7.5kW-6<\/td><\/tr><tr><td>Moteur du compresseur<\/td><td>3 kW<\/td><\/tr><tr><td>Nombre de rouleaux de film<\/td><td>14 pi\u00e8ces<\/td><\/tr><tr><td>Courroie transporteuse (L\u00d7l)<\/td><td>2500\u00d763 mm<\/td><\/tr><tr><td>\u00c9paisseur de la paroi<\/td><td>8 mm<\/td><\/tr><tr><td>Rayon de rotation du film<\/td><td>775 \u00b15 mm<\/td><\/tr><tr><td>Production<\/td><td>60-85 balles\/h<\/td><\/tr><tr><td>Poids total<\/td><td>1700 kg<\/td><\/tr><tr><td>Largeur du film<\/td><td>600 mm<\/td><\/tr><tr><td>Film d'ensilage<\/td><td>1800m\u00d7250mm\u00d725\u03bcm<\/td><\/tr><tr><td>Nombre de roues<\/td><td>2<\/td><\/tr><\/tbody><\/table><figcaption class=\"wp-element-caption\">Nouvelles param\u00e8tres techniques de la machine d'enveloppement de balle d'ensilage<\/figcaption><\/figure>    <p>La machine d'enveloppement de presse \u00e0 ensilage mont\u00e9e sur tracteur T60, avec sa haute production, sa capacit\u00e9 d'enveloppement \u00e0 double couche et sa transmission enti\u00e8rement \u00e9lectrique, est le choix id\u00e9al pour les fermes et les centres de traitement de l'ensilage.<\/p>    <p class=\"translation-block\">Nous proposons \u00e9galement d'autres mod\u00e8les de presses \u00e0 balle et enveloppeuses, tels que le <strong><em><a href=\"https:\/\/www.agriculture-machine.com\/fr\/baling-and-wrapping-machine\/\">TZ-55-52 ensileuse ronde <\/a><\/em><\/strong> et la <strong><em><a href=\"https:\/\/www.agriculture-machine.com\/fr\/silage-round-baler-wrapper\/\">machine d'enveloppement de balle d'ensilage 9YDB-60 <\/a><\/em><\/strong>, pour r\u00e9pondre aux divers besoins de production des clients. N'h\u00e9sitez pas \u00e0 demander des renseignements pour l'achat \u00e0 tout moment.<\/p>","protected":false},"excerpt":{"rendered":"<p>L'emballeur \u00e0 double film pour silo 9YDB-60-2 produit des balles rondes de \u03a655\u00d755 cm \u00e0 un rythme de 60-85 balles par heure. Son emballage \u00e0 double film garantit une fermentation stable de l'alimentation.<\/p>","protected":false},"author":1,"featured_media":17506,"parent":0,"comment_status":"open","ping_status":"closed","template":"","tags":[772,591,807],"product-type":[876,908],"class_list":["post-17495","product","type-product","status-publish","has-post-thumbnail","hentry","tag-forage","tag-silage","tag-silage-bale","product-type-silage-machine","product-type-sliage-baler"],"_links":{"self":[{"href":"https:\/\/www.agriculture-machine.com\/fr\/wp-json\/wp\/v2\/product\/17495","targetHints":{"allow":["GET"]}}],"collection":[{"href":"https:\/\/www.agriculture-machine.com\/fr\/wp-json\/wp\/v2\/product"}],"about":[{"href":"https:\/\/www.agriculture-machine.com\/fr\/wp-json\/wp\/v2\/types\/product"}],"author":[{"embeddable":true,"href":"https:\/\/www.agriculture-machine.com\/fr\/wp-json\/wp\/v2\/users\/1"}],"replies":[{"embeddable":true,"href":"https:\/\/www.agriculture-machine.com\/fr\/wp-json\/wp\/v2\/comments?post=17495"}],"wp:featuredmedia":[{"embeddable":true,"href":"https:\/\/www.agriculture-machine.com\/fr\/wp-json\/wp\/v2\/media\/17506"}],"wp:attachment":[{"href":"https:\/\/www.agriculture-machine.com\/fr\/wp-json\/wp\/v2\/media?parent=17495"}],"wp:term":[{"taxonomy":"post_tag","embeddable":true,"href":"https:\/\/www.agriculture-machine.com\/fr\/wp-json\/wp\/v2\/tags?post=17495"},{"taxonomy":"product-type","embeddable":true,"href":"https:\/\/www.agriculture-machine.com\/fr\/wp-json\/wp\/v2\/product-type?post=17495"}],"curies":[{"name":"wp","href":"https:\/\/api.w.org\/{rel}","templated":true}]}}