{"id":17514,"date":"2026-03-10T14:56:50","date_gmt":"2026-03-10T06:56:50","guid":{"rendered":"https:\/\/www.agriculture-machine.com\/?post_type=product&#038;p=17514"},"modified":"2026-03-10T14:58:45","modified_gmt":"2026-03-10T06:58:45","slug":"silage-baler-and-wrapper-machine","status":"publish","type":"product","link":"https:\/\/www.agriculture-machine.com\/fr\/silage-baler-and-wrapper-machine\/","title":{"rendered":"Machine \u00e0 presse et enrouler l\u2019ensilage 9YDB-70"},"content":{"rendered":"<p>Le mod\u00e8le 9YDB-70 de la presse \u00e0 ensilage et enrouleuse g\u00e8re divers mat\u00e9riaux, notamment la paille de bl\u00e9, les tiges de ma\u00efs et l\u2019herbe naturelle, sp\u00e9cialement con\u00e7us pour le stockage du fourrage et l\u2019\u00e9levage. Elle produit des balles mesurant \u03a670\u00d770cm, pesant chacune 150-200kg. Elle atteint une haute efficacit\u00e9 \u00e0 55-75 balles par heure, augmentant consid\u00e9rablement la productivit\u00e9 de la ferme.<\/p>    <p>Les ballots de paille ferment\u00e9e conviennent mieux \u00e0 l\u2019alimentation animale, offrant une nutrition riche et un stockage \u00e0 long terme pratique. Cette machine a \u00e9t\u00e9 export\u00e9e dans plusieurs pays d\u2019Asie, d\u2019Afrique et d\u2019Europe, notamment en Indon\u00e9sie, aux Philippines, au Portugal, aux Pays-Bas, au Nigeria et au Zimbabwe, recevant un large succ\u00e8s.<\/p>    <figure class=\"wp-block-embed aligncenter is-type-video is-provider-youtube wp-block-embed-youtube wp-embed-aspect-16-9 wp-has-aspect-ratio\"><div class=\"wp-block-embed__wrapper\"> <iframe loading=\"lazy\" title=\"Heavy-Duty Silage Baling &amp; Wrapping Machine | Large-Size Packaging Solution#silage #silagebaler\" width=\"500\" height=\"281\" src=\"https:\/\/www.youtube.com\/embed\/49EW7mGd7Gs?feature=oembed\" frameborder=\"0\" allow=\"accelerometer; autoplay; clipboard-write; encrypted-media; gyroscope; picture-in-picture; web-share\" referrerpolicy=\"strict-origin-when-cross-origin\" allowfullscreen><\/iframe> <\/div><figcaption class=\"wp-element-caption\">Vid\u00e9o de fonctionnement de la presse \u00e0 ensilage et \u00e0 enrouler mod\u00e8le 9YDB-70<\/figcaption><\/figure>    <h2 class=\"wp-block-heading\">Sc\u00e9narios d\u2019application pour les machines \u00e0 presse d\u2019ensilage<\/h2>    <p>La machine \u00e0 presse et enrouler l\u2019ensilage est largement utilis\u00e9e dans l\u2019\u00e9levage et la transformation de la paille de culture, notamment :<\/p>    <ul class=\"wp-block-list\"> <li>Pr\u00e9paration de l\u2019alimentation ensil\u00e9e pour bovins, ovins, chevaux et autres animaux d\u2019\u00e9levage.<\/li>    <li>Pressage et stockage de la paille de ma\u00efs et de bl\u00e9.<\/li>    <li>Traitement efficace de l\u2019herbe de p\u00e2turage apr\u00e8s la r\u00e9colte.<\/li>    <li>Stockage et transport de grande envergure de la paille sur les exploitations agricoles.<\/li> <\/ul>    <p>Cette machine convient non seulement aux exploitations agricoles de taille moyenne \u00e0 grande, mais aussi au conditionnement de d\u00e9chets en tant que solution de gestion des d\u00e9chets.<\/p>    <figure class=\"wp-block-gallery has-nested-images columns-default is-cropped wp-block-gallery-2 is-layout-flex wp-block-gallery-is-layout-flex\"> <figure class=\"wp-block-image size-large\"><img loading=\"lazy\" decoding=\"async\" width=\"720\" height=\"540\" data-id=\"17519\" src=\"https:\/\/www.agriculture-machine.com\/wp-content\/uploads\/2026\/03\/hay-baler-and-wrapper.webp\" alt=\"Presse \u00e0 foin et enrouleuse\" class=\"wp-image-17519\" srcset=\"https:\/\/www.agriculture-machine.com\/wp-content\/uploads\/2026\/03\/hay-baler-and-wrapper.webp 720w, https:\/\/www.agriculture-machine.com\/wp-content\/uploads\/2026\/03\/hay-baler-and-wrapper-360x270.webp 360w, https:\/\/www.agriculture-machine.com\/wp-content\/uploads\/2026\/03\/hay-baler-and-wrapper-240x180.webp 240w, https:\/\/www.agriculture-machine.com\/wp-content\/uploads\/2026\/03\/hay-baler-and-wrapper-16x12.webp 16w\" sizes=\"auto, (max-width: 720px) 100vw, 720px\" \/><figcaption class=\"wp-element-caption\">Presse \u00e0 foin et enrouleuse<\/figcaption><\/figure>    <figure class=\"wp-block-image size-large\"><img loading=\"lazy\" decoding=\"async\" width=\"720\" height=\"540\" data-id=\"17518\" src=\"https:\/\/www.agriculture-machine.com\/wp-content\/uploads\/2026\/03\/forage-feed-bales.webp\" alt=\"Ballots de fourrage\" class=\"wp-image-17518\" srcset=\"https:\/\/www.agriculture-machine.com\/wp-content\/uploads\/2026\/03\/forage-feed-bales.webp 720w, https:\/\/www.agriculture-machine.com\/wp-content\/uploads\/2026\/03\/forage-feed-bales-360x270.webp 360w, https:\/\/www.agriculture-machine.com\/wp-content\/uploads\/2026\/03\/forage-feed-bales-240x180.webp 240w, https:\/\/www.agriculture-machine.com\/wp-content\/uploads\/2026\/03\/forage-feed-bales-16x12.webp 16w\" sizes=\"auto, (max-width: 720px) 100vw, 720px\" \/><figcaption class=\"wp-element-caption\">Ballots de fourrage<\/figcaption><\/figure> <\/figure>    <h2 class=\"wp-block-heading\">Avantages de la presse \u00e0 ensilage et de l\u2019enrouleuse<\/h2>    <ul class=\"wp-block-list\"> <li>Op\u00e9ration \u00e0 haute efficacit\u00e9 : 55-75 balles par heure, augmentant consid\u00e9rablement l\u2019efficacit\u00e9 op\u00e9rationnelle.<\/li>    <li>Ballots standardis\u00e9s : dimensions \u03a670\u00d770cm constantes avec un poids stable pour un stockage et un transport faciles.<\/li>    <li>Optimisation de la fermentation : pr\u00eate pour le traitement direct en ensilage apr\u00e8s le pressage, am\u00e9liorant la valeur nutritionnelle de l\u2019alimentation.<\/li>    <li>Configurations optionnelles : compatible avec des m\u00e9langeurs de fourrage, des \u00e9l\u00e9vateurs et d\u2019autres \u00e9quipements pour des op\u00e9rations enti\u00e8rement automatis\u00e9es.<\/li>    <li>Application polyvalente : supporte divers mat\u00e9riaux, notamment la paille, l\u2019herbe fourrag\u00e8re et les tiges de ma\u00efs.<\/li>    <li>Conception compacte : les balles standardis\u00e9es facilitent le stockage et la gestion en entrep\u00f4t.<\/li> <\/ul>    <figure class=\"wp-block-gallery has-nested-images columns-default is-cropped wp-block-gallery-3 is-layout-flex wp-block-gallery-is-layout-flex\"> <figure class=\"wp-block-image size-large\"><img loading=\"lazy\" decoding=\"async\" width=\"720\" height=\"540\" data-id=\"17521\" src=\"https:\/\/www.agriculture-machine.com\/wp-content\/uploads\/2026\/03\/silage-baler-and-wrapper-machine.webp\" alt=\"Machine \u00e0 balle d&#039;ensilage et \u00e0 enrouler\" class=\"wp-image-17521\" srcset=\"https:\/\/www.agriculture-machine.com\/wp-content\/uploads\/2026\/03\/silage-baler-and-wrapper-machine.webp 720w, https:\/\/www.agriculture-machine.com\/wp-content\/uploads\/2026\/03\/silage-baler-and-wrapper-machine-360x270.webp 360w, https:\/\/www.agriculture-machine.com\/wp-content\/uploads\/2026\/03\/silage-baler-and-wrapper-machine-240x180.webp 240w, https:\/\/www.agriculture-machine.com\/wp-content\/uploads\/2026\/03\/silage-baler-and-wrapper-machine-16x12.webp 16w\" sizes=\"auto, (max-width: 720px) 100vw, 720px\" \/><figcaption class=\"wp-element-caption\">Machine \u00e0 balle d'ensilage et \u00e0 enrouler<\/figcaption><\/figure>    <figure class=\"wp-block-image size-large\"><img loading=\"lazy\" decoding=\"async\" width=\"720\" height=\"540\" data-id=\"17520\" src=\"https:\/\/www.agriculture-machine.com\/wp-content\/uploads\/2026\/03\/forage-baling-wrapping-machine.webp\" alt=\"machine \u00e0 enrouler et \u00e0 emballer pour fourrage\" class=\"wp-image-17520\" srcset=\"https:\/\/www.agriculture-machine.com\/wp-content\/uploads\/2026\/03\/forage-baling-wrapping-machine.webp 720w, https:\/\/www.agriculture-machine.com\/wp-content\/uploads\/2026\/03\/forage-baling-wrapping-machine-360x270.webp 360w, https:\/\/www.agriculture-machine.com\/wp-content\/uploads\/2026\/03\/forage-baling-wrapping-machine-240x180.webp 240w, https:\/\/www.agriculture-machine.com\/wp-content\/uploads\/2026\/03\/forage-baling-wrapping-machine-16x12.webp 16w\" sizes=\"auto, (max-width: 720px) 100vw, 720px\" \/><figcaption class=\"wp-element-caption\">machine \u00e0 enrouler et \u00e0 emballer pour fourrage<\/figcaption><\/figure> <\/figure>    <h2 class=\"wp-block-heading\">Comment fonctionne la presse \u00e0 balle ronde d\u2019ensilage ?<\/h2>    <p>La presse \u00e0 ensilage et l\u2019enrouleuse 9YDB-70 se composent principalement des \u00e9l\u00e9ments suivants :<\/p>    <ul class=\"wp-block-list\"> <li>Unit\u00e9 de pressage : responsable de compresser les mati\u00e8res premi\u00e8res en balles de paille stables.<\/li>    <li>M\u00e9canisme d\u2019enroulement : utilise une technologie de coupe automatique du film pour r\u00e9aliser un enroulement en six couches de film plastique.<\/li>    <li>Syst\u00e8me de convoyeur \u00e0 alimentation : configuration standard comprenant une bande transporteuse de 700\u00d72100mm assurant un approvisionnement continu en mati\u00e8re.<\/li>    <li>Syst\u00e8me de contr\u00f4le \u00e9lectrique : moteurs multi-aliment\u00e9s int\u00e9gr\u00e9s \u00e0 une bo\u00eete de contr\u00f4le permettant une op\u00e9ration pr\u00e9cise.<\/li> <\/ul>    <p>Principe de fonctionnement : les mati\u00e8res premi\u00e8res sont transport\u00e9es dans la presse par la bande, comprim\u00e9es en balles de paille standard par des rouleaux, puis automatiquement envelopp\u00e9es avec du film plastique par le m\u00e9canisme d\u2019enroulement. Ce processus efficace et continu est id\u00e9al pour la production de grande envergure.<\/p>    <figure class=\"wp-block-embed aligncenter is-type-video is-provider-youtube wp-block-embed-youtube wp-embed-aspect-16-9 wp-has-aspect-ratio\"><div class=\"wp-block-embed__wrapper\"> <iframe loading=\"lazy\" title=\"Retour d&#039;exp\u00e9rience de la machine \u00e0 enrouler et \u00e0 ensiler pour ensilage en Indon\u00e9sie !#ensilage\" width=\"500\" height=\"281\" src=\"https:\/\/www.youtube.com\/embed\/RYShT_NtZWw?feature=oembed\" frameborder=\"0\" allow=\"accelerometer; autoplay; clipboard-write; encrypted-media; gyroscope; picture-in-picture; web-share\" referrerpolicy=\"strict-origin-when-cross-origin\" allowfullscreen><\/iframe> <\/div><figcaption class=\"wp-element-caption\">Vid\u00e9o de retour client sur la machine \u00e0 presse et enrouler l\u2019ensilage<\/figcaption><\/figure>    <h2 class=\"wp-block-heading\">Sp\u00e9cifications de l\u2019enrouleuse de presse \u00e0 fourrage<\/h2>    <figure class=\"wp-block-table is-style-stripes\"><table class=\"has-fixed-layout\"><tbody><tr><td><strong>Article<\/strong><\/td><td><strong>D\u00e9tails<\/strong><\/td><\/tr><tr><td>Mod\u00e8le<\/td><td>9YJD-70<\/td><\/tr><tr><td>Puissance<\/td><td>11kw 0.55kw 0.75kw 3kw 0.37kw<\/td><\/tr><tr><td>Taille de la balle<\/td><td>\u03a670*70cm<\/td><\/tr><tr><td>Poids de la balle<\/td><td>150-200kg\/balle<\/td><\/tr><tr><td>Capacit\u00e9<\/td><td>55-75 balles\/h<\/td><\/tr><tr><td>Volume du compresseur d'air<\/td><td>0.36m\u00b3<\/td><\/tr><tr><td>Convoyeur d'alimentation (L*W)<\/td><td>700*2100mm<\/td><\/tr><tr><td>D\u00e9coupe de film<\/td><td>Automatique<\/td><\/tr><tr><td>Efficacit\u00e9 d'enroulement<\/td><td>6 couches, 22s par balle<\/td><\/tr><tr><td>Taille de la machine<\/td><td>4500\u00d71900\u00d72000mm<\/td><\/tr><tr><td>Poids de la machine<\/td><td>1100kg<\/td><\/tr><\/tbody><\/table><figcaption class=\"wp-element-caption\">Param\u00e8tres techniques de la presse \u00e0 ensilage et enrouleuse 9YDB-70<\/figcaption><\/figure>    <figure class=\"wp-block-gallery has-nested-images columns-default is-cropped wp-block-gallery-4 is-layout-flex wp-block-gallery-is-layout-flex\"> <figure class=\"wp-block-image size-large\"><img loading=\"lazy\" decoding=\"async\" width=\"720\" height=\"540\" data-id=\"17522\" src=\"https:\/\/www.agriculture-machine.com\/wp-content\/uploads\/2026\/03\/forage-baler-wrapper.webp\" alt=\"Enrouleuse pour balle de fourrage\" class=\"wp-image-17522\" srcset=\"https:\/\/www.agriculture-machine.com\/wp-content\/uploads\/2026\/03\/forage-baler-wrapper.webp 720w, https:\/\/www.agriculture-machine.com\/wp-content\/uploads\/2026\/03\/forage-baler-wrapper-360x270.webp 360w, https:\/\/www.agriculture-machine.com\/wp-content\/uploads\/2026\/03\/forage-baler-wrapper-240x180.webp 240w, https:\/\/www.agriculture-machine.com\/wp-content\/uploads\/2026\/03\/forage-baler-wrapper-16x12.webp 16w\" sizes=\"auto, (max-width: 720px) 100vw, 720px\" \/><figcaption class=\"wp-element-caption\">Enrouleuse pour balle de fourrage<\/figcaption><\/figure>    <figure class=\"wp-block-image size-large\"><img loading=\"lazy\" decoding=\"async\" width=\"720\" height=\"540\" data-id=\"17523\" src=\"https:\/\/www.agriculture-machine.com\/wp-content\/uploads\/2026\/03\/silage-bales.webp\" alt=\"Ballots d\u2019ensilage\" class=\"wp-image-17523\" srcset=\"https:\/\/www.agriculture-machine.com\/wp-content\/uploads\/2026\/03\/silage-bales.webp 720w, https:\/\/www.agriculture-machine.com\/wp-content\/uploads\/2026\/03\/silage-bales-360x270.webp 360w, https:\/\/www.agriculture-machine.com\/wp-content\/uploads\/2026\/03\/silage-bales-240x180.webp 240w, https:\/\/www.agriculture-machine.com\/wp-content\/uploads\/2026\/03\/silage-bales-16x12.webp 16w\" sizes=\"auto, (max-width: 720px) 100vw, 720px\" \/><figcaption class=\"wp-element-caption\">Ballots d\u2019ensilage<\/figcaption><\/figure> <\/figure>    <h3 class=\"wp-block-heading\">Sp\u00e9cifications des consommables (filet plastique &amp; film)<\/h3>    <figure class=\"wp-block-table is-style-stripes\"><table class=\"has-fixed-layout\"><tbody><tr><td><strong>Article<\/strong><\/td><td><strong>Filet plastique<\/strong><\/td><td><strong>Film<\/strong><\/td><\/tr><tr><td>Mat\u00e9riau<\/td><td>PE<\/td><td>PE<\/td><\/tr><tr><td>Largeur<\/td><td>70cm<\/td><td>33cm<\/td><\/tr><tr><td>\u00c9paisseur<\/td><td>25um<\/td><td>25um<\/td><\/tr><tr><td>Poids<\/td><td>10kg<\/td><td>11.4kg<\/td><\/tr><tr><td>Longueur totale<\/td><td>1500m<\/td><td>1800m<\/td><\/tr><\/tbody><\/table><figcaption class=\"wp-element-caption\">D\u00e9tails du filet plastique et du film pour la presse \u00e0 ensilage<\/figcaption><\/figure>    <figure class=\"wp-block-gallery has-nested-images columns-default is-cropped wp-block-gallery-5 is-layout-flex wp-block-gallery-is-layout-flex\"> <figure class=\"wp-block-image size-large\"><img loading=\"lazy\" decoding=\"async\" width=\"720\" height=\"540\" data-id=\"17524\" src=\"https:\/\/www.agriculture-machine.com\/wp-content\/uploads\/2026\/03\/silage-bale-packing-machine.webp\" alt=\"Machine d\u2019emballage de balles d\u2019ensilage\" class=\"wp-image-17524\" srcset=\"https:\/\/www.agriculture-machine.com\/wp-content\/uploads\/2026\/03\/silage-bale-packing-machine.webp 720w, https:\/\/www.agriculture-machine.com\/wp-content\/uploads\/2026\/03\/silage-bale-packing-machine-360x270.webp 360w, https:\/\/www.agriculture-machine.com\/wp-content\/uploads\/2026\/03\/silage-bale-packing-machine-240x180.webp 240w, https:\/\/www.agriculture-machine.com\/wp-content\/uploads\/2026\/03\/silage-bale-packing-machine-16x12.webp 16w\" sizes=\"auto, (max-width: 720px) 100vw, 720px\" \/><figcaption class=\"wp-element-caption\">Machine d\u2019emballage de balles d\u2019ensilage<\/figcaption><\/figure>    <figure class=\"wp-block-image size-large\"><img loading=\"lazy\" decoding=\"async\" width=\"720\" height=\"540\" data-id=\"17525\" src=\"https:\/\/www.agriculture-machine.com\/wp-content\/uploads\/2026\/03\/silage-baling-equipment.webp\" alt=\"\u00c9quipement de pressage d\u2019ensilage\" class=\"wp-image-17525\" srcset=\"https:\/\/www.agriculture-machine.com\/wp-content\/uploads\/2026\/03\/silage-baling-equipment.webp 720w, https:\/\/www.agriculture-machine.com\/wp-content\/uploads\/2026\/03\/silage-baling-equipment-360x270.webp 360w, https:\/\/www.agriculture-machine.com\/wp-content\/uploads\/2026\/03\/silage-baling-equipment-240x180.webp 240w, https:\/\/www.agriculture-machine.com\/wp-content\/uploads\/2026\/03\/silage-baling-equipment-16x12.webp 16w\" sizes=\"auto, (max-width: 720px) 100vw, 720px\" \/><figcaption class=\"wp-element-caption\">\u00c9quipement de pressage d\u2019ensilage<\/figcaption><\/figure> <\/figure>    <h2 class=\"wp-block-heading\">\u00c9quipement compatible<\/h2>    <p>Pour un traitement efficace et automatis\u00e9 du fourrage, la presse \u00e0 ensilage et enrouleuse 9YDB-70 peut \u00eatre utilis\u00e9e avec l\u2019\u00e9quipement suivant :<\/p>    <h3 class=\"wp-block-heading\"><em><a href=\"https:\/\/www.agriculture-machine.com\/fr\/4-15t-h-grass-cutting-machine-cutting-wet-grass-grass-cutter\/\">Broyeur \u00e0 fourrage<\/a><\/em><\/h3>    <ul class=\"wp-block-list\"> <li>Utilis\u00e9 pour hacher des mati\u00e8res premi\u00e8res telles que les tiges de ma\u00efs et l\u2019herbe fourrag\u00e8re, facilitant leur pressage et leur fermentation.<\/li>    <li>Am\u00e9liore consid\u00e9rablement la qualit\u00e9 du pressage et l\u2019efficacit\u00e9 de l\u2019ensilage.<\/li> <\/ul>    <h3 class=\"wp-block-heading\">M\u00e9langeur\/enrouleuse d\u2019ensilage<\/h3>    <p>Utilis\u00e9 pour m\u00e9langer uniform\u00e9ment plusieurs mati\u00e8res premi\u00e8res, am\u00e9liorant l\u2019\u00e9quilibre nutritionnel de l\u2019alimentation.<\/p>    <ul class=\"wp-block-list\"> <li>Puissance : 3kW<\/li>    <li>Capacit\u00e9 : 3-5m\u00b3<\/li>    <li>Dimensions : 3100\u00d71440\u00d71740mm<\/li>    <li>Poids : 500-800kg<\/li> <\/ul>    <figure class=\"wp-block-gallery has-nested-images columns-default is-cropped wp-block-gallery-6 is-layout-flex wp-block-gallery-is-layout-flex\"> <figure class=\"wp-block-image size-large\"><img loading=\"lazy\" decoding=\"async\" width=\"720\" height=\"540\" data-id=\"17527\" src=\"https:\/\/www.agriculture-machine.com\/wp-content\/uploads\/2026\/03\/silage-production-machine.webp\" alt=\"Machine de production d\u2019ensilage\" class=\"wp-image-17527\" srcset=\"https:\/\/www.agriculture-machine.com\/wp-content\/uploads\/2026\/03\/silage-production-machine.webp 720w, https:\/\/www.agriculture-machine.com\/wp-content\/uploads\/2026\/03\/silage-production-machine-360x270.webp 360w, https:\/\/www.agriculture-machine.com\/wp-content\/uploads\/2026\/03\/silage-production-machine-240x180.webp 240w, https:\/\/www.agriculture-machine.com\/wp-content\/uploads\/2026\/03\/silage-production-machine-16x12.webp 16w\" sizes=\"auto, (max-width: 720px) 100vw, 720px\" \/><figcaption class=\"wp-element-caption\">Machine de production d\u2019ensilage<\/figcaption><\/figure>    <figure class=\"wp-block-image size-large\"><img loading=\"lazy\" decoding=\"async\" width=\"720\" height=\"540\" data-id=\"17526\" src=\"https:\/\/www.agriculture-machine.com\/wp-content\/uploads\/2026\/03\/hay-baling-wrapping-equipment.webp\" alt=\"\u00c9quipement d\u2019enroulement pour balle de foin\" class=\"wp-image-17526\" srcset=\"https:\/\/www.agriculture-machine.com\/wp-content\/uploads\/2026\/03\/hay-baling-wrapping-equipment.webp 720w, https:\/\/www.agriculture-machine.com\/wp-content\/uploads\/2026\/03\/hay-baling-wrapping-equipment-360x270.webp 360w, https:\/\/www.agriculture-machine.com\/wp-content\/uploads\/2026\/03\/hay-baling-wrapping-equipment-240x180.webp 240w, https:\/\/www.agriculture-machine.com\/wp-content\/uploads\/2026\/03\/hay-baling-wrapping-equipment-16x12.webp 16w\" sizes=\"auto, (max-width: 720px) 100vw, 720px\" \/><figcaption class=\"wp-element-caption\">\u00c9quipement d\u2019enroulement pour balle de foin<\/figcaption><\/figure> <\/figure>    <h3 class=\"wp-block-heading\">Ascenseur<\/h3>    <ul class=\"wp-block-list\"> <li>Transporte les mati\u00e8res premi\u00e8res hach\u00e9es ou m\u00e9lang\u00e9es vers la presse, assurant un fonctionnement continu et efficace.<\/li>    <li>La hauteur et l\u2019angle peuvent \u00eatre ajust\u00e9s de mani\u00e8re flexible selon le site et les exigences op\u00e9rationnelles.<\/li> <\/ul>    <p>Gr\u00e2ce \u00e0 l\u2019utilisation combin\u00e9e des \u00e9quipements ci-dessus, la presse \u00e0 ensilage et enrouleuse 9YDB-70 r\u00e9alise des op\u00e9rations de traitement complet, du traitement et du m\u00e9lange du fourrage jusqu\u2019au pressage et \u00e0 l\u2019enroulement, am\u00e9liorant l\u2019efficacit\u00e9 op\u00e9rationnelle et garantissant la qualit\u00e9 de l\u2019alimentation.<\/p>    <h2 class=\"wp-block-heading\">Conclusion<\/h2>    <p class=\"translation-block\">Pour les clients n\u00e9cessitant des tailles de balle diff\u00e9rentes, nous proposons \u00e9galement des mod\u00e8les tels que le <strong><em><a href=\"https:\/\/www.agriculture-machine.com\/fr\/baling-and-wrapping-machine\/\">55-52 round forage baler wrapper<\/a><\/em><\/strong> et le <strong><em><a href=\"https:\/\/www.agriculture-machine.com\/fr\/silage-round-baler-wrapper\/\">9YDB-60 machine \u00e0 emballer l\u2019ensilage<\/a><\/em><\/strong> pour r\u00e9pondre \u00e0 divers besoins, des petites aux grandes balles d\u2019alimentation. N\u2019h\u00e9sitez pas \u00e0 nous contacter.<\/p>","protected":false},"excerpt":{"rendered":"<p>La machine \u00e0 balloter et envelopper le silo 9YDB-70 peut produire des balles d'alimentation de 70 \u00d7 70 cm pesant entre 150 et 200 kg. Elle peut \u00eatre int\u00e9gr\u00e9e avec des m\u00e9langeurs et des \u00e9l\u00e9vateurs pour r\u00e9aliser des op\u00e9rations enti\u00e8rement automatis\u00e9es et \u00e0 haute efficacit\u00e9.<\/p>","protected":false},"author":1,"featured_media":17529,"parent":0,"comment_status":"open","ping_status":"closed","template":"","tags":[772,591,807],"product-type":[876,908],"class_list":["post-17514","product","type-product","status-publish","has-post-thumbnail","hentry","tag-forage","tag-silage","tag-silage-bale","product-type-silage-machine","product-type-sliage-baler"],"_links":{"self":[{"href":"https:\/\/www.agriculture-machine.com\/fr\/wp-json\/wp\/v2\/product\/17514","targetHints":{"allow":["GET"]}}],"collection":[{"href":"https:\/\/www.agriculture-machine.com\/fr\/wp-json\/wp\/v2\/product"}],"about":[{"href":"https:\/\/www.agriculture-machine.com\/fr\/wp-json\/wp\/v2\/types\/product"}],"author":[{"embeddable":true,"href":"https:\/\/www.agriculture-machine.com\/fr\/wp-json\/wp\/v2\/users\/1"}],"replies":[{"embeddable":true,"href":"https:\/\/www.agriculture-machine.com\/fr\/wp-json\/wp\/v2\/comments?post=17514"}],"wp:featuredmedia":[{"embeddable":true,"href":"https:\/\/www.agriculture-machine.com\/fr\/wp-json\/wp\/v2\/media\/17529"}],"wp:attachment":[{"href":"https:\/\/www.agriculture-machine.com\/fr\/wp-json\/wp\/v2\/media?parent=17514"}],"wp:term":[{"taxonomy":"post_tag","embeddable":true,"href":"https:\/\/www.agriculture-machine.com\/fr\/wp-json\/wp\/v2\/tags?post=17514"},{"taxonomy":"product-type","embeddable":true,"href":"https:\/\/www.agriculture-machine.com\/fr\/wp-json\/wp\/v2\/product-type?post=17514"}],"curies":[{"name":"wp","href":"https:\/\/api.w.org\/{rel}","templated":true}]}}