{"id":17539,"date":"2026-03-10T17:53:39","date_gmt":"2026-03-10T09:53:39","guid":{"rendered":"https:\/\/www.agriculture-machine.com\/?post_type=product&#038;p=17539"},"modified":"2026-04-23T16:35:09","modified_gmt":"2026-04-23T08:35:09","slug":"large-forage-bale-wrapper","status":"publish","type":"product","link":"https:\/\/www.agriculture-machine.com\/fr\/large-forage-bale-wrapper\/","title":{"rendered":"Enveloppeuse de balles de fourrage 9YDB-90 | Machine d'enveloppement pour ensilage"},"content":{"rendered":"<p>L\u2019enrouleur de balle de silage 9YDB-90 est une unit\u00e9 de traitement du silage \u00e0 haute capacit\u00e9 con\u00e7ue sp\u00e9cifiquement pour les grandes exploitations et fermes d\u2019\u00e9levage intensif. Il r\u00e9alise un enroulement \u00e0 haute densit\u00e9 et un enroulement automatique de la paille et du fourrage.<\/p>    <p>Cet \u00e9quipement produit de grosses balles de silage 90\u00d790 cm, avec un poids individuel atteignant 300-430 kg. Il r\u00e9alise une op\u00e9ration continue \u00e0 55-60 balles par heure, avec une efficacit\u00e9 globale de traitement d\u00e9passant 23 tonnes par heure.<\/p>    <p>\u00c9quip\u00e9 d\u2019une structure \u00e0 double bras d\u2019enroulement et de 28 rouleaux de compression, la machine garantit un compactage plus serr\u00e9 du fourrage et une fermentation plus stable. Convient pour traiter les tiges de ma\u00efs, les herbes fourrag\u00e8res, les cultures de silage et autres mat\u00e9riaux, il prolonge efficacement la dur\u00e9e de stockage du fourrage tout en minimisant la perte de nutriments.<\/p>    <figure class=\"wp-block-embed aligncenter is-type-video is-provider-youtube wp-block-embed-youtube wp-embed-aspect-16-9 wp-has-aspect-ratio\"><div class=\"wp-block-embed__wrapper\"> <iframe loading=\"lazy\" title=\"Enrouleur de balle de silage 90\u00d790 cm en action | Machine d\u2019enroulement efficace pour balles de silage \ud83c\udf3e\ud83d\ude9c#silagebaler\" width=\"500\" height=\"281\" src=\"https:\/\/www.youtube.com\/embed\/3rCwcse_3QM?feature=oembed\" frameborder=\"0\" allow=\"accelerometer; autoplay; clipboard-write; encrypted-media; gyroscope; picture-in-picture; web-share\" referrerpolicy=\"strict-origin-when-cross-origin\" allowfullscreen><\/iframe> <\/div><figcaption class=\"wp-element-caption\">Vid\u00e9o de fonctionnement de la machine d\u2019enroulement de silage \u00e0 grande \u00e9chelle 9YDB-90<\/figcaption><\/figure>    <h2 class=\"wp-block-heading\">Domaines d\u2019application de l\u2019enrouleur de balle de silage 9YDB-90<\/h2>    <p>Pour les exploitations n\u00e9cessitant un stockage de silage \u00e0 grande \u00e9chelle, le 9YDB-90 am\u00e9liore consid\u00e9rablement l\u2019efficacit\u00e9 du traitement du fourrage :<\/p>    <ul class=\"wp-block-list\"> <li>Production de silage \u00e0 grande \u00e9chelle pour p\u00e2turages<\/li>    <li>Stockage de fourrage pour \u00e9levages de bovins et d\u2019ovins<\/li>    <li>Transformation du silage de tiges de ma\u00efs<\/li>    <li>Balisage et fermentation de p\u00e2turages naturels<\/li>    <li>Projets d\u2019utilisation compl\u00e8te de la paille<\/li> <\/ul>    <p>En compressant l\u2019herbe ou la paille en balles denses et en les scellant avec un film plastique, la dur\u00e9e de conservation du fourrage est consid\u00e9rablement prolong\u00e9e tout en r\u00e9duisant les co\u00fbts de transport et de stockage.<\/p>    <h2 class=\"wp-block-heading\">Points forts de l\u2019enrouleur de balle de fourrage 9YDB-90<\/h2>    <ul class=\"wp-block-list\"> <li>Ballots de ensilage de grande taille : capables de produire de grosses balles d\u2019un diam\u00e8tre de 90 cm, pesant chacune plus de 300 kg, ce qui les rend id\u00e9ales pour les exploitations agricoles de grande envergure.<\/li>    <li>Structure de compression \u00e0 haute intensit\u00e9 : \u00e9quip\u00e9e de 28 rouleaux de compression, assurant un compactage \u00e9lev\u00e9 du fourrage pour une fermentation optimale du silage et un stockage \u00e0 long terme.<\/li>    <li>Syst\u00e8me d\u2019enroulement \u00e0 double bras : la conception \u00e0 deux bras d\u2019enroulement augmente la vitesse d\u2019enroulement tout en assurant une couverture uniforme et stable.<\/li>    <li>Capacit\u00e9 de traitement \u00e9lev\u00e9e : g\u00e8re plus de 23 tonnes de mati\u00e8re premi\u00e8re par heure, adapt\u00e9e aux op\u00e9rations continues \u00e0 grande \u00e9chelle.<\/li>    <li>Niveau \u00e9lev\u00e9 d\u2019automatisation : utilise une commande multi-moteurs pour r\u00e9aliser automatiquement l\u2019alimentation, la compression, la mise en balle et l\u2019enroulement.<\/li>    <li>Conception de r\u00e9cup\u00e9ration des d\u00e9versements : \u00e9quip\u00e9e d\u2019un dispositif de r\u00e9cup\u00e9ration \u00e0 raclette pour minimiser le gaspillage de mati\u00e8re et maximiser l\u2019utilisation des mati\u00e8res premi\u00e8res.<\/li> <\/ul>    <figure class=\"wp-block-gallery has-nested-images columns-default is-cropped wp-block-gallery-2 is-layout-flex wp-block-gallery-is-layout-flex\"> <figure class=\"wp-block-image size-large\"><img loading=\"lazy\" decoding=\"async\" width=\"720\" height=\"540\" data-id=\"17534\" src=\"https:\/\/www.agriculture-machine.com\/wp-content\/uploads\/2026\/03\/silage-bale-packing-machine-1.webp\" alt=\"Machine d\u2019emballage de balles d\u2019ensilage\" class=\"wp-image-17534\" srcset=\"https:\/\/www.agriculture-machine.com\/wp-content\/uploads\/2026\/03\/silage-bale-packing-machine-1.webp 720w, https:\/\/www.agriculture-machine.com\/wp-content\/uploads\/2026\/03\/silage-bale-packing-machine-1-360x270.webp 360w, https:\/\/www.agriculture-machine.com\/wp-content\/uploads\/2026\/03\/silage-bale-packing-machine-1-240x180.webp 240w, https:\/\/www.agriculture-machine.com\/wp-content\/uploads\/2026\/03\/silage-bale-packing-machine-1-16x12.webp 16w\" sizes=\"auto, (max-width: 720px) 100vw, 720px\" \/><figcaption class=\"wp-element-caption\">Machine d\u2019emballage de balles d\u2019ensilage<\/figcaption><\/figure>    <figure class=\"wp-block-image size-large\"><img loading=\"lazy\" decoding=\"async\" width=\"720\" height=\"540\" data-id=\"17533\" src=\"https:\/\/www.agriculture-machine.com\/wp-content\/uploads\/2026\/03\/9YDB-90-forage-bale-wrapper.webp\" alt=\"Emballeur de balles de fourrage 9YDB-90\" class=\"wp-image-17533\" srcset=\"https:\/\/www.agriculture-machine.com\/wp-content\/uploads\/2026\/03\/9YDB-90-forage-bale-wrapper.webp 720w, https:\/\/www.agriculture-machine.com\/wp-content\/uploads\/2026\/03\/9YDB-90-forage-bale-wrapper-360x270.webp 360w, https:\/\/www.agriculture-machine.com\/wp-content\/uploads\/2026\/03\/9YDB-90-forage-bale-wrapper-240x180.webp 240w, https:\/\/www.agriculture-machine.com\/wp-content\/uploads\/2026\/03\/9YDB-90-forage-bale-wrapper-16x12.webp 16w\" sizes=\"auto, (max-width: 720px) 100vw, 720px\" \/><figcaption class=\"wp-element-caption\">Emballeur de balles de fourrage 9YDB-90<\/figcaption><\/figure> <\/figure>    <h2 class=\"wp-block-heading\">Structure de la machine d\u2019enroulement pour balles de fourrage<\/h2>    <ul class=\"wp-block-list\"> <li>Syst\u00e8me d\u2019alimentation : un grand hopper d\u2019une largeur sup\u00e9rieure \u00e0 170 cm permet d\u2019accueillir un volume accru de fourrage, am\u00e9liorant l\u2019efficacit\u00e9 de l\u2019alimentation.<\/li>    <li>Syst\u00e8me de compression et de mise en balle : compos\u00e9 de plusieurs ensembles de rouleaux et de cha\u00eenes, il permet d\u2019obtenir une compression \u00e9lev\u00e9e du fourrage pour former des balles stables.<\/li>    <li>Syst\u00e8me d\u2019enroulement : deux bras d\u2019enroulement associ\u00e9s \u00e0 un film de fourrage sp\u00e9cialis\u00e9 assurent un enroulement rapide et uniforme.<\/li>    <li>Syst\u00e8me de convoyage : la structure de convoyeur \u00e0 bande tray assure un mouvement fluide des balles, am\u00e9liorant la stabilit\u00e9 op\u00e9rationnelle globale.<\/li>    <li>Syst\u00e8me de r\u00e9cup\u00e9ration : un dispositif de r\u00e9cup\u00e9ration de d\u00e9versements de type raclette collecte automatiquement les mat\u00e9riaux dispers\u00e9s.<\/li> <\/ul>    <h2 class=\"wp-block-heading\">Comment fonctionne cet enrouleur de balles de fourrage ?<\/h2>    <ol class=\"wp-block-list\"> <li>Pendant le fonctionnement, la paille ou le fourrage entre dans le hopper par une large ouverture d\u2019alimentation. Sous l\u2019action des rouleaux de compression, il est continuellement comprim\u00e9 et progressivement form\u00e9 en balles \u00e0 haute densit\u00e9.<\/li>    <li>Lorsque la balle atteint les dimensions pr\u00e9d\u00e9finies, le syst\u00e8me effectue automatiquement la fixation et la transporte vers la zone d\u2019enroulement via le m\u00e9canisme de convoyage.<\/li>    <li>Ensuite, les deux bras d\u2019enroulement tournent, enveloppant uniform\u00e9ment la balle avec le film de silage pour former un paquet de silage scell\u00e9.<\/li> <\/ol>    <figure class=\"wp-block-gallery has-nested-images columns-default is-cropped wp-block-gallery-3 is-layout-flex wp-block-gallery-is-layout-flex\"> <figure class=\"wp-block-image size-large\"><img loading=\"lazy\" decoding=\"async\" width=\"720\" height=\"540\" data-id=\"17535\" src=\"https:\/\/www.agriculture-machine.com\/wp-content\/uploads\/2026\/03\/automatic-hay-bale-wrapper.webp\" alt=\"emballeur automatique de balles de foin\" class=\"wp-image-17535\" srcset=\"https:\/\/www.agriculture-machine.com\/wp-content\/uploads\/2026\/03\/automatic-hay-bale-wrapper.webp 720w, https:\/\/www.agriculture-machine.com\/wp-content\/uploads\/2026\/03\/automatic-hay-bale-wrapper-360x270.webp 360w, https:\/\/www.agriculture-machine.com\/wp-content\/uploads\/2026\/03\/automatic-hay-bale-wrapper-240x180.webp 240w, https:\/\/www.agriculture-machine.com\/wp-content\/uploads\/2026\/03\/automatic-hay-bale-wrapper-16x12.webp 16w\" sizes=\"auto, (max-width: 720px) 100vw, 720px\" \/><figcaption class=\"wp-element-caption\">emballeur automatique de balles de foin<\/figcaption><\/figure>    <figure class=\"wp-block-image size-large\"><img loading=\"lazy\" decoding=\"async\" width=\"720\" height=\"540\" data-id=\"17536\" src=\"https:\/\/www.agriculture-machine.com\/wp-content\/uploads\/2026\/03\/silage-bale-wrapping-machine.webp\" alt=\"Machine \u00e0 emballer les balles de ensilage\" class=\"wp-image-17536\" srcset=\"https:\/\/www.agriculture-machine.com\/wp-content\/uploads\/2026\/03\/silage-bale-wrapping-machine.webp 720w, https:\/\/www.agriculture-machine.com\/wp-content\/uploads\/2026\/03\/silage-bale-wrapping-machine-360x270.webp 360w, https:\/\/www.agriculture-machine.com\/wp-content\/uploads\/2026\/03\/silage-bale-wrapping-machine-240x180.webp 240w, https:\/\/www.agriculture-machine.com\/wp-content\/uploads\/2026\/03\/silage-bale-wrapping-machine-16x12.webp 16w\" sizes=\"auto, (max-width: 720px) 100vw, 720px\" \/><figcaption class=\"wp-element-caption\">Machine \u00e0 emballer les balles de ensilage<\/figcaption><\/figure> <\/figure>    <h2 class=\"wp-block-heading\">Param\u00e8tres techniques de la machine \u00e0 baler le silage<\/h2>    <figure class=\"wp-block-table is-style-stripes\"><table class=\"has-fixed-layout\"><tbody><tr><td><strong>Article<\/strong><\/td><td><strong>D\u00e9tails<\/strong><\/td><\/tr><tr><td>Mod\u00e8le<\/td><td>9YDB-90<\/td><\/tr><tr><td>Taille de la balle<\/td><td>90 \u00d7 90 cm<\/td><\/tr><tr><td>Poids de la balle<\/td><td>300\u2013430 kg<\/td><\/tr><tr><td>Production horaire<\/td><td>55\u201360 balles<\/td><\/tr><tr><td>Efficacit\u00e9 op\u00e9rationnelle<\/td><td>\u226523 T\/h<\/td><\/tr><tr><td>Puissance<\/td><td>39 kW<\/td><\/tr><tr><td>Nombre de rouleaux<\/td><td>\u226528<\/td><\/tr><tr><td>Bras d\u2019enroulement<\/td><td>2<\/td><\/tr><tr><td>Largeur de la tr\u00e9mie<\/td><td>\u2265170 cm<\/td><\/tr><tr><td>Entr\u00e9e d\u2019alimentation<\/td><td>\u2265900 mm<\/td><\/tr><tr><td>Poids de la machine<\/td><td>\u22654200 kg<\/td><\/tr><tr><td>Dimensions (L\u00d7l\u00d7H)<\/td><td>\u22658100 \u00d7 2400 \u00d7 3100 mm<\/td><\/tr><\/tbody><\/table><figcaption class=\"wp-element-caption\">Sp\u00e9cifications de la machine d\u2019enroulement de balle de fourrage 9YDB-90<\/figcaption><\/figure>    <figure class=\"wp-block-gallery has-nested-images columns-default is-cropped wp-block-gallery-4 is-layout-flex wp-block-gallery-is-layout-flex\"> <figure class=\"wp-block-image size-large\"><img loading=\"lazy\" decoding=\"async\" width=\"720\" height=\"540\" data-id=\"17537\" src=\"https:\/\/www.agriculture-machine.com\/wp-content\/uploads\/2026\/03\/forage-baling-and-wrapping-machine.webp\" alt=\"Machine de mise en balle et d\u2019enroulement pour fourrage\" class=\"wp-image-17537\" srcset=\"https:\/\/www.agriculture-machine.com\/wp-content\/uploads\/2026\/03\/forage-baling-and-wrapping-machine.webp 720w, https:\/\/www.agriculture-machine.com\/wp-content\/uploads\/2026\/03\/forage-baling-and-wrapping-machine-360x270.webp 360w, https:\/\/www.agriculture-machine.com\/wp-content\/uploads\/2026\/03\/forage-baling-and-wrapping-machine-240x180.webp 240w, https:\/\/www.agriculture-machine.com\/wp-content\/uploads\/2026\/03\/forage-baling-and-wrapping-machine-16x12.webp 16w\" sizes=\"auto, (max-width: 720px) 100vw, 720px\" \/><figcaption class=\"wp-element-caption\">Machine de mise en balle et d\u2019enroulement pour fourrage<\/figcaption><\/figure>    <figure class=\"wp-block-image size-large\"><img loading=\"lazy\" decoding=\"async\" width=\"720\" height=\"540\" data-id=\"17538\" src=\"https:\/\/www.agriculture-machine.com\/wp-content\/uploads\/2026\/03\/large-round-bale-wrapper.webp\" alt=\"emballeur de balles rondes de grande taille\" class=\"wp-image-17538\" srcset=\"https:\/\/www.agriculture-machine.com\/wp-content\/uploads\/2026\/03\/large-round-bale-wrapper.webp 720w, https:\/\/www.agriculture-machine.com\/wp-content\/uploads\/2026\/03\/large-round-bale-wrapper-360x270.webp 360w, https:\/\/www.agriculture-machine.com\/wp-content\/uploads\/2026\/03\/large-round-bale-wrapper-240x180.webp 240w, https:\/\/www.agriculture-machine.com\/wp-content\/uploads\/2026\/03\/large-round-bale-wrapper-16x12.webp 16w\" sizes=\"auto, (max-width: 720px) 100vw, 720px\" \/><figcaption class=\"wp-element-caption\">emballeur de balles rondes de grande taille<\/figcaption><\/figure> <\/figure>    <h2 class=\"wp-block-heading\">Diff\u00e9rents mod\u00e8les de machines de mise en balle et d\u2019enroulement<\/h2>    <p class=\"translation-block\">Les principales diff\u00e9rences entre les mod\u00e8les d\u2019enrouleurs de balles de fourrage r\u00e9sident dans les dimensions de la balle, le poids individuel de la balle et l\u2019\u00e9chelle de la ferme adapt\u00e9e. D\u2019autres mod\u00e8les courants incluent le <strong><em><a href=\"https:\/\/www.agriculture-machine.com\/fr\/baling-and-wrapping-machine\/\">emballeur de balle de 55-52<\/a><\/em><\/strong>, <strong><em><a href=\"https:\/\/www.agriculture-machine.com\/fr\/silage-round-baler-wrapper\/\">machine \u00e0 faire des balles de foin 9YDB-60<\/a><\/em><\/strong>, et <strong><em><a href=\"https:\/\/www.agriculture-machine.com\/fr\/silage-baler-and-wrapper-machine\/\">machine \u00e0 baler le silage 9YDB-70<\/a><\/em><\/strong>.<\/p>    <figure class=\"wp-block-table is-style-stripes\"><table class=\"has-fixed-layout\"><tbody><tr><td><strong>Mod\u00e8le<\/strong><\/td><td><strong>Taille de la balle<\/strong><\/td><td><strong>Poids de la balle<\/strong><\/td><td><strong>\u00c9chelle de ferme adapt\u00e9e<\/strong><\/td><\/tr><tr><td><strong>Mod\u00e8le 55-52<\/strong><\/td><td>\u03a655 \u00d7 52 cm<\/td><td>80\u2013120 kg<\/td><td>Petites exploitations \/ Exploitations familiales<\/td><\/tr><tr><td><strong>Mod\u00e8le 9YDB-60<\/strong><\/td><td>\u03a660 \u00d7 52 cm<\/td><td>90\u2013140 kg<\/td><td>Petites \u00e0 moyennes exploitations<\/td><\/tr><tr><td><strong>Mod\u00e8le 9YDB-70<\/strong><\/td><td>\u03a670 \u00d7 70 cm<\/td><td>150\u2013200 kg<\/td><td>Moyennes exploitations<\/td><\/tr><tr><td><strong>Mod\u00e8le 9YDB-90<\/strong><\/td><td>90 \u00d7 90 cm<\/td><td>300\u2013430 kg<\/td><td>Grandes exploitations \/ Usines de traitement du silage<\/td><\/tr><\/tbody><\/table><figcaption class=\"wp-element-caption\">Diff\u00e9rents mod\u00e8les de machines d\u2019enroulement de balles de silage<\/figcaption><\/figure>    <p class=\"translation-block\"><strong>R\u00e9sum\u00e9<\/strong><\/p>    <ul class=\"wp-block-list\"> <li>Mod\u00e8le plus grand \u2192 Plus grande balle \u2192 Capacit\u00e9 de production plus \u00e9lev\u00e9e<\/li>    <li>Les petits mod\u00e8les conviennent \u00e0 une utilisation flexible, tandis que les mod\u00e8les plus grands conviennent \u00e0 une production de silage \u00e0 grande \u00e9chelle.<\/li> <\/ul>    <p>Vous pouvez choisir le mod\u00e8le d\u2019enrouleur-emballeur appropri\u00e9 en fonction de la taille de l\u2019exploitation, des m\u00e9thodes de transport et des besoins en alimentation. N\u2019h\u00e9sitez pas \u00e0 nous contacter si n\u00e9cessaire.<\/p>","protected":false},"excerpt":{"rendered":"<p>L\u2019emballeur de balles de fourrage 9YDB-90 produit des balles de 90\u00d790 cm de diam\u00e8tre et de 300\u2013430 kg de poids. Avec une capacit\u00e9 de 55\u201360 balles par heure, il est id\u00e9al pour les grandes exploitations et fermes d\u2019\u00e9levage.<\/p>","protected":false},"author":1,"featured_media":17663,"parent":0,"comment_status":"open","ping_status":"closed","template":"","tags":[772,591,807],"product-type":[876,908],"class_list":["post-17539","product","type-product","status-publish","has-post-thumbnail","hentry","tag-forage","tag-silage","tag-silage-bale","product-type-silage-machine","product-type-sliage-baler"],"_links":{"self":[{"href":"https:\/\/www.agriculture-machine.com\/fr\/wp-json\/wp\/v2\/product\/17539","targetHints":{"allow":["GET"]}}],"collection":[{"href":"https:\/\/www.agriculture-machine.com\/fr\/wp-json\/wp\/v2\/product"}],"about":[{"href":"https:\/\/www.agriculture-machine.com\/fr\/wp-json\/wp\/v2\/types\/product"}],"author":[{"embeddable":true,"href":"https:\/\/www.agriculture-machine.com\/fr\/wp-json\/wp\/v2\/users\/1"}],"replies":[{"embeddable":true,"href":"https:\/\/www.agriculture-machine.com\/fr\/wp-json\/wp\/v2\/comments?post=17539"}],"wp:featuredmedia":[{"embeddable":true,"href":"https:\/\/www.agriculture-machine.com\/fr\/wp-json\/wp\/v2\/media\/17663"}],"wp:attachment":[{"href":"https:\/\/www.agriculture-machine.com\/fr\/wp-json\/wp\/v2\/media?parent=17539"}],"wp:term":[{"taxonomy":"post_tag","embeddable":true,"href":"https:\/\/www.agriculture-machine.com\/fr\/wp-json\/wp\/v2\/tags?post=17539"},{"taxonomy":"product-type","embeddable":true,"href":"https:\/\/www.agriculture-machine.com\/fr\/wp-json\/wp\/v2\/product-type?post=17539"}],"curies":[{"name":"wp","href":"https:\/\/api.w.org\/{rel}","templated":true}]}}