{"id":17544,"date":"2026-03-17T17:53:56","date_gmt":"2026-03-17T09:53:56","guid":{"rendered":"https:\/\/www.agriculture-machine.com\/?post_type=product&#038;p=17544"},"modified":"2026-04-07T17:00:03","modified_gmt":"2026-04-07T09:00:03","slug":"cow-dung-cleaning-machine","status":"publish","type":"product","link":"https:\/\/www.agriculture-machine.com\/fr\/cow-dung-cleaning-machine\/","title":{"rendered":"Machine de nettoyage de bouse de vache | Collecteur de fumier d'\u00e9levage"},"content":{"rendered":"<p>Une machine de nettoyage de bouse de vache est un syst\u00e8me automatis\u00e9 d'enl\u00e8vement du fumier con\u00e7u sp\u00e9cifiquement pour les fermes d'\u00e9levage modernes. Elle est principalement utilis\u00e9e pour la collecte centralis\u00e9e et le transport du fumier dans des environnements d'\u00e9levage tels que les \u00e9tables \u00e0 bovins, les bergeries et les fermes d'\u00e9levage.<\/p>    <p>L'\u00e9quipement int\u00e8gre les fonctions de collecte, de conveyance, de transport et de d\u00e9chargement automatique du fumier en une seule unit\u00e9. Gr\u00e2ce \u00e0 un dispositif de collecte \u00e0 vis mont\u00e9 \u00e0 l'avant et \u00e0 un syst\u00e8me de convoyeur \u00e0 raclage entra\u00een\u00e9 par cha\u00eene, il collecte rapidement le fumier et le transporte vers le compartiment arri\u00e8re, permettant des op\u00e9rations de nettoyage tr\u00e8s efficaces.<\/p>    <p>Par rapport aux m\u00e9thodes traditionnelles manuelles d'enl\u00e8vement du fumier, cet \u00e9quipement am\u00e9liore consid\u00e9rablement l'efficacit\u00e9 du nettoyage. Par exemple, le mod\u00e8le de 3m\u00b3 peut effectuer une charge compl\u00e8te de fumier en 3\u20135 minutes, tandis que le mod\u00e8le de 5m\u00b3 prend environ 5\u20138 minutes pour une charge.<\/p>    <figure class=\"wp-block-embed aligncenter is-type-video is-provider-youtube wp-block-embed-youtube wp-embed-aspect-16-9 wp-has-aspect-ratio\"><div class=\"wp-block-embed__wrapper\"> <iframe loading=\"lazy\" title=\"Efficient Cow &amp; Sheep Manure Cleaning Machine | Smart Farm Cleaning Equipment \ud83d\ude9c\ud83d\udc04#cleaner\" width=\"500\" height=\"281\" src=\"https:\/\/www.youtube.com\/embed\/Np55Evcl7-o?feature=oembed\" frameborder=\"0\" allow=\"accelerometer; autoplay; clipboard-write; encrypted-media; gyroscope; picture-in-picture; web-share\" referrerpolicy=\"strict-origin-when-cross-origin\" allowfullscreen><\/iframe> <\/div><figcaption class=\"wp-element-caption\">Vid\u00e9o de fonctionnement de la machine de nettoyage de bouse de vache<\/figcaption><\/figure>    <p>La machine enti\u00e8re fonctionne au diesel et est compatible avec des v\u00e9hicules \u00e0 ch\u00e2ssis \u00e0 trois ou quatre roues. Son fonctionnement est simple, n\u00e9cessitant seulement une personne pour effectuer la t\u00e2che de nettoyage du fumier, ce qui r\u00e9duit consid\u00e9rablement les co\u00fbts de main-d'\u0153uvre tout en am\u00e9liorant l'hygi\u00e8ne de la ferme et en renfor\u00e7ant les normes de gestion du b\u00e9tail.<\/p>    <h2 class=\"wp-block-heading\">Applications de la machine de nettoyage de bouse de vache<\/h2>    <p>Les v\u00e9hicules de collecte de fumier sont principalement utilis\u00e9s pour l'enl\u00e8vement et le transport du fumier dans diverses fermes d'\u00e9levage et conviennent aux sc\u00e9narios suivants :<\/p>    <ul class=\"wp-block-list\"> <li>Fermes laiti\u00e8res<\/li>    <li>Fermes de b\u0153uf<\/li>    <li>Fermes de moutons et bases d'\u00e9levage<\/li>    <li>Grands ranchs et fermes d'\u00e9levage standardis\u00e9es<\/li>    <li>Syst\u00e8mes centralis\u00e9s de traitement du fumier d'\u00e9levage<\/li> <\/ul>    <p>Cette machine de nettoyage du fumier de vache peut rapidement \u00e9liminer le fumier et les d\u00e9chets accumul\u00e9s sur le sol des \u00e9tables et les transporter vers des zones de traitement d\u00e9sign\u00e9es, en maintenant un environnement agricole propre et hygi\u00e9nique.<\/p>    <figure class=\"wp-block-gallery has-nested-images columns-default is-cropped wp-block-gallery-2 is-layout-flex wp-block-gallery-is-layout-flex\"> <figure class=\"wp-block-image size-large\"><img loading=\"lazy\" decoding=\"async\" width=\"720\" height=\"540\" data-id=\"17549\" src=\"https:\/\/www.agriculture-machine.com\/wp-content\/uploads\/2026\/03\/cattle-manure-scraper.webp\" alt=\"racloir \u00e0 fumier de b\u00e9tail\" class=\"wp-image-17549\" srcset=\"https:\/\/www.agriculture-machine.com\/wp-content\/uploads\/2026\/03\/cattle-manure-scraper.webp 720w, https:\/\/www.agriculture-machine.com\/wp-content\/uploads\/2026\/03\/cattle-manure-scraper-360x270.webp 360w, https:\/\/www.agriculture-machine.com\/wp-content\/uploads\/2026\/03\/cattle-manure-scraper-240x180.webp 240w, https:\/\/www.agriculture-machine.com\/wp-content\/uploads\/2026\/03\/cattle-manure-scraper-16x12.webp 16w\" sizes=\"auto, (max-width: 720px) 100vw, 720px\" \/><figcaption class=\"wp-element-caption\">racloir \u00e0 fumier de b\u00e9tail<\/figcaption><\/figure>    <figure class=\"wp-block-image size-large\"><img loading=\"lazy\" decoding=\"async\" width=\"720\" height=\"540\" data-id=\"17548\" src=\"https:\/\/www.agriculture-machine.com\/wp-content\/uploads\/2026\/03\/cattle-farm-cleaning-equipment.webp\" alt=\"\u00c9quipement de nettoyage de ferme de b\u00e9tail\" class=\"wp-image-17548\" srcset=\"https:\/\/www.agriculture-machine.com\/wp-content\/uploads\/2026\/03\/cattle-farm-cleaning-equipment.webp 720w, https:\/\/www.agriculture-machine.com\/wp-content\/uploads\/2026\/03\/cattle-farm-cleaning-equipment-360x270.webp 360w, https:\/\/www.agriculture-machine.com\/wp-content\/uploads\/2026\/03\/cattle-farm-cleaning-equipment-240x180.webp 240w, https:\/\/www.agriculture-machine.com\/wp-content\/uploads\/2026\/03\/cattle-farm-cleaning-equipment-16x12.webp 16w\" sizes=\"auto, (max-width: 720px) 100vw, 720px\" \/><figcaption class=\"wp-element-caption\">\u00c9quipement de nettoyage de ferme de b\u00e9tail<\/figcaption><\/figure> <\/figure>    <h2 class=\"wp-block-heading\">Avantages de la machine d'enl\u00e8vement du fumier<\/h2>    <ul class=\"wp-block-list\"> <li>Enl\u00e8vement du fumier \u00e0 haute efficacit\u00e9 : utilisant une structure de collecte spiral\u00e9e   convoyeur \u00e0 raclage \u00e0 cha\u00eene, il r\u00e9alise rapidement la collecte et le transport du fumier, am\u00e9liorant l'efficacit\u00e9 du nettoyage de la ferme.<\/li>    <li>\u00c9conomies sur les co\u00fbts de main-d'\u0153uvre : une seule op\u00e9ratrice est n\u00e9cessaire pour effectuer le nettoyage, le transport et le d\u00e9chargement, r\u00e9duisant consid\u00e9rablement les besoins en main-d'\u0153uvre.<\/li>    <li>Conception de transport \u00e0 haute capacit\u00e9 : \u00e9quip\u00e9 d'une tr\u00e9mie de 3m\u00b3 ou 5m\u00b3 \u00e0 haute capacit\u00e9, il peut transporter de grands volumes de fumier en un seul voyage, r\u00e9duisant le nombre de trajets.<\/li>    <li>Conception structurelle durable : toute la machine poss\u00e8de une structure en acier \u00e0 haute r\u00e9sistance et des cha\u00eenes de raclage r\u00e9sistantes \u00e0 l'usure, offrant r\u00e9sistance \u00e0 la corrosion, r\u00e9sistance \u00e0 l'usure et une longue dur\u00e9e de vie.<\/li>    <li>Adaptabilit\u00e9 aux environnements agricoles complexes : avec des performances puissantes, l'\u00e9quipement convient aux fermes de diff\u00e9rentes tailles et aux conditions de sol complexes, garantissant un fonctionnement stable et fiable.<\/li> <\/ul>    <figure class=\"wp-block-gallery has-nested-images columns-default is-cropped wp-block-gallery-3 is-layout-flex wp-block-gallery-is-layout-flex\"> <figure class=\"wp-block-image size-large\"><img loading=\"lazy\" decoding=\"async\" width=\"720\" height=\"540\" data-id=\"17550\" src=\"https:\/\/www.agriculture-machine.com\/wp-content\/uploads\/2026\/03\/cow-dung-cleaner.webp\" alt=\"nettoyeur de bouse de vache\" class=\"wp-image-17550\" srcset=\"https:\/\/www.agriculture-machine.com\/wp-content\/uploads\/2026\/03\/cow-dung-cleaner.webp 720w, https:\/\/www.agriculture-machine.com\/wp-content\/uploads\/2026\/03\/cow-dung-cleaner-360x270.webp 360w, https:\/\/www.agriculture-machine.com\/wp-content\/uploads\/2026\/03\/cow-dung-cleaner-240x180.webp 240w, https:\/\/www.agriculture-machine.com\/wp-content\/uploads\/2026\/03\/cow-dung-cleaner-16x12.webp 16w\" sizes=\"auto, (max-width: 720px) 100vw, 720px\" \/><figcaption class=\"wp-element-caption\">nettoyeur de bouse de vache<\/figcaption><\/figure>    <figure class=\"wp-block-image size-large\"><img loading=\"lazy\" decoding=\"async\" width=\"720\" height=\"540\" data-id=\"17551\" src=\"https:\/\/www.agriculture-machine.com\/wp-content\/uploads\/2026\/03\/cow-shed-cleaning-machine.webp\" alt=\"machine de nettoyage de la bergerie\" class=\"wp-image-17551\" srcset=\"https:\/\/www.agriculture-machine.com\/wp-content\/uploads\/2026\/03\/cow-shed-cleaning-machine.webp 720w, https:\/\/www.agriculture-machine.com\/wp-content\/uploads\/2026\/03\/cow-shed-cleaning-machine-360x270.webp 360w, https:\/\/www.agriculture-machine.com\/wp-content\/uploads\/2026\/03\/cow-shed-cleaning-machine-240x180.webp 240w, https:\/\/www.agriculture-machine.com\/wp-content\/uploads\/2026\/03\/cow-shed-cleaning-machine-16x12.webp 16w\" sizes=\"auto, (max-width: 720px) 100vw, 720px\" \/><figcaption class=\"wp-element-caption\">machine de nettoyage de la bergerie<\/figcaption><\/figure> <\/figure>    <h2 class=\"wp-block-heading\">Principe de fonctionnement du nettoyeur de bouse de vache<\/h2>    <p>Le nettoyage automatique du fumier de vache se fait principalement par un dispositif de collecte spiral\u00e9, un syst\u00e8me de convoyeur \u00e0 raclage \u00e0 cha\u00eene et un m\u00e9canisme de basculement hydraulique. Le processus sp\u00e9cifique est le suivant :<\/p>    <ol class=\"wp-block-list\"> <li>L'op\u00e9rateur d\u00e9marre l'\u00e9quipement et conduit le v\u00e9hicule de collecte de fumier dans l'all\u00e9e de la grange.<\/li>    <li>Le collecteur spiral\u00e9 mont\u00e9 \u00e0 l'avant recueille le fumier du sol \u00e0 mesure que le v\u00e9hicule avance.<\/li>    <li>Le fumier est transport\u00e9 vers le compartiment arri\u00e8re via le syst\u00e8me de convoyeur \u00e0 raclage \u00e0 cha\u00eene.<\/li>    <li>Une fois le compartiment plein, le v\u00e9hicule se d\u00e9place vers une zone d\u00e9sign\u00e9e.<\/li>    <li>Le syst\u00e8me de basculement hydraulique d\u00e9charge automatiquement le fumier.<\/li> <\/ol>    <p>Le processus entier est hautement automatis\u00e9, permettant une collecte et un transport continus du fumier.<\/p>    <figure class=\"wp-block-gallery has-nested-images columns-default is-cropped wp-block-gallery-4 is-layout-flex wp-block-gallery-is-layout-flex\"> <figure class=\"wp-block-image size-large\"><img loading=\"lazy\" decoding=\"async\" width=\"720\" height=\"540\" data-id=\"17553\" src=\"https:\/\/www.agriculture-machine.com\/wp-content\/uploads\/2026\/03\/manure-collector-machine.webp\" alt=\"machine de collecte du fumier\" class=\"wp-image-17553\" srcset=\"https:\/\/www.agriculture-machine.com\/wp-content\/uploads\/2026\/03\/manure-collector-machine.webp 720w, https:\/\/www.agriculture-machine.com\/wp-content\/uploads\/2026\/03\/manure-collector-machine-360x270.webp 360w, https:\/\/www.agriculture-machine.com\/wp-content\/uploads\/2026\/03\/manure-collector-machine-240x180.webp 240w, https:\/\/www.agriculture-machine.com\/wp-content\/uploads\/2026\/03\/manure-collector-machine-16x12.webp 16w\" sizes=\"auto, (max-width: 720px) 100vw, 720px\" \/><figcaption class=\"wp-element-caption\">machine de collecte du fumier<\/figcaption><\/figure>    <figure class=\"wp-block-image size-large\"><img loading=\"lazy\" decoding=\"async\" width=\"720\" height=\"540\" data-id=\"17552\" src=\"https:\/\/www.agriculture-machine.com\/wp-content\/uploads\/2026\/03\/cow-dung-cleaning-machine.webp\" alt=\"machine de nettoyage de bouse de vache\" class=\"wp-image-17552\" srcset=\"https:\/\/www.agriculture-machine.com\/wp-content\/uploads\/2026\/03\/cow-dung-cleaning-machine.webp 720w, https:\/\/www.agriculture-machine.com\/wp-content\/uploads\/2026\/03\/cow-dung-cleaning-machine-360x270.webp 360w, https:\/\/www.agriculture-machine.com\/wp-content\/uploads\/2026\/03\/cow-dung-cleaning-machine-240x180.webp 240w, https:\/\/www.agriculture-machine.com\/wp-content\/uploads\/2026\/03\/cow-dung-cleaning-machine-16x12.webp 16w\" sizes=\"auto, (max-width: 720px) 100vw, 720px\" \/><figcaption class=\"wp-element-caption\">machine de nettoyage de bouse de vache<\/figcaption><\/figure> <\/figure>    <h2 class=\"wp-block-heading\">Sp\u00e9cifications de la machine de nettoyage du fumier d'\u00e9levage<\/h2>    <figure class=\"wp-block-table is-style-stripes\"><table class=\"has-fixed-layout\"><tbody><tr><td><strong>Mod\u00e8le<\/strong><\/td><td><strong>QF-3<\/strong><\/td><td><strong>QF-5<\/strong><\/td><\/tr><tr><td>Volume du chariot<\/td><td>3 m\u00b3<\/td><td>5 m\u00b3<\/td><\/tr><tr><td>Dimension<\/td><td>4500\u00d71450\u00d72450 mm<\/td><td>5200\u00d72200\u00d72600 mm<\/td><\/tr><tr><td>Puissance<\/td><td>Moteur diesel de 25 HP<\/td><td>Moteur Diesel<\/td><\/tr><tr><td>Puissance de marche<\/td><td>Tricycle<\/td><td>Camion \u00e0 quatre roues<\/td><\/tr><tr><td>Capacit\u00e9 de production<\/td><td>3\u20135 min\/v\u00e9hicule<\/td><td>5\u20138 min\/v\u00e9hicule<\/td><\/tr><tr><td>Largeur de nettoyage du fumier<\/td><td>1500 mm<\/td><td>2000 mm<\/td><\/tr><tr><td>Nombre de pneus<\/td><td>3 pi\u00e8ces<\/td><td>4 pi\u00e8ces<\/td><\/tr><tr><td>Syst\u00e8me de collecte du fumier<\/td><td>Convoyeur \u00e0 vis   convoyeur \u00e0 cha\u00eene<\/td><td>Convoyeur \u00e0 vis   convoyeur \u00e0 cha\u00eene<\/td><\/tr><tr><td>M\u00e9thode de d\u00e9charge<\/td><td>Basculement hydraulique<\/td><td>Basculement hydraulique<\/td><\/tr><\/tbody><\/table><figcaption class=\"wp-element-caption\">Param\u00e8tres techniques de la machine de nettoyage de bouse de vache<\/figcaption><\/figure>    <h2 class=\"wp-block-heading\">Pourquoi nous choisir ?<\/h2>    <p>Choisir notre machine de nettoyage de bouse de vache offre aux fermes une solution de gestion du fumier stable et fiable :<\/p>    <ul class=\"wp-block-list\"> <li>Exp\u00e9rience de fabrication \u00e9prouv\u00e9e : avec des ann\u00e9es d'exp\u00e9rience dans la fabrication de machines pour l'\u00e9levage, nos produits sont export\u00e9s vers plusieurs pays.<\/li>    <li>Plusieurs options de mod\u00e8les : nous proposons des \u00e9quipements dans diverses sp\u00e9cifications, telles que 3m\u00b3 et 5m\u00b3, pour r\u00e9pondre aux besoins de diff\u00e9rentes fermes.<\/li>    <li>Composants principaux de haute qualit\u00e9 : \u00e9quip\u00e9s de cha\u00eenes de raclage r\u00e9sistantes \u00e0 l'usure et d'un syst\u00e8me d'alimentation de haute qualit\u00e9 pour un fonctionnement stable.<\/li>    <li>Services de personnalisation : nous supportons la personnalisation de la largeur de collecte du fumier, de la capacit\u00e9 et du type de ch\u00e2ssis en fonction de la taille de la ferme.<\/li>    <li>Support apr\u00e8s-vente complet : nous fournissons des conseils techniques, un support \u00e0 l'installation et des services d'entretien \u00e0 long terme.<\/li> <\/ul>    <p class=\"translation-block\">En plus d'une collecte efficace du fumier, les d\u00e9chets trait\u00e9s peuvent \u00eatre davantage utilis\u00e9s avec notre camion \u00e9pandeur d'engrais pour l'application sur le terrain. Pour plus de d\u00e9tails, veuillez cliquer : <a href=\"https:\/\/www.agriculture-machine.com\/fr\/fertilizer-spreader-truck\/\"><strong><em>Fertilizer Spreader Truck | Tractor Manure Spreading Machine<\/em><\/strong><\/a>. N'h\u00e9sitez pas \u00e0 nous contacter si vous avez des questions.<\/p>","protected":false},"excerpt":{"rendered":"<p>La machine de nettoyage des d\u00e9jections de vache convient aux fermes laiti\u00e8res, aux \u00e9levages de b\u00e9tail et aux grandes exploitations. Elle peut \u00e9vacuer une charge compl\u00e8te de fumier en 3 \u00e0 8 minutes, r\u00e9duisant efficacement les co\u00fbts de main-d'\u0153uvre et am\u00e9liorant l'environnement agricole.<\/p>","protected":false},"author":1,"featured_media":17618,"parent":0,"comment_status":"open","ping_status":"closed","template":"","tags":[2646],"product-type":[162,2],"class_list":["post-17544","product","type-product","status-publish","has-post-thumbnail","hentry","tag-manure","product-type-other-type","product-type-products"],"_links":{"self":[{"href":"https:\/\/www.agriculture-machine.com\/fr\/wp-json\/wp\/v2\/product\/17544","targetHints":{"allow":["GET"]}}],"collection":[{"href":"https:\/\/www.agriculture-machine.com\/fr\/wp-json\/wp\/v2\/product"}],"about":[{"href":"https:\/\/www.agriculture-machine.com\/fr\/wp-json\/wp\/v2\/types\/product"}],"author":[{"embeddable":true,"href":"https:\/\/www.agriculture-machine.com\/fr\/wp-json\/wp\/v2\/users\/1"}],"replies":[{"embeddable":true,"href":"https:\/\/www.agriculture-machine.com\/fr\/wp-json\/wp\/v2\/comments?post=17544"}],"wp:featuredmedia":[{"embeddable":true,"href":"https:\/\/www.agriculture-machine.com\/fr\/wp-json\/wp\/v2\/media\/17618"}],"wp:attachment":[{"href":"https:\/\/www.agriculture-machine.com\/fr\/wp-json\/wp\/v2\/media?parent=17544"}],"wp:term":[{"taxonomy":"post_tag","embeddable":true,"href":"https:\/\/www.agriculture-machine.com\/fr\/wp-json\/wp\/v2\/tags?post=17544"},{"taxonomy":"product-type","embeddable":true,"href":"https:\/\/www.agriculture-machine.com\/fr\/wp-json\/wp\/v2\/product-type?post=17544"}],"curies":[{"name":"wp","href":"https:\/\/api.w.org\/{rel}","templated":true}]}}