{"id":17559,"date":"2026-03-20T15:51:29","date_gmt":"2026-03-20T07:51:29","guid":{"rendered":"https:\/\/www.agriculture-machine.com\/?post_type=product&#038;p=17559"},"modified":"2026-03-20T15:52:07","modified_gmt":"2026-03-20T07:52:07","slug":"fertilizer-spreader-truck","status":"publish","type":"product","link":"https:\/\/www.agriculture-machine.com\/fr\/fertilizer-spreader-truck\/","title":{"rendered":"Camion \u00e9pandeur d\u2019engrais | Machine \u00e0 \u00e9pandre le fumier pour tracteur"},"content":{"rendered":"<p>Le camion \u00e9pandeur d\u2019engrais est largement applicable \u00e0 divers types d\u2019engrais, y compris le fumier sec et humide, les engrais organiques, granul\u00e9s et chimiques. Il convient pour les op\u00e9rations de fertilisation \u00e0 grande \u00e9chelle dans les coop\u00e9ratives agricoles, grandes bases de plantation et fermes d\u2019\u00e9levage.<\/p>    <p>Cette machine dispose d\u2019un attelage trois points et d\u2019une transmission par prise de force, compatible avec des tracteurs de 50 CV ou plus. Elle offre plusieurs options de capacit\u00e9 \u2014 3 m\u00b3, 6 m\u00b3, 8 m\u00b3, 10 m\u00b3 et 12 m\u00b3 \u2014 avec une port\u00e9e d\u2019\u00e9pandage de 4 \u00e0 16 m\u00e8tres. <\/p>    <p>Prenons l\u2019exemple du mod\u00e8le de 6 m\u00b3, une seule charge d\u2019engrais peut \u00eatre \u00e9pandue en 5\u201310 minutes. Il peut couvrir une superficie d\u2019environ 500 mu par jour, am\u00e9liorant consid\u00e9rablement l\u2019efficacit\u00e9 de la fertilisation et r\u00e9duisant les co\u00fbts de main-d'\u0153uvre.<\/p>    <figure class=\"wp-block-embed aligncenter is-type-video is-provider-youtube wp-block-embed-youtube wp-embed-aspect-16-9 wp-has-aspect-ratio\"><div class=\"wp-block-embed__wrapper\"> <iframe loading=\"lazy\" title=\"\ud83d\ude9c Camion \u00e9pandeur de fumier et d&#039;engrais puissant en action | Am\u00e9liorez l&#039;efficacit\u00e9 de votre ferme \ud83c\udf31\" width=\"500\" height=\"281\" src=\"https:\/\/www.youtube.com\/embed\/87AOeTAYJJ4?feature=oembed\" frameborder=\"0\" allow=\"accelerometer; autoplay; clipboard-write; encrypted-media; gyroscope; picture-in-picture; web-share\" referrerpolicy=\"strict-origin-when-cross-origin\" allowfullscreen><\/iframe> <\/div><figcaption class=\"wp-element-caption\">Vid\u00e9os d\u2019op\u00e9rations sur le terrain des diff\u00e9rents types de camions \u00e9pandeurs d\u2019engrais<\/figcaption><\/figure>    <p>L\u2019ensemble de la machine est dot\u00e9 d\u2019un contr\u00f4le hydraulique et construit en structure moul\u00e9e, non soud\u00e9e, garantissant durabilit\u00e9 et forte r\u00e9sistance \u00e0 la corrosion. <\/p>    <p>Le m\u00e9canisme d\u2019\u00e9pandage \u00e0 double disque avanc\u00e9 et le syst\u00e8me d\u2019alimentation en engrais par cha\u00eene hydraulique garantissent une distribution uniforme de divers engrais granul\u00e9s et secs, maximisant l\u2019utilisation de l\u2019engrais.<\/p>    <h2 class=\"wp-block-heading\">Applications du camion \u00e9pandeur d\u2019engrais<\/h2>    <ul class=\"wp-block-list\"> <li>Application de fumier agricole : id\u00e9ale pour l\u2019\u00e9pandage efficace du fumier provenant des \u00e9levages de bovins, moutons et porcs.<\/li>    <li>Application d\u2019engrais organique sur les sites de plantation : permet un \u00e9pandage rapide et uniforme pour am\u00e9liorer la qualit\u00e9 du sol.<\/li>    <li>Projets de fertilisation \u00e0 grande \u00e9chelle pour les coop\u00e9ratives agricoles : r\u00e9pond aux besoins de fertilisation centralis\u00e9e des grands sites de plantation.<\/li> <\/ul>    <figure class=\"wp-block-gallery has-nested-images columns-default is-cropped wp-block-gallery-2 is-layout-flex wp-block-gallery-is-layout-flex\"> <figure class=\"wp-block-image size-large\"><img loading=\"lazy\" decoding=\"async\" width=\"720\" height=\"540\" data-id=\"17564\" src=\"https:\/\/www.agriculture-machine.com\/wp-content\/uploads\/2026\/03\/fertilizer-spreader-truck.webp\" alt=\"camion \u00e9pandeur d\u2019engrais\" class=\"wp-image-17564\" srcset=\"https:\/\/www.agriculture-machine.com\/wp-content\/uploads\/2026\/03\/fertilizer-spreader-truck.webp 720w, https:\/\/www.agriculture-machine.com\/wp-content\/uploads\/2026\/03\/fertilizer-spreader-truck-360x270.webp 360w, https:\/\/www.agriculture-machine.com\/wp-content\/uploads\/2026\/03\/fertilizer-spreader-truck-240x180.webp 240w, https:\/\/www.agriculture-machine.com\/wp-content\/uploads\/2026\/03\/fertilizer-spreader-truck-16x12.webp 16w\" sizes=\"auto, (max-width: 720px) 100vw, 720px\" \/><figcaption class=\"wp-element-caption\">camion \u00e9pandeur d\u2019engrais<\/figcaption><\/figure>    <figure class=\"wp-block-image size-large\"><img loading=\"lazy\" decoding=\"async\" width=\"720\" height=\"540\" data-id=\"17565\" src=\"https:\/\/www.agriculture-machine.com\/wp-content\/uploads\/2026\/03\/tractor-manure-spreader.webp\" alt=\"\u00e9pandeur de fumier pour tracteur\" class=\"wp-image-17565\" srcset=\"https:\/\/www.agriculture-machine.com\/wp-content\/uploads\/2026\/03\/tractor-manure-spreader.webp 720w, https:\/\/www.agriculture-machine.com\/wp-content\/uploads\/2026\/03\/tractor-manure-spreader-360x270.webp 360w, https:\/\/www.agriculture-machine.com\/wp-content\/uploads\/2026\/03\/tractor-manure-spreader-240x180.webp 240w, https:\/\/www.agriculture-machine.com\/wp-content\/uploads\/2026\/03\/tractor-manure-spreader-16x12.webp 16w\" sizes=\"auto, (max-width: 720px) 100vw, 720px\" \/><figcaption class=\"wp-element-caption\">\u00e9pandeur de fumier pour tracteur<\/figcaption><\/figure> <\/figure>    <h2 class=\"wp-block-heading\">Avantages de la machine \u00e0 \u00e9pandre le fumier<\/h2>    <ul class=\"wp-block-list\"> <li>Structure robuste et durable : le cadre de remorquage est construit en tube carr\u00e9 de 20\u00d720 cm, assurant une structure stable et une durabilit\u00e9 exceptionnelle.<\/li>    <li>Cha\u00eene de convoyage d\u2019engrais \u00e0 haute r\u00e9sistance : la cha\u00eene est fabriqu\u00e9e en tube carr\u00e9 de 4\u00d76 cm, avec des maillons de cha\u00eene de qualit\u00e9 mini\u00e8re qui r\u00e9sistent \u00e0 la d\u00e9formation m\u00eame apr\u00e8s une utilisation prolong\u00e9e.<\/li>    <li>Grand r\u00e9servoir d\u2019huile hydraulique : \u00e9quip\u00e9 d\u2019un syst\u00e8me de refroidissement \u00e0 air pour assurer un fonctionnement stable du syst\u00e8me hydraulique.<\/li>    <li>Vanne de contr\u00f4le de d\u00e9bit r\u00e9glable : avec 10 r\u00e9glages ; des r\u00e9glages plus \u00e9lev\u00e9s permettent des vitesses d\u2019\u00e9pandage plus rapides pour r\u00e9pondre \u00e0 divers besoins de fertilisation.<\/li>    <li>Syst\u00e8me d\u2019\u00e9pandage \u00e0 double disque : avec un diam\u00e8tre de 68 cm, la distance d\u2019\u00e9pandage peut \u00eatre ajust\u00e9e librement de 4 \u00e0 15 m\u00e8tres pour une distribution uniforme.<\/li> <\/ul>    <figure class=\"wp-block-gallery has-nested-images columns-default is-cropped wp-block-gallery-3 is-layout-flex wp-block-gallery-is-layout-flex\"> <figure class=\"wp-block-image size-large\"><img loading=\"lazy\" decoding=\"async\" width=\"720\" height=\"540\" data-id=\"17566\" src=\"https:\/\/www.agriculture-machine.com\/wp-content\/uploads\/2026\/03\/disc-type-fertilizer-spreader.webp\" alt=\"\u00e9pandeur d\u2019engrais \u00e0 disque\" class=\"wp-image-17566\" srcset=\"https:\/\/www.agriculture-machine.com\/wp-content\/uploads\/2026\/03\/disc-type-fertilizer-spreader.webp 720w, https:\/\/www.agriculture-machine.com\/wp-content\/uploads\/2026\/03\/disc-type-fertilizer-spreader-360x270.webp 360w, https:\/\/www.agriculture-machine.com\/wp-content\/uploads\/2026\/03\/disc-type-fertilizer-spreader-240x180.webp 240w, https:\/\/www.agriculture-machine.com\/wp-content\/uploads\/2026\/03\/disc-type-fertilizer-spreader-16x12.webp 16w\" sizes=\"auto, (max-width: 720px) 100vw, 720px\" \/><figcaption class=\"wp-element-caption\">\u00e9pandeur d\u2019engrais \u00e0 disque<\/figcaption><\/figure>    <figure class=\"wp-block-image size-large\"><img loading=\"lazy\" decoding=\"async\" width=\"720\" height=\"540\" data-id=\"17567\" src=\"https:\/\/www.agriculture-machine.com\/wp-content\/uploads\/2026\/03\/vertical-spiral-manure-spreader.webp\" alt=\"\u00e9pandeur de fumier \u00e0 spirale verticale\" class=\"wp-image-17567\" srcset=\"https:\/\/www.agriculture-machine.com\/wp-content\/uploads\/2026\/03\/vertical-spiral-manure-spreader.webp 720w, https:\/\/www.agriculture-machine.com\/wp-content\/uploads\/2026\/03\/vertical-spiral-manure-spreader-360x270.webp 360w, https:\/\/www.agriculture-machine.com\/wp-content\/uploads\/2026\/03\/vertical-spiral-manure-spreader-240x180.webp 240w, https:\/\/www.agriculture-machine.com\/wp-content\/uploads\/2026\/03\/vertical-spiral-manure-spreader-16x12.webp 16w\" sizes=\"auto, (max-width: 720px) 100vw, 720px\" \/><figcaption class=\"wp-element-caption\">\u00e9pandeur de fumier \u00e0 spirale verticale<\/figcaption><\/figure> <\/figure>    <h2 class=\"wp-block-heading\">Comment fonctionne l\u2019\u00e9pandeur d\u2019engrais ?<\/h2>    <p>Le camion \u00e9pandeur d\u2019engrais Taizy est aliment\u00e9 par l\u2019arbre de transmission du tracteur, et une cha\u00eene hydraulique alimente uniform\u00e9ment l\u2019engrais vers le m\u00e9canisme d\u2019\u00e9pandage \u00e0 double disque arri\u00e8re.<\/p>    <p>L\u2019engrais est dispers\u00e9 \u00e0 travers le champ par les disques doubles \u00e0 grande vitesse, permettant une fertilisation \u00e0 large \u00e9chelle et efficace.<\/p>    <p>Les param\u00e8tres de fonctionnement peuvent \u00eatre ajust\u00e9s librement en fonction du type d\u2019engrais, de la zone d\u2019application et de la distance d\u2019\u00e9pandage.<\/p>    <h2 class=\"wp-block-heading\">What&#8217;s the tractor manure spreader price?<\/h2>    <p>Le prix d\u2019un camion \u00e9pandeur d\u2019engrais varie selon sa capacit\u00e9, sa configuration et s\u2019il est sur mesure. Par exemple, un \u00e9pandeur d\u2019engrais de 6 m\u00b3 \u00e9quip\u00e9 d\u2019un syst\u00e8me de vis vertical co\u00fbtera plus cher que la version avec un syst\u00e8me \u00e0 double disque contr\u00f4l\u00e9 hydrauliquement.<\/p>    <figure class=\"wp-block-gallery has-nested-images columns-default is-cropped wp-block-gallery-4 is-layout-flex wp-block-gallery-is-layout-flex\"> <figure class=\"wp-block-image size-large\"><img loading=\"lazy\" decoding=\"async\" width=\"720\" height=\"540\" data-id=\"17569\" src=\"https:\/\/www.agriculture-machine.com\/wp-content\/uploads\/2026\/03\/large-fertilizer-spreading-machine.webp\" alt=\"Grand \u00e9pandeur d\u2019engrais\" class=\"wp-image-17569\" srcset=\"https:\/\/www.agriculture-machine.com\/wp-content\/uploads\/2026\/03\/large-fertilizer-spreading-machine.webp 720w, https:\/\/www.agriculture-machine.com\/wp-content\/uploads\/2026\/03\/large-fertilizer-spreading-machine-360x270.webp 360w, https:\/\/www.agriculture-machine.com\/wp-content\/uploads\/2026\/03\/large-fertilizer-spreading-machine-240x180.webp 240w, https:\/\/www.agriculture-machine.com\/wp-content\/uploads\/2026\/03\/large-fertilizer-spreading-machine-16x12.webp 16w\" sizes=\"auto, (max-width: 720px) 100vw, 720px\" \/><figcaption class=\"wp-element-caption\">Grand \u00e9pandeur d\u2019engrais<\/figcaption><\/figure>    <figure class=\"wp-block-image size-large\"><img loading=\"lazy\" decoding=\"async\" width=\"720\" height=\"540\" data-id=\"17568\" src=\"https:\/\/www.agriculture-machine.com\/wp-content\/uploads\/2026\/03\/8m\u00b3-agricultural-manure-spreader.webp\" alt=\"\u00c9pandeur de fumier agricole de 8 m\u00b3\" class=\"wp-image-17568\" srcset=\"https:\/\/www.agriculture-machine.com\/wp-content\/uploads\/2026\/03\/8m\u00b3-agricultural-manure-spreader.webp 720w, https:\/\/www.agriculture-machine.com\/wp-content\/uploads\/2026\/03\/8m\u00b3-agricultural-manure-spreader-360x270.webp 360w, https:\/\/www.agriculture-machine.com\/wp-content\/uploads\/2026\/03\/8m\u00b3-agricultural-manure-spreader-240x180.webp 240w, https:\/\/www.agriculture-machine.com\/wp-content\/uploads\/2026\/03\/8m\u00b3-agricultural-manure-spreader-16x12.webp 16w\" sizes=\"auto, (max-width: 720px) 100vw, 720px\" \/><figcaption class=\"wp-element-caption\">\u00c9pandeur de fumier agricole de 8 m\u00b3<\/figcaption><\/figure> <\/figure>    <p>Nous proposons des solutions personnalis\u00e9es adapt\u00e9es \u00e0 votre budget et \u00e0 vos besoins op\u00e9rationnels. N\u2019h\u00e9sitez pas \u00e0 nous contacter pour obtenir les derni\u00e8res devis, vid\u00e9os d\u2019\u00e9quipement et conseils techniques.<\/p>    <h2 class=\"wp-block-heading\">Comment choisir un \u00e9pandeur d\u2019engrais adapt\u00e9 ?<\/h2>    <ul class=\"wp-block-list\"> <li>D\u00e9terminez le sc\u00e9nario d\u2019application et le type d\u2019engrais : les engrais secs, humides ou granul\u00e9s ont chacun des exigences diff\u00e9rentes pour le m\u00e9canisme d\u2019\u00e9pandage et la m\u00e9thode de livraison.<\/li>    <li>Choisissez la capacit\u00e9 appropri\u00e9e : s\u00e9lectionnez un volume adapt\u00e9 \u00e0 la zone d\u2019application et \u00e0 l\u2019efficacit\u00e9 de fertilisation.<\/li>    <li>Consid\u00e9rez la largeur d\u2019\u00e9pandage et l\u2019efficacit\u00e9 : assurez une application rapide et uniforme.<\/li>    <li>Correspondance de la puissance du tracteur : une puissance minimale de 50 CV en PTO est requise ; choisissez une puissance sup\u00e9rieure en fonction de la capacit\u00e9.<\/li>    <li>Consid\u00e9rez le syst\u00e8me hydraulique et la facilit\u00e9 d\u2019utilisation : assurer une performance stable \u00e0 long terme.<\/li>    <li>Choisissez un fournisseur fiable : celui qui offre un support apr\u00e8s-vente, des pi\u00e8ces de rechange et une assistance technique \u00e0 distance.<\/li> <\/ul>    <figure class=\"wp-block-gallery has-nested-images columns-default is-cropped wp-block-gallery-5 is-layout-flex wp-block-gallery-is-layout-flex\"> <figure class=\"wp-block-image size-large\"><img loading=\"lazy\" decoding=\"async\" width=\"720\" height=\"540\" data-id=\"17570\" src=\"https:\/\/www.agriculture-machine.com\/wp-content\/uploads\/2026\/03\/fertilizer-spreader-trucks-factory.webp\" alt=\"usine de camions \u00e9pandeurs d\u2019engrais\" class=\"wp-image-17570\" srcset=\"https:\/\/www.agriculture-machine.com\/wp-content\/uploads\/2026\/03\/fertilizer-spreader-trucks-factory.webp 720w, https:\/\/www.agriculture-machine.com\/wp-content\/uploads\/2026\/03\/fertilizer-spreader-trucks-factory-360x270.webp 360w, https:\/\/www.agriculture-machine.com\/wp-content\/uploads\/2026\/03\/fertilizer-spreader-trucks-factory-240x180.webp 240w, https:\/\/www.agriculture-machine.com\/wp-content\/uploads\/2026\/03\/fertilizer-spreader-trucks-factory-16x12.webp 16w\" sizes=\"auto, (max-width: 720px) 100vw, 720px\" \/><figcaption class=\"wp-element-caption\">usine de camions \u00e9pandeurs d\u2019engrais<\/figcaption><\/figure>    <figure class=\"wp-block-image size-large\"><img loading=\"lazy\" decoding=\"async\" width=\"720\" height=\"540\" data-id=\"17571\" src=\"https:\/\/www.agriculture-machine.com\/wp-content\/uploads\/2026\/03\/tractor-driven-manure-spreader-machine.webp\" alt=\"Machine \u00e9pandeuse de fumier entra\u00een\u00e9e par tracteur\" class=\"wp-image-17571\" srcset=\"https:\/\/www.agriculture-machine.com\/wp-content\/uploads\/2026\/03\/tractor-driven-manure-spreader-machine.webp 720w, https:\/\/www.agriculture-machine.com\/wp-content\/uploads\/2026\/03\/tractor-driven-manure-spreader-machine-360x270.webp 360w, https:\/\/www.agriculture-machine.com\/wp-content\/uploads\/2026\/03\/tractor-driven-manure-spreader-machine-240x180.webp 240w, https:\/\/www.agriculture-machine.com\/wp-content\/uploads\/2026\/03\/tractor-driven-manure-spreader-machine-16x12.webp 16w\" sizes=\"auto, (max-width: 720px) 100vw, 720px\" \/><figcaption class=\"wp-element-caption\">Machine \u00e9pandeuse de fumier entra\u00een\u00e9e par tracteur<\/figcaption><\/figure> <\/figure>    <h2 class=\"wp-block-heading\">Sp\u00e9cifications de la machine \u00e0 \u00e9pandre le fumier pour \u00e9levage<\/h2>    <figure class=\"wp-block-table is-style-stripes\"><table class=\"has-fixed-layout\"><tbody><tr><td><strong>Article<\/strong><\/td><td><strong>2FGH-3<\/strong><\/td><td><strong>2FGH-6<\/strong><\/td><td><strong>2FGH-8<\/strong><\/td><\/tr><tr><td>Volume du silo<\/td><td>3m\u00b3<\/td><td>6m\u00b3<\/td><td>8m\u00b3<\/td><\/tr><tr><td>Taille globale<\/td><td>4850*1800*2050mm<\/td><td>5750*2050*2430mm<\/td><td>6350*2200*2430mm<\/td><\/tr><tr><td>Forme structurelle<\/td><td>Type bo\u00eete<\/td><td>Type bo\u00eete<\/td><td>Type bo\u00eete<\/td><\/tr><tr><td>Mode de fonctionnement<\/td><td>Projection arri\u00e8re<\/td><td>Projection arri\u00e8re<\/td><td>Projection arri\u00e8re<\/td><\/tr><tr><td>Engrais organique <br>m\u00e9thode de livraison<\/td><td>Cha\u00eene hydraulique de pouss\u00e9e<\/td><td>Cha\u00eene hydraulique de pouss\u00e9e<\/td><td>Cha\u00eene hydraulique de pouss\u00e9e<\/td><\/tr><tr><td>Type de dispositif d\u2019\u00e9pandage<\/td><td>Double disque arri\u00e8re<\/td><td>Double disque arri\u00e8re<\/td><td>Double disque arri\u00e8re<\/td><\/tr><tr><td>Largeur d\u2019\u00e9pandage<\/td><td>\u22655m<\/td><td>\u22655m<\/td><td>\u22655m<\/td><\/tr><tr><td>Quantit\u00e9 de disque<\/td><td>2 pi\u00e8ces<\/td><td>2 pi\u00e8ces<\/td><td>2 pi\u00e8ces<\/td><\/tr><tr><td>Pneu<\/td><td>2 pi\u00e8ces<\/td><td>2 pi\u00e8ces<\/td><td>2 pi\u00e8ces<\/td><\/tr><tr><td>Num\u00e9ro de pneu<\/td><td>20.5\/70-16<\/td><td>298\/60R22.5<\/td><td>295\/60R22.5<\/td><\/tr><tr><td>Puissance adapt\u00e9e<\/td><td>\u226550CV<\/td><td>\u226560.3kw<\/td><td>\u226570kw<\/td><\/tr><tr><td>Capacit\u00e9 maximale de charge<\/td><td>2400kg<\/td><td>4800kg<\/td><td>6000kg<\/td><\/tr><tr><td>Efficacit\u00e9 de travail<\/td><td>5-10 min\/camion<\/td><td>5-10 min\/camion<\/td><td>5-10 min\/camion<\/td><\/tr><\/tbody><\/table><figcaption class=\"wp-element-caption\">Param\u00e8tres techniques des camions \u00e9pandeurs d\u2019engrais<\/figcaption><\/figure>    <p class=\"translation-block\">Nous proposons \u00e9galement une gamme d\u2019autres machines agricoles, telles que <strong><em><a href=\"https:\/\/www.agriculture-machine.com\/fr\/cow-dung-cleaning-machine\/\">nettoyeurs et collecteurs de fumier pour \u00e9levage<\/a><\/em><\/strong>, pour am\u00e9liorer l\u2019efficacit\u00e9 globale de la gestion de la ferme. N\u2019h\u00e9sitez pas \u00e0 nous contacter pour un devis gratuit, des vid\u00e9os d\u2019\u00e9quipement et des conseils techniques d\u2019experts.<\/p>","protected":false},"excerpt":{"rendered":"<p>Camion \u00e9pandeur d\u2019engrais entra\u00een\u00e9 par prise de force Taizy, g\u00e8re efficacement le fumier sec\/humide, les engrais organiques\/granul\u00e9s. Avec une capacit\u00e9 de 3 \u00e0 12 m\u00b3 et une largeur d\u2019\u00e9pandage de 4 \u00e0 16 m, il augmente la productivit\u00e9 de la ferme et r\u00e9duit la main-d'\u0153uvre.<\/p>","protected":false},"author":1,"featured_media":17573,"parent":0,"comment_status":"open","ping_status":"closed","template":"","tags":[2646],"product-type":[162,2],"class_list":["post-17559","product","type-product","status-publish","has-post-thumbnail","hentry","tag-manure","product-type-other-type","product-type-products"],"_links":{"self":[{"href":"https:\/\/www.agriculture-machine.com\/fr\/wp-json\/wp\/v2\/product\/17559","targetHints":{"allow":["GET"]}}],"collection":[{"href":"https:\/\/www.agriculture-machine.com\/fr\/wp-json\/wp\/v2\/product"}],"about":[{"href":"https:\/\/www.agriculture-machine.com\/fr\/wp-json\/wp\/v2\/types\/product"}],"author":[{"embeddable":true,"href":"https:\/\/www.agriculture-machine.com\/fr\/wp-json\/wp\/v2\/users\/1"}],"replies":[{"embeddable":true,"href":"https:\/\/www.agriculture-machine.com\/fr\/wp-json\/wp\/v2\/comments?post=17559"}],"wp:featuredmedia":[{"embeddable":true,"href":"https:\/\/www.agriculture-machine.com\/fr\/wp-json\/wp\/v2\/media\/17573"}],"wp:attachment":[{"href":"https:\/\/www.agriculture-machine.com\/fr\/wp-json\/wp\/v2\/media?parent=17559"}],"wp:term":[{"taxonomy":"post_tag","embeddable":true,"href":"https:\/\/www.agriculture-machine.com\/fr\/wp-json\/wp\/v2\/tags?post=17559"},{"taxonomy":"product-type","embeddable":true,"href":"https:\/\/www.agriculture-machine.com\/fr\/wp-json\/wp\/v2\/product-type?post=17559"}],"curies":[{"name":"wp","href":"https:\/\/api.w.org\/{rel}","templated":true}]}}