{"id":17605,"date":"2026-04-02T15:32:46","date_gmt":"2026-04-02T07:32:46","guid":{"rendered":"https:\/\/www.agriculture-machine.com\/?post_type=product&#038;p=17605"},"modified":"2026-04-02T15:32:48","modified_gmt":"2026-04-02T07:32:48","slug":"forage-harvester","status":"publish","type":"product","link":"https:\/\/www.agriculture-machine.com\/fr\/forage-harvester\/","title":{"rendered":"Faucheuse pour ensilage : solutions sur roues, chenilles et mont\u00e9es"},"content":{"rendered":"<p>La r\u00e9colteuse d'ensilage est une machine agricole et d'\u00e9levage moderne qui int\u00e8gre la coupe, le hachage, le transport et la d\u00e9charge en une seule unit\u00e9. Elle est largement utilis\u00e9e pour la r\u00e9colte et le traitement de cultures telles que la tige de ma\u00efs, l'herbe fourrag\u00e8re et le sorgho. Elle permet une op\u00e9ration continue et une r\u00e9colte et un chargement simultan\u00e9s, r\u00e9duisant consid\u00e9rablement la main-d'\u0153uvre et am\u00e9liorant l'efficacit\u00e9 op\u00e9rationnelle.<\/p>    <p>Selon le mod\u00e8le et la configuration, l'\u00e9quipement peut atteindre une efficacit\u00e9 op\u00e9rationnelle de 0,3\u20131,0 hectare par heure, avec des longueurs de coupe r\u00e9glables (g\u00e9n\u00e9ralement 5\u201320 mm). Cela facilite le compactage et la fermentation de l'ensilage, am\u00e9liorant ainsi la qualit\u00e9 et l'utilisation de l'alimentation.<\/p>    <figure class=\"wp-block-embed aligncenter is-type-video is-provider-youtube wp-block-embed-youtube wp-embed-aspect-16-9 wp-has-aspect-ratio\"><div class=\"wp-block-embed__wrapper\"> <iframe loading=\"lazy\" title=\"R\u00e9colteuse d&#039;ensilage \u00e0 chenilles | Performance puissante pour une r\u00e9colte efficace du fourrage#ensilage\" width=\"500\" height=\"281\" src=\"https:\/\/www.youtube.com\/embed\/uG3zA_K-sQ0?feature=oembed\" frameborder=\"0\" allow=\"accelerometer; autoplay; clipboard-write; encrypted-media; gyroscope; picture-in-picture; web-share\" referrerpolicy=\"strict-origin-when-cross-origin\" allowfullscreen><\/iframe> <\/div><figcaption class=\"wp-element-caption\">Vid\u00e9o de travail de la machine de r\u00e9colteuse de fourrage autopropuls\u00e9e<\/figcaption><\/figure>    <p>Cette s\u00e9rie propose une vari\u00e9t\u00e9 de t\u00eates d'ensilage, y compris des mod\u00e8les \u00e0 roues, \u00e0 chenilles et \u00e0 sac \u00e0 dos, permettant une s\u00e9lection flexible en fonction des conditions du terrain et de l'\u00e9chelle d'exploitation. Adapt\u00e9s aux p\u00e2turages, fermes d'\u00e9levage et coop\u00e9ratives agricoles, ces machines contribuent \u00e0 une production m\u00e9canis\u00e9e et \u00e0 grande \u00e9chelle d'ensilage.<\/p>    <h2 class=\"wp-block-heading\">Applications de la machine de r\u00e9colte d'ensilage<\/h2>    <p>Les r\u00e9colteuses d'ensilage sont principalement utilis\u00e9es pour la r\u00e9colte et le traitement de diverses cultures fourrag\u00e8res et ont un large \u00e9ventail d'applications.<\/p>    <ul class=\"wp-block-list\"> <li>R\u00e9colte et hachage de toute la plante de ma\u00efs ensilage.<\/li>    <li>Traitement de cultures fourrag\u00e8res telles que la luzerne et le ray-grass.<\/li>    <li>Utilisation de cultures de paille telles que le sorgho et la canne \u00e0 sucre.<\/li>    <li>Traitement et stockage quotidiens de l'alimentation dans les exploitations agricoles.<\/li>    <li>Op\u00e9rations centralis\u00e9es dans les coop\u00e9ratives agricoles et les exploitations \u00e0 grande \u00e9chelle.<\/li> <\/ul>    <figure class=\"wp-block-gallery has-nested-images columns-default is-cropped wp-block-gallery-2 is-layout-flex wp-block-gallery-is-layout-flex\"> <figure class=\"wp-block-image size-large\"><img loading=\"lazy\" decoding=\"async\" width=\"720\" height=\"540\" data-id=\"17612\" src=\"https:\/\/www.agriculture-machine.com\/wp-content\/uploads\/2026\/04\/wheeled-forage-harvester.webp\" alt=\"R\u00e9colteuse de fourrage \u00e0 roues\" class=\"wp-image-17612\" srcset=\"https:\/\/www.agriculture-machine.com\/wp-content\/uploads\/2026\/04\/wheeled-forage-harvester.webp 720w, https:\/\/www.agriculture-machine.com\/wp-content\/uploads\/2026\/04\/wheeled-forage-harvester-360x270.webp 360w, https:\/\/www.agriculture-machine.com\/wp-content\/uploads\/2026\/04\/wheeled-forage-harvester-240x180.webp 240w, https:\/\/www.agriculture-machine.com\/wp-content\/uploads\/2026\/04\/wheeled-forage-harvester-16x12.webp 16w\" sizes=\"auto, (max-width: 720px) 100vw, 720px\" \/><figcaption class=\"wp-element-caption\">R\u00e9colteuse de fourrage \u00e0 roues<\/figcaption><\/figure>    <figure class=\"wp-block-image size-large\"><img loading=\"lazy\" decoding=\"async\" width=\"720\" height=\"540\" data-id=\"17611\" src=\"https:\/\/www.agriculture-machine.com\/wp-content\/uploads\/2026\/04\/self\u2011propelled-silage-harvester.webp\" alt=\"R\u00e9colteuse d&#039;ensilage autopropuls\u00e9e\" class=\"wp-image-17611\" srcset=\"https:\/\/www.agriculture-machine.com\/wp-content\/uploads\/2026\/04\/self\u2011propelled-silage-harvester.webp 720w, https:\/\/www.agriculture-machine.com\/wp-content\/uploads\/2026\/04\/self\u2011propelled-silage-harvester-360x270.webp 360w, https:\/\/www.agriculture-machine.com\/wp-content\/uploads\/2026\/04\/self\u2011propelled-silage-harvester-240x180.webp 240w, https:\/\/www.agriculture-machine.com\/wp-content\/uploads\/2026\/04\/self\u2011propelled-silage-harvester-16x12.webp 16w\" sizes=\"auto, (max-width: 720px) 100vw, 720px\" \/><figcaption class=\"wp-element-caption\">R\u00e9colteuse d'ensilage autopropuls\u00e9e<\/figcaption><\/figure> <\/figure>    <h2 class=\"wp-block-heading\">Avantages structurels de la machine de r\u00e9colte d'ensilage<\/h2>    <p>En termes de conception structurelle, la r\u00e9colteuse d'ensilage met davantage l'accent sur la durabilit\u00e9 et la stabilit\u00e9 op\u00e9rationnelle :<\/p>    <ul class=\"wp-block-list\"> <li>Syst\u00e8me de coupe \u00e0 haute efficacit\u00e9 : \u00e9quip\u00e9 de lames en alliage r\u00e9sistantes \u00e0 l'usure pour une coupe uniforme, am\u00e9liorant la qualit\u00e9 de l'ensilage.<\/li>    <li>Syst\u00e8me d'\u00e9jection puissant : une longue distance d'\u00e9jection permet un chargement direct sur les camions, r\u00e9duisant les \u00e9tapes interm\u00e9diaires.<\/li>    <li>Syst\u00e8me de contr\u00f4le hydraulique : op\u00e9ration flexible adapt\u00e9e \u00e0 diff\u00e9rentes hauteurs et densit\u00e9s de cultures.<\/li>    <li>Conception compacte du ch\u00e2ssis : maniabilit\u00e9 agile et excellente man\u0153uvrabilit\u00e9, adapt\u00e9e \u00e0 divers terrains.<\/li>    <li>Renforcement des composants cl\u00e9s : prolonge la dur\u00e9e de vie et r\u00e9duit les co\u00fbts de maintenance.<\/li> <\/ul>    <h2 class=\"wp-block-heading\">Comment fonctionne la machine de r\u00e9colte d'ensilage ?<\/h2>    <p>L'ensileuse utilise sa transmission pour entra\u00eener la t\u00eate avant, qui coupe la culture et l'alimente dans l'unit\u00e9 de hachage, o\u00f9 elle est d\u00e9chiquet\u00e9e par des lames rotatives \u00e0 haute vitesse.<\/p>    <p>The material is then carried by an airflow generated by the fan into the discharge chute and directly discharged into the transport vehicle, achieving an integrated &#8220;harvesting\u2013chopping\u2013loading&#8221; workflow.<\/p>    <figure class=\"wp-block-embed aligncenter is-type-video is-provider-youtube wp-block-embed-youtube wp-embed-aspect-16-9 wp-has-aspect-ratio\"><div class=\"wp-block-embed__wrapper\"> <iframe loading=\"lazy\" title=\"Machine de r\u00e9colte d&#039;ensilage en fonctionnement dans le champ | R\u00e9colte efficace de fourrage \ud83c\udf3d\ud83d\ude9c#ensilage\" width=\"500\" height=\"281\" src=\"https:\/\/www.youtube.com\/embed\/Nyi1S7FPDEs?feature=oembed\" frameborder=\"0\" allow=\"accelerometer; autoplay; clipboard-write; encrypted-media; gyroscope; picture-in-picture; web-share\" referrerpolicy=\"strict-origin-when-cross-origin\" allowfullscreen><\/iframe> <\/div><figcaption class=\"wp-element-caption\">Vid\u00e9o d'une machine de r\u00e9colte d'ensilage en action dans le champ<\/figcaption><\/figure>    <h2 class=\"wp-block-heading\">Introduction aux trois types de r\u00e9colteuses d'ensilage<\/h2>    <h3 class=\"wp-block-heading\">R\u00e9colteuse d'ensilage \u00e0 roues<\/h3>    <p>Les mod\u00e8les \u00e0 roues conviennent pour une op\u00e9ration sur des terres agricoles plates et \u00e0 grande \u00e9chelle.<\/p>    <p>Ils offrent des vitesses de d\u00e9placement rapides, une grande efficacit\u00e9 op\u00e9rationnelle et une relocalisation facile, ce qui les rend id\u00e9aux pour les exploitations agricoles \u00e0 grande \u00e9chelle.<\/p>    <h3 class=\"wp-block-heading\">R\u00e9colteuse d'ensilage \u00e0 chenilles<\/h3>    <p>Les mod\u00e8les \u00e0 chenilles sont principalement con\u00e7us pour les terrains boueux, humides ou complexes.<\/p>    <p>Offrent une excellente traction et stabilit\u00e9, sont moins sujettes au glissement, et conviennent particuli\u00e8rement aux rizi\u00e8res dans les r\u00e9gions du sud ou aux conditions de fonctionnement en saison des pluies.<\/p>    <h3 class=\"wp-block-heading\">Coupeur d'ensilage mont\u00e9<\/h3>    <p>Les coupeurs mont\u00e9s n\u00e9cessitent l'utilisation avec un tracteur et impliquent des co\u00fbts d'investissement globaux inf\u00e9rieurs.<\/p>    <p>Ils offrent une grande flexibilit\u00e9 et conviennent aux petits et moyens exploitants ou aux op\u00e9rations sur des parcelles dispers\u00e9es, ce qui en fait un choix \u00e9conomique et pratique.<\/p>    <figure class=\"wp-block-gallery has-nested-images columns-default is-cropped wp-block-gallery-3 is-layout-flex wp-block-gallery-is-layout-flex\"> <figure class=\"wp-block-image size-large\"><img loading=\"lazy\" decoding=\"async\" width=\"720\" height=\"540\" data-id=\"17614\" src=\"https:\/\/www.agriculture-machine.com\/wp-content\/uploads\/2026\/04\/silage-straw-cutting-harvester.webp\" alt=\"Hachoir de coupe de paille d&#039;ensilage\" class=\"wp-image-17614\" srcset=\"https:\/\/www.agriculture-machine.com\/wp-content\/uploads\/2026\/04\/silage-straw-cutting-harvester.webp 720w, https:\/\/www.agriculture-machine.com\/wp-content\/uploads\/2026\/04\/silage-straw-cutting-harvester-360x270.webp 360w, https:\/\/www.agriculture-machine.com\/wp-content\/uploads\/2026\/04\/silage-straw-cutting-harvester-240x180.webp 240w, https:\/\/www.agriculture-machine.com\/wp-content\/uploads\/2026\/04\/silage-straw-cutting-harvester-16x12.webp 16w\" sizes=\"auto, (max-width: 720px) 100vw, 720px\" \/><figcaption class=\"wp-element-caption\">Hachoir de coupe de paille d'ensilage<\/figcaption><\/figure>    <figure class=\"wp-block-image size-large\"><img loading=\"lazy\" decoding=\"async\" width=\"720\" height=\"540\" data-id=\"17613\" src=\"https:\/\/www.agriculture-machine.com\/wp-content\/uploads\/2026\/04\/crawler-silage-harvesting-machine.webp\" alt=\"Machine de r\u00e9colte d&#039;ensilage \u00e0 chenilles\" class=\"wp-image-17613\" srcset=\"https:\/\/www.agriculture-machine.com\/wp-content\/uploads\/2026\/04\/crawler-silage-harvesting-machine.webp 720w, https:\/\/www.agriculture-machine.com\/wp-content\/uploads\/2026\/04\/crawler-silage-harvesting-machine-360x270.webp 360w, https:\/\/www.agriculture-machine.com\/wp-content\/uploads\/2026\/04\/crawler-silage-harvesting-machine-240x180.webp 240w, https:\/\/www.agriculture-machine.com\/wp-content\/uploads\/2026\/04\/crawler-silage-harvesting-machine-16x12.webp 16w\" sizes=\"auto, (max-width: 720px) 100vw, 720px\" \/><figcaption class=\"wp-element-caption\">Machine de r\u00e9colte d'ensilage \u00e0 chenilles<\/figcaption><\/figure> <\/figure>    <h2 class=\"wp-block-heading\">What&#8217;s the price of a green feed harvester?<\/h2>    <p>Le prix des r\u00e9colteuses d'ensilage d\u00e9pend principalement du type d'\u00e9quipement, des sp\u00e9cifications de puissance et des diff\u00e9rences fonctionnelles.<\/p>    <ul class=\"wp-block-list\"> <li>Style sac \u00e0 dos : investissement initial moindre, adapt\u00e9 aux utilisateurs avec un budget limit\u00e9.<\/li>    <li>\u00c0 roues \/ chenilles : prix relativement plus \u00e9lev\u00e9, mais avec une efficacit\u00e9 accrue et un degr\u00e9 d'automatisation sup\u00e9rieur.<\/li> <\/ul>    <p>Nous proposons des configurations personnalis\u00e9es en fonction des besoins du client. N'h\u00e9sitez pas \u00e0 nous contacter pour des devis d\u00e9taill\u00e9s et des recommandations.<\/p>    <h2 class=\"wp-block-heading\">Comment choisir la r\u00e9colteuse de fourrage adapt\u00e9e ?<\/h2>    <p>Lors de l'achat d'une r\u00e9colteuse d'ensilage, nous recommandons de se concentrer sur les facteurs suivants :<\/p>    <ul class=\"wp-block-list\"> <li>Conditions du terrain : les mod\u00e8les \u00e0 roues sont pr\u00e9f\u00e9rables pour les terrains plats, tandis que les mod\u00e8les \u00e0 chenilles sont recommand\u00e9s pour les terrains complexes.<\/li>    <li>\u00c9chelle op\u00e9rationnelle : plus la zone est grande, plus le mod\u00e8le doit \u00eatre efficace.<\/li>    <li>Correspondance de puissance : confirmer que la puissance du tracteur ou du syst\u00e8me autopropuls\u00e9 est compatible.<\/li>    <li>Performance de hachage : cela influence directement la qualit\u00e9 de l'ensilage et son utilisation ult\u00e9rieure.<\/li>    <li>Service apr\u00e8s-vente : assurer un fonctionnement stable et \u00e0 long terme de l'\u00e9quipement.<\/li> <\/ul>    <figure class=\"wp-block-gallery has-nested-images columns-default is-cropped wp-block-gallery-4 is-layout-flex wp-block-gallery-is-layout-flex\"> <figure class=\"wp-block-image size-large\"><img loading=\"lazy\" decoding=\"async\" width=\"720\" height=\"540\" data-id=\"17615\" src=\"https:\/\/www.agriculture-machine.com\/wp-content\/uploads\/2026\/04\/corn-forage-harvester-machine.webp\" alt=\"Machine de r\u00e9colte de fourrage de ma\u00efs\" class=\"wp-image-17615\" srcset=\"https:\/\/www.agriculture-machine.com\/wp-content\/uploads\/2026\/04\/corn-forage-harvester-machine.webp 720w, https:\/\/www.agriculture-machine.com\/wp-content\/uploads\/2026\/04\/corn-forage-harvester-machine-360x270.webp 360w, https:\/\/www.agriculture-machine.com\/wp-content\/uploads\/2026\/04\/corn-forage-harvester-machine-240x180.webp 240w, https:\/\/www.agriculture-machine.com\/wp-content\/uploads\/2026\/04\/corn-forage-harvester-machine-16x12.webp 16w\" sizes=\"auto, (max-width: 720px) 100vw, 720px\" \/><figcaption class=\"wp-element-caption\">Machine de r\u00e9colte de fourrage de ma\u00efs<\/figcaption><\/figure>    <figure class=\"wp-block-image size-large\"><img loading=\"lazy\" decoding=\"async\" width=\"720\" height=\"540\" data-id=\"17616\" src=\"https:\/\/www.agriculture-machine.com\/wp-content\/uploads\/2026\/04\/forage-crop-harvesting-machine.webp\" alt=\"Machine de r\u00e9colte de cultures fourrag\u00e8res\" class=\"wp-image-17616\" srcset=\"https:\/\/www.agriculture-machine.com\/wp-content\/uploads\/2026\/04\/forage-crop-harvesting-machine.webp 720w, https:\/\/www.agriculture-machine.com\/wp-content\/uploads\/2026\/04\/forage-crop-harvesting-machine-360x270.webp 360w, https:\/\/www.agriculture-machine.com\/wp-content\/uploads\/2026\/04\/forage-crop-harvesting-machine-240x180.webp 240w, https:\/\/www.agriculture-machine.com\/wp-content\/uploads\/2026\/04\/forage-crop-harvesting-machine-16x12.webp 16w\" sizes=\"auto, (max-width: 720px) 100vw, 720px\" \/><figcaption class=\"wp-element-caption\">Machine de r\u00e9colte de cultures fourrag\u00e8res<\/figcaption><\/figure> <\/figure>    <h2 class=\"wp-block-heading\">Param\u00e8tres techniques de la r\u00e9colteuse d'ensilage vert<\/h2>    <figure class=\"wp-block-table is-style-stripes\"><table class=\"has-fixed-layout\"><tbody><tr><td><strong>Article<\/strong><\/td><td><strong>Type \u00e0 roues<\/strong><\/td><td><strong>Type chenilles<\/strong><\/td><td><strong>Type mont\u00e9<\/strong><\/td><\/tr><tr><td>Puissance<\/td><td>50\u2013100 CV<\/td><td>60\u2013120 CV<\/td><td>Tracteur \u226550 CV<\/td><\/tr><tr><td>Capacit\u00e9<\/td><td>0,5\u20131,0 ha\/h<\/td><td>0,3\u20130,8 ha\/h<\/td><td>0,3\u20130,6 ha\/h<\/td><\/tr><tr><td>Longueur de coupe<\/td><td>5\u201320 mm<\/td><td>5\u201320 mm<\/td><td>5\u201320 mm<\/td><\/tr><tr><td>Largeur de travail<\/td><td>1,3\u20132,2 m<\/td><td>1,3\u20132,0 m<\/td><td>1,0\u20131,8 m<\/td><\/tr><tr><td>Type de d\u00e9charge<\/td><td>Lancer hydraulique<\/td><td>Lancer hydraulique<\/td><td>entra\u00een\u00e9 par PTO<\/td><\/tr><tr><td>Application<\/td><td>Terrain plat<\/td><td>Terrain humide \/ accident\u00e9<\/td><td>Petites exploitations<\/td><\/tr><\/tbody><\/table><figcaption class=\"wp-element-caption\">Param\u00e8tres techniques des machines de r\u00e9colte d'ensilage<\/figcaption><\/figure>    <p class=\"translation-block\">Lorsqu'il est utilis\u00e9 avec des \u00e9quipements tels que des coupe-choux, <strong><em><a href=\"https:\/\/www.agriculture-machine.com\/fr\/silage-machine\/sliage-baler\/\">machines \u00e0 emballer et \u00e0 envelopper l'ensilage<\/a><\/em><\/strong>, cette r\u00e9colteuse de fourrage peut former un syst\u00e8me complet couvrant tout, de la r\u00e9colte au stockage et \u00e0 l'utilisation, am\u00e9liorant consid\u00e9rablement l'efficacit\u00e9 de l'\u00e9levage.<\/p>    <p>Si vous recherchez une solution d'ensilage efficace et fiable, n'h\u00e9sitez pas \u00e0 nous contacter \u00e0 tout moment pour des vid\u00e9os d'\u00e9quipement, des devis et des recommandations personnalis\u00e9es !<\/p>","protected":false},"excerpt":{"rendered":"<p>La r\u00e9colteuse d'ensilage int\u00e8gre la coupe, le hachage et le soufflage pour une r\u00e9colte efficace. Avec plusieurs types disponibles, elle convient \u00e0 diff\u00e9rents terrains et contribue \u00e0 am\u00e9liorer la productivit\u00e9 tout en r\u00e9duisant la main-d'\u0153uvre.<\/p>","protected":false},"author":1,"featured_media":17610,"parent":0,"comment_status":"open","ping_status":"closed","template":"","tags":[772,591],"product-type":[162,2],"class_list":["post-17605","product","type-product","status-publish","has-post-thumbnail","hentry","tag-forage","tag-silage","product-type-other-type","product-type-products"],"_links":{"self":[{"href":"https:\/\/www.agriculture-machine.com\/fr\/wp-json\/wp\/v2\/product\/17605","targetHints":{"allow":["GET"]}}],"collection":[{"href":"https:\/\/www.agriculture-machine.com\/fr\/wp-json\/wp\/v2\/product"}],"about":[{"href":"https:\/\/www.agriculture-machine.com\/fr\/wp-json\/wp\/v2\/types\/product"}],"author":[{"embeddable":true,"href":"https:\/\/www.agriculture-machine.com\/fr\/wp-json\/wp\/v2\/users\/1"}],"replies":[{"embeddable":true,"href":"https:\/\/www.agriculture-machine.com\/fr\/wp-json\/wp\/v2\/comments?post=17605"}],"wp:featuredmedia":[{"embeddable":true,"href":"https:\/\/www.agriculture-machine.com\/fr\/wp-json\/wp\/v2\/media\/17610"}],"wp:attachment":[{"href":"https:\/\/www.agriculture-machine.com\/fr\/wp-json\/wp\/v2\/media?parent=17605"}],"wp:term":[{"taxonomy":"post_tag","embeddable":true,"href":"https:\/\/www.agriculture-machine.com\/fr\/wp-json\/wp\/v2\/tags?post=17605"},{"taxonomy":"product-type","embeddable":true,"href":"https:\/\/www.agriculture-machine.com\/fr\/wp-json\/wp\/v2\/product-type?post=17605"}],"curies":[{"name":"wp","href":"https:\/\/api.w.org\/{rel}","templated":true}]}}