{"id":17620,"date":"2026-04-08T15:42:05","date_gmt":"2026-04-08T07:42:05","guid":{"rendered":"https:\/\/www.agriculture-machine.com\/?post_type=product&#038;p=17620"},"modified":"2026-04-08T15:43:54","modified_gmt":"2026-04-08T07:43:54","slug":"tmr-silage-mixer-and-spreader","status":"publish","type":"product","link":"https:\/\/www.agriculture-machine.com\/fr\/tmr-silage-mixer-and-spreader\/","title":{"rendered":"M\u00e9langeuse et \u00e9pandeuse d'ensilage TMR diesel de 5m\u00b3"},"content":{"rendered":"<p>Le m\u00e9langeur et \u00e9pandeur d'ensilage TMR diesel de 5m\u00b3 convient aux exploitations laiti\u00e8res et bovines de taille moyenne \u00e0 grande, int\u00e9grant broyage, m\u00e9lange uniforme et \u00e9pandage automatique en une seule unit\u00e9. Aliment\u00e9 par un moteur diesel de 35 chevaux, il est disponible en configurations verticale et horizontale. Avec une capacit\u00e9 totale de 5m\u00b3, il peut r\u00e9pondre aux besoins d'alimentation de centaines de b\u00eates en une seule op\u00e9ration.<\/p>    <p>Tout le processus \u2014 du chargement au m\u00e9lange en passant par la distribution \u2014 est enti\u00e8rement automatis\u00e9. \u00c9quip\u00e9 d'une tr\u00e9mie de chargement hydraulique, d'un syst\u00e8me de d\u00e9charge \u00e0 bande et d'un syst\u00e8me de pes\u00e9e pr\u00e9cis, il garantit efficacement l'uniformit\u00e9 de l'alimentation et la pr\u00e9cision de la distribution. Par rapport aux m\u00e9thodes traditionnelles de nourrissage manuel, il r\u00e9duit les co\u00fbts de main-d'\u0153uvre de plus de 50 %, am\u00e9liorant consid\u00e9rablement l'efficacit\u00e9 de l'alimentation et les normes de gestion de la ferme.<\/p>    <figure class=\"wp-block-embed aligncenter is-type-video is-provider-youtube wp-block-embed-youtube wp-embed-aspect-16-9 wp-has-aspect-ratio\"><div class=\"wp-block-embed__wrapper\"> <iframe loading=\"lazy\" title=\"5m\u00b3 Diesel Silage Mixer &amp; Feed Spreader Truck | Powerful &amp; Efficient Feeding Solution#silage\" width=\"500\" height=\"281\" src=\"https:\/\/www.youtube.com\/embed\/-03Ujdk6nXE?feature=oembed\" frameborder=\"0\" allow=\"accelerometer; autoplay; clipboard-write; encrypted-media; gyroscope; picture-in-picture; web-share\" referrerpolicy=\"strict-origin-when-cross-origin\" allowfullscreen><\/iframe> <\/div><figcaption class=\"wp-element-caption\">Op\u00e9ration et site de travail de la machine de m\u00e9langeuse et \u00e9pandeuse d'ensilage TMR.<\/figcaption><\/figure>    <h2 class=\"wp-block-heading\">Applications de la remorque m\u00e9langeuse de ensilage TMR<\/h2>    <ul class=\"wp-block-list\"> <li>Grandes exploitations d'\u00e9levage, y compris fermes laiti\u00e8res, bovines de boucherie et \u00e9levages ovins.<\/li>    <li>Alimentation mixte de divers aliments, tels que l'ensilage, le foin et les concentr\u00e9s.<\/li>    <li>Adapt\u00e9 \u00e0 l'alimentation quotidienne et \u00e0 la gestion de pr\u00e9cision sur des exploitations de taille moyenne \u00e0 grande.<\/li>    <li>Peut \u00eatre utilis\u00e9 pour la pr\u00e9paration et la distribution uniforme du TMR (rations total-mix\u00e9es).<\/li> <\/ul>    <h2 class=\"wp-block-heading\">Avantages de la m\u00e9langeuse et \u00e9pandeuse d'ensilage TMR<\/h2>    <ul class=\"wp-block-list\"> <li>Fonctionnement tout-en-un : combine alimentation, m\u00e9lange, transport et distribution en une seule unit\u00e9, r\u00e9duisant les co\u00fbts d'\u00e9quipement.<\/li>    <li>Haute efficacit\u00e9 et \u00e9conomies d'\u00e9nergie : dot\u00e9 d'une conception de grande capacit\u00e9 de 5m\u00b3, il peut r\u00e9pondre aux besoins d'alimentation de centaines de vaches en une seule op\u00e9ration.<\/li>    <li>Alimentation pr\u00e9cise : \u00e9quip\u00e9 d'un syst\u00e8me de pes\u00e9e pour assurer des ratios d'alimentation scientifiquement pr\u00e9cis et minimiser le gaspillage.<\/li>    <li>Conception flexible : disponible en configuration verticale (pour un m\u00e9lange plus uniforme) et horizontale (pour une d\u00e9charge plus rapide).<\/li>    <li>Fonctionnement convivial : le syst\u00e8me de contr\u00f4le hydraulique permet \u00e0 un seul op\u00e9rateur d'effectuer toutes les t\u00e2ches.<\/li>    <li>Stable et durable : dot\u00e9 d'un ch\u00e2ssis robuste et d'une construction en acier \u00e0 haute r\u00e9sistance pour r\u00e9sister aux environnements difficiles des ranchs.<\/li> <\/ul>    <figure class=\"wp-block-gallery has-nested-images columns-default is-cropped wp-block-gallery-2 is-layout-flex wp-block-gallery-is-layout-flex\"> <figure class=\"wp-block-image size-large\"><img loading=\"lazy\" decoding=\"async\" width=\"720\" height=\"540\" data-id=\"17626\" src=\"https:\/\/www.agriculture-machine.com\/wp-content\/uploads\/2026\/04\/TMR-silage-mixer-and-spreader.webp\" alt=\"M\u00e9langeuse et \u00e9pandeuse d&#039;ensilage TMR\" class=\"wp-image-17626\" srcset=\"https:\/\/www.agriculture-machine.com\/wp-content\/uploads\/2026\/04\/TMR-silage-mixer-and-spreader.webp 720w, https:\/\/www.agriculture-machine.com\/wp-content\/uploads\/2026\/04\/TMR-silage-mixer-and-spreader-360x270.webp 360w, https:\/\/www.agriculture-machine.com\/wp-content\/uploads\/2026\/04\/TMR-silage-mixer-and-spreader-240x180.webp 240w, https:\/\/www.agriculture-machine.com\/wp-content\/uploads\/2026\/04\/TMR-silage-mixer-and-spreader-16x12.webp 16w\" sizes=\"auto, (max-width: 720px) 100vw, 720px\" \/><figcaption class=\"wp-element-caption\">M\u00e9langeuse et \u00e9pandeuse d'ensilage TMR<\/figcaption><\/figure>    <figure class=\"wp-block-image size-large\"><img loading=\"lazy\" decoding=\"async\" width=\"720\" height=\"540\" data-id=\"17625\" src=\"https:\/\/www.agriculture-machine.com\/wp-content\/uploads\/2026\/04\/feed-mixing-and-spreading-machine.webp\" alt=\"Machine de m\u00e9lange et d&#039;\u00e9pandage d&#039;aliments\" class=\"wp-image-17625\" srcset=\"https:\/\/www.agriculture-machine.com\/wp-content\/uploads\/2026\/04\/feed-mixing-and-spreading-machine.webp 720w, https:\/\/www.agriculture-machine.com\/wp-content\/uploads\/2026\/04\/feed-mixing-and-spreading-machine-360x270.webp 360w, https:\/\/www.agriculture-machine.com\/wp-content\/uploads\/2026\/04\/feed-mixing-and-spreading-machine-240x180.webp 240w, https:\/\/www.agriculture-machine.com\/wp-content\/uploads\/2026\/04\/feed-mixing-and-spreading-machine-16x12.webp 16w\" sizes=\"auto, (max-width: 720px) 100vw, 720px\" \/><figcaption class=\"wp-element-caption\">Machine de m\u00e9lange et d'\u00e9pandage d'aliments<\/figcaption><\/figure> <\/figure>    <h2 class=\"wp-block-heading\">Comment fonctionne le m\u00e9langeur et \u00e9pandeur d'aliments pour b\u00e9tail ?<\/h2>    <ol class=\"wp-block-list\"> <li>L'ensilage, le fourrage et les concentr\u00e9s sont aliment\u00e9s dans la tr\u00e9mie via un syst\u00e8me de chargement hydraulique.<\/li>    <li>Le syst\u00e8me de m\u00e9lange coupe et m\u00e9lange soigneusement l'aliment pour cr\u00e9er une ration TMR uniforme.<\/li>    <li>Une fois le m\u00e9lange termin\u00e9, l'aliment est r\u00e9parti uniform\u00e9ment via un syst\u00e8me de convoyeur \u00e0 bande lat\u00e9ral.<\/li>    <li>L'ensemble du processus est contr\u00f4l\u00e9 par un syst\u00e8me hydraulique, garantissant un fonctionnement continu et efficace.<\/li> <\/ol>    <h2 class=\"wp-block-heading\">Sp\u00e9cifications de la voiture de m\u00e9lange et d'\u00e9pandage d'ensilage<\/h2>    <figure class=\"wp-block-table is-style-stripes\"><table class=\"has-fixed-layout\"><tbody><tr><td><strong>Article<\/strong><\/td><td><strong>Type vertical (5m\u00b3)<\/strong><\/td><td><strong>Type horizontal (5m\u00b3)<\/strong><\/td><\/tr><tr><td>Mod\u00e8le<\/td><td>TMR-5 Vertical<\/td><td>TMR-5 Horizontal<\/td><\/tr><tr><td>Capacit\u00e9<\/td><td>5 m\u00b3<\/td><td>5 m\u00b3<\/td><\/tr><tr><td>Dimension (L\u00d7l\u00d7H)<\/td><td>5250\u00d72300\u00d72580 mm<\/td><td>4700\u00d71700\u00d72200 mm<\/td><\/tr><tr><td>Poids<\/td><td>2874 kg<\/td><td>3500 kg<\/td><\/tr><tr><td>Puissance<\/td><td>Moteur diesel 35 HP<\/td><td>Moteur diesel 35 HP<\/td><\/tr><tr><td>Ch\u00e2ssis<\/td><td>Wuzheng \u00e0 5 roues<\/td><td>Tricycle Wuzheng \/ 4 roues<\/td><\/tr><tr><td>Syst\u00e8me d'alimentation<\/td><td>Tr\u00e9mie de levage hydraulique<\/td><td>Alimentation hydraulique<\/td><\/tr><tr><td>M\u00e9thode de d\u00e9charge<\/td><td>Convoyeur \u00e0 bande hydraulique<\/td><td>D\u00e9chargeur \u00e0 racle \/ bande<\/td><\/tr><tr><td>Type de m\u00e9lange<\/td><td>Auger vertical<\/td><td>Auger horizontal<\/td><\/tr><tr><td>Syst\u00e8me de pes\u00e9e<\/td><td>Oui<\/td><td>Optionnel<\/td><\/tr><tr><td>Syst\u00e8me de transmission<\/td><td>Hydraulique<\/td><td>Cha\u00eene   hydraulique<\/td><\/tr><tr><td>Quantit\u00e9 de pneus<\/td><td>5 pi\u00e8ces<\/td><td>3\u20134 pi\u00e8ces<\/td><\/tr><\/tbody><\/table><figcaption class=\"wp-element-caption\">Param\u00e8tres techniques de la machine de m\u00e9langeuse et \u00e9pandeuse d'ensilage \u00e0 moteur diesel<\/figcaption><\/figure>    <figure class=\"wp-block-gallery has-nested-images columns-default is-cropped wp-block-gallery-3 is-layout-flex wp-block-gallery-is-layout-flex\"> <figure class=\"wp-block-image size-large\"><img loading=\"lazy\" decoding=\"async\" width=\"720\" height=\"540\" data-id=\"17623\" src=\"https:\/\/www.agriculture-machine.com\/wp-content\/uploads\/2026\/04\/silage-mixing-and-spreading-car.webp\" alt=\"Voiture de m\u00e9lange et d&#039;\u00e9pandage d&#039;ensilage\" class=\"wp-image-17623\" srcset=\"https:\/\/www.agriculture-machine.com\/wp-content\/uploads\/2026\/04\/silage-mixing-and-spreading-car.webp 720w, https:\/\/www.agriculture-machine.com\/wp-content\/uploads\/2026\/04\/silage-mixing-and-spreading-car-360x270.webp 360w, https:\/\/www.agriculture-machine.com\/wp-content\/uploads\/2026\/04\/silage-mixing-and-spreading-car-240x180.webp 240w, https:\/\/www.agriculture-machine.com\/wp-content\/uploads\/2026\/04\/silage-mixing-and-spreading-car-16x12.webp 16w\" sizes=\"auto, (max-width: 720px) 100vw, 720px\" \/><figcaption class=\"wp-element-caption\">Voiture de m\u00e9lange et d'\u00e9pandage d'ensilage<\/figcaption><\/figure>    <figure class=\"wp-block-image size-large\"><img loading=\"lazy\" decoding=\"async\" width=\"720\" height=\"540\" data-id=\"17624\" src=\"https:\/\/www.agriculture-machine.com\/wp-content\/uploads\/2026\/04\/vertical-feed-mixer-spreader.webp\" alt=\"M\u00e9langeuse et \u00e9pandeuse d&#039;aliments verticale\" class=\"wp-image-17624\" srcset=\"https:\/\/www.agriculture-machine.com\/wp-content\/uploads\/2026\/04\/vertical-feed-mixer-spreader.webp 720w, https:\/\/www.agriculture-machine.com\/wp-content\/uploads\/2026\/04\/vertical-feed-mixer-spreader-360x270.webp 360w, https:\/\/www.agriculture-machine.com\/wp-content\/uploads\/2026\/04\/vertical-feed-mixer-spreader-240x180.webp 240w, https:\/\/www.agriculture-machine.com\/wp-content\/uploads\/2026\/04\/vertical-feed-mixer-spreader-16x12.webp 16w\" sizes=\"auto, (max-width: 720px) 100vw, 720px\" \/><figcaption class=\"wp-element-caption\">M\u00e9langeuse et \u00e9pandeuse d'aliments verticale<\/figcaption><\/figure> <\/figure>    <h2 class=\"wp-block-heading\">Comment choisir un m\u00e9langeur et \u00e9pandeur d'ensilage adapt\u00e9 ?<\/h2>    <ul class=\"wp-block-list\"> <li>\u00c9chelle de la ferme : pour les troupeaux de moins de 200 t\u00eates, un mod\u00e8le de capacit\u00e9 plus petite est recommand\u00e9 ; pour les troupeaux de 300 t\u00eates ou plus, un mod\u00e8le de 5 m\u00b3 est conseill\u00e9.<\/li>    <li>Type d'alimentation : pour les aliments riches en fibres brutes, un mod\u00e8le vertical est recommand\u00e9 ; pour les aliments \u00e0 haute fluidit\u00e9, un mod\u00e8le horizontal est conseill\u00e9.<\/li>    <li>Pr\u00e9f\u00e9rences d'exploitation : choisissez un mod\u00e8le horizontal pour un d\u00e9chargement rapide ; choisissez un mod\u00e8le vertical pour une distribution uniforme.<\/li>    <li>Conditions du site : pour les all\u00e9es \u00e9troites, un ch\u00e2ssis \u00e0 trois roues est recommand\u00e9 ; pour les p\u00e2turages spacieux, un mod\u00e8le \u00e0 quatre roues est conseill\u00e9.<\/li> <\/ul>    <h2 class=\"wp-block-heading\">Pourquoi nous choisir ?<\/h2>    <ul class=\"wp-block-list\"> <li>Exp\u00e9rience \u00e9prouv\u00e9e : sp\u00e9cialis\u00e9 dans la machinerie pour \u00e9levage, nos produits ont \u00e9t\u00e9 test\u00e9s et valid\u00e9s sur plusieurs march\u00e9s.<\/li>    <li>Plusieurs configurations disponibles : mod\u00e8les verticaux et horizontaux pour r\u00e9pondre aux besoins de diff\u00e9rentes exploitations.<\/li>    <li>Composants principaux fiables : ch\u00e2ssis Wuzheng   moteur diesel haute performance, offrant une performance puissante et stable.<\/li>    <li>Services personnalis\u00e9s : solutions adapt\u00e9es \u00e0 la taille de la ferme et au troupeau.<\/li>    <li>Support apr\u00e8s-vente complet : assistance \u00e0 l'installation, formation technique et garanties de service \u00e0 long terme.<\/li> <\/ul>    <figure class=\"wp-block-gallery has-nested-images columns-default is-cropped wp-block-gallery-4 is-layout-flex wp-block-gallery-is-layout-flex\"> <figure class=\"wp-block-image size-large\"><img loading=\"lazy\" decoding=\"async\" width=\"720\" height=\"540\" data-id=\"17627\" src=\"https:\/\/www.agriculture-machine.com\/wp-content\/uploads\/2026\/04\/diesel-silage-feed-mixer-and-spreader.webp\" alt=\"La m\u00e9langeuse et \u00e9pandeuse d&#039;ensilage diesel de 5m\u00b3 int\u00e8gre alimentation, m\u00e9lange et \u00e9pandage. Elle am\u00e9liore l&#039;efficacit\u00e9 de l&#039;alimentation, garantit des rations uniformes et r\u00e9duit les co\u00fbts de main-d&#039;\u0153uvre pour les exploitations moyennes et grandes.\" class=\"wp-image-17627\" srcset=\"https:\/\/www.agriculture-machine.com\/wp-content\/uploads\/2026\/04\/diesel-silage-feed-mixer-and-spreader.webp 720w, https:\/\/www.agriculture-machine.com\/wp-content\/uploads\/2026\/04\/diesel-silage-feed-mixer-and-spreader-360x270.webp 360w, https:\/\/www.agriculture-machine.com\/wp-content\/uploads\/2026\/04\/diesel-silage-feed-mixer-and-spreader-240x180.webp 240w, https:\/\/www.agriculture-machine.com\/wp-content\/uploads\/2026\/04\/diesel-silage-feed-mixer-and-spreader-16x12.webp 16w\" sizes=\"auto, (max-width: 720px) 100vw, 720px\" \/><figcaption class=\"wp-element-caption\">M\u00e9langeuse et \u00e9pandeuse d'ensilage diesel<\/figcaption><\/figure>    <figure class=\"wp-block-image size-large\"><img loading=\"lazy\" decoding=\"async\" width=\"720\" height=\"540\" data-id=\"17628\" src=\"https:\/\/www.agriculture-machine.com\/wp-content\/uploads\/2026\/04\/horizontal-livestock-feed-mixer-spreader.webp\" alt=\"M\u00e9langeur et \u00e9pandeur d&#039;aliments pour b\u00e9tail horizontal\" class=\"wp-image-17628\" srcset=\"https:\/\/www.agriculture-machine.com\/wp-content\/uploads\/2026\/04\/horizontal-livestock-feed-mixer-spreader.webp 720w, https:\/\/www.agriculture-machine.com\/wp-content\/uploads\/2026\/04\/horizontal-livestock-feed-mixer-spreader-360x270.webp 360w, https:\/\/www.agriculture-machine.com\/wp-content\/uploads\/2026\/04\/horizontal-livestock-feed-mixer-spreader-240x180.webp 240w, https:\/\/www.agriculture-machine.com\/wp-content\/uploads\/2026\/04\/horizontal-livestock-feed-mixer-spreader-16x12.webp 16w\" sizes=\"auto, (max-width: 720px) 100vw, 720px\" \/><figcaption class=\"wp-element-caption\">M\u00e9langeur et \u00e9pandeur d'aliments pour b\u00e9tail horizontal<\/figcaption><\/figure> <\/figure>    <h2 class=\"wp-block-heading\">FAQ<\/h2>   <div id=\"rank-math-faq\" class=\"rank-math-block\"> <div class=\"rank-math-list\"> <div id=\"faq-question-1775630970816\" class=\"rank-math-list-item\"> <h3 class=\"rank-math-question\">Quelle est la diff\u00e9rence entre les mod\u00e8les verticaux et horizontaux ?<\/h3> <div class=\"rank-math-answer\">  <p>Les m\u00e9langeurs verticaux offrent un m\u00e9lange plus uniforme et conviennent aux aliments riches en fibres ; les m\u00e9langeurs horizontaux se d\u00e9chargent plus rapidement et conviennent \u00e0 un alimentage \u00e0 haute efficacit\u00e9.<\/p>  <\/div> <\/div> <div id=\"faq-question-1775630981229\" class=\"rank-math-list-item\"> <h3 class=\"rank-math-question\">Combien de vaches une unit\u00e9 peut-elle nourrir ?<\/h3> <div class=\"rank-math-answer\">  <p>Le mod\u00e8le de m\u00e9langeuse et \u00e9pandeuse d'ensilage de 5m\u00b3 peut r\u00e9pondre aux besoins quotidiens d'environ 200 \u00e0 500 vaches.<\/p>  <\/div> <\/div> <div id=\"faq-question-1775631005344\" class=\"rank-math-list-item\"> <h3 class=\"rank-math-question\">L'\u00e9quipement est-il difficile \u00e0 utiliser ?<\/h3> <div class=\"rank-math-answer\">  <p>Avec commandes enti\u00e8rement hydrauliques, un seul op\u00e9rateur peut g\u00e9rer le chargement, le m\u00e9lange et la distribution.<\/p>  <\/div> <\/div> <div id=\"faq-question-1775631016914\" class=\"rank-math-list-item\"> <h3 class=\"rank-math-question\">Un moteur diesel est-il n\u00e9cessaire ?<\/h3> <div class=\"rank-math-answer\">  <p>Les moteurs diesel conviennent pour des op\u00e9rations mobiles ext\u00e9rieures, mais nous proposons \u00e9galement des mod\u00e8les \u00e0 moteur \u00e9lectrique en option.<\/p>  <\/div> <\/div> <\/div> <\/div>   <p class=\"translation-block\">Nous proposons \u00e9galement une vari\u00e9t\u00e9 d'\u00e9quipements d'alimentation, y compris <strong><em><a href=\"https:\/\/www.agriculture-machine.com\/fr\/silage-spreader-feeding-car\/\">\u00e9pandeurs d'aliments pour fourrage motoris\u00e9s<\/a><\/em><\/strong> et <strong><em><a href=\"https:\/\/www.agriculture-machine.com\/fr\/horizontal-tmr-feed-mixer-for-sale-forage-mixer-mash-mixer\/\">m\u00e9langeuses d'ensilage stationnaires<\/a><\/em><\/strong>, pour r\u00e9pondre aux besoins de diff\u00e9rentes exploitations agricoles. N'h\u00e9sitez pas \u00e0 nous contacter pour des propositions d\u00e9taill\u00e9es et des devis ; nous sommes l\u00e0 pour vous fournir une solution cl\u00e9 en main pour la m\u00e9canisation agricole.<\/p>","protected":false},"excerpt":{"rendered":"<p>The 5m\u00b3 diesel TMR silage mixer and spreader integrates feeding, mixing, and spreading. It improves feeding efficiency, ensures uniform rations, and reduces labor costs for medium and large farms.<\/p>","protected":false},"author":1,"featured_media":17630,"parent":0,"comment_status":"open","ping_status":"closed","template":"","tags":[772,591],"product-type":[2],"class_list":["post-17620","product","type-product","status-publish","has-post-thumbnail","hentry","tag-forage","tag-silage","product-type-products"],"_links":{"self":[{"href":"https:\/\/www.agriculture-machine.com\/fr\/wp-json\/wp\/v2\/product\/17620","targetHints":{"allow":["GET"]}}],"collection":[{"href":"https:\/\/www.agriculture-machine.com\/fr\/wp-json\/wp\/v2\/product"}],"about":[{"href":"https:\/\/www.agriculture-machine.com\/fr\/wp-json\/wp\/v2\/types\/product"}],"author":[{"embeddable":true,"href":"https:\/\/www.agriculture-machine.com\/fr\/wp-json\/wp\/v2\/users\/1"}],"replies":[{"embeddable":true,"href":"https:\/\/www.agriculture-machine.com\/fr\/wp-json\/wp\/v2\/comments?post=17620"}],"wp:featuredmedia":[{"embeddable":true,"href":"https:\/\/www.agriculture-machine.com\/fr\/wp-json\/wp\/v2\/media\/17630"}],"wp:attachment":[{"href":"https:\/\/www.agriculture-machine.com\/fr\/wp-json\/wp\/v2\/media?parent=17620"}],"wp:term":[{"taxonomy":"post_tag","embeddable":true,"href":"https:\/\/www.agriculture-machine.com\/fr\/wp-json\/wp\/v2\/tags?post=17620"},{"taxonomy":"product-type","embeddable":true,"href":"https:\/\/www.agriculture-machine.com\/fr\/wp-json\/wp\/v2\/product-type?post=17620"}],"curies":[{"name":"wp","href":"https:\/\/api.w.org\/{rel}","templated":true}]}}