{"id":17641,"date":"2026-04-17T15:23:34","date_gmt":"2026-04-17T07:23:34","guid":{"rendered":"https:\/\/www.agriculture-machine.com\/?post_type=product&#038;p=17641"},"modified":"2026-04-17T15:23:35","modified_gmt":"2026-04-17T07:23:35","slug":"tmr-vertical-feed-mixer","status":"publish","type":"product","link":"https:\/\/www.agriculture-machine.com\/fr\/tmr-vertical-feed-mixer\/","title":{"rendered":"M\u00e9langeur vertical TMR | Chariot de m\u00e9lange de silage"},"content":{"rendered":"<p>Le m\u00e9langeur vertical TMR est utilis\u00e9 pour la pr\u00e9paration de rations totales m\u00e9lang\u00e9es dans les grandes fermes laiti\u00e8res. Le syst\u00e8me de m\u00e9lange \u00e0 vis vertical m\u00e9lange soigneusement le silo, le foin, la paille, les concentr\u00e9s et les suppl\u00e9ments min\u00e9raux dans les bonnes proportions pour assurer une alimentation \u00e9quilibr\u00e9e sur le plan nutritionnel.<\/p>    <p>L'\u00e9quipement est disponible en capacit\u00e9s allant de 3 \u00e0 36 m\u00b3. Le mod\u00e8le courant de 7 m\u00b3 (9JGL-7) r\u00e9pond aux besoins quotidiens des fermes bovines de taille moyenne, g\u00e9n\u00e9ralement en r\u00e9alisant un m\u00e9lange uniforme en 5 \u00e0 15 minutes. <\/p>    <p>Avec une capacit\u00e9 de production d'environ 3 000 \u00e0 4 000 kg\/h et un syst\u00e8me de puissance de 70 chevaux ou plus, il convient aux fermes d'\u00e9levage de bovins, ovins et autres animaux.<\/p>    <p>Le m\u00e9langeur vertical poss\u00e8de des lames en alliage r\u00e9sistantes \u00e0 l'usure et une structure en plaque d'acier renforc\u00e9e, combin\u00e9 \u00e0 un syst\u00e8me de pes\u00e9e et \u00e0 une conception de bo\u00eete de vitesses \u00e0 haute r\u00e9sistance. Cela am\u00e9liore efficacement l'uniformit\u00e9 de l'alimentation, r\u00e9duit la s\u00e9lection de l'alimentation et am\u00e9liore l'utilisation de l'aliment, faisant de cet \u00e9quipement un \u00e9l\u00e9ment essentiel pour les fermes d'\u00e9levage modernes et standardis\u00e9es.<\/p>    <figure class=\"wp-block-embed aligncenter is-type-video is-provider-youtube wp-block-embed-youtube wp-embed-aspect-16-9 wp-has-aspect-ratio\"><div class=\"wp-block-embed__wrapper\"> <iframe loading=\"lazy\" title=\"M\u00e9langeur vertical de silo TMR | Solution d&#039;alimentation pour b\u00e9tail \u00e0 haute efficacit\u00e9 \ud83d\ude9c\ud83d\udc04#silo #m\u00e9langeur\" width=\"500\" height=\"281\" src=\"https:\/\/www.youtube.com\/embed\/fKL42jTkmH4?feature=oembed\" frameborder=\"0\" allow=\"accelerometer; autoplay; clipboard-write; encrypted-media; gyroscope; picture-in-picture; web-share\" referrerpolicy=\"strict-origin-when-cross-origin\" allowfullscreen><\/iframe> <\/div><figcaption class=\"wp-element-caption\">Vid\u00e9o de fonctionnement du m\u00e9langeur vertical de silo TMR<\/figcaption><\/figure>    <h2 class=\"wp-block-heading\">Applications de la machine m\u00e9langeuse d'aliments pour b\u00e9tail<\/h2>    <p>Cet \u00e9quipement est largement utilis\u00e9 dans les fermes laiti\u00e8res, les fermes de b\u00e9tail bovin, les fermes ovines et les grandes bases d'\u00e9levage.<\/p>    <p>Il peut \u00eatre utilis\u00e9 pour le m\u00e9lange uniforme et la fusion du ma\u00efs ensil\u00e9, de la luzerne, du foin, de la paille et des aliments concentr\u00e9s. Il aide \u00e0 \u00e9tablir un syst\u00e8me d'alimentation TMR scientifique et am\u00e9liore l'efficacit\u00e9 globale de l'exploitation agricole.<\/p>    <h2 class=\"wp-block-heading\">Avantages du m\u00e9langeur vertical d'aliments<\/h2>    <ul class=\"wp-block-list\"> <li>Conception en spirale verticale pour une haute efficacit\u00e9 de coupe et de m\u00e9lange.<\/li>    <li>Lames r\u00e9sistantes \u00e0 l'usure en alliage, adapt\u00e9es \u00e0 la coupe de paille \u00e0 fibres longues.<\/li>    <li>Pr\u00e9vient efficacement la s\u00e9lection de l'alimentation par le b\u00e9tail et am\u00e9liore l'\u00e9quilibre alimentaire.<\/li>    <li>Conception simple, faibles co\u00fbts de maintenance et excellente rentabilit\u00e9.<\/li>    <li>\u00c9quip\u00e9 d'un syst\u00e8me de pes\u00e9e pour un dosage plus pr\u00e9cis.<\/li>    <li>Construction en acier renforc\u00e9 pour une dur\u00e9e de vie prolong\u00e9e.<\/li>    <li>Prend en charge plusieurs options d'alimentation : diesel, moteur \u00e9lectrique ou tracteur.<\/li> <\/ul>    <figure class=\"wp-block-gallery has-nested-images columns-default is-cropped wp-block-gallery-2 is-layout-flex wp-block-gallery-is-layout-flex\"> <figure class=\"wp-block-image size-large\"><img loading=\"lazy\" decoding=\"async\" width=\"720\" height=\"540\" data-id=\"17646\" src=\"https:\/\/www.agriculture-machine.com\/wp-content\/uploads\/2026\/04\/feed-blending-machine.webp\" alt=\"Machine de m\u00e9lange d&#039;aliments\" class=\"wp-image-17646\" srcset=\"https:\/\/www.agriculture-machine.com\/wp-content\/uploads\/2026\/04\/feed-blending-machine.webp 720w, https:\/\/www.agriculture-machine.com\/wp-content\/uploads\/2026\/04\/feed-blending-machine-360x270.webp 360w, https:\/\/www.agriculture-machine.com\/wp-content\/uploads\/2026\/04\/feed-blending-machine-240x180.webp 240w, https:\/\/www.agriculture-machine.com\/wp-content\/uploads\/2026\/04\/feed-blending-machine-16x12.webp 16w\" sizes=\"auto, (max-width: 720px) 100vw, 720px\" \/><figcaption class=\"wp-element-caption\">Machine de m\u00e9lange d'aliments<\/figcaption><\/figure>    <figure class=\"wp-block-image size-large\"><img loading=\"lazy\" decoding=\"async\" width=\"720\" height=\"540\" data-id=\"17647\" src=\"https:\/\/www.agriculture-machine.com\/wp-content\/uploads\/2026\/04\/vertical-silage-mixer-machine.webp\" alt=\"Machine m\u00e9langeuse verticale de silo\" class=\"wp-image-17647\" srcset=\"https:\/\/www.agriculture-machine.com\/wp-content\/uploads\/2026\/04\/vertical-silage-mixer-machine.webp 720w, https:\/\/www.agriculture-machine.com\/wp-content\/uploads\/2026\/04\/vertical-silage-mixer-machine-360x270.webp 360w, https:\/\/www.agriculture-machine.com\/wp-content\/uploads\/2026\/04\/vertical-silage-mixer-machine-240x180.webp 240w, https:\/\/www.agriculture-machine.com\/wp-content\/uploads\/2026\/04\/vertical-silage-mixer-machine-16x12.webp 16w\" sizes=\"auto, (max-width: 720px) 100vw, 720px\" \/><figcaption class=\"wp-element-caption\">Machine m\u00e9langeuse verticale de silo<\/figcaption><\/figure> <\/figure>    <h2 class=\"wp-block-heading\">Sp\u00e9cifications techniques du camion m\u00e9langeur TMR<\/h2>    <figure class=\"wp-block-table is-style-stripes\"><table class=\"has-fixed-layout\"><tbody><tr><td><strong>Article<\/strong><\/td><td><strong>Sp\u00e9cification<\/strong><\/td><td><strong>Article<\/strong><\/td><td><strong>Sp\u00e9cification<\/strong><\/td><\/tr><tr><td>Mod\u00e8le<\/td><td>9JGL-7<\/td><td>Volume de m\u00e9lange<\/td><td>7 m\u00b3<\/td><\/tr><tr><td>Structure<\/td><td>Type \u00e0 traction verticale<\/td><td>Source d'alimentation<\/td><td>PTO Tracteur<\/td><\/tr><tr><td>Puissance requise<\/td><td>\u226570 HP<\/td><td>Marque de la bo\u00eete de vitesses<\/td><td>R\u00e9ducteur Jiangling<\/td><\/tr><tr><td>Vitesse de l'arbre principal<\/td><td>23 tr\/min<\/td><td>Quantit\u00e9 d'arbre principal<\/td><td>1<\/td><\/tr><tr><td>Quantit\u00e9 de lames<\/td><td>7 grands   6 petits<\/td><td>Mat\u00e9riau de la lame<\/td><td>Cr12MoV<\/td><\/tr><tr><td>Taille de la machine<\/td><td>3700 \u00d7 2200 \u00d7 2300 mm<\/td><td>Taille du r\u00e9servoir sup\u00e9rieur<\/td><td>2700 \u00d7 2100 mm<\/td><\/tr><tr><td>\u00c9paisseur d'acier<\/td><td>C\u00f4t\u00e9 8 mm \/ Fond 20 mm<\/td><td>Capacit\u00e9 de sortie<\/td><td>3000\u20134000 kg\/h<\/td><\/tr><tr><td>Syst\u00e8me de contr\u00f4le<\/td><td>Syst\u00e8me de pes\u00e9e<\/td><td>Sortie de d\u00e9charge<\/td><td>1<\/td><\/tr><tr><td>M\u00e9thode d'alimentation<\/td><td>Chargement sup\u00e9rieur<\/td><td>Type d'op\u00e9ration<\/td><td>Type de traction<\/td><\/tr><\/tbody><\/table><figcaption class=\"wp-element-caption\">Param\u00e8tres techniques du m\u00e9langeur vertical de 7 m\u00b3<\/figcaption><\/figure>    <figure class=\"wp-block-gallery has-nested-images columns-default is-cropped wp-block-gallery-3 is-layout-flex wp-block-gallery-is-layout-flex\"> <figure class=\"wp-block-image size-large\"><img loading=\"lazy\" decoding=\"async\" width=\"720\" height=\"540\" data-id=\"17649\" src=\"https:\/\/www.agriculture-machine.com\/wp-content\/uploads\/2026\/04\/vertical-feed-mixer.webp\" alt=\"m\u00e9langeur vertical d&#039;aliments\" class=\"wp-image-17649\" srcset=\"https:\/\/www.agriculture-machine.com\/wp-content\/uploads\/2026\/04\/vertical-feed-mixer.webp 720w, https:\/\/www.agriculture-machine.com\/wp-content\/uploads\/2026\/04\/vertical-feed-mixer-360x270.webp 360w, https:\/\/www.agriculture-machine.com\/wp-content\/uploads\/2026\/04\/vertical-feed-mixer-240x180.webp 240w, https:\/\/www.agriculture-machine.com\/wp-content\/uploads\/2026\/04\/vertical-feed-mixer-16x12.webp 16w\" sizes=\"auto, (max-width: 720px) 100vw, 720px\" \/><figcaption class=\"wp-element-caption\">m\u00e9langeur vertical d'aliments<\/figcaption><\/figure>    <figure class=\"wp-block-image size-large\"><img loading=\"lazy\" decoding=\"async\" width=\"720\" height=\"540\" data-id=\"17648\" src=\"https:\/\/www.agriculture-machine.com\/wp-content\/uploads\/2026\/04\/total-mixed-ration-mixer.webp\" alt=\"M\u00e9langeur de ration totale\" class=\"wp-image-17648\" srcset=\"https:\/\/www.agriculture-machine.com\/wp-content\/uploads\/2026\/04\/total-mixed-ration-mixer.webp 720w, https:\/\/www.agriculture-machine.com\/wp-content\/uploads\/2026\/04\/total-mixed-ration-mixer-360x270.webp 360w, https:\/\/www.agriculture-machine.com\/wp-content\/uploads\/2026\/04\/total-mixed-ration-mixer-240x180.webp 240w, https:\/\/www.agriculture-machine.com\/wp-content\/uploads\/2026\/04\/total-mixed-ration-mixer-16x12.webp 16w\" sizes=\"auto, (max-width: 720px) 100vw, 720px\" \/><figcaption class=\"wp-element-caption\">M\u00e9langeur de ration totale<\/figcaption><\/figure> <\/figure>    <h2 class=\"wp-block-heading\">Principe de fonctionnement du m\u00e9langeur vertical de silo TMR<\/h2>    <p>Une fois que les mati\u00e8res premi\u00e8res entrent dans la chambre de m\u00e9lange via le port de chargement, elles sont soulev\u00e9es verticalement et coup\u00e9es par l'arbre \u00e0 lame en spirale verticale, tandis que les lames du fond effectuent un broyage secondaire. Cela garantit que diff\u00e9rentes mati\u00e8res premi\u00e8res sont continuellement tourn\u00e9es et m\u00e9lang\u00e9es dans la chambre. <\/p>    <p>En conjonction avec un syst\u00e8me de pes\u00e9e qui contr\u00f4le pr\u00e9cis\u00e9ment le rapport de m\u00e9lange, le m\u00e9lange est finalement d\u00e9charg\u00e9 uniform\u00e9ment par la sortie, permettant l'alimentation de rations compl\u00e8tes uniform\u00e9ment m\u00e9lang\u00e9es.<\/p>    <h2 class=\"wp-block-heading\">Comment choisir le bon m\u00e9langeur TMR ?<\/h2>    <p>Lors du choix d'un m\u00e9langeur TMR, la d\u00e9cision doit \u00eatre bas\u00e9e sur l'\u00e9chelle de l'exploitation, la consommation quotidienne d'aliments et les conditions du site. Il est \u00e9galement important de consid\u00e9rer la source d'\u00e9nergie (moteur \u00e9lectrique, tracteur ou diesel) et si un syst\u00e8me de pes\u00e9e et des fonctions automatis\u00e9es sont n\u00e9cessaires.<\/p>    <p>Les exploitations de petite taille peuvent opter pour des mod\u00e8les d'une capacit\u00e9 de 3 \u00e0 7 m\u00b3 ; les exploitations de taille moyenne sont recommand\u00e9es pour des mod\u00e8les de 7 \u00e0 15 m\u00b3. Les grandes exploitations conviennent mieux \u00e0 un \u00e9quipement d'une capacit\u00e9 de 20 m\u00b3 ou plus (comme indiqu\u00e9 dans la figure ci-dessous).<\/p>    <figure class=\"wp-block-gallery has-nested-images columns-default is-cropped wp-block-gallery-4 is-layout-flex wp-block-gallery-is-layout-flex\"> <figure class=\"wp-block-image size-large\"><img loading=\"lazy\" decoding=\"async\" width=\"720\" height=\"540\" data-id=\"17650\" src=\"https:\/\/www.agriculture-machine.com\/wp-content\/uploads\/2026\/04\/20-m\u00b3-vertical-feed-mixer.webp\" alt=\"M\u00e9langeur vertical de 20 m\u00b3\" class=\"wp-image-17650\" srcset=\"https:\/\/www.agriculture-machine.com\/wp-content\/uploads\/2026\/04\/20-m\u00b3-vertical-feed-mixer.webp 720w, https:\/\/www.agriculture-machine.com\/wp-content\/uploads\/2026\/04\/20-m\u00b3-vertical-feed-mixer-360x270.webp 360w, https:\/\/www.agriculture-machine.com\/wp-content\/uploads\/2026\/04\/20-m\u00b3-vertical-feed-mixer-240x180.webp 240w, https:\/\/www.agriculture-machine.com\/wp-content\/uploads\/2026\/04\/20-m\u00b3-vertical-feed-mixer-16x12.webp 16w\" sizes=\"auto, (max-width: 720px) 100vw, 720px\" \/><figcaption class=\"wp-element-caption\">M\u00e9langeur vertical de 20 m\u00b3<\/figcaption><\/figure>    <figure class=\"wp-block-image size-large\"><img loading=\"lazy\" decoding=\"async\" width=\"720\" height=\"540\" data-id=\"17651\" src=\"https:\/\/www.agriculture-machine.com\/wp-content\/uploads\/2026\/04\/large-feed-mixing-wagon.webp\" alt=\"Grand camion de m\u00e9lange d&#039;aliments\" class=\"wp-image-17651\" srcset=\"https:\/\/www.agriculture-machine.com\/wp-content\/uploads\/2026\/04\/large-feed-mixing-wagon.webp 720w, https:\/\/www.agriculture-machine.com\/wp-content\/uploads\/2026\/04\/large-feed-mixing-wagon-360x270.webp 360w, https:\/\/www.agriculture-machine.com\/wp-content\/uploads\/2026\/04\/large-feed-mixing-wagon-240x180.webp 240w, https:\/\/www.agriculture-machine.com\/wp-content\/uploads\/2026\/04\/large-feed-mixing-wagon-16x12.webp 16w\" sizes=\"auto, (max-width: 720px) 100vw, 720px\" \/><figcaption class=\"wp-element-caption\">Grand camion de m\u00e9lange d'aliments<\/figcaption><\/figure> <\/figure>    <h2 class=\"wp-block-heading\">Pourquoi nous choisir ?<\/h2>    <p>Nous sommes sp\u00e9cialis\u00e9s dans la recherche, le d\u00e9veloppement et la fabrication d'\u00e9quipements pour l'alimentation du b\u00e9tail. Nos \u00e9quipements sont fabriqu\u00e9s \u00e0 partir de mat\u00e9riaux de haute r\u00e9sistance, de qualit\u00e9 industrielle, et pr\u00e9sentent des conceptions structurelles \u00e9prouv\u00e9es, garantissant une op\u00e9ration fiable \u00e0 long terme.<\/p>    <p class=\"translation-block\">Nous proposons \u00e9galement <strong><em><a href=\"https:\/\/www.agriculture-machine.com\/fr\/horizontal-tmr-feed-mixer-for-sale-forage-mixer-mash-mixer\/\">des m\u00e9langeurs TMR horizontaux<\/a><\/em><\/strong> et <strong><em><a href=\"https:\/\/www.agriculture-machine.com\/fr\/tmr-silage-mixer-and-spreader\/\">des machines de distribution d'aliments pour fourrage<\/a><\/em><\/strong> pour r\u00e9pondre aux besoins des exploitations de toutes tailles. N'h\u00e9sitez pas \u00e0 nous contacter pour des solutions d\u00e9taill\u00e9es et des devis afin de vous aider \u00e0 cr\u00e9er un syst\u00e8me d'alimentation plus efficace et moderne.<\/p>","protected":false},"excerpt":{"rendered":"<p>Le m\u00e9langeur vertical TMR est con\u00e7u pour m\u00e9langer uniform\u00e9ment le silo et l'alimentation concentr\u00e9e, am\u00e9liorant ainsi l'utilisation de l'aliment, et convient aux grandes fermes de bovins et d'ovins.<\/p>","protected":false},"author":1,"featured_media":17652,"parent":0,"comment_status":"open","ping_status":"closed","template":"","tags":[772,591],"product-type":[2],"class_list":["post-17641","product","type-product","status-publish","has-post-thumbnail","hentry","tag-forage","tag-silage","product-type-products"],"_links":{"self":[{"href":"https:\/\/www.agriculture-machine.com\/fr\/wp-json\/wp\/v2\/product\/17641","targetHints":{"allow":["GET"]}}],"collection":[{"href":"https:\/\/www.agriculture-machine.com\/fr\/wp-json\/wp\/v2\/product"}],"about":[{"href":"https:\/\/www.agriculture-machine.com\/fr\/wp-json\/wp\/v2\/types\/product"}],"author":[{"embeddable":true,"href":"https:\/\/www.agriculture-machine.com\/fr\/wp-json\/wp\/v2\/users\/1"}],"replies":[{"embeddable":true,"href":"https:\/\/www.agriculture-machine.com\/fr\/wp-json\/wp\/v2\/comments?post=17641"}],"wp:featuredmedia":[{"embeddable":true,"href":"https:\/\/www.agriculture-machine.com\/fr\/wp-json\/wp\/v2\/media\/17652"}],"wp:attachment":[{"href":"https:\/\/www.agriculture-machine.com\/fr\/wp-json\/wp\/v2\/media?parent=17641"}],"wp:term":[{"taxonomy":"post_tag","embeddable":true,"href":"https:\/\/www.agriculture-machine.com\/fr\/wp-json\/wp\/v2\/tags?post=17641"},{"taxonomy":"product-type","embeddable":true,"href":"https:\/\/www.agriculture-machine.com\/fr\/wp-json\/wp\/v2\/product-type?post=17641"}],"curies":[{"name":"wp","href":"https:\/\/api.w.org\/{rel}","templated":true}]}}