{"id":180,"date":"2018-07-12T07:09:54","date_gmt":"2018-07-11T23:09:54","guid":{"rendered":"https:\/\/www.agriculture-machine.com\/?p=180"},"modified":"2024-08-20T17:41:00","modified_gmt":"2024-08-20T09:41:00","slug":"peanut-sheller","status":"publish","type":"product","link":"https:\/\/www.agriculture-machine.com\/fr\/peanut-sheller\/","title":{"rendered":"Machine de d\u00e9corticage de cacahu\u00e8tes \/ usine de d\u00e9corticage de groundnut"},"content":{"rendered":"<h2 class=\"wp-block-heading\">Introduction br\u00e8ve de la machine \u00e0 d\u00e9cortiquer les arachides<\/h2>    <p class=\"translation-block\">La machine \u00e0 d\u00e9cortiquer les arachides \u00e9limine principalement les coques des arachides, c'est-\u00e0-dire, par le corps en rotation \u00e0 grande vitesse, les coques des arachides, tout en conservant les arachides intactes. La machine \u00e0 d\u00e9cortiquer les arachides est aussi appel\u00e9e <strong>\u00e9carteur de cacahu\u00e8tes<\/strong> ou machine \u00e0 enlever la coque de cacahu\u00e8te.<\/p>    <p class=\"translation-block\">Nous avons 2 types de <strong>machines \u00e0 d\u00e9cortiquer les arachides<\/strong>, et diff\u00e9rents types ont des capacit\u00e9s diff\u00e9rentes, c'est-\u00e0-dire 200kg\/h, et 600-800kg\/h. Vous pouvez choisir le plus petit pour un usage domestique, et les deux ont de bonnes performances lors du travail.<\/p>    <center><\/center>    <center> <p><\/p><\/center>   <p><iframe loading=\"lazy\" title=\"Vid\u00e9o de retour du machine \u00e0 d\u00e9cortiquer la cacahu\u00e8te \/ machine \u00e0 d\u00e9cortiquer la cacahu\u00e8te \/ machine \u00e0 d\u00e9cortiquer la cacahu\u00e8te\" width=\"500\" height=\"281\" src=\"https:\/\/www.youtube.com\/embed\/dxo5IU9mOk4?feature=oembed\" frameborder=\"0\" allow=\"accelerometer; autoplay; clipboard-write; encrypted-media; gyroscope; picture-in-picture; web-share\" referrerpolicy=\"strict-origin-when-cross-origin\" allowfullscreen><\/iframe><\/p>   <p><iframe loading=\"lazy\" title=\"D\u00e9cortiqueur d&#039;arachides de 800kg\/h \/ machine \u00e0 enlever la coque de cacahu\u00e8te \/ machine \u00e0 d\u00e9cortiquer la cacahu\u00e8te\" width=\"500\" height=\"281\" src=\"https:\/\/www.youtube.com\/embed\/R4L8zYg9cd8?feature=oembed\" frameborder=\"0\" allow=\"accelerometer; autoplay; clipboard-write; encrypted-media; gyroscope; picture-in-picture; web-share\" referrerpolicy=\"strict-origin-when-cross-origin\" allowfullscreen><\/iframe><\/p>    <p class=\"translation-block\"><strong>Type un (200kg\/h)<\/strong><\/p>    <center><img decoding=\"async\" src=\"https:\/\/www.agriculture-machine.com\/wp-content\/uploads\/2018\/07\/Peanut-Sheller01.jpg\" alt=\"D\u00e9cortiqueur d&#039;arachides01\"><\/center>    <h2 class=\"wp-block-heading\">Param\u00e8tre technique de la machine \u00e0 d\u00e9cortiquer les arachides<\/h2>    <div class=\"table-responsive\"> <table class=\"table table-striped\"> <tbody> <tr> <td width=\"187\">Mod\u00e8le<\/td> <td width=\"349\">TBX- 200<\/td> <\/tr> <tr> <td width=\"187\">Capacit\u00e9<\/td> <td width=\"349\">200kg\/h<\/td> <\/tr> <tr> <td width=\"187\">Taille<\/td> <td width=\"349\">650*560*1000mm<\/td> <\/tr> <tr> <td width=\"187\">Poids<\/td> <td width=\"349\">40kg<\/td> <\/tr> <tr> <td width=\"187\">Moteur<\/td> <td width=\"349\">Moteur de 2,2 kW, moteur \u00e0 essence ou moteur diesel<\/td> <\/tr> <\/tbody> <\/table> <\/div>    <h2 class=\"wp-block-heading\">Photos d\u00e9taill\u00e9es de la machine \u00e0 d\u00e9cortiquer les arachides<\/h2>    <p class=\"translation-block\"><img decoding=\"async\" style=\"width: 345px; float: left; margin-right: 10px; margin-bottom: 10px;\" src=\"https:\/\/www.agriculture-machine.com\/wp-content\/uploads\/2018\/07\/Peanut-Sheller03.jpg\" alt=\"Peanut-Sheller03\"><img decoding=\"async\" style=\"width: 345px; margin-bottom: 10px;\" src=\"https:\/\/www.agriculture-machine.com\/wp-content\/uploads\/2018\/07\/Peanut-Sheller04.jpg\" alt=\"Peanut-Sheller04\"><br><img decoding=\"async\" style=\"width: 345px; float: left; margin-right: 10px;\" src=\"https:\/\/www.agriculture-machine.com\/wp-content\/uploads\/2018\/07\/Peanut-Sheller05.jpg\" alt=\"Peanut-Sheller05\"><img decoding=\"async\" style=\"width: 345px;\" src=\"https:\/\/www.agriculture-machine.com\/wp-content\/uploads\/2018\/07\/Peanut-Sheller06.jpg\" alt=\"Peanut-Sheller06\"><br><strong>Type two(600-800kg\/h\uff09<\/strong><\/p>    <h2 class=\"wp-block-heading\">Param\u00e8tre technique de la machine \u00e0 d\u00e9cortiquer les arachides<\/h2>    <div class=\"table-responsive\"> <table class=\"table table-striped\"> <tbody> <tr> <td width=\"210\"><strong><b>Mod\u00e8le<\/b><\/strong><\/td> <td width=\"353\"><strong><b>TBH-800<\/b><\/strong><\/td> <\/tr> <tr> <td width=\"210\"><strong><b>Puissance<\/b><\/strong><\/td> <td width=\"353\"><strong><b>Moteur de 3KW ou moteur \u00e0 essence ou moteur diesel<\/b><\/strong><\/td> <\/tr> <tr> <td width=\"210\"><strong><b>Taille<\/b><\/strong><\/td> <td width=\"353\"><strong><b>1330x750x1570mm<\/b><\/strong><\/td> <\/tr> <tr> <td width=\"210\"><strong><b>Capacit\u00e9<\/b><\/strong><\/td> <td width=\"353\"><strong><b>600-800kg\/h<\/b><\/strong><\/td> <\/tr> <tr> <td width=\"210\"><strong><b>Poids<\/b><\/strong><\/td> <td width=\"353\"><strong><b>160kg<\/b><\/strong><\/td> <\/tr> <\/tbody> <\/table> <\/div>    <h2 class=\"wp-block-heading\">Principe de fonctionnement de <a href=\"https:\/\/www.agriculture-machine.com\/fr\/combined-peanut-cleaning-and-shelling-machine\/\">Machine \u00e0 d\u00e9cortiquer les arachides<\/a><\/h2>    <p>1. L'op\u00e9rateur place les arachides dans l'entr\u00e9e \u00e0 la main apr\u00e8s que la machine ait tourn\u00e9 pendant plusieurs minutes.<br>2. Les arachides tombent dans le rouleau en caoutchouc. En raison de la force entre la rotation du rouleau en caoutchouc, les noyaux d'arachide et les coques sont s\u00e9par\u00e9s.<br>3. Ensuite, les arachides tombent simultan\u00e9ment sur la grille, et les coques sont souffl\u00e9es par le vent.<br>4. En ce qui concerne la petite machine \u00e0 d\u00e9cortiquer les arachides, le processus est termin\u00e9 et vous pouvez obtenir des noyaux d'arachide propres.<br>5. Concernant le d\u00e9cortiqueur d'arachides de grande taille, certaines arachides non d\u00e9cortiqu\u00e9es tombent dans l'\u00e9cran de tri par densit\u00e9. Ces arachides avec coquilles sont transport\u00e9es par un levier en plastique puis entrent dans le rouleau pour \u00eatre d\u00e9cortiqu\u00e9es \u00e0 nouveau. Enfin, les noyaux tombent dans le conteneur.<\/p>    <center><img decoding=\"async\" src=\"https:\/\/www.agriculture-machine.com\/wp-content\/uploads\/2018\/07\/Peanut-Sheller02.jpg\" alt=\"D\u00e9cortiqueur d&#039;arachides02\"><\/center>    <h2 class=\"wp-block-heading\">Exigences pour la machine \u00e0 d\u00e9cortiquer les arachides<\/h2>    <p>1. Exigences pour la machine \u00e0 d\u00e9cortiquer les arachides. Il est interdit de faire tomber des objets durs dans la machine.<br>2. Exigences pour les arachides. Les arachides ne doivent pas \u00eatre trop s\u00e8ches ou trop humides, ce qui entra\u00eenera un faible taux de d\u00e9corticage et affectera l'efficacit\u00e9 du travail.<\/p>    <h2 class=\"wp-block-heading\">Avantages de la machine \u00e0 d\u00e9cortiquer les arachides<\/h2>    <p>1. La machine \u00e0 d\u00e9cortiquer les arachides int\u00e8gre le d\u00e9corticage, la livraison d'air et la s\u00e9paration en un tout et fonctionne avec une grande efficacit\u00e9 (600-800kg\/h). Le taux de d\u00e9corticage peut atteindre 97 % ou plus.<br>2. Quatre roues facilitent le d\u00e9placement.<br>3. Faible taux de casse. Toutes les arachides peuvent \u00eatre d\u00e9cortiqu\u00e9es sans casser.<br>4. Taux de nettoyage \u00e9lev\u00e9. Il y a un d\u00e9flecteur \u00e0 la sortie des noyaux d'arachide, qui peut bloquer efficacement la coque de l'arachide, am\u00e9liorant ainsi le taux de nettoyage.<br>5. Plut\u00f4t que d'adopter un rouleau en acier, un rouleau en caoutchouc n'endommage pas l'arachide elle-m\u00eame.<br>6. Gr\u00e2ce au levier en plastique sur le c\u00f4t\u00e9 de la machine, les petites arachides et celles qui ne sont pas compl\u00e8tement d\u00e9cortiqu\u00e9es peuvent \u00eatre d\u00e9cortiqu\u00e9es \u00e0 nouveau.<\/p>    <figure class=\"wp-block-image aligncenter\"><img decoding=\"async\" src=\"https:\/\/www.agriculture-machine.com\/wp-content\/uploads\/2018\/07\/Peanut-Sheller8.jpg\" alt=\"D\u00e9cortiqueur d&#039;arachides8\"\/><\/figure>    <figure class=\"wp-block-image aligncenter\"><img decoding=\"async\" src=\"https:\/\/www.agriculture-machine.com\/wp-content\/uploads\/2018\/07\/Peanut-Sheller6-1.jpg\" alt=\"D\u00e9cortiqueur d&#039;arachides6-1\"\/><\/figure>    <figure class=\"wp-block-image aligncenter\"><img decoding=\"async\" src=\"https:\/\/www.agriculture-machine.com\/wp-content\/uploads\/2018\/07\/Peanut-Sheller4-1.jpg\" alt=\"D\u00e9cortiqueur d&#039;arachides4-1\"\/><\/figure>    <figure class=\"wp-block-image aligncenter\"><img decoding=\"async\" src=\"https:\/\/www.agriculture-machine.com\/wp-content\/uploads\/2018\/07\/Peanut-Sheller3-1.jpg\" alt=\"D\u00e9cortiqueur d&#039;arachides3-1\"\/><\/figure>    <figure class=\"wp-block-image aligncenter\"><img decoding=\"async\" src=\"https:\/\/www.agriculture-machine.com\/wp-content\/uploads\/2018\/07\/Peanut-Sheller2-1.jpg\" alt=\"D\u00e9cortiqueur d&#039;arachides2-1\"\/><\/figure>    <figure class=\"wp-block-image aligncenter\"><img decoding=\"async\" src=\"https:\/\/www.agriculture-machine.com\/wp-content\/uploads\/2018\/07\/Peanut-Sheller1-1.jpg\" alt=\"D\u00e9cortiqueur d&#039;arachides1-1\"\/><\/figure>    <h2 class=\"wp-block-heading\">Pr\u00e9cautions pour la machine \u00e0 d\u00e9cortiquer les arachides<\/h2>    <p>1. Pendant l'op\u00e9ration, les impuret\u00e9s telles que les limaille de fer, les pierres et autres objets durs ne peuvent pas \u00eatre plac\u00e9es dans l'entr\u00e9e.<br>2. L'\u00e9cran \u00e0 l'int\u00e9rieur de la machine doit correspondre \u00e0 la taille d'une arachide, sinon, certaines arachides pourraient ne pas \u00eatre compl\u00e8tement d\u00e9cortiqu\u00e9es.<br>3. Il est n\u00e9cessaire de placer un d\u00e9flecteur de ventilateur, ce qui augmente le souffle du vent mais r\u00e9duit \u00e9galement la quantit\u00e9 de coquilles m\u00eal\u00e9es dans les noyaux d'arachide.<br>4. En cas de taux de casse sup\u00e9rieur \u00e0 5 %, il est conseill\u00e9 \u00e0 l'op\u00e9rateur d'augmenter l'\u00e9cart entre les rouleaux, mais cela doit rester dans une plage de 25 \u00e0 40 mm.<br>5. V\u00e9rifiez si la machine est endommag\u00e9e avant de commencer le travail.<br>6. Pendant l'op\u00e9ration, l'op\u00e9rateur doit fermer l'entr\u00e9e et l'ouvrir de 1 \u00e0 2 cm pour permettre aux arachides de sortir lorsque l'\u00e9cran est plein.<br>7. Normalement, l'\u00e9cran doit rester plein pendant le fonctionnement, sinon, certaines arachides ne seront pas compl\u00e8tement d\u00e9cortiqu\u00e9es.<br>8. Si les arachides tombent \u00e0 l'ext\u00e9rieur de la sortie, l'op\u00e9rateur doit ajuster le d\u00e9flecteur d'air vers l'ext\u00e9rieur, ou fermer l'entr\u00e9e d'air.<br>9. Si le taux de casse est \u00e9lev\u00e9 et que la peau rouge est enlev\u00e9e. L'arachide est trop s\u00e8che, vaporisez de l'eau sur l'arachide et d\u00e9cortiquez-la plus tard.<br>10. Il y a quatre roulements de positionnement de chaque c\u00f4t\u00e9 de la machine, et il faut ajouter du beurre au centre du tamis et du roulement toutes les quatre heures pendant le fonctionnement.<\/p>    <h2 class=\"wp-block-heading\">Cas de succ\u00e8s de la machine \u00e0 d\u00e9cortiquer les arachides<\/h2>    <p>L'ann\u00e9e derni\u00e8re, nous avons export\u00e9 70 ensembles de machines \u00e0 d\u00e9cortiquer les arachides vers le Nigeria et avons re\u00e7u de bons retours de nos clients. Il est concessionnaire et les a vendus aux agriculteurs locaux. <\/p>    <p>Notre machine \u00e0 d\u00e9cortiquer les arachides les aide \u00e0 am\u00e9liorer leur efficacit\u00e9 de travail ainsi que leur niveau de vie. Nous esp\u00e9rons que chaque agriculteur pourra b\u00e9n\u00e9ficier de notre machine et que leur vie s'am\u00e9liorera de plus en plus.<br><img decoding=\"async\" style=\"width: 345px; float: left; margin-right: 10px; margin-bottom: 10px;\" src=\"https:\/\/www.agriculture-machine.com\/wp-content\/uploads\/2018\/07\/Peanut-Sheller08.jpg\" alt=\"D\u00e9cortiqueur d&#039;arachides08\"><img decoding=\"async\" style=\"width: 345px; margin-bottom: 10px;\" src=\"https:\/\/www.agriculture-machine.com\/wp-content\/uploads\/2018\/07\/Peanut-Sheller11.jpg\" alt=\"D\u00e9cortiqueur d&#039;arachides11\"><br><img decoding=\"async\" style=\"width: 345px; float: left; margin-right: 10px;\" src=\"https:\/\/www.agriculture-machine.com\/wp-content\/uploads\/2018\/07\/Peanut-Sheller10.jpg\" alt=\"D\u00e9cortiqueur d&#039;arachides12\"><img decoding=\"async\" style=\"width: 345px;\" src=\"https:\/\/www.agriculture-machine.com\/wp-content\/uploads\/2018\/07\/Peanut-Sheller12.jpg\" alt=\"D\u00e9cortiqueur d&#039;arachides10\"><br><img decoding=\"async\" src=\"https:\/\/www.agriculture-machine.com\/wp-content\/uploads\/2018\/07\/Peanut-Sheller.jpg\" alt=\"D\u00e9cortiqueur d&#039;arachides\"><\/p>    <h2 class=\"wp-block-heading\">FAQ<\/h2>   <div id=\"rank-math-faq\" class=\"rank-math-block\"> <div class=\"rank-math-list\"> <div id=\"faq-question-1710754185820\" class=\"rank-math-list-item\"> <h3 class=\"rank-math-question\">Les fonctions des deux types de machines \u00e0 d\u00e9cortiquer les arachides sont-elles identiques ?<\/h3> <div class=\"rank-math-answer\">  <p class=\"translation-block\">Oui, vous pouvez obtenir des <a href=\"https:\/\/en.wikipedia.org\/wiki\/Peanut\" target=\"_blank\" rel=\"noopener\">noix de cajou<\/a> propres apr\u00e8s le battage.<\/p>  <\/div> <\/div> <div id=\"faq-question-1710754189960\" class=\"rank-math-list-item\"> <h3 class=\"rank-math-question\">quelle est la diff\u00e9rence entre les deux types ?<\/h3> <div class=\"rank-math-answer\">  <p>Les d\u00e9cortiqueurs d'arachides de petite taille n'ont pas de levier que l'autre poss\u00e8de. De plus, la capacit\u00e9 est diff\u00e9rente.<\/p>  <\/div> <\/div> <div id=\"faq-question-1710754206867\" class=\"rank-math-list-item\"> <h3 class=\"rank-math-question\">Quel est le d\u00e9lai de livraison ?<\/h3> <div class=\"rank-math-answer\">  <p>Nous avons deux types en stock et pouvons vous les livrer \u00e0 tout moment.<\/p>  <\/div> <\/div> <div id=\"faq-question-1710754215113\" class=\"rank-math-list-item\"> <h3 class=\"rank-math-question\">Quel est le taux de casse ?<\/h3> <div class=\"rank-math-answer\">  <p>Moins de 5 %.<\/p>  <\/div> <\/div> <div id=\"faq-question-1710754227280\" class=\"rank-math-list-item\"> <h3 class=\"rank-math-question\">Dans quels pays avez-vous export\u00e9 ces machines ?<\/h3> <div class=\"rank-math-answer\">  <p class=\"translation-block\">Nous avons export\u00e9 vers de nombreux pays, en particulier le <a href=\"https:\/\/www.agriculture-machine.com\/fr\/three-combined-peanut-sheller-machine-sold-to-kenya\/\">march\u00e9 africain<\/a>.<\/p>  <\/div> <\/div> <\/div> <\/div>","protected":false},"excerpt":{"rendered":"<p>Brief Introduction of Peanut Sheller Machine The peanut sheller machine mainly removes the shells of the peanuts, that is, through the high-speed rotating body the shells of the peanuts, and the peanuts are kept intact. The peanut sheller machine is also called the groundnut sheller or groundnut shell removing machine. We have 2 types of [&hellip;]<\/p>\n","protected":false},"author":1,"featured_media":0,"parent":0,"comment_status":"closed","ping_status":"closed","template":"","tags":[],"product-type":[895],"class_list":["post-180","product","type-product","status-publish","hentry","product-type-peanut-sheller"],"_links":{"self":[{"href":"https:\/\/www.agriculture-machine.com\/fr\/wp-json\/wp\/v2\/product\/180","targetHints":{"allow":["GET"]}}],"collection":[{"href":"https:\/\/www.agriculture-machine.com\/fr\/wp-json\/wp\/v2\/product"}],"about":[{"href":"https:\/\/www.agriculture-machine.com\/fr\/wp-json\/wp\/v2\/types\/product"}],"author":[{"embeddable":true,"href":"https:\/\/www.agriculture-machine.com\/fr\/wp-json\/wp\/v2\/users\/1"}],"replies":[{"embeddable":true,"href":"https:\/\/www.agriculture-machine.com\/fr\/wp-json\/wp\/v2\/comments?post=180"}],"wp:attachment":[{"href":"https:\/\/www.agriculture-machine.com\/fr\/wp-json\/wp\/v2\/media?parent=180"}],"wp:term":[{"taxonomy":"post_tag","embeddable":true,"href":"https:\/\/www.agriculture-machine.com\/fr\/wp-json\/wp\/v2\/tags?post=180"},{"taxonomy":"product-type","embeddable":true,"href":"https:\/\/www.agriculture-machine.com\/fr\/wp-json\/wp\/v2\/product-type?post=180"}],"curies":[{"name":"wp","href":"https:\/\/api.w.org\/{rel}","templated":true}]}}