{"id":1889,"date":"2019-02-14T07:41:31","date_gmt":"2019-02-13T23:41:31","guid":{"rendered":"https:\/\/www.agriculture-machine.com\/?p=1889"},"modified":"2025-06-23T16:22:12","modified_gmt":"2025-06-23T08:22:12","slug":"corn-planter","status":"publish","type":"product","link":"https:\/\/www.agriculture-machine.com\/fr\/corn-planter\/","title":{"rendered":"Machine \u00e0 planter le ma\u00efs tract\u00e9e par un tracteur"},"content":{"rendered":"<p>La machine \u00e0 semer le ma\u00efs peut r\u00e9aliser la plantation de plusieurs rangs de graines de ma\u00efs simultan\u00e9ment. Elle \u00e9conomise non seulement les semences mais assure aussi une profondeur et un espacement uniformes, am\u00e9liorant ainsi consid\u00e9rablement la qualit\u00e9 des plants de ma\u00efs.<\/p>    <p>Performance stable, op\u00e9ration pratique, une seule op\u00e9ration peut compl\u00e9ter tout le processus de creusage, fertilisation, semis, paillage, compression, erreur de profondeur de semis \u2264 \u00b1 1cm, taux de qualification de l'espacement des plantes \u226595%.<\/p>    <p>Le semoir \u00e0 ma\u00efs d\u00e9velopp\u00e9 par notre entreprise supporte la plantation en 2, 3, 4, 5, 6 et 8 rangs. Utilis\u00e9 largement dans diff\u00e9rentes op\u00e9rations agricoles, il est bien accueilli par les clients d'El Salvador, du Nigeria, des \u00c9tats-Unis, de Mauritanie, du Burkina Faso, de Guin\u00e9e et d'autres pays.<\/p>    <figure class=\"wp-block-embed aligncenter is-type-video is-provider-youtube wp-block-embed-youtube wp-embed-aspect-16-9 wp-has-aspect-ratio\"><div class=\"wp-block-embed__wrapper\"> <iframe loading=\"lazy\" title=\"Machine \u00e0 semer le ma\u00efs mont\u00e9e sur tracteur | Technologie de plantation efficace et pr\u00e9cise#ma\u00efs #semoir\" width=\"500\" height=\"281\" src=\"https:\/\/www.youtube.com\/embed\/tu_HUx3x9x0?feature=oembed\" frameborder=\"0\" allow=\"accelerometer; autoplay; clipboard-write; encrypted-media; gyroscope; picture-in-picture; web-share\" referrerpolicy=\"strict-origin-when-cross-origin\" allowfullscreen><\/iframe> <\/div><figcaption class=\"wp-element-caption\">Vid\u00e9o de fonctionnement de la machine \u00e0 planter le ma\u00efs<\/figcaption><\/figure>    <h2 class=\"wp-block-heading\" id=\"h-brief-introduction-of-corn-planter\">Avantages de la machine \u00e0 semer le ma\u00efs<\/h2>    <ol class=\"wp-block-list\"> <li>R\u00e9aliser un placement uniforme des semences et une profondeur constante (3-10cm), erreur \u2264 \u00b1 1cm, \u00e9mergence nette des semis, am\u00e9liorer la qualit\u00e9 des cultures.<\/li>    <li>Il supporte un ajustement flexible de l'espacement entre les rangs de 45-70cm et de l'espacement entre les plantes de 15-30cm, s'adaptant \u00e0 diff\u00e9rentes conditions de sol et modes de plantation.<\/li>    <li>Le r\u00e9servoir d'engrais \u00e0 double chambre permet de r\u00e9aliser un stratification des semences et de l'engrais, avec un espacement r\u00e9glable de 3 \u00e0 7cm, \u00e9vitant la br\u00fblure des jeunes plants.<\/li>    <li>De 2 \u00e0 8 rangs, ces mod\u00e8les peuvent r\u00e9aliser en un seul passage tout le processus de creusage, fertilisation, semis, avec une efficacit\u00e9 pouvant atteindre 40 mu\/heure.<\/li>    <li>Convient pour tracteur de 11 \u00e0 180 cv, connexion en un clic, op\u00e9ration en position assise par une seule personne.<\/li> <\/ol>    <figure class=\"wp-block-gallery has-nested-images columns-default is-cropped wp-block-gallery-2 is-layout-flex wp-block-gallery-is-layout-flex\"> <figure class=\"wp-block-image size-large\"><img loading=\"lazy\" decoding=\"async\" width=\"720\" height=\"540\" data-id=\"12701\" src=\"https:\/\/www.agriculture-machine.com\/wp-content\/uploads\/2022\/03\/corn-planter-_720_540.jpg\" alt=\"semoir \u00e0 ma\u00efs\" class=\"wp-image-12701\" title=\"semoir \u00e0 ma\u00efs\" srcset=\"https:\/\/www.agriculture-machine.com\/wp-content\/uploads\/2022\/03\/corn-planter-_720_540.jpg 720w, https:\/\/www.agriculture-machine.com\/wp-content\/uploads\/2022\/03\/corn-planter-_720_540-360x270.jpg 360w, https:\/\/www.agriculture-machine.com\/wp-content\/uploads\/2022\/03\/corn-planter-_720_540-240x180.jpg 240w\" sizes=\"auto, (max-width: 720px) 100vw, 720px\" \/><figcaption class=\"wp-element-caption\">semoir \u00e0 ma\u00efs<\/figcaption><\/figure>    <figure class=\"wp-block-image size-large\"><img loading=\"lazy\" decoding=\"async\" width=\"720\" height=\"540\" data-id=\"12702\" src=\"https:\/\/www.agriculture-machine.com\/wp-content\/uploads\/2022\/03\/maize-planting-machine_720_540.jpg\" alt=\"machine de semis du ma\u00efs\" class=\"wp-image-12702\" title=\"machine de semis du ma\u00efs\" srcset=\"https:\/\/www.agriculture-machine.com\/wp-content\/uploads\/2022\/03\/maize-planting-machine_720_540.jpg 720w, https:\/\/www.agriculture-machine.com\/wp-content\/uploads\/2022\/03\/maize-planting-machine_720_540-360x270.jpg 360w, https:\/\/www.agriculture-machine.com\/wp-content\/uploads\/2022\/03\/maize-planting-machine_720_540-240x180.jpg 240w\" sizes=\"auto, (max-width: 720px) 100vw, 720px\" \/><figcaption class=\"wp-element-caption\">machine de semis du ma\u00efs<\/figcaption><\/figure> <figcaption class=\"blocks-gallery-caption wp-element-caption\">machine \u00e0 semer le ma\u00efs mont\u00e9e sur tracteur<\/figcaption><\/figure>    <h2 class=\"wp-block-heading\" id=\"h-how-does-the-corn-planting-machine-work\">Comment fonctionne la machine \u00e0 planter le ma\u00efs ?<\/h2>    <p>Le principe de fonctionnement du semoir \u00e0 ma\u00efs peut \u00eatre divis\u00e9 en les \u00e9tapes suivantes :<\/p>    <ol class=\"wp-block-list\"> <li>Propuls\u00e9 par un tracteur : en se connectant au tracteur, le semoir est entra\u00een\u00e9 en avant et commence \u00e0 fonctionner.<\/li>    <li>Op\u00e9ration de creusage : l'ouvre-foss\u00e9 \u00e0 l'avant cr\u00e9e une rainure de semis uniforme dans le sol.<\/li>    <li>Semis pr\u00e9cis : le dispositif de d\u00e9charge des semences place avec pr\u00e9cision les graines de ma\u00efs dans les rainures selon l'espacement d\u00e9fini.<\/li>    <li>Paillage : le mulcher couvre les graines dans les rainures avec du sol.<\/li>    <li>Moulage par compression : la roue de compression compacte la surface du sol pour renforcer le contact entre les graines et le sol et am\u00e9liorer le taux d'\u00e9mergence des plantules.<\/li> <\/ol>    <figure class=\"wp-block-embed aligncenter is-type-video is-provider-youtube wp-block-embed-youtube wp-embed-aspect-16-9 wp-has-aspect-ratio\"><div class=\"wp-block-embed__wrapper\"> <iframe loading=\"lazy\" title=\"Outil utile pour les agriculteurs : semoir \u00e0 ma\u00efs\u4e28 semoir \u00e0 ma\u00efs\u4e28plantation d&#039;arachides\u4e28machine \u00e0 ma\u00efs avec tracteur\" width=\"500\" height=\"281\" src=\"https:\/\/www.youtube.com\/embed\/2iS0mMUiw34?feature=oembed\" frameborder=\"0\" allow=\"accelerometer; autoplay; clipboard-write; encrypted-media; gyroscope; picture-in-picture; web-share\" referrerpolicy=\"strict-origin-when-cross-origin\" allowfullscreen><\/iframe> <\/div><figcaption class=\"wp-element-caption\">Site de travail du semoir \u00e0 ma\u00efs \u00e0 3 rangs<\/figcaption><\/figure>    <h2 class=\"wp-block-heading\" id=\"h-technical-parameter-of-the-maize-planter\">Param\u00e8tres techniques de la machine \u00e0 planter le ma\u00efs<\/h2>    <figure class=\"wp-block-table is-style-stripes\"><table class=\"has-fixed-layout\"><tbody><tr><td>Mod\u00e8le<\/td><td>2BYSF-2<\/td><td>2BYSF-3<\/td><td>2BYSF-4<\/td><td>2BYSF-5<\/td><td>2BYSF-6<\/td><td>2BYSF-8<\/td><\/tr><tr><td>Taille<\/td><td>1,57*1,3*1,2m<\/td><td>1,57*1,7*1,2m<\/td><td>1,62*2,35*1,2m<\/td><td>1,62*2,75*1,2m<\/td><td>1,62*3,35*1,2m<\/td><td>1,64*4,6*1,2m<\/td><\/tr><tr><td>Rang<\/td><td>2<\/td><td>3<\/td><td>4<\/td><td>5<\/td><td>6<\/td><td>8<\/td><\/tr><tr><td>Espacement entre les rang\u00e9es<\/td><td>428-570mm<\/td><td>428-570mm<\/td><td>428-570mm<\/td><td>428-570mm<\/td><td>428-570mm<\/td><td>428-570mm<\/td><\/tr><tr><td>Espacement des plants<\/td><td>140mm-280mm<\/td><td>140mm-280mm<\/td><td>140mm-280mm<\/td><td>140mm-280mm<\/td><td>140mm-280mm<\/td><td>140mm-280mm<\/td><\/tr><tr><td>Profondeur de creusage<\/td><td>60-80mm<\/td><td>60-80mm<\/td><td>60-80mm<\/td><td>60-80mm<\/td><td>60-80mm<\/td><td>60-80mm<\/td><\/tr><tr><td>Profondeur de fertilisation<\/td><td>60-80mm<\/td><td>60-80mm<\/td><td>60-80mm<\/td><td>60-80mm<\/td><td>60-80mm<\/td><td>60-80mm<\/td><\/tr><tr><td>Profondeur de semis<\/td><td>30-50mm<\/td><td>30-50mm<\/td><td>30-50mm<\/td><td>30-50mm<\/td><td>30-50mm<\/td><td>30-50mm<\/td><\/tr><tr><td>Capacit\u00e9 du r\u00e9servoir d'engrais<\/td><td>18,75L x2<\/td><td>18,75L x3<\/td><td>18,75L x4<\/td><td>18,75L x5<\/td><td>18,75L x6<\/td><td>18,75L x8<\/td><\/tr><tr><td>Capacit\u00e9 du r\u00e9servoir \u00e0 semences<\/td><td>8,5 x 2<\/td><td>8,5 x 3<\/td><td>8,5 x 4<\/td><td>8,5 x 5<\/td><td>8,5 x 6<\/td><td>8,5 x 8<\/td><\/tr><tr><td>Poids<\/td><td>150kg<\/td><td>200kg<\/td><td>295kg<\/td><td>360kg<\/td><td>425kg<\/td><td>650kg<\/td><\/tr><tr><td>Puissance adapt\u00e9e<\/td><td>&nbsp;12-18cv<\/td><td>15-25cv<\/td><td>25-40cv<\/td><td>40-60cv<\/td><td>50-80cv<\/td><td>75-100cv<\/td><\/tr><tr><td>Liaison<\/td><td>&nbsp;\u00c0 3 points<\/td><td>&nbsp;\u00c0 3 points<\/td><td>&nbsp;\u00c0 3 points<\/td><td>&nbsp;\u00c0 3 points<\/td><td>&nbsp;\u00c0 3 points<\/td><td>&nbsp;\u00c0 3 points<\/td><\/tr><\/tbody><\/table><figcaption class=\"wp-element-caption\">Donn\u00e9es techniques de la machine \u00e0 planter le ma\u00efs entra\u00een\u00e9e par tracteur<\/figcaption><\/figure>    <figure class=\"wp-block-gallery has-nested-images columns-default is-cropped wp-block-gallery-3 is-layout-flex wp-block-gallery-is-layout-flex\"> <figure class=\"wp-block-image size-large\"><img loading=\"lazy\" decoding=\"async\" width=\"720\" height=\"540\" data-id=\"12703\" src=\"https:\/\/www.agriculture-machine.com\/wp-content\/uploads\/2022\/03\/factory-of-corn-planting-machine-.jpg\" alt=\"usine \" class=\"wp-image-12703\" title=\"usine \" srcset=\"https:\/\/www.agriculture-machine.com\/wp-content\/uploads\/2022\/03\/factory-of-corn-planting-machine-.jpg 720w, https:\/\/www.agriculture-machine.com\/wp-content\/uploads\/2022\/03\/factory-of-corn-planting-machine--360x270.jpg 360w, https:\/\/www.agriculture-machine.com\/wp-content\/uploads\/2022\/03\/factory-of-corn-planting-machine--240x180.jpg 240w\" sizes=\"auto, (max-width: 720px) 100vw, 720px\" \/><figcaption class=\"wp-element-caption\">usine <\/figcaption><\/figure>    <figure class=\"wp-block-image size-large\"><img loading=\"lazy\" decoding=\"async\" width=\"720\" height=\"540\" data-id=\"12704\" src=\"https:\/\/www.agriculture-machine.com\/wp-content\/uploads\/2022\/03\/multi-row-maize-planter-.jpg\" alt=\"production du semoir\" class=\"wp-image-12704\" title=\"production du semoir\" srcset=\"https:\/\/www.agriculture-machine.com\/wp-content\/uploads\/2022\/03\/multi-row-maize-planter-.jpg 720w, https:\/\/www.agriculture-machine.com\/wp-content\/uploads\/2022\/03\/multi-row-maize-planter--360x270.jpg 360w, https:\/\/www.agriculture-machine.com\/wp-content\/uploads\/2022\/03\/multi-row-maize-planter--240x180.jpg 240w\" sizes=\"auto, (max-width: 720px) 100vw, 720px\" \/><figcaption class=\"wp-element-caption\">production du semoir<\/figcaption><\/figure> <figcaption class=\"blocks-gallery-caption wp-element-caption\">machine \u00e0 planter le ma\u00efs<\/figcaption><\/figure>    <h2 class=\"wp-block-heading\" id=\"h-how-to-use-a-4-row-corn-planter\">Pr\u00e9cautions d'utilisation d'un semoir \u00e0 ma\u00efs<\/h2>    <ol class=\"wp-block-list\"> <li>V\u00e9rifier et nettoyer avant utilisation : enlever les d\u00e9bris dans le r\u00e9servoir \u00e0 semences et l'herbe et la terre sur l'ouvre-foss\u00e9 pour assurer que l'\u00e9quipement est propre et d\u00e9gag\u00e9.<\/li>    <li>Lubrification et maintenance : selon les exigences du manuel, ajouter du lubrifiant aux pi\u00e8ces de transmission et aux pi\u00e8ces rotatives du tracteur en temps voulu.<\/li>    <li>V\u00e9rifier les fixations : faire attention \u00e0 v\u00e9rifier la cha\u00eene de transmission du semoir, la tension et si les boulons sont bien serr\u00e9s.<\/li>    <li>Garder le corps \u00e0 niveau : apr\u00e8s avoir connect\u00e9 le semoir au tracteur, il faut maintenir le corps \u00e0 niveau avant et apr\u00e8s pour \u00e9viter l'inclinaison et affecter l'effet de semis.<\/li>    <li>R\u00e9glage raisonnable des param\u00e8tres : ajustez correctement la quantit\u00e9 de semences, l'espacement entre les rangs de l'ouvre-foss\u00e9 et la profondeur de semis de la roue de rainure pour assurer un semis uniforme et efficace.<\/li> <\/ol>    <figure class=\"wp-block-image aligncenter size-full is-resized\"><img loading=\"lazy\" decoding=\"async\" width=\"720\" height=\"540\" src=\"https:\/\/www.agriculture-machine.com\/wp-content\/uploads\/2022\/03\/planter1_720_540.jpg\" alt=\"Machine de semis de ma\u00efs\" class=\"wp-image-12707\" title=\"planteuse\" srcset=\"https:\/\/www.agriculture-machine.com\/wp-content\/uploads\/2022\/03\/planter1_720_540.jpg 720w, https:\/\/www.agriculture-machine.com\/wp-content\/uploads\/2022\/03\/planter1_720_540-360x270.jpg 360w, https:\/\/www.agriculture-machine.com\/wp-content\/uploads\/2022\/03\/planter1_720_540-240x180.jpg 240w\" sizes=\"auto, (max-width: 720px) 100vw, 720px\" \/><figcaption class=\"wp-element-caption\">Machine de semis de ma\u00efs<\/figcaption><\/figure>    <h2 class=\"wp-block-heading\">Cas de r\u00e9ussite du semoir \u00e0 ma\u00efs entra\u00een\u00e9 par tracteur<\/h2>    <p class=\"translation-block\">Nous avons de nombreux <a href=\"https:\/\/www.agriculture-machine.com\/fr\/we-sold-4-row-and-8-row-corn-planter-machine-to-the-united-states\/\">cas de r\u00e9ussite de machines \u00e0 semer le ma\u00efs<\/a> export\u00e9s vers l'\u00e9tranger. Par exemple, nous avons vendu 5 ensembles de semoirs \u00e0 3 rangs avec fertilisation au Panama. Ce client a visit\u00e9 notre usine pour confirmer la commande. Et avant d'acheter ce semoir, il a achet\u00e9 un tracteur de 20CV. Nous lui avons donc conseill\u00e9 d'acheter un semoir \u00e0 3 rangs, pour qu'il corresponde \u00e0 son tracteur.<\/p>    <p class=\"translation-block\">Recently, we exported a 4-row corn planter machine to <a href=\"https:\/\/en.wikipedia.org\/wiki\/El_Salvador\" target=\"_blank\" rel=\"noopener\">El Salvador<\/a>. It is worth mentioning that we have customized machines for our customers. according to the customer&#8217;s requirements. we also have customized the seed box for him.<\/p>    <figure class=\"wp-block-gallery has-nested-images columns-2 is-cropped wp-block-gallery-4 is-layout-flex wp-block-gallery-is-layout-flex\"> <figure class=\"wp-block-image size-large\"><a href=\"https:\/\/www.agriculture-machine.com\/wp-content\/uploads\/2022\/03\/wrap-film-4.jpg\"><img loading=\"lazy\" decoding=\"async\" width=\"720\" height=\"540\" data-id=\"12708\" src=\"https:\/\/www.agriculture-machine.com\/wp-content\/uploads\/2022\/03\/wrap-film-4.jpg\" alt=\"film de pelliculage\" class=\"wp-image-12708\" title=\"film de pelliculage\" srcset=\"https:\/\/www.agriculture-machine.com\/wp-content\/uploads\/2022\/03\/wrap-film-4.jpg 720w, https:\/\/www.agriculture-machine.com\/wp-content\/uploads\/2022\/03\/wrap-film-4-360x270.jpg 360w, https:\/\/www.agriculture-machine.com\/wp-content\/uploads\/2022\/03\/wrap-film-4-240x180.jpg 240w\" sizes=\"auto, (max-width: 720px) 100vw, 720px\" \/><\/a><figcaption class=\"wp-element-caption\">film de pelliculage<\/figcaption><\/figure>    <figure class=\"wp-block-image size-large\"><a href=\"https:\/\/www.agriculture-machine.com\/wp-content\/uploads\/2022\/03\/loading-tuya.jpg\"><img loading=\"lazy\" decoding=\"async\" width=\"720\" height=\"540\" data-id=\"12709\" src=\"https:\/\/www.agriculture-machine.com\/wp-content\/uploads\/2022\/03\/loading-tuya.jpg\" alt=\"Chargement\" class=\"wp-image-12709\" title=\"Chargement\" srcset=\"https:\/\/www.agriculture-machine.com\/wp-content\/uploads\/2022\/03\/loading-tuya.jpg 720w, https:\/\/www.agriculture-machine.com\/wp-content\/uploads\/2022\/03\/loading-tuya-360x270.jpg 360w, https:\/\/www.agriculture-machine.com\/wp-content\/uploads\/2022\/03\/loading-tuya-240x180.jpg 240w\" sizes=\"auto, (max-width: 720px) 100vw, 720px\" \/><\/a><figcaption class=\"wp-element-caption\">Chargement<\/figcaption><\/figure>    <figure class=\"wp-block-image size-large\"><a href=\"https:\/\/www.agriculture-machine.com\/wp-content\/uploads\/2022\/03\/shipping-3.jpg\"><img loading=\"lazy\" decoding=\"async\" width=\"720\" height=\"540\" data-id=\"12710\" src=\"https:\/\/www.agriculture-machine.com\/wp-content\/uploads\/2022\/03\/shipping-3.jpg\" alt=\"exp\u00e9dition\" class=\"wp-image-12710\" title=\"exp\u00e9dition\" srcset=\"https:\/\/www.agriculture-machine.com\/wp-content\/uploads\/2022\/03\/shipping-3.jpg 720w, https:\/\/www.agriculture-machine.com\/wp-content\/uploads\/2022\/03\/shipping-3-360x270.jpg 360w, https:\/\/www.agriculture-machine.com\/wp-content\/uploads\/2022\/03\/shipping-3-240x180.jpg 240w\" sizes=\"auto, (max-width: 720px) 100vw, 720px\" \/><\/a><figcaption class=\"wp-element-caption\">exp\u00e9dition<\/figcaption><\/figure>    <figure class=\"wp-block-image size-large\"><a href=\"https:\/\/www.agriculture-machine.com\/wp-content\/uploads\/2022\/03\/in-container1-.jpg\"><img loading=\"lazy\" decoding=\"async\" width=\"720\" height=\"540\" data-id=\"12711\" src=\"https:\/\/www.agriculture-machine.com\/wp-content\/uploads\/2022\/03\/in-container1-.jpg\" alt=\"en conteneur\" class=\"wp-image-12711\" title=\"en conteneur\" srcset=\"https:\/\/www.agriculture-machine.com\/wp-content\/uploads\/2022\/03\/in-container1-.jpg 720w, https:\/\/www.agriculture-machine.com\/wp-content\/uploads\/2022\/03\/in-container1--360x270.jpg 360w, https:\/\/www.agriculture-machine.com\/wp-content\/uploads\/2022\/03\/in-container1--240x180.jpg 240w\" sizes=\"auto, (max-width: 720px) 100vw, 720px\" \/><\/a><figcaption class=\"wp-element-caption\">en conteneur<\/figcaption><\/figure> <figcaption class=\"blocks-gallery-caption wp-element-caption\">emballage et exp\u00e9dition des machines \u00e0 semer le ma\u00efs<\/figcaption><\/figure>    <h2 class=\"wp-block-heading\" id=\"h-the-troubleshooting-and-solutions\"><a href=\"https:\/\/www.agriculture-machine.com\/fr\/what-should-you-pay-attention-to-when-using-corn-planter-machine\/\">Le d\u00e9pannage et les solutions<\/a><\/h2>    <ol class=\"wp-block-list\"> <li>Pas de semence : peut-\u00eatre que l'engrenage de transmission n'est pas engag\u00e9 ou que l'usure du trou carr\u00e9 du rouleau n\u00e9cessite une v\u00e9rification, une r\u00e9paration ou un remplacement des pi\u00e8ces.<\/li>    <li>Le dispositif de semis individuel ne fonctionne pas : g\u00e9n\u00e9ralement, la sortie de semence est obstru\u00e9e par des d\u00e9bris, nettoyer les d\u00e9bris peut restaurer le fonctionnement normal.<\/li>    <li>Pas de semence dans le sol mais pas de semence : indique que l'ouverture ou le tuyau de semence est bloqu\u00e9, il faut d\u00e9bloquer rapidement pour assurer un fonctionnement fluide.<\/li> <\/ol>    <h2 class=\"wp-block-heading\" id=\"h-faq\">FAQ<\/h2>   <div id=\"rank-math-faq\" class=\"rank-math-block\"> <div class=\"rank-math-list\"> <div id=\"faq-question-1717040469237\" class=\"rank-math-list-item\"> <h3 class=\"rank-math-question\">Combien de rangs de machines \u00e0 semer le ma\u00efs avez-vous ?<\/h3> <div class=\"rank-math-answer\">  <p>Nous avons des semoirs \u00e0 ma\u00efs \u00e0 2 rangs, 3 rangs, 4 rangs, 5 rangs, 6 rangs et 8 rangs. Vous pouvez donc le choisir selon vos besoins.<\/p>  <\/div> <\/div> <div id=\"faq-question-1717040477193\" class=\"rank-math-list-item\"> <h3 class=\"rank-math-question\">L'espacement entre les rangs et entre les plantes est-il r\u00e9glable ?<\/h3> <div class=\"rank-math-answer\">  <p>Oui, ils sont r\u00e9glables.<\/p>  <\/div> <\/div> <div id=\"faq-question-1717040488671\" class=\"rank-math-list-item\"> <h3 class=\"rank-math-question\">Les semoirs \u00e0 ma\u00efs de diff\u00e9rents rangs ont-ils besoin de tracteurs diff\u00e9rents ?<\/h3> <div class=\"rank-math-answer\">  <p>Bien s\u00fbr, le moteur du tracteur est diff\u00e9rent selon le nombre de rangs du semoir.<\/p>  <\/div> <\/div> <div id=\"faq-question-1717040497645\" class=\"rank-math-list-item\"> <h3 class=\"rank-math-question\">Est-il facile de connecter le semoir \u00e0 ma\u00efs \u00e0 vendre avec le tracteur ?<\/h3> <div class=\"rank-math-answer\">  <p>Oui, c'est facile. Et ne vous inqui\u00e9tez pas, nous vous apprendrons comment faire.<\/p>  <\/div> <\/div> <\/div> <\/div>   <p class=\"translation-block\">En plus des semoirs \u00e0 ma\u00efs, nous proposons \u00e9galement <a href=\"https:\/\/www.agriculture-machine.com\/fr\/corn-maize-harvester-machine\/\">moissonneuses de ma\u00efs<\/a>, <a href=\"https:\/\/www.agriculture-machine.com\/fr\/maize-peeler-and-thresher\/\">s\u00e9parateurs de ma\u00efs<\/a>, et <a href=\"https:\/\/www.agriculture-machine.com\/fr\/corn-grits-making-machine\/\">machines \u00e0 grits de ma\u00efs<\/a>, couvrant tous les aspects de la semence \u00e0 la transformation, vous aidant \u00e0 r\u00e9aliser efficacement tout le processus de traitement du ma\u00efs. N'h\u00e9sitez pas \u00e0 nous contacter pour des solutions de machines \u00e0 ma\u00efs adapt\u00e9es \u00e0 vos besoins !<\/p>","protected":false},"excerpt":{"rendered":"<p>La machine \u00e0 planter le ma\u00efs peut r\u00e9aliser une semence uniforme et une synchronisation de fertilisation. Nous proposons une semence en plusieurs rangs de 2 \u00e0 8, largement utilis\u00e9e dans toutes sortes d'op\u00e9rations de semis agricoles.<\/p>","protected":false},"author":1,"featured_media":12713,"parent":0,"comment_status":"closed","ping_status":"closed","template":"","tags":[491,481],"product-type":[882,870],"class_list":["post-1889","product","type-product","status-publish","has-post-thumbnail","hentry","tag-corn","tag-maize","product-type-corn-planter","product-type-planter"],"_links":{"self":[{"href":"https:\/\/www.agriculture-machine.com\/fr\/wp-json\/wp\/v2\/product\/1889","targetHints":{"allow":["GET"]}}],"collection":[{"href":"https:\/\/www.agriculture-machine.com\/fr\/wp-json\/wp\/v2\/product"}],"about":[{"href":"https:\/\/www.agriculture-machine.com\/fr\/wp-json\/wp\/v2\/types\/product"}],"author":[{"embeddable":true,"href":"https:\/\/www.agriculture-machine.com\/fr\/wp-json\/wp\/v2\/users\/1"}],"replies":[{"embeddable":true,"href":"https:\/\/www.agriculture-machine.com\/fr\/wp-json\/wp\/v2\/comments?post=1889"}],"wp:featuredmedia":[{"embeddable":true,"href":"https:\/\/www.agriculture-machine.com\/fr\/wp-json\/wp\/v2\/media\/12713"}],"wp:attachment":[{"href":"https:\/\/www.agriculture-machine.com\/fr\/wp-json\/wp\/v2\/media?parent=1889"}],"wp:term":[{"taxonomy":"post_tag","embeddable":true,"href":"https:\/\/www.agriculture-machine.com\/fr\/wp-json\/wp\/v2\/tags?post=1889"},{"taxonomy":"product-type","embeddable":true,"href":"https:\/\/www.agriculture-machine.com\/fr\/wp-json\/wp\/v2\/product-type?post=1889"}],"curies":[{"name":"wp","href":"https:\/\/api.w.org\/{rel}","templated":true}]}}