{"id":1931,"date":"2019-02-20T09:34:02","date_gmt":"2019-02-20T01:34:02","guid":{"rendered":"https:\/\/www.agriculture-machine.com\/?p=1931"},"modified":"2025-03-14T17:56:59","modified_gmt":"2025-03-14T09:56:59","slug":"combine-harvester","status":"publish","type":"product","link":"https:\/\/www.agriculture-machine.com\/fr\/combine-harvester\/","title":{"rendered":"Machine combin\u00e9e de r\u00e9colte de bl\u00e9 et de riz, moissonneuse-batteuse"},"content":{"rendered":"<p>Dans la m\u00e9thode traditionnelle de r\u00e9colte du riz, les t\u00e2ches s\u00e9par\u00e9es de r\u00e9colte manuelle et de battage n\u00e9cessitent non seulement beaucoup de main-d'\u0153uvre mais entra\u00eenent aussi une perte de grains d\u2019environ 10 % \u00e0 15 %.<\/p>    <p>Entrez dans la petite moissonneuse-batteuse riz-bl\u00e9, qui combine intelligemment les processus de r\u00e9colte et de battage en une seule op\u00e9ration efficace. Capable de couvrir 50 \u00e0 80 mu en une seule journ\u00e9e et avec un taux de perte de seulement 1,5 % ou moins, elle offre une solution compl\u00e8te pour l\u2019agriculture moderne, vous menant sans effort du champ au silo \u00e0 grains.<\/p>    <figure class=\"wp-block-embed aligncenter is-type-video is-provider-youtube wp-block-embed-youtube wp-embed-aspect-16-9 wp-has-aspect-ratio\"><div class=\"wp-block-embed__wrapper\"> <iframe loading=\"lazy\" title=\"Technologie avanc\u00e9e, une seule machine ! La moissonneuse-batteuse de riz et de bl\u00e9 fait une apparition impressionnante !\" width=\"500\" height=\"281\" src=\"https:\/\/www.youtube.com\/embed\/-JwfU0i0ZWo?start=24&#038;feature=oembed\" frameborder=\"0\" allow=\"accelerometer; autoplay; clipboard-write; encrypted-media; gyroscope; picture-in-picture; web-share\" referrerpolicy=\"strict-origin-when-cross-origin\" allowfullscreen><\/iframe> <\/div><figcaption class=\"wp-element-caption\">Vid\u00e9o de fonctionnement de la petite moissonneuse-batteuse combin\u00e9e<\/figcaption><\/figure>    <p>La meilleure partie est que vous n\u2019aurez pas \u00e0 investir dans deux machines s\u00e9par\u00e9es \u2014 une petite moissonneuse-batteuse combin\u00e9e et un batteur. Ce type de machine peut vraiment vous aider \u00e0 \u00e9conomiser \u00e0 la fois de l\u2019argent et de l\u2019\u00e9nergie. Dans cet article, nous explorerons les deux types diff\u00e9rents de machines \u00e0 r\u00e9colter le riz.<\/p>    <h2 class=\"wp-block-heading\">Type un<\/h2>    <p>Cette petite moissonneuse-batteuse combin\u00e9e est con\u00e7ue pour le riz et le bl\u00e9. Elle r\u00e9colte efficacement les cultures en les coupant directement dans le champ, tout en g\u00e9rant \u00e9galement le battage, la s\u00e9paration des pailles et l\u2019\u00e9limination des impuret\u00e9s en une seule op\u00e9ration. <\/p>    <p>En termes plus simples, cette machine ne se contente pas de couper le riz ou le bl\u00e9 mais les bat \u00e9galement, vous donnant des grains propres \u00e0 la fin. De plus, elle affiche un faible taux de cassure des grains de seulement 1,5 % et un taux de perte de riz de 2 %.<\/p>    <figure class=\"wp-block-image aligncenter wp-image-4063 size-full\"><img loading=\"lazy\" decoding=\"async\" width=\"750\" height=\"600\" src=\"https:\/\/www.agriculture-machine.com\/wp-content\/uploads\/2019\/02\/harvester-machine-5.jpg\" alt=\"Petite moissonneuse-batteuse\" class=\"wp-image-4063\" srcset=\"https:\/\/www.agriculture-machine.com\/wp-content\/uploads\/2019\/02\/harvester-machine-5.jpg 750w, https:\/\/www.agriculture-machine.com\/wp-content\/uploads\/2019\/02\/harvester-machine-5-338x270.jpg 338w, https:\/\/www.agriculture-machine.com\/wp-content\/uploads\/2019\/02\/harvester-machine-5-675x540.jpg 675w\" sizes=\"auto, (max-width: 750px) 100vw, 750px\" \/><figcaption class=\"wp-element-caption\">Petite moissonneuse-batteuse<\/figcaption><\/figure>    <figure class=\"wp-block-image aligncenter\"><img decoding=\"async\" src=\"https:\/\/www.agriculture-machine.com\/wp-content\/uploads\/2019\/02\/combine-harvester06.jpg\" alt=\"Structure de la moissonneuse de bl\u00e9\"\/><figcaption class=\"wp-element-caption\">Structure de la moissonneuse de bl\u00e9<\/figcaption><\/figure>    <h3 class=\"wp-block-heading\">Param\u00e8tre technique de la petite moissonneuse-batteuse<\/h3>    <figure class=\"wp-block-table is-style-stripes\"><table class=\"has-fixed-layout\"><tbody><tr><td>Mod\u00e8le<\/td><td><strong><strong>4LZ-0.8 (Piste)<\/strong><\/strong><\/td><\/tr><tr><td>Connexion\/Transmission<\/td><td>Simple, arbre, traction<\/td><\/tr><tr><td>Mode de d\u00e9marrage<\/td><td>D\u00e9marrage \u00e9lectrique<\/td><\/tr><tr><td>\u00c9clairage<\/td><td>12V\/100W<\/td><\/tr><tr><td>Refroidissement<\/td><td>Refroidissement par air<\/td><\/tr><tr><td>Poids<\/td><td>450 kg<\/td><\/tr><tr><td>Dimensions<\/td><td>2700*1420*1350 mm<\/td><\/tr><tr><td>Mod\u00e8le du moteur<\/td><td>188 F<\/td><\/tr><tr><td>Moteur diesel<\/td><td>Cylindre simple, horizontal, eau \u00e9vaporative, injection directe<\/td><\/tr><tr><td>Puissance nominale<\/td><td>13,5 Hp<\/td><\/tr><tr><td>Vitesse de rotation du moteur<\/td><td>3600 r\/min<\/td><\/tr><tr><td>Consommation de carburant<\/td><td>20 kg\/hm2<\/td><\/tr><tr><td>Vitesse de travail th\u00e9orique<\/td><td>2,56 (deuxi\u00e8me vitesse)<\/td><\/tr><tr><td>Productivit\u00e9<\/td><td>400-1000 m\u00b2\/h<\/td><\/tr><tr><td>Taux de cassure<\/td><td>1.5%<\/td><\/tr><tr><td>Taux de perte de riz<\/td><td>2%<\/td><\/tr><tr><td>Taux de perte de bl\u00e9<\/td><td>3.5%<\/td><\/tr><tr><td>Largeur de coupe nominale<\/td><td>1200 mm<\/td><\/tr><tr><td>Hauteur minimale du sol<\/td><td>180 mm<\/td><\/tr><tr><td>Chenille<\/td><td>Longueur 800 *Largeur 250 mm<\/td><\/tr><tr><td>Taille du pneu<\/td><td>5.00-12<\/td><\/tr><\/tbody><\/table><figcaption class=\"wp-element-caption\">Donn\u00e9es techniques de la petite moissonneuse-batteuse combin\u00e9e<\/figcaption><\/figure>    <h3 class=\"wp-block-heading\">Pr\u00e9occupation de la petite moissonneuse-batteuse<\/h3>    <ul class=\"wp-block-list\"> <li>La machine \u00e0 moissonner le riz doit aller droit dans le champ, ce qui peut am\u00e9liorer l\u2019efficacit\u00e9 du travail et \u00e9viter le gaspillage des cultures.<\/li>    <li>L\u2019utilisateur doit contr\u00f4ler la vitesse de la machine \u00e0 r\u00e9colter le bl\u00e9 en fonction de la hauteur, de l\u2019humidit\u00e9 de la culture et de l\u2019humidit\u00e9 du champ. R\u00e9duisez la vitesse pour les cultures hautes et augmentez-la pour les champs secs.<\/li> <\/ul>    <figure class=\"wp-block-image aligncenter\"><img decoding=\"async\" src=\"https:\/\/www.agriculture-machine.com\/wp-content\/uploads\/2019\/02\/combine-harvester08.jpg\" alt=\"Site de travail de la machine \u00e0 moissonner le riz\"\/><figcaption class=\"wp-element-caption\">Site de travail de la petite moissonneuse-batteuse<\/figcaption><\/figure>    <h3 class=\"wp-block-heading\">Avantages de la moissonneuse<\/h3>    <ul class=\"wp-block-list\"> <li>Technologie de battage avanc\u00e9e pour assurer des grains propres et une s\u00e9paration compl\u00e8te.<\/li>    <li>Adopter un tambour trois-en-un avec une faible charge et un faible taux de cassure.<\/li>    <li>Port d\u2019alimentation plus large : la mati\u00e8re premi\u00e8re peut \u00eatre introduite dans la machine sans blocage.<\/li>    <li>Convoyeur \u00e9l\u00e9vateur plus large : facilite le transport des cultures.<\/li>    <li>Notre machine de r\u00e9colte de riz combin\u00e9e a un design raisonnable, une haute fiabilit\u00e9, un entretien facile et un faible co\u00fbt.<\/li>    <li>Taux de battage \u00e9lev\u00e9. Le taux de battage est sup\u00e9rieur \u00e0 95 %.<\/li>    <li>Les gens peuvent s\u2019asseoir sur la machine pour l\u2019op\u00e9rer, ce qui \u00e9conomise du temps et de l\u2019\u00e9nergie.<\/li> <\/ul>    <h2 class=\"wp-block-heading\">Type deux<\/h2>    <p>La petite moissonneuse-batteuse autoport\u00e9e est con\u00e7ue pour g\u00e9rer la marche, la r\u00e9colte, le nettoyage et le battage en une seule machine, aliment\u00e9e par un moteur diesel. Elle permet aux op\u00e9rateurs de travailler confortablement, ce qui la rend tr\u00e8s pratique pour les agriculteurs. <\/p>    <p>Ce moissonneuse offre une excellente maniabilit\u00e9, un d\u00e9placement facile et une efficacit\u00e9 de production impressionnante. Apr\u00e8s la r\u00e9colte, les cultures sont introduites dans le tambour pour le battage, ce qui permet d\u2019\u00e9conomiser du temps et du travail. Sa grande capacit\u00e9 et son faible taux de perte sont parmi ses plus grands avantages.<\/p>    <figure class=\"wp-block-image aligncenter wp-image-2050 size-full\"><img loading=\"lazy\" decoding=\"async\" width=\"667\" height=\"502\" src=\"https:\/\/www.agriculture-machine.com\/wp-content\/uploads\/2018\/10\/rice-harvester2.jpg\" alt=\"Machine de r\u00e9colte de riz compl\u00e9t\u00e9e\" class=\"wp-image-2050\" srcset=\"https:\/\/www.agriculture-machine.com\/wp-content\/uploads\/2018\/10\/rice-harvester2.jpg 667w, https:\/\/www.agriculture-machine.com\/wp-content\/uploads\/2018\/10\/rice-harvester2-360x270.jpg 360w, https:\/\/www.agriculture-machine.com\/wp-content\/uploads\/2018\/10\/rice-harvester2-240x180.jpg 240w\" sizes=\"auto, (max-width: 667px) 100vw, 667px\" \/><figcaption class=\"wp-element-caption\">Machine de r\u00e9colte de riz compl\u00e9t\u00e9e<\/figcaption><\/figure>    <figure class=\"wp-block-table is-style-stripes\"><table><tbody><tr><td>Mod\u00e8le<\/td><td>TZY-100A<\/td><\/tr><tr><td>Type<\/td><td>Type de conduite (les personnes peuvent s\u2019asseoir)<\/td><\/tr><tr><td>moteur<\/td><td>9,2 kW<\/td><\/tr><tr><td>moteur<\/td><td>Moteur diesel de 12,5 Hp<\/td><\/tr><tr><td>Largeur de coupe<\/td><td>120cm<\/td><\/tr><tr><td>Hauteur de coupe<\/td><td>12-75cm<\/td><\/tr><tr><td>Taux de cassure<\/td><td>&lt;5%<\/td><\/tr><tr><td>Contenu de d\u00e9chets<\/td><td>&lt;7%<\/td><\/tr><tr><td>Capacit\u00e9<\/td><td>1000 m\u00b3\/h<\/td><\/tr><tr><td>Taille<\/td><td>2600*1340*1540 mm<\/td><\/tr><tr><td>Poids<\/td><td>450 kg<\/td><\/tr><\/tbody><\/table><figcaption class=\"wp-element-caption\">Donn\u00e9es techniques de la petite moissonneuse-batteuse combin\u00e9e<\/figcaption><\/figure>    <figure class=\"wp-block-image aligncenter wp-image-4061 size-full\"><img loading=\"lazy\" decoding=\"async\" width=\"750\" height=\"600\" src=\"https:\/\/www.agriculture-machine.com\/wp-content\/uploads\/2019\/02\/harvester-machine-3.jpg\" alt=\"moissonneuse \u00e0 riz\" class=\"wp-image-4061\" srcset=\"https:\/\/www.agriculture-machine.com\/wp-content\/uploads\/2019\/02\/harvester-machine-3.jpg 750w, https:\/\/www.agriculture-machine.com\/wp-content\/uploads\/2019\/02\/harvester-machine-3-338x270.jpg 338w, https:\/\/www.agriculture-machine.com\/wp-content\/uploads\/2019\/02\/harvester-machine-3-675x540.jpg 675w\" sizes=\"auto, (max-width: 750px) 100vw, 750px\" \/><figcaption class=\"wp-element-caption\">moissonneuse \u00e0 riz<\/figcaption><\/figure>    <h2 class=\"wp-block-heading\">Pr\u00e9occupation de la moissonneuse-batteuse \u00e0 riz<\/h2>    <ol class=\"wp-block-list\"> <li>Assurez-vous de lire attentivement le manuel du produit avant utilisation. La structure de la moissonneuse de bl\u00e9 est compliqu\u00e9e, bien que la qualit\u00e9 de la machine soit tr\u00e8s bonne, vous devez encore conna\u00eetre la structure interne et suivre l\u2019introduction pour l\u2019op\u00e9rer. Sinon, la petite moissonneuse-batteuse combin\u00e9e sera sujette \u00e0 des d\u00e9faillances.<\/li>    <li>Les conditions des cultures r\u00e9colt\u00e9es varient consid\u00e9rablement, telles que la vari\u00e9t\u00e9 de la culture, la maturit\u00e9, le taux d\u2019humidit\u00e9, le rendement et la hauteur de la culture. Ainsi, les m\u00e9canismes pertinents de la machine doivent \u00eatre ajust\u00e9s en temps voulu pour assurer de bonnes performances.<\/li>    <li>Le dispositif de protection install\u00e9 sur la moissonneuse \u00e0 riz vise \u00e0 prot\u00e9ger la s\u00e9curit\u00e9 de l\u2019op\u00e9rateur. Par cons\u00e9quent, il ne peut pas \u00eatre d\u00e9mont\u00e9 pendant le travail. S\u2019il a \u00e9t\u00e9 d\u00e9mont\u00e9 lors de la maintenance, l\u2019utilisateur doit le r\u00e9installer pour \u00e9viter un accident.<\/li>    <li>La moissonneuse doit \u00eatre inspect\u00e9e et entretenue fr\u00e9quemment, comme v\u00e9rifier si elle manque d\u2019huile ou d\u2019eau de lubrification, si les vis sont desserr\u00e9es ou si des bruits anormaux se produisent, etc.<\/li>    <li>Toutes les pi\u00e8ces de la <a href=\"https:\/\/www.agriculture-machine.com\/fr\/reaper-binder\/\"><strong>Machine \u00e0 moissonner le bl\u00e9<\/strong><\/a> sont con\u00e7us pour \u00eatre coordonn\u00e9s et ne peuvent pas \u00eatre modifi\u00e9s \u00e0 volont\u00e9.<\/li> <\/ol>    <figure class=\"wp-block-image aligncenter wp-image-2049 size-full\"><img loading=\"lazy\" decoding=\"async\" width=\"668\" height=\"473\" src=\"https:\/\/www.agriculture-machine.com\/wp-content\/uploads\/2018\/10\/rice-harvester1.jpg\" alt=\"moissonneuse \u00e0 riz\" class=\"wp-image-2049\" srcset=\"https:\/\/www.agriculture-machine.com\/wp-content\/uploads\/2018\/10\/rice-harvester1.jpg 668w, https:\/\/www.agriculture-machine.com\/wp-content\/uploads\/2018\/10\/rice-harvester1-360x255.jpg 360w\" sizes=\"auto, (max-width: 668px) 100vw, 668px\" \/><figcaption class=\"wp-element-caption\">moissonneuse \u00e0 riz<\/figcaption><\/figure>    <figure class=\"wp-block-image aligncenter\"><img decoding=\"async\" src=\"https:\/\/www.agriculture-machine.com\/wp-content\/uploads\/2019\/02\/combine-harvester05.jpg\" alt=\"Avantage de la moissonneuse \u00e0 riz\"\/><figcaption class=\"wp-element-caption\">Avantage de la moissonneuse de riz<\/figcaption><\/figure>    <h2 class=\"wp-block-heading\"><strong>Avantages de la petite moissonneuse-batteuse de riz<\/strong><\/h2>    <ol class=\"wp-block-list\"> <li>Faible taux de cassure tardif. Il n\u2019est que de 5 % et vous pouvez obtenir des grains tr\u00e8s intacts et propres.<\/li>    <li>Grande capacit\u00e9. Cette moissonneuse a une capacit\u00e9 plus \u00e9lev\u00e9e (1000 m\u00b3\/h) compar\u00e9e \u00e0 d\u2019autres moissonneuses.<\/li>    <li>La hauteur de coupe est r\u00e9glable (12-75cm).<\/li>    <li>Facile \u00e0 utiliser. Une seule personne peut r\u00e9aliser toutes les op\u00e9rations.<\/li>    <li>Fonctions multiples. Elle peut d\u2019abord r\u00e9colter le riz et le bl\u00e9, puis les battre pour obtenir des grains, ce qui \u00e9conomise du temps et de l\u2019\u00e9nergie.<\/li> <\/ol>    <figure class=\"wp-block-image aligncenter wp-image-2051 size-full\"><img loading=\"lazy\" decoding=\"async\" width=\"672\" height=\"478\" src=\"https:\/\/www.agriculture-machine.com\/wp-content\/uploads\/2018\/10\/rice-harvester3.jpg\" alt=\"Machine \u00e0 moissonner le riz\" class=\"wp-image-2051\" srcset=\"https:\/\/www.agriculture-machine.com\/wp-content\/uploads\/2018\/10\/rice-harvester3.jpg 672w, https:\/\/www.agriculture-machine.com\/wp-content\/uploads\/2018\/10\/rice-harvester3-360x256.jpg 360w\" sizes=\"auto, (max-width: 672px) 100vw, 672px\" \/><figcaption class=\"wp-element-caption\">Machine \u00e0 moissonner le riz<\/figcaption><\/figure>    <h2 class=\"wp-block-heading\">Dysfonctionnements et solutions li\u00e9s \u00e0 la moissonneuse-batteuse<\/h2>    <figure class=\"wp-block-table is-style-stripes\"><table><tbody><tr><td>Dysfonctionnement<\/td><td>Raison<\/td><td>Solution<\/td><\/tr><tr><td rowspan=\"4\">La lame est bloqu\u00e9e.<\/td><td>1. Herbe et boue sur la coupe.<\/td><td>1. Arr\u00eatez et \u00e9liminez les obstacles.<\/td><\/tr><tr><td>2. La distance entre les lames est trop grande.<\/td><td>2. Ajustez l'\u00e9cartement de la lame.<\/td><\/tr><tr><td>3. La quantit\u00e9 de culture est excessive.<\/td><td>3. R\u00e9duire la largeur de r\u00e9colte.<\/td><\/tr><tr><td>4. Dommages \u00e0 la lame.<\/td><td>4. R\u00e9parer ou remplacer.<\/td><\/tr><tr><td rowspan=\"2\">R\u00e9duisez la quantit\u00e9 de cultures \u00e0 alimenter, et travaillez avec l\u2019acc\u00e9l\u00e9rateur moyen ou grand.<\/td><td>1. La culture est inf\u00e9rieure \u00e0 55 cm.<\/td><td>1. Essayez de r\u00e9duire la hauteur de la paille.<\/td><\/tr><tr><td>2. Le chariot de transport de la coupe est endommag\u00e9.<\/td><td>2. R\u00e9parer ou remplacer.<\/td><\/tr><tr><td rowspan=\"4\">Le rouleau de battage est bloqu\u00e9.<\/td><td>1. La quantit\u00e9 d\u2019alimentation est excessive ou in\u00e9gale.<\/td><td>1. Contr\u00f4lez le coupeur pour couper les cultures de mani\u00e8re uniforme pendant l\u2019op\u00e9ration.<\/td><\/tr><tr><td>2. La vitesse du tambour est faible.<\/td><td>2. Fonctionnement avec un acc\u00e9l\u00e9rateur moyen ou grand<\/td><\/tr><tr><td>3. La tige est trop humide, et la culture est trop haute.<\/td><td>3. Choisissez des cultures s\u00e8ches \u00e0 r\u00e9colter et augmentez la hauteur de la paille.<\/td><\/tr><tr><td>4. La plaque guide est d\u00e9tach\u00e9e ou us\u00e9e.<\/td><td>4. R\u00e9parer ou remplacer.<\/td><\/tr><tr><td rowspan=\"2\">La sortie des grains est bloqu\u00e9e.<\/td><td>1. La sortie des grains est pleine, et le conteneur \u00e0 grains n\u2019est pas chang\u00e9 \u00e0 temps.<\/td><td>1. Changez le conteneur \u00e0 temps.<\/td><\/tr><tr><td>2. La tige est humide, et le grain contient des mauvaises herbes.<\/td><td>Ajustez la hauteur du coupeur.<\/td><\/tr><tr><td>La t\u00eate de la culture tombe dans le champ.<\/td><td>La hauteur de r\u00e9colte d\u00e9passe 1,1 m.<\/td><td>Ajustez la hauteur du coupeur.<\/td><\/tr><\/tbody><\/table><figcaption class=\"wp-element-caption\">Comment utiliser correctement la petite moissonneuse-batteuse combin\u00e9e<\/figcaption><\/figure>    <h2 class=\"wp-block-heading\">Comment utiliser une moissonneuse de bl\u00e9 et de riz combin\u00e9e ?<\/h2>    <p class=\"translation-block\">Pendant la saison de r\u00e9colte, en raison de t\u00e2ches lourdes, <strong>moissonneuse-batteuse<\/strong> rencontre souvent des vari\u00e9t\u00e9s de cultures, des champs de diff\u00e9rentes tailles, et des conditions naturelles complexes et vari\u00e9es. Pour maximiser l\u2019efficacit\u00e9 du travail, l\u2019op\u00e9rateur doit non seulement conna\u00eetre la performance structurelle de la machine \u00e0 riz combin\u00e9e, mais aussi ma\u00eetriser correctement la m\u00e9thode et les proc\u00e9dures d\u2019exploitation.<\/p>    <ol class=\"wp-block-list\"> <li>Pr\u00e9paration avant utilisation.<\/li> <\/ol>    <p>En fonction de l\u2019entretien, vous devez emporter quelques outils n\u00e9cessaires et pi\u00e8ces vuln\u00e9rables. En m\u00eame temps, vous devrez ajouter suffisamment de carburant et d\u2019huile de lubrification.<\/p>    <ol start=\"2\" class=\"wp-block-list\"> <li>M\u00e9thodes de pr\u00e9paration et de r\u00e9colte.<\/li> <\/ol>    <ul class=\"wp-block-list\"> <li>Vous devriez conna\u00eetre l\u2019\u00e9tat des routes, la profondeur du sol, la hauteur de la culture et l\u2019humidit\u00e9 pour faire des ajustements appropri\u00e9s \u00e0 la machine \u00e0 r\u00e9colter le bl\u00e9.<\/li>    <li>Lorsque la petite moissonneuse-batteuse se rend au champ, elle doit g\u00e9n\u00e9ralement entrer par le coin gauche. Pour \u00e9viter les pertes, l\u2019espace ouvert de 1,2 m x 2,4 m doit \u00eatre coup\u00e9 manuellement dans le coin droit. Si le champ n\u2019est pas haut, la moissonneuse peut travailler directement.<\/li>    <li>Si le terrain est relativement propre et pas haut, pour am\u00e9liorer la productivit\u00e9, plusieurs champs peuvent \u00eatre connect\u00e9s pour la r\u00e9colte.<\/li> <\/ul>    <h2 class=\"wp-block-heading\">Un cas r\u00e9ussi de machine \u00e0 r\u00e9colter le riz<\/h2>    <p>Au d\u00e9but juin, nous avons exp\u00e9di\u00e9 deux ensembles de petites moissonneuses pour la r\u00e9colte du riz au Congo. Le client est venu dans notre usine pour tester les machines et a exprim\u00e9 une grande satisfaction quant \u00e0 leur performance. <\/p>    <p>Pour favoriser un partenariat \u00e0 long terme solide, nous lui avons fourni gratuitement quelques pi\u00e8ces de rechange essentielles, car c\u2019est notre premi\u00e8re collaboration. Notre \u00e9quipe a pris soin d\u2019emballer les machines pour \u00e9viter tout dommage lors de la livraison. Voici quelques photos de l\u2019emballage de la petite moissonneuse.<\/p>    <figure class=\"wp-block-image aligncenter\"><img loading=\"lazy\" decoding=\"async\" width=\"720\" height=\"540\" src=\"https:\/\/www.agriculture-machine.com\/wp-content\/uploads\/2019\/02\/rice-harvester-1.jpg\" alt=\"Photo d\u2019exp\u00e9dition04\" class=\"wp-image-4281\" srcset=\"https:\/\/www.agriculture-machine.com\/wp-content\/uploads\/2019\/02\/rice-harvester-1.jpg 720w, https:\/\/www.agriculture-machine.com\/wp-content\/uploads\/2019\/02\/rice-harvester-1-360x270.jpg 360w, https:\/\/www.agriculture-machine.com\/wp-content\/uploads\/2019\/02\/rice-harvester-1-240x180.jpg 240w\" sizes=\"auto, (max-width: 720px) 100vw, 720px\" \/><\/figure>    <figure class=\"wp-block-image aligncenter\"><img loading=\"lazy\" decoding=\"async\" width=\"720\" height=\"540\" src=\"https:\/\/www.agriculture-machine.com\/wp-content\/uploads\/2019\/02\/rice-harvester-2.jpg\" alt=\"Photo d\u2019exp\u00e9dition05\" class=\"wp-image-4282\" srcset=\"https:\/\/www.agriculture-machine.com\/wp-content\/uploads\/2019\/02\/rice-harvester-2.jpg 720w, https:\/\/www.agriculture-machine.com\/wp-content\/uploads\/2019\/02\/rice-harvester-2-360x270.jpg 360w, https:\/\/www.agriculture-machine.com\/wp-content\/uploads\/2019\/02\/rice-harvester-2-240x180.jpg 240w\" sizes=\"auto, (max-width: 720px) 100vw, 720px\" \/><\/figure>    <figure class=\"wp-block-image aligncenter\"><img loading=\"lazy\" decoding=\"async\" width=\"720\" height=\"540\" src=\"https:\/\/www.agriculture-machine.com\/wp-content\/uploads\/2019\/02\/rice-harvester-3.jpg\" alt=\"Photo d\u2019exp\u00e9dition06\" class=\"wp-image-4283\" srcset=\"https:\/\/www.agriculture-machine.com\/wp-content\/uploads\/2019\/02\/rice-harvester-3.jpg 720w, https:\/\/www.agriculture-machine.com\/wp-content\/uploads\/2019\/02\/rice-harvester-3-360x270.jpg 360w, https:\/\/www.agriculture-machine.com\/wp-content\/uploads\/2019\/02\/rice-harvester-3-240x180.jpg 240w\" sizes=\"auto, (max-width: 720px) 100vw, 720px\" \/><\/figure>    <h2 class=\"wp-block-heading\">FAQ<\/h2>   <div id=\"rank-math-faq\" class=\"rank-math-block\"> <div class=\"rank-math-list\"> <div id=\"faq-question-1716197682348\" class=\"rank-math-list-item\"> <h3 class=\"rank-math-question\">Quelle est la largeur de coupe des deux machines \u00e0 moissonner le riz ?<\/h3> <div class=\"rank-math-answer\">  <p>120cm pour deux types de machine.<\/p>  <\/div> <\/div> <div id=\"faq-question-1716197686223\" class=\"rank-math-list-item\"> <h3 class=\"rank-math-question\">Quelle est la hauteur de coupe ?<\/h3> <div class=\"rank-math-answer\">  <p>12-75cm.<\/p>  <\/div> <\/div> <div id=\"faq-question-1716197697136\" class=\"rank-math-list-item\"> <h3 class=\"rank-math-question\">Quelle est la diff\u00e9rence entre les deux machines ?<\/h3> <div class=\"rank-math-answer\">  <p>Type un est d\u00e9marrage \u00e9lectrique, et type deux est de type conduite (les personnes peuvent s\u2019asseoir).<\/p>  <\/div> <\/div> <div id=\"faq-question-1716197708327\" class=\"rank-math-list-item\"> <h3 class=\"rank-math-question\">Quel est le taux de perte des deux machines ?<\/h3> <div class=\"rank-math-answer\">  <p>Type un : taux de perte de riz 2 %.<br \/>Taux de perte de bl\u00e9 de 3,5 %.<br \/>Type deux : moins de 5 %.<\/p>  <\/div> <\/div> <div id=\"faq-question-1716197720791\" class=\"rank-math-list-item\"> <h3 class=\"rank-math-question\">Puis-je obtenir du riz ou du bl\u00e9 propre en utilisant cette machine \u00e0 moissonner le riz ?<\/h3> <div class=\"rank-math-answer\">  <p>Oui, la machine peut couper le riz ou le bl\u00e9 et les battre en m\u00eame temps.<\/p>  <\/div> <\/div> <div id=\"faq-question-1716197734790\" class=\"rank-math-list-item\"> <h3 class=\"rank-math-question\">Quelle est la mati\u00e8re premi\u00e8re de cette machine ?<\/h3> <div class=\"rank-math-answer\">  <p>Juste du riz et du bl\u00e9.<\/p>  <\/div> <\/div> <div id=\"faq-question-1716197744079\" class=\"rank-math-list-item\"> <h3 class=\"rank-math-question\">\u00cates-vous le fabricant ?<\/h3> <div class=\"rank-math-answer\">  <p>Oui, nous le sommes. Bienvenue \u00e0 visiter notre usine.<\/p>  <\/div> <\/div> <div id=\"faq-question-1716197754447\" class=\"rank-math-list-item\"> <h3 class=\"rank-math-question\">Pouvez-vous changer la tension de la machine selon notre demande ?<\/h3> <div class=\"rank-math-answer\">  <p>Oui, nous pouvons.<\/p>  <\/div> <\/div> <div id=\"faq-question-1716197763735\" class=\"rank-math-list-item\"> <h3 class=\"rank-math-question\">Que pensez-vous de votre service apr\u00e8s-vente ?<\/h3> <div class=\"rank-math-answer\">  <p>Notre ing\u00e9nieur peut se d\u00e9placer pour installer et former vos travailleurs \u00e0 l\u2019utilisation de toute la ligne de machines.<\/p>  <\/div> <\/div> <div id=\"faq-question-1716197773985\" class=\"rank-math-list-item\"> <h3 class=\"rank-math-question\">Quelle est la dur\u00e9e de garantie de votre petite moissonneuse-batteuse combin\u00e9e ?<\/h3> <div class=\"rank-math-answer\">  <p>1 an.<\/p>  <\/div> <\/div> <\/div> <\/div>   <p><br><\/p>","protected":false},"excerpt":{"rendered":"<p>La petite moissonneuse combin\u00e9e, qui inclut la r\u00e9colte et le battage du riz et du bl\u00e9, peut obtenir des graines de culture directement du champ avec un taux de cassure des graines de seulement 1,5 %.<\/p>","protected":false},"author":1,"featured_media":1943,"parent":0,"comment_status":"closed","ping_status":"closed","template":"","tags":[490,796,158],"product-type":[888],"class_list":["post-1931","product","type-product","status-publish","has-post-thumbnail","hentry","tag-harvester","tag-rice","tag-wheat","product-type-rice-reaper"],"_links":{"self":[{"href":"https:\/\/www.agriculture-machine.com\/fr\/wp-json\/wp\/v2\/product\/1931","targetHints":{"allow":["GET"]}}],"collection":[{"href":"https:\/\/www.agriculture-machine.com\/fr\/wp-json\/wp\/v2\/product"}],"about":[{"href":"https:\/\/www.agriculture-machine.com\/fr\/wp-json\/wp\/v2\/types\/product"}],"author":[{"embeddable":true,"href":"https:\/\/www.agriculture-machine.com\/fr\/wp-json\/wp\/v2\/users\/1"}],"replies":[{"embeddable":true,"href":"https:\/\/www.agriculture-machine.com\/fr\/wp-json\/wp\/v2\/comments?post=1931"}],"wp:featuredmedia":[{"embeddable":true,"href":"https:\/\/www.agriculture-machine.com\/fr\/wp-json\/wp\/v2\/media\/1943"}],"wp:attachment":[{"href":"https:\/\/www.agriculture-machine.com\/fr\/wp-json\/wp\/v2\/media?parent=1931"}],"wp:term":[{"taxonomy":"post_tag","embeddable":true,"href":"https:\/\/www.agriculture-machine.com\/fr\/wp-json\/wp\/v2\/tags?post=1931"},{"taxonomy":"product-type","embeddable":true,"href":"https:\/\/www.agriculture-machine.com\/fr\/wp-json\/wp\/v2\/product-type?post=1931"}],"curies":[{"name":"wp","href":"https:\/\/api.w.org\/{rel}","templated":true}]}}