{"id":200,"date":"2018-07-12T07:22:03","date_gmt":"2018-07-11T23:22:03","guid":{"rendered":"https:\/\/www.agriculture-machine.com\/?p=200"},"modified":"2024-10-24T14:12:06","modified_gmt":"2024-10-24T06:12:06","slug":"small-chaff-cutter","status":"publish","type":"product","link":"https:\/\/www.agriculture-machine.com\/fr\/small-chaff-cutter\/","title":{"rendered":"Trois types de petit coupe-chault \/ machine de coupe d\u2019herbe"},"content":{"rendered":"<h1 class=\"wp-block-heading\"><span style=\"color: #ff0000;\">Type un<\/span><\/h1>    <p>Le coupe-herbe HC-400 est petit mais est un outil utile pour les agriculteurs, et vous pouvez le choisir sans h\u00e9sitation si vous cultivez du bl\u00e9, du ma\u00efs ou si vous avez des herbes \u00e0 couper. L'herbe coup\u00e9e peut \u00eatre utilis\u00e9e pour nourrir les animaux et est facile \u00e0 dig\u00e9rer en raison de sa petite taille. Avec une capacit\u00e9 de 400-500kg\/h, nous avons vendu de nombreux ensembles \u00e0 l'\u00e9tranger et dans notre pays, aidant grandement les agriculteurs \u00e0 \u00e9conomiser de l'\u00e9nergie et du temps.<\/p>   <p><iframe loading=\"lazy\" title=\"Vente chaude, coupe-orge pas cher \/ machine \u00e0 couper l&#039;herbe \/ coupe-ensilage de paille dans une usine chinoise\" width=\"500\" height=\"281\" src=\"https:\/\/www.youtube.com\/embed\/xqezorsYNPE?start=3&#038;feature=oembed\" frameborder=\"0\" allow=\"accelerometer; autoplay; clipboard-write; encrypted-media; gyroscope; picture-in-picture; web-share\" referrerpolicy=\"strict-origin-when-cross-origin\" allowfullscreen><\/iframe><\/p>    <h2 class=\"wp-block-heading\">Param\u00e8tre technique du coupe-herbe<\/h2>    <figure class=\"wp-block-image aligncenter\"><img loading=\"lazy\" decoding=\"async\" width=\"500\" height=\"500\" src=\"https:\/\/www.agriculture-machine.com\/wp-content\/uploads\/2018\/07\/11.jpg\" alt=\"Coupe-paille\" class=\"wp-image-2983\" srcset=\"https:\/\/www.agriculture-machine.com\/wp-content\/uploads\/2018\/07\/11.jpg 500w, https:\/\/www.agriculture-machine.com\/wp-content\/uploads\/2018\/07\/11-270x270.jpg 270w\" sizes=\"auto, (max-width: 500px) 100vw, 500px\" \/><figcaption class=\"wp-element-caption\">Coupe-paille<\/figcaption><\/figure>    <figure class=\"wp-block-table is-style-stripes\"><table><tbody><tr><td>Mod\u00e8le<\/td><td>HC-400<\/td><\/tr><tr><td>Puissance<\/td><td>Moteur 2,2kw, moteur \u00e0 essence ou moteur diesel<\/td><\/tr><tr><td>Capacit\u00e9<\/td><td>400-500kg\/h<\/td><\/tr><tr><td>Poids<\/td><td>80kg<\/td><\/tr><tr><td>Taille<\/td><td>1050*580*800mm<\/td><\/tr><\/tbody><\/table><figcaption class=\"wp-element-caption\">Donn\u00e9es techniques de la machine coupe-orge<\/figcaption><\/figure>    <h2 class=\"wp-block-heading\">Structure du coupe-herbe<\/h2>    <figure class=\"wp-block-image aligncenter\"><img loading=\"lazy\" decoding=\"async\" width=\"500\" height=\"500\" src=\"https:\/\/www.agriculture-machine.com\/wp-content\/uploads\/2018\/07\/88.jpg\" alt=\"\" class=\"wp-image-2987\" srcset=\"https:\/\/www.agriculture-machine.com\/wp-content\/uploads\/2018\/07\/88.jpg 500w, https:\/\/www.agriculture-machine.com\/wp-content\/uploads\/2018\/07\/88-270x270.jpg 270w\" sizes=\"auto, (max-width: 500px) 100vw, 500px\" \/><\/figure>    <figure class=\"wp-block-image aligncenter\"><img loading=\"lazy\" decoding=\"async\" width=\"500\" height=\"500\" src=\"https:\/\/www.agriculture-machine.com\/wp-content\/uploads\/2018\/07\/77.jpg\" alt=\"\" class=\"wp-image-2986\" srcset=\"https:\/\/www.agriculture-machine.com\/wp-content\/uploads\/2018\/07\/77.jpg 500w, https:\/\/www.agriculture-machine.com\/wp-content\/uploads\/2018\/07\/77-270x270.jpg 270w\" sizes=\"auto, (max-width: 500px) 100vw, 500px\" \/><\/figure>    <figure class=\"wp-block-image aligncenter\"><img loading=\"lazy\" decoding=\"async\" width=\"500\" height=\"500\" src=\"https:\/\/www.agriculture-machine.com\/wp-content\/uploads\/2018\/07\/66.jpg\" alt=\"\" class=\"wp-image-2985\" srcset=\"https:\/\/www.agriculture-machine.com\/wp-content\/uploads\/2018\/07\/66.jpg 500w, https:\/\/www.agriculture-machine.com\/wp-content\/uploads\/2018\/07\/66-270x270.jpg 270w\" sizes=\"auto, (max-width: 500px) 100vw, 500px\" \/><\/figure>    <h2 class=\"wp-block-heading\">Application de la machine coupe-herbe<\/h2>    <ol class=\"wp-block-list\"> <li>La machine \u00e0 couper le foin peut couper les tiges de haricots, ma\u00efs, riz, bl\u00e9, luzerne, herbe, foin, paille de bl\u00e9, gousses d'arachide, etc., pour l'\u00e9levage de vaches, chevaux, moutons, oies, poulets, canards et autres animaux.<\/li>    <li>L'\u00e9p\u00e9e du coupe-herbe est un \u00e9quipement m\u00e9canique pour la plupart des agriculteurs ruraux et des petites ou moyennes unit\u00e9s de transformation de l'alimentation et peut \u00eatre utilis\u00e9 par les p\u00e2turages, les papeteries et les plantes m\u00e9dicinales.<\/li> <\/ol>    <figure class=\"wp-block-image aligncenter\"><img loading=\"lazy\" decoding=\"async\" width=\"500\" height=\"500\" src=\"https:\/\/www.agriculture-machine.com\/wp-content\/uploads\/2018\/07\/99.jpg\" alt=\"Machine coupe-herbe\" class=\"wp-image-2988\" srcset=\"https:\/\/www.agriculture-machine.com\/wp-content\/uploads\/2018\/07\/99.jpg 500w, https:\/\/www.agriculture-machine.com\/wp-content\/uploads\/2018\/07\/99-270x270.jpg 270w\" sizes=\"auto, (max-width: 500px) 100vw, 500px\" \/><\/figure>    <h2 class=\"wp-block-heading\">Caract\u00e9ristiques de la machine \u00e0 couper l'herbe<\/h2>    <ol class=\"wp-block-list\"> <li>Avec quatre roues, un coupe-herbe manuel peut \u00eatre facilement d\u00e9plac\u00e9.<\/li>    <li>La longueur de coupe de l'herbe peut \u00eatre ajust\u00e9e selon la demande du client.<\/li>    <li>L'herbe coup\u00e9e par cette machine peut \u00eatre facilement dig\u00e9r\u00e9e par les animaux.<\/li>    <li>Effet de coupe \u00e9lev\u00e9. La qualit\u00e9 des morceaux finaux est tr\u00e8s bonne.<\/li>    <li>Petite taille et l\u00e9ger. Facile \u00e0 utiliser \u00e0 la maison.<\/li> <\/ol>    <h1 class=\"wp-block-heading\"><span style=\"color: #ff0000;\">Type deux<\/span><\/h1>    <figure class=\"wp-block-image aligncenter\"><img decoding=\"async\" src=\"https:\/\/www.agriculture-machine.com\/wp-content\/uploads\/2018\/07\/IMG_7060.jpg\" alt=\"Machine coupe-herbe\" class=\"wp-image-3517\"\/><figcaption class=\"wp-element-caption\">Machine coupe-herbe<\/figcaption><\/figure>    <h2 class=\"wp-block-heading\"><strong><b>Br\u00e8ve introduction de <\/b><\/strong>R\u00e9colteuse de p\u00e2turage<\/h2>    <p>Avec des roues l\u00e9g\u00e8res, la machine coupe-paille est facile \u00e0 d\u00e9placer. Une machine \u00e0 couper la paille peut fonctionner avec un moteur de 2,2kw ou un petit moteur \u00e0 essence pour les endroits sans \u00e9lectricit\u00e9. La longueur de coupe de l'herbe peut \u00eatre ajust\u00e9e selon la demande du client.<\/p>    <figure class=\"wp-block-image aligncenter\"><img decoding=\"async\" src=\"https:\/\/www.agriculture-machine.com\/wp-content\/uploads\/2018\/07\/IMG_6925.jpg\" alt=\"Machine \u00e0 couper l&#039;herbe\" class=\"wp-image-3516\"\/><figcaption class=\"wp-element-caption\">Machine \u00e0 couper l'herbe<\/figcaption><\/figure>    <figure class=\"wp-block-table is-style-stripes\"><table><tbody><tr><td>Capacit\u00e9<\/td><td>500kg\/h<\/td><\/tr><tr><td>Taille de l'emballage<\/td><td>400*500*600mm<\/td><\/tr><tr><td>Puissance<\/td><td>2.2kw<\/td><\/tr><tr><td>Poids<\/td><td>50kg<\/td><\/tr><\/tbody><\/table><figcaption class=\"wp-element-caption\">Param\u00e8tres de la machine \u00e0 couper l'herbe<\/figcaption><\/figure>    <h2 class=\"wp-block-heading\"><strong><b>Application de <\/b><\/strong>R\u00e9colteuse de p\u00e2turage<\/h2>    <p>La machine \u00e0 couper l'herbe peut couper des herbes, du foin, de la paille de grains, de bl\u00e9, des tiges de ma\u00efs, des gousses d'arachide, etc., qui peuvent \u00eatre utilis\u00e9s pour l'\u00e9levage de vaches, chevaux, moutons, oies, poulets, canards et autres animaux, ce qui favorise leur digestion.<\/p>    <figure class=\"wp-block-image aligncenter\"><img decoding=\"async\" src=\"https:\/\/www.agriculture-machine.com\/wp-content\/uploads\/2018\/07\/IMG_7292.jpg\" alt=\"\" class=\"wp-image-3519\"\/><\/figure>    <h2 class=\"wp-block-heading\"><strong><b>Avantage de <\/b><\/strong>Coupe-paille<\/h2>    <p>1. La machine \u00e0 couper le foin est un \u00e9quipement m\u00e9canique pour la plupart des agriculteurs ruraux et des petites ou moyennes unit\u00e9s de transformation de l'alimentation et peut \u00eatre utilis\u00e9e par les p\u00e2turages, les papeteries et les plantes m\u00e9dicinales.<\/p>    <p>2. La lame est en acier de haute qualit\u00e9 avec des boulons de haute r\u00e9sistance et raffin\u00e9e par un proc\u00e9d\u00e9 sp\u00e9cial, ce qui la rend s\u00fbre, fiable et durable.<\/p>    <figure class=\"wp-block-image aligncenter\"><img decoding=\"async\" src=\"https:\/\/www.agriculture-machine.com\/wp-content\/uploads\/2018\/07\/IMG_7082.jpg\" alt=\"\" class=\"wp-image-3518\"\/><\/figure>    <h1 class=\"wp-block-heading\"><span style=\"color: #ff0000;\">Type trois<\/span><\/h1>    <figure class=\"wp-block-image aligncenter\"><img loading=\"lazy\" decoding=\"async\" width=\"750\" height=\"750\" src=\"https:\/\/www.agriculture-machine.com\/wp-content\/uploads\/2018\/07\/01.jpg\" alt=\"\" class=\"wp-image-3523\" srcset=\"https:\/\/www.agriculture-machine.com\/wp-content\/uploads\/2018\/07\/01.jpg 750w, https:\/\/www.agriculture-machine.com\/wp-content\/uploads\/2018\/07\/01-270x270.jpg 270w, https:\/\/www.agriculture-machine.com\/wp-content\/uploads\/2018\/07\/01-540x540.jpg 540w\" sizes=\"auto, (max-width: 750px) 100vw, 750px\" \/><\/figure>    <h2 class=\"wp-block-heading\">Br\u00e8ve introduction du coupe-herbe<\/h2>    <p>1. Deux fonctions de cette machine : coupe-paille et broyage de grains. Cette machine \u00e0 couper l'herbe int\u00e8gre la coupe-paille et le broyage de grains en un seul.<\/p>    <p>2. La paille de ma\u00efs, le foin, l'herbe, les grains, etc. peuvent \u00eatre ses mati\u00e8res premi\u00e8res.<\/p>    <p>3. Diff\u00e9rents \u00e9crans \u00e0 mailles peuvent produire diff\u00e9rentes formes de poudres.<\/p>    <p>4. Le produit fini est populaire pour que le b\u00e9tail de la ferme le mange.<\/p>    <p>5. vous pouvez choisir diff\u00e9rents ennemis selon vos besoins.<\/p>    <p>6. Deux roues flexibles et un support stable facilitent le d\u00e9placement.<\/p>    <figure class=\"wp-block-image aligncenter\"><img loading=\"lazy\" decoding=\"async\" width=\"750\" height=\"750\" src=\"https:\/\/www.agriculture-machine.com\/wp-content\/uploads\/2018\/07\/03.jpg\" alt=\"\" class=\"wp-image-3524\" srcset=\"https:\/\/www.agriculture-machine.com\/wp-content\/uploads\/2018\/07\/03.jpg 750w, https:\/\/www.agriculture-machine.com\/wp-content\/uploads\/2018\/07\/03-270x270.jpg 270w, https:\/\/www.agriculture-machine.com\/wp-content\/uploads\/2018\/07\/03-540x540.jpg 540w\" sizes=\"auto, (max-width: 750px) 100vw, 750px\" \/><\/figure>    <figure class=\"wp-block-table is-style-stripes\"><table><tbody><tr><td> <p style=\"text-align: center; vertical-align: baseline; margin: 0.0000pt;\" align=\"center\" class=\"translation-block\"><strong><span style=\"font-family: Arial;color: #000000;font-weight: bold;font-style: normal;font-size: 10.5000pt\">Mod\u00e8le<\/span><\/strong><\/p> <\/td><td> <p style=\"text-align: center; vertical-align: baseline; margin: 0.0000pt;\" align=\"center\" class=\"translation-block\"><strong><span style=\"font-family: Arial;color: #000000;font-weight: bold;font-style: normal;font-size: 10.5000pt\">TZY-D1<\/span><\/strong><\/p> <\/td><\/tr><tr><td> <p style=\"text-align: center; vertical-align: baseline; margin: 0.0000pt;\" align=\"center\"><span style=\"font-family: Arial; color: #000000; font-style: normal; font-size: 10.5000pt;\">Moteur<\/span><\/p> <\/td><td> <p style=\"text-align: center; vertical-align: baseline; margin: 0.0000pt;\" align=\"center\"><span style=\"font-family: Arial; color: #000000; font-style: normal; font-size: 10.5000pt;\">1.5kw<\/span><\/p> <\/td><\/tr><tr><td> <p style=\"text-align: center; vertical-align: baseline; margin: 0.0000pt;\" align=\"center\"><span style=\"font-family: Arial; color: #000000; font-style: normal; font-size: 10.5000pt;\">Dimension<\/span><\/p> <\/td><td> <p style=\"text-align: center; vertical-align: baseline; margin: 0.0000pt;\" align=\"center\"><span style=\"font-family: Arial; color: #000000; font-style: normal; font-size: 10.5000pt;\">1150*680*1360mm<\/span><\/p> <\/td><\/tr><tr><td> <p style=\"text-align: center; vertical-align: baseline; margin: 0.0000pt;\" align=\"center\"><span style=\"font-family: Arial; color: #000000; font-style: normal; font-size: 10.5000pt;\">Poids<\/span><\/p> <\/td><td> <p style=\"text-align: center; vertical-align: baseline; margin: 0.0000pt;\" align=\"center\"><span style=\"font-family: Arial; color: #000000; font-style: normal; font-size: 10.5000pt;\">87kg<\/span><\/p> <\/td><\/tr><tr><td> <p style=\"text-align: center; vertical-align: baseline; margin: 0.0000pt;\" align=\"center\"><span style=\"font-family: Arial; color: #000000; font-style: normal; font-size: 10.5000pt;\">Capacit\u00e9<\/span><\/p> <\/td><td> <p style=\"text-align: center; vertical-align: baseline; margin: 0.0000pt;\" align=\"center\"><span style=\"font-family: Arial; color: #000000; font-style: normal; font-size: 10.5000pt;\">1t\/h<\/span><\/p> <\/td><\/tr><\/tbody><\/table><figcaption class=\"wp-element-caption\">Informations d\u00e9taill\u00e9es sur la machine \u00e0 broyer les cultures<\/figcaption><\/figure>    <p class=\"translation-block\">De plus, nos machines similaires sont <strong><em>Machine \u00e0 couper l'herbe pour l'alimentation animale | coupe-paille | coupe-herbe \u00e0 grande capacit\u00e9<\/em><\/strong>, et <strong><em>Machine \u00e0 couper l'herbe \/ coupe humide \/ coupe-herbe 4-15t\/h<\/em><\/strong>.<\/p>    <h2 class=\"wp-block-heading\">Cas de succ\u00e8s du coupe-herbe<\/h2>    <p>Cette machine coupe-orge est un produit tr\u00e8s vendu dans notre usine et nous vendons de nombreux ensembles chaque mois. Le mois dernier, 500 ensembles ont \u00e9t\u00e9 livr\u00e9s au Pakistan, notre client a re\u00e7u toutes les machines maintenant, louant la qualit\u00e9, et l'image suivante montre les d\u00e9tails de l'emballage.<\/p>    <p>De plus, nous offrons un service apr\u00e8s-vente parfait, comme un service en ligne 24h\/24, l'envoi gratuit de pi\u00e8ces de rechange dans l'ann\u00e9e, l'organisation de formations pour leurs travailleurs par nos ing\u00e9nieurs, etc. En r\u00e9sum\u00e9, nous ferons tout notre possible pour r\u00e9soudre tous ses probl\u00e8mes.<\/p>    <figure class=\"wp-block-image aligncenter\"><img loading=\"lazy\" decoding=\"async\" width=\"500\" height=\"500\" src=\"https:\/\/www.agriculture-machine.com\/wp-content\/uploads\/2018\/07\/333.jpg\" alt=\"\" class=\"wp-image-2991\" srcset=\"https:\/\/www.agriculture-machine.com\/wp-content\/uploads\/2018\/07\/333.jpg 500w, https:\/\/www.agriculture-machine.com\/wp-content\/uploads\/2018\/07\/333-270x270.jpg 270w\" sizes=\"auto, (max-width: 500px) 100vw, 500px\" \/><\/figure>    <figure class=\"wp-block-image aligncenter\"><img loading=\"lazy\" decoding=\"async\" width=\"500\" height=\"500\" src=\"https:\/\/www.agriculture-machine.com\/wp-content\/uploads\/2018\/07\/555.jpg\" alt=\"\" class=\"wp-image-2992\" srcset=\"https:\/\/www.agriculture-machine.com\/wp-content\/uploads\/2018\/07\/555.jpg 500w, https:\/\/www.agriculture-machine.com\/wp-content\/uploads\/2018\/07\/555-270x270.jpg 270w\" sizes=\"auto, (max-width: 500px) 100vw, 500px\" \/><\/figure>    <h2 class=\"wp-block-heading\">FAQ<\/h2>   <div id=\"rank-math-faq\" class=\"rank-math-block\"> <div class=\"rank-math-list\"> <div id=\"faq-question-1709531769865\" class=\"rank-math-list-item\"> <h3 class=\"rank-math-question\">Combien de lames y a-t-il dans la machine \u00e0 couper la paille ?<\/h3> <div class=\"rank-math-answer\">  <p>4 lames.<\/p>  <\/div> <\/div> <div id=\"faq-question-1709531776517\" class=\"rank-math-list-item\"> <h3 class=\"rank-math-question\">Quel type de mati\u00e8re premi\u00e8re peut \u00eatre coup\u00e9e par cette machine ?<\/h3> <div class=\"rank-math-answer\">  <p>Paille de riz, paille de bl\u00e9, paille de ma\u00efs, branches d'arbres et autres herbes.<\/p>  <\/div> <\/div> <div id=\"faq-question-1709531783645\" class=\"rank-math-list-item\"> <h3 class=\"rank-math-question\">Avez-vous diff\u00e9rents types de machines \u00e0 couper l'herbe ?<\/h3> <div class=\"rank-math-answer\">  <p>Oui, bien s\u00fbr, c'est la plus petite, et nous avons aussi d'autres tailles plus grandes et des machines \u00e0 couper l'herbe \u00e0 capacit\u00e9 plus \u00e9lev\u00e9e.<\/p>  <\/div> <\/div> <div id=\"faq-question-1709531794566\" class=\"rank-math-list-item\"> <h3 class=\"rank-math-question\">Quelle est la capacit\u00e9 d'une machine \u00e0 couper l'herbe ?<\/h3> <div class=\"rank-math-answer\">  <p>Sa capacit\u00e9 est de 400-500kg\/h.<\/p>  <\/div> <\/div> <div id=\"faq-question-1709531820733\" class=\"rank-math-list-item\"> <h3 class=\"rank-math-question\">Convient-il pour un usage individuel ?<\/h3> <div class=\"rank-math-answer\">  <p>Oui, bien s\u00fbr.<\/p>  <\/div> <\/div> <\/div> <\/div>","protected":false},"excerpt":{"rendered":"<p>C'est une petite machine coupe-orge avec 4 lames, tr\u00e8s appr\u00e9ci\u00e9e par les agriculteurs individuels. La mati\u00e8re premi\u00e8re peut \u00eatre de l'herbe, de la paille de riz, de ma\u00efs ou de bl\u00e9.<\/p>","protected":false},"author":1,"featured_media":0,"parent":0,"comment_status":"closed","ping_status":"closed","template":"","tags":[832,2609],"product-type":[912],"class_list":["post-200","product","type-product","status-publish","hentry","tag-chaff","tag-cutter","product-type-chaff-cutter"],"_links":{"self":[{"href":"https:\/\/www.agriculture-machine.com\/fr\/wp-json\/wp\/v2\/product\/200","targetHints":{"allow":["GET"]}}],"collection":[{"href":"https:\/\/www.agriculture-machine.com\/fr\/wp-json\/wp\/v2\/product"}],"about":[{"href":"https:\/\/www.agriculture-machine.com\/fr\/wp-json\/wp\/v2\/types\/product"}],"author":[{"embeddable":true,"href":"https:\/\/www.agriculture-machine.com\/fr\/wp-json\/wp\/v2\/users\/1"}],"replies":[{"embeddable":true,"href":"https:\/\/www.agriculture-machine.com\/fr\/wp-json\/wp\/v2\/comments?post=200"}],"wp:attachment":[{"href":"https:\/\/www.agriculture-machine.com\/fr\/wp-json\/wp\/v2\/media?parent=200"}],"wp:term":[{"taxonomy":"post_tag","embeddable":true,"href":"https:\/\/www.agriculture-machine.com\/fr\/wp-json\/wp\/v2\/tags?post=200"},{"taxonomy":"product-type","embeddable":true,"href":"https:\/\/www.agriculture-machine.com\/fr\/wp-json\/wp\/v2\/product-type?post=200"}],"curies":[{"name":"wp","href":"https:\/\/api.w.org\/{rel}","templated":true}]}}