{"id":2279,"date":"2018-10-17T09:50:12","date_gmt":"2018-10-17T01:50:12","guid":{"rendered":"https:\/\/www.agriculture-machine.com\/?p=1011"},"modified":"2024-09-18T16:08:35","modified_gmt":"2024-09-18T08:08:35","slug":"rice-transplanter-machine","status":"publish","type":"product","link":"https:\/\/www.agriculture-machine.com\/fr\/rice-transplanter-machine\/","title":{"rendered":"Machine de transplantation de riz \u00e0 2 rangs"},"content":{"rendered":"<h2 class=\"wp-block-heading\">Br\u00e8ve introduction du transplanter de riz \u00e0 2 rangs<\/h2>    <p class=\"translation-block\">Il s'agit d'un transplanter de riz \u00e0 2 rangs  et doit \u00eatre utilis\u00e9 \u00e0 la main. La machine est l\u00e9g\u00e8re (20kg) et tr\u00e8s adapt\u00e9e aux agriculteurs. La distance entre les rang\u00e9es est de 250mm, non ajustable. La profondeur maximale de plantation est de 65mm et la fr\u00e9quence maximale de plantation est de 120 pi\u00e8ces\/min. Ce petit transplanter de riz est facile \u00e0 utiliser et est un produit tr\u00e8s vendu dans notre usine.<\/p>   <p><iframe loading=\"lazy\" title=\"Moulin \u00e0 riz combin\u00e9 | Machine de mouture et de concassage de riz\" width=\"500\" height=\"281\" src=\"https:\/\/www.youtube.com\/embed\/DcsznGBC44g?feature=oembed\" frameborder=\"0\" allow=\"accelerometer; autoplay; clipboard-write; encrypted-media; gyroscope; picture-in-picture; web-share\" referrerpolicy=\"strict-origin-when-cross-origin\" allowfullscreen><\/iframe><\/p>    <figure class=\"wp-block-image aligncenter\"><img loading=\"lazy\" decoding=\"async\" width=\"750\" height=\"689\" src=\"https:\/\/www.agriculture-machine.com\/wp-content\/uploads\/2018\/10\/CY2-TRANSPLANTER-1.jpg\" alt=\"Transplanter de riz\" class=\"wp-image-3245\" srcset=\"https:\/\/www.agriculture-machine.com\/wp-content\/uploads\/2018\/10\/CY2-TRANSPLANTER-1.jpg 750w, https:\/\/www.agriculture-machine.com\/wp-content\/uploads\/2018\/10\/CY2-TRANSPLANTER-1-294x270.jpg 294w, https:\/\/www.agriculture-machine.com\/wp-content\/uploads\/2018\/10\/CY2-TRANSPLANTER-1-588x540.jpg 588w\" sizes=\"auto, (max-width: 750px) 100vw, 750px\" \/><\/figure>    <h2 class=\"wp-block-heading\">Param\u00e8tre technique du transplanter de riz \u00e0 2 rangs<\/h2>    <figure class=\"wp-block-table is-style-stripes\"><table><tbody><tr><td>Nom<\/td><td>Machine transplanter de riz<\/td><\/tr><tr><td>Mod\u00e8le<\/td><td>&nbsp;CY-2<\/td><\/tr><tr><td>Rangs<\/td><td>2 rangs<\/td><\/tr><tr><td>Type<\/td><td>&nbsp;Manuel<\/td><\/tr><tr><td>Distance entre les rang\u00e9es<\/td><td>&nbsp;250mm, can&#8217;t adjusted<\/td><\/tr><tr><td>Fr\u00e9quence maximale de plantation<\/td><td>&nbsp;1 20pcs\/min<\/td><\/tr><tr><td>Profondeur maximale de plantation<\/td><td>&nbsp;65mm<\/td><\/tr><tr><td>Taille<\/td><td>600* 700** 800mm<\/td><\/tr><tr><td>Poids<\/td><td>20kg<\/td><\/tr><tr><td>20GP<\/td><td>190 ensembles<\/td><\/tr><\/tbody><\/table><figcaption class=\"wp-element-caption\">Donn\u00e9es techniques de la machine de transplantation de riz \u00e0 deux rangs<\/figcaption><\/figure>    <h2 class=\"wp-block-heading\">Structure de la machine transplanter de riz \u00e0 2 rangs<\/h2>    <p>Elle est principalement compos\u00e9e d'une cha\u00eene, de poign\u00e9es, de lits de semis et d'une plateforme.<\/p>    <figure class=\"wp-block-image aligncenter\"><img loading=\"lazy\" decoding=\"async\" width=\"750\" height=\"869\" src=\"https:\/\/www.agriculture-machine.com\/wp-content\/uploads\/2018\/10\/CY2-TRANSPLANTER-2.jpg\" alt=\"\u00c9tude de cas\" class=\"wp-image-3246\" srcset=\"https:\/\/www.agriculture-machine.com\/wp-content\/uploads\/2018\/10\/CY2-TRANSPLANTER-2.jpg 750w, https:\/\/www.agriculture-machine.com\/wp-content\/uploads\/2018\/10\/CY2-TRANSPLANTER-2-233x270.jpg 233w, https:\/\/www.agriculture-machine.com\/wp-content\/uploads\/2018\/10\/CY2-TRANSPLANTER-2-466x540.jpg 466w\" sizes=\"auto, (max-width: 750px) 100vw, 750px\" \/><\/figure>    <h2 class=\"wp-block-heading\"><strong><b>Principe de fonctionnement de cet \u00e9quipement<\/b><\/strong><\/h2>    <ol class=\"wp-block-list\"> <li>Placer les jeunes plants dans les deux lits de semis de la machine<\/li>    <li>Faire tourner la poign\u00e9e dans la m\u00eame direction<\/li>    <li>L'aiguille de transplantation d\u00e9pose les jeunes plants un par un<\/li>    <li>Puis ins\u00e9rez-les dans le sol<\/li>    <li>Pendant le processus, l'op\u00e9rateur doit faire face \u00e0 la machine et reculer continuellement.<\/li> <\/ol>    <figure class=\"wp-block-image aligncenter\"><img loading=\"lazy\" decoding=\"async\" width=\"750\" height=\"1054\" src=\"https:\/\/www.agriculture-machine.com\/wp-content\/uploads\/2018\/10\/CY2-TRANSPLANTER-6.jpg\" alt=\"Photo d&#039;exp\u00e9dition 10\" class=\"wp-image-3247\" srcset=\"https:\/\/www.agriculture-machine.com\/wp-content\/uploads\/2018\/10\/CY2-TRANSPLANTER-6.jpg 750w, https:\/\/www.agriculture-machine.com\/wp-content\/uploads\/2018\/10\/CY2-TRANSPLANTER-6-192x270.jpg 192w, https:\/\/www.agriculture-machine.com\/wp-content\/uploads\/2018\/10\/CY2-TRANSPLANTER-6-384x540.jpg 384w\" sizes=\"auto, (max-width: 750px) 100vw, 750px\" \/><\/figure>    <h2 class=\"wp-block-heading\">Quelles sont les conditions techniques de notre transplanter ?<\/h2>    <ul class=\"wp-block-list\"> <li>La hauteur des jeunes plants doit \u00eatre comprise entre 180 et 300mm<\/li>    <li>Les racines des jeunes plants doivent \u00eatre ins\u00e9r\u00e9es dans le sol d'environ 60mm<\/li>    <li>La profondeur de travail doit \u00eatre contr\u00f4l\u00e9e entre 10 et 20mm<\/li>    <li>L'op\u00e9rateur doit ajouter de l'huile lubrifiante dans la partie de friction avant utilisation pour assurer une rotation fluide<\/li>    <li>Pendant l'op\u00e9ration, le jeune plant doit \u00eatre parall\u00e8le<\/li> <\/ul>    <h2 class=\"wp-block-heading\">Avantage du transplanter de riz \u00e0 2 rangs<\/h2>    <ol class=\"wp-block-list\"> <li>Le lit de semis est facile \u00e0 pousser pour le nettoyage<\/li>    <li>L\u00e9g\u00e8ret\u00e9 facilite le d\u00e9placement dans le champ de riz<\/li>    <li>Il ne n\u00e9cessite qu'une seule personne pour l'op\u00e9rer.<\/li>    <li>Les jeunes plants peuvent \u00eatre plac\u00e9s dans le sol de mani\u00e8re verticale et ordonn\u00e9e<\/li>    <li>Haute adaptabilit\u00e9, adapt\u00e9e aux collines, montagnes, plaines, etc.<\/li> <\/ol>    <h2 class=\"wp-block-heading\">Cas de r\u00e9ussite de notre machine transplanter<\/h2>    <p>Cas 1<\/p>    <p>Nous avons livr\u00e9 190 ensembles (20 GP) de machines transplanter de riz au Sri Lanka en ao\u00fbt 2018. Novembre est la saison de plantation au Sri Lanka et le d\u00e9lai de livraison est d'environ 40-50 jours. En d'autres termes, notre client a achet\u00e9 une machine \u00e0 planter du riz en ao\u00fbt et la recevra en octobre. Il est revendeur sur le march\u00e9 local, distribuant des machines aux agriculteurs qui op\u00e9reront pendant la saison de plantation.<\/p>    <figure class=\"wp-block-image aligncenter\"><img loading=\"lazy\" decoding=\"async\" width=\"960\" height=\"1280\" src=\"https:\/\/www.agriculture-machine.com\/wp-content\/uploads\/2018\/10\/6bfe28209ccdc550c111f8325ad1b82.jpg\" alt=\"Photo d&#039;exp\u00e9dition 12\" class=\"wp-image-3243\" srcset=\"https:\/\/www.agriculture-machine.com\/wp-content\/uploads\/2018\/10\/6bfe28209ccdc550c111f8325ad1b82.jpg 960w, https:\/\/www.agriculture-machine.com\/wp-content\/uploads\/2018\/10\/6bfe28209ccdc550c111f8325ad1b82-203x270.jpg 203w, https:\/\/www.agriculture-machine.com\/wp-content\/uploads\/2018\/10\/6bfe28209ccdc550c111f8325ad1b82-405x540.jpg 405w, https:\/\/www.agriculture-machine.com\/wp-content\/uploads\/2018\/10\/6bfe28209ccdc550c111f8325ad1b82-768x1024.jpg 768w\" sizes=\"auto, (max-width: 960px) 100vw, 960px\" \/><\/figure>    <figure class=\"wp-block-image aligncenter\"><img loading=\"lazy\" decoding=\"async\" width=\"960\" height=\"1280\" src=\"https:\/\/www.agriculture-machine.com\/wp-content\/uploads\/2018\/10\/92f84b9e6f760a47d96b2cf8bd56a06.jpg\" alt=\"photo d&#039;exp\u00e9dition 12\" class=\"wp-image-3244\" srcset=\"https:\/\/www.agriculture-machine.com\/wp-content\/uploads\/2018\/10\/92f84b9e6f760a47d96b2cf8bd56a06.jpg 960w, https:\/\/www.agriculture-machine.com\/wp-content\/uploads\/2018\/10\/92f84b9e6f760a47d96b2cf8bd56a06-203x270.jpg 203w, https:\/\/www.agriculture-machine.com\/wp-content\/uploads\/2018\/10\/92f84b9e6f760a47d96b2cf8bd56a06-405x540.jpg 405w, https:\/\/www.agriculture-machine.com\/wp-content\/uploads\/2018\/10\/92f84b9e6f760a47d96b2cf8bd56a06-768x1024.jpg 768w\" sizes=\"auto, (max-width: 960px) 100vw, 960px\" \/><\/figure>    <p>En janvier 2019, notre client d'Am\u00e9rique a command\u00e9 100 ensembles chez nous. Le riz \u00e9tant tr\u00e8s courant en Am\u00e9rique, les machines transplanter de riz y sont populaires parmi les agriculteurs am\u00e9ricains. Notre transplanter de riz \u00e0 2 rangs est l\u00e9ger et fonctionnel, c'est un bon choix pour les agriculteurs individuels ou les revendeurs.<\/p>    <p>Apr\u00e8s avoir constat\u00e9 la performance exceptionnelle de notre machine transplanter de riz, si vous \u00eates int\u00e9ress\u00e9 par nos produits, n'h\u00e9sitez pas \u00e0 nous contacter pour plus de d\u00e9tails. Nous sommes impatients de partager avec vous plus d'informations passionnantes sur nos machines agricoles avanc\u00e9es ! De plus, nous vous invitons \u00e9galement \u00e0 visiter notre usine pour d\u00e9couvrir notre force technique et notre service attentif. Nous esp\u00e9rons une coop\u00e9ration future avec vous !<\/p>    <p class=\"translation-block\">Nous disposons \u00e9galement de machines transplanter de riz \u00e0 6 rangs et 8 rangs, veuillez cliquer sur le lien suivant pour plus d'informations. (<em>Article connexe : <strong><a href=\"https:\/\/www.agriculture-machine.com\/fr\/8-rows-rice-transplanter\/\">Transplanter de riz \/ Machine de transplantation de riz<\/a><\/strong><\/em>)<\/p>    <h2 class=\"wp-block-heading\">Contactez-nous \u00e0 tout moment<\/h2>    <p>Moulin \u00e0 riz combin\u00e9 | Machine de mouture et de concassage de riz<\/p>","protected":false},"excerpt":{"rendered":"<p>Machine transplanter de riz \u00e0 2 rangs efficace avec bon prix<\/p>","protected":false},"author":1,"featured_media":1031,"parent":0,"comment_status":"closed","ping_status":"closed","template":"","tags":[2607,492,796,151],"product-type":[914],"class_list":["post-2279","product","type-product","status-publish","has-post-thumbnail","hentry","tag-nursery","tag-planter","tag-rice","tag-transplanter","product-type-rice-transplanter"],"_links":{"self":[{"href":"https:\/\/www.agriculture-machine.com\/fr\/wp-json\/wp\/v2\/product\/2279","targetHints":{"allow":["GET"]}}],"collection":[{"href":"https:\/\/www.agriculture-machine.com\/fr\/wp-json\/wp\/v2\/product"}],"about":[{"href":"https:\/\/www.agriculture-machine.com\/fr\/wp-json\/wp\/v2\/types\/product"}],"author":[{"embeddable":true,"href":"https:\/\/www.agriculture-machine.com\/fr\/wp-json\/wp\/v2\/users\/1"}],"replies":[{"embeddable":true,"href":"https:\/\/www.agriculture-machine.com\/fr\/wp-json\/wp\/v2\/comments?post=2279"}],"wp:featuredmedia":[{"embeddable":true,"href":"https:\/\/www.agriculture-machine.com\/fr\/wp-json\/wp\/v2\/media\/1031"}],"wp:attachment":[{"href":"https:\/\/www.agriculture-machine.com\/fr\/wp-json\/wp\/v2\/media?parent=2279"}],"wp:term":[{"taxonomy":"post_tag","embeddable":true,"href":"https:\/\/www.agriculture-machine.com\/fr\/wp-json\/wp\/v2\/tags?post=2279"},{"taxonomy":"product-type","embeddable":true,"href":"https:\/\/www.agriculture-machine.com\/fr\/wp-json\/wp\/v2\/product-type?post=2279"}],"curies":[{"name":"wp","href":"https:\/\/api.w.org\/{rel}","templated":true}]}}