{"id":230,"date":"2018-07-12T07:42:09","date_gmt":"2018-07-11T23:42:09","guid":{"rendered":"https:\/\/www.agriculture-machine.com\/?p=230"},"modified":"2025-03-10T16:33:26","modified_gmt":"2025-03-10T08:33:26","slug":"chaff-cutter-and-grain-crusher","status":"publish","type":"product","link":"https:\/\/www.agriculture-machine.com\/fr\/chaff-cutter-and-grain-crusher\/","title":{"rendered":"Machine de coupe d\u2019herbe | Coupe-chault et moulin \u00e0 grains"},"content":{"rendered":"<p>With over 20 years of experience in manufacturing silage machinery, our chaff cutter machine stands out for its &#8220;high efficiency cutting and multi-scene adaptation.&#8221; We have provided services to agricultural and animal husbandry enterprises in more than 50 countries and regions worldwide. <\/p>    <p>Notre mod\u00e8le principal affiche une capacit\u00e9 horaire impressionnante allant jusqu'\u00e0 25 tonnes, augmentant consid\u00e9rablement l'utilisation du fourrage de plus de 50 %. <\/p>    <p>Dans cet article, nous d\u00e9taillerons trois types diff\u00e9rents de coupeurs de foin pour vous aider \u00e0 faire un choix \u00e9clair\u00e9 en fonction de vos besoins. De plus, nous proposons des services personnalis\u00e9s pour garantir que la machine r\u00e9ponde pleinement \u00e0 vos exigences sp\u00e9cifiques.<\/p>    <figure class=\"wp-block-embed aligncenter is-type-video is-provider-youtube wp-block-embed-youtube wp-embed-aspect-16-9 wp-has-aspect-ratio\"><div class=\"wp-block-embed__wrapper\"> <iframe loading=\"lazy\" title=\"Machine \u00e0 couper le foin et broyeur, am\u00e9lioration de l&#039;efficacit\u00e9 de la r\u00e9colte des cultures !\" width=\"500\" height=\"281\" src=\"https:\/\/www.youtube.com\/embed\/csKAdpXtbn8?feature=oembed\" frameborder=\"0\" allow=\"accelerometer; autoplay; clipboard-write; encrypted-media; gyroscope; picture-in-picture; web-share\" referrerpolicy=\"strict-origin-when-cross-origin\" allowfullscreen><\/iframe> <\/div><figcaption class=\"wp-element-caption\">Vid\u00e9o de fonctionnement de la machine \u00e0 couper le foin<\/figcaption><\/figure>    <h2 class=\"wp-block-heading\">Type un : machine \u00e0 broyer le fourrage TZY-A<\/h2>    <p>Ce coupe-foin peut \u00eatre utilis\u00e9 pour le grain, la ensilage, et la paille s\u00e8che avec 800kg\/h, 2000kg\/h, et 1000kg\/h. Les machines \u00e0 couper l'herbe incluent la coupe de la paille et le broyage du grain. La conception de la tige de traction facilite le d\u00e9placement en champ.<\/p>    <figure class=\"wp-block-image aligncenter size-large\"><img loading=\"lazy\" decoding=\"async\" width=\"570\" height=\"540\" src=\"https:\/\/www.agriculture-machine.com\/wp-content\/uploads\/2018\/07\/\u672a\u6807\u9898-1_01-570x540.jpg\" alt=\"Coupe-foin \u00e0 herbe\" class=\"wp-image-3018\" srcset=\"https:\/\/www.agriculture-machine.com\/wp-content\/uploads\/2018\/07\/\u672a\u6807\u9898-1_01-570x540.jpg 570w, https:\/\/www.agriculture-machine.com\/wp-content\/uploads\/2018\/07\/\u672a\u6807\u9898-1_01-285x270.jpg 285w, https:\/\/www.agriculture-machine.com\/wp-content\/uploads\/2018\/07\/\u672a\u6807\u9898-1_01.jpg 750w\" sizes=\"auto, (max-width: 570px) 100vw, 570px\" \/><figcaption class=\"wp-element-caption\">Coupe-foin \u00e0 herbe<\/figcaption><\/figure>    <h3 class=\"wp-block-heading\">Param\u00e8tres techniques du coupe-foin et du broyeur de ma\u00efs<\/h3>    <figure class=\"wp-block-table is-style-stripes\"><table><tbody><tr><td>Mod\u00e8le<\/td><td>TZY-A<\/td><\/tr><tr><td>Puissance<\/td><td>Moteur 3kw ou moteur \u00e0 essence<\/td><\/tr><tr><td>Capacit\u00e9<\/td><td>800kg\/h pour le broyage des grains, 2000kg\/h pour l'ensilage, 1000kg\/h pour la paille s\u00e8che<\/td><\/tr><tr><td>Poids<\/td><td>150kg<\/td><\/tr><tr><td>Taille<\/td><td>1200*1100*1630mm<\/td><\/tr><\/tbody><\/table><figcaption class=\"wp-element-caption\">Donn\u00e9es techniques d\u00e9taill\u00e9es de la machine \u00e0 couper le foin<\/figcaption><\/figure>    <h3 class=\"wp-block-heading\">Structure de la machine \u00e0 couper le foin<\/h3>    <figure class=\"wp-block-image aligncenter\"><img loading=\"lazy\" decoding=\"async\" width=\"750\" height=\"954\" src=\"https:\/\/www.agriculture-machine.com\/wp-content\/uploads\/2018\/07\/\u672a\u6807\u9898-1_03.jpg\" alt=\"\" class=\"wp-image-3019\" srcset=\"https:\/\/www.agriculture-machine.com\/wp-content\/uploads\/2018\/07\/\u672a\u6807\u9898-1_03.jpg 750w, https:\/\/www.agriculture-machine.com\/wp-content\/uploads\/2018\/07\/\u672a\u6807\u9898-1_03-212x270.jpg 212w, https:\/\/www.agriculture-machine.com\/wp-content\/uploads\/2018\/07\/\u672a\u6807\u9898-1_03-425x540.jpg 425w\" sizes=\"auto, (max-width: 750px) 100vw, 750px\" \/><\/figure>    <h3 class=\"wp-block-heading\">Performance de fonctionnement du broyeur d'aliments pour animaux<\/h3>    <ul class=\"wp-block-list\"> <li>Le coupe-herbe peut \u00eatre utilis\u00e9 pour le grain, la ensilage et la paille s\u00e8che avec 800kg\/h, 2000kg\/h, et 1000kg\/h.<\/li>    <li>Le coupe-foin et le broyeur de grains ont deux fonctions : couper la paille et broyer les grains.<\/li> <\/ul>    <figure class=\"wp-block-image aligncenter\"><img loading=\"lazy\" decoding=\"async\" width=\"750\" height=\"958\" src=\"https:\/\/www.agriculture-machine.com\/wp-content\/uploads\/2018\/07\/\u672a\u6807\u9898-1_06.jpg\" alt=\"\" class=\"wp-image-3022\" srcset=\"https:\/\/www.agriculture-machine.com\/wp-content\/uploads\/2018\/07\/\u672a\u6807\u9898-1_06.jpg 750w, https:\/\/www.agriculture-machine.com\/wp-content\/uploads\/2018\/07\/\u672a\u6807\u9898-1_06-211x270.jpg 211w, https:\/\/www.agriculture-machine.com\/wp-content\/uploads\/2018\/07\/\u672a\u6807\u9898-1_06-423x540.jpg 423w\" sizes=\"auto, (max-width: 750px) 100vw, 750px\" \/><\/figure>    <h3 class=\"wp-block-heading\">Puissance adapt\u00e9e du broyeur \u00e0 foin<\/h3>    <p>Ce coupe-foin et broyeur de grains peut \u00eatre utilis\u00e9 non seulement avec des moteurs \u00e9lectriques, mais aussi avec des moteurs diesel et \u00e0 essence, ce qui est pratique pour les zones o\u00f9 il manque d'\u00e9lectricit\u00e9.<\/p>    <h2 class=\"wp-block-heading\">Type deux : machine \u00e0 couper l'ensilage TZY-B<\/h2>    <figure class=\"wp-block-image aligncenter\"><img loading=\"lazy\" decoding=\"async\" width=\"750\" height=\"714\" src=\"https:\/\/www.agriculture-machine.com\/wp-content\/uploads\/2018\/07\/\u672a\u6807\u9898-1_01-1.jpg\" alt=\"\" class=\"wp-image-3025\" srcset=\"https:\/\/www.agriculture-machine.com\/wp-content\/uploads\/2018\/07\/\u672a\u6807\u9898-1_01-1.jpg 750w, https:\/\/www.agriculture-machine.com\/wp-content\/uploads\/2018\/07\/\u672a\u6807\u9898-1_01-1-284x270.jpg 284w, https:\/\/www.agriculture-machine.com\/wp-content\/uploads\/2018\/07\/\u672a\u6807\u9898-1_01-1-567x540.jpg 567w\" sizes=\"auto, (max-width: 750px) 100vw, 750px\" \/><\/figure>    <h3 class=\"wp-block-heading\">Application de la machine \u00e0 couper le fourrage<\/h3>    <ul class=\"wp-block-list\"> <li>Ce coupe-paille et broyeur de grains est un nouveau type de machine de traitement de l'alimentation qui combine hachage, frottement, broyage et battement.<\/li>    <li>Les coupe-paille peuvent non seulement broyer les tiges de ma\u00efs s\u00e8ches ou vertes, les tiges de sorgho, la vigne d'arachide, les gousses de patate douce et diverses p\u00e2tures, mais aussi broyer les grains et le ma\u00efs pour l'alimentation animale, ce qui favorise l'am\u00e9lioration de la digestion et de l'absorption de la paille par les animaux.<\/li> <\/ul>    <figure class=\"wp-block-image aligncenter\"><img loading=\"lazy\" decoding=\"async\" width=\"750\" height=\"1399\" src=\"https:\/\/www.agriculture-machine.com\/wp-content\/uploads\/2018\/07\/\u672a\u6807\u9898-1_04-1.jpg\" alt=\"\" class=\"wp-image-3027\" srcset=\"https:\/\/www.agriculture-machine.com\/wp-content\/uploads\/2018\/07\/\u672a\u6807\u9898-1_04-1.jpg 750w, https:\/\/www.agriculture-machine.com\/wp-content\/uploads\/2018\/07\/\u672a\u6807\u9898-1_04-1-145x270.jpg 145w, https:\/\/www.agriculture-machine.com\/wp-content\/uploads\/2018\/07\/\u672a\u6807\u9898-1_04-1-289x540.jpg 289w\" sizes=\"auto, (max-width: 750px) 100vw, 750px\" \/><\/figure>    <h3 class=\"wp-block-heading\">Puissance adapt\u00e9e du coupeur de foin et broyeur<\/h3>    <p>Concernant la puissance, la machine \u00e0 couper le foin peut \u00eatre \u00e9quip\u00e9e d'un moteur, d'un moteur diesel ou d'un moteur \u00e0 essence.<\/p>    <h2 class=\"wp-block-heading\">Type trois : machine \u00e0 couper l'herbe TZY-C<\/h2>    <p>Structure : 1. Sortie de d\u00e9charge 2. Corps 3. Rotor 4. Dispositif d'alimentation et de d\u00e9chiquetage 5. Fente d'alimentation 6. Support 7. Capot de protection 8. Moteur du rotor 9. Roue de marche<\/p>    <h3 class=\"wp-block-heading\">Param\u00e8tres de la machine de coupe pour l'alimentation du b\u00e9tail<\/h3>    <figure class=\"wp-block-table is-style-stripes\"><table class=\"has-fixed-layout\"><tbody><tr><td>Mod\u00e8le<\/td><td>TZY-C<\/td><\/tr><tr><td>Capacit\u00e9<\/td><td>500kg\/h pour le broyage des grains, 1500kg\/h pour l'ensilage, 700kg\/h pour la paille s\u00e8che<\/td><\/tr><tr><td>Puissance<\/td><td>Moteur 3kw ou moteur \u00e0 essence ou moteur diesel<\/td><\/tr><tr><td>Poids<\/td><td>150kg<\/td><\/tr><tr><td>Taille<\/td><td>1200*1100*1630mm<\/td><\/tr><\/tbody><\/table><figcaption class=\"wp-element-caption\">Donn\u00e9es techniques de la machine \u00e0 couper le foin TZY-C<\/figcaption><\/figure>    <h2 class=\"wp-block-heading\">Principe de fonctionnement du coupe-herbe (pour 3 types)<\/h2>    <h3 class=\"wp-block-heading\">Principe de fonctionnement de la coupe de l'herbe<\/h3>   <div id=\"rank-math-howto\" class=\"rank-math-block\" > <div class=\"rank-math-howto-description\">  <\/div>  <div class=\"rank-math-steps\"> <div id=\"howto-step-1716372815267\" class=\"rank-math-step\"> <div class=\"rank-math-step-content\"><p>Tout d'abord, allumez le moteur. Ensuite, l'op\u00e9rateur r\u00e9partit uniform\u00e9ment l'herbe sur une longue entr\u00e9e apr\u00e8s que l'op\u00e9ration soit stable.<\/p> <\/div> <\/div> <div id=\"howto-step-1716372822238\" class=\"rank-math-step\"> <div class=\"rank-math-step-content\"><p>Le mat\u00e9riau brut entre dans le tambour depuis le dispositif de coupe \u00e0 grande vitesse. Pendant le fonctionnement, une lame est immobile, et les autres 3 lames sont dynamiques et utilis\u00e9es pour frapper, d\u00e9chirer, et broyer en petits morceaux.<\/p> <\/div> <\/div> <div id=\"howto-step-1716372835088\" class=\"rank-math-step\"> <div class=\"rank-math-step-content\"><p>Enfin, l'herbe est expuls\u00e9e de la machine par la sortie sup\u00e9rieure par force centrifuge.<\/p> <\/div> <\/div> <\/div> <\/div>       <h3 class=\"wp-block-heading\">Principe de fonctionnement du broyage du ma\u00efs<\/h3>    <ul class=\"wp-block-list\"> <li>Tout d'abord, faites tomber le ma\u00efs dans l'entr\u00e9e ronde.<\/li>    <li>Ensuite, les grains entrent dans la partie de broyage.<\/li>    <li>Sous l'action de 24 marteaux \u00e0 l'int\u00e9rieur de la machine, les grains sont broy\u00e9s puis expuls\u00e9s par la sortie (en bas de la machine).<\/li> <\/ul>    <figure class=\"wp-block-image aligncenter size-large\"><img loading=\"lazy\" decoding=\"async\" width=\"608\" height=\"540\" src=\"https:\/\/www.agriculture-machine.com\/wp-content\/uploads\/2018\/07\/Chaff-cutter-machine2-608x540.jpg\" alt=\"Machine \u00e0 couper le foin 2\" class=\"wp-image-2104\" srcset=\"https:\/\/www.agriculture-machine.com\/wp-content\/uploads\/2018\/07\/Chaff-cutter-machine2-608x540.jpg 608w, https:\/\/www.agriculture-machine.com\/wp-content\/uploads\/2018\/07\/Chaff-cutter-machine2-304x270.jpg 304w, https:\/\/www.agriculture-machine.com\/wp-content\/uploads\/2018\/07\/Chaff-cutter-machine2.jpg 750w\" sizes=\"auto, (max-width: 608px) 100vw, 608px\" \/><figcaption class=\"wp-element-caption\">Machine \u00e0 couper le foin 2<\/figcaption><\/figure>    <h2 class=\"wp-block-heading\">Caract\u00e9ristiques de la machine \u00e0 couper le foin et au broyeur<\/h2>    <ul class=\"wp-block-list\"> <li><strong>Auto-alimentation par cha\u00eene<\/strong><br>R\u00e9duit le temps d'alimentation manuel de 30 % pour les cultures \u00e0 tiges longues (ma\u00efs\/sorgho).<\/li>    <li>\u200b<strong>Coupeur \u00e0 rouleau \u00e0 double pouss\u00e9e<\/strong><br>\u00c9limine les blocages, augmente l'efficacit\u00e9 de 40 %, garantit une uniformit\u00e9 du mat\u00e9riau \u00e0 95 %.<\/li>    <li>\u200b<strong>Conception de mobilit\u00e9<\/strong><br>Les roues amovibles   structure l\u00e9g\u00e8re permettent un d\u00e9placement par une seule personne.<\/li>    <li><strong>\u200bBroyage de pr\u00e9cision \u22645mm<br><\/strong>Les lames en acier \u00e0 haute teneur en carbone am\u00e9liorent la digestibilit\u00e9, augmentant l'absorption des nutriments de 20 %.<\/li> <\/ul>    <figure class=\"wp-block-image aligncenter size-large\"><img loading=\"lazy\" decoding=\"async\" width=\"440\" height=\"540\" src=\"https:\/\/www.agriculture-machine.com\/wp-content\/uploads\/2018\/07\/Chaff-cutter-machine3-440x540.jpg\" alt=\"\" class=\"wp-image-2105\" srcset=\"https:\/\/www.agriculture-machine.com\/wp-content\/uploads\/2018\/07\/Chaff-cutter-machine3-440x540.jpg 440w, https:\/\/www.agriculture-machine.com\/wp-content\/uploads\/2018\/07\/Chaff-cutter-machine3-220x270.jpg 220w, https:\/\/www.agriculture-machine.com\/wp-content\/uploads\/2018\/07\/Chaff-cutter-machine3.jpg 750w\" sizes=\"auto, (max-width: 440px) 100vw, 440px\" \/><\/figure>    <h2 class=\"wp-block-heading\">Large application du coupe-foin et broyeur de fourrage<\/h2>    <p>Le ma\u00efs est la mati\u00e8re premi\u00e8re la plus couramment utilis\u00e9e pour la fonction de broyage, mais le bl\u00e9, le riz et les haricots peuvent \u00e9galement \u00eatre trait\u00e9s par cette machine. <\/p>    <p>Pour sa fonction de coupe, il fonctionne bien avec l'herbe, la paille de grain, les tiges, la luzerne, et plus encore. Les deux sorties servent de fourrage excellent pour l'alimentation des animaux.<\/p>    <figure class=\"wp-block-image aligncenter size-large\"><img loading=\"lazy\" decoding=\"async\" width=\"330\" height=\"540\" src=\"https:\/\/www.agriculture-machine.com\/wp-content\/uploads\/2018\/07\/Chaff-cutter-machine4-330x540.jpg\" alt=\"\" class=\"wp-image-2106\" srcset=\"https:\/\/www.agriculture-machine.com\/wp-content\/uploads\/2018\/07\/Chaff-cutter-machine4-330x540.jpg 330w, https:\/\/www.agriculture-machine.com\/wp-content\/uploads\/2018\/07\/Chaff-cutter-machine4-165x270.jpg 165w, https:\/\/www.agriculture-machine.com\/wp-content\/uploads\/2018\/07\/Chaff-cutter-machine4.jpg 750w\" sizes=\"auto, (max-width: 330px) 100vw, 330px\" \/><\/figure>    <figure class=\"wp-block-image aligncenter size-large\"><img loading=\"lazy\" decoding=\"async\" width=\"544\" height=\"540\" src=\"https:\/\/www.agriculture-machine.com\/wp-content\/uploads\/2018\/07\/Chaff-cutter-machine5-544x540.jpg\" alt=\"\" class=\"wp-image-2107\" srcset=\"https:\/\/www.agriculture-machine.com\/wp-content\/uploads\/2018\/07\/Chaff-cutter-machine5-544x540.jpg 544w, https:\/\/www.agriculture-machine.com\/wp-content\/uploads\/2018\/07\/Chaff-cutter-machine5-272x270.jpg 272w, https:\/\/www.agriculture-machine.com\/wp-content\/uploads\/2018\/07\/Chaff-cutter-machine5.jpg 750w\" sizes=\"auto, (max-width: 544px) 100vw, 544px\" \/><\/figure>    <h2 class=\"wp-block-heading\">Cas de succ\u00e8s de la machine \u00e0 broyer le foin<\/h2>    <p class=\"translation-block\">Notre client aux <a href=\"https:\/\/en.wikipedia.org\/wiki\/Philippines\" target=\"_blank\" rel=\"noopener\">Philippines<\/a> a command\u00e9 6 ensembles de machines \u00e0 couper le foin ce mois-ci, et l'image ci-dessous montre les d\u00e9tails de l'emballage. Chaque machine est emball\u00e9e dans une bo\u00eete, et les principales pi\u00e8ces d\u00e9tach\u00e9es ont \u00e9t\u00e9 d\u00e9mont\u00e9es pour \u00e9viter tout dommage potentiel. Nous avons veill\u00e9 \u00e0 ce que toutes les machines soient bien emball\u00e9es et les avons d\u00e9j\u00e0 livr\u00e9es.<\/p>    <figure class=\"wp-block-gallery has-nested-images columns-default is-cropped wp-block-gallery-2 is-layout-flex wp-block-gallery-is-layout-flex\"> <figure class=\"wp-block-image size-large\"><img loading=\"lazy\" decoding=\"async\" width=\"261\" height=\"540\" data-id=\"2123\" src=\"https:\/\/www.agriculture-machine.com\/wp-content\/uploads\/2018\/07\/Chaff-Cutter-machine-1-261x540.jpg\" alt=\"Machine \u00e0 couper le foin\" class=\"wp-image-2123\" srcset=\"https:\/\/www.agriculture-machine.com\/wp-content\/uploads\/2018\/07\/Chaff-Cutter-machine-1-261x540.jpg 261w, https:\/\/www.agriculture-machine.com\/wp-content\/uploads\/2018\/07\/Chaff-Cutter-machine-1-131x270.jpg 131w, https:\/\/www.agriculture-machine.com\/wp-content\/uploads\/2018\/07\/Chaff-Cutter-machine-1-768x1589.jpg 768w, https:\/\/www.agriculture-machine.com\/wp-content\/uploads\/2018\/07\/Chaff-Cutter-machine-1-742x1536.jpg 742w, https:\/\/www.agriculture-machine.com\/wp-content\/uploads\/2018\/07\/Chaff-Cutter-machine-1.jpg 928w\" sizes=\"auto, (max-width: 261px) 100vw, 261px\" \/><figcaption class=\"wp-element-caption\">Machine \u00e0 couper le foin<\/figcaption><\/figure>    <figure class=\"wp-block-image size-large\"><img loading=\"lazy\" decoding=\"async\" width=\"252\" height=\"540\" data-id=\"2124\" src=\"https:\/\/www.agriculture-machine.com\/wp-content\/uploads\/2018\/07\/Chaff-Cutter-machine-2-252x540.jpg\" alt=\"Broyeur \u00e0 foin\" class=\"wp-image-2124\" srcset=\"https:\/\/www.agriculture-machine.com\/wp-content\/uploads\/2018\/07\/Chaff-Cutter-machine-2-252x540.jpg 252w, https:\/\/www.agriculture-machine.com\/wp-content\/uploads\/2018\/07\/Chaff-Cutter-machine-2-126x270.jpg 126w, https:\/\/www.agriculture-machine.com\/wp-content\/uploads\/2018\/07\/Chaff-Cutter-machine-2-768x1646.jpg 768w, https:\/\/www.agriculture-machine.com\/wp-content\/uploads\/2018\/07\/Chaff-Cutter-machine-2-717x1536.jpg 717w, https:\/\/www.agriculture-machine.com\/wp-content\/uploads\/2018\/07\/Chaff-Cutter-machine-2.jpg 896w\" sizes=\"auto, (max-width: 252px) 100vw, 252px\" \/><figcaption class=\"wp-element-caption\">Broyeur \u00e0 foin<\/figcaption><\/figure>    <figure class=\"wp-block-image size-large\"><img loading=\"lazy\" decoding=\"async\" width=\"252\" height=\"540\" data-id=\"2125\" src=\"https:\/\/www.agriculture-machine.com\/wp-content\/uploads\/2018\/07\/Chaff-Cutter-machine-3-252x540.jpg\" alt=\"broyeur de r\u00e9sidus de culture\" class=\"wp-image-2125\" srcset=\"https:\/\/www.agriculture-machine.com\/wp-content\/uploads\/2018\/07\/Chaff-Cutter-machine-3-252x540.jpg 252w, https:\/\/www.agriculture-machine.com\/wp-content\/uploads\/2018\/07\/Chaff-Cutter-machine-3-126x270.jpg 126w, https:\/\/www.agriculture-machine.com\/wp-content\/uploads\/2018\/07\/Chaff-Cutter-machine-3-768x1646.jpg 768w, https:\/\/www.agriculture-machine.com\/wp-content\/uploads\/2018\/07\/Chaff-Cutter-machine-3-717x1536.jpg 717w, https:\/\/www.agriculture-machine.com\/wp-content\/uploads\/2018\/07\/Chaff-Cutter-machine-3.jpg 896w\" sizes=\"auto, (max-width: 252px) 100vw, 252px\" \/><figcaption class=\"wp-element-caption\">broyeur de r\u00e9sidus de culture<\/figcaption><\/figure> <\/figure>    <p class=\"translation-block\">Nous avons de nombreux types de coupe-foin \u00e0 ensilage, cliquez si vous \u00eates int\u00e9ress\u00e9 : <strong><em><a href=\"https:\/\/www.agriculture-machine.com\/fr\/4-15t-h-grass-cutting-machine-cutting-wet-grass-grass-cutter\/\">Machine \u00e0 couper l'herbe de 4-15t\/h \/ Coupe-herbe humide \/ Coupe-herbe<\/a><\/em><\/strong>, <strong><em><a href=\"https:\/\/www.agriculture-machine.com\/fr\/combined-chaff-cutter-and-grinder-straw-cutter-and-grain-grinder\/\">Coupe-foin et broyeur de grains | Coupe-paille combin\u00e9 et broyeur<\/a><\/em><\/strong>, et <strong><em><a href=\"https:\/\/www.agriculture-machine.com\/fr\/animal-feed-cutting-grass-machine-straw-cutter-grass-cutter-with-great-capacity\/\">Machine \u00e0 couper l'herbe pour l'alimentation animale | Coupe-paille | Coupe-herbe \u00e0 grande capacit\u00e9<\/a><\/em><\/strong>.<\/p>    <h2 class=\"wp-block-heading\">FAQ<\/h2>   <div id=\"rank-math-faq\" class=\"rank-math-block\"> <div class=\"rank-math-list\"> <div id=\"faq-question-1716372232137\" class=\"rank-math-list-item\"> <h3 class=\"rank-math-question\">Avez-vous seulement un type de machine \u00e0 couper le foin ?<\/h3> <div class=\"rank-math-answer\">  <p>Non, nous avons de nombreux types de coupe-foin avec diff\u00e9rentes capacit\u00e9s, veuillez nous contacter pour en savoir plus.<\/p>  <\/div> <\/div> <div id=\"faq-question-1716372258548\" class=\"rank-math-list-item\"> <h3 class=\"rank-math-question\">Quelle est la mati\u00e8re premi\u00e8re de cette machine ?<\/h3> <div class=\"rank-math-answer\">  <p>La mati\u00e8re premi\u00e8re peut \u00eatre de l'herbe, des branches d'arbres, toutes sortes de tiges de cultures, et de la paille.<\/p>  <\/div> <\/div> <div id=\"faq-question-1716372266339\" class=\"rank-math-list-item\"> <h3 class=\"rank-math-question\">Combien de lames et de marteaux y a-t-il \u00e0 l'int\u00e9rieur du coupe-foin ?<\/h3> <div class=\"rank-math-answer\">  <p>4 lames et 24 marteaux.<\/p>  <\/div> <\/div> <div id=\"faq-question-1716372277108\" class=\"rank-math-list-item\"> <h3 class=\"rank-math-question\">\u00c0 quoi peut servir le produit final ?<\/h3> <div class=\"rank-math-answer\">  <p>Le produit final peut g\u00e9n\u00e9ralement \u00eatre utilis\u00e9 pour nourrir les animaux.<\/p>  <\/div> <\/div> <div id=\"faq-question-1716372290002\" class=\"rank-math-list-item\"> <h3 class=\"rank-math-question\">Pourquoi une machine peut-elle servir \u00e0 couper l'herbe et \u00e0 broyer les grains ?<\/h3> <div class=\"rank-math-answer\">  <p>Il y a deux entr\u00e9es et deux sorties, et des lames sont utilis\u00e9es pour couper l'herbe, et des marteaux pour broyer les grains. Diff\u00e9rents mati\u00e8res premi\u00e8res doivent \u00eatre plac\u00e9es dans des trous d'alimentation sp\u00e9cifiques.<\/p>  <\/div> <\/div> <\/div> <\/div>   <p><br><\/p>","protected":false},"excerpt":{"rendered":"<p>Il s'agit d'une machine combin\u00e9e de broyeur de grains et de coupe-foin, qui peut non seulement couper le foin, mais aussi broyer les grains. Elle est largement utilis\u00e9e dans les fermes d'ovins, de vaches et de poulets.<\/p>","protected":false},"author":1,"featured_media":0,"parent":0,"comment_status":"closed","ping_status":"closed","template":"","tags":[832,591],"product-type":[912],"class_list":["post-230","product","type-product","status-publish","hentry","tag-chaff","tag-silage","product-type-chaff-cutter"],"_links":{"self":[{"href":"https:\/\/www.agriculture-machine.com\/fr\/wp-json\/wp\/v2\/product\/230","targetHints":{"allow":["GET"]}}],"collection":[{"href":"https:\/\/www.agriculture-machine.com\/fr\/wp-json\/wp\/v2\/product"}],"about":[{"href":"https:\/\/www.agriculture-machine.com\/fr\/wp-json\/wp\/v2\/types\/product"}],"author":[{"embeddable":true,"href":"https:\/\/www.agriculture-machine.com\/fr\/wp-json\/wp\/v2\/users\/1"}],"replies":[{"embeddable":true,"href":"https:\/\/www.agriculture-machine.com\/fr\/wp-json\/wp\/v2\/comments?post=230"}],"wp:attachment":[{"href":"https:\/\/www.agriculture-machine.com\/fr\/wp-json\/wp\/v2\/media?parent=230"}],"wp:term":[{"taxonomy":"post_tag","embeddable":true,"href":"https:\/\/www.agriculture-machine.com\/fr\/wp-json\/wp\/v2\/tags?post=230"},{"taxonomy":"product-type","embeddable":true,"href":"https:\/\/www.agriculture-machine.com\/fr\/wp-json\/wp\/v2\/product-type?post=230"}],"curies":[{"name":"wp","href":"https:\/\/api.w.org\/{rel}","templated":true}]}}