{"id":240,"date":"2018-07-12T07:48:04","date_gmt":"2018-07-11T23:48:04","guid":{"rendered":"https:\/\/www.agriculture-machine.com\/?p=240"},"modified":"2024-09-18T16:13:05","modified_gmt":"2024-09-18T08:13:05","slug":"small-thresher-for-rice-wheat-beans-sorghum-millet","status":"publish","type":"product","link":"https:\/\/www.agriculture-machine.com\/fr\/small-thresher-for-rice-wheat-beans-sorghum-millet\/","title":{"rendered":"Petite batteuse pour riz, bl\u00e9, haricots, sorgho, millet \/ batteuse de bl\u00e9"},"content":{"rendered":"<p class=\"translation-block\">Ce <strong>d\u00e9cortiqueur de bl\u00e9<\/strong> est de petite taille et l\u00e9ger, mais poss\u00e8de une grande capacit\u00e9. En changeant diff\u00e9rents \u00e9crans, il peut s'adapter \u00e0 diff\u00e9rentes mati\u00e8res premi\u00e8res, donc vous n'avez pas besoin d'acheter d'autres d\u00e9cortiqueuses, il est largement utilis\u00e9 pour d\u00e9cortiquer de nombreuses cultures. Par cons\u00e9quent, il est appr\u00e9ci\u00e9 par de nombreux agriculteurs de diff\u00e9rents pays. Le d\u00e9cortiqueur de bl\u00e9 peut fonctionner avec un moteur, un moteur diesel et un moteur \u00e0 essence, r\u00e9pondant aux demandes de diff\u00e9rents clients.<\/p> <p>Si vous \u00eates agriculteur et que vous cultivez du riz, du bl\u00e9, des haricots, du sorgho ou du millet. Personnellement, ces cultures sont courantes dans notre vie quotidienne, peu importe d'o\u00f9 vous venez. Si vous cherchez un d\u00e9cortiqueur de bl\u00e9 pour les d\u00e9cortiquer, pourquoi ne pas choisir ce petit mod\u00e8le ? Je vous promets que vous ne regretterez jamais d'avoir achet\u00e9 un tel d\u00e9cortiqueur de bl\u00e9 car il peut vous aider \u00e0 faire beaucoup de travail.<\/p> <p><img loading=\"lazy\" decoding=\"async\" class=\"alignnone wp-image-2962\" src=\"https:\/\/www.agriculture-machine.com\/wp-content\/uploads\/2018\/07\/wheat-thresher-machine-2.jpg\" alt=\"\" width=\"582\" height=\"698\" srcset=\"https:\/\/www.agriculture-machine.com\/wp-content\/uploads\/2018\/07\/wheat-thresher-machine-2.jpg 750w, https:\/\/www.agriculture-machine.com\/wp-content\/uploads\/2018\/07\/wheat-thresher-machine-2-225x270.jpg 225w, https:\/\/www.agriculture-machine.com\/wp-content\/uploads\/2018\/07\/wheat-thresher-machine-2-450x540.jpg 450w\" sizes=\"auto, (max-width: 582px) 100vw, 582px\" \/><\/p> <div class=\"img\"> <p>&nbsp;<\/p> <p>&nbsp;<\/p> <h2>Param\u00e8tre technique du d\u00e9cortiqueur de bl\u00e9<\/h2> <table> <tbody> <tr> <td width=\"284\">Mod\u00e8le<\/td> <td width=\"284\">SL-50<\/td> <\/tr> <tr> <td width=\"284\">Puissance<\/td> <td width=\"284\">Moteur de 3 kW, moteur \u00e0 essence ou moteur diesel de 8 HP<\/td> <\/tr> <tr> <td width=\"284\">Capacit\u00e9<\/td> <td width=\"284\">400-500kg\/h<\/td> <\/tr> <tr> <td width=\"284\">Poids<\/td> <td width=\"284\">50kg<\/td> <\/tr> <tr> <td width=\"284\">Taille<\/td> <td width=\"284\">980mm*500mm*1200mm<\/td> <\/tr> <\/tbody> <\/table> <h2>Avantage du batteur \u00e0 bl\u00e9<\/h2> <ol> <li>Petite taille. Tr\u00e8s adapt\u00e9 \u00e0 un usage individuel \u00e0 la maison.<\/li> <li>L\u00e9ger. Son poids est seulement de 50 kg, donc les agriculteurs peuvent le d\u00e9placer facilement.<\/li> <li>Fonctions multiples. La d\u00e9cortiqueuse de bl\u00e9 \u00e0 vendre peut d\u00e9cortiquer millet, haricots, sorgho, riz et bl\u00e9.<\/li> <li>Taux de d\u00e9corticage \u00e9lev\u00e9. Il n'y a presque pas de grains qui restent dans la balle.<\/li> <li>Faible taux de perte. Il ne d\u00e9passe pas 2 %.<\/li> <li>Le d\u00e9cortiqueur de bl\u00e9 peut fonctionner de mani\u00e8re stable, il est facile \u00e0 utiliser et \u00e0 entretenir.<\/li> <li>Prix bas mais profit \u00e9lev\u00e9.<\/li> <\/ol> <p><img loading=\"lazy\" decoding=\"async\" class=\"alignnone wp-image-2967\" src=\"https:\/\/www.agriculture-machine.com\/wp-content\/uploads\/2018\/07\/wheat-thresher-machine-7.jpg\" alt=\"\" width=\"609\" height=\"731\" srcset=\"https:\/\/www.agriculture-machine.com\/wp-content\/uploads\/2018\/07\/wheat-thresher-machine-7.jpg 750w, https:\/\/www.agriculture-machine.com\/wp-content\/uploads\/2018\/07\/wheat-thresher-machine-7-225x270.jpg 225w, https:\/\/www.agriculture-machine.com\/wp-content\/uploads\/2018\/07\/wheat-thresher-machine-7-450x540.jpg 450w\" sizes=\"auto, (max-width: 609px) 100vw, 609px\" \/><\/p> <p><img loading=\"lazy\" decoding=\"async\" class=\"alignnone wp-image-2968\" src=\"https:\/\/www.agriculture-machine.com\/wp-content\/uploads\/2018\/07\/wheat-thresher-machine-8.jpg\" alt=\"\" width=\"606\" height=\"727\" srcset=\"https:\/\/www.agriculture-machine.com\/wp-content\/uploads\/2018\/07\/wheat-thresher-machine-8.jpg 750w, https:\/\/www.agriculture-machine.com\/wp-content\/uploads\/2018\/07\/wheat-thresher-machine-8-225x270.jpg 225w, https:\/\/www.agriculture-machine.com\/wp-content\/uploads\/2018\/07\/wheat-thresher-machine-8-450x540.jpg 450w\" sizes=\"auto, (max-width: 606px) 100vw, 606px\" \/><\/p> <h2>Cas de r\u00e9ussite du d\u00e9cortiqueur de bl\u00e9<\/h2> <p class=\"translation-block\"><strong><span style=\"color: #ff0000\">Cas un<\/span><\/strong><\/p> <p>En 2018, nous avons livr\u00e9 15 000 d\u00e9cortiqueuses de sorgho en Tanzanie, ce qui a \u00e9t\u00e9 termin\u00e9 en 3 mois. Ils chargeaient les machines dans le conteneur sur les photos suivantes. Ayant gagn\u00e9 sa confiance, il a command\u00e9 des machines agricoles chez nous d\u00e8s qu'il y avait une demande.<\/p> <p class=\"translation-block\"><strong><span style=\"color: #ff0000;\">Case two<\/span><\/strong><br \/> 10 sets wheat thresher are delivered to America last week, and this customer wants to thresh beans. We installed the beans screen for him so that he can use machine directly after receiving it. In addition, due to the first cooperation, my factory sent him 3 different screens for free.<\/p> <p><img loading=\"lazy\" decoding=\"async\" class=\"alignnone wp-image-2971\" src=\"https:\/\/www.agriculture-machine.com\/wp-content\/uploads\/2018\/07\/wheat-sheller-1.jpg\" alt=\"\" width=\"643\" height=\"643\" srcset=\"https:\/\/www.agriculture-machine.com\/wp-content\/uploads\/2018\/07\/wheat-sheller-1.jpg 750w, https:\/\/www.agriculture-machine.com\/wp-content\/uploads\/2018\/07\/wheat-sheller-1-270x270.jpg 270w, https:\/\/www.agriculture-machine.com\/wp-content\/uploads\/2018\/07\/wheat-sheller-1-540x540.jpg 540w\" sizes=\"auto, (max-width: 643px) 100vw, 643px\" \/><\/p> <p>&nbsp;<\/p> <p><img loading=\"lazy\" decoding=\"async\" class=\"alignnone wp-image-2972\" src=\"https:\/\/www.agriculture-machine.com\/wp-content\/uploads\/2018\/07\/wheat-sheller-2.jpg\" alt=\"\" width=\"641\" height=\"641\" srcset=\"https:\/\/www.agriculture-machine.com\/wp-content\/uploads\/2018\/07\/wheat-sheller-2.jpg 750w, https:\/\/www.agriculture-machine.com\/wp-content\/uploads\/2018\/07\/wheat-sheller-2-270x270.jpg 270w, https:\/\/www.agriculture-machine.com\/wp-content\/uploads\/2018\/07\/wheat-sheller-2-540x540.jpg 540w\" sizes=\"auto, (max-width: 641px) 100vw, 641px\" \/><\/p> <h2>FAQ<\/h2> <ol> <li>Quelle est la capacit\u00e9 de ce d\u00e9cortiqueur de riz ?<\/li> <\/ol> <p>Sa capacit\u00e9 est de 400-500kg\/h<\/p> <ol start=\"2\"> <li>Quelle est la mati\u00e8re premi\u00e8re ?<\/li> <\/ol> <p>Vous pouvez l'utiliser pour d\u00e9cortiquer du riz, du millet, du sorgho, du riz, des haricots.<\/p> <ol start=\"3\"> <li>Comment puis-je choisir un moteur appropri\u00e9 ?<\/li> <\/ol> <p>Les gens utilisent g\u00e9n\u00e9ralement un moteur de 3 kW qui est bon march\u00e9, et il peut \u00e9galement \u00eatre \u00e9quip\u00e9 d'un moteur \u00e0 essence ou d'un moteur diesel de 8 HP.<\/p> <ol start=\"4\"> <li>Nous enverrez-vous cinq \u00e9crans gratuitement car il s'agit d'un d\u00e9cortiqueur multifonctionnel ?<\/li> <\/ol> <p>Nous installerons un \u00e9cran dans la machine gratuitement, mais vous devrez payer un suppl\u00e9ment pour les autres quatre \u00e9crans.<\/p> <ol start=\"5\"> <li>Ai-je besoin d'acheter d'autres pi\u00e8ces de rechange ?<\/li> <\/ol> <p>Il est pr\u00e9f\u00e9rable d'avoir des \u00e9crans suppl\u00e9mentaires si vous souhaitez d\u00e9cortiquer plusieurs cultures.<\/p> <ol start=\"6\"> <li>Avez-vous une capacit\u00e9 plus \u00e9lev\u00e9e si j'ai une tr\u00e8s grande ferme ?<\/li> <\/ol> <p>Oui, bien s\u00fbr, nous avons \u00e9galement un d\u00e9cortiqueur de 800-1000kg\/h, veuillez nous contacter pour en savoir plus sur d'autres types de machines connexes.<\/p> <ol start=\"7\"> <li>Dans quels pays avez-vous export\u00e9 le d\u00e9cortiqueur de millet ?<\/li> <\/ol> <p>Ces derni\u00e8res ann\u00e9es, nous avons export\u00e9 ces d\u00e9cortiqueuses de haricots dans de nombreux pays tels que le Nigeria, l'Afrique du Sud, la Tanzanie, le Pakistan, l'Am\u00e9rique, la Malaisie, le Vietnam, l'\u00c9quateur, le Soudan, le Congo, etc.<\/p> <p>&nbsp;<\/p> <\/div>","protected":false},"excerpt":{"rendered":"<p>This wheat thresher has small size and light weight, but boasts high capacity. By changing different screens, it can fit for different raw materials, so you don\u2019t need to buy other threshers, widely applying to thresh many crops. Therefore, it is favored by many farmers from different countries. The wheat thresher can work with motor, [&hellip;]<\/p>\n","protected":false},"author":1,"featured_media":0,"parent":0,"comment_status":"closed","ping_status":"closed","template":"","tags":[2614],"product-type":[894],"class_list":["post-240","product","type-product","status-publish","hentry","tag-thresher","product-type-rice-and-wheat-thresher"],"_links":{"self":[{"href":"https:\/\/www.agriculture-machine.com\/fr\/wp-json\/wp\/v2\/product\/240","targetHints":{"allow":["GET"]}}],"collection":[{"href":"https:\/\/www.agriculture-machine.com\/fr\/wp-json\/wp\/v2\/product"}],"about":[{"href":"https:\/\/www.agriculture-machine.com\/fr\/wp-json\/wp\/v2\/types\/product"}],"author":[{"embeddable":true,"href":"https:\/\/www.agriculture-machine.com\/fr\/wp-json\/wp\/v2\/users\/1"}],"replies":[{"embeddable":true,"href":"https:\/\/www.agriculture-machine.com\/fr\/wp-json\/wp\/v2\/comments?post=240"}],"wp:attachment":[{"href":"https:\/\/www.agriculture-machine.com\/fr\/wp-json\/wp\/v2\/media?parent=240"}],"wp:term":[{"taxonomy":"post_tag","embeddable":true,"href":"https:\/\/www.agriculture-machine.com\/fr\/wp-json\/wp\/v2\/tags?post=240"},{"taxonomy":"product-type","embeddable":true,"href":"https:\/\/www.agriculture-machine.com\/fr\/wp-json\/wp\/v2\/product-type?post=240"}],"curies":[{"name":"wp","href":"https:\/\/api.w.org\/{rel}","templated":true}]}}