{"id":253,"date":"2018-07-12T08:01:38","date_gmt":"2018-07-12T00:01:38","guid":{"rendered":"https:\/\/www.agriculture-machine.com\/?p=253"},"modified":"2024-09-18T16:05:45","modified_gmt":"2024-09-18T08:05:45","slug":"kenaf-decorticator","status":"publish","type":"product","link":"https:\/\/www.agriculture-machine.com\/fr\/kenaf-decorticator\/","title":{"rendered":"Machine de coupe et d'extraction de jute de kenaf \/ d\u00e9cortiqueur de kenaf"},"content":{"rendered":"<h2>Br\u00e8ve pr\u00e9sentation du d\u00e9cortiqueur de chanvre<\/h2> <p class=\"translation-block\">Notre <strong>machine \u00e0 couper le chanvre<\/strong> sert \u00e0 extraire la fibre de chanvre, jute, kenaf, ramie, etc. Avec deux grandes roues, la machine est facile \u00e0 d\u00e9placer. Le taux de nettoyage peut atteindre 96% sans endommager la fibre elle-m\u00eame. Le d\u00e9cortiqueur de chanvre convient au traitement des fibres v\u00e9g\u00e9tales de chanvre, jute, kenaf et ramie en agriculture. Il peut \u00eatre utilis\u00e9 pour des mati\u00e8res premi\u00e8res s\u00e8ches et humides et est pratique pour votre utilisation.<\/p> <div align=\"center\"><\/div> <h2>La structure principale du d\u00e9cortiqueur de chanvre<\/h2> <p>Le d\u00e9cortiqueur de chanvre est principalement compos\u00e9 d'un cadre, d'un couteau, d'une plaque de couteau, d'une bouche d'alimentation, d'un couvercle de s\u00e9curit\u00e9, de deux rouleaux, d'une bande transporteuse de d\u00e9charge, etc.<br \/> La partie int\u00e9rieure de la machine (diff\u00e9rents angles des rouleaux)<\/p> <div id='gallery-1' class='gallery galleryid-253 gallery-columns-2 gallery-size-thumbnail'><figure class='gallery-item'> \t\t\t<div class='gallery-icon landscape'> \t\t\t\t<img loading=\"lazy\" decoding=\"async\" width=\"240\" height=\"180\" src=\"https:\/\/www.agriculture-machine.com\/wp-content\/uploads\/2018\/07\/hemp-cutter-machine-5-1-240x180.jpg\" class=\"attachment-thumbnail size-thumbnail\" alt=\"\" srcset=\"https:\/\/www.agriculture-machine.com\/wp-content\/uploads\/2018\/07\/hemp-cutter-machine-5-1-240x180.jpg 240w, https:\/\/www.agriculture-machine.com\/wp-content\/uploads\/2018\/07\/hemp-cutter-machine-5-1-360x270.jpg 360w, https:\/\/www.agriculture-machine.com\/wp-content\/uploads\/2018\/07\/hemp-cutter-machine-5-1.jpg 480w\" sizes=\"auto, (max-width: 240px) 100vw, 240px\" \/> \t\t\t<\/div><\/figure><figure class='gallery-item'> \t\t\t<div class='gallery-icon landscape'> \t\t\t\t<img loading=\"lazy\" decoding=\"async\" width=\"240\" height=\"180\" src=\"https:\/\/www.agriculture-machine.com\/wp-content\/uploads\/2018\/07\/hemp-cutter-machine-6-1-240x180.jpg\" class=\"attachment-thumbnail size-thumbnail\" alt=\"\" srcset=\"https:\/\/www.agriculture-machine.com\/wp-content\/uploads\/2018\/07\/hemp-cutter-machine-6-1-240x180.jpg 240w, https:\/\/www.agriculture-machine.com\/wp-content\/uploads\/2018\/07\/hemp-cutter-machine-6-1-360x270.jpg 360w, https:\/\/www.agriculture-machine.com\/wp-content\/uploads\/2018\/07\/hemp-cutter-machine-6-1.jpg 480w\" sizes=\"auto, (max-width: 240px) 100vw, 240px\" \/> \t\t\t<\/div><\/figure> \t\t<\/div>  <h2>Application du d\u00e9cortiqueur de chanvre<\/h2> <p>Il peut \u00e9craser la tige de kenaf et en retirer rapidement l'\u00e9corce, tr\u00e8s propre. Cette machine \u00e0 couper le chanvre peut \u00eatre utilis\u00e9e pour le chanvre, le jute, le ramie, le kenaf, etc.<\/p> <p><img loading=\"lazy\" decoding=\"async\" class=\"alignnone size-full wp-image-4349\" src=\"https:\/\/www.agriculture-machine.com\/wp-content\/uploads\/2018\/07\/hemp-cutting-3.jpg\" alt=\"\" width=\"750\" height=\"750\" srcset=\"https:\/\/www.agriculture-machine.com\/wp-content\/uploads\/2018\/07\/hemp-cutting-3.jpg 750w, https:\/\/www.agriculture-machine.com\/wp-content\/uploads\/2018\/07\/hemp-cutting-3-270x270.jpg 270w, https:\/\/www.agriculture-machine.com\/wp-content\/uploads\/2018\/07\/hemp-cutting-3-540x540.jpg 540w\" sizes=\"auto, (max-width: 750px) 100vw, 750px\" \/><\/p> <h2>Avantage du d\u00e9cortiqueur de chanvre<\/h2> <p>1. Compar\u00e9 \u00e0 la m\u00e9thode de pelage traditionnelle, le d\u00e9cortiqueur de chanvre frais<br \/> peut \u00e9conomiser beaucoup de main-d'\u0153uvre et de temps.<br \/> 2. Deux rouleaux avec des lames obliques peuvent \u00e9craser consid\u00e9rablement la tige, am\u00e9liorant l'efficacit\u00e9 du travail.<br \/> 3. Taux de nettoyage \u00e9lev\u00e9. La fibre finale est tr\u00e8s propre<br \/> 4. Grande capacit\u00e9. Sa capacit\u00e9 maximale est de 150m2\/h<\/p> <ol start=\"5\"> <li>La fibre de chanvre ne sera pas cass\u00e9e apr\u00e8s le pelage.<\/li> <li>Le taux de pelage est tr\u00e8s \u00e9lev\u00e9 et presque toutes les fibres peuvent \u00eatre pel\u00e9es en une seule fois.<\/li> <li>Les d\u00e9cortiqueurs de chanvre sont faciles \u00e0 d\u00e9placer gr\u00e2ce \u00e0 deux roues et conviennent aux mati\u00e8res premi\u00e8res humides et s\u00e8ches.<\/li> <li>Le d\u00e9cortiqueur de chanvre poss\u00e8de une barre transversale \u00e0 la sortie pour collecter la fibre apr\u00e8s pelage.<\/li> <\/ol> <p>&nbsp;<\/p> <p><img decoding=\"async\" src=\"https:\/\/www.agriculture-machine.com\/wp-content\/uploads\/2018\/07\/hemp-cutter-machine-1.jpg\" alt=\"machine-coupeuse-de-chanvre-1\" \/><\/p> <h2>Principe de fonctionnement du d\u00e9cortiqueur de chanvre<\/h2> <p>1. L'op\u00e9rateur met le chanvre dans la tr\u00e9mie d'alimentation<br \/> 2. Le chanvre entre au milieu des deux rouleaux<br \/> 3. Les lames obliques sur les rouleaux, aliment\u00e9es par un moteur ou un moteur diesel, \u00e9crasent la tige par rotation constante.<br \/> 4. Les tiges sont compl\u00e8tement \u00e9cras\u00e9es et les fibres volent dans le rob apr\u00e8s quelques secondes.<\/p> <p><img loading=\"lazy\" decoding=\"async\" class=\"alignnone size-full wp-image-4348\" src=\"https:\/\/www.agriculture-machine.com\/wp-content\/uploads\/2018\/07\/hemp-cutting-2.jpg\" alt=\"\" width=\"750\" height=\"750\" srcset=\"https:\/\/www.agriculture-machine.com\/wp-content\/uploads\/2018\/07\/hemp-cutting-2.jpg 750w, https:\/\/www.agriculture-machine.com\/wp-content\/uploads\/2018\/07\/hemp-cutting-2-270x270.jpg 270w, https:\/\/www.agriculture-machine.com\/wp-content\/uploads\/2018\/07\/hemp-cutting-2-540x540.jpg 540w\" sizes=\"auto, (max-width: 750px) 100vw, 750px\" \/><\/p> <h2>Puissance adapt\u00e9e du d\u00e9cortiqueur de chanvre<\/h2> <p>Machine d\u00e9cortiqueuse de kenaf fonctionnant avec un moteur de 7,5 kW ou un moteur diesel de 10 HP.<\/p> <p><img loading=\"lazy\" decoding=\"async\" class=\"alignnone size-full wp-image-4347\" src=\"https:\/\/www.agriculture-machine.com\/wp-content\/uploads\/2018\/07\/hemp-cutting-1.jpg\" alt=\"\" width=\"750\" height=\"750\" srcset=\"https:\/\/www.agriculture-machine.com\/wp-content\/uploads\/2018\/07\/hemp-cutting-1.jpg 750w, https:\/\/www.agriculture-machine.com\/wp-content\/uploads\/2018\/07\/hemp-cutting-1-270x270.jpg 270w, https:\/\/www.agriculture-machine.com\/wp-content\/uploads\/2018\/07\/hemp-cutting-1-540x540.jpg 540w\" sizes=\"auto, (max-width: 750px) 100vw, 750px\" \/><\/p> <h2>Param\u00e8tre technique du d\u00e9cortiqueur de chanvre<\/h2> <div class=\"table-responsive\"> <table class=\"table table-striped\"> <tbody> <tr> <td width=\"346\"><strong><b>Mod\u00e8le<\/b><\/strong><\/td> <td width=\"293\"><strong><b>SLHM-550<\/b><\/strong><\/td> <\/tr> <tr> <td width=\"346\">Vitesse de rotation de la lame de hockey<\/td> <td width=\"293\">1000-1200t\/min<\/td> <\/tr> <tr> <td width=\"346\">Puissance du moteur<\/td> <td width=\"293\">7,5 kW \/ moteur diesel 10 HP<\/td> <\/tr> <tr> <td width=\"346\">Capacit\u00e9<\/td> <td width=\"293\">150m2\/h<\/td> <\/tr> <tr> <td width=\"346\">Dimension<\/td> <td width=\"293\">1500*1400*1050mm<\/td> <\/tr> <tr> <td width=\"346\">Poids<\/td> <td width=\"293\">255Kg<\/td> <\/tr> <tr> <td width=\"346\">Pourcentage de salet\u00e9<\/td> <td width=\"293\">&lt;0,2%<\/td> <\/tr> <\/tbody> <\/table> <h2>Dernier cas r\u00e9ussi de d\u00e9cortiqueur de chanvre<\/h2> <p class=\"translation-block\"><strong><span style=\"color: #ff0000\">cas un<\/span><\/strong><\/p> <p>En f\u00e9vrier 2019, nous avons vendu 1 ensemble de machine \u00e0 couper le chanvre \u00e0 la Pologne \u00e0 un prix comp\u00e9titif. Il est agriculteur et plante du chanvre depuis plusieurs ann\u00e9es, souhaitant en extraire la fibre. La photo suivante montre le dialogue entre notre responsable commercial et lui.<br \/> <img decoding=\"async\" src=\"https:\/\/www.agriculture-machine.com\/wp-content\/uploads\/2018\/07\/hemp-cutter-machine-3.jpg\" alt=\"machine-coupeuse-de-chanvre-3\" \/><img decoding=\"async\" src=\"https:\/\/www.agriculture-machine.com\/wp-content\/uploads\/2018\/07\/hemp-cutter-machine.png\" alt=\"machine-coupeuse-de-chanvre\" \/><br \/> En r\u00e9alit\u00e9, il nous a contact\u00e9s en janvier et a pass\u00e9 commande chez nous en f\u00e9vrier. Notre responsable a r\u00e9solu son probl\u00e8me avec beaucoup de patience et souhaitait \u00e9tablir un partenariat \u00e0 long terme avec lui.<\/p> <p>Les images d'emballage sont ci-dessous.<\/p> <div id='gallery-2' class='gallery galleryid-253 gallery-columns-2 gallery-size-full'><figure class='gallery-item'> \t\t\t<div class='gallery-icon landscape'> \t\t\t\t<a href='https:\/\/www.agriculture-machine.com\/fr\/hemp-cutter-machine-8\/'><img loading=\"lazy\" decoding=\"async\" width=\"1440\" height=\"1080\" src=\"https:\/\/www.agriculture-machine.com\/wp-content\/uploads\/2018\/07\/hemp-cutter-machine-8.jpg\" class=\"attachment-full size-full\" alt=\"machine de coupe de chanvre (8)\" aria-describedby=\"gallery-2-2249\" srcset=\"https:\/\/www.agriculture-machine.com\/wp-content\/uploads\/2018\/07\/hemp-cutter-machine-8.jpg 1440w, https:\/\/www.agriculture-machine.com\/wp-content\/uploads\/2018\/07\/hemp-cutter-machine-8-360x270.jpg 360w, https:\/\/www.agriculture-machine.com\/wp-content\/uploads\/2018\/07\/hemp-cutter-machine-8-720x540.jpg 720w, https:\/\/www.agriculture-machine.com\/wp-content\/uploads\/2018\/07\/hemp-cutter-machine-8-240x180.jpg 240w, https:\/\/www.agriculture-machine.com\/wp-content\/uploads\/2018\/07\/hemp-cutter-machine-8-768x576.jpg 768w\" sizes=\"auto, (max-width: 1440px) 100vw, 1440px\" \/><\/a> \t\t\t<\/div> \t\t\t\t<figcaption class='wp-caption-text gallery-caption' id='gallery-2-2249'> \t\t\t\tmachine de coupe de chanvre (8) \t\t\t\t<\/figcaption><\/figure><figure class='gallery-item'> \t\t\t<div class='gallery-icon landscape'> \t\t\t\t<a href='https:\/\/www.agriculture-machine.com\/fr\/hemp-cutter-machine-7\/'><img loading=\"lazy\" decoding=\"async\" width=\"1440\" height=\"1080\" src=\"https:\/\/www.agriculture-machine.com\/wp-content\/uploads\/2018\/07\/hemp-cutter-machine-7.jpg\" class=\"attachment-full size-full\" alt=\"Machine de coupe de chanvre (7)\" aria-describedby=\"gallery-2-2248\" srcset=\"https:\/\/www.agriculture-machine.com\/wp-content\/uploads\/2018\/07\/hemp-cutter-machine-7.jpg 1440w, https:\/\/www.agriculture-machine.com\/wp-content\/uploads\/2018\/07\/hemp-cutter-machine-7-360x270.jpg 360w, https:\/\/www.agriculture-machine.com\/wp-content\/uploads\/2018\/07\/hemp-cutter-machine-7-720x540.jpg 720w, https:\/\/www.agriculture-machine.com\/wp-content\/uploads\/2018\/07\/hemp-cutter-machine-7-240x180.jpg 240w, https:\/\/www.agriculture-machine.com\/wp-content\/uploads\/2018\/07\/hemp-cutter-machine-7-768x576.jpg 768w\" sizes=\"auto, (max-width: 1440px) 100vw, 1440px\" \/><\/a> \t\t\t<\/div> \t\t\t\t<figcaption class='wp-caption-text gallery-caption' id='gallery-2-2248'> \t\t\t\tMachine de coupe de chanvre (7) \t\t\t\t<\/figcaption><\/figure> \t\t<\/div>  <h2><span style=\"color: #ff0000;\">cas deux<\/span><\/h2> <p class=\"translation-block\">Au d\u00e9but mai, nous avons re\u00e7u une demande du client en Croatie, et il voulait acheter un <strong>d\u00e9cortiqueur de chanvre<\/strong>. En r\u00e9alit\u00e9, il n\u2019a pas beaucoup discut\u00e9 avec notre vendeur. Apr\u00e8s avoir confirm\u00e9 les informations du transitaire, il a command\u00e9 un ensemble<strong>d\u00e9cortiqueur de chanvre<\/strong> chez nous. Nous avons en stock plusieurs d\u00e9cortiqueurs pour le chanvre, donc nous avons pass\u00e9 une journ\u00e9e \u00e0 emballer et livrer sa machine apr\u00e8s r\u00e9ception du paiement.<\/p> <div id='gallery-3' class='gallery galleryid-253 gallery-columns-2 gallery-size-full'><figure class='gallery-item'> \t\t\t<div class='gallery-icon portrait'> \t\t\t\t<a href='https:\/\/www.agriculture-machine.com\/fr\/kenaf-decorticator\/attachment\/hemp-decorticator5\/'><img loading=\"lazy\" decoding=\"async\" width=\"450\" height=\"600\" src=\"https:\/\/www.agriculture-machine.com\/wp-content\/uploads\/2018\/07\/hemp-decorticator5.jpg\" class=\"attachment-full size-full\" alt=\"\" srcset=\"https:\/\/www.agriculture-machine.com\/wp-content\/uploads\/2018\/07\/hemp-decorticator5.jpg 450w, https:\/\/www.agriculture-machine.com\/wp-content\/uploads\/2018\/07\/hemp-decorticator5-203x270.jpg 203w, https:\/\/www.agriculture-machine.com\/wp-content\/uploads\/2018\/07\/hemp-decorticator5-405x540.jpg 405w\" sizes=\"auto, (max-width: 450px) 100vw, 450px\" \/><\/a> \t\t\t<\/div><\/figure><figure class='gallery-item'> \t\t\t<div class='gallery-icon portrait'> \t\t\t\t<a href='https:\/\/www.agriculture-machine.com\/fr\/kenaf-decorticator\/attachment\/hemp-decorticator4\/'><img loading=\"lazy\" decoding=\"async\" width=\"450\" height=\"600\" src=\"https:\/\/www.agriculture-machine.com\/wp-content\/uploads\/2018\/07\/hemp-decorticator4.jpg\" class=\"attachment-full size-full\" alt=\"\" srcset=\"https:\/\/www.agriculture-machine.com\/wp-content\/uploads\/2018\/07\/hemp-decorticator4.jpg 450w, https:\/\/www.agriculture-machine.com\/wp-content\/uploads\/2018\/07\/hemp-decorticator4-203x270.jpg 203w, https:\/\/www.agriculture-machine.com\/wp-content\/uploads\/2018\/07\/hemp-decorticator4-405x540.jpg 405w\" sizes=\"auto, (max-width: 450px) 100vw, 450px\" \/><\/a> \t\t\t<\/div><\/figure> \t\t<\/div>  <div id='gallery-4' class='gallery galleryid-253 gallery-columns-2 gallery-size-full'><figure class='gallery-item'> \t\t\t<div class='gallery-icon portrait'> \t\t\t\t<a href='https:\/\/www.agriculture-machine.com\/fr\/kenaf-decorticator\/attachment\/hemp-decorticator3\/'><img loading=\"lazy\" decoding=\"async\" width=\"450\" height=\"600\" src=\"https:\/\/www.agriculture-machine.com\/wp-content\/uploads\/2018\/07\/hemp-decorticator3.jpg\" class=\"attachment-full size-full\" alt=\"\" srcset=\"https:\/\/www.agriculture-machine.com\/wp-content\/uploads\/2018\/07\/hemp-decorticator3.jpg 450w, https:\/\/www.agriculture-machine.com\/wp-content\/uploads\/2018\/07\/hemp-decorticator3-203x270.jpg 203w, https:\/\/www.agriculture-machine.com\/wp-content\/uploads\/2018\/07\/hemp-decorticator3-405x540.jpg 405w\" sizes=\"auto, (max-width: 450px) 100vw, 450px\" \/><\/a> \t\t\t<\/div><\/figure><figure class='gallery-item'> \t\t\t<div class='gallery-icon portrait'> \t\t\t\t<a href='https:\/\/www.agriculture-machine.com\/fr\/kenaf-decorticator\/attachment\/hemp-decorticator2\/'><img loading=\"lazy\" decoding=\"async\" width=\"450\" height=\"600\" src=\"https:\/\/www.agriculture-machine.com\/wp-content\/uploads\/2018\/07\/hemp-decorticator2.jpg\" class=\"attachment-full size-full\" alt=\"\" srcset=\"https:\/\/www.agriculture-machine.com\/wp-content\/uploads\/2018\/07\/hemp-decorticator2.jpg 450w, https:\/\/www.agriculture-machine.com\/wp-content\/uploads\/2018\/07\/hemp-decorticator2-203x270.jpg 203w, https:\/\/www.agriculture-machine.com\/wp-content\/uploads\/2018\/07\/hemp-decorticator2-405x540.jpg 405w\" sizes=\"auto, (max-width: 450px) 100vw, 450px\" \/><\/a> \t\t\t<\/div><\/figure> \t\t<\/div>  <h2>FAQ<\/h2> <p>1. Pourquoi les deux rouleaux de la machine sont-ils obliques ?<br \/> Les deux rouleaux obliques peuvent compl\u00e8tement \u00e9craser les tiges de chanvre, les s\u00e9parer et extraire la fibre efficacement.<br \/> 2. Quelles sont les mati\u00e8res premi\u00e8res de ce d\u00e9cortiqueur de jute ?<br \/> La mati\u00e8re premi\u00e8re peut \u00eatre du chanvre, du kenaf, du ramie, du jute, etc.<br \/> 3. Les deux rouleaux endommageront-ils la fibre ?<br \/> Non, cela n'endommagera pas la fibre car les lames sur le rouleau sont \u00e9mouss\u00e9es.<br \/> 4. \u00c0 quoi peut servir le produit final ?<br \/> Il peut fabriquer de la corde ou du tissu.<br \/> 5. Est-il adapt\u00e9 au chanvre humide et sec ?<br \/> Oui, cela peut<br \/> <img decoding=\"async\" src=\"https:\/\/www.agriculture-machine.com\/wp-content\/uploads\/2018\/07\/hemp-cutter-machine-4.jpg\" alt=\"machine-coupeuse-de-chanvre-4\" \/><\/p> <h2>Pourquoi nous choisir ?<\/h2> <p>Pouvez-vous comprendre pourquoi nous choisir ?<br \/> Cette image montre le stock de machine d'extraction de fibres de chanvre, et nous vendons presque plus de 1000 ensembles chaque ann\u00e9e \u00e0 d'autres pays. Franchement, nous pouvons produire 500 ensembles par mois, r\u00e9pondant pleinement \u00e0 votre demande.<\/p> <\/div>","protected":false},"excerpt":{"rendered":"<p>Brief introduction of hemp decorticator Our hemp cutter machine is to use to extract the fiber of hemp, jute, kenaf, ramie, etc. With two big wheels, the machine is easy to move. The cleaning rate can reach 96% without any damage to the fiber itself. Hemp decorticator is suitable for processing plant fibers of hemp, [&hellip;]<\/p>\n","protected":false},"author":1,"featured_media":0,"parent":0,"comment_status":"closed","ping_status":"closed","template":"","tags":[2618],"product-type":[917,1],"class_list":["post-253","product","type-product","status-publish","hentry","tag-hemp","product-type-hemp-peeling-machine","product-type-other"],"_links":{"self":[{"href":"https:\/\/www.agriculture-machine.com\/fr\/wp-json\/wp\/v2\/product\/253","targetHints":{"allow":["GET"]}}],"collection":[{"href":"https:\/\/www.agriculture-machine.com\/fr\/wp-json\/wp\/v2\/product"}],"about":[{"href":"https:\/\/www.agriculture-machine.com\/fr\/wp-json\/wp\/v2\/types\/product"}],"author":[{"embeddable":true,"href":"https:\/\/www.agriculture-machine.com\/fr\/wp-json\/wp\/v2\/users\/1"}],"replies":[{"embeddable":true,"href":"https:\/\/www.agriculture-machine.com\/fr\/wp-json\/wp\/v2\/comments?post=253"}],"wp:attachment":[{"href":"https:\/\/www.agriculture-machine.com\/fr\/wp-json\/wp\/v2\/media?parent=253"}],"wp:term":[{"taxonomy":"post_tag","embeddable":true,"href":"https:\/\/www.agriculture-machine.com\/fr\/wp-json\/wp\/v2\/tags?post=253"},{"taxonomy":"product-type","embeddable":true,"href":"https:\/\/www.agriculture-machine.com\/fr\/wp-json\/wp\/v2\/product-type?post=253"}],"curies":[{"name":"wp","href":"https:\/\/api.w.org\/{rel}","templated":true}]}}