{"id":3286,"date":"2019-04-19T22:57:14","date_gmt":"2019-04-19T14:57:14","guid":{"rendered":"https:\/\/www.agriculture-machine.com\/?p=3286"},"modified":"2024-09-23T11:15:58","modified_gmt":"2024-09-23T03:15:58","slug":"amazing-garden-sprayer-drones-in-agriculture-crop-spraying","status":"publish","type":"product","link":"https:\/\/www.agriculture-machine.com\/fr\/amazing-garden-sprayer-drones-in-agriculture-crop-spraying\/","title":{"rendered":"Pulv\u00e9risateur de jardin \u00e9tonnant \/ drones en agriculture"},"content":{"rendered":"<p class=\"translation-block\">Il s'agit d'un<strong> pulv\u00e9risateur de jardin<\/strong> con\u00e7u sp\u00e9cialement, et il peut \u00eatre utilis\u00e9 pour pulv\u00e9riser de l'eau, des pesticides sur la surface de la plante. C'est un bon outil pour les agriculteurs, qui peuvent l'utiliser pour les jardins, les terres agricoles et autres champs. La vitesse de pulv\u00e9risation des drones en agriculture est de 4-8m\/s, ce qui signifie qu'il fonctionne avec une grande efficacit\u00e9. La capacit\u00e9 du r\u00e9servoir de pesticide est de 10L et 16L, et vous pouvez en choisir un selon votre besoin.<\/p> <p><iframe loading=\"lazy\" title=\"Meilleurs drones 2018 \/ Drone DJI \/ Pulv\u00e9risateur de jardin \/ Comment installer un pulv\u00e9risateur de drone\" width=\"500\" height=\"281\" src=\"https:\/\/www.youtube.com\/embed\/QPc56YfjM_A?feature=oembed\" frameborder=\"0\" allow=\"accelerometer; autoplay; clipboard-write; encrypted-media; gyroscope; picture-in-picture; web-share\" referrerpolicy=\"strict-origin-when-cross-origin\" allowfullscreen><\/iframe><\/p> <h2><\/h2> <h2><strong><b>Param\u00e8tre technique de <\/b><\/strong><strong><b>Pulv\u00e9risateur de jardin<\/b><\/strong><\/h2> <table> <tbody> <tr> <td width=\"189\">Mod\u00e8le<\/td> <td width=\"189\">3W4-10B<\/td> <td width=\"189\">3W4-16<\/td> <\/tr> <tr> <td width=\"189\">Poids net<\/td> <td width=\"189\">24,2kg<\/td> <td width=\"189\">27.9<\/td> <\/tr> <tr> <td width=\"189\">Volume du r\u00e9servoir de pesticide<\/td> <td width=\"189\">10L<\/td> <td width=\"189\">16L<\/td> <\/tr> <tr> <td width=\"189\">Pompe \u00e0 liquide<\/td> <td width=\"189\">Pompe \u00e0 diaphragme<\/td> <td width=\"189\">Pompe \u00e0 diaphragme<\/td> <\/tr> <tr> <td width=\"189\">Nombre d'ailes<\/td> <td width=\"189\">4<\/td> <td width=\"189\">4<\/td> <\/tr> <tr> <td width=\"189\">Type de moteur<\/td> <td width=\"189\">Moteur \u00e0 courant continu sans balais<\/td> <td width=\"189\">Moteur \u00e0 courant continu sans balais<\/td> <\/tr> <tr> <td width=\"189\">Max moteur<\/td> <td width=\"189\">5000w<\/td> <td width=\"189\">5000w<\/td> <\/tr> <tr> <td width=\"189\">Courant \u00e9lectrique maximum<\/td> <td width=\"189\">65A<\/td> <td width=\"189\">65A<\/td> <\/tr> <tr> <td width=\"189\">Batterie<\/td> <td width=\"189\">Batterie au lithium<\/td> <td width=\"189\">Batterie au lithium<\/td> <\/tr> <tr> <td width=\"189\">Diam\u00e8tre de l'aile<\/td> <td width=\"189\">890mm<\/td> <td width=\"189\">890mm<\/td> <\/tr> <tr> <td width=\"189\">Classe d'\u00e9tanch\u00e9it\u00e9 \u00e0 l'eau et \u00e0 la poussi\u00e8re<\/td> <td width=\"189\">IP56<\/td> <td width=\"189\">IP56<\/td> <\/tr> <tr> <td width=\"189\">Buses<\/td> <td width=\"189\">4<\/td> <td width=\"189\">4<\/td> <\/tr> <tr> <td width=\"189\">Le volume de pulv\u00e9risation<\/td> <td width=\"189\">600-1600ml\/min<\/td> <td width=\"189\">600-2100ml\/min<\/td> <\/tr> <tr> <td width=\"189\">Vitesse de pulv\u00e9risation<\/td> <td width=\"189\">4-8m\/s<\/td> <td width=\"189\">4-8m\/s<\/td> <\/tr> <tr> <td width=\"189\">Largeur de pulv\u00e9risation<\/td> <td width=\"189\">4-6m<\/td> <td width=\"189\">4-6m<\/td> <\/tr> <tr> <td width=\"189\">Hauteur de travail<\/td> <td width=\"189\">1-3m<\/td> <td width=\"189\">1-3m<\/td> <\/tr> <tr> <td width=\"189\">Dur\u00e9e de pulv\u00e9risation durable (capacit\u00e9)<\/td> <td width=\"189\">Plus de 10 minutes<\/td> <td width=\"189\">Plus de 10 minutes<\/td> <\/tr> <tr> <td width=\"189\">Volume de pulv\u00e9risation<\/td> <td width=\"189\">0,6-0,9hm2\/h<\/td> <td width=\"189\">0,9-1,3hm2\/h<\/td> <\/tr> <\/tbody> <\/table> <h2>\u00c9tapes de travail du pulv\u00e9risateur de jardin<\/h2> <figure id=\"attachment_3291\" aria-describedby=\"caption-attachment-3291\" style=\"width: 600px\" class=\"wp-caption aligncenter\"><img loading=\"lazy\" decoding=\"async\" class=\"wp-image-3291 size-full\" src=\"https:\/\/www.agriculture-machine.com\/wp-content\/uploads\/2019\/04\/drone-sprayer-4.jpg\" alt=\"pulv\u00e9risateur drone\" width=\"600\" height=\"450\" srcset=\"https:\/\/www.agriculture-machine.com\/wp-content\/uploads\/2019\/04\/drone-sprayer-4.jpg 600w, https:\/\/www.agriculture-machine.com\/wp-content\/uploads\/2019\/04\/drone-sprayer-4-360x270.jpg 360w, https:\/\/www.agriculture-machine.com\/wp-content\/uploads\/2019\/04\/drone-sprayer-4-240x180.jpg 240w\" sizes=\"auto, (max-width: 600px) 100vw, 600px\" \/><figcaption id=\"caption-attachment-3291\" class=\"wp-caption-text\">pulv\u00e9risateur drone<\/figcaption><\/figure> <ol> <li>Premi\u00e8rement, installez les quatre ailes du pulv\u00e9risateur de jardin.<\/li> <li>Ajoutez l'agent moussant.<\/li> <li>Placez la batterie qui permet \u00e0 la machine de voler pendant 10 minutes.<\/li> <li>La machine est contr\u00f4l\u00e9e \u00e0 distance lors de l'utilisation.<\/li> <li>Le pesticide peut adh\u00e9rer au dos et \u00e0 l'avant de la plante, tuant efficacement les pests.<\/li> <\/ol> <figure id=\"attachment_3288\" aria-describedby=\"caption-attachment-3288\" style=\"width: 600px\" class=\"wp-caption aligncenter\"><img loading=\"lazy\" decoding=\"async\" class=\"wp-image-3288 size-full\" src=\"https:\/\/www.agriculture-machine.com\/wp-content\/uploads\/2019\/04\/drone-sprayer-1.jpg\" alt=\"Pulv\u00e9risateur de jardin\" width=\"600\" height=\"450\" srcset=\"https:\/\/www.agriculture-machine.com\/wp-content\/uploads\/2019\/04\/drone-sprayer-1.jpg 600w, https:\/\/www.agriculture-machine.com\/wp-content\/uploads\/2019\/04\/drone-sprayer-1-360x270.jpg 360w, https:\/\/www.agriculture-machine.com\/wp-content\/uploads\/2019\/04\/drone-sprayer-1-240x180.jpg 240w\" sizes=\"auto, (max-width: 600px) 100vw, 600px\" \/><figcaption id=\"caption-attachment-3288\" class=\"wp-caption-text\">Pulv\u00e9risateur de jardin<\/figcaption><\/figure> <h2>Image d\u00e9taill\u00e9e du pulv\u00e9risateur de jardin<\/h2> <figure id=\"attachment_3295\" aria-describedby=\"caption-attachment-3295\" style=\"width: 600px\" class=\"wp-caption aligncenter\"><img loading=\"lazy\" decoding=\"async\" class=\"wp-image-3295 size-full\" src=\"https:\/\/www.agriculture-machine.com\/wp-content\/uploads\/2019\/04\/drone-sprayer-8.jpg\" alt=\"Aile de machine de pulv\u00e9risation agricole\" width=\"600\" height=\"450\" srcset=\"https:\/\/www.agriculture-machine.com\/wp-content\/uploads\/2019\/04\/drone-sprayer-8.jpg 600w, https:\/\/www.agriculture-machine.com\/wp-content\/uploads\/2019\/04\/drone-sprayer-8-360x270.jpg 360w, https:\/\/www.agriculture-machine.com\/wp-content\/uploads\/2019\/04\/drone-sprayer-8-240x180.jpg 240w\" sizes=\"auto, (max-width: 600px) 100vw, 600px\" \/><figcaption id=\"caption-attachment-3295\" class=\"wp-caption-text\">Aile de machine de pulv\u00e9risation agricole<\/figcaption><\/figure> <figure id=\"attachment_3294\" aria-describedby=\"caption-attachment-3294\" style=\"width: 600px\" class=\"wp-caption aligncenter\"><img loading=\"lazy\" decoding=\"async\" class=\"wp-image-3294 size-full\" src=\"https:\/\/www.agriculture-machine.com\/wp-content\/uploads\/2019\/04\/drone-sprayer-7.jpg\" alt=\"Machine de pulv\u00e9risation de jardin\" width=\"600\" height=\"450\" srcset=\"https:\/\/www.agriculture-machine.com\/wp-content\/uploads\/2019\/04\/drone-sprayer-7.jpg 600w, https:\/\/www.agriculture-machine.com\/wp-content\/uploads\/2019\/04\/drone-sprayer-7-360x270.jpg 360w, https:\/\/www.agriculture-machine.com\/wp-content\/uploads\/2019\/04\/drone-sprayer-7-240x180.jpg 240w\" sizes=\"auto, (max-width: 600px) 100vw, 600px\" \/><figcaption id=\"caption-attachment-3294\" class=\"wp-caption-text\">Buse de pulv\u00e9risation de jardin<\/figcaption><\/figure> <figure id=\"attachment_3293\" aria-describedby=\"caption-attachment-3293\" style=\"width: 600px\" class=\"wp-caption aligncenter\"><img loading=\"lazy\" decoding=\"async\" class=\"wp-image-3293 size-full\" src=\"https:\/\/www.agriculture-machine.com\/wp-content\/uploads\/2019\/04\/drone-sprayer-6.jpg\" alt=\"Buse de pulv\u00e9risation de jardin\" width=\"600\" height=\"450\" srcset=\"https:\/\/www.agriculture-machine.com\/wp-content\/uploads\/2019\/04\/drone-sprayer-6.jpg 600w, https:\/\/www.agriculture-machine.com\/wp-content\/uploads\/2019\/04\/drone-sprayer-6-360x270.jpg 360w, https:\/\/www.agriculture-machine.com\/wp-content\/uploads\/2019\/04\/drone-sprayer-6-240x180.jpg 240w\" sizes=\"auto, (max-width: 600px) 100vw, 600px\" \/><figcaption id=\"caption-attachment-3293\" class=\"wp-caption-text\">Buse de pulv\u00e9risation de jardin<\/figcaption><\/figure> <figure id=\"attachment_3292\" aria-describedby=\"caption-attachment-3292\" style=\"width: 600px\" class=\"wp-caption aligncenter\"><img loading=\"lazy\" decoding=\"async\" class=\"wp-image-3292 size-full\" src=\"https:\/\/www.agriculture-machine.com\/wp-content\/uploads\/2019\/04\/drone-sprayer-5.jpg\" alt=\"Partie du machine de pulv\u00e9risation\" width=\"600\" height=\"450\" srcset=\"https:\/\/www.agriculture-machine.com\/wp-content\/uploads\/2019\/04\/drone-sprayer-5.jpg 600w, https:\/\/www.agriculture-machine.com\/wp-content\/uploads\/2019\/04\/drone-sprayer-5-360x270.jpg 360w, https:\/\/www.agriculture-machine.com\/wp-content\/uploads\/2019\/04\/drone-sprayer-5-240x180.jpg 240w\" sizes=\"auto, (max-width: 600px) 100vw, 600px\" \/><figcaption id=\"caption-attachment-3292\" class=\"wp-caption-text\">Partie du machine de pulv\u00e9risation<\/figcaption><\/figure> <h2>Large application du pulv\u00e9risateur de jardin<\/h2> <p>Le drone de pulv\u00e9risation de cultures n'est pas seulement utilis\u00e9 en agriculture, mais peut \u00e9galement \u00eatre utilis\u00e9 dans les domaines suivants.<\/p> <p>1. \u00c9nergie \u00e9lectrique.<\/p> <p>2. La circulation.<\/p> <p>3. Gestion de l'eau<\/p> <p>4. La s\u00e9curit\u00e9 publique contre le terrorisme.<\/p> <figure id=\"attachment_3296\" aria-describedby=\"caption-attachment-3296\" style=\"width: 600px\" class=\"wp-caption aligncenter\"><img loading=\"lazy\" decoding=\"async\" class=\"wp-image-3296 size-full\" src=\"https:\/\/www.agriculture-machine.com\/wp-content\/uploads\/2019\/04\/drone-sprayer-9.jpg\" alt=\"Machine de pulv\u00e9risation\" width=\"600\" height=\"450\" srcset=\"https:\/\/www.agriculture-machine.com\/wp-content\/uploads\/2019\/04\/drone-sprayer-9.jpg 600w, https:\/\/www.agriculture-machine.com\/wp-content\/uploads\/2019\/04\/drone-sprayer-9-360x270.jpg 360w, https:\/\/www.agriculture-machine.com\/wp-content\/uploads\/2019\/04\/drone-sprayer-9-240x180.jpg 240w\" sizes=\"auto, (max-width: 600px) 100vw, 600px\" \/><figcaption id=\"caption-attachment-3296\" class=\"wp-caption-text\">Machine de pulv\u00e9risation<\/figcaption><\/figure> <h2>Avantage du pulv\u00e9risateur de jardin<\/h2> <p>1. La machine de pulv\u00e9risation de culture peut pulv\u00e9riser des pesticides par t\u00e9l\u00e9commande, ce qui est s\u00fbr et \u00e9conomise du travail.<\/p> <p>2. Compar\u00e9 aux m\u00e9thodes de pulv\u00e9risation traditionnelles, les gens n'ont pas besoin de toucher directement le pesticide, ce qui diminue efficacement le danger du pesticide pour le corps humain.<\/p> <p>3. La efficacit\u00e9 de travail du pulv\u00e9risateur de culture UAV est 30 fois plus efficace que la pulv\u00e9risation manuelle.<\/p> <p>4. En adoptant une atomisation \u00e9lev\u00e9e et une pulv\u00e9risation en micro-gouttelettes, ce pulv\u00e9risateur drone peut am\u00e9liorer pleinement l'utilisation du pesticide.<\/p> <p>5. Le rotor produit un flux descendant, ce qui augmente la p\u00e9n\u00e9tration du flux de brume dans la culture, permettant un bon effet de contr\u00f4le.<\/p> <figure id=\"attachment_3290\" aria-describedby=\"caption-attachment-3290\" style=\"width: 600px\" class=\"wp-caption aligncenter\"><img loading=\"lazy\" decoding=\"async\" class=\"wp-image-3290 size-full\" src=\"https:\/\/www.agriculture-machine.com\/wp-content\/uploads\/2019\/04\/drone-sprayer-3.jpg\" alt=\"Affichage du pulv\u00e9risateur agricole\" width=\"600\" height=\"450\" srcset=\"https:\/\/www.agriculture-machine.com\/wp-content\/uploads\/2019\/04\/drone-sprayer-3.jpg 600w, https:\/\/www.agriculture-machine.com\/wp-content\/uploads\/2019\/04\/drone-sprayer-3-360x270.jpg 360w, https:\/\/www.agriculture-machine.com\/wp-content\/uploads\/2019\/04\/drone-sprayer-3-240x180.jpg 240w\" sizes=\"auto, (max-width: 600px) 100vw, 600px\" \/><figcaption id=\"caption-attachment-3290\" class=\"wp-caption-text\">Affichage du pulv\u00e9risateur agricole<\/figcaption><\/figure> <h2>Pourquoi avez-vous besoin d'un pulv\u00e9risateur de jardin ?<\/h2> <p>La Chine est un pays largement agricole, occupant 3 millions d'acres de terres agricoles de base, n\u00e9cessitant chaque ann\u00e9e une grande quantit\u00e9 de pulv\u00e9risateurs pour la culture. Malheureusement, il y a plus de 100 000 accidents li\u00e9s \u00e0 l'empoisonnement par les pesticides en Chine chaque ann\u00e9e, avec un taux de mortalit\u00e9 de 20%. Il n'existe pas de statistiques officielles sur le nombre de d\u00e9c\u00e8s caus\u00e9s par les r\u00e9sidus de pesticides et la pollution, ce qui doit repr\u00e9senter un chiffre impressionnant.<\/p> <p>Les drones pulv\u00e9risateurs de cultures \u00e0 commande \u00e0 distance produits par notre soci\u00e9t\u00e9 peuvent charger 10-17 kg de pesticides et les pulv\u00e9riser \u00e0 basse altitude. Ce  meilleur pulv\u00e9risateur de jardin  peut couvrir enti\u00e8rement 20 acres de terres agricoles en moins de 10 minutes, et convient pour des champs comme les rizi\u00e8res et les terrains en pente o\u00f9 il est difficile de travailler pour les personnes.<\/p> <p class=\"translation-block\">L'efficacit\u00e9 de pulv\u00e9risation de <strong>pulv\u00e9risateur de jardin<\/strong> est 30 fois sup\u00e9rieure \u00e0 celle du travail traditionnel. Le flux descendant g\u00e9n\u00e9r\u00e9 par le rotor aide \u00e0 augmenter la p\u00e9n\u00e9tration du flux de brume dans la culture, et l'effet de contr\u00f4le est bon. En m\u00eame temps, la manipulation \u00e0 longue distance am\u00e9liore consid\u00e9rablement la s\u00e9curit\u00e9 de la pulv\u00e9risation de pesticides.<\/p> <figure id=\"attachment_3289\" aria-describedby=\"caption-attachment-3289\" style=\"width: 600px\" class=\"wp-caption aligncenter\"><img loading=\"lazy\" decoding=\"async\" class=\"wp-image-3289 size-full\" src=\"https:\/\/www.agriculture-machine.com\/wp-content\/uploads\/2019\/04\/drone-sprayer-2.jpg\" alt=\"Pulv\u00e9risateur agricole\" width=\"600\" height=\"450\" srcset=\"https:\/\/www.agriculture-machine.com\/wp-content\/uploads\/2019\/04\/drone-sprayer-2.jpg 600w, https:\/\/www.agriculture-machine.com\/wp-content\/uploads\/2019\/04\/drone-sprayer-2-360x270.jpg 360w, https:\/\/www.agriculture-machine.com\/wp-content\/uploads\/2019\/04\/drone-sprayer-2-240x180.jpg 240w\" sizes=\"auto, (max-width: 600px) 100vw, 600px\" \/><figcaption id=\"caption-attachment-3289\" class=\"wp-caption-text\">Pulv\u00e9risateur agricole<\/figcaption><\/figure> <h2>FAQ<\/h2> <ol> <li>Le pulv\u00e9risateur de jardin est-il s\u00fbr pendant l'utilisation ?<\/li> <\/ol> <p>Oui, bien s\u00fbr, nous avons effectu\u00e9 de nombreux tests pour assurer une op\u00e9ration s\u00fbre.<\/p> <ol start=\"2\"> <li>Le pesticide pulv\u00e9ris\u00e9 par ce pulv\u00e9risateur de culture peut-il totalement \u00e9liminer tous les pests ?<\/li> <\/ol> <p>99% des pests peuvent \u00eatre compl\u00e8tement \u00e9limin\u00e9s.<\/p> <ol start=\"3\"> <li>Ai-je besoin d'une formation si j'ach\u00e8te ce drone agricole de pulv\u00e9risation ?<\/li> <\/ol> <p>Pour assurer une utilisation s\u00fbre, il est n\u00e9cessaire que vous veniez dans notre usine pour une formation d'environ 5 jours.<\/p> <ol start=\"4\"> <li>Puis-je contr\u00f4ler la hauteur du pulv\u00e9risateur ?<\/li> <\/ol> <p>Oui, vous pouvez le faire \u00e0 distance.<\/p> <ol start=\"5\"> <li>Quelle est la port\u00e9e de la hauteur de vol ?<\/li> <\/ol> <p>Elle se situe entre 1 et 3 m\u00e8tres.<\/p>","protected":false},"excerpt":{"rendered":"<p>It is a special design garden sprayer,and it can be used to spray water, pesticide to the surface of the plant. It is a good tool for farmers, and they can use it for gardens, farmlands and other fields. The spraying speed of drones in agriculture is 4-8m\/s, which means it works with high efficiency. [&hellip;]<\/p>\n","protected":false},"author":1,"featured_media":3297,"parent":0,"comment_status":"closed","ping_status":"closed","template":"","tags":[136],"product-type":[920,1],"class_list":["post-3286","product","type-product","status-publish","has-post-thumbnail","hentry","tag-sprayer","product-type-drone-sprayer","product-type-other"],"_links":{"self":[{"href":"https:\/\/www.agriculture-machine.com\/fr\/wp-json\/wp\/v2\/product\/3286","targetHints":{"allow":["GET"]}}],"collection":[{"href":"https:\/\/www.agriculture-machine.com\/fr\/wp-json\/wp\/v2\/product"}],"about":[{"href":"https:\/\/www.agriculture-machine.com\/fr\/wp-json\/wp\/v2\/types\/product"}],"author":[{"embeddable":true,"href":"https:\/\/www.agriculture-machine.com\/fr\/wp-json\/wp\/v2\/users\/1"}],"replies":[{"embeddable":true,"href":"https:\/\/www.agriculture-machine.com\/fr\/wp-json\/wp\/v2\/comments?post=3286"}],"wp:featuredmedia":[{"embeddable":true,"href":"https:\/\/www.agriculture-machine.com\/fr\/wp-json\/wp\/v2\/media\/3297"}],"wp:attachment":[{"href":"https:\/\/www.agriculture-machine.com\/fr\/wp-json\/wp\/v2\/media?parent=3286"}],"wp:term":[{"taxonomy":"post_tag","embeddable":true,"href":"https:\/\/www.agriculture-machine.com\/fr\/wp-json\/wp\/v2\/tags?post=3286"},{"taxonomy":"product-type","embeddable":true,"href":"https:\/\/www.agriculture-machine.com\/fr\/wp-json\/wp\/v2\/product-type?post=3286"}],"curies":[{"name":"wp","href":"https:\/\/api.w.org\/{rel}","templated":true}]}}