{"id":3374,"date":"2019-04-28T03:32:40","date_gmt":"2019-04-27T19:32:40","guid":{"rendered":"https:\/\/www.agriculture-machine.com\/?p=3374"},"modified":"2026-02-27T17:12:18","modified_gmt":"2026-02-27T09:12:18","slug":"big-size-corn-sheller-machine-for-sale-corn-thresher-shelling-corn-maize","status":"publish","type":"product","link":"https:\/\/www.agriculture-machine.com\/fr\/big-size-corn-sheller-machine-for-sale-corn-thresher-shelling-corn-maize\/","title":{"rendered":"Machine \u00e0 \u00e9caler le ma\u00efs de grande taille \u00e0 vendre | \u00c9greneuse de ma\u00efs | \u00c9caler le ma\u00efs"},"content":{"rendered":"<p class=\"translation-block\">Ceci est une machine \u00e0 \u00e9caler le ma\u00efs de taille superieure <strong>machine \u00e0 \u00e9caler le ma\u00efs<\/strong> et une seule machine peut servir \u00e0 tout un village, compatible avec un tracteur de 28-35 ch, donc facile \u00e0 utiliser.<\/p>   <p><iframe loading=\"lazy\" title=\"Machine de d\u00e9corticage et de broyage du ma\u00efs de tr\u00e8s grande taille  tonnes par heure\" width=\"500\" height=\"281\" src=\"https:\/\/www.youtube.com\/embed\/x3JAf3rrtdA?start=31&#038;feature=oembed\" frameborder=\"0\" allow=\"accelerometer; autoplay; clipboard-write; encrypted-media; gyroscope; picture-in-picture; web-share\" referrerpolicy=\"strict-origin-when-cross-origin\" allowfullscreen><\/iframe><\/p>    <h2 class=\"wp-block-heading\"><strong><b>&nbsp;<\/b><\/strong><strong><b>Structure principale de <\/b><\/strong>\u00e9caleur de ma\u00efs<\/h2>    <p>Cette machine \u00e0 \u00e9caler le ma\u00efs est principalement compos\u00e9e de la partie de collecte, de la partie de convoyage, de la partie de battage, de la partie de s\u00e9paration et de nettoyage et de la partie auxiliaire.<\/p>    <ul class=\"wp-block-list\"> <li>Partie de collecte : recueillir les \u00e9pis de ma\u00efs initialement a\u00e9r\u00e9s.<\/li>    <li>Partie de convoyage : transporter la tige de ma\u00efs collect\u00e9e jusqu \u00e0 la partie de battage.<\/li>    <li>Partie de battage : s\u00e9parer les grains de ma\u00efs et les \u00e9pis de ma\u00efs.<\/li>    <li>Partie de s\u00e9paration et de nettoyage : s\u00e9pare \u00e0 nouveau les autres impuret\u00e9s \u00e0 l int\u00e9rieur des grains de ma\u00efs.<\/li>    <li>Partie auxiliaire : comprenant des dispositifs d'embrayage, des dispositifs de transmission, des dispositifs de s\u00e9curit\u00e9, etc.<\/li> <\/ul>    <figure class=\"wp-block-image aligncenter wp-image-6501 size-full\"><img loading=\"lazy\" decoding=\"async\" width=\"750\" height=\"792\" src=\"https:\/\/www.agriculture-machine.com\/wp-content\/uploads\/2019\/04\/corn-sheller.jpg\" alt=\"Machine \u00e0 \u00e9grener le ma\u00efs\" class=\"wp-image-6501\" srcset=\"https:\/\/www.agriculture-machine.com\/wp-content\/uploads\/2019\/04\/corn-sheller.jpg 750w, https:\/\/www.agriculture-machine.com\/wp-content\/uploads\/2019\/04\/corn-sheller-256x270.jpg 256w, https:\/\/www.agriculture-machine.com\/wp-content\/uploads\/2019\/04\/corn-sheller-511x540.jpg 511w\" sizes=\"auto, (max-width: 750px) 100vw, 750px\" \/><figcaption class=\"wp-element-caption\">Machine \u00e0 \u00e9grener le ma\u00efs<\/figcaption><\/figure>    <figure class=\"wp-block-image aligncenter wp-image-3376\"><img loading=\"lazy\" decoding=\"async\" width=\"760\" height=\"760\" src=\"https:\/\/www.agriculture-machine.com\/wp-content\/uploads\/2019\/04\/1-1.jpg\" alt=\"\u00e9caleur de ma\u00efs\" class=\"wp-image-3376\" srcset=\"https:\/\/www.agriculture-machine.com\/wp-content\/uploads\/2019\/04\/1-1.jpg 760w, https:\/\/www.agriculture-machine.com\/wp-content\/uploads\/2019\/04\/1-1-270x270.jpg 270w, https:\/\/www.agriculture-machine.com\/wp-content\/uploads\/2019\/04\/1-1-540x540.jpg 540w\" sizes=\"auto, (max-width: 760px) 100vw, 760px\" \/><figcaption class=\"wp-element-caption\">\u00e9caleur de ma\u00efs<\/figcaption><\/figure>    <h2 class=\"wp-block-heading\">Param\u00e8tre technique de la machine \u00e0 \u00e9caler le ma\u00efs<\/h2>    <figure class=\"wp-block-table\"><table class=\"has-fixed-layout\"><tbody><tr><td>Mod\u00e8le<\/td><td>9TY-900<\/td><\/tr><tr><td>Puissance<\/td><td>tracteur de 28-35 ch<\/td><\/tr><tr><td>Capacit\u00e9<\/td><td>10-12 t\/h<\/td><\/tr><tr><td>Poids<\/td><td>2000kg<\/td><\/tr><tr><td>Taille<\/td><td>5500*1550*2100 mm<\/td><\/tr><\/tbody><\/table><\/figure>    <h2 class=\"wp-block-heading\">Avantage de la machine \u00e0 \u00e9caler le ma\u00efs<\/h2>    <ol class=\"wp-block-list\"> <li>Elle poss\u00e8de une tr\u00e9mie d'alimentation automatique, am\u00e9liorant l'efficacit\u00e9 du travail.<\/li>    <li>Haute capacit\u00e9. Sa capacit\u00e9 est de 10-12 t\/h.<\/li>    <li>L'utilisateur peut s'asseoir pour op\u00e9rer, \u00e9conomisant beaucoup d'\u00e9nergie.<\/li>    <li>La sortie \u00e0 l'arri\u00e8re de la machine se connecte toujours \u00e0 un grand sac qui \u00e9vite la poussi\u00e8re et autres impuret\u00e9s volant dans l'air.<\/li>    <li>La partie vibrante peut enti\u00e8rement s\u00e9parer les grains de ma\u00efs des \u00e9pis de ma\u00efs broy\u00e9s qui tombent de l'autre c\u00f4t\u00e9.<\/li>    <li>Une conception sp\u00e9ciale, deux sorties pour d\u00e9charger les \u00e9pis de ma\u00efs broy\u00e9s, am\u00e9liore consid\u00e9rablement le taux de nettoyage.<\/li>    <li>Il y a une petite sortie pour d\u00e9charger les particules de ma\u00efs broy\u00e9es qui peuvent \u00eatre utilis\u00e9es pour nourrir les animaux.<\/li> <\/ol>    <figure class=\"wp-block-image alignnone wp-image-6502 size-full\"><img loading=\"lazy\" decoding=\"async\" width=\"750\" height=\"1467\" src=\"https:\/\/www.agriculture-machine.com\/wp-content\/uploads\/2019\/04\/corn-shelling-machine-.jpg\" alt=\"machine \u00e0 \u00e9caler le ma\u00efs\" class=\"wp-image-6502\" srcset=\"https:\/\/www.agriculture-machine.com\/wp-content\/uploads\/2019\/04\/corn-shelling-machine-.jpg 750w, https:\/\/www.agriculture-machine.com\/wp-content\/uploads\/2019\/04\/corn-shelling-machine--138x270.jpg 138w, https:\/\/www.agriculture-machine.com\/wp-content\/uploads\/2019\/04\/corn-shelling-machine--276x540.jpg 276w\" sizes=\"auto, (max-width: 750px) 100vw, 750px\" \/><figcaption class=\"wp-element-caption\">machine \u00e0 \u00e9caler le ma\u00efs<\/figcaption><\/figure>    <h2 class=\"wp-block-heading\">FAQ de la machine \u00e0 \u00e9caler le ma\u00efs<\/h2>   <div id=\"rank-math-faq\" class=\"rank-math-block\"> <div class=\"rank-math-list\"> <div id=\"faq-question-1772096703108\" class=\"rank-math-list-item\"> <h3 class=\"rank-math-question\">Ai-je besoin d un tracteur ?<\/h3> <div class=\"rank-math-answer\">  <p>Oui, bien s\u00fbr, tracteur de 28-35 ch.<\/p>  <\/div> <\/div> <div id=\"faq-question-1772096710749\" class=\"rank-math-list-item\"> <h3 class=\"rank-math-question\">Quelle est la capacit\u00e9 de cette \u00e9greneuse de ma\u00efs ?<\/h3> <div class=\"rank-math-answer\">  <p>10-12t\/h.<\/p>  <\/div> <\/div> <div id=\"faq-question-1772096728053\" class=\"rank-math-list-item\"> <h3 class=\"rank-math-question\">Cette machine \u00e0 \u00e9caler le ma\u00efs est-elle uniquement pour le ma\u00efs ?<\/h3> <div class=\"rank-math-answer\">  <p>Oui, c'est uniquement pour le battage du ma\u00efs.<\/p>  <\/div> <\/div> <div id=\"faq-question-1772096736518\" class=\"rank-math-list-item\"> <h3 class=\"rank-math-question\">Avez-vous d autres <a href=\"https:\/\/www.agriculture-machine.com\/fr\/maize-sheller\/\"><strong>\u00e9caleuse de ma\u00efs de petite taille<\/strong><\/a>?<\/h3> <div class=\"rank-math-answer\">  <p>Oui, bien s\u00fbr, nous avons aussi d autres types de machines \u00e0 \u00e9caler le ma\u00efs.<\/p>  <\/div> <\/div> <\/div> <\/div>","protected":false},"excerpt":{"rendered":"<p>Ceci est une machine \u00e0 \u00e9caler le ma\u00efs de taille super et une machine peut servir pour tout un village, compatible avec un tracteur de 28-35 ch, donc facile \u00e0 utiliser.<\/p>","protected":false},"author":1,"featured_media":3383,"parent":0,"comment_status":"closed","ping_status":"closed","template":"","tags":[2619],"product-type":[893],"class_list":["post-3374","product","type-product","status-publish","has-post-thumbnail","hentry","tag-sheller","product-type-corn-thresher"],"_links":{"self":[{"href":"https:\/\/www.agriculture-machine.com\/fr\/wp-json\/wp\/v2\/product\/3374","targetHints":{"allow":["GET"]}}],"collection":[{"href":"https:\/\/www.agriculture-machine.com\/fr\/wp-json\/wp\/v2\/product"}],"about":[{"href":"https:\/\/www.agriculture-machine.com\/fr\/wp-json\/wp\/v2\/types\/product"}],"author":[{"embeddable":true,"href":"https:\/\/www.agriculture-machine.com\/fr\/wp-json\/wp\/v2\/users\/1"}],"replies":[{"embeddable":true,"href":"https:\/\/www.agriculture-machine.com\/fr\/wp-json\/wp\/v2\/comments?post=3374"}],"wp:featuredmedia":[{"embeddable":true,"href":"https:\/\/www.agriculture-machine.com\/fr\/wp-json\/wp\/v2\/media\/3383"}],"wp:attachment":[{"href":"https:\/\/www.agriculture-machine.com\/fr\/wp-json\/wp\/v2\/media?parent=3374"}],"wp:term":[{"taxonomy":"post_tag","embeddable":true,"href":"https:\/\/www.agriculture-machine.com\/fr\/wp-json\/wp\/v2\/tags?post=3374"},{"taxonomy":"product-type","embeddable":true,"href":"https:\/\/www.agriculture-machine.com\/fr\/wp-json\/wp\/v2\/product-type?post=3374"}],"curies":[{"name":"wp","href":"https:\/\/api.w.org\/{rel}","templated":true}]}}