{"id":3502,"date":"2019-05-04T05:53:46","date_gmt":"2019-05-03T21:53:46","guid":{"rendered":"https:\/\/www.agriculture-machine.com\/?p=3502"},"modified":"2024-09-23T11:25:52","modified_gmt":"2024-09-23T03:25:52","slug":"high-capacity-beans-peeling-peeler-machine","status":"publish","type":"product","link":"https:\/\/www.agriculture-machine.com\/fr\/high-capacity-beans-peeling-peeler-machine\/","title":{"rendered":"Machine de pelage et d'\u00e9pluchage de haricots \u00e0 haute capacit\u00e9"},"content":{"rendered":"<p class=\"translation-block\">La s\u00e9rie TK-300 <a href=\"https:\/\/www.agriculture-machine.com\/fr\/bean-peeling-machine-green-bean-peeler\/\"><strong>machine \u00e0 \u00e9plucher les haricots<\/strong><\/a> est un nouveau produit con\u00e7u par notre usine, et convient pour \u00e9plucher des f\u00e8ves, des soja, des pois, etc. <\/p>    <p>Cette machine adopte un disque de broyage sp\u00e9cial pour l'\u00e9pluchage de la peau, et l'\u00e9cart peut \u00eatre ajust\u00e9 en fonction de la taille du haricot, prolongeant ainsi la dur\u00e9e de vie, tout en offrant un excellent effet d'\u00e9pluchage.<\/p>    <p>En m\u00eame temps, le s\u00e9parateur est utilis\u00e9 pour s\u00e9parer la peau du haricot et le noyau. Cela r\u00e9duit non seulement le taux de rupture mais am\u00e9liore aussi la qualit\u00e9 du produit fini.<\/p>    <figure class=\"wp-block-image aligncenter is-resized\"><img loading=\"lazy\" decoding=\"async\" width=\"600\" height=\"500\" src=\"https:\/\/www.agriculture-machine.com\/wp-content\/uploads\/2019\/05\/beans-peeling-machine-2.jpg\" alt=\"\" class=\"wp-image-3504\" srcset=\"https:\/\/www.agriculture-machine.com\/wp-content\/uploads\/2019\/05\/beans-peeling-machine-2.jpg 600w, https:\/\/www.agriculture-machine.com\/wp-content\/uploads\/2019\/05\/beans-peeling-machine-2-324x270.jpg 324w\" sizes=\"auto, (max-width: 600px) 100vw, 600px\" \/><\/figure>    <figure class=\"wp-block-image aligncenter\"><img loading=\"lazy\" decoding=\"async\" width=\"600\" height=\"500\" src=\"https:\/\/www.agriculture-machine.com\/wp-content\/uploads\/2019\/05\/beans-peeling-machine-1.jpg\" alt=\"\" class=\"wp-image-3503\" srcset=\"https:\/\/www.agriculture-machine.com\/wp-content\/uploads\/2019\/05\/beans-peeling-machine-1.jpg 600w, https:\/\/www.agriculture-machine.com\/wp-content\/uploads\/2019\/05\/beans-peeling-machine-1-324x270.jpg 324w\" sizes=\"auto, (max-width: 600px) 100vw, 600px\" \/><\/figure>    <h2 class=\"wp-block-heading\" id=\"h-technical-parameter-of-beans-peeling-machine\">Param\u00e8tre technique de la machine \u00e0 \u00e9plucher les haricots<\/h2>    <figure class=\"wp-block-table is-style-stripes\"><table><tbody><tr><td>Puissance<\/td><td>Moteur 0,55-1,5 kW<\/td><\/tr><tr><td>Diam\u00e8tre du disque<\/td><td>300mm<\/td><\/tr><tr><td>Taux d'\u00e9pluchage<\/td><td>95%-98%<\/td><\/tr><tr><td>Taux de s\u00e9paration<\/td><td>95% -98%<\/td><\/tr><tr><td>Capacit\u00e9<\/td><td>200-300kg\/h<\/td><\/tr><tr><td>Poids net<\/td><td>150 KG<\/td><\/tr><tr><td>Taille<\/td><td>400*1400*1300mm<\/td><\/tr><\/tbody><\/table><figcaption class=\"wp-element-caption\">Donn\u00e9es techniques de la machine \u00e0 \u00e9plucher les haricots<\/figcaption><\/figure>    <h2 class=\"wp-block-heading\" id=\"h-working-principle-of-beans-peeling-machine\">Principe de fonctionnement de la machine \u00e0 \u00e9plucher les haricots<\/h2>    <p>Les haricots sont d\u00e9pouill\u00e9s de leur peau par le disque de broyage. Le m\u00e9lange de noyau et de peau entre dans le filtre pour \u00e9liminer les autres poudres aspir\u00e9es par le ventilateur par la suite.<\/p>    <figure class=\"wp-block-image aligncenter\"><img loading=\"lazy\" decoding=\"async\" width=\"600\" height=\"500\" src=\"https:\/\/www.agriculture-machine.com\/wp-content\/uploads\/2019\/05\/beans-peeling-machine-3.jpg\" alt=\"\" class=\"wp-image-3505\" srcset=\"https:\/\/www.agriculture-machine.com\/wp-content\/uploads\/2019\/05\/beans-peeling-machine-3.jpg 600w, https:\/\/www.agriculture-machine.com\/wp-content\/uploads\/2019\/05\/beans-peeling-machine-3-324x270.jpg 324w\" sizes=\"auto, (max-width: 600px) 100vw, 600px\" \/><\/figure>    <h2 class=\"wp-block-heading\" id=\"h-advantage-of-beans-peeling-machine\">Avantages de la machine \u00e0 \u00e9plucher les haricots<\/h2>    <p>1. Taux d'\u00e9pluchage \u00e9lev\u00e9 et taux de s\u00e9paration. Les deux sont de 95%-98%.<br>2. L'\u00e9cart peut \u00eatre ajust\u00e9 en fonction de la taille des diff\u00e9rentes mati\u00e8res premi\u00e8res.<br>3. La machine \u00e0 \u00e9plucher les haricots peut diviser uniform\u00e9ment en deux parts, sans diminuer la nutrition.<br>4. Les haricots \u00e9pluch\u00e9s ont un go\u00fbt plus d\u00e9licieux, largement utilis\u00e9 dans l'industrie de transformation alimentaire.<br>5. Il n'y a pas de haricots cass\u00e9s apr\u00e8s l'\u00e9pluchage.<\/p>    <figure class=\"wp-block-image aligncenter\"><img loading=\"lazy\" decoding=\"async\" width=\"600\" height=\"500\" src=\"https:\/\/www.agriculture-machine.com\/wp-content\/uploads\/2019\/05\/beans-peeling-machine-4.jpg\" alt=\"\" class=\"wp-image-3506\" srcset=\"https:\/\/www.agriculture-machine.com\/wp-content\/uploads\/2019\/05\/beans-peeling-machine-4.jpg 600w, https:\/\/www.agriculture-machine.com\/wp-content\/uploads\/2019\/05\/beans-peeling-machine-4-324x270.jpg 324w\" sizes=\"auto, (max-width: 600px) 100vw, 600px\" \/><\/figure>    <h2 class=\"wp-block-heading\" id=\"h-common-malfunction-and-related-solutions-beans-peeling-machine\">D\u00e9faillance courante et solutions associ\u00e9es \u00e0 la machine \u00e0 \u00e9plucher les haricots<\/h2>    <figure class=\"wp-block-table is-style-stripes\"><table><tbody><tr><td>Dysfonctionnement<\/td><td>Raison<\/td><td>Solution<\/td><\/tr><tr><td>Faible taux d'\u00e9pluchage<\/td><td>le haricot contient trop d'humidit\u00e9<\/td><td>R\u00e9duire l'humidit\u00e9<\/td><\/tr><tr><td>D\u00e9gagement excessif<\/td><td>ajuster le d\u00e9gagement<\/td><\/tr><tr><td>Taux de rupture \u00e9lev\u00e9<\/td><td>trop de mati\u00e8re premi\u00e8re<\/td><td>Placez correctement la mati\u00e8re premi\u00e8re dans l'entr\u00e9e<\/td><\/tr><tr><td>L'\u00e9cart est trop proche<\/td><td>Augmenter l'\u00e9cart<\/td><\/tr><tr><td>La surface du disque est in\u00e9gale<\/td><td>Aplatir sa surface<\/td><\/tr><tr><td>&nbsp;Faible teneur en eau<\/td><td>Ajouter plus d'eau<\/td><\/tr><tr><td>Peaux m\u00e9lang\u00e9es aux noyaux<\/td><td>Blocage de la sortie<\/td><td>Retirer la mati\u00e8re premi\u00e8re<\/td><\/tr><tr><td>Blocage du port du ventilateur<\/td><\/tr><tr><td>Noyaux m\u00e9lang\u00e9s \u00e0 la peau<\/td><td>&nbsp;la vitesse du vent est trop \u00e9lev\u00e9e<\/td><td>ouvrir correctement le r\u00e9gulateur d'air<\/td><\/tr><\/tbody><\/table><figcaption class=\"wp-element-caption\">Solutions en cas de panne de la machine<\/figcaption><\/figure>    <h2 class=\"wp-block-heading\" id=\"h-precautions-of-beans-peeling-machine\">Pr\u00e9cautions pour la machine \u00e0 \u00e9plucher les haricots<\/h2>    <p>1. Les haricots contiennent g\u00e9n\u00e9ralement des mat\u00e9riaux durs comme des cailloux, qui peuvent endommager facilement le disque de broyage lors du traitement. Ils doivent \u00eatre enlev\u00e9s manuellement ou \u00e0 l'aide du tamis.<br>2. Lors de l'utilisation d'une machine \u00e0 \u00e9plucher les haricots, l'usure du disque de broyage ou les impuret\u00e9s (telles que pierres, vis, etc.) dans les haricots rendent la surface du disque in\u00e9gale, ce qui entra\u00eene un faible taux de rupture et une capacit\u00e9 m\u00e9diocre.<\/p>    <p>Si la situation ci-dessus se produit, le disque de broyage peut \u00eatre trait\u00e9 avec un ciseau en fer ou une pi\u00e8ce de coupe en diamant.<br>3. Lors de l'installation du disque de broyage, l'op\u00e9rateur doit faire attention \u00e0 l'\u00e9cart entre les disques de broyage sup\u00e9rieur et inf\u00e9rieur, et le d\u00e9gagement environnant doit \u00eatre \u00e0 peu pr\u00e8s le m\u00eame.<\/p>    <figure class=\"wp-block-image aligncenter\"><img loading=\"lazy\" decoding=\"async\" width=\"600\" height=\"500\" src=\"https:\/\/www.agriculture-machine.com\/wp-content\/uploads\/2019\/05\/beans-peeling-machine-5.jpg\" alt=\"\" class=\"wp-image-3507\" srcset=\"https:\/\/www.agriculture-machine.com\/wp-content\/uploads\/2019\/05\/beans-peeling-machine-5.jpg 600w, https:\/\/www.agriculture-machine.com\/wp-content\/uploads\/2019\/05\/beans-peeling-machine-5-324x270.jpg 324w\" sizes=\"auto, (max-width: 600px) 100vw, 600px\" \/><\/figure>    <h2 class=\"wp-block-heading\" id=\"h-how-to-install-grinding-disc-of-beans-peeling-machine\">Comment installer un disque de broyage de la machine \u00e0 \u00e9plucher les haricots<\/h2>    <p>1. Retirer la tr\u00e9mie d'alimentation de la machine \u00e0 \u00e9plucher les haricots, la plaque de fer et le si\u00e8ge de broyage.<br>2. Installer le disque de broyage.<br>3. D\u00e9sassembler les panneaux avec trois c\u00f4t\u00e9s.<br>4. Marquez un point sur le disque de broyage sup\u00e9rieur (faites une marque), puis faites tourner le disque inf\u00e9rieur et v\u00e9rifiez s'ils sont parall\u00e8les. S'il y a une fluctuation importante de haut en bas, vous devez ajuster la vis sous le disque de broyage pour le rendre parall\u00e8le.<br>5. Faites attention si l'\u00e9cart est le m\u00eame. Sinon, ajustez les quatre vis du couvercle sup\u00e9rieur pour rendre les \u00e9carts sup\u00e9rieur et inf\u00e9rieur parall\u00e8les.<br>6. Ajustez le disque de broyage inf\u00e9rieur vers le haut afin qu'il puisse frapper le disque de broyage sup\u00e9rieur.<\/p>    <h2 class=\"wp-block-heading\" id=\"h-successful-case-of-beans-peeling-machine\">Cas de r\u00e9ussite de la machine \u00e0 \u00e9plucher les haricots<\/h2>    <p>Nous avons vendu 5 ensembles de machines \u00e0 \u00e9plucher les haricots au Canada, et ci-dessous se trouvent les d\u00e9tails d'emballage. Vous pouvez ouvrir le lien suivant pour en savoir plus sur les nouvelles de livraison.<\/p>    <p><strong><a href=\"https:\/\/www.agriculture-machine.com\/fr\/agricultural-machine\/\">Nouvelles de livraison concernant les machines agricoles<\/a><\/strong><\/p>    <h2 class=\"wp-block-heading\" id=\"h-faq-of-beans-peeling-machine\"><img loading=\"lazy\" decoding=\"async\" width=\"600\" height=\"500\" class=\"size-full wp-image-3508 aligncenter\" src=\"https:\/\/www.agriculture-machine.com\/wp-content\/uploads\/2019\/05\/beans-peeling-machine-6.jpg\" alt=\"\" srcset=\"https:\/\/www.agriculture-machine.com\/wp-content\/uploads\/2019\/05\/beans-peeling-machine-6.jpg 600w, https:\/\/www.agriculture-machine.com\/wp-content\/uploads\/2019\/05\/beans-peeling-machine-6-324x270.jpg 324w\" sizes=\"auto, (max-width: 600px) 100vw, 600px\" \/><br>FAQ de la machine \u00e0 \u00e9plucher les haricots<\/h2>   <div id=\"rank-math-faq\" class=\"rank-math-block\"> <div class=\"rank-math-list\"> <div id=\"faq-question-1705656159566\" class=\"rank-math-list-item\"> <h3 class=\"rank-math-question\">La machine peut-elle diviser uniform\u00e9ment les haricots ?<\/h3> <div class=\"rank-math-answer\">  <p>Oui, bien s\u00fbr.<\/p>  <\/div> <\/div> <div id=\"faq-question-1705656165185\" class=\"rank-math-list-item\"> <h3 class=\"rank-math-question\">Quelle est la mati\u00e8re premi\u00e8re ?<\/h3> <div class=\"rank-math-answer\">  <p>La mati\u00e8re premi\u00e8re peut \u00eatre des f\u00e8ves, des soja, des pois, etc.<\/p>  <\/div> <\/div> <div id=\"faq-question-1705656182954\" class=\"rank-math-list-item\"> <h3 class=\"rank-math-question\">Le d\u00e9gagement du disque de broyage peut-il \u00eatre ajust\u00e9 ?<\/h3> <div class=\"rank-math-answer\">  <p>Oui, il peut \u00eatre ajust\u00e9.<\/p>  <\/div> <\/div> <\/div> <\/div>   <h2 class=\"wp-block-heading\">Contactez-nous \u00e0 tout moment<\/h2>    <p>Si vous \u00eates int\u00e9ress\u00e9 par notre machine \u00e0 \u00e9plucher les soja ou si vous avez des questions, n'h\u00e9sitez pas \u00e0 contacter notre \u00e9quipe professionnelle pour des informations d\u00e9taill\u00e9es. Nous attendons avec impatience vos demandes et vous invitons \u00e0 visiter notre usine pour une exp\u00e9rience de premi\u00e8re main. Nous esp\u00e9rons vous fournir d'excellents services et solutions.<\/p>","protected":false},"excerpt":{"rendered":"<p>La s\u00e9rie TK-300, machine \u00e0 \u00e9plucher les haricots, est un nouveau produit con\u00e7u par notre usine, et convient pour \u00e9plucher des f\u00e8ves, des soja, des pois, etc. La s\u00e9paration de la peau du noyau avec un s\u00e9parateur r\u00e9duit le taux de cassure.<\/p>","protected":false},"author":1,"featured_media":3504,"parent":0,"comment_status":"closed","ping_status":"closed","template":"","tags":[2613],"product-type":[902],"class_list":["post-3502","product","type-product","status-publish","has-post-thumbnail","hentry","tag-peeling","product-type-soybean-peeling-machine"],"_links":{"self":[{"href":"https:\/\/www.agriculture-machine.com\/fr\/wp-json\/wp\/v2\/product\/3502","targetHints":{"allow":["GET"]}}],"collection":[{"href":"https:\/\/www.agriculture-machine.com\/fr\/wp-json\/wp\/v2\/product"}],"about":[{"href":"https:\/\/www.agriculture-machine.com\/fr\/wp-json\/wp\/v2\/types\/product"}],"author":[{"embeddable":true,"href":"https:\/\/www.agriculture-machine.com\/fr\/wp-json\/wp\/v2\/users\/1"}],"replies":[{"embeddable":true,"href":"https:\/\/www.agriculture-machine.com\/fr\/wp-json\/wp\/v2\/comments?post=3502"}],"wp:featuredmedia":[{"embeddable":true,"href":"https:\/\/www.agriculture-machine.com\/fr\/wp-json\/wp\/v2\/media\/3504"}],"wp:attachment":[{"href":"https:\/\/www.agriculture-machine.com\/fr\/wp-json\/wp\/v2\/media?parent=3502"}],"wp:term":[{"taxonomy":"post_tag","embeddable":true,"href":"https:\/\/www.agriculture-machine.com\/fr\/wp-json\/wp\/v2\/tags?post=3502"},{"taxonomy":"product-type","embeddable":true,"href":"https:\/\/www.agriculture-machine.com\/fr\/wp-json\/wp\/v2\/product-type?post=3502"}],"curies":[{"name":"wp","href":"https:\/\/api.w.org\/{rel}","templated":true}]}}