{"id":3551,"date":"2019-05-08T04:40:47","date_gmt":"2019-05-07T20:40:47","guid":{"rendered":"https:\/\/www.agriculture-machine.com\/?p=3551"},"modified":"2025-07-11T18:20:20","modified_gmt":"2025-07-11T10:20:20","slug":"4-types-of-automatic-corn-sheller-for-sale-shelling-corn-maize","status":"publish","type":"product","link":"https:\/\/www.agriculture-machine.com\/fr\/4-types-of-automatic-corn-sheller-for-sale-shelling-corn-maize\/","title":{"rendered":"D\u00e9cortiqueur automatique de ma\u00efs | Machine \u00e0 d\u00e9cortiquer le ma\u00efs"},"content":{"rendered":"<p>Les machines automatiques de d\u00e9corticage du ma\u00efs servent \u00e0 s\u00e9parer rapidement les kernels du cob. Nos mod\u00e8les phares TY-80A, TY-80B, TY-80C et TY-80D sont tous \u00e9quip\u00e9s d'une capacit\u00e9 \u00e9lev\u00e9e de 4-6 tonnes\/heure. <\/p>    <p>Ils sont largement utilis\u00e9s dans des sc\u00e9narios tels que les fermes, les coop\u00e9ratives et les zones de plantation agricole, et conviennent particuli\u00e8rement \u00e0 une utilisation centralis\u00e9e dans les zones rurales o\u00f9 l'agriculture est l'activit\u00e9 principale. <\/p>    <p>Une machine peut servir tout un village, am\u00e9liorant consid\u00e9rablement l'efficacit\u00e9 du battage et r\u00e9duisant les co\u00fbts de main-d'\u0153uvre, faisant d'elle un choix id\u00e9al pour les agriculteurs afin d'obtenir un traitement efficace des grains.<\/p>    <figure class=\"wp-block-embed aligncenter is-type-video is-provider-youtube wp-block-embed-youtube wp-embed-aspect-16-9 wp-has-aspect-ratio\"><div class=\"wp-block-embed__wrapper\"> <iframe loading=\"lazy\" title=\"Machine d\u00e9cortiqueur de ma\u00efs super taille 4-6t\/h \/ batteur de ma\u00efs \/ usine de d\u00e9corticage de ma\u00efs\" width=\"500\" height=\"281\" src=\"https:\/\/www.youtube.com\/embed\/wa9sml4IRZo?feature=oembed\" frameborder=\"0\" allow=\"accelerometer; autoplay; clipboard-write; encrypted-media; gyroscope; picture-in-picture; web-share\" referrerpolicy=\"strict-origin-when-cross-origin\" allowfullscreen><\/iframe> <\/div><figcaption class=\"wp-element-caption\">Grande largeur de travail de la machine \u00e0 battre le ma\u00efs<\/figcaption><\/figure>    <h2 class=\"wp-block-heading\">Avantages du d\u00e9cortiqueur de ma\u00efs en forte vente<\/h2>    <ul class=\"wp-block-list\"> <li>Taux de d\u00e9germentation \u00e9lev\u00e9 : le taux de d\u00e9germentation atteint 99,5 % ou plus, avec presque pas de cassure et de r\u00e9sidus.<\/li>    <li>Impuret\u00e9 extr\u00eamement faible : apr\u00e8s le syst\u00e8me de tri par vent et de criblage par vibration, la graine de ma\u00efs est propre et sans impuret\u00e9, le taux d'impuret\u00e9 est inf\u00e9rieur \u00e0 1 %.<\/li>    <li>Forte capacit\u00e9 de production : la capacit\u00e9 de d\u00e9corticage du ma\u00efs peut atteindre 4-6 tonnes par heure, d\u00e9passant largement les produits similaires sur le march\u00e9.<\/li>    <li>alimentation automatique : \u00e9quip\u00e9e d'une tr\u00e9mie d'alimentation automatique, am\u00e9liorant efficacement la vitesse d'alimentation et r\u00e9duisant la main-d'\u0153uvre.<\/li>    <li>Structure avanc\u00e9e : tambour de battage int\u00e9gr\u00e9, ventilateur, \u00e9l\u00e9vateur, aspirateur de balle et syst\u00e8me de criblage int\u00e9gr\u00e9s, r\u00e9alisation du nettoyage et de la s\u00e9lection automatiques.<\/li>    <li>Plusieurs choix d'alimentation : \u00e9quip\u00e9 d'un moteur diesel de 15 ch ou d'un moteur de 7,5 kW, flexible pour s'adapter \u00e0 diff\u00e9rents environnements d'alimentation.<\/li>    <li>Adapt\u00e9 \u00e0 une utilisation rurale collective : efficacit\u00e9 et durabilit\u00e9 \u00e9lev\u00e9es, une machine partag\u00e9e par de nombreuses familles, adapt\u00e9e aux coop\u00e9ratives agricoles et \u00e0 l'op\u00e9ration centralis\u00e9e rurale.<\/li> <\/ul>    <figure class=\"wp-block-gallery has-nested-images columns-2 is-cropped wp-block-gallery-2 is-layout-flex wp-block-gallery-is-layout-flex\"> <figure class=\"wp-block-image size-large\"><img loading=\"lazy\" decoding=\"async\" width=\"600\" height=\"500\" data-id=\"3561\" src=\"https:\/\/www.agriculture-machine.com\/wp-content\/uploads\/2019\/05\/corn-shelling-machine-9.jpg\" alt=\"\" class=\"wp-image-3561\" srcset=\"https:\/\/www.agriculture-machine.com\/wp-content\/uploads\/2019\/05\/corn-shelling-machine-9.jpg 600w, https:\/\/www.agriculture-machine.com\/wp-content\/uploads\/2019\/05\/corn-shelling-machine-9-324x270.jpg 324w\" sizes=\"auto, (max-width: 600px) 100vw, 600px\" \/><figcaption class=\"wp-element-caption\">d\u00e9cortiqueur automatique de ma\u00efs<\/figcaption><\/figure>    <figure class=\"wp-block-image size-large\"><img loading=\"lazy\" decoding=\"async\" width=\"600\" height=\"500\" data-id=\"3560\" src=\"https:\/\/www.agriculture-machine.com\/wp-content\/uploads\/2019\/05\/corn-shelling-machine-8.jpg\" alt=\"\" class=\"wp-image-3560\" srcset=\"https:\/\/www.agriculture-machine.com\/wp-content\/uploads\/2019\/05\/corn-shelling-machine-8.jpg 600w, https:\/\/www.agriculture-machine.com\/wp-content\/uploads\/2019\/05\/corn-shelling-machine-8-324x270.jpg 324w\" sizes=\"auto, (max-width: 600px) 100vw, 600px\" \/><figcaption class=\"wp-element-caption\">d\u00e9cortiqueur automatique de ma\u00efs<\/figcaption><\/figure> <\/figure>    <figure class=\"wp-block-gallery has-nested-images columns-2 is-cropped wp-block-gallery-3 is-layout-flex wp-block-gallery-is-layout-flex\"> <figure class=\"wp-block-image size-large\"><img loading=\"lazy\" decoding=\"async\" width=\"600\" height=\"500\" data-id=\"3565\" src=\"https:\/\/www.agriculture-machine.com\/wp-content\/uploads\/2019\/05\/corn-shelling-machine-13.jpg\" alt=\"\" class=\"wp-image-3565\" srcset=\"https:\/\/www.agriculture-machine.com\/wp-content\/uploads\/2019\/05\/corn-shelling-machine-13.jpg 600w, https:\/\/www.agriculture-machine.com\/wp-content\/uploads\/2019\/05\/corn-shelling-machine-13-324x270.jpg 324w\" sizes=\"auto, (max-width: 600px) 100vw, 600px\" \/><figcaption class=\"wp-element-caption\">site de d\u00e9corticage du ma\u00efs<\/figcaption><\/figure>    <figure class=\"wp-block-image size-large\"><img loading=\"lazy\" decoding=\"async\" width=\"600\" height=\"500\" data-id=\"3564\" src=\"https:\/\/www.agriculture-machine.com\/wp-content\/uploads\/2019\/05\/corn-shelling-machine-12.jpg\" alt=\"\" class=\"wp-image-3564\" srcset=\"https:\/\/www.agriculture-machine.com\/wp-content\/uploads\/2019\/05\/corn-shelling-machine-12.jpg 600w, https:\/\/www.agriculture-machine.com\/wp-content\/uploads\/2019\/05\/corn-shelling-machine-12-324x270.jpg 324w\" sizes=\"auto, (max-width: 600px) 100vw, 600px\" \/><figcaption class=\"wp-element-caption\">site de d\u00e9corticage du ma\u00efs<\/figcaption><\/figure> <\/figure>    <h2 class=\"wp-block-heading\">Principe de fonctionnement du batteur de ma\u00efs<\/h2>    <ol class=\"wp-block-list\"> <li>Alimentation automatique : placez l'ensemble de la t\u00eate de ma\u00efs sur le convoyeur d'alimentation automatique, et l'\u00e9quipement l'alimente automatiquement dans la chambre de battage.<\/li>    <li>D\u00e9corticage et s\u00e9paration : le rouleau dans la chambre de battage tourne \u00e0 grande vitesse, enroulant et frottant le ma\u00efs, s\u00e9parant les kernels des \u00e9pis.<\/li>    <li>Criblage pr\u00e9liminaire des kernels : les kernels battus avec une petite quantit\u00e9 d'impuret\u00e9s tombent dans l'agitateur et sont envoy\u00e9s au \u00e9cran par l'ascenseur.<\/li>    <li>s\u00e9paration des impuret\u00e9s : les impuret\u00e9s plus petites tombent \u00e0 travers l'ouverture de l'\u00e9cran, et les impuret\u00e9s plus grosses se d\u00e9placent avec le ma\u00efs vers la bouche de d\u00e9charge.<\/li>    <li>Purification secondaire : un ventilateur \u00e0 vide haute efficacit\u00e9 aspire automatiquement les petites impuret\u00e9s comme les enveloppes de ma\u00efs pour augmenter le taux net de semences.<\/li>    <li>Collection des kernels : les graines de ma\u00efs propres et cribl\u00e9es entrent dans le sac de collecte ou le dispositif de d\u00e9charge depuis la bouche d'\u00e9vacuation sur l'\u00e9cran.<\/li>    <li>D\u00e9charge des kernels : les kernels apr\u00e8s battage se d\u00e9chargent automatiquement par l'orifice de paille, pratique pour le traitement unifi\u00e9 ou le recyclage.<\/li> <\/ol>    <figure class=\"wp-block-embed aligncenter is-type-video is-provider-youtube wp-block-embed-youtube wp-embed-aspect-16-9 wp-has-aspect-ratio\"><div class=\"wp-block-embed__wrapper\"> <iframe loading=\"lazy\" title=\"D\u00e9cortiqueur efficace de ma\u00efs et batteur de ma\u00efs : rationalisez votre processus de r\u00e9colte\u00a0!#ma\u00efs #ma\u00efs\" width=\"500\" height=\"281\" src=\"https:\/\/www.youtube.com\/embed\/FE4BLC6WuxE?feature=oembed\" frameborder=\"0\" allow=\"accelerometer; autoplay; clipboard-write; encrypted-media; gyroscope; picture-in-picture; web-share\" referrerpolicy=\"strict-origin-when-cross-origin\" allowfullscreen><\/iframe> <\/div><figcaption class=\"wp-element-caption\">Vid\u00e9o de fonctionnement d'une grande machine de d\u00e9corticage de ma\u00efs<\/figcaption><\/figure>    <h2 class=\"wp-block-heading\">Three fa\u00e7ons de collecter les graines de ma\u00efs<\/h2>    <ol class=\"wp-block-list\"> <li>R\u00e9pandre sur le sol : les graines de ma\u00efs peuvent \u00eatre d\u00e9charg\u00e9es directement dans le sol, adapt\u00e9es au traitement ult\u00e9rieur de s\u00e9chage et de dess\u00e8chement.<\/li>    <li>Sac de collecte : reli\u00e9 \u00e0 un sac en tissu via l'interface, les graines de ma\u00efs propres sont directement mises en sac et stock\u00e9es, ce qui facilite le transport et le stockage.<\/li>    <li>Chargement par chariot : les graines peuvent \u00e9galement \u00eatre d\u00e9charg\u00e9es dans un chariot, adapt\u00e9 au transport centralis\u00e9 ou \u00e0 la vente sur site aux acheteurs et d\u00e9taillants.<\/li> <\/ol>    <figure class=\"wp-block-gallery has-nested-images columns-2 is-cropped wp-block-gallery-4 is-layout-flex wp-block-gallery-is-layout-flex\"> <figure class=\"wp-block-image size-large\"><img loading=\"lazy\" decoding=\"async\" width=\"600\" height=\"500\" data-id=\"3557\" src=\"https:\/\/www.agriculture-machine.com\/wp-content\/uploads\/2019\/05\/corn-shelling-machine-5.jpg\" alt=\"\" class=\"wp-image-3557\" srcset=\"https:\/\/www.agriculture-machine.com\/wp-content\/uploads\/2019\/05\/corn-shelling-machine-5.jpg 600w, https:\/\/www.agriculture-machine.com\/wp-content\/uploads\/2019\/05\/corn-shelling-machine-5-324x270.jpg 324w\" sizes=\"auto, (max-width: 600px) 100vw, 600px\" \/><figcaption class=\"wp-element-caption\">machine de battage du ma\u00efs<\/figcaption><\/figure>    <figure class=\"wp-block-image size-large\"><img loading=\"lazy\" decoding=\"async\" width=\"600\" height=\"500\" data-id=\"3553\" src=\"https:\/\/www.agriculture-machine.com\/wp-content\/uploads\/2019\/05\/corn-shelling-machine-1.jpg\" alt=\"\" class=\"wp-image-3553\" srcset=\"https:\/\/www.agriculture-machine.com\/wp-content\/uploads\/2019\/05\/corn-shelling-machine-1.jpg 600w, https:\/\/www.agriculture-machine.com\/wp-content\/uploads\/2019\/05\/corn-shelling-machine-1-324x270.jpg 324w\" sizes=\"auto, (max-width: 600px) 100vw, 600px\" \/><figcaption class=\"wp-element-caption\">machine de battage du ma\u00efs<\/figcaption><\/figure> <\/figure>    <figure class=\"wp-block-gallery has-nested-images columns-2 is-cropped wp-block-gallery-5 is-layout-flex wp-block-gallery-is-layout-flex\"> <figure class=\"wp-block-image size-large\"><img loading=\"lazy\" decoding=\"async\" width=\"600\" height=\"500\" data-id=\"3559\" src=\"https:\/\/www.agriculture-machine.com\/wp-content\/uploads\/2019\/05\/corn-shelling-machine-7.jpg\" alt=\"\" class=\"wp-image-3559\" srcset=\"https:\/\/www.agriculture-machine.com\/wp-content\/uploads\/2019\/05\/corn-shelling-machine-7.jpg 600w, https:\/\/www.agriculture-machine.com\/wp-content\/uploads\/2019\/05\/corn-shelling-machine-7-324x270.jpg 324w\" sizes=\"auto, (max-width: 600px) 100vw, 600px\" \/><figcaption class=\"wp-element-caption\">site de d\u00e9corticage du ma\u00efs<\/figcaption><\/figure>    <figure class=\"wp-block-image size-large\"><img loading=\"lazy\" decoding=\"async\" width=\"600\" height=\"500\" data-id=\"3558\" src=\"https:\/\/www.agriculture-machine.com\/wp-content\/uploads\/2019\/05\/corn-shelling-machine-6.jpg\" alt=\"\" class=\"wp-image-3558\" srcset=\"https:\/\/www.agriculture-machine.com\/wp-content\/uploads\/2019\/05\/corn-shelling-machine-6.jpg 600w, https:\/\/www.agriculture-machine.com\/wp-content\/uploads\/2019\/05\/corn-shelling-machine-6-324x270.jpg 324w\" sizes=\"auto, (max-width: 600px) 100vw, 600px\" \/><figcaption class=\"wp-element-caption\">site de d\u00e9corticage du ma\u00efs<\/figcaption><\/figure> <\/figure>    <h2 class=\"wp-block-heading\">Param\u00e8tres techniques de la machine d\u00e9colleuse de ma\u00efs<\/h2>    <figure class=\"wp-block-table is-style-stripes\"><table><tbody><tr><td>Mod\u00e8le<\/td><td>TY-80A<\/td><td>TY-80B<\/td><td>TY-80C<\/td><td>TY-80D<\/td><\/tr><tr><td>Puissance<\/td><td>Moteur diesel de 15HP ou moteur de 7,5 KW<\/td><td>Moteur diesel de 15HP ou moteur de 7,5 KW<\/td><td>Moteur diesel de 15HP ou moteur de 7,5 KW<\/td><td>Moteur diesel de 15HP ou moteur de 7,5 KW<\/td><\/tr><tr><td>Capacit\u00e9<\/td><td>4t\/h (graines de ma\u00efs)<\/td><td>5t\/h (graines de ma\u00efs)<\/td><td>5t\/h (graines de ma\u00efs)<\/td><td>6t\/h (graines de ma\u00efs)<\/td><\/tr><tr><td>Taux de battage<\/td><td>\u226599,5%<\/td><td>&nbsp;\u226599,5%<\/td><td>\u226599,5%<\/td><td>\u226599,5%<\/td><\/tr><tr><td>Taux de perte<\/td><td>\u22642,0%<\/td><td>\u22642,0%<\/td><td>\u22642,0%<\/td><td>\u22642,0%<\/td><\/tr><tr><td>Taux de cassure<\/td><td>\u22641,5%<\/td><td>\u22641,5%<\/td><td>\u22641,5%<\/td><td>\u22641,5%<\/td><\/tr><tr><td>Taux d'impuret\u00e9<\/td><td>\u22641,0%<\/td><td>\u22641,0%<\/td><td>\u22641,0%<\/td><td>\u22641,0%<\/td><\/tr><tr><td>Poids<\/td><td>200kg<\/td><td>230 kg<\/td><td>320 kg<\/td><td>350 kg<\/td><\/tr><tr><td>Taille<\/td><td>2360*1360*1480 mm<\/td><td>2360*1360*2000 mm<\/td><td>3860*1360*1480 mm<\/td><td>3860*1360*2480 mm<\/td><\/tr><\/tbody><\/table><figcaption class=\"wp-element-caption\">Informations d\u00e9taill\u00e9es sur la machine de d\u00e9corticage de ma\u00efs<\/figcaption><\/figure>    <p class=\"translation-block\">TY-80A TY-80C TY-80B TY-80D<\/p>    <figure class=\"wp-block-gallery has-nested-images columns-2 is-cropped wp-block-gallery-6 is-layout-flex wp-block-gallery-is-layout-flex\"> <figure class=\"wp-block-image size-large\"><img loading=\"lazy\" decoding=\"async\" width=\"600\" height=\"500\" data-id=\"3562\" src=\"https:\/\/www.agriculture-machine.com\/wp-content\/uploads\/2019\/05\/corn-shelling-machine-10.jpg\" alt=\"\" class=\"wp-image-3562\" srcset=\"https:\/\/www.agriculture-machine.com\/wp-content\/uploads\/2019\/05\/corn-shelling-machine-10.jpg 600w, https:\/\/www.agriculture-machine.com\/wp-content\/uploads\/2019\/05\/corn-shelling-machine-10-324x270.jpg 324w\" sizes=\"auto, (max-width: 600px) 100vw, 600px\" \/><figcaption class=\"wp-element-caption\">d\u00e9corticage de ma\u00efs<\/figcaption><\/figure>    <figure class=\"wp-block-image size-large\"><img loading=\"lazy\" decoding=\"async\" width=\"540\" height=\"540\" data-id=\"3566\" src=\"https:\/\/www.agriculture-machine.com\/wp-content\/uploads\/2019\/05\/corn-shelling-machine-14-540x540.jpg\" alt=\"\" class=\"wp-image-3566\" srcset=\"https:\/\/www.agriculture-machine.com\/wp-content\/uploads\/2019\/05\/corn-shelling-machine-14-540x540.jpg 540w, https:\/\/www.agriculture-machine.com\/wp-content\/uploads\/2019\/05\/corn-shelling-machine-14-270x270.jpg 270w, https:\/\/www.agriculture-machine.com\/wp-content\/uploads\/2019\/05\/corn-shelling-machine-14.jpg 750w\" sizes=\"auto, (max-width: 540px) 100vw, 540px\" \/><figcaption class=\"wp-element-caption\">d\u00e9corticage de ma\u00efs<\/figcaption><\/figure> <\/figure>    <p class=\"translation-block\"><strong><span style=\"color: #ff0000\">TY-80C TY-80D<\/span><\/strong><\/p>    <figure class=\"wp-block-gallery has-nested-images columns-2 is-cropped wp-block-gallery-7 is-layout-flex wp-block-gallery-is-layout-flex\"> <figure class=\"wp-block-image size-large\"><img loading=\"lazy\" decoding=\"async\" width=\"540\" height=\"540\" data-id=\"3568\" src=\"https:\/\/www.agriculture-machine.com\/wp-content\/uploads\/2019\/05\/corn-shelling-machine-16-540x540.jpg\" alt=\"Machine \u00e0 \u00e9grener le ma\u00efs\" class=\"wp-image-3568\" srcset=\"https:\/\/www.agriculture-machine.com\/wp-content\/uploads\/2019\/05\/corn-shelling-machine-16-540x540.jpg 540w, https:\/\/www.agriculture-machine.com\/wp-content\/uploads\/2019\/05\/corn-shelling-machine-16-270x270.jpg 270w, https:\/\/www.agriculture-machine.com\/wp-content\/uploads\/2019\/05\/corn-shelling-machine-16.jpg 750w\" sizes=\"auto, (max-width: 540px) 100vw, 540px\" \/><figcaption class=\"wp-element-caption\">Machine \u00e0 \u00e9grener le ma\u00efs<\/figcaption><\/figure>    <figure class=\"wp-block-image size-large\"><img loading=\"lazy\" decoding=\"async\" width=\"540\" height=\"540\" data-id=\"3567\" src=\"https:\/\/www.agriculture-machine.com\/wp-content\/uploads\/2019\/05\/corn-shelling-machine-15-540x540.jpg\" alt=\"machine \u00e0 d\u00e9cortiquer le ma\u00efs\" class=\"wp-image-3567\" srcset=\"https:\/\/www.agriculture-machine.com\/wp-content\/uploads\/2019\/05\/corn-shelling-machine-15-540x540.jpg 540w, https:\/\/www.agriculture-machine.com\/wp-content\/uploads\/2019\/05\/corn-shelling-machine-15-270x270.jpg 270w, https:\/\/www.agriculture-machine.com\/wp-content\/uploads\/2019\/05\/corn-shelling-machine-15.jpg 750w\" sizes=\"auto, (max-width: 540px) 100vw, 540px\" \/><figcaption class=\"wp-element-caption\">machine \u00e0 d\u00e9cortiquer le ma\u00efs<\/figcaption><\/figure> <\/figure>    <h2 class=\"wp-block-heading\">Cas r\u00e9ussi de machine de d\u00e9corticage du ma\u00efs<\/h2>    <p>Le mois dernier, nous avons vendu 20 ensembles de machines \u00e0 batteur de ma\u00efs, et ci-dessous les photos de livraison.<\/p>    <figure class=\"wp-block-gallery has-nested-images columns-2 is-cropped wp-block-gallery-8 is-layout-flex wp-block-gallery-is-layout-flex\"> <figure class=\"wp-block-image size-large\"><img loading=\"lazy\" decoding=\"async\" width=\"600\" height=\"500\" data-id=\"3563\" src=\"https:\/\/www.agriculture-machine.com\/wp-content\/uploads\/2019\/05\/corn-shelling-machine-11.jpg\" alt=\"\" class=\"wp-image-3563\" srcset=\"https:\/\/www.agriculture-machine.com\/wp-content\/uploads\/2019\/05\/corn-shelling-machine-11.jpg 600w, https:\/\/www.agriculture-machine.com\/wp-content\/uploads\/2019\/05\/corn-shelling-machine-11-324x270.jpg 324w\" sizes=\"auto, (max-width: 600px) 100vw, 600px\" \/><figcaption class=\"wp-element-caption\">site de livraison de la d\u00e9cortiqueuse de ma\u00efs<\/figcaption><\/figure>    <figure class=\"wp-block-image size-large\"><img loading=\"lazy\" decoding=\"async\" width=\"600\" height=\"500\" data-id=\"3556\" src=\"https:\/\/www.agriculture-machine.com\/wp-content\/uploads\/2019\/05\/corn-shelling-machine-4.jpg\" alt=\"\" class=\"wp-image-3556\" srcset=\"https:\/\/www.agriculture-machine.com\/wp-content\/uploads\/2019\/05\/corn-shelling-machine-4.jpg 600w, https:\/\/www.agriculture-machine.com\/wp-content\/uploads\/2019\/05\/corn-shelling-machine-4-324x270.jpg 324w\" sizes=\"auto, (max-width: 600px) 100vw, 600px\" \/><figcaption class=\"wp-element-caption\">site de livraison de la d\u00e9cortiqueuse de ma\u00efs<\/figcaption><\/figure> <\/figure>    <p class=\"translation-block\">Nous avons \u00e9galement une petite machine d\u00e9cortiqueuse de ma\u00efs (Produit li\u00e9 : <strong><em><a href=\"https:\/\/www.agriculture-machine.com\/fr\/maize-peeler-and-thresher\/\">Corn Thresher Machine | Corn Sheller | Maize Peeler and Thresher<\/a><\/em><\/strong>). Vous pouvez nous demander d'en savoir plus.<\/p>    <h2 class=\"wp-block-heading\">FAQ\u00a0<\/h2>   <div id=\"rank-math-faq\" class=\"rank-math-block\"> <div class=\"rank-math-list\"> <div id=\"faq-question-1705306051658\" class=\"rank-math-list-item\"> <h3 class=\"rank-math-question\">Quelle est la diff\u00e9rence entre les 4 types de machines de d\u00e9corticage de ma\u00efs \u00e0 vendre ?<\/h3> <div class=\"rank-math-answer\">  <p>entr\u00e9e d'alimentation automatique et \u00e9l\u00e9vateur long peuvent am\u00e9liorer l'efficacit\u00e9 de travail, ainsi 4 types de machines de d\u00e9corticage de ma\u00efs ont des capacit\u00e9s diff\u00e9rentes.<\/p>  <\/div> <\/div> <div id=\"faq-question-1705306055514\" class=\"rank-math-list-item\"> <h3 class=\"rank-math-question\">Quelles sont leurs capacit\u00e9s ?<\/h3> <div class=\"rank-math-answer\">  <p>4-6t\/h.<\/p>  <\/div> <\/div> <div id=\"faq-question-1705306086956\" class=\"rank-math-list-item\"> <h3 class=\"rank-math-question\">Pourquoi les cobs de ma\u00efs sont-ils trop fragiles ?<\/h3> <div class=\"rank-math-answer\">  <p>Les \u00e9pis de ma\u00efs peuvent \u00eatre pourris ou le trou de d\u00e9charge est assez lent.<\/p>  <\/div> <\/div> <div id=\"faq-question-1705306094155\" class=\"rank-math-list-item\"> <h3 class=\"rank-math-question\">Pourquoi y a-t-il autant d'impuret\u00e9s ?<\/h3> <div class=\"rank-math-answer\">  <p>Le retrait d'une ou deux pi\u00e8ces de d\u00e9charge peut am\u00e9liorer le taux de battage.<\/p>  <\/div> <\/div> <div id=\"faq-question-1705306102883\" class=\"rank-math-list-item\"> <h3 class=\"rank-math-question\">La pente du \u00e9cran vibrant peut-elle \u00eatre ajustable ?<\/h3> <div class=\"rank-math-answer\">  <p>Oui, vous pouvez ajuster la hauteur des deux cadres de support.<\/p>  <\/div> <\/div> <div id=\"faq-question-1705306123589\" class=\"rank-math-list-item\"> <h3 class=\"rank-math-question\">La machine peut-elle \u00e9plucher et battre le ma\u00efs ?<\/h3> <div class=\"rank-math-answer\">  <p>Cette machine est une batteuse de ma\u00efs de grand volume, nous avons une machine d'\u00e9pluchage du ma\u00efs s\u00e9par\u00e9e.<\/p>  <\/div> <\/div> <\/div> <\/div>   <h2 class=\"wp-block-heading\">Contactez-nous \u00e0 tout moment<\/h2>    <p class=\"translation-block\">Nous vous remercions de votre attention et de la lecture de notre <a href=\"https:\/\/en.wikipedia.org\/wiki\/Maize\" target=\"_blank\" rel=\"noopener\">maize<\/a> machine de d\u00e9corticage du ma\u00efs. Si vous avez d'autres questions ou si vous avez besoin d'obtenir des informations plus d\u00e9taill\u00e9es, notre \u00e9quipe professionnelle est toujours \u00e0 votre service. Vous \u00eates invit\u00e9 \u00e0 nous contacter \u00e0 tout moment, et nous serons heureux de r\u00e9pondre \u00e0 vos pr\u00e9occupations.<\/p>","protected":false},"excerpt":{"rendered":"<p>Cette machine de d\u00e9corticage de ma\u00efs est facile \u00e0 manipuler et compacte dans son design, adapt\u00e9e \u00e0 des fermes de toutes tailles. Elle peut d\u00e9tacher efficacement et rapidement le ma\u00efs du cob et augmenter la productivit\u00e9.<\/p>","protected":false},"author":1,"featured_media":3569,"parent":0,"comment_status":"closed","ping_status":"closed","template":"","tags":[491,481],"product-type":[893],"class_list":["post-3551","product","type-product","status-publish","has-post-thumbnail","hentry","tag-corn","tag-maize","product-type-corn-thresher"],"_links":{"self":[{"href":"https:\/\/www.agriculture-machine.com\/fr\/wp-json\/wp\/v2\/product\/3551","targetHints":{"allow":["GET"]}}],"collection":[{"href":"https:\/\/www.agriculture-machine.com\/fr\/wp-json\/wp\/v2\/product"}],"about":[{"href":"https:\/\/www.agriculture-machine.com\/fr\/wp-json\/wp\/v2\/types\/product"}],"author":[{"embeddable":true,"href":"https:\/\/www.agriculture-machine.com\/fr\/wp-json\/wp\/v2\/users\/1"}],"replies":[{"embeddable":true,"href":"https:\/\/www.agriculture-machine.com\/fr\/wp-json\/wp\/v2\/comments?post=3551"}],"wp:featuredmedia":[{"embeddable":true,"href":"https:\/\/www.agriculture-machine.com\/fr\/wp-json\/wp\/v2\/media\/3569"}],"wp:attachment":[{"href":"https:\/\/www.agriculture-machine.com\/fr\/wp-json\/wp\/v2\/media?parent=3551"}],"wp:term":[{"taxonomy":"post_tag","embeddable":true,"href":"https:\/\/www.agriculture-machine.com\/fr\/wp-json\/wp\/v2\/tags?post=3551"},{"taxonomy":"product-type","embeddable":true,"href":"https:\/\/www.agriculture-machine.com\/fr\/wp-json\/wp\/v2\/product-type?post=3551"}],"curies":[{"name":"wp","href":"https:\/\/api.w.org\/{rel}","templated":true}]}}