{"id":3696,"date":"2019-05-17T23:32:03","date_gmt":"2019-05-17T15:32:03","guid":{"rendered":"https:\/\/www.agriculture-machine.com\/?p=3696"},"modified":"2024-09-18T16:22:54","modified_gmt":"2024-09-18T08:22:54","slug":"4-15t-h-grass-cutting-machine-cutting-wet-grass-grass-cutter","status":"publish","type":"product","link":"https:\/\/www.agriculture-machine.com\/fr\/4-15t-h-grass-cutting-machine-cutting-wet-grass-grass-cutter\/","title":{"rendered":"Machine de coupe d\u2019herbe 4-15t\/h \/ coupe d\u2019herbe humide \/ coupe-herbe"},"content":{"rendered":"<p>La s\u00e9rie 9RSZ de machines \u00e0 couper l'herbe coupe toutes sortes d'herbes et offre une haute efficacit\u00e9 de travail, c'est-\u00e0-dire 4t-15t\/h, avec diff\u00e9rentes capacit\u00e9s selon les mod\u00e8les. Les coupeuses peuvent broyer l'herbe en formes filiformes, ce qui am\u00e9liore la digestion lors de l'alimentation des animaux.<\/p>    <figure class=\"wp-block-embed is-type-video is-provider-youtube wp-block-embed-youtube wp-embed-aspect-16-9 wp-has-aspect-ratio\"><div class=\"wp-block-embed__wrapper\"> <iframe loading=\"lazy\" title=\"Retour d&#039;information du client philippin sur la machine \u00e0 paille\" width=\"500\" height=\"281\" src=\"https:\/\/www.youtube.com\/embed\/Db5R1KqPhMo?feature=oembed\" frameborder=\"0\" allow=\"accelerometer; autoplay; clipboard-write; encrypted-media; gyroscope; picture-in-picture; web-share\" referrerpolicy=\"strict-origin-when-cross-origin\" allowfullscreen><\/iframe> <\/div><figcaption class=\"wp-element-caption\">Vid\u00e9o de fonctionnement de la machine \u00e0 couper l'herbe<\/figcaption><\/figure>    <p class=\"translation-block\"><span style=\"color: #ff0000\"><strong>type un : coupeuse de paille 4t\/h<\/strong><\/span><\/p>    <figure class=\"wp-block-image aligncenter wp-image-3704 size-full\"><img loading=\"lazy\" decoding=\"async\" width=\"600\" height=\"500\" src=\"https:\/\/www.agriculture-machine.com\/wp-content\/uploads\/2019\/05\/chaff-cutter-8.jpg\" alt=\"Machine \u00e0 couper l&#039;herbe\" class=\"wp-image-3704\" srcset=\"https:\/\/www.agriculture-machine.com\/wp-content\/uploads\/2019\/05\/chaff-cutter-8.jpg 600w, https:\/\/www.agriculture-machine.com\/wp-content\/uploads\/2019\/05\/chaff-cutter-8-324x270.jpg 324w\" sizes=\"auto, (max-width: 600px) 100vw, 600px\" \/><figcaption class=\"wp-element-caption\">Machine \u00e0 couper l'herbe<\/figcaption><\/figure>    <figure class=\"wp-block-image aligncenter wp-image-3703 size-full\"><img loading=\"lazy\" decoding=\"async\" width=\"600\" height=\"500\" src=\"https:\/\/www.agriculture-machine.com\/wp-content\/uploads\/2019\/05\/chaff-cutter-7.jpg\" alt=\"Machine \u00e0 couper la paille\" class=\"wp-image-3703\" srcset=\"https:\/\/www.agriculture-machine.com\/wp-content\/uploads\/2019\/05\/chaff-cutter-7.jpg 600w, https:\/\/www.agriculture-machine.com\/wp-content\/uploads\/2019\/05\/chaff-cutter-7-324x270.jpg 324w\" sizes=\"auto, (max-width: 600px) 100vw, 600px\" \/><figcaption class=\"wp-element-caption\">Machine \u00e0 couper la paille<\/figcaption><\/figure>    <h2 class=\"wp-block-heading\"><strong><b>Structure de la coupe de gazon <\/b><\/strong>machine<\/h2>    <p class=\"translation-block\"><strong><b>1. <\/b><\/strong>Sortie de d\u00e9charge 2. Corps 3. Rotor 4. Dispositif d'alimentation et de d\u00e9chiquetage 5. Moteur \u00e0 engrenages 6. Fente d'alimentation 7. Ch\u00e2ssis 8. Couverture de protection 9. Moteur du rotor 10. Roue de marche<\/p>    <h2 class=\"wp-block-heading\"><strong><b>Param\u00e8tre technique du coupe-herbe<\/b><\/strong><\/h2>    <figure class=\"wp-block-table is-style-stripes\"><table><tbody><tr><td>Mod\u00e8le<\/td><td>9RSZ-4<\/td><td>9RSZ-6<\/td><td>9RSZ-10<\/td><td>9RSZ-15<\/td><\/tr><tr><td>Puissance<\/td><td>7.5KW<\/td><td>15 2.2KW<\/td><td>22 3KW<\/td><td>30 5.5KW<\/td><\/tr><tr><td>Largeur du plateau d'alimentation<\/td><td>2860r\/min<\/td><td>2860r\/min<\/td><td>2860r\/min<\/td><td>2100r\/min<\/td><\/tr><tr><td>Capacit\u00e9<\/td><td>4t\/h<\/td><td>6t\/h<\/td><td>10t\/h<\/td><td>15t\/h<\/td><\/tr><tr><td>Quantit\u00e9 de lames<\/td><td>32PCS<\/td><td>40PCS<\/td><td>48PCS<\/td><td>64PCS<\/td><\/tr><tr><td>Largeur du plateau d'alimentation<\/td><td>240mm<\/td><td>300mm<\/td><td>500mm<\/td><td>800mm<\/td><\/tr><tr><td>Distance de projection<\/td><td>Plus de 2300mm<\/td><td>Plus de 2300mm<\/td><td>Plus de 2300mm<\/td><td>Plus de 2300mm<\/td><\/tr><tr><td>Dimension<\/td><td>2000*750*800mm<\/td><td>3000*900*1050mm<\/td><td>3600*930*1240mm<\/td><td>4200*1170*1250mm<\/td><\/tr><tr><td>Poids<\/td><td>300kg<\/td><td>980kg<\/td><td>1100kg<\/td><td>1400kg<\/td><\/tr><\/tbody><\/table><figcaption class=\"wp-element-caption\">Donn\u00e9es techniques de la coupeuse de paille<\/figcaption><\/figure>    <p class=\"translation-block\"><strong><span style=\"color: #ff0000\">type deux : machine \u00e0 couper l'herbe 6t\/h<\/span><\/strong><\/p>    <figure class=\"wp-block-image aligncenter wp-image-3701 size-full\"><img loading=\"lazy\" decoding=\"async\" width=\"600\" height=\"500\" src=\"https:\/\/www.agriculture-machine.com\/wp-content\/uploads\/2019\/05\/chaff-cutter-5.jpg\" alt=\"Structure de la coupe-herbe\" class=\"wp-image-3701\" srcset=\"https:\/\/www.agriculture-machine.com\/wp-content\/uploads\/2019\/05\/chaff-cutter-5.jpg 600w, https:\/\/www.agriculture-machine.com\/wp-content\/uploads\/2019\/05\/chaff-cutter-5-324x270.jpg 324w\" sizes=\"auto, (max-width: 600px) 100vw, 600px\" \/><figcaption class=\"wp-element-caption\">Structure de la coupe-herbe<\/figcaption><\/figure>    <h2 class=\"wp-block-heading\"><strong><b>Principe de fonctionnement <\/b><\/strong><strong><b>de la coupeuse de gazon<\/b><\/strong><\/h2>    <p>1. Mettre en marche le moteur du rotor.<\/p>    <p>2. Mettre en marche le moteur \u00e0 engrenages automatique pour entra\u00eener le dispositif d'alimentation automatique apr\u00e8s que l'op\u00e9ration soit stable.<\/p>    <p>3. L'op\u00e9rateur r\u00e9partit uniform\u00e9ment la paille sur la plaque d'alimentation automatique et l'entr\u00e9e progressivement, et la mati\u00e8re premi\u00e8re entre dans le tambour depuis le dispositif de coupe \u00e0 grande vitesse.<\/p>    <p>4. Les lames frappent et d\u00e9chirent, et les broient en forme filamenteuse \u00e0 ce moment.<\/p>    <p>5. Enfin, l'herbe est expuls\u00e9e de la machine par force centrifuge.<\/p>    <p class=\"translation-block\"><span style=\"color: #ff0000\"><strong>type trois : coupeuse de paille 10t\/h 16t\/h<\/strong><\/span><\/p>    <figure class=\"wp-block-image aligncenter wp-image-3698 size-full\"><img loading=\"lazy\" decoding=\"async\" width=\"600\" height=\"500\" src=\"https:\/\/www.agriculture-machine.com\/wp-content\/uploads\/2019\/05\/chaff-cutter-2.jpg\" alt=\"Machine \u00e0 couper la paille\" class=\"wp-image-3698\" srcset=\"https:\/\/www.agriculture-machine.com\/wp-content\/uploads\/2019\/05\/chaff-cutter-2.jpg 600w, https:\/\/www.agriculture-machine.com\/wp-content\/uploads\/2019\/05\/chaff-cutter-2-324x270.jpg 324w\" sizes=\"auto, (max-width: 600px) 100vw, 600px\" \/><figcaption class=\"wp-element-caption\">Machine \u00e0 couper la paille<\/figcaption><\/figure>    <h2 class=\"wp-block-heading\">Avantages de la machine \u00e0 couper l'herbe<\/h2>    <ol class=\"wp-block-list\"> <li><strong><a href=\"https:\/\/www.agriculture-machine.com\/fr\/chaff-cutter-and-grain-crusher\/\">Machine \u00e0 couper l'herbe<\/a><\/strong> adopte un dispositif d'alimentation automatique par cha\u00eene adapt\u00e9 aux fourrages de grand diam\u00e8tre, \u00e9conomisant du temps de travail.<\/li>    <li>Dispositif de succion et de coupe \u00e0 double pouss\u00e9e pour un bon effet de coupe sans blocage, am\u00e9liorant le travail.<\/li>    <li>La machine \u00e0 couper l'herbe est \u00e9quip\u00e9e d'une roue de marche d\u00e9tachable pour un d\u00e9placement facile.<\/li> <\/ol>    <h2 class=\"wp-block-heading\"><strong><b>C<\/b><\/strong><strong><b>D\u00e9faut courant et solution associ\u00e9e de la coupeuse de gazon<\/b><\/strong><\/h2>    <figure class=\"wp-block-table is-style-stripes\"><table><tbody><tr><td>D\u00e9faut courant<\/td><td>Raison<\/td><td>Solution<\/td><\/tr><tr><td>La mati\u00e8re premi\u00e8re est bloqu\u00e9e ou <p>Arr\u00eat pour surcharge<\/p><\/td><td>Mettre une herbe excessive ou la placer de mani\u00e8re in\u00e9gale<\/td><td>1. retirer l'herbe <br>2. r\u00e9duire la quantit\u00e9 d'herbe <br>3. Mettre l'herbe dans le <span style=\"font-size: revert; font-family: inherit; font-weight: inherit; color: initial;\">entr\u00e9e uniform\u00e9ment<\/span><\/td><\/tr><tr><td rowspan=\"4\">Son anormal dans la partie de broyage<p><\/p> <p>Son anormal dans la partie de broyage<\/p><\/td><td>la vis est desserr\u00e9e<\/td><td>serrer le boulon<\/td><\/tr><tr><td>m\u00e9tal ou pierre dans la machine<\/td><td>Arr\u00eatez la machine pour v\u00e9rifier et remplacer les pi\u00e8ces de rechange<\/td><\/tr><tr><td>Le goupille de s\u00e9curit\u00e9 est cass\u00e9 et le marteau bouge<\/td><td>Le goupille de s\u00e9curit\u00e9 est cass\u00e9 et le marteau bouge<\/td><\/tr><tr><td>Le goupille de s\u00e9curit\u00e9 est cass\u00e9 et le marteau bouge<\/td><td>Remplacer le goupille de s\u00e9curit\u00e9<\/td><\/tr><tr><td rowspan=\"8\">Une secousse violente de la machine <p>\u00a0<\/p><\/td><td>Une secousse violente de la machine <p>\u00a0<\/p><\/td><td>R\u00e9installer selon l'agencement<\/td><\/tr><tr><td>La d\u00e9viation de poids des deux ensembles de marteaux est excessive<\/td><td>La d\u00e9viation de poids des deux ensembles de marteaux ne d\u00e9passe pas 5g.<\/td><\/tr><tr><td>Certains marteaux ne sont pas verrouill\u00e9s<\/td><td>Rendre les marteaux flexibles<\/td><\/tr><tr><td>certains rotors sont d\u00e9s\u00e9quilibr\u00e9s ou us\u00e9s<\/td><td>L'arbre de broche est pli\u00e9<\/td><\/tr><tr><td>L'arbre de broche est pli\u00e9<\/td><td>Redresser l'arbre de broche ou le remplacer<p><\/p> <p>&nbsp;<\/p><\/td><\/tr><tr><td>Le roulement est endommag\u00e9<\/td><td>Remplacer le roulement<\/td><\/tr><tr><td>boulons d'ancrage<\/td><td>serrer les boulons d'ancrage<p><\/p> <p>&nbsp;<\/p><\/td><\/tr><tr><td>La goupille fendue est endommag\u00e9e et le marteau se d\u00e9place axialement<\/td><td>Arr\u00eater la coupe de l'herbe pour nettoyage<\/td><\/tr><tr><td rowspan=\"3\">&nbsp;<p><\/p> <p>La machine est inflexible<\/p><\/td><td>Pi\u00e8ces rotatives enchev\u00eatr\u00e9es dans l'herbe<\/td><td>arr\u00eater la coupe de gazon pour nettoyer<\/td><\/tr><tr><td>Le roulement est endommag\u00e9<\/td><td>Remplacer le roulement <p>\u00a0<\/p><\/td><\/tr><tr><td>Manque d'huile de lubrification<\/td><td>Ajouter de l'huile de lubrification \u00e0 temps<\/td><\/tr><tr><td rowspan=\"2\">Sortie bloqu\u00e9e<\/td><td>Courroie en V endommag\u00e9e ou desserr\u00e9e<\/td><td>remplacer ou tendre la courroie en V<p><\/p> <p>&nbsp;<\/p><\/td><\/tr><tr><td>La partie de broyage est bloqu\u00e9e<\/td><td>enlever l'impuret\u00e9<\/td><\/tr><tr><td rowspan=\"2\">&nbsp;<p><\/p> <p>Effet de broyage mauvais<\/p><\/td><td>Le marteau et le dispositif de broyage sont endommag\u00e9s<\/td><td>Remplacer le marteau et le dispositif de broyage<\/td><\/tr><tr><td>Vitesse de l'arbre de broche faible<\/td><td>Ajuster la courroie en V \u00e0 une tension appropri\u00e9e<\/td><\/tr><tr><td rowspan=\"5\">&nbsp;Surchauffe du roulement<\/td><td>Ajuster correctement la tension de la courroie en V <p>Remplacer le roulement<\/p><\/td><td>Trop ou pas assez d'huile de lubrification<\/td><\/tr><tr><td>ajouter de l'huile de lubrification appropri\u00e9e<\/td><td>Ajuster correctement la tension de la courroie en V<\/td><\/tr><tr><td>Ajuster la courroie en V \u00e0 une tension appropri\u00e9e<\/td><td>Ajuster la courroie en V \u00e0 une tension appropri\u00e9e<p><\/p> <p>L'arbre de broche est pli\u00e9 ou le rotor est d\u00e9s\u00e9quilibr\u00e9<\/p><\/td><\/tr><tr><td>Redresser ou remplacer le porte-spindle, \u00e9quilibrer le rotor<\/td><td>Travail de surcharge \u00e0 long terme<\/td><\/tr><tr><td>R\u00e9duire la quantit\u00e9 d'herbe<\/td><td>Surchauffe de la courroie en V<\/td><\/tr><tr><td rowspan=\"3\">Tension incorrecte de la courroie en V<\/td><td>V\u00e9rifier et changer la poulie de courroie<\/td><td>La gorge de la poulie de courroie est us\u00e9e ou la surface est rugueuse<\/td><\/tr><tr><td>V\u00e9rifier et changer la poulie de courroie<\/td><td>L'axe de la poulie principale et de la poulie motrice ne sont pas parall\u00e8les, et la gorge de la courroie n'est pas align\u00e9e.<\/td><\/tr><tr><td>L'axe de la poulie principale et de la poulie motrice sont parall\u00e8les, et la gorge de la courroie est align\u00e9e.<p><\/p> <p>&nbsp;<\/p><\/td><td>Quelques conseils sur la machine \u00e0 couper la paille<\/td><\/tr><\/tbody><\/table><figcaption class=\"wp-element-caption\">Application de la machine \u00e0 couper l'herbe<\/figcaption><\/figure>    <figure class=\"wp-block-image aligncenter wp-image-3702 size-full\"><img loading=\"lazy\" decoding=\"async\" width=\"600\" height=\"500\" src=\"https:\/\/www.agriculture-machine.com\/wp-content\/uploads\/2019\/05\/chaff-cutter-6.jpg\" alt=\"Liste des pi\u00e8ces principales et pi\u00e8ces consommables\" class=\"wp-image-3702\" srcset=\"https:\/\/www.agriculture-machine.com\/wp-content\/uploads\/2019\/05\/chaff-cutter-6.jpg 600w, https:\/\/www.agriculture-machine.com\/wp-content\/uploads\/2019\/05\/chaff-cutter-6-324x270.jpg 324w\" sizes=\"auto, (max-width: 600px) 100vw, 600px\" \/><figcaption class=\"wp-element-caption\">Liste des pi\u00e8ces principales et pi\u00e8ces consommables<\/figcaption><\/figure>    <h2 class=\"wp-block-heading\">Num\u00e9ro <strong>de la coupeuse de gazon<\/strong><\/h2>    <figure class=\"wp-block-table is-style-stripes\"><table><tbody><tr><td>P\u00e9riode de garantie de qualit\u00e9<\/td><td>Nom<\/td><td>Fonction<\/td><td>roulement<\/td><\/tr><tr><td>1<\/td><td>Tensionner la roue de cha\u00eene<\/td><td>3 mois<\/td><td rowspan=\"7\">Rouleau sup\u00e9rieur<\/td><\/tr><tr><td>2<\/td><td>Tensionner la roue de cha\u00eene<\/td><td>convoyeur<\/td><\/tr><tr><td>3<\/td><td>Tensionner la roue de cha\u00eene<\/td><td>Sous le rouleau<\/td><\/tr><tr><td>4<\/td><td>Tensionner la roue de cha\u00eene<\/td><td>arbre de broche<\/td><\/tr><tr><td>5<\/td><td>Tensionner la roue de cha\u00eene<\/td><td>Cha\u00eene de rouleau<\/td><\/tr><tr><td>6<\/td><td>Cha\u00eene de rouleau de convoyeur<\/td><td>entr\u00e9e<\/td><\/tr><tr><td>7<\/td><td>Courroie en V<\/td><td>entr\u00e9e<\/td><\/tr><tr><td>8<\/td><td>Rotor<\/td><td>1 mois<\/td><td rowspan=\"2\">Interrupteur inverseur<\/td><\/tr><tr><td>9<\/td><td>Rotor<\/td><td>Entr\u00e9e<\/td><\/tr><tr><td>10<\/td><td>armoire \u00e9lectrique<\/td><td>entr\u00e9e<\/td><td rowspan=\"2\">Rouleau sup\u00e9rieur<\/td><\/tr><tr><td>11<\/td><td>Contr\u00f4le \u00e9lectrique<\/td><td>&nbsp;&nbsp;&nbsp;&nbsp;marteau<p><\/p> <p>&nbsp;<\/p><\/td><\/tr><tr><td>12<\/td><td>marteau<\/td><td><\/td><td>arbre du marteau<\/td><\/tr><tr><td>13<\/td><td>Partie de coupe<\/td><td><\/td><td rowspan=\"3\">Interrupteur inverseur<\/td><\/tr><tr><td>14<\/td><td>la manchon de glissement du rouleau sup\u00e9rieur<\/td><td><\/td><\/tr><tr><td>15<\/td><td>pi\u00e8ces de rechange de la coupeuse de gazon<\/td><td><\/td><\/tr><\/tbody><\/table><figcaption class=\"wp-element-caption\">FAQ de la coupeuse de gazon<\/figcaption><\/figure>    <h2 class=\"wp-block-heading\"><strong>Que faire en cas de blocage ?<\/strong><\/h2>   <div id=\"rank-math-faq\" class=\"rank-math-block\"> <div class=\"rank-math-list\"> <div id=\"faq-question-1706520256013\" class=\"rank-math-list-item\"> <h3 class=\"rank-math-question\">L'interrupteur inverseur peut \u00eatre tir\u00e9 pour \u00ab arr\u00eater \u00bb, puis tir\u00e9 pour \u00ab inverser \u00bb. Il est strictement interdit d'enlever la paille bloqu\u00e9e \u00e0 la main sans arr\u00eater la coupeuse de gazon.<\/h3> <div class=\"rank-math-answer\">  <p>Comment augmenter l'\u00e9cart du rouleau ?<\/p>  <\/div> <\/div> <div id=\"faq-question-1706520259976\" class=\"rank-math-list-item\"> <h3 class=\"rank-math-question\">Que vous soyez une grande ferme ou un petit exploitant, nos machines \u00e0 couper l'herbe vous offrent une solution efficace et pratique pour la gestion de l'herbe. N'h\u00e9sitez pas \u00e0 nous contacter \u00e0 tout moment, notre \u00e9quipe professionnelle sera heureuse de vous fournir des informations d\u00e9taill\u00e9es sur la machine, les options de personnalisation, et plus de services associ\u00e9s.<\/h3> <div class=\"rank-math-answer\">  <p class=\"translation-block\"><strong>First<\/strong>, loosen the center screw on the upper plate of the grass cutting machine, and adjust the sliding plate and sliding block clockwise.<br \/><strong>Second<\/strong>, adjust the bolt on both sides counterclockwise to the appropriate position. The gap between the two rollers should be Horizontally the same, and the upper and down rollers should be flexible.<br \/><strong>Finally<\/strong>, tighten the bolt on the center screw.<br \/>Adverse action will decrease the gap.<\/p>  <\/div> <\/div> <\/div> <\/div>   <h2 class=\"wp-block-heading\">Contactez-nous \u00e0 tout moment<\/h2>    <p>Whether you&#8217;re a large-scale farm or a smallholder, our grass cutting machines offer you an efficient and convenient solution for grass handling. Feel free to contact us anytime and our professional team will be happy to provide you with detailed information about the machine, customization options, and more related services.<\/p>","protected":false},"excerpt":{"rendered":"<p>Machine \u00e0 couper l'herbe 4-15T\/H, coupeuse de paille efficace en vente<\/p>","protected":false},"author":1,"featured_media":3707,"parent":0,"comment_status":"closed","ping_status":"closed","template":"","tags":[2609,780],"product-type":[912],"class_list":["post-3696","product","type-product","status-publish","has-post-thumbnail","hentry","tag-cutter","tag-grass","product-type-chaff-cutter"],"_links":{"self":[{"href":"https:\/\/www.agriculture-machine.com\/fr\/wp-json\/wp\/v2\/product\/3696","targetHints":{"allow":["GET"]}}],"collection":[{"href":"https:\/\/www.agriculture-machine.com\/fr\/wp-json\/wp\/v2\/product"}],"about":[{"href":"https:\/\/www.agriculture-machine.com\/fr\/wp-json\/wp\/v2\/types\/product"}],"author":[{"embeddable":true,"href":"https:\/\/www.agriculture-machine.com\/fr\/wp-json\/wp\/v2\/users\/1"}],"replies":[{"embeddable":true,"href":"https:\/\/www.agriculture-machine.com\/fr\/wp-json\/wp\/v2\/comments?post=3696"}],"wp:featuredmedia":[{"embeddable":true,"href":"https:\/\/www.agriculture-machine.com\/fr\/wp-json\/wp\/v2\/media\/3707"}],"wp:attachment":[{"href":"https:\/\/www.agriculture-machine.com\/fr\/wp-json\/wp\/v2\/media?parent=3696"}],"wp:term":[{"taxonomy":"post_tag","embeddable":true,"href":"https:\/\/www.agriculture-machine.com\/fr\/wp-json\/wp\/v2\/tags?post=3696"},{"taxonomy":"product-type","embeddable":true,"href":"https:\/\/www.agriculture-machine.com\/fr\/wp-json\/wp\/v2\/product-type?post=3696"}],"curies":[{"name":"wp","href":"https:\/\/api.w.org\/{rel}","templated":true}]}}