{"id":3716,"date":"2019-05-20T23:53:10","date_gmt":"2019-05-20T15:53:10","guid":{"rendered":"https:\/\/www.agriculture-machine.com\/?p=3716"},"modified":"2024-09-23T11:20:59","modified_gmt":"2024-09-23T03:20:59","slug":"gasoline-engine-backpack-sprayer-best-garden-sprayer-spraying-pesticide","status":"publish","type":"product","link":"https:\/\/www.agriculture-machine.com\/fr\/gasoline-engine-backpack-sprayer-best-garden-sprayer-spraying-pesticide\/","title":{"rendered":"Pulv\u00e9risateur \u00e0 dos \u00e0 moteur \u00e0 essence \/ meilleur pulv\u00e9risateur de jardin \/ pulv\u00e9risation de pesticide"},"content":{"rendered":"<p class=\"translation-block\">Vente chaude<strong> pulv\u00e9risateur \u00e0 dos<\/strong> de petite taille mais tr\u00e8s utile, largement utilis\u00e9 pour contr\u00f4ler les pests du jardin, des terres agricoles et d'autres arbres. La distance de pulv\u00e9risation (plus de 11m) et le volume de 26L lui permettent de fonctionner avec de hautes performances, ce qui \u00e9conomise du travail.<\/p> <p><img loading=\"lazy\" decoding=\"async\" class=\"wp-image-3720 aligncenter\" src=\"https:\/\/www.agriculture-machine.com\/wp-content\/uploads\/2019\/05\/gasoline-sprayer-4.jpg\" alt=\"\" width=\"650\" height=\"601\" srcset=\"https:\/\/www.agriculture-machine.com\/wp-content\/uploads\/2019\/05\/gasoline-sprayer-4.jpg 750w, https:\/\/www.agriculture-machine.com\/wp-content\/uploads\/2019\/05\/gasoline-sprayer-4-292x270.jpg 292w, https:\/\/www.agriculture-machine.com\/wp-content\/uploads\/2019\/05\/gasoline-sprayer-4-584x540.jpg 584w\" sizes=\"auto, (max-width: 650px) 100vw, 650px\" \/><\/p> <p>&nbsp;<\/p> <h2><strong><b>Avantage de <\/b><\/strong><strong><b>pulv\u00e9risateur \u00e0 dos<\/b><\/strong><\/h2> <ol> <li>Le drone de pulv\u00e9risation de cultures a un faible bruit, une grande capacit\u00e9 et une haute pression, ce qui permet de gagner du temps et de l'\u00e9nergie.<\/li> <li>Facile \u00e0 utiliser.<\/li> <li>Facile \u00e0 d\u00e9placer gr\u00e2ce au moteur \u00e0 essence.<\/li> <li>Le pesticide pulv\u00e9ris\u00e9 par ce pulv\u00e9risateur \u00e0 dos peut adh\u00e9rer au mouvement de l'arbre, tuant compl\u00e8tement le pest.<\/li> <\/ol> <p><img loading=\"lazy\" decoding=\"async\" class=\"wp-image-3725 aligncenter\" src=\"https:\/\/www.agriculture-machine.com\/wp-content\/uploads\/2019\/05\/spraying-3.jpg\" alt=\"\" width=\"657\" height=\"599\" srcset=\"https:\/\/www.agriculture-machine.com\/wp-content\/uploads\/2019\/05\/spraying-3.jpg 750w, https:\/\/www.agriculture-machine.com\/wp-content\/uploads\/2019\/05\/spraying-3-296x270.jpg 296w, https:\/\/www.agriculture-machine.com\/wp-content\/uploads\/2019\/05\/spraying-3-592x540.jpg 592w\" sizes=\"auto, (max-width: 657px) 100vw, 657px\" \/><\/p> <p><img loading=\"lazy\" decoding=\"async\" class=\"wp-image-3724 aligncenter\" src=\"https:\/\/www.agriculture-machine.com\/wp-content\/uploads\/2019\/05\/spraying-2.jpg\" alt=\"\" width=\"644\" height=\"654\" srcset=\"https:\/\/www.agriculture-machine.com\/wp-content\/uploads\/2019\/05\/spraying-2.jpg 750w, https:\/\/www.agriculture-machine.com\/wp-content\/uploads\/2019\/05\/spraying-2-266x270.jpg 266w, https:\/\/www.agriculture-machine.com\/wp-content\/uploads\/2019\/05\/spraying-2-532x540.jpg 532w\" sizes=\"auto, (max-width: 644px) 100vw, 644px\" \/><\/p> <h2><strong><b>Param\u00e8tre technique<\/b><\/strong><strong><b>\u00a0<\/b><\/strong><strong><b>du pulv\u00e9risateur \u00e0 dos<\/b><\/strong><\/h2> <table> <tbody> <tr> <td width=\"258\"><strong><b>Nom<\/b><\/strong><\/td> <td width=\"233\"><strong><b>Pulv\u00e9risateur<\/b><\/strong><\/td> <\/tr> <tr> <td width=\"258\">Mod\u00e8le<\/td> <td width=\"233\">3WF-3A<\/td> <\/tr> <tr> <td width=\"258\">Distance de pulv\u00e9risation<\/td> <td width=\"233\">\u2265 11m<\/td> <\/tr> <tr> <td width=\"258\">Volume<\/td> <td width=\"233\">26L<\/td> <\/tr> <tr> <td width=\"258\">Cylindr\u00e9e<\/td> <td width=\"233\">41,5cc<\/td> <\/tr> <tr> <td width=\"258\">Poids<\/td> <td width=\"233\">12KG<\/td> <\/tr> <\/tbody> <\/table> <p>&nbsp;<\/p> <h2><strong><b>La structure du<\/b><\/strong><strong><b>\u00a0pulv\u00e9risateur \u00e0 dos<\/b><\/strong><\/h2> <p>Ce pulv\u00e9risateur \u00e0 dos se compose principalement d'une buse, d'un r\u00e9servoir de potion, d'une poign\u00e9e de commande, d'un gros tuyau, d'une \u00e9tag\u00e8re stable, d'un d\u00e9marreur, d'un carburateur, du starter du carburateur, de la bougie d'allumage et du r\u00e9servoir de carburant.<\/p> <p><img loading=\"lazy\" decoding=\"async\" class=\"wp-image-3721 aligncenter\" src=\"https:\/\/www.agriculture-machine.com\/wp-content\/uploads\/2019\/05\/gasoline-sprayer-5.jpg\" alt=\"\" width=\"628\" height=\"633\" srcset=\"https:\/\/www.agriculture-machine.com\/wp-content\/uploads\/2019\/05\/gasoline-sprayer-5.jpg 750w, https:\/\/www.agriculture-machine.com\/wp-content\/uploads\/2019\/05\/gasoline-sprayer-5-268x270.jpg 268w, https:\/\/www.agriculture-machine.com\/wp-content\/uploads\/2019\/05\/gasoline-sprayer-5-536x540.jpg 536w\" sizes=\"auto, (max-width: 628px) 100vw, 628px\" \/><\/p> <h2><strong><b>Cas de r\u00e9ussite de <\/b><\/strong><strong><b>pulv\u00e9risateur \u00e0 dos<\/b><\/strong><\/h2> <p>Le mois dernier, nous avons vendu 100 ensembles de pulv\u00e9risateurs \u00e0 drone pesticide au Soudan, et voici les d\u00e9tails de l'emballage. Ce pulv\u00e9risateur peut vraiment aider les agriculteurs \u00e0 r\u00e9duire la main-d'\u0153uvre.<\/p> <p><img loading=\"lazy\" decoding=\"async\" class=\"wp-image-3633 aligncenter\" src=\"https:\/\/www.agriculture-machine.com\/wp-content\/uploads\/2019\/05\/corn-harvesting-machine-13.jpg\" alt=\"\" width=\"647\" height=\"539\" srcset=\"https:\/\/www.agriculture-machine.com\/wp-content\/uploads\/2019\/05\/corn-harvesting-machine-13.jpg 600w, https:\/\/www.agriculture-machine.com\/wp-content\/uploads\/2019\/05\/corn-harvesting-machine-13-324x270.jpg 324w\" sizes=\"auto, (max-width: 647px) 100vw, 647px\" \/><\/p> <h2><strong><b>FAQ<\/b><\/strong><strong><b>\u00a0de<\/b><\/strong><strong><b>\u00a0pulv\u00e9risateur \u00e0 dos<\/b><\/strong><\/h2> <ol> <li>Comment ajouter de l'huile ?<\/li> <\/ol> <ul> <li>Les huiles deux-temps doivent \u00eatre utilis\u00e9es \u00e0 la place des huiles quatre-temps qui peuvent provoquer des probl\u00e8mes au niveau du cylindre.<\/li> <li>Versez l'essence dans la bouteille plus grande du pulv\u00e9risateur comme sur l'image suivante et faites attention \u00e0 l'\u00e9chelle horizontale correspondante.<\/li> <li>Versez l'huile dans la petite bouteille, comme indiqu\u00e9 sur la marque, et la hauteur de l'huile doit \u00eatre inf\u00e9rieure \u00e0 celle de l'essence.<\/li> <li>Serrez le couvercle des deux bouteilles, m\u00e9langez-les soigneusement, puis versez-les dans le r\u00e9servoir d'huile du pulv\u00e9risateur \u00e0 dos solo.<\/li> <\/ul> <p>&nbsp;<\/p> <p><img loading=\"lazy\" decoding=\"async\" class=\"wp-image-3717 aligncenter\" src=\"https:\/\/www.agriculture-machine.com\/wp-content\/uploads\/2019\/05\/gasoline-sprayer-1.jpg\" alt=\"\" width=\"660\" height=\"552\" srcset=\"https:\/\/www.agriculture-machine.com\/wp-content\/uploads\/2019\/05\/gasoline-sprayer-1.jpg 769w, https:\/\/www.agriculture-machine.com\/wp-content\/uploads\/2019\/05\/gasoline-sprayer-1-323x270.jpg 323w, https:\/\/www.agriculture-machine.com\/wp-content\/uploads\/2019\/05\/gasoline-sprayer-1-646x540.jpg 646w\" sizes=\"auto, (max-width: 660px) 100vw, 660px\" \/><\/p> <ol start=\"2\"> <li>Quelle est la capacit\u00e9 du r\u00e9servoir de pesticide ?<\/li> <\/ol> <p>26L.<\/p> <ol start=\"3\"> <li>Tous les pests peuvent-ils \u00eatre tu\u00e9s ?<\/li> <\/ol> <p>Le taux de r\u00e9ussite est de 98%.<\/p> <p>&nbsp;<\/p> <p>&nbsp;<\/p>","protected":false},"excerpt":{"rendered":"<p>Hot sale backpack sprayer\u00a0is small size but very useful, widely applying to control the pest of garden, farmland and other trees. Spraying distance\u00a0(more than 11m\uff09and 26L volume enable it to working wok with high performance, which is labor saving as well. &nbsp; Advantage of backpack sprayer Crop spraying drone\u00a0has low noise, great\u00a0capacity\u00a0and high pressure, \u00a0\u00a0saving\u00a0time\u00a0and [&hellip;]<\/p>\n","protected":false},"author":1,"featured_media":3720,"parent":0,"comment_status":"closed","ping_status":"closed","template":"","tags":[136],"product-type":[920,1],"class_list":["post-3716","product","type-product","status-publish","has-post-thumbnail","hentry","tag-sprayer","product-type-drone-sprayer","product-type-other"],"_links":{"self":[{"href":"https:\/\/www.agriculture-machine.com\/fr\/wp-json\/wp\/v2\/product\/3716","targetHints":{"allow":["GET"]}}],"collection":[{"href":"https:\/\/www.agriculture-machine.com\/fr\/wp-json\/wp\/v2\/product"}],"about":[{"href":"https:\/\/www.agriculture-machine.com\/fr\/wp-json\/wp\/v2\/types\/product"}],"author":[{"embeddable":true,"href":"https:\/\/www.agriculture-machine.com\/fr\/wp-json\/wp\/v2\/users\/1"}],"replies":[{"embeddable":true,"href":"https:\/\/www.agriculture-machine.com\/fr\/wp-json\/wp\/v2\/comments?post=3716"}],"wp:featuredmedia":[{"embeddable":true,"href":"https:\/\/www.agriculture-machine.com\/fr\/wp-json\/wp\/v2\/media\/3720"}],"wp:attachment":[{"href":"https:\/\/www.agriculture-machine.com\/fr\/wp-json\/wp\/v2\/media?parent=3716"}],"wp:term":[{"taxonomy":"post_tag","embeddable":true,"href":"https:\/\/www.agriculture-machine.com\/fr\/wp-json\/wp\/v2\/tags?post=3716"},{"taxonomy":"product-type","embeddable":true,"href":"https:\/\/www.agriculture-machine.com\/fr\/wp-json\/wp\/v2\/product-type?post=3716"}],"curies":[{"name":"wp","href":"https:\/\/api.w.org\/{rel}","templated":true}]}}