{"id":3747,"date":"2019-05-23T05:13:35","date_gmt":"2019-05-22T21:13:35","guid":{"rendered":"https:\/\/www.agriculture-machine.com\/?p=3747"},"modified":"2024-08-20T17:43:04","modified_gmt":"2024-08-20T09:43:04","slug":"stainless-steel-cocoa-beans-peeling-machine-with-long-service-life","status":"publish","type":"product","link":"https:\/\/www.agriculture-machine.com\/fr\/stainless-steel-cocoa-beans-peeling-machine-with-long-service-life\/","title":{"rendered":"Machine de d\u00e9pelage de f\u00e8ves de cacao en acier inoxydable avec une longue dur\u00e9e de vie"},"content":{"rendered":"<p class=\"translation-block\">Usually, people will process cocoa beans into a variety of cocoa powder, chocolate and other foods. And because of the hardness of the cocoa bean&#8217;s shell. People can use the <a href=\"https:\/\/www.agriculture-machine.com\/fr\/cocoa-pod-breaker-cocoa-pod-splitter-cocoa-pod-opener\/\">cocoa pod breaker<\/a> to break the shell. So that it is convenient for the further process of the cocoa bean. After opening the pod of the cocoa bean, we can use the cocoa beans peeling machine.<strong> The cocoa beans peeling machine<\/strong>\u00a0includes peeling roller, fan and gravity sorting part. This machine has simple and compact structure and stable performance. What\u2019s more, it is safe and reliable during operation. Peeled cocoa beans boasts great aroma, widely applying to produce chocolate, candy and other industries.<\/p> <div id='gallery-1' class='gallery galleryid-3747 gallery-columns-2 gallery-size-full'><figure class='gallery-item'> \t\t\t<div class='gallery-icon portrait'> \t\t\t\t<a href='https:\/\/www.agriculture-machine.com\/fr\/stainless-steel-cocoa-beans-peeling-machine-with-long-service-life\/attachment\/cocoa-beans-peeling-delivery-1\/'><img loading=\"lazy\" decoding=\"async\" width=\"400\" height=\"500\" src=\"https:\/\/www.agriculture-machine.com\/wp-content\/uploads\/2019\/05\/cocoa-beans-peeling-delivery-1.jpg\" class=\"attachment-full size-full\" alt=\"Livraison de d\u00e9pelage de f\u00e8ves de cacao (1)\" srcset=\"https:\/\/www.agriculture-machine.com\/wp-content\/uploads\/2019\/05\/cocoa-beans-peeling-delivery-1.jpg 400w, https:\/\/www.agriculture-machine.com\/wp-content\/uploads\/2019\/05\/cocoa-beans-peeling-delivery-1-216x270.jpg 216w\" sizes=\"auto, (max-width: 400px) 100vw, 400px\" \/><\/a> \t\t\t<\/div><\/figure><figure class='gallery-item'> \t\t\t<div class='gallery-icon portrait'> \t\t\t\t<a href='https:\/\/www.agriculture-machine.com\/fr\/stainless-steel-cocoa-beans-peeling-machine-with-long-service-life\/attachment\/cocoa-beans-peeling-2\/'><img loading=\"lazy\" decoding=\"async\" width=\"400\" height=\"500\" src=\"https:\/\/www.agriculture-machine.com\/wp-content\/uploads\/2019\/05\/cocoa-beans-peeling-2.jpg\" class=\"attachment-full size-full\" alt=\"D\u00e9pelage de f\u00e8ves de cacao (2)\" srcset=\"https:\/\/www.agriculture-machine.com\/wp-content\/uploads\/2019\/05\/cocoa-beans-peeling-2.jpg 400w, https:\/\/www.agriculture-machine.com\/wp-content\/uploads\/2019\/05\/cocoa-beans-peeling-2-216x270.jpg 216w\" sizes=\"auto, (max-width: 400px) 100vw, 400px\" \/><\/a> \t\t\t<\/div><\/figure> \t\t<\/div>  <h2>Principe de fonctionnement de la machine de d\u00e9pelage de f\u00e8ves de cacao<\/h2> <ol> <li>Versez uniform\u00e9ment les f\u00e8ves de cacao dans la tr\u00e9mie d'alimentation.<\/li> <li>Les f\u00e8ves de cacao sont continuellement roul\u00e9es par les rouleaux \u00e0 l'int\u00e9rieur de la machine, et la peau des f\u00e8ves de cacao est ensuite enlev\u00e9e.<\/li> <li>Le vent du ventilateur absorbera la peau dans le cyclone.<\/li> <li>Enfin, les f\u00e8ves de cacao pel\u00e9es sont \u00e9vacu\u00e9es de l'autre c\u00f4t\u00e9 de la machine.<\/li> <\/ol> <div id='gallery-2' class='gallery galleryid-3747 gallery-columns-2 gallery-size-full'><figure class='gallery-item'> \t\t\t<div class='gallery-icon portrait'> \t\t\t\t<a href='https:\/\/www.agriculture-machine.com\/fr\/stainless-steel-cocoa-beans-peeling-machine-with-long-service-life\/attachment\/cocoa-beans-peeling-delivery-6\/'><img loading=\"lazy\" decoding=\"async\" width=\"400\" height=\"500\" src=\"https:\/\/www.agriculture-machine.com\/wp-content\/uploads\/2019\/05\/cocoa-beans-peeling-delivery-6.jpg\" class=\"attachment-full size-full\" alt=\"Livraison de d\u00e9pelage de f\u00e8ves de cacao (6)\" srcset=\"https:\/\/www.agriculture-machine.com\/wp-content\/uploads\/2019\/05\/cocoa-beans-peeling-delivery-6.jpg 400w, https:\/\/www.agriculture-machine.com\/wp-content\/uploads\/2019\/05\/cocoa-beans-peeling-delivery-6-216x270.jpg 216w\" sizes=\"auto, (max-width: 400px) 100vw, 400px\" \/><\/a> \t\t\t<\/div><\/figure><figure class='gallery-item'> \t\t\t<div class='gallery-icon portrait'> \t\t\t\t<a href='https:\/\/www.agriculture-machine.com\/fr\/stainless-steel-cocoa-beans-peeling-machine-with-long-service-life\/attachment\/cocoa-beans-peeling-2\/'><img loading=\"lazy\" decoding=\"async\" width=\"400\" height=\"500\" src=\"https:\/\/www.agriculture-machine.com\/wp-content\/uploads\/2019\/05\/cocoa-beans-peeling-2.jpg\" class=\"attachment-full size-full\" alt=\"D\u00e9pelage de f\u00e8ves de cacao (2)\" srcset=\"https:\/\/www.agriculture-machine.com\/wp-content\/uploads\/2019\/05\/cocoa-beans-peeling-2.jpg 400w, https:\/\/www.agriculture-machine.com\/wp-content\/uploads\/2019\/05\/cocoa-beans-peeling-2-216x270.jpg 216w\" sizes=\"auto, (max-width: 400px) 100vw, 400px\" \/><\/a> \t\t\t<\/div><\/figure> \t\t<\/div>  <h2>Application de l'\u00e9quipement de d\u00e9pelage de f\u00e8ves de cacao<\/h2> <p>La poudre de cacao a un ar\u00f4me fort et peut \u00eatre utilis\u00e9e dans le chocolat haut de gamme, la cr\u00e8me glac\u00e9e, les bonbons et les p\u00e2tisseries. Elle peut \u00e9galement \u00eatre appliqu\u00e9e \u00e0 d'autres industries telles que les m\u00e9dicaments et les produits de sant\u00e9.<\/p> <div id='gallery-3' class='gallery galleryid-3747 gallery-columns-2 gallery-size-full'><figure class='gallery-item'> \t\t\t<div class='gallery-icon portrait'> \t\t\t\t<a href='https:\/\/www.agriculture-machine.com\/fr\/stainless-steel-cocoa-beans-peeling-machine-with-long-service-life\/attachment\/cocoa-beans-peeling-5\/'><img loading=\"lazy\" decoding=\"async\" width=\"400\" height=\"500\" src=\"https:\/\/www.agriculture-machine.com\/wp-content\/uploads\/2019\/05\/cocoa-beans-peeling-5.jpg\" class=\"attachment-full size-full\" alt=\"D\u00e9pelage de f\u00e8ves de cacao (5)\" srcset=\"https:\/\/www.agriculture-machine.com\/wp-content\/uploads\/2019\/05\/cocoa-beans-peeling-5.jpg 400w, https:\/\/www.agriculture-machine.com\/wp-content\/uploads\/2019\/05\/cocoa-beans-peeling-5-216x270.jpg 216w\" sizes=\"auto, (max-width: 400px) 100vw, 400px\" \/><\/a> \t\t\t<\/div><\/figure><figure class='gallery-item'> \t\t\t<div class='gallery-icon portrait'> \t\t\t\t<a href='https:\/\/www.agriculture-machine.com\/fr\/stainless-steel-cocoa-beans-peeling-machine-with-long-service-life\/attachment\/cocoa-beans-peeling-delivery-2\/'><img loading=\"lazy\" decoding=\"async\" width=\"400\" height=\"500\" src=\"https:\/\/www.agriculture-machine.com\/wp-content\/uploads\/2019\/05\/cocoa-beans-peeling-delivery-2.jpg\" class=\"attachment-full size-full\" alt=\"Livraison de d\u00e9pelage de f\u00e8ves de cacao (2)\" srcset=\"https:\/\/www.agriculture-machine.com\/wp-content\/uploads\/2019\/05\/cocoa-beans-peeling-delivery-2.jpg 400w, https:\/\/www.agriculture-machine.com\/wp-content\/uploads\/2019\/05\/cocoa-beans-peeling-delivery-2-216x270.jpg 216w\" sizes=\"auto, (max-width: 400px) 100vw, 400px\" \/><\/a> \t\t\t<\/div><\/figure> \t\t<\/div>  <h2>Avantage de la machine de d\u00e9pelage de f\u00e8ves de cacao<\/h2> <ol> <li>En ajustant la taille du vent et l'\u00e9cartement du rouleau de d\u00e9pelage, toutes les peaux et f\u00e8ves peuvent \u00eatre compl\u00e8tement s\u00e9par\u00e9es en ajustant la puissance du vent et le jeu du rouleau de d\u00e9pelage.<\/li> <li>Le cyclone \u00e0 c\u00f4t\u00e9 de la machine de d\u00e9pelage de f\u00e8ves de cacao peut absorber compl\u00e8tement la peau des f\u00e8ves de cacao, am\u00e9liorant ainsi le taux de nettoyage.<\/li> <li>Le taux de d\u00e9pelage peut atteindre 99 % ou plus, et les f\u00e8ves de cacao pel\u00e9es peuvent encore conserver leur ar\u00f4me d'origine.<\/li> <li>Elle est en acier inoxydable, avec une longue dur\u00e9e de service et une forte r\u00e9sistance \u00e0 la corrosion.<\/li> <\/ol> <h2>Param\u00e8tre technique de la machine de d\u00e9pelage de f\u00e8ves de cacao<\/h2> <table> <tbody> <tr> <td width=\"284\">Capacit\u00e9<\/td> <td width=\"284\">400KG\/H<\/td> <\/tr> <tr> <td width=\"284\">Moteur<\/td> <td width=\"284\">\u00a00,75 kW<\/td> <\/tr> <tr> <td width=\"284\">Tension<\/td> <td width=\"284\">380V<\/td> <\/tr> <tr> <td width=\"284\">Taux d'\u00e9pluchage<\/td> <td width=\"284\">\u00a0&gt;99%<\/td> <\/tr> <tr> <td width=\"284\">Dimension<\/td> <td width=\"284\">130*80* 130cm<\/td> <\/tr> <tr> <td width=\"284\">Poids<\/td> <td width=\"284\">140kg<\/td> <\/tr> <\/tbody> <\/table> <h2>Cas de r\u00e9ussite de l'\u00e9quipement de d\u00e9pelage de f\u00e8ves de cacao<\/h2> <p>En tant qu'ingr\u00e9dient du chocolat, de la cr\u00e8me glac\u00e9e, des bonbons et des p\u00e2tisseries, cette machine est tr\u00e8s populaire dans la plupart des pays. Nous avons vendu 5 ensembles de machines de d\u00e9pelage de f\u00e8ves de cacao au Cameroun hier, et ce client a command\u00e9 une telle machine chez nous \u00e0 plusieurs reprises. Voici les d\u00e9tails de l'emballage.<\/p> <p>Le cyclone doit \u00eatre d\u00e9charg\u00e9 en raison de sa grande taille.<\/p> <div id='gallery-4' class='gallery galleryid-3747 gallery-columns-2 gallery-size-full'><figure class='gallery-item'> \t\t\t<div class='gallery-icon portrait'> \t\t\t\t<a href='https:\/\/www.agriculture-machine.com\/fr\/stainless-steel-cocoa-beans-peeling-machine-with-long-service-life\/attachment\/cocoa-beans-peeling-delivery-5\/'><img loading=\"lazy\" decoding=\"async\" width=\"400\" height=\"500\" src=\"https:\/\/www.agriculture-machine.com\/wp-content\/uploads\/2019\/05\/cocoa-beans-peeling-delivery-5.jpg\" class=\"attachment-full size-full\" alt=\"Livraison de d\u00e9pelage de f\u00e8ves de cacao (5)\" srcset=\"https:\/\/www.agriculture-machine.com\/wp-content\/uploads\/2019\/05\/cocoa-beans-peeling-delivery-5.jpg 400w, https:\/\/www.agriculture-machine.com\/wp-content\/uploads\/2019\/05\/cocoa-beans-peeling-delivery-5-216x270.jpg 216w\" sizes=\"auto, (max-width: 400px) 100vw, 400px\" \/><\/a> \t\t\t<\/div><\/figure><figure class='gallery-item'> \t\t\t<div class='gallery-icon portrait'> \t\t\t\t<a href='https:\/\/www.agriculture-machine.com\/fr\/stainless-steel-cocoa-beans-peeling-machine-with-long-service-life\/attachment\/cocoa-beans-peeling-delivery-7\/'><img loading=\"lazy\" decoding=\"async\" width=\"400\" height=\"500\" src=\"https:\/\/www.agriculture-machine.com\/wp-content\/uploads\/2019\/05\/cocoa-beans-peeling-delivery-7.jpg\" class=\"attachment-full size-full\" alt=\"Livraison de d\u00e9pelage de f\u00e8ves de cacao (7)\" srcset=\"https:\/\/www.agriculture-machine.com\/wp-content\/uploads\/2019\/05\/cocoa-beans-peeling-delivery-7.jpg 400w, https:\/\/www.agriculture-machine.com\/wp-content\/uploads\/2019\/05\/cocoa-beans-peeling-delivery-7-216x270.jpg 216w\" sizes=\"auto, (max-width: 400px) 100vw, 400px\" \/><\/a> \t\t\t<\/div><\/figure> \t\t<\/div>  <div id='gallery-5' class='gallery galleryid-3747 gallery-columns-2 gallery-size-full'><figure class='gallery-item'> \t\t\t<div class='gallery-icon portrait'> \t\t\t\t<a href='https:\/\/www.agriculture-machine.com\/fr\/stainless-steel-cocoa-beans-peeling-machine-with-long-service-life\/attachment\/cocoa-beans-peeling-delivery-2\/'><img loading=\"lazy\" decoding=\"async\" width=\"400\" height=\"500\" src=\"https:\/\/www.agriculture-machine.com\/wp-content\/uploads\/2019\/05\/cocoa-beans-peeling-delivery-2.jpg\" class=\"attachment-full size-full\" alt=\"Livraison de d\u00e9pelage de f\u00e8ves de cacao (2)\" srcset=\"https:\/\/www.agriculture-machine.com\/wp-content\/uploads\/2019\/05\/cocoa-beans-peeling-delivery-2.jpg 400w, https:\/\/www.agriculture-machine.com\/wp-content\/uploads\/2019\/05\/cocoa-beans-peeling-delivery-2-216x270.jpg 216w\" sizes=\"auto, (max-width: 400px) 100vw, 400px\" \/><\/a> \t\t\t<\/div><\/figure><figure class='gallery-item'> \t\t\t<div class='gallery-icon portrait'> \t\t\t\t<a href='https:\/\/www.agriculture-machine.com\/fr\/stainless-steel-cocoa-beans-peeling-machine-with-long-service-life\/attachment\/cocoa-beans-peeling-delivery-3\/'><img loading=\"lazy\" decoding=\"async\" width=\"400\" height=\"500\" src=\"https:\/\/www.agriculture-machine.com\/wp-content\/uploads\/2019\/05\/cocoa-beans-peeling-delivery-3.jpg\" class=\"attachment-full size-full\" alt=\"Livraison de d\u00e9pelage de f\u00e8ves de cacao (3)\" srcset=\"https:\/\/www.agriculture-machine.com\/wp-content\/uploads\/2019\/05\/cocoa-beans-peeling-delivery-3.jpg 400w, https:\/\/www.agriculture-machine.com\/wp-content\/uploads\/2019\/05\/cocoa-beans-peeling-delivery-3-216x270.jpg 216w\" sizes=\"auto, (max-width: 400px) 100vw, 400px\" \/><\/a> \t\t\t<\/div><\/figure> \t\t<\/div>  <h2>FAQ sur la machine de d\u00e9pelage de f\u00e8ves de cacao<\/h2> <ol> <li>Quel est le taux de d\u00e9pelage de cette machine ?<\/li> <\/ol> <p>Plus de 99 %.<\/p> <ol start=\"2\"> <li>Puis-je ajuster l'\u00e9cart du rouleau ?<\/li> <\/ol> <p>Oui, bien s\u00fbr, l'\u00e9cartement du rouleau est r\u00e9glable, car diff\u00e9rentes f\u00e8ves de cacao ont des tailles diff\u00e9rentes.<\/p> <ol start=\"3\"> <li>\u00c0 quoi servent les f\u00e8ves de cacao pel\u00e9es ?<\/li> <\/ol> <p>Elle peut \u00eatre utilis\u00e9e pour fabriquer du chocolat, de la cr\u00e8me glac\u00e9e, des bonbons, des p\u00e2tisseries, etc.<\/p>","protected":false},"excerpt":{"rendered":"<p>Usually, people will process cocoa beans into a variety of cocoa powder, chocolate and other foods. And because of the hardness of the cocoa bean&#8217;s shell. People can use the cocoa pod breaker to break the shell. So that it is convenient for the further process of the cocoa bean. After opening the pod of [&hellip;]<\/p>\n","protected":false},"author":1,"featured_media":3748,"parent":0,"comment_status":"open","ping_status":"open","template":"","tags":[],"product-type":[904],"class_list":["post-3747","product","type-product","status-publish","has-post-thumbnail","hentry","product-type-cocao-beans-dehuller-machine"],"_links":{"self":[{"href":"https:\/\/www.agriculture-machine.com\/fr\/wp-json\/wp\/v2\/product\/3747","targetHints":{"allow":["GET"]}}],"collection":[{"href":"https:\/\/www.agriculture-machine.com\/fr\/wp-json\/wp\/v2\/product"}],"about":[{"href":"https:\/\/www.agriculture-machine.com\/fr\/wp-json\/wp\/v2\/types\/product"}],"author":[{"embeddable":true,"href":"https:\/\/www.agriculture-machine.com\/fr\/wp-json\/wp\/v2\/users\/1"}],"replies":[{"embeddable":true,"href":"https:\/\/www.agriculture-machine.com\/fr\/wp-json\/wp\/v2\/comments?post=3747"}],"wp:featuredmedia":[{"embeddable":true,"href":"https:\/\/www.agriculture-machine.com\/fr\/wp-json\/wp\/v2\/media\/3748"}],"wp:attachment":[{"href":"https:\/\/www.agriculture-machine.com\/fr\/wp-json\/wp\/v2\/media?parent=3747"}],"wp:term":[{"taxonomy":"post_tag","embeddable":true,"href":"https:\/\/www.agriculture-machine.com\/fr\/wp-json\/wp\/v2\/tags?post=3747"},{"taxonomy":"product-type","embeddable":true,"href":"https:\/\/www.agriculture-machine.com\/fr\/wp-json\/wp\/v2\/product-type?post=3747"}],"curies":[{"name":"wp","href":"https:\/\/api.w.org\/{rel}","templated":true}]}}