{"id":3771,"date":"2019-05-27T04:04:16","date_gmt":"2019-05-26T20:04:16","guid":{"rendered":"https:\/\/www.agriculture-machine.com\/?p=3771"},"modified":"2026-02-25T17:41:02","modified_gmt":"2026-02-25T09:41:02","slug":"wheat-thresher-for-sale-sorghum-rice-thresher-beans-millet-threshing-machine","status":"publish","type":"product","link":"https:\/\/www.agriculture-machine.com\/fr\/wheat-thresher-for-sale-sorghum-rice-thresher-beans-millet-threshing-machine\/","title":{"rendered":"Moissonneuse de bl\u00e9 | Moissonneuse de riz \u00e0 vendre"},"content":{"rendered":"<p class=\"translation-block\">Il s'agit d'une nouvelle conception <strong>machine de battage de riz<\/strong> avec une haute efficacit\u00e9 de travail, largement utilis\u00e9e pour battre le bl\u00e9, le riz et le millet, et sa capacit\u00e9 est de 400-500kg\/h. Elle peut \u00eatre \u00e9quip\u00e9e d'un moteur, d'un moteur \u00e0 essence et d'un moteur diesel, et est pratique pour les zones o\u00f9 l'\u00e9lectricit\u00e9 est insuffisante.<\/p>    <figure class=\"wp-block-image aligncenter wp-image-3775 size-full\"><img loading=\"lazy\" decoding=\"async\" width=\"600\" height=\"500\" src=\"https:\/\/www.agriculture-machine.com\/wp-content\/uploads\/2019\/05\/wheat-thresher-13.jpg\" alt=\"machine \u00e0 battre le riz\" class=\"wp-image-3775\" srcset=\"https:\/\/www.agriculture-machine.com\/wp-content\/uploads\/2019\/05\/wheat-thresher-13.jpg 600w, https:\/\/www.agriculture-machine.com\/wp-content\/uploads\/2019\/05\/wheat-thresher-13-324x270.jpg 324w\" sizes=\"auto, (max-width: 600px) 100vw, 600px\" \/><figcaption class=\"wp-element-caption\">machine \u00e0 battre le riz<\/figcaption><\/figure>    <p>Le battage de bl\u00e9 poss\u00e8de deux roues, un cadre r\u00e9glable, une tr\u00e9mie d'alimentation, une sortie d'impuret\u00e9s, une sortie de paille et une sortie de grains, etc.<\/p>    <figure class=\"wp-block-image aligncenter wp-image-3774 size-full\"><img loading=\"lazy\" decoding=\"async\" width=\"600\" height=\"500\" src=\"https:\/\/www.agriculture-machine.com\/wp-content\/uploads\/2019\/05\/wheat-thresher-12.jpg\" alt=\"machine \u00e0 battre le riz\" class=\"wp-image-3774\" srcset=\"https:\/\/www.agriculture-machine.com\/wp-content\/uploads\/2019\/05\/wheat-thresher-12.jpg 600w, https:\/\/www.agriculture-machine.com\/wp-content\/uploads\/2019\/05\/wheat-thresher-12-324x270.jpg 324w\" sizes=\"auto, (max-width: 600px) 100vw, 600px\" \/><figcaption class=\"wp-element-caption\">machine \u00e0 battre le riz<\/figcaption><\/figure>    <h2 class=\"wp-block-heading\">Param\u00e8tre technique du batteur de riz<\/h2>    <figure class=\"wp-block-table\"><table class=\"has-fixed-layout\"><tbody><tr><td><strong><b>Mod\u00e8le<\/b><\/strong><\/td><td><strong><b>TZ-50<\/b><\/strong><\/td><\/tr><tr><td><strong><b>Capacit\u00e9<\/b><\/strong><\/td><td>400-500kg\/h<\/td><\/tr><tr><td><strong><b>Puissance<\/b><\/strong><\/td><td>Moteur 3kw<br><p>Moteur diesel 8hp moteur \u00e0 essence 170F<\/p><\/td><\/tr><tr><td><strong><b>Poids<\/b><\/strong><\/td><td>85kg<\/td><\/tr><tr><td><strong><b>Taille<\/b><\/strong><\/td><td>1260*1320*1120mm<\/td><\/tr><\/tbody><\/table><\/figure>    <h2 class=\"wp-block-heading\">Avantage du batteur de riz<\/h2>    <ol class=\"wp-block-list\"> <li>Une sortie avec une grande ouverture peut am\u00e9liorer le taux de nettoyage.<\/li>    <li>Il s\u2019adapte avec un moteur, un moteur diesel et un moteur \u00e0 essence selon les besoins<\/li>    <li>Deux roues et roulettes facilitent le d\u00e9placement.<\/li>    <li>Taux de battage \u00e9lev\u00e9. Il peut atteindre 98%, et les grains finaux sont tr\u00e8s propres.<\/li>    <li>Fonctions multiples. En changeant diff\u00e9rents \u00e9crans, ce <a href=\"https:\/\/www.agriculture-machine.com\/fr\/small-thresher-for-rice-wheat-beans-sorghum-millet\/\"><strong>Machine \u00e0 battre le bl\u00e9<\/strong><\/a> peut battre de nombreuses cultures telles que le riz, le bl\u00e9, les haricots, etc.<\/li> <\/ol>    <figure class=\"wp-block-image aligncenter wp-image-3773 size-full\"><img loading=\"lazy\" decoding=\"async\" width=\"600\" height=\"500\" src=\"https:\/\/www.agriculture-machine.com\/wp-content\/uploads\/2019\/05\/wheat-thresher-11.jpg\" alt=\"Machine \u00e0 battre le bl\u00e9\" class=\"wp-image-3773\" srcset=\"https:\/\/www.agriculture-machine.com\/wp-content\/uploads\/2019\/05\/wheat-thresher-11.jpg 600w, https:\/\/www.agriculture-machine.com\/wp-content\/uploads\/2019\/05\/wheat-thresher-11-324x270.jpg 324w\" sizes=\"auto, (max-width: 600px) 100vw, 600px\" \/><figcaption class=\"wp-element-caption\">Machine \u00e0 battre le bl\u00e9<\/figcaption><\/figure>    <p>&nbsp;<\/p>    <h2 class=\"wp-block-heading\">Principe de fonctionnement du batteur de riz<\/h2>    <ol class=\"wp-block-list\"> <li>L\u2019utilisateur met le riz dans l\u2019entr\u00e9e progressivement<\/li>    <li>Sous la force des rouleaux, les grains de riz sont s\u00e9par\u00e9s de la paille et tombent dans le r\u00e9cipient.<\/li>    <li>3. Et les pailles sont expuls\u00e9es par une autre sortie.<\/li>    <li>Pour \u00e9viter que les pailles ne bloquent la sortie, il est pr\u00e9f\u00e9rable de les enlever \u00e0 temps avec une pelle.<\/li> <\/ol>    <figure class=\"wp-block-image aligncenter wp-image-3772 size-full\"><img loading=\"lazy\" decoding=\"async\" width=\"600\" height=\"500\" src=\"https:\/\/www.agriculture-machine.com\/wp-content\/uploads\/2019\/05\/wheat-thresher-10.jpg\" alt=\"Entr\u00e9e de la machine \u00e0 battre le bl\u00e9\" class=\"wp-image-3772\" srcset=\"https:\/\/www.agriculture-machine.com\/wp-content\/uploads\/2019\/05\/wheat-thresher-10.jpg 600w, https:\/\/www.agriculture-machine.com\/wp-content\/uploads\/2019\/05\/wheat-thresher-10-324x270.jpg 324w\" sizes=\"auto, (max-width: 600px) 100vw, 600px\" \/><figcaption class=\"wp-element-caption\">Entr\u00e9e de la machine \u00e0 battre le bl\u00e9<\/figcaption><\/figure>    <h2 class=\"wp-block-heading\">Cas de r\u00e9ussite du batteur de riz<\/h2>    <p class=\"translation-block\">En f\u00e9vrier 2019, 79 ensembles <strong> machine \u00e0 battre le bl\u00e9 <\/strong> ont \u00e9t\u00e9 export\u00e9s au P\u00e9rou. Taux de battage \u00e9lev\u00e9, taux de nettoyage \u00e9lev\u00e9 et excellente efficacit\u00e9 de travail la rendent extr\u00eamement populaire sur le march\u00e9, et voici les d\u00e9tails de l\u2019emballage.<\/p>    <figure class=\"wp-block-image aligncenter wp-image-3344 size-full\"><img loading=\"lazy\" decoding=\"async\" width=\"600\" height=\"500\" src=\"https:\/\/www.agriculture-machine.com\/wp-content\/uploads\/2019\/04\/wheat-thresher-4.jpg\" alt=\"Site de livraison du batteur de riz\" class=\"wp-image-3344\" srcset=\"https:\/\/www.agriculture-machine.com\/wp-content\/uploads\/2019\/04\/wheat-thresher-4.jpg 600w, https:\/\/www.agriculture-machine.com\/wp-content\/uploads\/2019\/04\/wheat-thresher-4-324x270.jpg 324w\" sizes=\"auto, (max-width: 600px) 100vw, 600px\" \/><figcaption class=\"wp-element-caption\">Site de livraison du batteur de riz<\/figcaption><\/figure>    <figure class=\"wp-block-image aligncenter wp-image-3345 size-full\"><img loading=\"lazy\" decoding=\"async\" width=\"600\" height=\"500\" src=\"https:\/\/www.agriculture-machine.com\/wp-content\/uploads\/2019\/04\/wheat-thresher-5.jpg\" alt=\"Site de livraison du batteur de haricots\" class=\"wp-image-3345\" srcset=\"https:\/\/www.agriculture-machine.com\/wp-content\/uploads\/2019\/04\/wheat-thresher-5.jpg 600w, https:\/\/www.agriculture-machine.com\/wp-content\/uploads\/2019\/04\/wheat-thresher-5-324x270.jpg 324w\" sizes=\"auto, (max-width: 600px) 100vw, 600px\" \/><figcaption class=\"wp-element-caption\">Site de livraison du batteur de haricots<\/figcaption><\/figure>    <h2 class=\"wp-block-heading\">FAQ sur la machine \u00e0 battre le riz<\/h2>   <div id=\"rank-math-faq\" class=\"rank-math-block\"> <div class=\"rank-math-list\"> <div id=\"faq-question-1772012282082\" class=\"rank-math-list-item\"> <h3 class=\"rank-math-question\">What&#8217;s the capacity of the rice thresher machine?<\/h3> <div class=\"rank-math-answer\">  <p>400-500kg\/h.<\/p>  <\/div> <\/div> <div id=\"faq-question-1772012303332\" class=\"rank-math-list-item\"> <h3 class=\"rank-math-question\">Dans quel pays avez-vous d\u00e9j\u00e0 export\u00e9 ?<\/h3> <div class=\"rank-math-answer\">  <p>Cette machine \u00e0 battre le bl\u00e9 a \u00e9t\u00e9 export\u00e9e aux Philippines, en Tha\u00eflande, au Nigeria, au Pakistan, etc.<\/p>  <\/div> <\/div> <div id=\"faq-question-1772012313786\" class=\"rank-math-list-item\"> <h3 class=\"rank-math-question\">Quel est le taux de d\u00e9corticage ?<\/h3> <div class=\"rank-math-answer\">  <p>Le taux de battage est sup\u00e9rieur \u00e0 98%.<\/p>  <\/div> <\/div> <div id=\"faq-question-1772012317685\" class=\"rank-math-list-item\"> <h3 class=\"rank-math-question\">Quelle est la mati\u00e8re premi\u00e8re ?<\/h3> <div class=\"rank-math-answer\">  <p>La mati\u00e8re premi\u00e8re principale est le riz et le bl\u00e9.<\/p>  <\/div> <\/div> <\/div> <\/div>","protected":false},"excerpt":{"rendered":"<p>This rice wheat thresher\u00a0machine with high working efficiency, widely applying to thresh wheat, rice and millet, and its capacity is 400-500kg\/h.<\/p>","protected":false},"author":1,"featured_media":3780,"parent":0,"comment_status":"closed","ping_status":"closed","template":"","tags":[2614],"product-type":[894],"class_list":["post-3771","product","type-product","status-publish","has-post-thumbnail","hentry","tag-thresher","product-type-rice-and-wheat-thresher"],"_links":{"self":[{"href":"https:\/\/www.agriculture-machine.com\/fr\/wp-json\/wp\/v2\/product\/3771","targetHints":{"allow":["GET"]}}],"collection":[{"href":"https:\/\/www.agriculture-machine.com\/fr\/wp-json\/wp\/v2\/product"}],"about":[{"href":"https:\/\/www.agriculture-machine.com\/fr\/wp-json\/wp\/v2\/types\/product"}],"author":[{"embeddable":true,"href":"https:\/\/www.agriculture-machine.com\/fr\/wp-json\/wp\/v2\/users\/1"}],"replies":[{"embeddable":true,"href":"https:\/\/www.agriculture-machine.com\/fr\/wp-json\/wp\/v2\/comments?post=3771"}],"wp:featuredmedia":[{"embeddable":true,"href":"https:\/\/www.agriculture-machine.com\/fr\/wp-json\/wp\/v2\/media\/3780"}],"wp:attachment":[{"href":"https:\/\/www.agriculture-machine.com\/fr\/wp-json\/wp\/v2\/media?parent=3771"}],"wp:term":[{"taxonomy":"post_tag","embeddable":true,"href":"https:\/\/www.agriculture-machine.com\/fr\/wp-json\/wp\/v2\/tags?post=3771"},{"taxonomy":"product-type","embeddable":true,"href":"https:\/\/www.agriculture-machine.com\/fr\/wp-json\/wp\/v2\/product-type?post=3771"}],"curies":[{"name":"wp","href":"https:\/\/api.w.org\/{rel}","templated":true}]}}