{"id":3818,"date":"2019-06-03T05:42:18","date_gmt":"2019-06-02T21:42:18","guid":{"rendered":"https:\/\/www.agriculture-machine.com\/?p=3818"},"modified":"2024-09-18T16:04:28","modified_gmt":"2024-09-18T08:04:28","slug":"hand-operated-maize-corn-planter-machine-peanut-plant","status":"publish","type":"product","link":"https:\/\/www.agriculture-machine.com\/fr\/hand-operated-maize-corn-planter-machine-peanut-plant\/","title":{"rendered":"Machine \u00e0 planter le ma\u00efs \/ arachide manuelle"},"content":{"rendered":"<p class=\"translation-block\"><strong>Machine de semis de ma\u00efs<\/strong> utilis\u00e9e pour planter diverses cultures telles que le ma\u00efs, les cacahu\u00e8tes, et nous avons diff\u00e9rents types de machines manuelles avec diff\u00e9rentes capacit\u00e9s. Elles sont l\u00e9g\u00e8res et abordables pour chaque agriculteur.<\/p> <h2><span style=\"color: #ff0000;\">Type un<\/span><\/h2> <h2><strong><b>Br\u00e8ve introduction de la machine \u00e0 semer le ma\u00efs<\/b><\/strong><\/h2> <p class=\"translation-block\">Il est manuel<strong> machine de semis de ma\u00efs <\/strong>avec double r\u00e9servoirs, et sa capacit\u00e9 est de 0,5 hectare\/h, largement utilis\u00e9 pour semer du ma\u00efs, des cacahu\u00e8tes, du soja, du bl\u00e9, du sorgho, etc. Cette machine est principalement compos\u00e9e d\u2019un hopper d\u2019alimentation, d\u2019une grande roue, de deux poign\u00e9es, d\u2019un creuse-terre, d\u2019une partie de couverture de sol et d\u2019une partie de semis.<\/p> <figure id=\"attachment_3827\" aria-describedby=\"caption-attachment-3827\" style=\"width: 600px\" class=\"wp-caption aligncenter\"><img loading=\"lazy\" decoding=\"async\" class=\"wp-image-3827 size-full\" src=\"https:\/\/www.agriculture-machine.com\/wp-content\/uploads\/2019\/06\/corn-planting-9.jpg\" alt=\"semoir \u00e0 ma\u00efs\" width=\"600\" height=\"410\" srcset=\"https:\/\/www.agriculture-machine.com\/wp-content\/uploads\/2019\/06\/corn-planting-9.jpg 600w, https:\/\/www.agriculture-machine.com\/wp-content\/uploads\/2019\/06\/corn-planting-9-360x246.jpg 360w\" sizes=\"auto, (max-width: 600px) 100vw, 600px\" \/><figcaption id=\"caption-attachment-3827\" class=\"wp-caption-text\">semoir \u00e0 ma\u00efs<\/figcaption><\/figure> <p>Deux personnes sont n\u00e9cessaires lors de l\u2019op\u00e9ration, et elle est facile \u00e0 utiliser et \u00e0 manipuler. L\u2019axe vert \u00e0 l\u2019ext\u00e9rieur du r\u00e9servoir du semeur contr\u00f4le la chute des graines, et les vis de l\u2019axe vert peuvent changer le r\u00e9servoir. L\u2019espacement du semis d\u00e9pend de la vitesse de l\u2019op\u00e9rateur.<\/p> <figure id=\"attachment_3823\" aria-describedby=\"caption-attachment-3823\" style=\"width: 600px\" class=\"wp-caption aligncenter\"><img loading=\"lazy\" decoding=\"async\" class=\"wp-image-3823 size-full\" src=\"https:\/\/www.agriculture-machine.com\/wp-content\/uploads\/2019\/06\/corn-planting-5.jpg\" alt=\"Machine de semis de ma\u00efs\" width=\"600\" height=\"476\" srcset=\"https:\/\/www.agriculture-machine.com\/wp-content\/uploads\/2019\/06\/corn-planting-5.jpg 600w, https:\/\/www.agriculture-machine.com\/wp-content\/uploads\/2019\/06\/corn-planting-5-340x270.jpg 340w\" sizes=\"auto, (max-width: 600px) 100vw, 600px\" \/><figcaption id=\"caption-attachment-3823\" class=\"wp-caption-text\">Machine de semis de ma\u00efs<\/figcaption><\/figure> <figure id=\"attachment_3822\" aria-describedby=\"caption-attachment-3822\" style=\"width: 600px\" class=\"wp-caption aligncenter\"><img loading=\"lazy\" decoding=\"async\" class=\"wp-image-3822 size-full\" src=\"https:\/\/www.agriculture-machine.com\/wp-content\/uploads\/2019\/06\/corn-planting-4.jpg\" alt=\"Machine de semis de ma\u00efs\" width=\"600\" height=\"476\" srcset=\"https:\/\/www.agriculture-machine.com\/wp-content\/uploads\/2019\/06\/corn-planting-4.jpg 600w, https:\/\/www.agriculture-machine.com\/wp-content\/uploads\/2019\/06\/corn-planting-4-340x270.jpg 340w\" sizes=\"auto, (max-width: 600px) 100vw, 600px\" \/><figcaption id=\"caption-attachment-3822\" class=\"wp-caption-text\">Machine de semis de ma\u00efs<\/figcaption><\/figure> <h2><strong><b>Param\u00e8tre technique<\/b><\/strong><strong><b> de TZY-100<\/b><\/strong><\/h2> <table> <tbody> <tr> <td width=\"284\">Nom<\/td> <td width=\"284\">Machine \u00e0 semer<\/td> <\/tr> <tr> <td width=\"284\">Mod\u00e8le<\/td> <td width=\"284\">TZY-100<\/td> <\/tr> <tr> <td width=\"284\">Capacit\u00e9<\/td> <td width=\"284\">0,5 hectare\/h<\/td> <\/tr> <tr> <td width=\"284\">Taille<\/td> <td width=\"284\">1370*420*900<\/td> <\/tr> <tr> <td width=\"284\">Poids<\/td> <td width=\"284\">12kg<\/td> <\/tr> <\/tbody> <\/table> <h2><strong><b>Principe de fonctionnement de la machine \u00e0 semer le ma\u00efs<br \/> <\/b><\/strong><\/h2> <ol> <li>La personne \u00e0 l\u2019avant tire la courroie de la roue avant, et la personne \u00e0 l\u2019arri\u00e8re pousse la machine pour contr\u00f4ler la direction.<\/li> <li>Le creuse-terre creuse d\u2019abord le sol \u00e0 une certaine profondeur.<\/li> <li>Ensuite, les graines \u00e0 l\u2019int\u00e9rieur du dispositif de semis tombent progressivement au sol en suivant le mouvement des deux op\u00e9rateurs.<\/li> <li>Enfin, la petite roue arri\u00e8re couvre les graines avec de la terre.<\/li> <\/ol> <figure id=\"attachment_3821\" aria-describedby=\"caption-attachment-3821\" style=\"width: 600px\" class=\"wp-caption aligncenter\"><img loading=\"lazy\" decoding=\"async\" class=\"wp-image-3821 size-full\" src=\"https:\/\/www.agriculture-machine.com\/wp-content\/uploads\/2019\/06\/corn-planting-3.jpg\" alt=\"semoir \u00e0 ma\u00efs\" width=\"600\" height=\"476\" srcset=\"https:\/\/www.agriculture-machine.com\/wp-content\/uploads\/2019\/06\/corn-planting-3.jpg 600w, https:\/\/www.agriculture-machine.com\/wp-content\/uploads\/2019\/06\/corn-planting-3-340x270.jpg 340w\" sizes=\"auto, (max-width: 600px) 100vw, 600px\" \/><figcaption id=\"caption-attachment-3821\" class=\"wp-caption-text\">semoir \u00e0 ma\u00efs<\/figcaption><\/figure> <figure id=\"attachment_3820\" aria-describedby=\"caption-attachment-3820\" style=\"width: 600px\" class=\"wp-caption aligncenter\"><img loading=\"lazy\" decoding=\"async\" class=\"wp-image-3820 size-full\" src=\"https:\/\/www.agriculture-machine.com\/wp-content\/uploads\/2019\/06\/corn-planting-2.jpg\" alt=\"photo de l\u2019int\u00e9rieur de la machine\" width=\"600\" height=\"476\" srcset=\"https:\/\/www.agriculture-machine.com\/wp-content\/uploads\/2019\/06\/corn-planting-2.jpg 600w, https:\/\/www.agriculture-machine.com\/wp-content\/uploads\/2019\/06\/corn-planting-2-340x270.jpg 340w\" sizes=\"auto, (max-width: 600px) 100vw, 600px\" \/><figcaption id=\"caption-attachment-3820\" class=\"wp-caption-text\">photo de l\u2019int\u00e9rieur de la machine<\/figcaption><\/figure> <h2><strong><b>Avantage de notre machine<br \/> <\/b><\/strong><\/h2> <ol> <li>La machine de plantation de ma\u00efs peut planter de nombreuses cultures telles que le ma\u00efs, les haricots, les cacahu\u00e8tes, le bl\u00e9.<\/li> <li><strong>Machine de semis de ma\u00efs \u00e0 vendre<\/strong> est l\u00e9ger et facile \u00e0 utiliser.<\/li> <li>Les graines tombent uniform\u00e9ment dans le champ et ont un taux de survie \u00e9lev\u00e9.<\/li> <li>Il est facile de changer les r\u00e9cipients de semis pour planter diff\u00e9rentes cultures.<\/li> <li>Sa structure est simple, ce qui facilite son installation et son d\u00e9montage.<\/li> <li>Le plus important, c\u2019est que cette machine manuelle de semis de ma\u00efs est \u00e0 bas prix, et tout le monde peut se le permettre.<\/li> <\/ol> <figure id=\"attachment_3824\" aria-describedby=\"caption-attachment-3824\" style=\"width: 600px\" class=\"wp-caption aligncenter\"><img loading=\"lazy\" decoding=\"async\" class=\"wp-image-3824 size-full\" src=\"https:\/\/www.agriculture-machine.com\/wp-content\/uploads\/2019\/06\/corn-planting-6.jpg\" alt=\"Accessoires de la machine\" width=\"600\" height=\"476\" srcset=\"https:\/\/www.agriculture-machine.com\/wp-content\/uploads\/2019\/06\/corn-planting-6.jpg 600w, https:\/\/www.agriculture-machine.com\/wp-content\/uploads\/2019\/06\/corn-planting-6-340x270.jpg 340w\" sizes=\"auto, (max-width: 600px) 100vw, 600px\" \/><figcaption id=\"caption-attachment-3824\" class=\"wp-caption-text\">Accessoires de la machine<\/figcaption><\/figure> <h2><span style=\"color: #ff0000;\">Type deux : Machine de semis de ma\u00efs \u00e0 pouss\u00e9e manuelle<\/span><\/h2> <p>Style du produit : 6 mod\u00e8les (optionnel)<br \/> Seeding depth: 3.5&#8211;7.8 cm.<br \/> Quantit\u00e9 de semis : 1-3 graines de ma\u00efs (ajustable)<\/p> <figure id=\"attachment_4242\" aria-describedby=\"caption-attachment-4242\" style=\"width: 581px\" class=\"wp-caption aligncenter\"><img loading=\"lazy\" decoding=\"async\" class=\"wp-image-4242\" src=\"https:\/\/www.agriculture-machine.com\/wp-content\/uploads\/2019\/06\/corn-planter-5.jpg\" alt=\"d\u00e9tail de la machine\" width=\"581\" height=\"581\" srcset=\"https:\/\/www.agriculture-machine.com\/wp-content\/uploads\/2019\/06\/corn-planter-5.jpg 500w, https:\/\/www.agriculture-machine.com\/wp-content\/uploads\/2019\/06\/corn-planter-5-270x270.jpg 270w\" sizes=\"auto, (max-width: 581px) 100vw, 581px\" \/><figcaption id=\"caption-attachment-4242\" class=\"wp-caption-text\">d\u00e9tail de la machine<\/figcaption><\/figure> <p>Application : cette machine \u00e0 semer le ma\u00efs abandonne les modes de plantation traditionnels, et la machine peut injecter directement les graines dans le sol. Une personne peut planter 6-8 acres par jour avec une machine, et l\u2019efficacit\u00e9 du semis est tripl\u00e9e. Elle poss\u00e8de des caract\u00e9ristiques de semis pr\u00e9cis, de plantules nettes. De plus, elle est facile \u00e0 utiliser avec une haute efficacit\u00e9 de travail.<\/p> <figure id=\"attachment_4241\" aria-describedby=\"caption-attachment-4241\" style=\"width: 583px\" class=\"wp-caption aligncenter\"><img loading=\"lazy\" decoding=\"async\" class=\"wp-image-4241\" src=\"https:\/\/www.agriculture-machine.com\/wp-content\/uploads\/2019\/06\/corn-planter-4.jpg\" alt=\"Semoir de ma\u00efs \u00e0 vendre\" width=\"583\" height=\"583\" srcset=\"https:\/\/www.agriculture-machine.com\/wp-content\/uploads\/2019\/06\/corn-planter-4.jpg 500w, https:\/\/www.agriculture-machine.com\/wp-content\/uploads\/2019\/06\/corn-planter-4-270x270.jpg 270w\" sizes=\"auto, (max-width: 583px) 100vw, 583px\" \/><figcaption id=\"caption-attachment-4241\" class=\"wp-caption-text\">Semoir de ma\u00efs \u00e0 vendre<\/figcaption><\/figure> <p>Caract\u00e9ristiques :<br \/> 1. Ce type de machine \u00e0 semer le ma\u00efs poss\u00e8de une conception sp\u00e9ciale de dents qui facilite le d\u00e9placement dans le champ en raison de sa l\u00e9g\u00e8ret\u00e9.<br \/> 2. Op\u00e9ration pratique. Une personne peut terminer tous les processus.<br \/> 3. Elle convient \u00e0 diff\u00e9rentes zones telles que montagnes, collines et terrasses, etc.<br \/> 4. Semis de pr\u00e9cision. La plantule a un taux de survie \u00e9lev\u00e9.<br \/> 5. Large application : elle peut planter du ma\u00efs, des soja, etc., et le diam\u00e8tre des graines varie de 3 mm \u00e0 15 mm.<br \/> 6. Prix bas. Cette machine \u00e0 semer le ma\u00efs est tr\u00e8s bon march\u00e9, et tous les agriculteurs peuvent se le permettre.<\/p> <figure id=\"attachment_4240\" aria-describedby=\"caption-attachment-4240\" style=\"width: 585px\" class=\"wp-caption aligncenter\"><img loading=\"lazy\" decoding=\"async\" class=\"wp-image-4240\" src=\"https:\/\/www.agriculture-machine.com\/wp-content\/uploads\/2019\/06\/corn-planter-3.jpg\" alt=\"Un cas de succ\u00e8s de la machine \u00e0 semer le ma\u00efs\" width=\"585\" height=\"585\" srcset=\"https:\/\/www.agriculture-machine.com\/wp-content\/uploads\/2019\/06\/corn-planter-3.jpg 500w, https:\/\/www.agriculture-machine.com\/wp-content\/uploads\/2019\/06\/corn-planter-3-270x270.jpg 270w\" sizes=\"auto, (max-width: 585px) 100vw, 585px\" \/><figcaption id=\"caption-attachment-4240\" class=\"wp-caption-text\">Un cas de succ\u00e8s de la machine \u00e0 semer le ma\u00efs<\/figcaption><\/figure> <figure id=\"attachment_4239\" aria-describedby=\"caption-attachment-4239\" style=\"width: 583px\" class=\"wp-caption aligncenter\"><img loading=\"lazy\" decoding=\"async\" class=\"wp-image-4239\" src=\"https:\/\/www.agriculture-machine.com\/wp-content\/uploads\/2019\/06\/corn-planter-2.jpg\" alt=\"semoir \u00e0 ma\u00efs\" width=\"583\" height=\"583\" srcset=\"https:\/\/www.agriculture-machine.com\/wp-content\/uploads\/2019\/06\/corn-planter-2.jpg 500w, https:\/\/www.agriculture-machine.com\/wp-content\/uploads\/2019\/06\/corn-planter-2-270x270.jpg 270w\" sizes=\"auto, (max-width: 583px) 100vw, 583px\" \/><figcaption id=\"caption-attachment-4239\" class=\"wp-caption-text\">semoir \u00e0 ma\u00efs<\/figcaption><\/figure> <h2>Actualit\u00e9s de livraison de la machine \u00e0 semer le ma\u00efs<\/h2> <p class=\"translation-block\">En mars 2019, 1100 ensembles <strong>machines \u00e0 planter les cacahu\u00e8tes<\/strong> ont \u00e9t\u00e9 livr\u00e9s au Nigeria, et vous pouvez cliquer sur le lien ci-dessous pour voir plus d\u2019informations sur la livraison.<\/p> <h2 class=\"post-title entry-title\"><a href=\"https:\/\/www.agriculture-machine.com\/fr\/1100-sets-hand-operated-corn-peanut-planter-machine-have-been-delivered-to-nigeria\/\">1100 ensembles de machines manuelles de plantation de ma\u00efs et d\u2019arachide ont \u00e9t\u00e9 livr\u00e9s au Nigeria<\/a><\/h2> <figure id=\"attachment_3819\" aria-describedby=\"caption-attachment-3819\" style=\"width: 600px\" class=\"wp-caption aligncenter\"><img loading=\"lazy\" decoding=\"async\" class=\"wp-image-3819 size-full\" src=\"https:\/\/www.agriculture-machine.com\/wp-content\/uploads\/2019\/06\/corn-planting-1.jpg\" alt=\"FAQ de la machine \u00e0 semer le ma\u00efs \" width=\"600\" height=\"476\" srcset=\"https:\/\/www.agriculture-machine.com\/wp-content\/uploads\/2019\/06\/corn-planting-1.jpg 600w, https:\/\/www.agriculture-machine.com\/wp-content\/uploads\/2019\/06\/corn-planting-1-340x270.jpg 340w\" sizes=\"auto, (max-width: 600px) 100vw, 600px\" \/><figcaption id=\"caption-attachment-3819\" class=\"wp-caption-text\">FAQ de la machine \u00e0 semer le ma\u00efs<\/figcaption><\/figure> <h2>Les graines de ma\u00efs peuvent-elles \u00eatre m\u00e9lang\u00e9es avec de l\u2019engrais ?<\/h2> <ol> <li>Non, vous ne pouvez pas, l\u2019engrais endommagera les plantules de ma\u00efs.<\/li> <\/ol> <p>\u00c0 quoi sert cette machine \u00e0 semer le ma\u00efs ?<\/p> <ol start=\"2\"> <li>Ma\u00efs, haricots, cacahu\u00e8tes, bl\u00e9.<\/li> <\/ol> <p>Combien de personnes sont n\u00e9cessaires lors de l\u2019op\u00e9ration ?<\/p> <ol start=\"3\"> <li>2 personnes.<\/li> <\/ol> <p>Pourquoi une machine peut-elle planter diff\u00e9rentes cultures ?<\/p> <ol start=\"4\"> <li>Parce que le dispositif de semis peut \u00eatre chang\u00e9 en fonction de la taille des diff\u00e9rentes cultures.<\/li> <\/ol> <p>Puis-je contr\u00f4ler la vitesse de semis ?<\/p> <ol start=\"5\"> <li>Param\u00e8tre technique de TZY-100<\/li> <\/ol> <p>Oui, bien s\u00fbr.<\/p>","protected":false},"excerpt":{"rendered":"<p>Corn planter machine is used to plant various of crops such as corn, peanut, and we have different kinds of hand-operated planter with different capacities. They are light in weight and light in weight, and every farmer can afford it. type one Brief introduction of corn planter It is hand-operated corn planter\u00a0machine with double bins, [&hellip;]<\/p>\n","protected":false},"author":1,"featured_media":4246,"parent":0,"comment_status":"closed","ping_status":"closed","template":"","tags":[491,492],"product-type":[882],"class_list":["post-3818","product","type-product","status-publish","has-post-thumbnail","hentry","tag-corn","tag-planter","product-type-corn-planter"],"_links":{"self":[{"href":"https:\/\/www.agriculture-machine.com\/fr\/wp-json\/wp\/v2\/product\/3818","targetHints":{"allow":["GET"]}}],"collection":[{"href":"https:\/\/www.agriculture-machine.com\/fr\/wp-json\/wp\/v2\/product"}],"about":[{"href":"https:\/\/www.agriculture-machine.com\/fr\/wp-json\/wp\/v2\/types\/product"}],"author":[{"embeddable":true,"href":"https:\/\/www.agriculture-machine.com\/fr\/wp-json\/wp\/v2\/users\/1"}],"replies":[{"embeddable":true,"href":"https:\/\/www.agriculture-machine.com\/fr\/wp-json\/wp\/v2\/comments?post=3818"}],"wp:featuredmedia":[{"embeddable":true,"href":"https:\/\/www.agriculture-machine.com\/fr\/wp-json\/wp\/v2\/media\/4246"}],"wp:attachment":[{"href":"https:\/\/www.agriculture-machine.com\/fr\/wp-json\/wp\/v2\/media?parent=3818"}],"wp:term":[{"taxonomy":"post_tag","embeddable":true,"href":"https:\/\/www.agriculture-machine.com\/fr\/wp-json\/wp\/v2\/tags?post=3818"},{"taxonomy":"product-type","embeddable":true,"href":"https:\/\/www.agriculture-machine.com\/fr\/wp-json\/wp\/v2\/product-type?post=3818"}],"curies":[{"name":"wp","href":"https:\/\/api.w.org\/{rel}","templated":true}]}}