{"id":3912,"date":"2019-06-16T23:43:24","date_gmt":"2019-06-16T15:43:24","guid":{"rendered":"https:\/\/www.agriculture-machine.com\/?p=3912"},"modified":"2024-09-18T16:12:11","modified_gmt":"2024-09-18T08:12:11","slug":"rope-braiding-machine","status":"publish","type":"product","link":"https:\/\/www.agriculture-machine.com\/fr\/rope-braiding-machine\/","title":{"rendered":"Machine \u00e0 fabriquer des cordes \/ machine \u00e0 tresser les cordes 2020 NOUVELLE CONCEPTION"},"content":{"rendered":"<p class=\"translation-block\"><strong>Machine \u00e0 fabriquer des cordes<\/strong> est un bon outil pour tresser des cordes, comprenant une plaque \u00e0 corde, un moteur, un ch\u00e2ssis, une grande roue avec une courroie, et la mati\u00e8re premi\u00e8re peut \u00eatre de la paille de bl\u00e9, de la paille de riz et d'autres herbes. Vous pouvez ajuster le diam\u00e8tre de la corde en changeant les diff\u00e9rentes entr\u00e9es qui ressemblent \u00e0 une trompette. La corde finale peut \u00eatre largement utilis\u00e9e pour la protection des arbres et des briques, les bouquets de l\u00e9gumes, etc.<\/p> <p><img loading=\"lazy\" decoding=\"async\" class=\"alignnone size-full wp-image-3921\" src=\"https:\/\/www.agriculture-machine.com\/wp-content\/uploads\/2019\/06\/rope-making-machine-9.jpg\" alt=\"\" width=\"600\" height=\"500\" srcset=\"https:\/\/www.agriculture-machine.com\/wp-content\/uploads\/2019\/06\/rope-making-machine-9.jpg 600w, https:\/\/www.agriculture-machine.com\/wp-content\/uploads\/2019\/06\/rope-making-machine-9-324x270.jpg 324w\" sizes=\"auto, (max-width: 600px) 100vw, 600px\" \/><\/p> <h2>Param\u00e8tre technique de la machine \u00e0 fabriquer des cordes<\/h2> <table> <tbody> <tr> <td width=\"284\">Mod\u00e8le<\/td> <td width=\"284\">\u00a0\u00a0SL-450<\/td> <\/tr> <tr> <td width=\"284\">Puissance<\/td> <td width=\"284\">120w,220v,50HZ<\/td> <\/tr> <tr> <td width=\"284\">Diam\u00e8tre<\/td> <td width=\"284\">\u00a04-30mm<\/td> <\/tr> <tr> <td width=\"284\">Poids net<\/td> <td width=\"284\">\u00a040kg<\/td> <\/tr> <tr> <td width=\"284\">Capacit\u00e9<\/td> <td width=\"284\">\u00a05m\/s<\/td> <\/tr> <tr> <td width=\"284\">Taille<\/td> <td width=\"284\">\u00a097*40*60mm<\/td> <\/tr> <\/tbody> <\/table> <h2>Avantage de la machine \u00e0 fabriquer des cordes<\/h2> <p class=\"translation-block\">1. <strong>Machine \u00e0 fabriquer des cordes<\/strong> \u00e0 vendre est facile \u00e0 utiliser et une personne peut la finir.<\/p> <ol start=\"2\"> <li>Ce<strong> machine \u00e0 tresser les cordes<\/strong> fait maison en utilisant enti\u00e8rement les pailles ou herbes us\u00e9es, \u00e9vitant leur pollution de l'environnement.<\/li> <li>Application large. La corde finie peut \u00eatre utilis\u00e9e pour prot\u00e9ger les arbres, regrouper des l\u00e9gumes et d\u00e9corer des objets artisanaux, etc.<\/li> <li><strong>Machine \u00e0 torsader les cordes<\/strong> est tr\u00e8s petit et convient \u00e0 un usage domestique.<\/li> <\/ol> <p><img loading=\"lazy\" decoding=\"async\" class=\"alignnone size-full wp-image-3922\" src=\"https:\/\/www.agriculture-machine.com\/wp-content\/uploads\/2019\/06\/rope-making-machine-10.jpg\" alt=\"\" width=\"600\" height=\"500\" srcset=\"https:\/\/www.agriculture-machine.com\/wp-content\/uploads\/2019\/06\/rope-making-machine-10.jpg 600w, https:\/\/www.agriculture-machine.com\/wp-content\/uploads\/2019\/06\/rope-making-machine-10-324x270.jpg 324w\" sizes=\"auto, (max-width: 600px) 100vw, 600px\" \/><\/p> <h2>Principe de fonctionnement de la machine \u00e0 fabriquer des cordes.<\/h2> <ol> <li>L'utilisateur place la paille dans deux entr\u00e9es en m\u00eame temps,<\/li> <li>Sous la rotation constante de la machine \u00e0 tresser la corde, et les deux cordes \u00e9paisses sont torsad\u00e9es en une seule corde.<\/li> <li>La longueur de la corde devient plus longue pendant le fonctionnement.<\/li> <li>Les utilisateurs peuvent arr\u00eater l'op\u00e9ration lorsque le diam\u00e8tre est presque identique \u00e0 celui des deux entr\u00e9es.<\/li> <\/ol> <p>5. Enfin, l'op\u00e9rateur tourne la vis, s'\u00e9loignant de deux plaques, puis la corde peut \u00eatre retir\u00e9e de l'axe central.<\/p> <p><img loading=\"lazy\" decoding=\"async\" class=\"alignnone size-full wp-image-3915\" src=\"https:\/\/www.agriculture-machine.com\/wp-content\/uploads\/2019\/06\/rope-making-machine-3.jpg\" alt=\"\" width=\"600\" height=\"500\" srcset=\"https:\/\/www.agriculture-machine.com\/wp-content\/uploads\/2019\/06\/rope-making-machine-3.jpg 600w, https:\/\/www.agriculture-machine.com\/wp-content\/uploads\/2019\/06\/rope-making-machine-3-324x270.jpg 324w\" sizes=\"auto, (max-width: 600px) 100vw, 600px\" \/><\/p> <h2>Cas de r\u00e9ussite de la machine \u00e0 fabriquer des cordes<\/h2> <p class=\"translation-block\">Au d\u00e9but avril, nous avons export\u00e9 une machine \u00e0 fabriquer des cordes torsad\u00e9es 20GP  vers l'Afrique du Sud, et voici les d\u00e9tails de l'emballage.<\/p> <p><img loading=\"lazy\" decoding=\"async\" class=\"alignnone size-full wp-image-3916\" src=\"https:\/\/www.agriculture-machine.com\/wp-content\/uploads\/2019\/06\/rope-making-machine-4.jpg\" alt=\"\" width=\"600\" height=\"500\" srcset=\"https:\/\/www.agriculture-machine.com\/wp-content\/uploads\/2019\/06\/rope-making-machine-4.jpg 600w, https:\/\/www.agriculture-machine.com\/wp-content\/uploads\/2019\/06\/rope-making-machine-4-324x270.jpg 324w\" sizes=\"auto, (max-width: 600px) 100vw, 600px\" \/><\/p> <p><img loading=\"lazy\" decoding=\"async\" class=\"alignnone size-full wp-image-3917\" src=\"https:\/\/www.agriculture-machine.com\/wp-content\/uploads\/2019\/06\/rope-making-machine-5.jpg\" alt=\"\" width=\"600\" height=\"500\" srcset=\"https:\/\/www.agriculture-machine.com\/wp-content\/uploads\/2019\/06\/rope-making-machine-5.jpg 600w, https:\/\/www.agriculture-machine.com\/wp-content\/uploads\/2019\/06\/rope-making-machine-5-324x270.jpg 324w\" sizes=\"auto, (max-width: 600px) 100vw, 600px\" \/><\/p> <p><img loading=\"lazy\" decoding=\"async\" class=\"alignnone size-full wp-image-3918\" src=\"https:\/\/www.agriculture-machine.com\/wp-content\/uploads\/2019\/06\/rope-making-machine-6.jpg\" alt=\"\" width=\"600\" height=\"500\" srcset=\"https:\/\/www.agriculture-machine.com\/wp-content\/uploads\/2019\/06\/rope-making-machine-6.jpg 600w, https:\/\/www.agriculture-machine.com\/wp-content\/uploads\/2019\/06\/rope-making-machine-6-324x270.jpg 324w\" sizes=\"auto, (max-width: 600px) 100vw, 600px\" \/><\/p> <h2>FAQ de la machine \u00e0 fabriquer des cordes<\/h2> <ol> <li>Puis-je ajuster le diam\u00e8tre du <strong>machine \u00e0 tresser les cordes<\/strong>?<\/li> <\/ol> <p>Oui, il peut \u00eatre ajust\u00e9 en changeant les diff\u00e9rentes entr\u00e9es, et le diam\u00e8tre varie de 4 \u00e0 30 mm.<\/p> <ol start=\"2\"> <li>Combien d'entr\u00e9es diff\u00e9rentes avez-vous?<\/li> <\/ol> <p>Nous avons des diam\u00e8tres de 6mm, 7mm, 7,5mm, 8mm, 9mm, 10mm, 11mm, 13mm, 15mm, 20mm, et 2,5cm. Vous pouvez choisir selon vos besoins.<\/p> <p><img loading=\"lazy\" decoding=\"async\" class=\"alignnone size-full wp-image-3919\" src=\"https:\/\/www.agriculture-machine.com\/wp-content\/uploads\/2019\/06\/rope-making-machine-7.jpg\" alt=\"\" width=\"600\" height=\"500\" srcset=\"https:\/\/www.agriculture-machine.com\/wp-content\/uploads\/2019\/06\/rope-making-machine-7.jpg 600w, https:\/\/www.agriculture-machine.com\/wp-content\/uploads\/2019\/06\/rope-making-machine-7-324x270.jpg 324w\" sizes=\"auto, (max-width: 600px) 100vw, 600px\" \/><\/p> <ol start=\"3\"> <li>Quelle est la mati\u00e8re premi\u00e8re ?<\/li> <\/ol> <p>La mati\u00e8re premi\u00e8re peut \u00eatre de la paille de bl\u00e9, de la paille de riz et d'autres herbes.<\/p> <ol start=\"4\"> <li>Combien d'entr\u00e9es la machine poss\u00e8de-t-elle?<\/li> <\/ol> <p>Il y a deux entr\u00e9es, ce qui signifie que la mati\u00e8re premi\u00e8re sera plac\u00e9e dans les deux c\u00f4t\u00e9s des entr\u00e9es.<\/p> <p>&nbsp;<\/p> <p>&nbsp;<\/p> <p>&nbsp;<\/p> <p>&nbsp;<\/p>","protected":false},"excerpt":{"rendered":"<p>Rope making machine is a good tool to braid ropes including rope plate, motor, chassis, a big wheel with a belt, and the raw material can be wheat straw, rice straw and other grasses. You can adjust the diameter of the rope by changing different inlets that looks like a trumpet. The final rope can [&hellip;]<\/p>\n","protected":false},"author":1,"featured_media":3921,"parent":0,"comment_status":"closed","ping_status":"closed","template":"","tags":[2620],"product-type":[1,919],"class_list":["post-3912","product","type-product","status-publish","has-post-thumbnail","hentry","tag-rope","product-type-other","product-type-rice-straw-rope-machine"],"_links":{"self":[{"href":"https:\/\/www.agriculture-machine.com\/fr\/wp-json\/wp\/v2\/product\/3912","targetHints":{"allow":["GET"]}}],"collection":[{"href":"https:\/\/www.agriculture-machine.com\/fr\/wp-json\/wp\/v2\/product"}],"about":[{"href":"https:\/\/www.agriculture-machine.com\/fr\/wp-json\/wp\/v2\/types\/product"}],"author":[{"embeddable":true,"href":"https:\/\/www.agriculture-machine.com\/fr\/wp-json\/wp\/v2\/users\/1"}],"replies":[{"embeddable":true,"href":"https:\/\/www.agriculture-machine.com\/fr\/wp-json\/wp\/v2\/comments?post=3912"}],"wp:featuredmedia":[{"embeddable":true,"href":"https:\/\/www.agriculture-machine.com\/fr\/wp-json\/wp\/v2\/media\/3921"}],"wp:attachment":[{"href":"https:\/\/www.agriculture-machine.com\/fr\/wp-json\/wp\/v2\/media?parent=3912"}],"wp:term":[{"taxonomy":"post_tag","embeddable":true,"href":"https:\/\/www.agriculture-machine.com\/fr\/wp-json\/wp\/v2\/tags?post=3912"},{"taxonomy":"product-type","embeddable":true,"href":"https:\/\/www.agriculture-machine.com\/fr\/wp-json\/wp\/v2\/product-type?post=3912"}],"curies":[{"name":"wp","href":"https:\/\/api.w.org\/{rel}","templated":true}]}}