{"id":4647,"date":"2019-09-06T05:48:10","date_gmt":"2019-09-05T21:48:10","guid":{"rendered":"https:\/\/www.agriculture-machine.com\/?p=4647"},"modified":"2024-09-23T11:20:42","modified_gmt":"2024-09-23T03:20:42","slug":"garri-production-line-garri-flour-making-machine","status":"publish","type":"product","link":"https:\/\/www.agriculture-machine.com\/fr\/garri-production-line-garri-flour-making-machine\/","title":{"rendered":"Ligne de production de gari \/ machine \u00e0 fabriquer la farine de gari"},"content":{"rendered":"<p class=\"translation-block\"><strong>Ligne de production de garri<\/strong> est tr\u00e8s c\u00e9l\u00e8bre sur le march\u00e9 africain, car il y a beaucoup de champs de manioc, et les gens aiment aussi en manger. La ligne de transformation du garri peut produire du garri \u00e0 partir du manioc, ce qui n\u00e9cessite un processus assez complexe. Cependant, en tant qu\u2019aliment courant en Afrique, notamment au Nigeria, un nombre croissant de commer\u00e7ants ach\u00e8tent cette ligne de production dans notre usine, et ils vendent le garri en gros apr\u00e8s transformation. Comment transformer le manioc en garri ? Je vais vous donner un aper\u00e7u rapide de ces \u00e9tapes maintenant.<\/p> <p><img loading=\"lazy\" decoding=\"async\" class=\"alignnone size-full wp-image-4661\" src=\"https:\/\/www.agriculture-machine.com\/wp-content\/uploads\/2019\/09\/cassava-production-line-13.jpg\" alt=\"\" width=\"720\" height=\"540\" srcset=\"https:\/\/www.agriculture-machine.com\/wp-content\/uploads\/2019\/09\/cassava-production-line-13.jpg 720w, https:\/\/www.agriculture-machine.com\/wp-content\/uploads\/2019\/09\/cassava-production-line-13-360x270.jpg 360w, https:\/\/www.agriculture-machine.com\/wp-content\/uploads\/2019\/09\/cassava-production-line-13-240x180.jpg 240w\" sizes=\"auto, (max-width: 720px) 100vw, 720px\" \/><\/p> <p>Pendant la ligne de production de garri, vous avez besoin d\u2019une machine d\u2019\u00e9pluchage et de lavage du manioc, d\u2019une machine de broyage du manioc, d\u2019une machine hydraulique de pressage, d\u2019une machine de mouture du manioc et d\u2019une machine de tamisage. Bien s\u00fbr, si vous souhaitez emballer le garri dans des sacs, il est n\u00e9cessaire d\u2019acheter une machine d\u2019emballage.<\/p> <p>&nbsp;<\/p> <h2>Machine de lavage et d\u2019\u00e9pluchage du manioc<\/h2> <p>Il peut enlever la boue, le sable et autres impuret\u00e9s \u00e0 la surface du manioc, et l\u2019eau doit \u00eatre propre, sans contamination. Ensuite, ils sont \u00e9pluch\u00e9s et transport\u00e9s par vis sans fin. Le taux d\u2019\u00e9pluchage est de 70%-80%.<\/p> <p><img loading=\"lazy\" decoding=\"async\" class=\"alignnone size-full wp-image-4649\" src=\"https:\/\/www.agriculture-machine.com\/wp-content\/uploads\/2019\/09\/cassava-production-line-1.jpg\" alt=\"\" width=\"720\" height=\"540\" srcset=\"https:\/\/www.agriculture-machine.com\/wp-content\/uploads\/2019\/09\/cassava-production-line-1.jpg 720w, https:\/\/www.agriculture-machine.com\/wp-content\/uploads\/2019\/09\/cassava-production-line-1-360x270.jpg 360w, https:\/\/www.agriculture-machine.com\/wp-content\/uploads\/2019\/09\/cassava-production-line-1-240x180.jpg 240w\" sizes=\"auto, (max-width: 720px) 100vw, 720px\" \/><\/p> <h2>Machine de broyage du manioc<\/h2> <p>Sous la force des rouleaux en rotation, le manioc est \u00e9cras\u00e9 en petits morceaux. Le trou de d\u00e9charge est en bas de la machine, et vous devez placer un r\u00e9cipient pour recueillir la sortie.<\/p> <p><img loading=\"lazy\" decoding=\"async\" class=\"alignnone size-full wp-image-4651\" src=\"https:\/\/www.agriculture-machine.com\/wp-content\/uploads\/2019\/09\/cassava-production-line-3.jpg\" alt=\"\" width=\"720\" height=\"540\" srcset=\"https:\/\/www.agriculture-machine.com\/wp-content\/uploads\/2019\/09\/cassava-production-line-3.jpg 720w, https:\/\/www.agriculture-machine.com\/wp-content\/uploads\/2019\/09\/cassava-production-line-3-360x270.jpg 360w, https:\/\/www.agriculture-machine.com\/wp-content\/uploads\/2019\/09\/cassava-production-line-3-240x180.jpg 240w\" sizes=\"auto, (max-width: 720px) 100vw, 720px\" \/><\/p> <h2>Machine hydraulique de pressage de manioc<\/h2> <p>Avant de commencer, vous devez placer les morceaux de manioc dans un sac, puis les mettre dans la machine. Le dispositif hydraulique peut presser compl\u00e8tement le manioc, et il y a deux sorties, l\u2019une pour l\u2019eau press\u00e9e et l\u2019autre pour la pulpe de manioc. L\u2019eau peut \u00eatre utilis\u00e9e pour extraire l\u2019amidon.<\/p> <p><img loading=\"lazy\" decoding=\"async\" class=\"alignnone size-full wp-image-4653\" src=\"https:\/\/www.agriculture-machine.com\/wp-content\/uploads\/2019\/09\/cassava-production-line-5.jpg\" alt=\"\" width=\"720\" height=\"540\" srcset=\"https:\/\/www.agriculture-machine.com\/wp-content\/uploads\/2019\/09\/cassava-production-line-5.jpg 720w, https:\/\/www.agriculture-machine.com\/wp-content\/uploads\/2019\/09\/cassava-production-line-5-360x270.jpg 360w, https:\/\/www.agriculture-machine.com\/wp-content\/uploads\/2019\/09\/cassava-production-line-5-240x180.jpg 240w\" sizes=\"auto, (max-width: 720px) 100vw, 720px\" \/><\/p> <p>L\u2019\u00e9tape suivante consiste \u00e0 faire fermenter le manioc press\u00e9 \u00e0 l\u2019air libre pendant 24 heures.<\/p> <h2>Machine de broyage de manioc<\/h2> <p>La machine de broyage sert \u00e0 r\u00e9duire la pur\u00e9e de manioc en une poudre fine de taille uniforme. La machine poss\u00e8de des marteaux qui peuvent compl\u00e8tement \u00e9craser le manioc.<\/p> <p><img loading=\"lazy\" decoding=\"async\" class=\"alignnone size-full wp-image-4655\" src=\"https:\/\/www.agriculture-machine.com\/wp-content\/uploads\/2019\/09\/cassava-production-line-7.jpg\" alt=\"\" width=\"720\" height=\"540\" srcset=\"https:\/\/www.agriculture-machine.com\/wp-content\/uploads\/2019\/09\/cassava-production-line-7.jpg 720w, https:\/\/www.agriculture-machine.com\/wp-content\/uploads\/2019\/09\/cassava-production-line-7-360x270.jpg 360w, https:\/\/www.agriculture-machine.com\/wp-content\/uploads\/2019\/09\/cassava-production-line-7-240x180.jpg 240w\" sizes=\"auto, (max-width: 720px) 100vw, 720px\" \/><\/p> <h2>Machine de friture du manioc<\/h2> <p>La friture du manioc est une \u00e9tape tr\u00e8s importante car elle permet d\u2019\u00e9liminer la substance toxique lors du chauffage. La temp\u00e9rature de chauffage est d\u2019environ 40-50 degr\u00e9s Celsius, et la dur\u00e9e de chauffage est courte. La poudre de manioc peut \u00eatre chauff\u00e9e uniform\u00e9ment gr\u00e2ce \u00e0 un agitateur en rotation.<\/p> <p><img loading=\"lazy\" decoding=\"async\" class=\"alignnone size-full wp-image-4658\" src=\"https:\/\/www.agriculture-machine.com\/wp-content\/uploads\/2019\/09\/cassava-production-line-10.jpg\" alt=\"\" width=\"720\" height=\"540\" srcset=\"https:\/\/www.agriculture-machine.com\/wp-content\/uploads\/2019\/09\/cassava-production-line-10.jpg 720w, https:\/\/www.agriculture-machine.com\/wp-content\/uploads\/2019\/09\/cassava-production-line-10-360x270.jpg 360w, https:\/\/www.agriculture-machine.com\/wp-content\/uploads\/2019\/09\/cassava-production-line-10-240x180.jpg 240w\" sizes=\"auto, (max-width: 720px) 100vw, 720px\" \/><\/p> <h2>Machine de tamisage<\/h2> <p>Elle sert \u00e0 s\u00e9parer le gros garri du fin garri car le fin garri a un meilleur go\u00fbt, et il est destin\u00e9 \u00e0 la vente sur le march\u00e9. De plus, la machine de tamisage poss\u00e8de des \u00e9crans \u00e0 trois couches, ce qui am\u00e9liore consid\u00e9rablement l\u2019efficacit\u00e9 du tamisage.<\/p> <p><img loading=\"lazy\" decoding=\"async\" class=\"alignnone size-full wp-image-4660\" src=\"https:\/\/www.agriculture-machine.com\/wp-content\/uploads\/2019\/09\/cassava-production-line-12.jpg\" alt=\"\" width=\"720\" height=\"540\" srcset=\"https:\/\/www.agriculture-machine.com\/wp-content\/uploads\/2019\/09\/cassava-production-line-12.jpg 720w, https:\/\/www.agriculture-machine.com\/wp-content\/uploads\/2019\/09\/cassava-production-line-12-360x270.jpg 360w, https:\/\/www.agriculture-machine.com\/wp-content\/uploads\/2019\/09\/cassava-production-line-12-240x180.jpg 240w\" sizes=\"auto, (max-width: 720px) 100vw, 720px\" \/><\/p> <h2>Cas de r\u00e9ussite<\/h2> <p class=\"translation-block\">Ou<strong>notre machine de transformation du garri<\/strong> est appr\u00e9ci\u00e9e par les clients nig\u00e9rians, jusqu\u2019\u00e0 pr\u00e9sent, nous avons vendu de nombreuses lignes l\u00e0-bas. En m\u00eame temps, gr\u00e2ce \u00e0 la haute qualit\u00e9 de la machine \u00e0 fabriquer la farine de manioc et au professionnalisme de nos vendeurs, les clients qui ont achet\u00e9 cette ligne de production nous recommandent \u00e0 leurs amis. Au d\u00e9but du mois d\u2019ao\u00fbt, une de nos clientes, Nancy, a recommand\u00e9 \u00e0 ses amis Victor d\u2019acheter la machine \u00e0 fabriquer la farine de manioc. Victor craignait la qualit\u00e9 du garri, alors il a d\u2019abord envoy\u00e9 un \u00e9chantillon de garri \u00e0 notre usine pour v\u00e9rifier si nous pouvions produire le garri qu\u2019il voulait. Nous lui avons \u00e9galement envoy\u00e9 un \u00e9chantillon de garri d\u00e9j\u00e0 produit pour gagner sa confiance, et il a pass\u00e9 commande imm\u00e9diatement apr\u00e8s l\u2019avoir examin\u00e9.<\/p> <p><img loading=\"lazy\" decoding=\"async\" class=\"alignnone size-full wp-image-4648\" src=\"https:\/\/www.agriculture-machine.com\/wp-content\/uploads\/2019\/09\/cassava-garri.jpg\" alt=\"\" width=\"720\" height=\"312\" srcset=\"https:\/\/www.agriculture-machine.com\/wp-content\/uploads\/2019\/09\/cassava-garri.jpg 720w, https:\/\/www.agriculture-machine.com\/wp-content\/uploads\/2019\/09\/cassava-garri-360x156.jpg 360w\" sizes=\"auto, (max-width: 720px) 100vw, 720px\" \/><\/p> <h2>FAQ<\/h2> <ol> <li>Puis-je laver et \u00e9plucher le manioc moi-m\u00eame ?<\/li> <\/ol> <p>En r\u00e9alit\u00e9, vous pouvez le faire, mais cela demande beaucoup de temps et d\u2019\u00e9nergie.<\/p> <ol start=\"2\"> <li>Y a-t-il une substance toxique apr\u00e8s le lavage et l\u2019\u00e9pluchage du manioc ?<\/li> <\/ol> <p>Oui, il reste encore une petite quantit\u00e9 de substance toxique, il est donc n\u00e9cessaire de faire frire la poudre de manioc.<\/p> <ol start=\"3\"> <li>Que dois-je faire avec le garri grossier ?<\/li> <\/ol> <p>Elle peut \u00eatre utilis\u00e9e pour nourrir les animaux.<\/p> <ol start=\"4\"> <li>Quelle est la diff\u00e9rence entre le premier broyage et le second broyage ?<\/li> <\/ol> <p>La premi\u00e8re machine de broyage sert \u00e0 r\u00e9duire le manioc en petits morceaux, mais la deuxi\u00e8me machine de broyage sert \u00e0 transformer ces petits morceaux en poudre fine.<\/p> <p>&nbsp;<\/p>","protected":false},"excerpt":{"rendered":"<p>Garri production line is very famous in the African market, for there are many garri farmlands, and people there also like to eat it. Garri processing line can produce garri from cassava, which needs a rather complicated process. However, as the common food in Africa, especially in Nigeria, a growing number of dealers purchases this [&hellip;]<\/p>\n","protected":false},"author":1,"featured_media":4661,"parent":0,"comment_status":"closed","ping_status":"closed","template":"","tags":[924,2634],"product-type":[1],"class_list":["post-4647","product","type-product","status-publish","has-post-thumbnail","hentry","tag-flour","tag-garri","product-type-other"],"_links":{"self":[{"href":"https:\/\/www.agriculture-machine.com\/fr\/wp-json\/wp\/v2\/product\/4647","targetHints":{"allow":["GET"]}}],"collection":[{"href":"https:\/\/www.agriculture-machine.com\/fr\/wp-json\/wp\/v2\/product"}],"about":[{"href":"https:\/\/www.agriculture-machine.com\/fr\/wp-json\/wp\/v2\/types\/product"}],"author":[{"embeddable":true,"href":"https:\/\/www.agriculture-machine.com\/fr\/wp-json\/wp\/v2\/users\/1"}],"replies":[{"embeddable":true,"href":"https:\/\/www.agriculture-machine.com\/fr\/wp-json\/wp\/v2\/comments?post=4647"}],"wp:featuredmedia":[{"embeddable":true,"href":"https:\/\/www.agriculture-machine.com\/fr\/wp-json\/wp\/v2\/media\/4661"}],"wp:attachment":[{"href":"https:\/\/www.agriculture-machine.com\/fr\/wp-json\/wp\/v2\/media?parent=4647"}],"wp:term":[{"taxonomy":"post_tag","embeddable":true,"href":"https:\/\/www.agriculture-machine.com\/fr\/wp-json\/wp\/v2\/tags?post=4647"},{"taxonomy":"product-type","embeddable":true,"href":"https:\/\/www.agriculture-machine.com\/fr\/wp-json\/wp\/v2\/product-type?post=4647"}],"curies":[{"name":"wp","href":"https:\/\/api.w.org\/{rel}","templated":true}]}}